{"id":42353,"date":"2023-04-13T16:37:33","date_gmt":"2023-04-13T20:37:33","guid":{"rendered":"https:\/\/www.sisinternational.com\/?page_id=42353"},"modified":"2026-01-24T18:17:39","modified_gmt":"2026-01-24T23:17:39","slug":"motel-marktforschung","status":"publish","type":"page","link":"https:\/\/www.sisinternational.com\/de\/sachverstand\/motel-marktforschung\/","title":{"rendered":"Motel-Marktforschung"},"content":{"rendered":"<h1 class=\"wp-block-heading\">Motel-Marktforschung<\/h1>\n\n\n\n<figure class=\"gb-block-image gb-block-image-709a1fa0\"><img loading=\"lazy\" decoding=\"async\" width=\"1456\" height=\"816\" class=\"gb-image gb-image-709a1fa0\" src=\"https:\/\/www.sisinternational.com\/wp-content\/uploads\/2025\/08\/Motel-4.jpg\" alt=\"SIS International Marktforschung &amp; Strategie\" title=\"Motel (4)\" srcset=\"https:\/\/www.sisinternational.com\/wp-content\/uploads\/2025\/08\/Motel-4.jpg 1456w, https:\/\/www.sisinternational.com\/wp-content\/uploads\/2025\/08\/Motel-4-300x168.jpg 300w, https:\/\/www.sisinternational.com\/wp-content\/uploads\/2025\/08\/Motel-4-1024x574.jpg 1024w, https:\/\/www.sisinternational.com\/wp-content\/uploads\/2025\/08\/Motel-4-768x430.jpg 768w, https:\/\/www.sisinternational.com\/wp-content\/uploads\/2025\/08\/Motel-4-18x10.jpg 18w\" sizes=\"auto, (max-width: 1456px) 100vw, 1456px\"><\/figure>\n\n\n\n<p><\/p>\n\n\n\n<p>Es ist kein Geheimnis, dass die Motelbranche weiterhin ein wichtiger Akteur in der Hotellerie ist und Reisenden aus aller Welt stets komfortable und g\u00fcnstige Unterk\u00fcnfte bietet.<\/p>\n\n\n\n<p>Motel-Marktforschung ist f\u00fcr Hoteliers und Investoren der Schl\u00fcssel, um detaillierte Informationen \u00fcber Kundenverhalten, Vorlieben und Erwartungen zu erhalten und fundierte Entscheidungen zu treffen. Diese Daten k\u00f6nnen verwendet werden, um ihre Angebote zu verfeinern, neue Kundengruppen anzusprechen und der Konkurrenz in der Branche einen Schritt voraus zu sein.<\/p>\n\n\n\n<h2 class=\"wp-block-heading\">Was macht die Motel-Marktforschung in der Hotelbranche einzigartig?<\/h2>\n\n\n\n<p>Motels sind in der Regel kleiner und bieten weniger Annehmlichkeiten als Hotels, bieten aber saubere, komfortable Zimmer zu einem vern\u00fcnftigen Preis. Um in diesem Marktsegment den gr\u00f6\u00dftm\u00f6glichen Erfolg zu erzielen, sind umfassende Untersuchungen erforderlich, um die Merkmale und Dienstleistungen zu ermitteln, die die G\u00e4ste am meisten ansprechen, und gleichzeitig die Kosten niedrig zu halten.<\/p>\n\n\n\n<p>With a specific target audience composed of budget-conscious tourists, pricing strategies need to be carefully crafted to remain both competitive and profitable. It is also important to determine what influences price sensitivity among <a href=\"https:\/\/www.sisinternational.com\/de\/kundenzufriedenheitsanalyse\/\" title=\"8 M\u00f6glichkeiten zur Steigerung der Kundenzufriedenheit im Einzelhandel\"  data-wpil-monitor-id=\"9899\">customers to find ways of boosting<\/a> perceived value without drastically increasing expenses.<\/p>\n\n\n\n<h2 class=\"wp-block-heading\">Bedeutung der Motelmarktforschung im Gastgewerbe<\/h2>\n\n\n\n<figure class=\"gb-block-image gb-block-image-c31f09b7\"><img loading=\"lazy\" decoding=\"async\" width=\"1456\" height=\"816\" class=\"gb-image gb-image-c31f09b7\" src=\"https:\/\/www.sisinternational.com\/wp-content\/uploads\/2025\/08\/Motel-3.jpg\" alt=\"SIS International Marktforschung &amp; Strategie\" title=\"Motel (3)\" srcset=\"https:\/\/www.sisinternational.com\/wp-content\/uploads\/2025\/08\/Motel-3.jpg 1456w, https:\/\/www.sisinternational.com\/wp-content\/uploads\/2025\/08\/Motel-3-300x168.jpg 300w, https:\/\/www.sisinternational.com\/wp-content\/uploads\/2025\/08\/Motel-3-1024x574.jpg 1024w, https:\/\/www.sisinternational.com\/wp-content\/uploads\/2025\/08\/Motel-3-768x430.jpg 768w, https:\/\/www.sisinternational.com\/wp-content\/uploads\/2025\/08\/Motel-3-18x10.jpg 18w\" sizes=\"auto, (max-width: 1456px) 100vw, 1456px\"><\/figure>\n\n\n\n<p><\/p>\n\n\n\n<p>Wenn es um den Gastgewerbesektor geht, ist die Marktforschung f\u00fcr Motels ein absolutes Muss \u2013 und das aus gutem Grund. Sie liefert unsch\u00e4tzbare Erkenntnisse, um in der sich st\u00e4ndig ver\u00e4ndernden Branchenlandschaft immer einen Schritt voraus zu sein. Hier sind noch ein paar weitere Gr\u00fcnde, warum die Durchf\u00fchrung einer gr\u00fcndlichen Marktforschung f\u00fcr Motels nicht untersch\u00e4tzt werden sollte:<\/p>\n\n\n\n<ul class=\"wp-block-list\">\n<li><strong>Ermittlung der Kundenbed\u00fcrfnisse und -pr\u00e4ferenzen:<\/strong> Motel-Marktforschung bietet Motels einen kritischen Einblick in die Bed\u00fcrfnisse und Vorlieben ihrer idealen Kunden. Mit diesem Wissen k\u00f6nnen sie ihre Dienstleistungen genau an die Kundenanforderungen anpassen, was zu gr\u00f6\u00dferer Zufriedenheit und Markentreue f\u00fchrt.<\/li>\n\n\n\n<li><strong>\u00dcberwachung von Branchentrends:<\/strong> Durch regelm\u00e4\u00dfige Marktforschung k\u00f6nnen Motels sich \u00fcber Ver\u00e4nderungen im Kundenverhalten, neue Technologien, regulatorische \u00c4nderungen und ihren Vergleich mit anderen Anbietern in diesem Bereich auf dem Laufenden halten. Mithilfe dieser Erkenntnisse k\u00f6nnen diese Organisationen ihre Strategien entsprechend anpassen und ihr Gewinnpotenzial maximieren.<\/li>\n\n\n\n<li><strong>Bewertung des Wettbewerbs:<\/strong> Durch die Marktforschung im Motelbereich k\u00f6nnen Motels das Wettbewerbsumfeld besser verstehen und m\u00f6gliche Bedrohungen durch neue Marktteilnehmer erkennen sowie Bereiche identifizieren, in denen Verbesserungen erforderlich sind.<\/li>\n\n\n\n<li><strong>Optimierung von Marketingstrategien:<\/strong> Mithilfe umfassender Motel-Marktforschung k\u00f6nnen Motels leicht die Marketingkan\u00e4le, Werbeaktivit\u00e4ten und Partnerschaften identifizieren, mit denen sie ihre Zielgruppe am ehesten erreichen. Auf diese Weise k\u00f6nnen sie ihre Ressourcen sinnvoll verteilen und einen maximalen ROI f\u00fcr jeden ausgegebenen Dollar sicherstellen.<\/li>\n\n\n\n<li><strong>Wachstumschancen erkennen:<\/strong> Motel-Marktforschung kann Unternehmen dabei helfen, neue M\u00e4rkte und spezifische Verbrauchersegmente zu erschlie\u00dfen und potenzielle Wachstumsbereiche zu identifizieren. Wenn sie diese M\u00f6glichkeiten mithilfe dieses Datenanalysetools erkennen, k\u00f6nnen Unternehmer neue Chancen nutzen, ihre Einnahmequellen diversifizieren und die Risiken verringern, die mit der ausschlie\u00dflichen Abh\u00e4ngigkeit von einem einzigen Marktplatz verbunden sind.<\/li>\n\n\n\n<li><strong>Datenbasierte Entscheidungen treffen:<\/strong> Diese Untersuchung gibt Motelbesitzern und Investoren die Gewissheit, fundierte Entscheidungen zu treffen, die Risiken reduzieren, ihre Gesch\u00e4ftsleistung verbessern und ihre Gewinne maximieren.<\/li>\n<\/ul>\n\n\n\n<h2 class=\"wp-block-heading\">Branchentrends und Einblicke<\/h2>\n\n\n\n<ul class=\"wp-block-list\">\n<li><strong>Wachstums- und Umsatzmuster:<\/strong> Touristen, Gesch\u00e4ftsreisende und preisbewusste Privatpersonen sind in den letzten Jahren immer h\u00e4ufiger unterwegs. Allerdings m\u00fcssen Schwankungen der Wirtschaftsindikatoren genau beobachtet werden, da sie das Konsumverhalten und die Reiseentscheidungen der Verbraucher drastisch beeinflussen k\u00f6nnen.<\/li>\n\n\n\n<li><strong>Verbraucherpr\u00e4ferenzen:<\/strong> Heutzutage bevorzugen Reisende bequeme und individuelle Erlebnisse. Dar\u00fcber hinaus steigt die Nachfrage nach umweltfreundlichen und nachhaltigen Unterk\u00fcnften, da sich immer mehr Menschen dar\u00fcber bewusst werden, wie sie ihren CO2-Fu\u00dfabdruck auf Reisen reduzieren k\u00f6nnen.<\/li>\n\n\n\n<li><strong>Preissensibilit\u00e4t:<\/strong> Bei Reisenden mit kleinem oder mittlerem Budget spielen die Kosten eine wichtige Rolle bei der Entscheidungsfindung. Motels m\u00fcssen daher in der Lage sein, die perfekte Balance zwischen wettbewerbsf\u00e4higen Preisen, die f\u00fcr sie noch profitabel sind, und der Bereitstellung wertvoller Dienstleistungen und Annehmlichkeiten zu finden, damit die G\u00e4ste immer wieder kommen.<\/li>\n\n\n\n<li><strong>Wettbewerbslandschaft:<\/strong> The motel industry is a highly competitive landscape, where major players are relentlessly vying to increase their <a href=\"https:\/\/www.sisinternational.com\/de\/sachverstand\/branchen\/marktforschung-zur-ridesharing-branche\/\" title=\"Marktforschung f\u00fcr Mitfahrgelegenheiten\"  data-wpil-monitor-id=\"9900\">share of the market<\/a>. Furthermore, new competitors such as boutique motels and peer-to-peer accommodation platforms present an added challenge. To stay ahead in this turbulent environment, motels must strive for excellence by crafting unique experiences complemented by exceptional service and solid branding.<\/li>\n\n\n\n<li><strong>Auswirkungen globaler Ereignisse:<\/strong> Unternehmen sind sich globaler Ereignisse bewusst, die sich auf die Motelbranche auswirken k\u00f6nnen, wie etwa Konjunkturabschw\u00fcnge, Pandemien oder geopolitische Konflikte, die Reisemuster und Verbraucherverhalten st\u00f6ren. Daher m\u00fcssen sie bereit sein, einen Notfallplan zu erstellen, um dieses Risiko zu mindern.<\/li>\n<\/ul>\n\n\n\n<h2 class=\"wp-block-heading\">Motelmarktforschung: Chancen und Herausforderungen<\/h2>\n\n\n\n<figure class=\"gb-block-image gb-block-image-490f50af\"><img loading=\"lazy\" decoding=\"async\" width=\"1456\" height=\"816\" class=\"gb-image gb-image-490f50af\" src=\"https:\/\/www.sisinternational.com\/wp-content\/uploads\/2025\/08\/Motel-6.jpg\" alt=\"SIS International Marktforschung &amp; Strategie\" title=\"Motel (6)\" srcset=\"https:\/\/www.sisinternational.com\/wp-content\/uploads\/2025\/08\/Motel-6.jpg 1456w, https:\/\/www.sisinternational.com\/wp-content\/uploads\/2025\/08\/Motel-6-300x168.jpg 300w, https:\/\/www.sisinternational.com\/wp-content\/uploads\/2025\/08\/Motel-6-1024x574.jpg 1024w, https:\/\/www.sisinternational.com\/wp-content\/uploads\/2025\/08\/Motel-6-768x430.jpg 768w, https:\/\/www.sisinternational.com\/wp-content\/uploads\/2025\/08\/Motel-6-18x10.jpg 18w\" sizes=\"auto, (max-width: 1456px) 100vw, 1456px\"><\/figure>\n\n\n\n<p><\/p>\n\n\n\n<p>Die Motelmarktforschung bietet sowohl Chancen als auch Herausforderungen f\u00fcr in der Branche t\u00e4tige Unternehmen. Das Verst\u00e4ndnis dieser Chancen und Herausforderungen ist f\u00fcr Motelbesitzer und Investoren von entscheidender Bedeutung, um fundierte Entscheidungen zu treffen und der Konkurrenz einen Schritt voraus zu sein. Hier sind einige der wichtigsten Chancen und Herausforderungen der Motelmarktforschung:<\/p>\n\n\n\n<h3 class=\"wp-block-heading\">Gelegenheiten<\/h3>\n\n\n\n<ul class=\"wp-block-list\">\n<li><strong>Expansion und Diversifizierung:<\/strong> Durch Marktforschung im Motelbereich lassen sich unerschlossene M\u00e4rkte und Nischensegmente identifizieren, sodass Unternehmen ihre Gesch\u00e4ftst\u00e4tigkeit ausweiten und ihre Einnahmequellen diversifizieren k\u00f6nnen.<\/li>\n\n\n\n<li><strong>Verbessertes Kundenerlebnis:<\/strong> Unternehmen k\u00f6nnen dadurch die Vorlieben und Erwartungen ihrer Zielgruppe verstehen und ihr Serviceangebot, ihre Ausstattung und das allgemeine Kundenerlebnis verbessern.<\/li>\n\n\n\n<li><strong>Innovation und Technologie:<\/strong> Marktforschung f\u00fcr Motels kann bei der Erkennung neuer Trends und technologischer Fortschritte helfen und Motels die M\u00f6glichkeit bieten, neue Technologien einzuf\u00fchren und ihre Dienstleistungen, Betriebsabl\u00e4ufe und Marketingstrategien zu erneuern.<\/li>\n\n\n\n<li><a href=\"https:\/\/www.sisinternational.com\/de\/loyalitatsmarketing\/\" title=\"Loyalit\u00e4tsmarktforschung\"  data-wpil-monitor-id=\"2013\">Brand awareness and loyalty: Effective market research<\/a> can help identify and develop a unique brand identity that resonates with customers, leading to increased brand awareness, customer loyalty, and repeat business.<\/li>\n<\/ul>\n\n\n\n<h3 class=\"wp-block-heading\">Herausforderungen<\/h3>\n\n\n\n<ul class=\"wp-block-list\">\n<li><strong>Budgetbeschr\u00e4nkungen:<\/strong> Conducting thorough <a href=\"https:\/\/www.sisinternational.com\/de\/sachverstand\/branchen\/marktforschung-zu-naturlichen-ressourcen\/\" title=\"Marktforschung f\u00fcr nat\u00fcrliche Ressourcen\"  data-wpil-monitor-id=\"9897\">market research requires significant financial resources<\/a>, making it challenging for smaller motels or those with limited budgets to keep up with larger players in the industry.<\/li>\n\n\n\n<li><strong>Datenqualit\u00e4t und -genauigkeit:<\/strong> Obtaining reliable and accurate data is essential for <a href=\"https:\/\/www.sisinternational.com\/de\/how-to-conduct-effective-quantitative-market-research\/\" title=\"How to Conduct Effective Quantitative Market Research\"  data-wpil-monitor-id=\"9895\">effective market research<\/a>. However, challenges such as biased samples, limited response rates, or inaccurate <a href=\"https:\/\/www.sisinternational.com\/de\/sachverstand\/branchen\/datenerhebung-marktforschung\/\" title=\"Datenerhebung Marktforschung\"  data-wpil-monitor-id=\"9898\">data collection<\/a> methods can compromise the quality and accuracy of the research results.<\/li>\n\n\n\n<li><strong>Wettbewerbslandschaft:<\/strong> Die Motelbranche ist hart umk\u00e4mpft, viele Unternehmen wetteifern um Marktanteile. Um Chancen zu erkennen und der Konkurrenz einen Schritt voraus zu sein, m\u00fcssen Sie das Marktumfeld st\u00e4ndig beobachten, mit Branchentrends Schritt halten und einzigartige Strategien entwickeln, um das Motel effektiv zu differenzieren und zu positionieren.<\/li>\n\n\n\n<li><strong>Externe Faktoren:<\/strong> Externe Faktoren wie die wirtschaftliche Lage, Naturkatastrophen, Pandemien oder geopolitische Ereignisse k\u00f6nnen die Reisenachfrage und das Verbraucherverhalten erheblich beeinflussen, sodass eine genaue Prognose der Marktbedingungen schwierig ist.<\/li>\n<\/ul>\n\n\n\n<h2 class=\"wp-block-heading\">Motelmarktforschung: Aussichten und Prognosen<\/h2>\n\n\n\n<figure class=\"gb-block-image gb-block-image-3b8bfd50\"><img loading=\"lazy\" decoding=\"async\" width=\"1456\" height=\"816\" class=\"gb-image gb-image-3b8bfd50\" src=\"https:\/\/www.sisinternational.com\/wp-content\/uploads\/2025\/08\/Motel-2.jpg\" alt=\"SIS International Marktforschung &amp; Strategie\" title=\"Motel (2)\" srcset=\"https:\/\/www.sisinternational.com\/wp-content\/uploads\/2025\/08\/Motel-2.jpg 1456w, https:\/\/www.sisinternational.com\/wp-content\/uploads\/2025\/08\/Motel-2-300x168.jpg 300w, https:\/\/www.sisinternational.com\/wp-content\/uploads\/2025\/08\/Motel-2-1024x574.jpg 1024w, https:\/\/www.sisinternational.com\/wp-content\/uploads\/2025\/08\/Motel-2-768x430.jpg 768w, https:\/\/www.sisinternational.com\/wp-content\/uploads\/2025\/08\/Motel-2-18x10.jpg 18w\" sizes=\"auto, (max-width: 1456px) 100vw, 1456px\"><\/figure>\n\n\n\n<ul class=\"wp-block-list\">\n<li><strong>Kontinuierliches Wachstum:<\/strong> Der inl\u00e4ndische und internationale Tourismus wird voraussichtlich zusammen mit der Urbanisierung und einer wachsenden Weltwirtschaft zunehmen. Folglich wird dies in den kommenden Jahren zu einem anhaltenden Wachstum der Motelbranche f\u00fchren.<\/li>\n\n\n\n<li><strong>Schwerpunkt Technik:<\/strong> Um das G\u00e4steerlebnis zu verbessern und gleichzeitig die Kosten f\u00fcr manuelle Arbeit zu senken, werden bereits intelligente Ger\u00e4te und Automatisierungstools eingesetzt.<\/li>\n\n\n\n<li><strong>Nachhaltigkeit und Umweltbewusstsein:<\/strong> Motelbetriebe werden sich ihrer Umweltauswirkungen zunehmend bewusst und haben begonnen, nachhaltigere Verfahren anzuwenden, um ihren CO2-Fu\u00dfabdruck zu verringern. Motelmarktstudien zeigen, dass dieser Trend immer mehr an Fahrt gewinnt.<\/li>\n\n\n\n<li><strong>Personalisierung und Anpassung:<\/strong> Da sich die Welt in Richtung einer Erlebniswirtschaft entwickelt, legen Reisende immer mehr Wert auf ma\u00dfgeschneiderte und personalisierte Erlebnisse. Dieser Trend wird sich voraussichtlich fortsetzen, da Kunden nach Unterk\u00fcnften suchen, die ihren spezifischen W\u00fcnschen und Anforderungen entsprechen.<\/li>\n\n\n\n<li><strong>Alternative Unterk\u00fcnfte:<\/strong> Peer-to-Peer-Unterkunftsdienste wie Airbnb haben das Hotel- und Gastst\u00e4ttengewerbe revolutioniert \u2013 und Motels m\u00fcssen sich anpassen, indem sie einzigartige Vorteile und Erlebnisse sowie spezialisierte Angebote bieten.<\/li>\n\n\n\n<li><strong><a class=\"wpil_keyword_link\" href=\"https:\/\/www.sisinternational.com\/de\/losungen\/branding-und-kundenforschungslosungen\/was-ist-influencer-marketing\/\"   title=\"Was ist Influencer-Marketing? Social-Media-Marketing?\" data-wpil-keyword-link=\"linked\"  data-wpil-monitor-id=\"697\">Influencer marketing<\/a> and social media:<\/strong> Durch die zunehmende Verbreitung von Social Media und Influencer-Marketing k\u00f6nnen Motels von einer gr\u00f6\u00dferen Markenbekanntheit und dem Zugang zu neuen Zielgruppen profitieren.<\/li>\n<\/ul>\n\n\n\n<p><a href=\"https:\/\/www.sisinternational.com\/de\/sis-stellt-plattform-fur-datenwissenschaft-und-quantitative-analyse-vor\/\" title=\"SIS stellt Plattform f\u00fcr Data Science und quantitative Analytik vor\"  data-wpil-monitor-id=\"9893\">SIS International offers Quantitative<\/a>, Qualitative, and Strategy Research. We provide data, tools, strategies, reports, and insights for decision-making. We conduct interviews, surveys, focus groups, and many other <a href=\"https:\/\/www.sisinternational.com\/de\/quantitative-market-research-methods-and-techniques\/\" title=\"Quantitative Market Research Methods and Techniques\"  data-wpil-monitor-id=\"9894\">Market Research methods<\/a> and approaches. Contact us for your <a href=\"https:\/\/www.sisinternational.com\/de\/sachverstand\/branchen\/marktforschung-zu-technologien-der-nachsten-generation\/\" title=\"Marktforschung zu Technologien der n\u00e4chsten Generation\"  data-wpil-monitor-id=\"9896\">next Market Research<\/a> Projekt.<\/p>","protected":false},"excerpt":{"rendered":"<p>Mithilfe der Motelmarktforschung k\u00f6nnen Hoteliers und Investoren spezifische Informationen zum Verhalten, den Vorlieben und Erwartungen der Kunden erhalten.<\/p>","protected":false},"author":1,"featured_media":63979,"parent":14514,"menu_order":250,"comment_status":"closed","ping_status":"closed","template":"","meta":{"footnotes":""},"class_list":["post-42353","page","type-page","status-publish","has-post-thumbnail"],"_links":{"self":[{"href":"https:\/\/www.sisinternational.com\/de\/wp-json\/wp\/v2\/pages\/42353","targetHints":{"allow":["GET"]}}],"collection":[{"href":"https:\/\/www.sisinternational.com\/de\/wp-json\/wp\/v2\/pages"}],"about":[{"href":"https:\/\/www.sisinternational.com\/de\/wp-json\/wp\/v2\/types\/page"}],"author":[{"embeddable":true,"href":"https:\/\/www.sisinternational.com\/de\/wp-json\/wp\/v2\/users\/1"}],"replies":[{"embeddable":true,"href":"https:\/\/www.sisinternational.com\/de\/wp-json\/wp\/v2\/comments?post=42353"}],"version-history":[{"count":6,"href":"https:\/\/www.sisinternational.com\/de\/wp-json\/wp\/v2\/pages\/42353\/revisions"}],"predecessor-version":[{"id":81642,"href":"https:\/\/www.sisinternational.com\/de\/wp-json\/wp\/v2\/pages\/42353\/revisions\/81642"}],"up":[{"embeddable":true,"href":"https:\/\/www.sisinternational.com\/de\/wp-json\/wp\/v2\/pages\/14514"}],"wp:featuredmedia":[{"embeddable":true,"href":"https:\/\/www.sisinternational.com\/de\/wp-json\/wp\/v2\/media\/63979"}],"wp:attachment":[{"href":"https:\/\/www.sisinternational.com\/de\/wp-json\/wp\/v2\/media?parent=42353"}],"curies":[{"name":"wp","href":"https:\/\/api.w.org\/{rel}","templated":true}]}}