{"id":42350,"date":"2023-04-13T16:00:35","date_gmt":"2023-04-13T20:00:35","guid":{"rendered":"https:\/\/www.sisinternational.com\/?page_id=42350"},"modified":"2026-03-12T12:42:15","modified_gmt":"2026-03-12T16:42:15","slug":"marktforschung-fur-medizinische-gerate","status":"publish","type":"page","link":"https:\/\/www.sisinternational.com\/de\/losungen\/marktforschung-im-gesundheitswesen-2\/marktforschung-fur-medizinische-gerate\/","title":{"rendered":"Marktforschung f\u00fcr medizinische Ger\u00e4te"},"content":{"rendered":"<h1 class=\"wp-block-heading\">Marktforschung f\u00fcr medizinische Ger\u00e4te<\/h1>\n\n\n\n<figure class=\"gb-block-image gb-block-image-a6e5b83f\"><img loading=\"lazy\" decoding=\"async\" width=\"1456\" height=\"816\" class=\"gb-image gb-image-a6e5b83f\" src=\"https:\/\/www.sisinternational.com\/wp-content\/uploads\/2025\/08\/Medical-dewvice-2.jpg\" alt=\"SIS International Marktforschung &amp; Strategie\" title=\"Medical dewvice (2)\" srcset=\"https:\/\/www.sisinternational.com\/wp-content\/uploads\/2025\/08\/Medical-dewvice-2.jpg 1456w, https:\/\/www.sisinternational.com\/wp-content\/uploads\/2025\/08\/Medical-dewvice-2-300x168.jpg 300w, https:\/\/www.sisinternational.com\/wp-content\/uploads\/2025\/08\/Medical-dewvice-2-1024x574.jpg 1024w, https:\/\/www.sisinternational.com\/wp-content\/uploads\/2025\/08\/Medical-dewvice-2-768x430.jpg 768w, https:\/\/www.sisinternational.com\/wp-content\/uploads\/2025\/08\/Medical-dewvice-2-18x10.jpg 18w\" sizes=\"auto, (max-width: 1456px) 100vw, 1456px\"><\/figure>\n\n\n\n<p><\/p>\n\n\n\n<p>Medizinische Ger\u00e4te sind Instrumente, Maschinen, Apparate, Implantate oder \u00e4hnliche Artikel. Sie werden verwendet, um Krankheiten oder andere medizinische Beschwerden zu diagnostizieren, zu behandeln oder vorzubeugen. Zu diesen Ger\u00e4ten geh\u00f6ren einfache Werkzeuge wie Thermometer und Blutdruckmessger\u00e4te. Es k\u00f6nnen aber auch komplexe Ger\u00e4te wie MRT-Ger\u00e4te und Herzschrittmacher sein.<\/p>\n\n\n\n<p>Medizinische Fachkr\u00e4fte verwenden medizinische Ger\u00e4te in den unterschiedlichsten Umgebungen. Sie kommen in Krankenh\u00e4usern, Kliniken, Arztpraxen und sogar zu Hause bei Patienten vor. Sie werden von verschiedenen Regierungsbeh\u00f6rden reguliert. In den USA beispielsweise sorgt die Food and Drug Administration (FDA) f\u00fcr deren Sicherheit. Sie sorgt auch daf\u00fcr, dass sie f\u00fcr den vorgesehenen Verwendungszweck geeignet sind.<\/p>\n\n\n\n<h3 class=\"wp-block-heading\">Beispiele f\u00fcr medizinische Ger\u00e4te sind:<\/h3>\n\n\n\n<ul class=\"wp-block-list\">\n<li>Chirurgische Instrumente wie Zangen, Skalpelle und Retraktoren<\/li>\n\n\n\n<li>Diagnoseger\u00e4te wie R\u00f6ntgenger\u00e4te, Ultraschallger\u00e4te und CT-Scanner<\/li>\n\n\n\n<li>Implantate wie Herzschrittmacher, k\u00fcnstliche Gelenke und Intrauterinpessare (IUPs)<\/li>\n\n\n\n<li>Prothesen wie H\u00f6rger\u00e4te und k\u00fcnstliche Gliedma\u00dfen<\/li>\n\n\n\n<li>\u00dcberwachungsger\u00e4te, zum Beispiel Blutzuckermessger\u00e4te und Herzfrequenzmesser<\/li>\n\n\n\n<li>Therapeutische Ger\u00e4te wie Dialyseger\u00e4te und Vernebler<\/li>\n<\/ul>\n\n\n\n<p>Medizinische Ger\u00e4te spielen in der modernen Medizin eine entscheidende Rolle. Ihre Entwicklung und Nutzung bringen den Bereich der Gesundheitsf\u00fcrsorge kontinuierlich voran.<\/p>\n\n\n\n<h2 class=\"wp-block-heading\">Warum sind medizinische Ger\u00e4te wichtig?<\/h2>\n\n\n\n<p>Medizinische Ger\u00e4te sind aus mehreren Gr\u00fcnden unverzichtbar. Angeh\u00f6rige der Gesundheitsberufe verwenden medizinische Ger\u00e4te zur Diagnose von Krankheiten und Beschwerden. Beispiele sind R\u00f6ntgenger\u00e4te, CT-Scanner und Blutzuckermessger\u00e4te.<\/p>\n\n\n\n<p>Sie verwenden auch medizinische Ger\u00e4te zur Behandlung von Krankheiten und Beschwerden. Zu diesen Ger\u00e4ten geh\u00f6ren Herzschrittmacher, Insulinpumpen und Vernebler.<\/p>\n\n\n\n<p>Ein weiterer Einsatzbereich medizinischer Ger\u00e4te ist die \u00dcberpr\u00fcfung der Vitalfunktionen und des Gesundheitszustands von Patienten. Zu dieser Ger\u00e4tekategorie geh\u00f6ren Herzfrequenzmessger\u00e4te, Blutdruckmessger\u00e4te und Pulsoximeter.<\/p>\n\n\n\n<p>Medizinische Ger\u00e4te haben die Behandlungsergebnisse verbessert. Sie haben beispielsweise die Sterberate gesenkt und zu k\u00fcrzeren Krankenhausaufenthalten gef\u00fchrt. Au\u00dferdem haben sie die Lebensqualit\u00e4t der Patienten verbessert. Ger\u00e4te kommen sowohl dem Patienten als auch dem Gesundheitsdienstleister zugute. Sie f\u00fchren zu geringeren Kosten und einer h\u00f6heren Patientenzufriedenheit.<\/p>\n\n\n\n<p>Medizinische Ger\u00e4te spielen in der Pr\u00e4zisionsmedizin eine entscheidende Rolle. Bei dieser Art der Medizin wird die medizinische Behandlung individuell auf den Patienten zugeschnitten. Die Behandlung basiert auf der individuellen genetischen Ausstattung, der Krankengeschichte und anderen Faktoren.<\/p>\n\n\n\n<p>Die Entwicklung medizinischer Ger\u00e4te hat zu Fortschritten in der Medizintechnik gef\u00fchrt. Diese Fortschritte haben den Bereich der Gesundheitsf\u00fcrsorge ver\u00e4ndert und die Patientenversorgung verbessert.<\/p>\n\n\n\n<h2 class=\"wp-block-heading\">Wichtige Berufsbezeichnungen<\/h2>\n\n\n\n<h3 class=\"wp-block-heading\">Hier sind einige wichtige Berufsbezeichnungen in der Medizinger\u00e4tebranche:<\/h3>\n\n\n\n<figure class=\"gb-block-image gb-block-image-d4ade8f8\"><img loading=\"lazy\" decoding=\"async\" width=\"1456\" height=\"816\" class=\"gb-image gb-image-d4ade8f8\" src=\"https:\/\/www.sisinternational.com\/wp-content\/uploads\/2025\/08\/Medical-dewvice-4.jpg\" alt=\"SIS International Marktforschung &amp; Strategie\" title=\"Medical dewvice (4)\" srcset=\"https:\/\/www.sisinternational.com\/wp-content\/uploads\/2025\/08\/Medical-dewvice-4.jpg 1456w, https:\/\/www.sisinternational.com\/wp-content\/uploads\/2025\/08\/Medical-dewvice-4-300x168.jpg 300w, https:\/\/www.sisinternational.com\/wp-content\/uploads\/2025\/08\/Medical-dewvice-4-1024x574.jpg 1024w, https:\/\/www.sisinternational.com\/wp-content\/uploads\/2025\/08\/Medical-dewvice-4-768x430.jpg 768w, https:\/\/www.sisinternational.com\/wp-content\/uploads\/2025\/08\/Medical-dewvice-4-18x10.jpg 18w\" sizes=\"auto, (max-width: 1456px) 100vw, 1456px\"><\/figure>\n\n\n\n<ul class=\"wp-block-list\">\n<li>Ingenieur\/Designer f\u00fcr medizinische Ger\u00e4te. Verantwortlich f\u00fcr das Design und die Entwicklung medizinischer Ger\u00e4te wie Implantate oder Diagnoseger\u00e4te. Sie arbeiten mit einem Team von Fachleuten zusammen, darunter Forscher, Ingenieure und Kliniker.<\/li>\n\n\n\n<li>Regulatory Affairs Manager. Stellt sicher, dass die Ger\u00e4te den Vorschriften, Richtlinien und Gesetzen der Verkaufsl\u00e4nder entsprechen. Diese Position umfasst die Verwaltung von Produktregistrierungen, Kennzeichnungsanforderungen und Genehmigungen f\u00fcr klinische Studien.<\/li>\n\n\n\n<li>Qualit\u00e4tssicherungsmanager. Sicherstellen, dass die Herstellung, Pr\u00fcfung und Verteilung von Medizinprodukten den gesetzlichen Standards entspricht. Sie m\u00fcssen sich auch an Branchenrichtlinien und interne Qualit\u00e4tsmanagementsysteme halten.<\/li>\n\n\n\n<li>Mitarbeiter f\u00fcr klinische Forschung. Koordinieren und verwalten Sie klinische Studien f\u00fcr medizinische Ger\u00e4te. Dieser Mitarbeiter arbeitet mit medizinischem Fachpersonal und Patienten zusammen. Er stellt sicher, dass Studienprotokolle eingehalten und genaue Daten erfasst werden.<\/li>\n\n\n\n<li>Vertriebsmitarbeiter. Verantwortlich f\u00fcr die Vermarktung und den Verkauf medizinischer Ger\u00e4te an Gesundheitsdienstleister. Sie verkaufen sie beispielsweise an Krankenh\u00e4user, Kliniken und Arztpraxen. Vertriebsmitarbeiter m\u00fcssen h\u00e4ufig \u00fcber umfassende Produktkenntnisse verf\u00fcgen. Sie m\u00fcssen au\u00dferdem in der Lage sein, Beziehungen zu wichtigen Entscheidungstr\u00e4gern aufzubauen.<\/li>\n\n\n\n<li>Biomedizinischer Ingenieur. Verantwortlich f\u00fcr das Design und die Entwicklung medizinischer Ger\u00e4te. Dieser Ingenieur analysiert und l\u00f6st auch Probleme im Zusammenhang mit medizinischen Ger\u00e4ten und Systemen. Biomedizinische Ingenieure k\u00f6nnen auch an der Entwicklung k\u00fcnstlicher Organe oder Prothesen arbeiten.<\/li>\n\n\n\n<li>Technischer Redakteur. Verantwortlich f\u00fcr die Erstellung von Benutzerhandb\u00fcchern und Produktdokumentationen. Dieser Redakteur muss auch andere technische Materialien zu medizinischen Ger\u00e4ten erstellen. Technische Redakteure m\u00fcssen \u00fcber fundierte Kenntnisse der medizinischen Terminologie verf\u00fcgen. Sie m\u00fcssen au\u00dferdem in der Lage sein, komplexe technische Informationen in eine leicht verst\u00e4ndliche Sprache zu \u00fcbersetzen.<\/li>\n<\/ul>\n\n\n\n<h2 class=\"wp-block-heading\">Warum brauchen Unternehmen medizinische Ger\u00e4te?<\/h2>\n\n\n\n<p>Unternehmen, insbesondere im Gesundheitswesen, ben\u00f6tigen medizinische Ger\u00e4te aus mehreren Gr\u00fcnden. Sie verwenden diese Ger\u00e4te zur Diagnose und Behandlung von Erkrankungen. Diagnose und Behandlung sind entscheidende Komponenten des Gesundheitswesens. Ger\u00e4te erm\u00f6glichen Patienten ein umfassenderes Spektrum an Diagnose- und Behandlungsm\u00f6glichkeiten.<\/p>\n\n\n\n<p>In der heutigen Gesundheitsbranche m\u00fcssen Unternehmen wettbewerbsf\u00e4hig bleiben. Der Zugang zu den neuesten medizinischen Ger\u00e4ten und Technologien verschafft Unternehmen einen Wettbewerbsvorteil. Er erm\u00f6glicht es ihnen, Patienten zu gewinnen und zu halten. Er hilft ihnen auch, mit anderen Anbietern in der Branche zu konkurrieren.<\/p>\n\n\n\n<p>Medizinische Ger\u00e4te unterliegen beh\u00f6rdlichen Vorschriften, wie denen der FDA. Unternehmen k\u00f6nnen Strafen vermeiden, indem sie sicherstellen, dass ihre medizinischen Ger\u00e4te diese Vorschriften einhalten. Sie k\u00f6nnen auch sicherstellen, dass ihre Ger\u00e4te f\u00fcr den vorgesehenen Einsatzzweck sicher und wirksam sind.<\/p>\n\n\n\n<h2 class=\"wp-block-heading\">Schl\u00fcsselfaktoren f\u00fcr den Erfolg<\/h2>\n\n\n\n<p>Die Medizintechnikbranche ist hart umk\u00e4mpft. Mehrere Faktoren tragen zum Erfolg der in dieser Branche t\u00e4tigen Unternehmen bei. Hier sind einige der wichtigsten Erfolgsfaktoren:<\/p>\n\n\n\n<p>Innovation is a critical success factor in the medical device industry. Medical devices are evolving, and researchers are developing new technology. Businesses should invest in obtaining <a href=\"https:\/\/www.sisinternational.com\/de\/sachverstand\/branchen\/medizintechnik-medtech-marktforschung\/\" title=\"Marktforschung f\u00fcr Medizintechnik (Med Tech)\"  data-wpil-monitor-id=\"4163\">Marktforschung f\u00fcr medizinische Ger\u00e4te<\/a> and learning about the development of medical devices. In that way, they can stay at the forefront of the industry. The needs of patients and healthcare providers are also ever-evolving. Businesses must develop new products to meet these needs and have a better chance of success.<\/p>\n\n\n\n<p>Unternehmen, die in Forschung und Entwicklung investieren und innovative Produkte auf den Markt bringen, haben einen erheblichen Vorteil gegen\u00fcber ihren Mitbewerbern. Haben Sie Ideen f\u00fcr neue, verbesserte medizinische Ger\u00e4te, die wirksamer, sicherer und einfacher zu verwenden sind? Sie k\u00f6nnen Ihrem Unternehmen helfen, Marktanteile zu gewinnen und Umsatz zu erzielen.<\/p>\n\n\n\n<p>Wie bereits erw\u00e4hnt, ist die Einhaltung gesetzlicher Vorschriften von entscheidender Bedeutung. Die Einhaltung gesetzlicher Standards verschafft Unternehmen einen erheblichen Wettbewerbsvorteil. Die Einhaltung von Vorschriften kann auch dazu beitragen, Vertrauen aufzubauen. Sie verbessert die Glaubw\u00fcrdigkeit gegen\u00fcber Kunden und Aufsichtsbeh\u00f6rden.<\/p>\n\n\n\n<p>Qualit\u00e4t ist ein entscheidender Erfolgsfaktor in der Medizintechnikbranche. Unternehmen, die zuverl\u00e4ssige, langlebige und sichere Ger\u00e4te herstellen, verschaffen sich einen Wettbewerbsvorteil. Die Konzentration auf Qualit\u00e4t kann auch dazu beitragen, die Kundentreue und den Ruf der Marke zu st\u00e4rken.<\/p>\n\n\n\n<p>Kostenkontrolle ist ein weiterer entscheidender Erfolgsfaktor in der Medizintechnikbranche. Unternehmen, die zu geringeren Kosten produzieren, k\u00f6nnen sich einen Wettbewerbsvorteil verschaffen. Kostenkontrolle erfordert effiziente Herstellungsprozesse, effektives Supply Chain Management und sorgf\u00e4ltiges Kostenmanagement.<\/p>\n\n\n\n<p>Kundenorientierung ist in der Medizintechnikbranche von entscheidender Bedeutung. Unternehmen m\u00fcssen die Bed\u00fcrfnisse ihrer Kunden verstehen. Diejenigen, die Produkte entwickeln, die diese Bed\u00fcrfnisse erf\u00fcllen, haben einen erheblichen Vorteil. Kundenorientierung erfordert ein tiefes Verst\u00e4ndnis der Gesundheitsbranche. Sie m\u00fcssen mit Gesundheitsdienstleistern zusammenarbeiten, um Produkte zu entwickeln, die ihren Bed\u00fcrfnissen entsprechen.<\/p>\n\n\n\n<p>Vertrieb und Marketing sind entscheidende Erfolgsfaktoren in der Medizintechnikbranche. Unternehmen mit effektiven Vertriebsnetzen und Marketingstrategien k\u00f6nnen mehr Kunden erreichen. Auf diese Weise k\u00f6nnen sie sich einen Wettbewerbsvorteil verschaffen. Dieser Erfolgsfaktor erfordert ein Verst\u00e4ndnis der Gesundheitsbranche, der Kundenbed\u00fcrfnisse und effektiver Marketingstrategien.<\/p>\n\n\n\n<h2 class=\"wp-block-heading\">\u00dcber Medical Devices Market Research<\/h2>\n\n\n\n<figure class=\"gb-block-image gb-block-image-0c0f8108\"><img loading=\"lazy\" decoding=\"async\" width=\"1456\" height=\"816\" class=\"gb-image gb-image-0c0f8108\" src=\"https:\/\/www.sisinternational.com\/wp-content\/uploads\/2025\/08\/Medical-dewvice-5.jpg\" alt=\"SIS International Marktforschung &amp; Strategie\" title=\"Medical dewvice (5)\" srcset=\"https:\/\/www.sisinternational.com\/wp-content\/uploads\/2025\/08\/Medical-dewvice-5.jpg 1456w, https:\/\/www.sisinternational.com\/wp-content\/uploads\/2025\/08\/Medical-dewvice-5-300x168.jpg 300w, https:\/\/www.sisinternational.com\/wp-content\/uploads\/2025\/08\/Medical-dewvice-5-1024x574.jpg 1024w, https:\/\/www.sisinternational.com\/wp-content\/uploads\/2025\/08\/Medical-dewvice-5-768x430.jpg 768w, https:\/\/www.sisinternational.com\/wp-content\/uploads\/2025\/08\/Medical-dewvice-5-18x10.jpg 18w\" sizes=\"auto, (max-width: 1456px) 100vw, 1456px\"><\/figure>\n\n\n\n<p><\/p>\n\n\n\n<p>Developing and marketing new medical devices is often complex and risky. Conducting Quantitative and <a class=\"wpil_keyword_link\" href=\"https:\/\/www.sisinternational.com\/de\/losungen\/qualitative-quantitative-forschungslosungen\/\"   title=\"Qualitative &amp; Quantitative Forschungsl\u00f6sungen\" data-wpil-keyword-link=\"linked\"  data-wpil-monitor-id=\"373\">Qualitative Marktforschung<\/a> can reduce this risk. It can also ensure a successful product launch. UX Market Research is also valuable as it helps you understand the needs of all device users. It gives you the perspective of both the caregiver and the patient.<\/p>\n\n\n\n<p>Bei der Marktforschung f\u00fcr medizinische Ger\u00e4te ist es wichtig, eines zu bedenken: Verschiedene Forschungsfragen eignen sich am besten f\u00fcr verschiedene Zielgruppen. Deshalb ist es so wichtig, einen Marktforschungsanbieter wie SIS International zu haben. Lassen Sie uns Ihre Fokusgruppen organisieren und Ihre Umfragen und Interviews durchf\u00fchren. Ein weiterer Teil Ihrer strategischen Marktforschung w\u00e4re der Besuch eines Krankenhauses oder einer Klinik. Der Zweck des Besuchs besteht darin, das verwendete Ger\u00e4t zu beobachten. Oder Sie k\u00f6nnen eine kurze Wettbewerbsanalyse durchf\u00fchren, indem Sie das Ger\u00e4t eines Konkurrenten im Einsatz beobachten.<\/p>\n\n\n\n<p><a href=\"https:\/\/www.sisinternational.com\/de\/sachverstand\/branchen\/kultiviertes-fleisch-zellbasiertes-fleisch-marktforschung\/\" title=\"Marktforschung f\u00fcr kultiviertes Fleisch (zellbasiertes Fleisch)\"  data-wpil-monitor-id=\"3176\">Markteintrittsforschung<\/a> should also form part of your Go-to-Market Strategy. So should <a class=\"wpil_keyword_link\" href=\"https:\/\/www.sisinternational.com\/de\/losungen\/strategieberatung\/marktchancenforschung\/\"   title=\"Marktchancenforschung\" data-wpil-keyword-link=\"linked\"  data-wpil-monitor-id=\"698\">Marktchancenforschung<\/a> and Market Sizing Research. SIS International offers all these research types and much more. Contact us today for a consultation.<\/p>","protected":false},"excerpt":{"rendered":"<p>Angeh\u00f6rige der Gesundheitsberufe verwenden medizinische Ger\u00e4te in vielen Umgebungen. Sie finden sich in Krankenh\u00e4usern, Kliniken, Arztpraxen und sogar im Zuhause eines Patienten.<\/p>","protected":false},"author":1,"featured_media":63845,"parent":11294,"menu_order":249,"comment_status":"closed","ping_status":"closed","template":"","meta":{"footnotes":""},"class_list":["post-42350","page","type-page","status-publish","has-post-thumbnail"],"_links":{"self":[{"href":"https:\/\/www.sisinternational.com\/de\/wp-json\/wp\/v2\/pages\/42350","targetHints":{"allow":["GET"]}}],"collection":[{"href":"https:\/\/www.sisinternational.com\/de\/wp-json\/wp\/v2\/pages"}],"about":[{"href":"https:\/\/www.sisinternational.com\/de\/wp-json\/wp\/v2\/types\/page"}],"author":[{"embeddable":true,"href":"https:\/\/www.sisinternational.com\/de\/wp-json\/wp\/v2\/users\/1"}],"replies":[{"embeddable":true,"href":"https:\/\/www.sisinternational.com\/de\/wp-json\/wp\/v2\/comments?post=42350"}],"version-history":[{"count":7,"href":"https:\/\/www.sisinternational.com\/de\/wp-json\/wp\/v2\/pages\/42350\/revisions"}],"predecessor-version":[{"id":78272,"href":"https:\/\/www.sisinternational.com\/de\/wp-json\/wp\/v2\/pages\/42350\/revisions\/78272"}],"up":[{"embeddable":true,"href":"https:\/\/www.sisinternational.com\/de\/wp-json\/wp\/v2\/pages\/11294"}],"wp:featuredmedia":[{"embeddable":true,"href":"https:\/\/www.sisinternational.com\/de\/wp-json\/wp\/v2\/media\/63845"}],"wp:attachment":[{"href":"https:\/\/www.sisinternational.com\/de\/wp-json\/wp\/v2\/media?parent=42350"}],"curies":[{"name":"wp","href":"https:\/\/api.w.org\/{rel}","templated":true}]}}