{"id":42344,"date":"2023-04-13T14:55:55","date_gmt":"2023-04-13T18:55:55","guid":{"rendered":"https:\/\/www.sisinternational.com\/?page_id=42344"},"modified":"2026-01-25T18:43:54","modified_gmt":"2026-01-25T23:43:54","slug":"lng-marktforschung","status":"publish","type":"page","link":"https:\/\/www.sisinternational.com\/de\/sachverstand\/lng-marktforschung\/","title":{"rendered":"LNG-Marktforschung"},"content":{"rendered":"<h1 class=\"wp-block-heading\">LNG-Marktforschung<\/h1>\n\n\n\n<figure class=\"gb-block-image gb-block-image-64abfde8\"><img loading=\"lazy\" decoding=\"async\" width=\"1456\" height=\"816\" class=\"gb-image gb-image-64abfde8\" src=\"https:\/\/www.sisinternational.com\/wp-content\/uploads\/2025\/08\/LNG-3.jpg\" alt=\"SIS International Marktforschung &amp; Strategie\" title=\"LNG (3)\" srcset=\"https:\/\/www.sisinternational.com\/wp-content\/uploads\/2025\/08\/LNG-3.jpg 1456w, https:\/\/www.sisinternational.com\/wp-content\/uploads\/2025\/08\/LNG-3-300x168.jpg 300w, https:\/\/www.sisinternational.com\/wp-content\/uploads\/2025\/08\/LNG-3-1024x574.jpg 1024w, https:\/\/www.sisinternational.com\/wp-content\/uploads\/2025\/08\/LNG-3-768x430.jpg 768w, https:\/\/www.sisinternational.com\/wp-content\/uploads\/2025\/08\/LNG-3-18x10.jpg 18w\" sizes=\"auto, (max-width: 1456px) 100vw, 1456px\"><\/figure>\n\n\n\n<p><\/p>\n\n\n\n<hr class=\"wp-block-separator has-alpha-channel-opacity\"\/>\n\n\n\n<p>Da Fl\u00fcssigerdgas (LNG) aufgrund seiner Umweltvorteile und Kosteneffizienz immer beliebter wird, steigt die weltweite Nachfrage exponentiell an. Daher ist die Untersuchung des LNG-Marktes durch eingehende Forschung ein zentraler Aspekt dieser Branche.<\/p>\n\n\n\n<p>Indem sie sich mit den aktuellen Trends und m\u00f6glichen zuk\u00fcnftigen Herausforderungen im LNG-Sektor befassen, k\u00f6nnen Unternehmen die richtigen Entscheidungen treffen und gleichzeitig die Risiken minimieren.<\/p>\n\n\n\n<p><\/p>\n\n\n\n<div class=\"wp-block-columns has-global-color-9-color has-text-color has-background has-link-color wp-elements-9f4fa7867008de0a1d2f816b7a7d6a45 is-layout-flex wp-container-core-columns-is-layout-9d6595d7 wp-block-columns-is-layout-flex\" style=\"background-color:#f7f9fa6e\">\n<div class=\"wp-block-column is-layout-flow wp-block-column-is-layout-flow\" style=\"flex-basis:18%\"><\/div>\n\n\n\n<div class=\"wp-block-column is-vertically-aligned-center is-layout-flow wp-block-column-is-layout-flow\" style=\"flex-basis:71.28%\">\n<div class=\"wp-block-rank-math-toc-block aligncenter has-global-color-9-color has-text-color has-link-color wp-elements-46b21ebb0accdf39bf76ff236cf237f4\" style=\"font-size:16px\" id=\"rank-math-toc\"><h2><br><strong>T<\/strong>able of Contents<\/h2><nav><ul><li class=\"\"><a href=\"#what-is-lng-market-research\">Was ist LNG-Marktforschung?<\/a><\/li><li class=\"\"><a href=\"#overview-of-the-lng-market\">\u00dcberblick \u00fcber den LNG-Markt<\/a><\/li><li class=\"\"><a href=\"#current-trends-of-lng-market-research\">Aktuelle Trends der LNG-Marktforschung<\/a><\/li><li class=\"\"><a href=\"#benefits-and-opportunities-of-lng-market-research\">Vorteile und Chancen der LNG-Marktforschung<\/a><\/li><li class=\"\"><a href=\"#challenges-in-lng-market-research\">Herausforderungen in der LNG-Marktforschung<\/a><\/li><li class=\"\"><a href=\"#future-outlook\">Zukunftsausblick<\/a><\/li><\/ul><\/nav><\/div>\n<\/div>\n<\/div>\n\n\n\n<p><\/p>\n\n\n\n<h2 class=\"wp-block-heading\" id=\"what-is-lng-market-research\">Was ist LNG-Marktforschung?<\/h2>\n\n\n\n<p>Mithilfe von LNG-Marktforschung k\u00f6nnen Unternehmen Daten zu dessen Gr\u00f6\u00dfe, Verbrauchernachfrage und Angebotsdynamik, Preismustern, Vorschriften, technologischen Fortschritten, Branchentrends und Aussichten besser verstehen. Diese Art der Forschung erm\u00f6glicht auch genauere Vorhersagen zuk\u00fcnftiger Wachstumschancen in dieser sich schnell entwickelnden Branche.<\/p>\n\n\n\n<p>Dar\u00fcber hinaus werden Investitionen, Wachstum und strategische Planung gest\u00e4rkt, wenn Unternehmen und Investoren Zugriff auf zuverl\u00e4ssige Marktforschung zu LNG haben. Und da LNG aufgrund seiner umweltfreundlichen Verbrennung und vielf\u00e4ltigen Einsatzm\u00f6glichkeiten als Energiequelle immer wertvoller wird, ist davon auszugehen, dass die Branche ein kontinuierliches Wachstum und eine kontinuierliche Entwicklung erleben wird.<\/p>\n\n\n\n<h2 class=\"wp-block-heading\" id=\"overview-of-the-lng-market\">\u00dcberblick \u00fcber den LNG-Markt<\/h2>\n\n\n\n<figure class=\"gb-block-image gb-block-image-b1f4f709\"><img loading=\"lazy\" decoding=\"async\" width=\"1456\" height=\"816\" class=\"gb-image gb-image-b1f4f709\" src=\"https:\/\/www.sisinternational.com\/wp-content\/uploads\/2025\/08\/LNG-2.jpg\" alt=\"SIS International Marktforschung &amp; Strategie\" title=\"LNG (2)\" srcset=\"https:\/\/www.sisinternational.com\/wp-content\/uploads\/2025\/08\/LNG-2.jpg 1456w, https:\/\/www.sisinternational.com\/wp-content\/uploads\/2025\/08\/LNG-2-300x168.jpg 300w, https:\/\/www.sisinternational.com\/wp-content\/uploads\/2025\/08\/LNG-2-1024x574.jpg 1024w, https:\/\/www.sisinternational.com\/wp-content\/uploads\/2025\/08\/LNG-2-768x430.jpg 768w, https:\/\/www.sisinternational.com\/wp-content\/uploads\/2025\/08\/LNG-2-18x10.jpg 18w\" sizes=\"auto, (max-width: 1456px) 100vw, 1456px\"><\/figure>\n\n\n\n<p><\/p>\n\n\n\n<p>LNG ist eine au\u00dfergew\u00f6hnliche Art von Erdgas, das zur m\u00fchelosen Lagerung und Bef\u00f6rderung in einen fl\u00fcssigen Zustand abgek\u00fchlt wurde. Es ist geruchlos, farblos, nicht korrodierend und nicht giftig \u2013 was es nicht nur kosteng\u00fcnstig, sondern im Vergleich zu anderen fossilen Brennstoffen auch viel umweltfreundlicher macht.<\/p>\n\n\n\n<p>Die globale Nachfrage nach LNG ist im Laufe der Jahre aus zahlreichen Gr\u00fcnden deutlich gestiegen, beispielsweise aufgrund umweltbewusster staatlicher Vorschriften, einer weltweit verbesserten Energiesicherheit und der zunehmenden Verwendung als Kraftstoffquelle in Fahrzeugen auf der ganzen Welt.<\/p>\n\n\n\n<p>Daher hat die LNG-Industrie einen drastischen Wandel erlebt, da immer mehr L\u00e4nder in den Import und Export von LNG einsteigen und hochmoderne Technologien auftauchen, die die Produktion, den Transport und die Lagerung von LNG erleichtern.<\/p>\n\n\n\n<p>Der Markt ist jedoch sehr wettbewerbsintensiv, da eine kleine Gruppe von Giganten die Branche dominiert, w\u00e4hrend andere kleinere Akteure versuchen, sich einen Namen zu machen. Zu den wichtigsten Akteuren auf dem LNG-Markt geh\u00f6ren:<\/p>\n\n\n\n<ul class=\"wp-block-list\">\n<li>Royal Dutch Shell<\/li>\n\n\n\n<li>Chevron Corporation<\/li>\n\n\n\n<li>ExxonMobil Corporation<\/li>\n\n\n\n<li>Gesamt SA<\/li>\n\n\n\n<li>BP plc<\/li>\n\n\n\n<li>ConocoPhillips<\/li>\n\n\n\n<li>PetroChina Company Limited<\/li>\n\n\n\n<li>Gazprom<\/li>\n<\/ul>\n\n\n\n<h2 class=\"wp-block-heading\" id=\"current-trends-of-lng-market-research\">Aktuelle Trends der LNG-Marktforschung<\/h2>\n\n\n\n<figure class=\"gb-block-image gb-block-image-e0fa948d\"><img loading=\"lazy\" decoding=\"async\" width=\"1456\" height=\"816\" class=\"gb-image gb-image-e0fa948d\" src=\"https:\/\/www.sisinternational.com\/wp-content\/uploads\/2025\/08\/LNG-4.jpg\" alt=\"SIS International Marktforschung &amp; Strategie\" title=\"LNG (4)\" srcset=\"https:\/\/www.sisinternational.com\/wp-content\/uploads\/2025\/08\/LNG-4.jpg 1456w, https:\/\/www.sisinternational.com\/wp-content\/uploads\/2025\/08\/LNG-4-300x168.jpg 300w, https:\/\/www.sisinternational.com\/wp-content\/uploads\/2025\/08\/LNG-4-1024x574.jpg 1024w, https:\/\/www.sisinternational.com\/wp-content\/uploads\/2025\/08\/LNG-4-768x430.jpg 768w, https:\/\/www.sisinternational.com\/wp-content\/uploads\/2025\/08\/LNG-4-18x10.jpg 18w\" sizes=\"auto, (max-width: 1456px) 100vw, 1456px\"><\/figure>\n\n\n\n<p><\/p>\n\n\n\n<ul class=\"wp-block-list\">\n<li><strong>Steigende Nachfrage nach LNG:<\/strong> Die Nachfrage nach LNG steigt kontinuierlich an und Marktforschungsprognosen gehen davon aus, dass sich dieser Trend in absehbarer Zukunft fortsetzen wird. Dies ist auf die zunehmende Beliebtheit von Erdgas als saubere Energiequelle sowie auf den wachsenden Bedarf der asiatisch-pazifischen L\u00e4nder an LNG zur\u00fcckzuf\u00fchren.<\/li>\n\n\n\n<li><strong>Technologische Fortschritte:<\/strong> J\u00fcngste technologische Durchbr\u00fcche in den Bereichen Verfl\u00fcssigung, Transport und Wiederverdampfung haben der LNG-Industrie Auftrieb gegeben. Um diesen Wachstumstrend weiter zu nutzen, konzentriert sich die LNG-Marktforschung auf die Entdeckung hochmoderner Technologien, die die Effizienz entlang der gesamten LNG-Wertsch\u00f6pfungskette steigern k\u00f6nnten.<\/li>\n\n\n\n<li><strong>Wachsende Investitionen:<\/strong> Investment in the LNG market from the public and private sectors continues to grow as <a href=\"https:\/\/www.sisinternational.com\/de\/sachverstand\/branchen\/metaverse-marktforschung\/\" title=\"Metaverse-Marktforschung\"  data-wpil-monitor-id=\"4766\">Forschung<\/a> reveals lucrative opportunities.<\/li>\n\n\n\n<li><strong>Das Aufkommen neuer Lieferanten:<\/strong> Die LNG-Industrie hat neue Teilnehmer willkommen gehei\u00dfen, wodurch ein dynamisches Wettbewerbsumfeld entstand und die Dynamik des internationalen Handels ver\u00e4ndert wurde. Die LNG-Marktforschung hat diese neuen Entwicklungen aufgedeckt und beispiellose Chancen f\u00fcr den Sektor aufgedeckt.<\/li>\n<\/ul>\n\n\n\n<h2 class=\"wp-block-heading\" id=\"benefits-and-opportunities-of-lng-market-research\">Vorteile und Chancen der LNG-Marktforschung<\/h2>\n\n\n\n<h3 class=\"wp-block-heading\">Es gibt mehrere M\u00f6glichkeiten, darunter:<\/h3>\n\n\n\n<ul class=\"wp-block-list\">\n<li><strong>Schwellenl\u00e4nder:<\/strong> As the demand for natural gas continues to surge, LNG is becoming more indispensable in emerging <a href=\"https:\/\/www.sisinternational.com\/de\/abdeckung\/marktforschung-afrika\/marktforschung-auf-den-seychellen-afrika\/\" title=\"Marktforschung auf den Seychellen, Afrika\"  data-wpil-monitor-id=\"5102\">markets such as Asia-Pacific and Africa<\/a>. This presents an immense opportunity for businesses to expand their reach and make strategic investments in these regions.<\/li>\n\n\n\n<li><strong>Technologische Fortschritte:<\/strong> Indem sie die sich st\u00e4ndig weiterentwickelnden LNG-Technologien nutzen, k\u00f6nnen sich Unternehmen durch Investitionen in Forschung und Entwicklung einen Wettbewerbsvorteil verschaffen. Dies gibt ihnen die M\u00f6glichkeit, mit neuen Innovationen f\u00fcr Produktion, Lagerung und Transport anderen in der Branche einen Schritt voraus zu sein.<\/li>\n\n\n\n<li><strong>Steigende Nachfrage nach LNG im kleinen Ma\u00dfstab:<\/strong> Da der Bedarf an LNG in kleinem Ma\u00dfstab insbesondere in der Transportbranche steigt, bietet sich innovativen Unternehmen eine unglaubliche Chance, neue M\u00e4rkte zu erschlie\u00dfen und kreative L\u00f6sungen f\u00fcr die Produktion und Lieferung dieses verfl\u00fcssigten Erdgases einzuf\u00fchren.<\/li>\n\n\n\n<li><strong>Umweltvorschriften:<\/strong> Da der Reduzierung der CO2-Emissionen immer mehr Aufmerksamkeit gewidmet wird, wird der Bedarf an saubereren Brennstoffen wie Erdgas voraussichtlich steigen. Dies bietet Unternehmen eine unglaubliche Chance, ihre LNG-Produkte als umweltfreundlichere Alternative zu anderen fossilen Brennstoffen herzustellen und zu vermarkten.<\/li>\n\n\n\n<li><strong>Entwicklung der Infrastruktur:<\/strong> Investitionen in LNG-Infrastruktur wie Terminals und Pipelines sind ein Schl\u00fcssel zur Erschlie\u00dfung des Potenzials dieser aufstrebenden Branche. Dies bietet Unternehmen die M\u00f6glichkeit, ihre Gesch\u00e4ftst\u00e4tigkeit auf lukrative neue M\u00e4rkte auszudehnen und gleichzeitig in notwendige Entwicklungen zu investieren.<\/li>\n<\/ul>\n\n\n\n<h2 class=\"wp-block-heading\" id=\"challenges-in-lng-market-research\">Herausforderungen in der LNG-Marktforschung<\/h2>\n\n\n\n<ul class=\"wp-block-list\">\n<li><strong>Geopolitische Risiken:<\/strong> St\u00f6rende politische Unruhen, umstrittene Handelsverhandlungen und regulatorische \u00c4nderungen k\u00f6nnen sich allesamt negativ auf die Lieferkettenabl\u00e4ufe, die Preisvolatilit\u00e4t und die Verbrauchernachfrage der LNG-Industrie auswirken.<\/li>\n\n\n\n<li><strong>Preisvolatilit\u00e4t:<\/strong> Die Kosten f\u00fcr LNG schwanken aufgrund einer Reihe von Faktoren, zu denen unter anderem Ver\u00e4nderungen bei Angebot und Nachfrage, Energiepolitik, makro\u00f6konomische Bedingungen und mehr geh\u00f6ren.<\/li>\n\n\n\n<li><strong>Hohe Kapitalkosten:<\/strong> Der Aufbau der Infrastruktur f\u00fcr LNG ist ein erhebliches finanzielles Unterfangen, was es f\u00fcr kleine Unternehmen schwierig macht, in die Branche einzusteigen.<\/li>\n\n\n\n<li><strong>Umweltsorgen:<\/strong> Da Umweltaspekte immer wichtiger werden, m\u00fcssen Forscher bei der Untersuchung der LNG-Industrie die Auswirkungen von Vorschriften, Kohlendioxidemissionen und Nachhaltigkeitspraktiken im Auge behalten.<\/li>\n<\/ul>\n\n\n\n<p><\/p>\n\n\n\n<!DOCTYPE html>\n<html lang=\"en\">\n<head>\n    <meta charset=\"UTF-8\">\n    <meta name=\"viewport\" content=\"width=device-width, initial-scale=1.0\">\n    <title>AI Blog Banner<\/title>\n    <style>\n        * {\n            margin: 0;\n            padding: 0;\n            box-sizing: border-box;\n        }\n\n        .banner {\n            position: relative;\n            width: 100%;\n            height: 350px;\n            overflow: hidden;\n            display: flex;\n            align-items: center;\n            justify-content: center;\n            font-family: 'Arial', sans-serif;\n            border-radius: 25px;\n        }\n\n        .animated-background {\n            position: absolute;\n            top: 0;\n            left: 0;\n            width: 100%;\n            height: 100%;\n            background: linear-gradient(45deg, #003f6b, #2d5a7b, #003f6b, #2d5a7b);\n            background-size: 400% 400%;\n            animation: gradientMove 8s ease-in-out infinite;\n        }\n\n        .ai-pattern {\n            position: absolute;\n            top: 0;\n            left: 0;\n            width: 100%;\n            height: 100%;\n            opacity: 0.1;\n            background-image: \n                radial-gradient(circle at 20% 20%, rgba(255,255,255,0.3) 2px, transparent 2px),\n                radial-gradient(circle at 80% 80%, rgba(255,255,255,0.2) 1px, transparent 1px),\n                radial-gradient(circle at 40% 60%, rgba(255,255,255,0.15) 1.5px, transparent 1.5px),\n                radial-gradient(circle at 60% 20%, rgba(255,255,255,0.25) 1px, transparent 1px),\n                radial-gradient(circle at 80% 40%, rgba(255,255,255,0.2) 2px, transparent 2px);\n            background-size: 100px 100px, 150px 150px, 80px 80px, 120px 120px, 90px 90px;\n            animation: patternFloat 12s linear infinite;\n        }\n\n        .neural-network {\n            position: absolute;\n            top: 0;\n            left: 0;\n            width: 100%;\n            height: 100%;\n            opacity: 0.08;\n        }\n\n        .neural-line {\n            position: absolute;\n            height: 1px;\n            background: linear-gradient(90deg, transparent, rgba(255,255,255,0.5), transparent);\n            animation: neuralPulse 6s ease-in-out infinite;\n        }\n\n        .neural-line:nth-child(1) {\n            top: 30%;\n            left: 0;\n            width: 60%;\n            animation-delay: 0s;\n        }\n\n        .neural-line:nth-child(2) {\n            top: 50%;\n            right: 0;\n            width: 70%;\n            animation-delay: 2s;\n        }\n\n        .neural-line:nth-child(3) {\n            top: 70%;\n            left: 20%;\n            width: 50%;\n            animation-delay: 4s;\n        }\n\n        .content {\n            position: relative;\n            z-index: 10;\n            text-align: center;\n            color: white !important;\n            max-width: 800px;\n            padding: 30px;\n        }\n\n        .content * {\n            color: white !important;\n        }\n\n        .cta-text {\n            font-size: 1.9rem;\n            font-weight: 700;\n            margin-bottom: 15px;\n            color: white !important;\n            background: linear-gradient(90deg, rgba(255,255,255,0.6), rgba(255,255,255,1), rgba(230,230,230,1), rgba(255,255,255,1), rgba(240,240,240,0.8), rgba(255,255,255,0.6));\n            background-size: 200% 100%;\n            -webkit-background-clip: text;\n            -webkit-text-fill-color: transparent;\n            background-clip: text;\n            animation: shineEffect 10s ease-in-out infinite;\n            line-height: 1.3;\n        }\n\n        .cta-subheading {\n            font-size: 1rem;\n            font-weight: 400;\n            margin-bottom: 25px;\n            color: white !important;\n            line-height: 1.6;\n            opacity: 0.95;\n        }\n\n        .cta-button {\n            background: linear-gradient(135deg, #8a6b0f, #bd9013, #d4a519);\n            border: 2px solid #8a6b0f;\n            color: white !important;\n            padding: 18px 40px;\n            font-size: 1.2rem;\n            font-weight: 600;\n            border-radius: 50px;\n            cursor: pointer;\n            transition: all 0.3s ease;\n            text-decoration: none;\n            display: inline-block;\n            position: relative;\n            overflow: hidden;\n        }\n\n        .cta-button::before {\n            content: '';\n            position: absolute;\n            top: 0;\n            left: -100%;\n            width: 100%;\n            height: 100%;\n            background: linear-gradient(90deg, \n                transparent 0%, \n                rgba(255, 255, 255, 0.3) 25%,\n                rgba(255, 255, 255, 0.6) 50%,\n                rgba(255, 255, 255, 0.3) 75%,\n                transparent 100%);\n            animation: shine 3s ease-in-out infinite;\n        }\n\n        .cta-button:hover {\n            transform: translateY(-3px);\n            box-shadow: 0 10px 25px rgba(0,0,0,0.2);\n            border-color: #bd9013;\n            background: linear-gradient(135deg, #bd9013, #d4a519, #e6b61f);\n        }\n\n        .floating-elements {\n            position: absolute;\n            top: 0;\n            left: 0;\n            width: 100%;\n            height: 100%;\n            pointer-events: none;\n        }\n\n        .floating-circle {\n            position: absolute;\n            border-radius: 50%;\n            background: rgba(255,255,255,0.1);\n            animation: float 8s ease-in-out infinite;\n        }\n\n        .floating-circle:nth-child(1) {\n            width: 80px;\n            height: 80px;\n            top: 20%;\n            left: 10%;\n            animation-delay: 0s;\n        }\n\n        .floating-circle:nth-child(2) {\n            width: 60px;\n            height: 60px;\n            top: 60%;\n            right: 15%;\n            animation-delay: 3s;\n        }\n\n        .floating-circle:nth-child(3) {\n            width: 40px;\n            height: 40px;\n            top: 80%;\n            left: 80%;\n            animation-delay: 6s;\n        }\n\n        .floating-circle:nth-child(4) {\n            width: 70px;\n            height: 70px;\n            top: 10%;\n            right: 20%;\n            animation-delay: 1.5s;\n        }\n\n        .floating-circle:nth-child(5) {\n            width: 50px;\n            height: 50px;\n            top: 75%;\n            left: 30%;\n            animation-delay: 4.5s;\n        }\n\n        @keyframes gradientMove {\n            0% { background-position: 0% 50%; }\n            25% { background-position: 100% 50%; }\n            50% { background-position: 100% 100%; }\n            75% { background-position: 0% 100%; }\n            100% { background-position: 0% 50%; }\n        }\n\n        @keyframes patternFloat {\n            0% { transform: translateX(0) translateY(0); }\n            33% { transform: translateX(30px) translateY(-20px); }\n            66% { transform: translateX(-20px) translateY(10px); }\n            100% { transform: translateX(0) translateY(0); }\n        }\n\n        @keyframes neuralPulse {\n            0%, 100% { opacity: 0.08; }\n            50% { opacity: 0.2; }\n        }\n\n        @keyframes shineEffect {\n            0% { background-position: 200% 0; }\n            100% { background-position: -200% 0; }\n        }\n\n        @keyframes shine {\n            0% {\n                left: -100%;\n            }\n            20%, 100% {\n                left: 100%;\n            }\n        }\n\n        @keyframes float {\n            0%, 100% { transform: translateY(0px) rotate(0deg); }\n            33% { transform: translateY(-30px) rotate(120deg); }\n            66% { transform: translateY(15px) rotate(240deg); }\n        }\n\n        @media (max-width: 768px) {\n            .banner {\n                height: 320px;\n                padding: 30px 0;\n            }\n            \n            .content {\n                padding: 40px 20px;\n            }\n            \n            .cta-text {\n                font-size: 1.3rem;\n                margin-bottom: 12px;\n            }\n            \n            .cta-subheading {\n                font-size: 0.85rem;\n                margin-bottom: 20px;\n            }\n            \n            .cta-button {\n                padding: 14px 28px;\n                font-size: 0.95rem;\n            }\n        }\n    <\/style>\n<\/head>\n<body>\n    <div class=\"banner\">\n        <div class=\"animated-background\"><\/div>\n        \n        <div class=\"ai-pattern\"><\/div>\n        \n        <div class=\"neural-network\">\n            <div class=\"neural-line\"><\/div>\n            <div class=\"neural-line\"><\/div>\n            <div class=\"neural-line\"><\/div>\n        <\/div>\n        \n        <div class=\"floating-elements\">\n            <div class=\"floating-circle\"><\/div>\n            <div class=\"floating-circle\"><\/div>\n            <div class=\"floating-circle\"><\/div>\n            <div class=\"floating-circle\"><\/div>\n            <div class=\"floating-circle\"><\/div>\n        <\/div>\n        \n        <div class=\"content\">\n            <div class=\"cta-text\">Ready to explore the insights that drive smarter decisions?<\/div>\n            <div class=\"cta-subheading\">Contact our Research experts today.<\/div>\n            <a href=\"mailto:Research@sisinternational.com\" class=\"cta-button\">Contact us now!<\/a>\n        <\/div>\n    <\/div>\n<\/body>\n<\/html>\n\n\n\n<p><\/p>\n\n\n\n<h2 class=\"wp-block-heading\" id=\"future-outlook\">Zukunftsausblick<\/h2>\n\n\n\n<p>Die Aussichten f\u00fcr den LNG-Markt sind gut, da die Nachfrage danach weiter steigt. Da sich die Verbraucher ihres CO2-Fu\u00dfabdrucks und dessen Auswirkungen auf den globalen Klimawandel immer mehr bewusst werden, ist Erdgas aufgrund seiner im Vergleich zu anderen fossilen Brennstoffen relativ geringen Emissionen zu einer g\u00e4ngigen Brennstoffoption f\u00fcr Kraftwerke, Heizzwecke und die Transportbranche geworden.<\/p>\n\n\n\n<p>Daher ist eine Investition in LNG ein kluger Schachzug, da die Nachfrage danach hoch ist. Unternehmen, die Verfl\u00fcssigungsanlagen, Lagereinrichtungen und Transportschiffe bauen, warten, produzieren und vertreiben, werden von diesem Bedarfsschub langfristig enorm profitieren.<\/p>\n\n\n\n<p>Trotz der vielen Wachstumschancen, die LNG bietet, sind mit seiner Entwicklung jedoch noch einige Herausforderungen verbunden. Zu diesen Hindernissen geh\u00f6ren die enormen Investitionen, die f\u00fcr den Aufbau der Infrastruktur erforderlich sind, die Preisinstabilit\u00e4t der Erdgasressourcen und Sicherheitsbedenken hinsichtlich m\u00f6glicher Umweltauswirkungen, die in den kommenden Jahren f\u00fcr Unsicherheit sorgen werden.<\/p>\n\n\n\n<p>SIS International bietet quantitative, qualitative und strategische Forschung an. Wir liefern Daten, Tools, Strategien, Berichte und Erkenntnisse zur Entscheidungsfindung. Wir f\u00fchren Interviews, Umfragen, Fokusgruppen und viele andere Methoden und Ans\u00e4tze der Marktforschung durch. Kontaktieren Sie uns f\u00fcr Ihr n\u00e4chstes Marktforschungsprojekt.<\/p>\n\n\n<h2>Unser Standort in New York<\/h2>\n<p><!-- \/wp:post-content --> <!-- wp:html --> <iframe loading=\"lazy\" src=\"https:\/\/www.google.com\/maps\/embed?pb=!1m18!1m12!1m3!1d3022.976188376966!2d-73.99130312499956!3d40.740549471389315!2m3!1f0!2f0!3f0!3m2!1i1024!2i768!4f13.1!3m3!1m2!1s0x89c259a15798c731%3A0xd695d09bdd495f25!2s11%20E%2022nd%20St%20FL%202%2C%20New%20York%2C%20NY%2010010%2C%20USA!5e0!3m2!1sen!2spe!4v1726171763526!5m2!1sen!2spe\" width=\"600\" height=\"450\" allowfullscreen=\"allowfullscreen\" data-mce-fragment=\"1\"><\/iframe> <!-- \/wp:html --> <!-- wp:paragraph --><\/p>\n<h3 class=\"wp-block-heading\">11 E 22nd Street, Floor 2, New York, NY 10010 T: +1(212) 505-6805<\/h3>\n<hr \/>\n<h2><span style=\"font-weight: 400;\">\u00dcber SIS International<\/span><\/h2>\n<p><a href=\"https:\/\/www.sisinternational.com\/de\/\"><span style=\"font-weight: 400;\">SIS International<\/span><\/a><span style=\"font-weight: 400;\"> bietet quantitative, qualitative und strategische Forschung an. Wir liefern Daten, Tools, Strategien, Berichte und Erkenntnisse zur Entscheidungsfindung. Wir f\u00fchren auch Interviews, Umfragen, Fokusgruppen und andere Methoden und Ans\u00e4tze der Marktforschung durch.<\/span><a href=\"https:\/\/www.sisinternational.com\/de\/uber-sis-international-research\/contact-sis-international-market-research\/\"><span style=\"font-weight: 400;\"> Kontakt<\/span><\/a><span style=\"font-weight: 400;\"> f\u00fcr Ihr n\u00e4chstes Marktforschungsprojekt.<\/span><\/p>\n<p><!-- wp:heading --><\/p>\n<h2 id=\"about-sis-international\" class=\"wp-block-heading\">\u00a0<\/h2><!-- \/wp:heading -->","protected":false},"excerpt":{"rendered":"<p>Fl\u00fcssigerdgas (LNG) erfreut sich aufgrund seiner Umweltvorteile und Kosteneffizienz zunehmender Beliebtheit.<\/p>","protected":false},"author":1,"featured_media":63322,"parent":14514,"menu_order":247,"comment_status":"closed","ping_status":"closed","template":"","meta":{"footnotes":""},"class_list":["post-42344","page","type-page","status-publish","has-post-thumbnail"],"_links":{"self":[{"href":"https:\/\/www.sisinternational.com\/de\/wp-json\/wp\/v2\/pages\/42344","targetHints":{"allow":["GET"]}}],"collection":[{"href":"https:\/\/www.sisinternational.com\/de\/wp-json\/wp\/v2\/pages"}],"about":[{"href":"https:\/\/www.sisinternational.com\/de\/wp-json\/wp\/v2\/types\/page"}],"author":[{"embeddable":true,"href":"https:\/\/www.sisinternational.com\/de\/wp-json\/wp\/v2\/users\/1"}],"replies":[{"embeddable":true,"href":"https:\/\/www.sisinternational.com\/de\/wp-json\/wp\/v2\/comments?post=42344"}],"version-history":[{"count":8,"href":"https:\/\/www.sisinternational.com\/de\/wp-json\/wp\/v2\/pages\/42344\/revisions"}],"predecessor-version":[{"id":78986,"href":"https:\/\/www.sisinternational.com\/de\/wp-json\/wp\/v2\/pages\/42344\/revisions\/78986"}],"up":[{"embeddable":true,"href":"https:\/\/www.sisinternational.com\/de\/wp-json\/wp\/v2\/pages\/14514"}],"wp:featuredmedia":[{"embeddable":true,"href":"https:\/\/www.sisinternational.com\/de\/wp-json\/wp\/v2\/media\/63322"}],"wp:attachment":[{"href":"https:\/\/www.sisinternational.com\/de\/wp-json\/wp\/v2\/media?parent=42344"}],"curies":[{"name":"wp","href":"https:\/\/api.w.org\/{rel}","templated":true}]}}