{"id":42337,"date":"2023-04-12T20:35:49","date_gmt":"2023-04-13T00:35:49","guid":{"rendered":"https:\/\/www.sisinternational.com\/?page_id=42337"},"modified":"2026-01-24T21:08:43","modified_gmt":"2026-01-25T02:08:43","slug":"kerosin-marktforschung","status":"publish","type":"page","link":"https:\/\/www.sisinternational.com\/de\/sachverstand\/kerosin-marktforschung\/","title":{"rendered":"Kerosin-Marktforschung"},"content":{"rendered":"<h1 class=\"wp-block-heading\">Kerosin-Marktforschung<\/h1>\n\n\n\n<figure class=\"gb-block-image gb-block-image-aecb47ef\"><img loading=\"lazy\" decoding=\"async\" width=\"1456\" height=\"816\" class=\"gb-image gb-image-aecb47ef\" src=\"https:\/\/www.sisinternational.com\/wp-content\/uploads\/2025\/08\/Oil-1.jpg\" alt=\"SIS International Marktforschung &amp; Strategie\" title=\"Oil (1)\" srcset=\"https:\/\/www.sisinternational.com\/wp-content\/uploads\/2025\/08\/Oil-1.jpg 1456w, https:\/\/www.sisinternational.com\/wp-content\/uploads\/2025\/08\/Oil-1-300x168.jpg 300w, https:\/\/www.sisinternational.com\/wp-content\/uploads\/2025\/08\/Oil-1-1024x574.jpg 1024w, https:\/\/www.sisinternational.com\/wp-content\/uploads\/2025\/08\/Oil-1-768x430.jpg 768w, https:\/\/www.sisinternational.com\/wp-content\/uploads\/2025\/08\/Oil-1-18x10.jpg 18w\" sizes=\"auto, (max-width: 1456px) 100vw, 1456px\"><\/figure>\n\n\n\n<p><\/p>\n\n\n\n<hr class=\"wp-block-separator has-alpha-channel-opacity is-style-dots\"\/>\n\n\n\n<p>Kerosin wird in vielen Branchen wie der Luftfahrt, der Heizungsindustrie und der Landwirtschaft eingesetzt. Da der weltweite Energiebedarf weiter steigt, d\u00fcrfte der Kerosinmarkt in absehbarer Zukunft ein erhebliches Wachstum verzeichnen.<\/p>\n\n\n\n<p>Um einen Wettbewerbsvorteil zu erlangen und neue Perspektiven zu nutzen, verlassen sich Branchenakteure und Investoren daher zunehmend auf die Marktforschung zum Thema Kerosin, um ihre strategischen Entscheidungen zu verbessern.<\/p>\n\n\n\n<p><\/p>\n\n\n\n<div class=\"wp-block-columns has-global-color-9-color has-text-color has-background has-link-color wp-elements-882d8664f678db2bb428317065c99108 is-layout-flex wp-container-core-columns-is-layout-9d6595d7 wp-block-columns-is-layout-flex\" style=\"background-color:#f7f9fa6e\">\n<div class=\"wp-block-column is-layout-flow wp-block-column-is-layout-flow\" style=\"flex-basis:18%\"><\/div>\n\n\n\n<div class=\"wp-block-column is-vertically-aligned-center is-layout-flow wp-block-column-is-layout-flow\" style=\"flex-basis:71.28%\">\n<div class=\"wp-block-rank-math-toc-block aligncenter has-global-color-9-color has-text-color has-link-color wp-elements-c845c5733136c05186b6e3b59bd6bdff\" style=\"font-size:16px\" id=\"rank-math-toc\"><h2><br><strong>T<\/strong>able of Contents<\/h2><nav><ul><li class=\"\"><a href=\"#what-is-kerosene-market-research\">Was ist Kerosinmarktforschung?<\/a><\/li><li class=\"\"><a href=\"#importance-of-kerosene-market-research\">Bedeutung der Kerosinmarktforschung<\/a><\/li><li class=\"\"><a href=\"#benefits-of-kerosene-market-research\">Vorteile der Kerosin-Marktforschung<\/a><\/li><li class=\"\"><a href=\"#limitations\">Einschr\u00e4nkungen<\/a><\/li><li class=\"\"><a href=\"#future-trends\">Zukunftstrends<\/a><\/li><\/ul><\/nav><\/div>\n<\/div>\n<\/div>\n\n\n\n<p><\/p>\n\n\n\n<h2 class=\"wp-block-heading\" id=\"what-is-kerosene-market-research\">Was ist Kerosinmarktforschung?<\/h2>\n\n\n\n<p>Die Kerosinmarktforschung umfasst die effiziente Sammlung, Analyse und Interpretation detaillierter Daten und Informationen zur Produktion, zum Verbrauch, zur Verteilung und zur Nachfrage nach Kerosin. Das Hauptziel dieser Art von Studie besteht darin, Unternehmen und Investoren, die in den Kerosinmarkt einsteigen oder dort expandieren m\u00f6chten, wertvolle Informationen und Empfehlungen zu liefern.<\/p>\n\n\n\n<p>Ein gr\u00fcndliches Verst\u00e4ndnis der Markttrends, das Erkennen potenzieller Wachstumsaussichten, die Bewertung des Wettbewerbsumfelds und die Formulierung wirksamer Marketing- und Verkaufsstrategien sind integrale Bestandteile einer erfolgreichen Marktforschung in der Kerosinindustrie. Diese Prozesse konzentrieren sich unter anderem auf die Bewertung wichtiger Indikatoren wie Marktgr\u00f6\u00dfe und Wachstumstrends, Angebots- und Nachfrageanalyse, Marktsegmentierung nach Anwendungen und Regionen sowie die Bewertung des Wettbewerbsumfelds und der Zukunftsaussichten.<\/p>\n\n\n\n<h2 class=\"wp-block-heading\" id=\"importance-of-kerosene-market-research\">Bedeutung der Kerosinmarktforschung<\/h2>\n\n\n\n<ul class=\"wp-block-list\">\n<li>In-depth <a href=\"https:\/\/www.sisinternational.com\/de\/sachverstand\/branchen\/kultiviertes-fleisch-zellbasiertes-fleisch-marktforschung\/\" title=\"Marktforschung f\u00fcr kultiviertes Fleisch (zellbasiertes Fleisch)\"  data-wpil-monitor-id=\"3184\">research into the kerosene market<\/a> can equip businesses and investors with the necessary insights to recognize potential expansion opportunities, including new applications, unexplored markets, and evolving consumer demands.<\/li>\n\n\n\n<li>Durch Marktforschung zum Thema Kerosin k\u00f6nnen Unternehmen ein tiefgreifendes Verst\u00e4ndnis der neuesten Markttrends gewinnen, einschlie\u00dflich Ver\u00e4nderungen bei der Nachfrage, der Preisgestaltung und der Regulierungspolitik.<br>Mithilfe gr\u00fcndlicher Marktforschung k\u00f6nnen Stakeholder den Marktanteil f\u00fchrender Akteure bestimmen, ihre St\u00e4rken und Schw\u00e4chen bewerten und ihre Strategien erkennen. Mit diesen Informationen k\u00f6nnen Unternehmen innovative Marketing- und Verkaufsstrategien entwickeln, die es ihnen erm\u00f6glichen, auf dem Markt erfolgreich zu konkurrieren.<\/li>\n\n\n\n<li>Die Durchf\u00fchrung von Marktforschung zum Thema Kerosin hilft bei der Entwicklung von Strategien, die bei den Zielkunden wirklich Anklang finden. Durch die Nutzung der Daten und Erkenntnisse aus dieser Forschung k\u00f6nnen Unternehmen ihre Marketing- und Vertriebsbem\u00fchungen auf die spezifischen Bed\u00fcrfnisse und Vorlieben ihrer Zielgruppe zuschneiden und so letztendlich Wachstum und Rentabilit\u00e4t steigern.<\/li>\n\n\n\n<li>Diese Forschung liefert Unternehmen und Investoren wichtige Daten und Erkenntnisse, die ihnen fundierte Entscheidungen bei Investitionen, Fusionen und \u00dcbernahmen sowie anderen strategischen Initiativen erleichtern. Mit diesem Ansatz k\u00f6nnen Unternehmen potenzielle Risiken minimieren und gleichzeitig ihre Ertr\u00e4ge optimieren und so ihren Wettbewerbsvorteil auf dem dynamischen Markt steigern.<\/li>\n<\/ul>\n\n\n\n<h2 class=\"wp-block-heading\" id=\"benefits-of-kerosene-market-research\">Vorteile der Kerosin-Marktforschung<\/h2>\n\n\n\n<figure class=\"gb-block-image gb-block-image-941c3dd2\"><img loading=\"lazy\" decoding=\"async\" width=\"1456\" height=\"816\" class=\"gb-image gb-image-941c3dd2\" src=\"https:\/\/www.sisinternational.com\/wp-content\/uploads\/2025\/08\/Gas-station-5.jpg\" alt=\"SIS International Marktforschung &amp; Strategie\" title=\"Gas station (5)\" srcset=\"https:\/\/www.sisinternational.com\/wp-content\/uploads\/2025\/08\/Gas-station-5.jpg 1456w, https:\/\/www.sisinternational.com\/wp-content\/uploads\/2025\/08\/Gas-station-5-300x168.jpg 300w, https:\/\/www.sisinternational.com\/wp-content\/uploads\/2025\/08\/Gas-station-5-1024x574.jpg 1024w, https:\/\/www.sisinternational.com\/wp-content\/uploads\/2025\/08\/Gas-station-5-768x430.jpg 768w, https:\/\/www.sisinternational.com\/wp-content\/uploads\/2025\/08\/Gas-station-5-18x10.jpg 18w\" sizes=\"auto, (max-width: 1456px) 100vw, 1456px\"><\/figure>\n\n\n\n<p><\/p>\n\n\n\n<p>Die Durchf\u00fchrung von Marktforschung zum Thema Kerosin bietet Unternehmen und Interessengruppen zahlreiche Vorteile, unter anderem:<\/p>\n\n\n\n<ul class=\"wp-block-list\">\n<li><strong>Effektive Entscheidungsfindung:<\/strong> Durch die Nutzung der neuesten Marktdaten und Erkenntnisse der Kerosinmarktforschung k\u00f6nnen die Beteiligten fundierte Entscheidungen treffen, die Risiken minimieren und die Rendite ihrer Investitionen optimieren. Solche fundierten Entscheidungen sind f\u00fcr die Aufrechterhaltung eines Wettbewerbsvorteils in der Branche unerl\u00e4sslich und ein Kennzeichen erfolgreicher Unternehmen und Investoren.<\/li>\n\n\n\n<li><strong>Identifizierung neuer und potenzieller Wachstumsbereiche:<\/strong> Diese wertvollen Erkenntnisse bieten Unternehmen die M\u00f6glichkeit, ihre Marktreichweite zu erh\u00f6hen, ihre Einnahmequellen zu erweitern und ihren Wettbewerbsvorteil zu wahren.<\/li>\n\n\n\n<li><strong>Erlangen Sie ein differenzierteres Verst\u00e4ndnis der vorherrschenden Markttrends:<\/strong> Mithilfe von Kerosin-Marktforschung k\u00f6nnen Unternehmen Nachfragever\u00e4nderungen, Preisdynamiken und regulatorische Rahmenbedingungen besser verstehen. Diese unsch\u00e4tzbar wertvollen Informationen erm\u00f6glichen es Unternehmen und Investoren gleicherma\u00dfen, ihre Strategien proaktiv anzupassen und angesichts der sich ver\u00e4ndernden Marktdynamik flexibel zu bleiben, ihre Wettbewerbsf\u00e4higkeit zu steigern und ihr Endergebnis zu verbessern.<\/li>\n\n\n\n<li><strong>Entwickeln Sie wirksame Marketing- und Verkaufsstrategien, um in der Branche wettbewerbsf\u00e4hig zu sein:<\/strong> Durch eine gr\u00fcndliche Wettbewerbsanalyse k\u00f6nnen Unternehmen wertvolle Erkenntnisse \u00fcber Marktanteile, St\u00e4rken, Schw\u00e4chen und Strategien wichtiger Akteure gewinnen. Diese Informationen erm\u00f6glichen es ihnen, ihren operativen Ansatz zu verfeinern und ihren Wettbewerbsvorteil auf dem Markt zu steigern.<\/li>\n\n\n\n<li><strong>Gewinnen Sie wertvolle Einblicke in die Pr\u00e4ferenzen, das Kaufverhalten und die Entscheidungsdynamik Ihrer Kunden:<\/strong> Mit diesem Wissen k\u00f6nnen Unternehmen ihre Marketing- und Verkaufstechniken an die spezifischen Bed\u00fcrfnisse und Vorlieben ihrer Zielgruppe anpassen und so ihr Gesch\u00e4ftspotenzial maximieren.<\/li>\n\n\n\n<li><strong>Verstehen Sie die regulatorische Landschaft:<\/strong> Eine gr\u00fcndliche Kerosinmarktstudie kann wertvolle Erkenntnisse zu den regulatorischen und rechtlichen Verpflichtungen in Bezug auf die Produktion, Verteilung und Verwendung von Kerosin liefern.<\/li>\n<\/ul>\n\n\n\n<h2 class=\"wp-block-heading\" id=\"limitations\">Einschr\u00e4nkungen<\/h2>\n\n\n\n<ul class=\"wp-block-list\">\n<li>Der Umfang der Kerosinmarktforschung kann durch die geringe Verf\u00fcgbarkeit von Daten eingeschr\u00e4nkt sein, insbesondere in Regionen mit weniger reifen M\u00e4rkten. Dies kann zu unvollst\u00e4ndigen oder ungenauen Daten f\u00fchren, was es schwierig macht, zuverl\u00e4ssige Schlussfolgerungen zu ziehen.<\/li>\n\n\n\n<li>Die Verwendung historischer Daten ist in der Kerosinmarktforschung eine g\u00e4ngige Praxis, um zuk\u00fcnftige Trends vorherzusagen. In sich schnell entwickelnden M\u00e4rkten sind historische Daten jedoch nicht immer dazu geeignet, zuk\u00fcnftige Trends zuverl\u00e4ssig vorherzusagen.<\/li>\n\n\n\n<li>Die Aufgabe, die Kerosinnachfrage vorherzusagen, ist aufgrund ihrer Anf\u00e4lligkeit gegen\u00fcber zahlreichen Variablen wie Konjunkturschwankungen und geopolitischer Instabilit\u00e4t unvermeidlich mit Herausforderungen verbunden. Faktoren wie politische St\u00f6rungen, Naturkatastrophen und die globale Wirtschaftslage k\u00f6nnen eine genaue Vorhersage von Markttrends und das Treffen fundierter Entscheidungen erheblich erschweren.<\/li>\n<\/ul>\n\n\n\n<p><\/p>\n\n\n\n<!DOCTYPE html>\n<html lang=\"en\">\n<head>\n    <meta charset=\"UTF-8\">\n    <meta name=\"viewport\" content=\"width=device-width, initial-scale=1.0\">\n    <title>AI Blog Banner<\/title>\n    <style>\n        * {\n            margin: 0;\n            padding: 0;\n            box-sizing: border-box;\n        }\n\n        .banner {\n            position: relative;\n            width: 100%;\n            height: 350px;\n            overflow: hidden;\n            display: flex;\n            align-items: center;\n            justify-content: center;\n            font-family: 'Arial', sans-serif;\n            border-radius: 25px;\n        }\n\n        .animated-background {\n            position: absolute;\n            top: 0;\n            left: 0;\n            width: 100%;\n            height: 100%;\n            background: linear-gradient(45deg, #003f6b, #2d5a7b, #003f6b, #2d5a7b);\n            background-size: 400% 400%;\n            animation: gradientMove 8s ease-in-out infinite;\n        }\n\n        .ai-pattern {\n            position: absolute;\n            top: 0;\n            left: 0;\n            width: 100%;\n            height: 100%;\n            opacity: 0.1;\n            background-image: \n                radial-gradient(circle at 20% 20%, rgba(255,255,255,0.3) 2px, transparent 2px),\n                radial-gradient(circle at 80% 80%, rgba(255,255,255,0.2) 1px, transparent 1px),\n                radial-gradient(circle at 40% 60%, rgba(255,255,255,0.15) 1.5px, transparent 1.5px),\n                radial-gradient(circle at 60% 20%, rgba(255,255,255,0.25) 1px, transparent 1px),\n                radial-gradient(circle at 80% 40%, rgba(255,255,255,0.2) 2px, transparent 2px);\n            background-size: 100px 100px, 150px 150px, 80px 80px, 120px 120px, 90px 90px;\n            animation: patternFloat 12s linear infinite;\n        }\n\n        .neural-network {\n            position: absolute;\n            top: 0;\n            left: 0;\n            width: 100%;\n            height: 100%;\n            opacity: 0.08;\n        }\n\n        .neural-line {\n            position: absolute;\n            height: 1px;\n            background: linear-gradient(90deg, transparent, rgba(255,255,255,0.5), transparent);\n            animation: neuralPulse 6s ease-in-out infinite;\n        }\n\n        .neural-line:nth-child(1) {\n            top: 30%;\n            left: 0;\n            width: 60%;\n            animation-delay: 0s;\n        }\n\n        .neural-line:nth-child(2) {\n            top: 50%;\n            right: 0;\n            width: 70%;\n            animation-delay: 2s;\n        }\n\n        .neural-line:nth-child(3) {\n            top: 70%;\n            left: 20%;\n            width: 50%;\n            animation-delay: 4s;\n        }\n\n        .content {\n            position: relative;\n            z-index: 10;\n            text-align: center;\n            color: white !important;\n            max-width: 800px;\n            padding: 30px;\n        }\n\n        .content * {\n            color: white !important;\n        }\n\n        .cta-text {\n            font-size: 1.9rem;\n            font-weight: 700;\n            margin-bottom: 15px;\n            color: white !important;\n            background: linear-gradient(90deg, rgba(255,255,255,0.6), rgba(255,255,255,1), rgba(230,230,230,1), rgba(255,255,255,1), rgba(240,240,240,0.8), rgba(255,255,255,0.6));\n            background-size: 200% 100%;\n            -webkit-background-clip: text;\n            -webkit-text-fill-color: transparent;\n            background-clip: text;\n            animation: shineEffect 10s ease-in-out infinite;\n            line-height: 1.3;\n        }\n\n        .cta-subheading {\n            font-size: 1rem;\n            font-weight: 400;\n            margin-bottom: 25px;\n            color: white !important;\n            line-height: 1.6;\n            opacity: 0.95;\n        }\n\n        .cta-button {\n            background: linear-gradient(135deg, #8a6b0f, #bd9013, #d4a519);\n            border: 2px solid #8a6b0f;\n            color: white !important;\n            padding: 18px 40px;\n            font-size: 1.2rem;\n            font-weight: 600;\n            border-radius: 50px;\n            cursor: pointer;\n            transition: all 0.3s ease;\n            text-decoration: none;\n            display: inline-block;\n            position: relative;\n            overflow: hidden;\n        }\n\n        .cta-button::before {\n            content: '';\n            position: absolute;\n            top: 0;\n            left: -100%;\n            width: 100%;\n            height: 100%;\n            background: linear-gradient(90deg, \n                transparent 0%, \n                rgba(255, 255, 255, 0.3) 25%,\n                rgba(255, 255, 255, 0.6) 50%,\n                rgba(255, 255, 255, 0.3) 75%,\n                transparent 100%);\n            animation: shine 3s ease-in-out infinite;\n        }\n\n        .cta-button:hover {\n            transform: translateY(-3px);\n            box-shadow: 0 10px 25px rgba(0,0,0,0.2);\n            border-color: #bd9013;\n            background: linear-gradient(135deg, #bd9013, #d4a519, #e6b61f);\n        }\n\n        .floating-elements {\n            position: absolute;\n            top: 0;\n            left: 0;\n            width: 100%;\n            height: 100%;\n            pointer-events: none;\n        }\n\n        .floating-circle {\n            position: absolute;\n            border-radius: 50%;\n            background: rgba(255,255,255,0.1);\n            animation: float 8s ease-in-out infinite;\n        }\n\n        .floating-circle:nth-child(1) {\n            width: 80px;\n            height: 80px;\n            top: 20%;\n            left: 10%;\n            animation-delay: 0s;\n        }\n\n        .floating-circle:nth-child(2) {\n            width: 60px;\n            height: 60px;\n            top: 60%;\n            right: 15%;\n            animation-delay: 3s;\n        }\n\n        .floating-circle:nth-child(3) {\n            width: 40px;\n            height: 40px;\n            top: 80%;\n            left: 80%;\n            animation-delay: 6s;\n        }\n\n        .floating-circle:nth-child(4) {\n            width: 70px;\n            height: 70px;\n            top: 10%;\n            right: 20%;\n            animation-delay: 1.5s;\n        }\n\n        .floating-circle:nth-child(5) {\n            width: 50px;\n            height: 50px;\n            top: 75%;\n            left: 30%;\n            animation-delay: 4.5s;\n        }\n\n        @keyframes gradientMove {\n            0% { background-position: 0% 50%; }\n            25% { background-position: 100% 50%; }\n            50% { background-position: 100% 100%; }\n            75% { background-position: 0% 100%; }\n            100% { background-position: 0% 50%; }\n        }\n\n        @keyframes patternFloat {\n            0% { transform: translateX(0) translateY(0); }\n            33% { transform: translateX(30px) translateY(-20px); }\n            66% { transform: translateX(-20px) translateY(10px); }\n            100% { transform: translateX(0) translateY(0); }\n        }\n\n        @keyframes neuralPulse {\n            0%, 100% { opacity: 0.08; }\n            50% { opacity: 0.2; }\n        }\n\n        @keyframes shineEffect {\n            0% { background-position: 200% 0; }\n            100% { background-position: -200% 0; }\n        }\n\n        @keyframes shine {\n            0% {\n                left: -100%;\n            }\n            20%, 100% {\n                left: 100%;\n            }\n        }\n\n        @keyframes float {\n            0%, 100% { transform: translateY(0px) rotate(0deg); }\n            33% { transform: translateY(-30px) rotate(120deg); }\n            66% { transform: translateY(15px) rotate(240deg); }\n        }\n\n        @media (max-width: 768px) {\n            .banner {\n                height: 320px;\n                padding: 30px 0;\n            }\n            \n            .content {\n                padding: 40px 20px;\n            }\n            \n            .cta-text {\n                font-size: 1.3rem;\n                margin-bottom: 12px;\n            }\n            \n            .cta-subheading {\n                font-size: 0.85rem;\n                margin-bottom: 20px;\n            }\n            \n            .cta-button {\n                padding: 14px 28px;\n                font-size: 0.95rem;\n            }\n        }\n    <\/style>\n<\/head>\n<body>\n    <div class=\"banner\">\n        <div class=\"animated-background\"><\/div>\n        \n        <div class=\"ai-pattern\"><\/div>\n        \n        <div class=\"neural-network\">\n            <div class=\"neural-line\"><\/div>\n            <div class=\"neural-line\"><\/div>\n            <div class=\"neural-line\"><\/div>\n        <\/div>\n        \n        <div class=\"floating-elements\">\n            <div class=\"floating-circle\"><\/div>\n            <div class=\"floating-circle\"><\/div>\n            <div class=\"floating-circle\"><\/div>\n            <div class=\"floating-circle\"><\/div>\n            <div class=\"floating-circle\"><\/div>\n        <\/div>\n        \n        <div class=\"content\">\n            <div class=\"cta-text\">Ready to explore the insights that drive smarter decisions?<\/div>\n            <div class=\"cta-subheading\">Contact our Research experts today.<\/div>\n            <a href=\"mailto:Research@sisinternational.com\" class=\"cta-button\">Contact us now!<\/a>\n        <\/div>\n    <\/div>\n<\/body>\n<\/html>\n\n\n\n<p><\/p>\n\n\n\n<h2 class=\"wp-block-heading\" id=\"future-trends\">Zukunftstrends<\/h2>\n\n\n\n<ul class=\"wp-block-list\">\n<li>Rasche Fortschritte in der Kerosinproduktionstechnologie markieren den Beginn einer neuen \u00c4ra gesteigerter Betriebseffizienz und Kosteneffizienz. Diese Fortschritte werden voraussichtlich zur Entwicklung rationalisierter Kerosinproduktionsprozesse f\u00fchren, was zwangsl\u00e4ufig zu einer deutlichen Preissenkung und einer beispiellosen Steigerung der Verf\u00fcgbarkeit f\u00fchren wird.<\/li>\n\n\n\n<li>Die boomenden Volkswirtschaften im asiatisch-pazifischen Raum und in Afrika f\u00fchren zu einer steigenden Nachfrage nach Flugreisen und damit nach Kerosin. Aufgrund dieser Faktoren und der Aufw\u00e4rtsentwicklung des Wirtschaftswachstums in diesen Regionen wird der Kerosinmarkt in den Schwellenm\u00e4rkten voraussichtlich weiter wachsen.<\/li>\n\n\n\n<li>Der Kerosinmarkt wird voraussichtlich durch bevorstehende regulatorische \u00c4nderungen erheblich beeinflusst werden. Es wird erwartet, dass staatliche Vorschriften eine entscheidende Rolle bei der F\u00f6rderung dieser \u00c4nderungen spielen werden, insbesondere im Hinblick auf die Entwicklung von Umweltvorschriften und m\u00f6glichen \u00c4nderungen der Kerosinverbrauchssteuern.<\/li>\n\n\n\n<li>Der aktuelle Trend auf dem Kerosinmarkt deutet auf eine Verschiebung hin zur Digitalisierung hin, bei der digitale Technologien voraussichtlich eine bedeutendere Rolle spielen werden. Unternehmen und Investoren konzentrieren sich auf fundierte Entscheidungen und nutzen fortschrittliche digitale Tools wie Datenanalyse, um Markttrends zu analysieren und wertvolle Erkenntnisse zu gewinnen. Diese Verschiebung hin zur Digitalisierung auf dem Kerosinmarkt unterstreicht die wachsende Bedeutung der Nutzung technologischer Fortschritte, um der Konkurrenz einen Schritt voraus zu sein und das Gesch\u00e4ftswachstum voranzutreiben.<\/li>\n<\/ul>\n\n\n\n<p>SIS International bietet quantitative, qualitative und strategische Forschung an. Wir liefern Daten, Tools, Strategien, Berichte und Erkenntnisse zur Entscheidungsfindung. Wir f\u00fchren Interviews, Umfragen, Fokusgruppen und viele andere Methoden und Ans\u00e4tze der Marktforschung durch. Kontaktieren Sie uns f\u00fcr Ihr n\u00e4chstes Marktforschungsprojekt.<\/p>\n\n\n<h2>Unser Standort in New York<\/h2>\n<p><!-- \/wp:post-content --> <!-- wp:html --> <iframe loading=\"lazy\" src=\"https:\/\/www.google.com\/maps\/embed?pb=!1m18!1m12!1m3!1d3022.976188376966!2d-73.99130312499956!3d40.740549471389315!2m3!1f0!2f0!3f0!3m2!1i1024!2i768!4f13.1!3m3!1m2!1s0x89c259a15798c731%3A0xd695d09bdd495f25!2s11%20E%2022nd%20St%20FL%202%2C%20New%20York%2C%20NY%2010010%2C%20USA!5e0!3m2!1sen!2spe!4v1726171763526!5m2!1sen!2spe\" width=\"600\" height=\"450\" allowfullscreen=\"allowfullscreen\" data-mce-fragment=\"1\"><\/iframe> <!-- \/wp:html --> <!-- wp:paragraph --><\/p>\n<h3 class=\"wp-block-heading\">11 E 22nd Street, Floor 2, New York, NY 10010 T: +1(212) 505-6805<\/h3>\n<hr \/>\n<h2><span style=\"font-weight: 400;\">\u00dcber SIS International<\/span><\/h2>\n<p><a href=\"https:\/\/www.sisinternational.com\/de\/\"><span style=\"font-weight: 400;\">SIS International<\/span><\/a><span style=\"font-weight: 400;\"> bietet quantitative, qualitative und strategische Forschung an. Wir liefern Daten, Tools, Strategien, Berichte und Erkenntnisse zur Entscheidungsfindung. Wir f\u00fchren auch Interviews, Umfragen, Fokusgruppen und andere Methoden und Ans\u00e4tze der Marktforschung durch.<\/span><a href=\"https:\/\/www.sisinternational.com\/de\/uber-sis-international-research\/contact-sis-international-market-research\/\"><span style=\"font-weight: 400;\"> Kontakt<\/span><\/a><span style=\"font-weight: 400;\"> f\u00fcr Ihr n\u00e4chstes Marktforschungsprojekt.<\/span><\/p>","protected":false},"excerpt":{"rendered":"<p>Da der globale Energiebedarf weiter steigt, d\u00fcrfte der Kerosinmarkt in absehbarer Zukunft ein erhebliches Wachstum verzeichnen.<\/p>","protected":false},"author":1,"featured_media":63379,"parent":14514,"menu_order":245,"comment_status":"closed","ping_status":"closed","template":"","meta":{"footnotes":""},"class_list":["post-42337","page","type-page","status-publish","has-post-thumbnail"],"_links":{"self":[{"href":"https:\/\/www.sisinternational.com\/de\/wp-json\/wp\/v2\/pages\/42337","targetHints":{"allow":["GET"]}}],"collection":[{"href":"https:\/\/www.sisinternational.com\/de\/wp-json\/wp\/v2\/pages"}],"about":[{"href":"https:\/\/www.sisinternational.com\/de\/wp-json\/wp\/v2\/types\/page"}],"author":[{"embeddable":true,"href":"https:\/\/www.sisinternational.com\/de\/wp-json\/wp\/v2\/users\/1"}],"replies":[{"embeddable":true,"href":"https:\/\/www.sisinternational.com\/de\/wp-json\/wp\/v2\/comments?post=42337"}],"version-history":[{"count":9,"href":"https:\/\/www.sisinternational.com\/de\/wp-json\/wp\/v2\/pages\/42337\/revisions"}],"predecessor-version":[{"id":77473,"href":"https:\/\/www.sisinternational.com\/de\/wp-json\/wp\/v2\/pages\/42337\/revisions\/77473"}],"up":[{"embeddable":true,"href":"https:\/\/www.sisinternational.com\/de\/wp-json\/wp\/v2\/pages\/14514"}],"wp:featuredmedia":[{"embeddable":true,"href":"https:\/\/www.sisinternational.com\/de\/wp-json\/wp\/v2\/media\/63379"}],"wp:attachment":[{"href":"https:\/\/www.sisinternational.com\/de\/wp-json\/wp\/v2\/media?parent=42337"}],"curies":[{"name":"wp","href":"https:\/\/api.w.org\/{rel}","templated":true}]}}