{"id":42328,"date":"2023-04-12T17:26:15","date_gmt":"2023-04-12T21:26:15","guid":{"rendered":"https:\/\/www.sisinternational.com\/?page_id=42328"},"modified":"2026-03-12T13:27:35","modified_gmt":"2026-03-12T17:27:35","slug":"marktforschung-fur-gesunde-nahrungsmittel-und-getranke","status":"publish","type":"page","link":"https:\/\/www.sisinternational.com\/de\/losungen\/marktforschung-fur-die-lebensmittel-und-getrankeindustrie\/marktforschung-fur-gesunde-nahrungsmittel-und-getranke\/","title":{"rendered":"Marktforschung f\u00fcr gesunde Lebensmittel und Getr\u00e4nke"},"content":{"rendered":"<h1 class=\"wp-block-heading\">Marktforschung f\u00fcr gesunde Lebensmittel und Getr\u00e4nke<\/h1>\n\n\n\n<figure class=\"gb-block-image gb-block-image-b77c985c\"><img loading=\"lazy\" decoding=\"async\" width=\"1456\" height=\"816\" class=\"gb-image gb-image-b77c985c\" src=\"https:\/\/www.sisinternational.com\/wp-content\/uploads\/2025\/08\/Mexican-food-lunch-11.jpg\" alt=\"SIS International Marktforschung &amp; Strategie\" title=\"Mexican food lunch (11)\" srcset=\"https:\/\/www.sisinternational.com\/wp-content\/uploads\/2025\/08\/Mexican-food-lunch-11.jpg 1456w, https:\/\/www.sisinternational.com\/wp-content\/uploads\/2025\/08\/Mexican-food-lunch-11-300x168.jpg 300w, https:\/\/www.sisinternational.com\/wp-content\/uploads\/2025\/08\/Mexican-food-lunch-11-1024x574.jpg 1024w, https:\/\/www.sisinternational.com\/wp-content\/uploads\/2025\/08\/Mexican-food-lunch-11-768x430.jpg 768w, https:\/\/www.sisinternational.com\/wp-content\/uploads\/2025\/08\/Mexican-food-lunch-11-18x10.jpg 18w\" sizes=\"auto, (max-width: 1456px) 100vw, 1456px\"><\/figure>\n\n\n\n<p><\/p>\n\n\n\n<p>Marktforschung zu gesunden Lebensmitteln und Getr\u00e4nken l\u00e4sst sich besser verstehen, wenn man die Wissenschaft der gesunden Ern\u00e4hrung versteht. Gesunde Ern\u00e4hrung ist mehr als nur ein Schlagwort oder ein Trend, sondern wird immer mehr zu einem Lebensstil. Je mehr man \u00fcber Ern\u00e4hrung und ihre Auswirkungen auf unsere Gesundheit erf\u00e4hrt, desto mehr entdecken viele, wie wichtig es ist, fundierte Entscheidungen dar\u00fcber zu treffen, was man isst.<\/p>\n\n\n\n<h2 class=\"wp-block-heading\">Nachfolgend sind einige Schl\u00fcsselfaktoren aufgef\u00fchrt, die die Wissenschaft der gesunden Ern\u00e4hrung ausmachen.<\/h2>\n\n\n\n<ul class=\"wp-block-list\">\n<li><strong>Makron\u00e4hrstoffe:<\/strong> Proteine, Kohlenhydrate und Fette, die den Gro\u00dfteil unserer Ern\u00e4hrung ausmachen. Diese N\u00e4hrstoffe liefern die Energie, die wir zum Funktionieren brauchen, aber nicht alle Quellen sind gleich. Pflanzliche Proteinquellen enthalten beispielsweise in der Regel weniger ges\u00e4ttigtes Fett und mehr Ballaststoffe als tierische Quellen, was sie insgesamt zu einer ges\u00fcnderen Wahl macht.<\/li>\n\n\n\n<li><strong>Mikron\u00e4hrstoffe:<\/strong> die Vitamine und Mineralien, die unser K\u00f6rper in kleineren Mengen ben\u00f6tigt. Diese N\u00e4hrstoffe sind f\u00fcr alles von der Knochengesundheit bis zur Immunfunktion unerl\u00e4sslich, und es ist entscheidend, genug davon zu sich zu nehmen, um gesund zu bleiben. Obst und Gem\u00fcse sind gro\u00dfartige Quellen f\u00fcr Mikron\u00e4hrstoffe und daher ein wesentlicher Bestandteil einer gesunden Ern\u00e4hrung.<\/li>\n\n\n\n<li><strong>N\u00e4hrstoffdichte:<\/strong> Damit ist gemeint, wie viele N\u00e4hrstoffe ein Lebensmittel im Verh\u00e4ltnis zu seinem Kaloriengehalt enth\u00e4lt. Eine Tasse Spinat enth\u00e4lt beispielsweise weitaus mehr N\u00e4hrstoffe als eine Tasse Limonade, obwohl sie m\u00f6glicherweise eine \u00e4hnliche Kalorienzahl aufweisen. Indem wir n\u00e4hrstoffreiche Lebensmittel w\u00e4hlen, k\u00f6nnen wir mehr N\u00e4hrstoffe aus unserer Ern\u00e4hrung gewinnen, ohne zu viele Kalorien zu uns zu nehmen.<\/li>\n\n\n\n<li><strong>Ausgewogenheit und M\u00e4\u00dfigung:<\/strong> W\u00e4hrend es wichtig ist, gesunde Lebensmittel zu w\u00e4hlen, ist es auch wichtig, nicht zu restriktiv zu sein oder uns die Lebensmittel vorzuenthalten, die wir gerne essen. Eine gesunde Ern\u00e4hrung liefert uns alle N\u00e4hrstoffe, die wir brauchen, und erlaubt uns dennoch, unsere Lieblingsspeisen in Ma\u00dfen zu genie\u00dfen.<\/li>\n<\/ul>\n\n\n\n<h2 class=\"wp-block-heading\">Gesunde Lebensmittel<\/h2>\n\n\n\n<p>Healthy food and <a class=\"wpil_keyword_link\" href=\"https:\/\/www.sisinternational.com\/de\/sachverstand\/branchen\/getrankemarktforschung\/\"   title=\"Getr\u00e4nkemarktforschung\" data-wpil-keyword-link=\"linked\"  data-wpil-monitor-id=\"699\">Getr\u00e4nkemarktforschung<\/a> covers a wide-range of products including the following:<\/p>\n\n\n\n<ul class=\"wp-block-list\">\n<li><strong>Fr\u00fcchte und Gem\u00fcse:<\/strong> Frische und tiefgek\u00fchlte Produkte sowie Obst und Gem\u00fcse in Dosen und getrocknete Fr\u00fcchte sind allesamt Teil der gesunden Lebensmittelindustrie.<\/li>\n\n\n\n<li><strong>Vollkorn:<\/strong> Dazu geh\u00f6ren Produkte wie Vollkornbrot, Naturreis, Quinoa und Haferflocken.<\/li>\n\n\n\n<li><strong>Schlanke Proteine:<\/strong> Lebensmittel wie H\u00fchnchen, Fisch, Tofu und Bohnen sind allesamt gute Proteinquellen mit geringerem Anteil ges\u00e4ttigter Fetts\u00e4uren.<\/li>\n\n\n\n<li><strong>N\u00fcsse und Samen:<\/strong> Sie liefern gesunde Fette, Proteine und Ballaststoffe und k\u00f6nnen pur gegessen oder Gerichten wie Salaten und Haferbrei hinzugef\u00fcgt werden.<\/li>\n\n\n\n<li><strong>Milchalternativen:<\/strong> Milchersatzprodukte, Joghurt und K\u00e4se aus Quellen wie Soja, Mandeln oder Kokosn\u00fcssen erfreuen sich in der Gesundheitsnahrungsbranche gro\u00dfer Beliebtheit.<\/li>\n\n\n\n<li><strong>Pflanzliche Fleischalternativen:<\/strong> Produkte wie vegetarische Burger, fleischlose W\u00fcrstchen und Tofu werden immer beliebter, da immer mehr Menschen nach M\u00f6glichkeiten suchen, ihren Fleischkonsum zu reduzieren.<\/li>\n\n\n\n<li><strong>Superfoods:<\/strong> Dabei handelt es sich um n\u00e4hrstoffreiche Lebensmittel wie Gr\u00fcnkohl, Blaubeeren und Lachs, denen eine Reihe gesundheitlicher Vorteile zugeschrieben wird.<\/li>\n\n\n\n<li><strong>Gesunde Snacks:<\/strong> Optionen wie frisches Obst, Gem\u00fcsesticks mit Hummus und Popcorn aus der Hei\u00dfluftmaschine sind in der Gesundheitskostbranche beliebt.<\/li>\n\n\n\n<li><strong>Bio- und Naturkost:<\/strong> Diese Produkte werden ohne den Einsatz synthetischer D\u00fcngemittel angebaut und gelten oft als ges\u00fcnder und umweltfreundlicher.<\/li>\n<\/ul>\n\n\n\n<h2 class=\"wp-block-heading\">Vorteile der Marktforschung im Bereich gesunde Lebensmittel und Getr\u00e4nke<\/h2>\n\n\n\n<figure class=\"gb-block-image gb-block-image-386cfe7e\"><img loading=\"lazy\" decoding=\"async\" width=\"1456\" height=\"816\" class=\"gb-image gb-image-386cfe7e\" src=\"https:\/\/www.sisinternational.com\/wp-content\/uploads\/2025\/08\/Organic-food-4.jpg\" alt=\"SIS International Marktforschung &amp; Strategie\" title=\"Organic food (4)\" srcset=\"https:\/\/www.sisinternational.com\/wp-content\/uploads\/2025\/08\/Organic-food-4.jpg 1456w, https:\/\/www.sisinternational.com\/wp-content\/uploads\/2025\/08\/Organic-food-4-300x168.jpg 300w, https:\/\/www.sisinternational.com\/wp-content\/uploads\/2025\/08\/Organic-food-4-1024x574.jpg 1024w, https:\/\/www.sisinternational.com\/wp-content\/uploads\/2025\/08\/Organic-food-4-768x430.jpg 768w, https:\/\/www.sisinternational.com\/wp-content\/uploads\/2025\/08\/Organic-food-4-18x10.jpg 18w\" sizes=\"auto, (max-width: 1456px) 100vw, 1456px\"><\/figure>\n\n\n\n<p><\/p>\n\n\n\n<p>Healthy food and <a href=\"https:\/\/www.sisinternational.com\/de\/losungen\/marktforschung-fur-die-lebensmittel-und-getrankeindustrie\/\" title=\"Lebensmittel- und Getr\u00e4nkeindustrie Marktforschung\"  data-wpil-monitor-id=\"3648\">Getr\u00e4nkemarktforschung<\/a> is a powerful tool for businesses that want to thrive in the industry. By conducting regular market research businesses or major key players in the industry can gain the following benefits:<\/p>\n\n\n\n<ol class=\"wp-block-list\">\n<li>Healthy <a href=\"https:\/\/www.sisinternational.com\/de\/sachverstand\/branchen\/abendessen-essen-getranke-marktforschung\/\" title=\"Marktforschung f\u00fcr Speisen und Getr\u00e4nke zum Abendessen\"  data-wpil-monitor-id=\"7168\">food and beverage market research<\/a> provides insights that are vital for businesses looking to gain a competitive advantage and achieve long-term success.<\/li>\n\n\n\n<li>Marktforschung zu gesunden Lebensmitteln und Getr\u00e4nken kann Unternehmen dabei helfen, \u00fcber die Ver\u00e4nderungen in ihrer Branche auf dem Laufenden zu bleiben. Diese Informationen k\u00f6nnen genutzt werden, um neue M\u00f6glichkeiten zu erkennen und der Konkurrenz einen Schritt voraus zu sein.<\/li>\n\n\n\n<li>Daten und Strategien aus der Marktforschung zu gesunden Lebensmitteln und Getr\u00e4nken k\u00f6nnen Unternehmen dabei helfen, ihre Zielm\u00e4rkte anhand von Faktoren wie Demografie und Verhalten zu identifizieren und zu segmentieren, damit sie ihre Marketing- und Verkaufsanstrengungen f\u00fcr eine maximale Wirkung anpassen k\u00f6nnen.<\/li>\n\n\n\n<li>Mithilfe von Marktforschung k\u00f6nnen Unternehmen potenzielle Partner und Kooperationspartner identifizieren und erg\u00e4nzende Produkte oder Dienstleistungen ermitteln, mit denen sie ihre Marktreichweite vergr\u00f6\u00dfern und den Umsatz steigern k\u00f6nnen.<\/li>\n\n\n\n<li>Durch Marktforschung erh\u00e4lt man Erkenntnisse zur Markenbekanntheit und kann M\u00f6glichkeiten zur Steigerung der Markensichtbarkeit und zur Nutzung sozialer Medien oder anderer Initiativen zur Steigerung der Markenbekanntheit identifizieren.<\/li>\n<\/ol>\n\n\n\n<h2 class=\"wp-block-heading\">Treiber in der Marktforschung f\u00fcr gesunde Lebensmittel und Getr\u00e4nke<\/h2>\n\n\n\n<h3 class=\"wp-block-heading\">Der Markt f\u00fcr gesunde Lebensmittel wird von zahlreichen Faktoren beeinflusst, darunter:<\/h3>\n\n\n\n<ul class=\"wp-block-list\">\n<li><strong>Gesundheits- und Wellnesstrends: <\/strong>Da sich die Menschen immer mehr f\u00fcr Gesundheit und Wohlbefinden interessieren, steigt auch die Nachfrage nach ges\u00fcnderen Nahrungsmitteln. Verbraucher suchen nach Nahrungsmitteln mit weniger Zucker, Salz und ungesunden Fetten und suchen nach Vollwertkost, pflanzlicher Ern\u00e4hrung und nat\u00fcrlichen oder biologischen Produkten.<\/li>\n\n\n\n<li><strong>Richtlinien und Vorschriften: <\/strong>Regulierungsbeh\u00f6rden auf der ganzen Welt f\u00fchren Vorschriften zur F\u00f6rderung einer ges\u00fcnderen Ern\u00e4hrung ein, etwa Vorschriften zur N\u00e4hrwertkennzeichnung, Steuern auf zuckerhaltige Getr\u00e4nke und Beschr\u00e4nkungen f\u00fcr die Vermarktung ungesunder Lebensmittel an Kinder.<\/li>\n\n\n\n<li><strong>Umweltsorgen: <\/strong>Da sich immer mehr Menschen der Auswirkungen der Lebensmittelproduktion auf die Umwelt bewusst werden, steigt die Nachfrage nach nachhaltigen und ethischen Lebensmitteln. Dazu geh\u00f6ren Lebensmittel, die mit umweltfreundlichen Methoden hergestellt werden, sowie solche, die auf eine Weise produziert werden, die den Tierschutz f\u00f6rdert.<\/li>\n\n\n\n<li><strong>Innovation und Technologie: <\/strong>Neue Technologien ver\u00e4ndern die Art und Weise, wie Lebensmittel produziert, verarbeitet und verteilt werden. Dazu geh\u00f6ren die Entwicklung pflanzlicher Fleischalternativen, vertikaler Anbau und neue Modelle f\u00fcr die Lebensmittellieferung.<\/li>\n<\/ul>\n\n\n\n<h2 class=\"wp-block-heading\">Die wichtigsten Methoden der Marktforschung f\u00fcr gesunde Lebensmittel und Getr\u00e4nke<\/h2>\n\n\n\n<figure class=\"gb-block-image gb-block-image-08a05182\"><img loading=\"lazy\" decoding=\"async\" width=\"1456\" height=\"816\" class=\"gb-image gb-image-08a05182\" src=\"https:\/\/www.sisinternational.com\/wp-content\/uploads\/2025\/08\/japanese-food-suchi-8.jpg\" alt=\"SIS International Marktforschung &amp; Strategie\" title=\"japanese food suchi (8)\" srcset=\"https:\/\/www.sisinternational.com\/wp-content\/uploads\/2025\/08\/japanese-food-suchi-8.jpg 1456w, https:\/\/www.sisinternational.com\/wp-content\/uploads\/2025\/08\/japanese-food-suchi-8-300x168.jpg 300w, https:\/\/www.sisinternational.com\/wp-content\/uploads\/2025\/08\/japanese-food-suchi-8-1024x574.jpg 1024w, https:\/\/www.sisinternational.com\/wp-content\/uploads\/2025\/08\/japanese-food-suchi-8-768x430.jpg 768w, https:\/\/www.sisinternational.com\/wp-content\/uploads\/2025\/08\/japanese-food-suchi-8-18x10.jpg 18w\" sizes=\"auto, (max-width: 1456px) 100vw, 1456px\"><\/figure>\n\n\n\n<p><\/p>\n\n\n\n<p>Es gibt mehrere Methoden, die in der Marktforschung f\u00fcr gesunde Lebensmittel und Getr\u00e4nke h\u00e4ufig verwendet werden, um Daten und Strategien f\u00fcr die Marktforschung f\u00fcr gesunde Lebensmittel und Getr\u00e4nke zu finden. Zu diesen Methoden geh\u00f6ren:<\/p>\n\n\n\n<ul class=\"wp-block-list\">\n<li>Umfragen sind eine der am h\u00e4ufigsten verwendeten Methoden in der Marktforschung. Sie k\u00f6nnen online, pers\u00f6nlich oder telefonisch durchgef\u00fchrt werden und k\u00f6nnen verwendet werden, um Daten zu einer breiten Palette von Themen wie Verbraucherpr\u00e4ferenzen, Einstellungen und Verhaltensweisen zu sammeln.<\/li>\n\n\n\n<li>Interviews k\u00f6nnen pers\u00f6nlich oder telefonisch durchgef\u00fchrt werden und werden h\u00e4ufig verwendet, um detaillierte Einblicke in die Vorlieben, Verhaltensweisen und Motivationen der Verbraucher zu gewinnen. Interviews k\u00f6nnen auch in Fokusgruppen durchgef\u00fchrt werden und werden h\u00e4ufig verwendet, um qualitative Einblicke in die Meinungen, Einstellungen und Verhaltensweisen der Verbraucher zu gewinnen.<\/li>\n\n\n\n<li>Bei der Online-Analyse geht es darum, das Verhalten von Verbrauchern auf Websites, Social-Media-Plattformen und anderen Online-Kan\u00e4len zu verfolgen. So lassen sich Daten zu Verbraucherpr\u00e4ferenzen, Verhaltensweisen und Trends sammeln.<\/li>\n\n\n\n<li>Bei der Verkaufsdatenanalyse werden Verkaufsdaten analysiert, um Erkenntnisse \u00fcber Verbraucherpr\u00e4ferenzen und -verhalten zu gewinnen. Dazu k\u00f6nnen die Analyse von Verkaufstrends, die Identifizierung beliebter Produkte und das Verst\u00e4ndnis des Kaufverhaltens der Verbraucher geh\u00f6ren.<\/li>\n<\/ul>\n\n\n\n<h2 class=\"wp-block-heading\">\u00dcber Marktforschung f\u00fcr gesunde Lebensmittel und Getr\u00e4nke<\/h2>\n\n\n\n<p>Durch Marktforschung zu gesunden Lebensmitteln und Getr\u00e4nken k\u00f6nnen Unternehmen ihre Zielkunden, deren Bed\u00fcrfnisse und Vorlieben besser verstehen. Wichtige Akteure der Branche k\u00f6nnen fundierte Entscheidungen \u00fcber Produktentwicklung, Preisgestaltung und Marketingstrategien treffen. All dies kann letztendlich zu einer h\u00f6heren Erfolgswahrscheinlichkeit auf dem Markt f\u00fcr gesunde Lebensmittel f\u00fchren und Unternehmen helfen, kostspielige Fehler zu vermeiden.<\/p>","protected":false},"excerpt":{"rendered":"<p>Die Marktforschung f\u00fcr gesunde Lebensmittel und Getr\u00e4nke liefert wichtige Gesch\u00e4ftseinblicke, da sich immer mehr Menschen f\u00fcr Gesundheit und Wohlbefinden interessieren.<\/p>","protected":false},"author":1,"featured_media":63963,"parent":22018,"menu_order":241,"comment_status":"closed","ping_status":"closed","template":"","meta":{"footnotes":""},"class_list":["post-42328","page","type-page","status-publish","has-post-thumbnail"],"_links":{"self":[{"href":"https:\/\/www.sisinternational.com\/de\/wp-json\/wp\/v2\/pages\/42328","targetHints":{"allow":["GET"]}}],"collection":[{"href":"https:\/\/www.sisinternational.com\/de\/wp-json\/wp\/v2\/pages"}],"about":[{"href":"https:\/\/www.sisinternational.com\/de\/wp-json\/wp\/v2\/types\/page"}],"author":[{"embeddable":true,"href":"https:\/\/www.sisinternational.com\/de\/wp-json\/wp\/v2\/users\/1"}],"replies":[{"embeddable":true,"href":"https:\/\/www.sisinternational.com\/de\/wp-json\/wp\/v2\/comments?post=42328"}],"version-history":[{"count":8,"href":"https:\/\/www.sisinternational.com\/de\/wp-json\/wp\/v2\/pages\/42328\/revisions"}],"predecessor-version":[{"id":80731,"href":"https:\/\/www.sisinternational.com\/de\/wp-json\/wp\/v2\/pages\/42328\/revisions\/80731"}],"up":[{"embeddable":true,"href":"https:\/\/www.sisinternational.com\/de\/wp-json\/wp\/v2\/pages\/22018"}],"wp:featuredmedia":[{"embeddable":true,"href":"https:\/\/www.sisinternational.com\/de\/wp-json\/wp\/v2\/media\/63963"}],"wp:attachment":[{"href":"https:\/\/www.sisinternational.com\/de\/wp-json\/wp\/v2\/media?parent=42328"}],"curies":[{"name":"wp","href":"https:\/\/api.w.org\/{rel}","templated":true}]}}