{"id":42325,"date":"2023-04-12T15:56:56","date_gmt":"2023-04-12T19:56:56","guid":{"rendered":"https:\/\/www.sisinternational.com\/?page_id=42325"},"modified":"2026-03-12T13:27:11","modified_gmt":"2026-03-12T17:27:11","slug":"halal-marktforschung","status":"publish","type":"page","link":"https:\/\/www.sisinternational.com\/de\/losungen\/marktforschung-fur-die-lebensmittel-und-getrankeindustrie\/halal-marktforschung\/","title":{"rendered":"Halal-Marktforschung"},"content":{"rendered":"<h1 class=\"wp-block-heading\">Halal-Marktforschung<\/h1>\n\n\n\n<figure class=\"gb-block-image gb-block-image-ba45e760\"><img loading=\"lazy\" decoding=\"async\" width=\"1456\" height=\"816\" class=\"gb-image gb-image-ba45e760\" src=\"https:\/\/www.sisinternational.com\/wp-content\/uploads\/2025\/08\/Halal-muslim-arab-19.jpg\" alt=\"SIS International Marktforschung &amp; Strategie\" title=\"Halal muslim arab (19)\" srcset=\"https:\/\/www.sisinternational.com\/wp-content\/uploads\/2025\/08\/Halal-muslim-arab-19.jpg 1456w, https:\/\/www.sisinternational.com\/wp-content\/uploads\/2025\/08\/Halal-muslim-arab-19-300x168.jpg 300w, https:\/\/www.sisinternational.com\/wp-content\/uploads\/2025\/08\/Halal-muslim-arab-19-1024x574.jpg 1024w, https:\/\/www.sisinternational.com\/wp-content\/uploads\/2025\/08\/Halal-muslim-arab-19-768x430.jpg 768w, https:\/\/www.sisinternational.com\/wp-content\/uploads\/2025\/08\/Halal-muslim-arab-19-18x10.jpg 18w\" sizes=\"auto, (max-width: 1456px) 100vw, 1456px\"><\/figure>\n\n\n\n<p><\/p>\n\n\n\n<h2 class=\"wp-block-heading p1\">Der Islam ist nach dem Christentum die zweitgr\u00f6\u00dfte Religion der Welt.<\/h2>\n\n\n\n<p class=\"p1\">Es gibt weltweit etwa 1,9 Milliarden Anh\u00e4nger. Folglich ist davon auszugehen, dass diese gro\u00dfe Zahl die Nachfrage nach Verbrauchs- und Nichtverbrauchsprodukten beeinflussen wird.<\/p>\n\n\n\n<p class=\"p1\">\u00c4hnlich wie bei koscheren Speisen befolgen Muslime strenge islamische Speisevorschriften. Halal-Lebensmittel und -Getr\u00e4nke werden bevorzugt und Gl\u00e4ubigen ist der Verzehr von Haram oder verbotenen Lebensmitteln untersagt. Halal ist ein Begriff, der allgemein mit Lebensmitteln und Getr\u00e4nken in Verbindung gebracht wird, die nach islamischem Recht zul\u00e4ssig sind. Der Begriff Halal geht jedoch \u00fcber Lebensmittel hinaus und umfasst auch Produkte und Dienstleistungen, die islamischen Grunds\u00e4tzen entsprechen, wie Kleidung, Kosmetika, Arzneimittel und Finanzdienstleistungen.<\/p>\n\n\n\n<p class=\"p1\">Der globale Halal-Markt ist in den letzten Jahren rasant gewachsen. Der Grund daf\u00fcr ist die steigende Nachfrage seitens der muslimischen Bev\u00f6lkerung und das zunehmende Bewusstsein der Nichtmuslime f\u00fcr die gesundheitlichen und ethischen Vorteile von Halal-Produkten.<\/p>\n\n\n\n<p class=\"p1\">Der Markt ist zunehmend wettbewerbsorientierter geworden, da viele gro\u00dfe Marken und Unternehmen darum wetteifern, den lukrativen Halal-Markt zu erschlie\u00dfen. Hier ist eine Marktforschung, in der wir die Trends, Chancen und Herausforderungen auf dem Halal-Markt untersuchen und Einblicke in das Verbraucherverhalten und die Vorlieben der muslimischen und nichtmuslimischen Bev\u00f6lkerung gegen\u00fcber Halal-Produkten und -Dienstleistungen geben.<\/p>\n\n\n\n<h2 class=\"wp-block-heading p4\">Was ist Halal?<\/h2>\n\n\n\n<figure class=\"gb-block-image gb-block-image-d89e4a03\"><img loading=\"lazy\" decoding=\"async\" width=\"1456\" height=\"816\" class=\"gb-image gb-image-d89e4a03\" src=\"https:\/\/www.sisinternational.com\/wp-content\/uploads\/2025\/08\/Halal-muslim-arab-4.jpg\" alt=\"SIS International Marktforschung &amp; Strategie\" title=\"Halal muslim arab (4)\" srcset=\"https:\/\/www.sisinternational.com\/wp-content\/uploads\/2025\/08\/Halal-muslim-arab-4.jpg 1456w, https:\/\/www.sisinternational.com\/wp-content\/uploads\/2025\/08\/Halal-muslim-arab-4-300x168.jpg 300w, https:\/\/www.sisinternational.com\/wp-content\/uploads\/2025\/08\/Halal-muslim-arab-4-1024x574.jpg 1024w, https:\/\/www.sisinternational.com\/wp-content\/uploads\/2025\/08\/Halal-muslim-arab-4-768x430.jpg 768w, https:\/\/www.sisinternational.com\/wp-content\/uploads\/2025\/08\/Halal-muslim-arab-4-18x10.jpg 18w\" sizes=\"auto, (max-width: 1456px) 100vw, 1456px\"><\/figure>\n\n\n\n<p><\/p>\n\n\n\n<p class=\"p1\">Halal ist ein arabischer Begriff, der sich auf alles bezieht, was nach islamischem Recht zul\u00e4ssig oder erlaubt ist. In der islamischen Tradition gibt es bestimmte Richtlinien und Einschr\u00e4nkungen, die bestimmen, was Muslime essen, trinken, tragen und tun d\u00fcrfen. Beispielsweise ist es Muslimen verboten, Schweinefleisch, Alkohol und Fleisch von Tieren zu konsumieren, die nicht auf eine bestimmte Art und Weise geschlachtet wurden.<\/p>\n\n\n\n<p class=\"p1\">Der Begriff \u201ehalal\u201c geht \u00fcber blo\u00dfe Ern\u00e4hrungseinschr\u00e4nkungen hinaus und umfasst alle Aspekte des Lebens, einschlie\u00dflich Finanztransaktionen und ethisches Verhalten. Damit etwas als \u201ehalal\u201c gilt, muss es diese Richtlinien und Beschr\u00e4nkungen einhalten, die aus dem Koran und der Sunna (den Lehren und Praktiken des Propheten Mohammed) abgeleitet sind.<\/p>\n\n\n\n<h2 class=\"wp-block-heading p4\">Was ist eine Halal-Zertifizierung?<\/h2>\n\n\n\n<p class=\"p1\">Bei der Halal-Zertifizierung handelt es sich um ein Verfahren, bei dem ein Produkt, eine Dienstleistung oder eine Einrichtung bewertet und zertifiziert wird, ob es den islamischen Ern\u00e4hrungs- und Ethikanforderungen entspricht. Diese Zertifizierung wird in der Regel von einer Halal-Zertifizierungsstelle ausgestellt, die sicherstellt, dass das Produkt oder die Dienstleistung gem\u00e4\u00df den islamischen Grunds\u00e4tzen hergestellt wurde.<\/p>\n\n\n\n<h2 class=\"wp-block-heading p4\">Warum ist es wichtig, Halal-Marktforschung durchzuf\u00fchren?<\/h2>\n\n\n\n<p class=\"p1\">Es gibt mehrere Gr\u00fcnde, warum die Durchf\u00fchrung einer Halal-Marktforschung wichtig ist:<\/p>\n\n\n\n<ul class=\"wp-block-list ul1\">\n<li><b>Wachsender Markt:<\/b> Der globale Halal-Markt w\u00e4chst rasant und hat einen gesch\u00e4tzten Wert von \u00fcber $2 Billionen. Dies stellt f\u00fcr Unternehmen eine bedeutende Chance dar, einen neuen und wachsenden Markt zu erschlie\u00dfen.<\/li>\n\n\n\n<li><b>Demografischer Wandel:<\/b> Die muslimische Bev\u00f6lkerung ist die am schnellsten wachsende Bev\u00f6lkerungsgruppe weltweit. In den n\u00e4chsten zehn Jahren wird ein Anstieg von 1,9 Milliarden auf 2,2 Milliarden erwartet. Dies stellt einen riesigen potenziellen Markt f\u00fcr Halal-Produkte und -Dienstleistungen dar.<\/li>\n\n\n\n<li><b>Sensibilisierung f\u00fcr ethische und gesunde Alternativen:<\/b> Das Bewusstsein f\u00fcr Halal-Produkte steigt unter Nichtmuslimen, die nach ethischen und gesunden Alternativen suchen. Dieser Trend schafft neue M\u00f6glichkeiten f\u00fcr Unternehmen, ihren Kundenstamm zu erweitern.<\/li>\n\n\n\n<li><b>Kulturelle sensibilit\u00e4t:<\/b> Halal-Marktforschung ist f\u00fcr Unternehmen wichtig, um die kulturellen Empfindlichkeiten und Bed\u00fcrfnisse muslimischer Verbraucher zu verstehen. Dazu geh\u00f6rt auch, ihre Ern\u00e4hrungseinschr\u00e4nkungen, religi\u00f6sen \u00dcberzeugungen und kulturellen Vorlieben zu verstehen.<\/li>\n\n\n\n<li><b>Wettbewerbsvorteil: <\/b>Durch die Durchf\u00fchrung von Halal-Marktforschung k\u00f6nnen Unternehmen durch die Identifizierung neuer Trends und Verbraucherpr\u00e4ferenzen einen Wettbewerbsvorteil erzielen und so neue Produkte und Dienstleistungen entwickeln, die den Anforderungen dieses wachsenden Marktes gerecht werden.<\/li>\n<\/ul>\n\n\n\n<p class=\"p1\">Insgesamt ist die Durchf\u00fchrung von Halal-Marktforschung f\u00fcr Unternehmen unerl\u00e4sslich, um auf dem heutigen globalen Markt relevant und wettbewerbsf\u00e4hig zu bleiben. Sie bietet Einblicke in die besonderen Bed\u00fcrfnisse und Vorlieben muslimischer Verbraucher und hilft Unternehmen, Strategien zu entwickeln, um ihren sich entwickelnden Bed\u00fcrfnissen gerecht zu werden.<\/p>\n\n\n\n<h2 class=\"wp-block-heading p4\">Trends und Chancen im Halal-Markt<\/h2>\n\n\n\n<figure class=\"gb-block-image gb-block-image-454bba28\"><img loading=\"lazy\" decoding=\"async\" width=\"1456\" height=\"816\" class=\"gb-image gb-image-454bba28\" src=\"https:\/\/www.sisinternational.com\/wp-content\/uploads\/2025\/08\/Halal-muslim-arab-7.jpg\" alt=\"SIS International Marktforschung &amp; Strategie\" title=\"Halal muslim arab (7)\" srcset=\"https:\/\/www.sisinternational.com\/wp-content\/uploads\/2025\/08\/Halal-muslim-arab-7.jpg 1456w, https:\/\/www.sisinternational.com\/wp-content\/uploads\/2025\/08\/Halal-muslim-arab-7-300x168.jpg 300w, https:\/\/www.sisinternational.com\/wp-content\/uploads\/2025\/08\/Halal-muslim-arab-7-1024x574.jpg 1024w, https:\/\/www.sisinternational.com\/wp-content\/uploads\/2025\/08\/Halal-muslim-arab-7-768x430.jpg 768w, https:\/\/www.sisinternational.com\/wp-content\/uploads\/2025\/08\/Halal-muslim-arab-7-18x10.jpg 18w\" sizes=\"auto, (max-width: 1456px) 100vw, 1456px\"><\/figure>\n\n\n\n<p><\/p>\n\n\n\n<p class=\"p1\">Der Halal-Markt hat in den letzten Jahren ein deutliches Wachstum erlebt, das von mehreren Trends und Chancen angetrieben wurde. Hier sind einige der wichtigsten Trends und Chancen auf dem Halal-Markt:<\/p>\n\n\n\n<ul class=\"wp-block-list ul1\">\n<li><b>Wachsende muslimische Bev\u00f6lkerung: <\/b>Da die muslimische Bev\u00f6lkerung weiter w\u00e4chst, steigt auch die Nachfrage nach Halal-Produkten und -Dienstleistungen. F\u00fcr Unternehmen stellt dies eine gro\u00dfe Chance dar, diesen Markt zu erschlie\u00dfen.<\/li>\n\n\n\n<li><b>Technologie und Innovation:<\/b> Dank technologischer Fortschritte k\u00f6nnen Unternehmen neue Halal-Produkte und -Dienstleistungen entwickeln, die den sich wandelnden Bed\u00fcrfnissen muslimischer Verbraucher gerecht werden. So erfreuen sich beispielsweise Halal-E-Commerce-Plattformen und mobile Anwendungen zunehmender Beliebtheit.<\/li>\n\n\n\n<li><b>Erweiterung der Halal-Zertifizierung:<\/b> Der globale Markt f\u00fcr Halal-Zertifizierungen w\u00e4chst, und immer mehr L\u00e4nder und Branchen f\u00fchren Halal-Zertifizierungen ein. Dies bietet Unternehmen die M\u00f6glichkeit, ihre Marktreichweite zu erweitern, indem sie f\u00fcr ihre Produkte und Dienstleistungen eine Halal-Zertifizierung erhalten.<\/li>\n\n\n\n<li><b>Halal-Tourismusbranche<\/b>: Die Halal-Tourismusbranche w\u00e4chst, da muslimische Reisende nach halal-freundlichen Reisezielen und Erlebnissen suchen. Dies bietet Chancen f\u00fcr Unternehmen im Gastgewerbe, Tourismus und Reisesektor.<\/li>\n\n\n\n<li><b>Steigende Nachfrage nach Fleischalternativen:<\/b> Die meisten Tiefk\u00fchlfleischprodukte bestehen aus Schweinefleisch oder basieren auf Schweinefleisch, weshalb Unternehmen und Marken begannen, Fleischalternativen anzubieten. Unter anderen Lebensmitteln verzeichnen Fleisch und Fleischalternativen trotz eines kurzen R\u00fcckgangs im Jahr 2021 das h\u00f6chste konstante Wachstum und werden dies voraussichtlich auch im kommenden Jahrzehnt bleiben.<\/li>\n<\/ul>\n\n\n\n<h2 class=\"wp-block-heading p4\">Herausforderungen bei Investitionen in den Halal-Markt<\/h2>\n\n\n\n<p class=\"p1\">Der Halal-Markt bietet zwar erhebliche Chancen, es gibt jedoch auch einige Herausforderungen, mit denen Unternehmen bei Investitionen in diesen Markt konfrontiert werden k\u00f6nnen:<\/p>\n\n\n\n<ul class=\"wp-block-list ul1\">\n<li><b>Halal-Zertifizierung und fehlende Standardisierung:<\/b> Die Erlangung einer Halal-Zertifizierung f\u00fcr Produkte und Dienstleistungen kann ein komplexer und kostspieliger Prozess sein, insbesondere f\u00fcr kleine und mittlere Unternehmen. Dies kann eine Eintrittsbarriere f\u00fcr Unternehmen darstellen, die den Halal-Markt erschlie\u00dfen m\u00f6chten. Derzeit gibt es keinen universellen Standard f\u00fcr die Halal-Zertifizierung, was bei Verbrauchern und Unternehmen zu Verwirrung f\u00fchren kann. Dies kann es Unternehmen auch erschweren, in neue M\u00e4rkte zu expandieren, da sie m\u00f6glicherweise mehrere Zertifizierungen erwerben m\u00fcssen, um die lokalen Anforderungen zu erf\u00fcllen.<\/li>\n\n\n\n<li><b>Begrenztes Bewusstsein f\u00fcr Halal-Produkte:<\/b> Trotz des wachsenden Bewusstseins f\u00fcr Halal-Produkte besteht bei nichtmuslimischen Verbrauchern immer noch ein Mangel an Verst\u00e4ndnis f\u00fcr den Halal-Markt. Dies kann den potenziellen Kundenstamm f\u00fcr Unternehmen einschr\u00e4nken, die sich auf Halal-Produkte und -Dienstleistungen spezialisiert haben.<\/li>\n\n\n\n<li><b>Vertrieb und Logistik:<\/b> Distribution and logistics can be a challenge for businesses operating in the <a href=\"https:\/\/www.sisinternational.com\/de\/sachverstand\/branchen\/marktforschung-fur-drittanbieterlogistik\/\" title=\"Marktforschung f\u00fcr Drittanbieterlogistik\"  data-wpil-monitor-id=\"7597\">halal<\/a> market, particularly for those operating in multiple markets. Ensuring that products are transported and stored in accordance with halal requirements can add complexity and cost to the supply chain.<\/li>\n\n\n\n<li><b>Kulturelle sensibilit\u00e4t:<\/b> Halal-Produkte und -Dienstleistungen sind eng mit kulturellen und religi\u00f6sen \u00dcberzeugungen verkn\u00fcpft. Daher ist es wichtig, dass Unternehmen diese \u00dcberzeugungen verstehen und respektieren. Andernfalls kann dies zu negativen Wahrnehmungen bei den Verbrauchern und zu einer Sch\u00e4digung des Rufs der Marke f\u00fchren. Ein weiteres Problem ist, dass die meisten europ\u00e4ischen L\u00e4nder das traditionelle muslimische Schlachten von Tieren verbieten und damit den Zugang zu Halal-Fleisch einschr\u00e4nken.<\/li>\n<\/ul>\n\n\n\n<h2 class=\"wp-block-heading\">Was ist Halal-Marktforschung?<\/h2>\n\n\n\n<figure class=\"gb-block-image gb-block-image-4b96c2f7\"><img loading=\"lazy\" decoding=\"async\" width=\"1456\" height=\"816\" class=\"gb-image gb-image-4b96c2f7\" src=\"https:\/\/www.sisinternational.com\/wp-content\/uploads\/2025\/08\/Halal-muslim-arab-14.jpg\" alt=\"SIS International Marktforschung &amp; Strategie\" title=\"Halal muslim arab (14)\" srcset=\"https:\/\/www.sisinternational.com\/wp-content\/uploads\/2025\/08\/Halal-muslim-arab-14.jpg 1456w, https:\/\/www.sisinternational.com\/wp-content\/uploads\/2025\/08\/Halal-muslim-arab-14-300x168.jpg 300w, https:\/\/www.sisinternational.com\/wp-content\/uploads\/2025\/08\/Halal-muslim-arab-14-1024x574.jpg 1024w, https:\/\/www.sisinternational.com\/wp-content\/uploads\/2025\/08\/Halal-muslim-arab-14-768x430.jpg 768w, https:\/\/www.sisinternational.com\/wp-content\/uploads\/2025\/08\/Halal-muslim-arab-14-18x10.jpg 18w\" sizes=\"auto, (max-width: 1456px) 100vw, 1456px\"><\/figure>\n\n\n\n<p><\/p>\n\n\n\n<p>Halal market research is a type of market research that focuses specifically on the Halal industry, which includes products and services that comply with Islamic law. The <a href=\"https:\/\/www.sisinternational.com\/de\/losungen\/ai-marktforschung-und-strategieberatung\/objekterkennung-ki-marktforschung\/\" title=\"Marktforschung zur Objekterkennung mit KI\"  data-wpil-monitor-id=\"7311\">objective of Halal market research<\/a> is to understand the needs, preferences, and behaviors of Muslim consumers, as well as the trends and factors that impact the Halal industry.<\/p>\n\n\n\n<p>Halal-Marktforschung kann ein breites Spektrum an Themen abdecken, darunter Verbraucherverhalten, Markttrends, Produktentwicklung, Vertriebskan\u00e4le und<a href=\"https:\/\/www.sisinternational.com\/de\/losungen\/sis-verkaufsstrategien\/\"> Marketing Strategien<\/a>Die Forschung kann mithilfe unterschiedlicher Methoden durchgef\u00fchrt werden, beispielsweise Umfragen, Fokusgruppen, Interviews, Online- und Verkaufsanalysen sowie Beobachtungsstudien.<\/p>\n\n\n\n<h2 class=\"wp-block-heading\">Umfang der Halal-Marktforschung<\/h2>\n\n\n\n<h3 class=\"wp-block-heading\">Zu den wichtigsten Bereichen geh\u00f6ren unter anderem die folgenden:<\/h3>\n\n\n\n<ul class=\"wp-block-list\">\n<li><strong>Markt f\u00fcr Halal-Lebensmittel und -Getr\u00e4nke:<\/strong> Dabei werden die Verbraucherpr\u00e4ferenzen f\u00fcr Halal-zertifizierte Lebensmittel und Getr\u00e4nke sowie Trends und Innovationen in der Branche erforscht.<\/li>\n\n\n\n<li><strong>Halal <\/strong><a href=\"https:\/\/www.sisinternational.com\/de\/sachverstand\/branchen\/pharmamarktforschung-2\/\" title=\"Pharmazeutische Marktforschung\"  data-wpil-monitor-id=\"3470\">pharmaceutical and healthcare market: This involves researching<\/a> consumer preferences for Halal-certified pharmaceuticals and healthcare products, as well as trends and innovations in the industry.<\/li>\n\n\n\n<li><strong>Markt f\u00fcr Halal-Kosmetik und K\u00f6rperpflege:<\/strong> Dabei werden die Verbraucherpr\u00e4ferenzen f\u00fcr Halal-zertifizierte Kosmetik- und K\u00f6rperpflegeprodukte sowie Trends und Innovationen in der Branche erforscht.<\/li>\n<\/ul>\n\n\n\n<p>Halal market research is important for businesses that want to succeed in the Halal industry. By understanding the needs and preferences of Muslim consumers, businesses can develop products and services that meet their expectations and build trust and loyalty among this important consumer group. This research can also help businesses identify new breakthroughs for growth and modernization in the <a href=\"https:\/\/www.sisinternational.com\/de\/sachverstand\/branchen\/metaverse-marktforschung\/\" title=\"Metaverse-Marktforschung\"  data-wpil-monitor-id=\"4778\">Halal<\/a> market, and develop effective marketing strategies to reach and engage Muslim consumers.<\/p>\n\n\n\n<h2 class=\"wp-block-heading\">Liste der im Halal-Lebensmittel- und Getr\u00e4nkemarkt enthaltenen Produkte<\/h2>\n\n\n\n<p>Der Markt f\u00fcr Halal-Lebensmittel und -Getr\u00e4nke umfasst eine breite Palette von Produkten, die gem\u00e4\u00df den islamischen Speisegesetzen zubereitet und hergestellt werden.<\/p>\n\n\n\n<h3 class=\"wp-block-heading\">Hier sind einige Beispiele f\u00fcr Produkte im Halal-Lebensmittel- und Getr\u00e4nkemarkt:<\/h3>\n\n\n\n<ul class=\"wp-block-list\">\n<li>Fleisch- und Gefl\u00fcgelprodukte stammen von Tieren, die nach islamischem Recht aufgezogen und geschlachtet werden. Dazu geh\u00f6ren Rind, Lamm, Ziege, Huhn und Truthahn.<\/li>\n\n\n\n<li>Zu den Halal-Meeresfr\u00fcchteprodukten z\u00e4hlen Fisch, Garnelen und andere Meeresfr\u00fcchte, die mit Halal-Methoden gefangen oder gez\u00fcchtet werden.<\/li>\n\n\n\n<li>Zu den Milchprodukten z\u00e4hlen Milch, K\u00e4se und Joghurt, die von Tieren hergestellt werden, die nach islamischem Recht aufgezogen und geschlachtet werden.<\/li>\n\n\n\n<li>Zu Halal-Getreide und -Cerealien z\u00e4hlen Reis, Weizen, Hafer und andere Getreidesorten, die nicht mit haram (verbotenen) Zutaten verarbeitet werden.<\/li>\n\n\n\n<li>Zu Obst und Gem\u00fcse z\u00e4hlen alle Arten von frischem und gefrorenem Obst und Gem\u00fcse, die nicht mit haram-Zutaten verarbeitet wurden.<\/li>\n\n\n\n<li>Zu den Getr\u00e4nken z\u00e4hlen Wasser, S\u00e4fte, Erfrischungsgetr\u00e4nke und andere alkoholfreie Getr\u00e4nke, die keine haram-Zutaten enthalten.<\/li>\n\n\n\n<li>Zu Snacks und S\u00fc\u00dfigkeiten z\u00e4hlen N\u00fcsse, Chips, Kekse und andere Snacks, die keine haram-Zutaten enthalten, sowie S\u00fc\u00dfigkeiten wie Bonbons, Schokolade und Desserts, die mit Halal-Zutaten hergestellt werden.<\/li>\n\n\n\n<li>Halal-Babynahrung und -Milch sind Produkte, die aus Halal-Zutaten hergestellt werden und f\u00fcr S\u00e4uglinge und Kleinkinder geeignet sind.<\/li>\n\n\n\n<li>Zu Convenience- und Tiefk\u00fchlkost z\u00e4hlen Fertiggerichte, Tiefk\u00fchlgerichte und andere abgepackte Lebensmittel, die mit Halal-Zutaten hergestellt werden.<\/li>\n\n\n\n<li>Halal-Gew\u00fcrze und W\u00fcrzmittel umfassen alle Arten von Kr\u00e4utern, Gew\u00fcrzen, Saucen und W\u00fcrzmitteln, die aus Halal-Zutaten hergestellt werden und keine Haram-Zutaten enthalten.<\/li>\n<\/ul>\n\n\n\n<p>Der Markt f\u00fcr Halal-Lebensmittel und -Getr\u00e4nke entwickelt sich st\u00e4ndig weiter. Es werden neue Produkte und Innovationen entwickelt, um den Bed\u00fcrfnissen muslimischer Verbraucher auf der ganzen Welt gerecht zu werden.<\/p>\n\n\n\n<h2 class=\"wp-block-heading\">Trends und Faktoren, die die Halal-Marktforschung beeinflussen<\/h2>\n\n\n\n<figure class=\"gb-block-image gb-block-image-8fb34cc1\"><img loading=\"lazy\" decoding=\"async\" width=\"1456\" height=\"816\" class=\"gb-image gb-image-8fb34cc1\" src=\"https:\/\/www.sisinternational.com\/wp-content\/uploads\/2025\/08\/Halal-muslim-arab-8.jpg\" alt=\"SIS International Marktforschung &amp; Strategie\" title=\"Halal muslim arab (8)\" srcset=\"https:\/\/www.sisinternational.com\/wp-content\/uploads\/2025\/08\/Halal-muslim-arab-8.jpg 1456w, https:\/\/www.sisinternational.com\/wp-content\/uploads\/2025\/08\/Halal-muslim-arab-8-300x168.jpg 300w, https:\/\/www.sisinternational.com\/wp-content\/uploads\/2025\/08\/Halal-muslim-arab-8-1024x574.jpg 1024w, https:\/\/www.sisinternational.com\/wp-content\/uploads\/2025\/08\/Halal-muslim-arab-8-768x430.jpg 768w, https:\/\/www.sisinternational.com\/wp-content\/uploads\/2025\/08\/Halal-muslim-arab-8-18x10.jpg 18w\" sizes=\"auto, (max-width: 1456px) 100vw, 1456px\"><\/figure>\n\n\n\n<p><\/p>\n\n\n\n<p>Der Halal-Markt wird von verschiedenen Trends und Faktoren beeinflusst, die sein Wachstum und seine Entwicklung beeinflussen. Hier sind einige der Trends und Faktoren, die den Halal-Markt beeinflussen:<\/p>\n\n\n\n<ul class=\"wp-block-list\">\n<li>Die wachsende muslimische Bev\u00f6lkerung auf der ganzen Welt treibt die Nachfrage nach Halal-Produkten und -Dienstleistungen an.<\/li>\n\n\n\n<li>Daten und Strategien zeigen, dass Verbraucher zunehmend nach gesunden und nat\u00fcrlichen Produkten suchen, und Halal-Produkte werden aufgrund ihrer Einhaltung der islamischen Speisegesetze oft als ges\u00fcndere Option angesehen.<\/li>\n\n\n\n<li>Das Wachstum von E-Commerce-Plattformen erleichtert Verbrauchern den Zugriff auf Halal-Produkte und -Dienstleistungen von \u00fcberall auf der Welt.<\/li>\n\n\n\n<li>Die Entwicklung globaler Halal-Zertifizierungsstandards erh\u00f6ht das Vertrauen der Verbraucher in Halal-Produkte und -Dienstleistungen und erleichtert Unternehmen die Expansion in neue M\u00e4rkte.<\/li>\n\n\n\n<li>Halal-Produkte werden oft als ethischer und nachhaltiger angesehen, da sie mit humanen Methoden hergestellt werden, die mit den islamischen Werten im Einklang stehen.<\/li>\n\n\n\n<li>Unternehmen entwickeln neue Halal-Produkte und -Dienstleistungen, um den ver\u00e4nderten Bed\u00fcrfnissen und Vorlieben muslimischer Verbraucher gerecht zu werden, darunter Halal-zertifizierte Kosmetika, Arzneimittel und Tourismusdienstleistungen.<\/li>\n\n\n\n<li>Viele Regierungen investieren in die Halal-Industrie, um das Wirtschaftswachstum zu unterst\u00fctzen und ihre L\u00e4nder als Halal-freundliche Reiseziele zu bewerben.<\/li>\n\n\n\n<li>Ein st\u00e4rkeres Bewusstsein und eine bessere Aufkl\u00e4rung \u00fcber Halal-Produkte und -Dienstleistungen steigern die Verbrauchernachfrage und f\u00f6rdern das Branchenwachstum.<\/li>\n\n\n\n<li>Das Wachstum des Halal-Tourismus schafft neue M\u00f6glichkeiten f\u00fcr Unternehmen, sich auf muslimische Reisende einzustellen \u2013 darunter Halal-Hotels, Restaurants und Reiseveranstalter.<\/li>\n<\/ul>\n\n\n\n<h2 class=\"wp-block-heading\">Halal-Marktforschung f\u00fcr Unternehmen<\/h2>\n\n\n\n<h3 class=\"wp-block-heading\">Vorteile f\u00fcr Unternehmen bei der Durchf\u00fchrung von Forschung:<\/h3>\n\n\n\n<ul class=\"wp-block-list\">\n<li>Daten und Strategien der Halal-Marktforschung k\u00f6nnen dazu beitragen, den Kundenservice, die Produktqualit\u00e4t oder andere Bereiche zu verbessern, die sich auf das Kundenerlebnis auswirken.<\/li>\n\n\n\n<li>Die Halal-Marktforschung liefert Erkenntnisse, mit denen potenzielle Partner und Mitarbeiter identifiziert werden k\u00f6nnen, die Unternehmen dabei helfen k\u00f6nnen, ihre Wachstums- und Erfolgsziele zu erreichen.<\/li>\n\n\n\n<li>Data and <a href=\"https:\/\/www.sisinternational.com\/de\/umweltfreundlich-zu-sein-verbessert-die-rezessionsleistung\/\" title=\"So senken Sie die Kosten in Ihrem Unternehmen\"  data-wpil-monitor-id=\"7465\">strategies in Halal Market Research<\/a> can help businesses discover areas where they can improve operational efficiency and help streamline production processes.<\/li>\n\n\n\n<li>Mithilfe von Halal-Marktforschung k\u00f6nnen Unternehmen der Konkurrenz einen Schritt voraus sein und ihren Wettbewerbsvorteil bewahren.<\/li>\n\n\n\n<li>Durch Marktforschung lassen sich Erkenntnisse gewinnen, die das Risiko minimieren, etwa durch die Identifizierung potenzieller Herausforderungen und Hindernisse, die sich auf Wachstum und Erfolg auswirken k\u00f6nnten.<\/li>\n<\/ul>\n\n\n\n<h2 class=\"wp-block-heading\">\u00dcber Halal Market Research<\/h2>\n\n\n\n<p>Jedes Unternehmen und jeder gro\u00dfe Akteur in der Branche sollte Halal-Marktforschung betreiben, um die wachsende Nachfrage nach Halal-Produkten und -Dienstleistungen zu nutzen. Halal ist nicht nur eine religi\u00f6se Anforderung, sondern ist f\u00fcr Millionen von Verbrauchern weltweit zu einer Lebensstilentscheidung geworden und umfasst eine breite Palette von Produkten und Dienstleistungen \u00fcber Lebensmittel und Getr\u00e4nke hinaus.<\/p>\n\n\n\n<p>Mithilfe von Daten und Strategien aus der Halal-Marktforschung k\u00f6nnen Unternehmen die Bed\u00fcrfnisse und Vorlieben dieses Zielmarktes identifizieren und ihre Produkte und Dienstleistungen entsprechend anpassen. Dies kann Unternehmen dabei helfen, neue und profitable Marktsegmente zu entdecken und ihr Engagement f\u00fcr die Erf\u00fcllung der Bed\u00fcrfnisse unterschiedlicher Verbraucher zu demonstrieren. Daher m\u00fcssen Unternehmen der Halal-Branche Zeit und Ressourcen investieren, um Daten und Strategien zu erwerben, die sie im Wettbewerbsumfeld stark halten.<\/p>\n\n\n\n<p><\/p>","protected":false},"excerpt":{"rendered":"<p>Halal-Marktforschung ist notwendig, um die Bed\u00fcrfnisse, Vorlieben und Verhaltensweisen muslimischer Verbraucher sowie die Einflusstrends und -faktoren zu verstehen.<\/p>","protected":false},"author":1,"featured_media":63687,"parent":22018,"menu_order":240,"comment_status":"closed","ping_status":"closed","template":"","meta":{"footnotes":""},"class_list":["post-42325","page","type-page","status-publish","has-post-thumbnail"],"_links":{"self":[{"href":"https:\/\/www.sisinternational.com\/de\/wp-json\/wp\/v2\/pages\/42325","targetHints":{"allow":["GET"]}}],"collection":[{"href":"https:\/\/www.sisinternational.com\/de\/wp-json\/wp\/v2\/pages"}],"about":[{"href":"https:\/\/www.sisinternational.com\/de\/wp-json\/wp\/v2\/types\/page"}],"author":[{"embeddable":true,"href":"https:\/\/www.sisinternational.com\/de\/wp-json\/wp\/v2\/users\/1"}],"replies":[{"embeddable":true,"href":"https:\/\/www.sisinternational.com\/de\/wp-json\/wp\/v2\/comments?post=42325"}],"version-history":[{"count":9,"href":"https:\/\/www.sisinternational.com\/de\/wp-json\/wp\/v2\/pages\/42325\/revisions"}],"predecessor-version":[{"id":81220,"href":"https:\/\/www.sisinternational.com\/de\/wp-json\/wp\/v2\/pages\/42325\/revisions\/81220"}],"up":[{"embeddable":true,"href":"https:\/\/www.sisinternational.com\/de\/wp-json\/wp\/v2\/pages\/22018"}],"wp:featuredmedia":[{"embeddable":true,"href":"https:\/\/www.sisinternational.com\/de\/wp-json\/wp\/v2\/media\/63687"}],"wp:attachment":[{"href":"https:\/\/www.sisinternational.com\/de\/wp-json\/wp\/v2\/media?parent=42325"}],"curies":[{"name":"wp","href":"https:\/\/api.w.org\/{rel}","templated":true}]}}