{"id":42297,"date":"2023-04-11T18:06:04","date_gmt":"2023-04-11T22:06:04","guid":{"rendered":"https:\/\/www.sisinternational.com\/?page_id=42297"},"modified":"2026-01-25T19:05:38","modified_gmt":"2026-01-26T00:05:38","slug":"kosmetik-in-mexiko-marktforschung","status":"publish","type":"page","link":"https:\/\/www.sisinternational.com\/de\/abdeckung\/latin-america\/marktforschung-in-lateinamerika-2\/kosmetik-in-mexiko-marktforschung\/","title":{"rendered":"Kosmetik in Mexiko Marktforschung"},"content":{"rendered":"<h1 class=\"wp-block-heading p1\">Kosmetik in Mexiko Marktforschung<\/h1>\n\n\n<div class=\"wp-block-image\">\n<figure class=\"aligncenter size-large is-resized\"><img loading=\"lazy\" decoding=\"async\" width=\"1024\" height=\"574\" src=\"https:\/\/www.sisinternational.com\/wp-content\/uploads\/2025\/09\/Cosmetics-in-mexico-3-1024x574.jpg\" alt=\"SIS International Marktforschung &amp; Strategie\" class=\"wp-image-66238\" style=\"width:1350px\" srcset=\"https:\/\/www.sisinternational.com\/wp-content\/uploads\/2025\/09\/Cosmetics-in-mexico-3-1024x574.jpg 1024w, https:\/\/www.sisinternational.com\/wp-content\/uploads\/2025\/09\/Cosmetics-in-mexico-3-300x168.jpg 300w, https:\/\/www.sisinternational.com\/wp-content\/uploads\/2025\/09\/Cosmetics-in-mexico-3-768x430.jpg 768w, https:\/\/www.sisinternational.com\/wp-content\/uploads\/2025\/09\/Cosmetics-in-mexico-3-18x10.jpg 18w, https:\/\/www.sisinternational.com\/wp-content\/uploads\/2025\/09\/Cosmetics-in-mexico-3.jpg 1456w\" sizes=\"auto, (max-width: 1024px) 100vw, 1024px\" \/><\/figure>\n<\/div>\n\n\n<p><\/p>\n\n\n\n<p class=\"p2\">Der Kosmetikmarkt hat in den letzten Jahrzehnten aufgrund von Verbraucherw\u00fcnschen, Umweltbedenken, Ethik und Rentabilit\u00e4t mehrere Ver\u00e4nderungen erlebt. Da Verbraucher besser \u00fcber Hautpflege und Kosmetik im Allgemeinen informiert sind und das Bewusstsein f\u00fcr die Auswirkungen auf Umwelt und Tiere w\u00e4chst, m\u00fcssen Unternehmen innovative Produkte und Marketingstrategien entwickeln, um in diesen hart umk\u00e4mpften Markt einzutreten. Folglich ist die Marktforschung im Bereich Kosmetik in Mexiko f\u00fcr jedes Unternehmen unverzichtbar geworden, das in dieser Branche erfolgreich sein m\u00f6chte.<\/p>\n\n\n\n<h2 class=\"wp-block-heading p2\">\u00dcberblick \u00fcber die Marktforschung zu Kosmetika in Mexiko<\/h2>\n\n\n\n<p class=\"p2\">Die Welt ver\u00e4ndert sich und die meisten Unternehmen bewegen sich in eine nachhaltigere Richtung. Das gilt auch f\u00fcr die Kosmetikindustrie. Im Jahr 2021 stimmte der mexikanische Senat einstimmig f\u00fcr ein Verbot von Tierversuchen f\u00fcr Kosmetika. Dies war nicht nur eine historische Entscheidung, sondern Mexiko war auch das erste Land in Nordamerika, das dies tat.<\/p>\n\n\n\n<p class=\"p2\">Cosmetics play a key role in Mexico\u2019s business world, and thus, conducting market <a href=\"https:\/\/www.sisinternational.com\/de\/sachverstand\/branchen\/extreme-persona-forschung\/\" title=\"Extreme Persona-Forschung\"  data-wpil-monitor-id=\"3367\">research is of extreme<\/a> importance for companies looking to build or expand their presence in the cosmetics industry. The country still attracts investors who have established manufacturing and distribution plants there and who use Mexico as their distribution center for Latin America.<\/p>\n\n\n\n<p class=\"p2\">Wichtiger noch ist, dass die mexikanische Mittelschicht in den letzten Jahren betr\u00e4chtlich gewachsen ist. Dasselbe gilt f\u00fcr ihr Ausgabenbudget. Nicht zu vergessen ist auch der Anstieg des Bruttoeinkommens, der einen erheblichen Einfluss auf Konsumverhalten und -trends hat.<\/p>\n\n\n\n<h2 class=\"wp-block-heading p2\">Wichtige Trends und Treiber in der Kosmetikindustrie<\/h2>\n\n\n\n<p class=\"p2\">Kosmetik und K\u00f6rperpflege stellen einen wesentlichen Teilsektor der Konsumg\u00fcter in Mexiko dar. Das Land liegt weltweit unter den Top Ten f\u00fcr Kosmetik- und K\u00f6rperpflegeprodukte. Dar\u00fcber hinaus ist es einer der gr\u00f6\u00dften M\u00e4rkte f\u00fcr Sch\u00f6nheitsprodukte in Lateinamerika.<\/p>\n\n\n\n<p class=\"p2\">Mexiko importiert zwar auch eine gro\u00dfe Zahl an Sch\u00f6nheitsprodukten aus S\u00fcdkorea, die USA bleiben jedoch der gr\u00f6\u00dfte Importeur des Landes.<\/p>\n\n\n\n<h2 class=\"wp-block-heading p2\">Chancen in der Kosmetikindustrie<\/h2>\n\n\n\n<p class=\"p2\"><a href=\"https:\/\/www.sisinternational.com\/de\/marktforschung-tijuana-mexiko\/\" title=\"Marktforschung in Tijuana, Mexiko\"  data-wpil-monitor-id=\"2539\">Mexico\u2019s cosmetics market<\/a> is expected to grow. Moreover, the increasing demand for organic, non-animal-tested, and cruelty-free products makes the Mexican cosmetics market much more attractive to consumers.<\/p>\n\n\n\n<p class=\"p2\">Nicht nur Frauen, sondern auch M\u00e4nner sind f\u00fcr einen Gro\u00dfteil der Eink\u00e4ufe von Kosmetika und Haut-\/Haarpflegeprodukten verantwortlich. Ein steigendes Sch\u00f6nheitsbewusstsein und eine zunehmende Markenvielfalt veranlassen m\u00e4nnliche Kunden dazu, mehr Eink\u00e4ufe online und in Fachgesch\u00e4ften, Superm\u00e4rkten, Apotheken usw. zu t\u00e4tigen.<\/p>\n\n\n\n<p class=\"p2\">In Mexiko herrscht zwischen den verschiedenen Sch\u00f6nheits- und Pflegeunternehmen ein starker Wettbewerb, der viele verschiedene Gesch\u00e4ftsstrategien erfordert, um Kunden zu gewinnen und zu halten, beispielsweise Produktinnovationen, Expansion, Fusionen, Partnerschaften und \u00dcbernahmen. Der Aufbau einer Online-Pr\u00e4senz mit einer pers\u00f6nlichen Website oder das Anbieten von Produkten auf gro\u00dfen Online-Einzelhandelsplattformen wie Amazon spielt ebenfalls eine wichtige Rolle.<\/p>\n\n\n\n<p class=\"p2\">In Bezug auf den Vertrieb hat der Direktverkauf den h\u00f6chsten Marktanteil, dicht gefolgt von Superm\u00e4rkten. In Bezug auf Werbung sind aggressive Werbung und Show-Sponsoring die g\u00e4ngigsten Methoden.<\/p>\n\n\n\n<h2 class=\"wp-block-heading p2\">Herausforderungen in der Kosmetik in Mexiko<\/h2>\n\n\n\n<p class=\"p2\">Although Mexico\u2019s free trade agreements with most countries are essentially a good thing, they can present a challenge. Thanks to the free trade agreements, consumers can buy cosmetics and skin care products from Europe, North America, and Asia, and as a result, they have a large selection to choose from. This leads to intense competition for any company that is looking at exports to Mexico. The list of companies such as Procter &amp; Gamble, Unilever, Colgate-Palmolive, Est\u00e9e Lauder, Betterware de Mexico, L\u2019OREAL, and more may provide a testing environment for a new enterprise. Consequently, it requires <a href=\"https:\/\/www.sisinternational.com\/de\/sachverstand\/branchen\/marktforschung-fur-schwermaschinen\/\" title=\"Marktforschung f\u00fcr Schwermaschinen\"  data-wpil-monitor-id=\"5393\">heavy investment in marketing<\/a>, online as well as offline. That being said, there is still ample opportunity for international players to enter this market.<\/p>\n\n\n\n<p class=\"p2\">Im Allgemeinen geben mexikanische Verbraucher viel Geld f\u00fcr Sch\u00f6nheitsprodukte aus. Da eine gro\u00dfe Auswahl zur Verf\u00fcgung steht und viele der Produkte lokal hergestellt werden, k\u00f6nnen K\u00e4ufer von niedrigeren Preisen profitieren, wodurch teurere Importwaren oft in den Regalen bleiben. K\u00e4ufer suchen normalerweise nach den g\u00fcnstigsten Waren. Dennoch ist ein gro\u00dfer Teil der mexikanischen Verbraucher auch bereit, in gro\u00dfe internationale Marken und\/oder aktuelle Trends zu investieren. Trotz der Tendenz, nach preiswerten Produkten zu suchen, besteht nach wie vor eine gro\u00dfe Nachfrage nach Premium- und Luxusmarken, vor allem unter der oberen Mittelschicht.<\/p>\n\n\n\n<h2 class=\"wp-block-heading p2\">Innovationscluster zur Analyse von Kosmetika in Mexiko<\/h2>\n\n\n\n<p class=\"p2\">Die Kosmetikindustrie in Mexiko ist im Aufschwung und trotz der starken Konkurrenz f\u00fchrt die gro\u00dfe Nachfrage nach Kosmetik- und Sch\u00f6nheitsprodukten zu mehr M\u00f6glichkeiten.<\/p>\n\n\n\n<p class=\"p2\">Hautpflege und Kosmetik f\u00fcr M\u00e4nner sind eine vielversprechende Nische, da das Interesse der M\u00e4nner an einem gepflegten und jugendlichen Aussehen erheblich zugenommen hat. Auf diesem Markt sind wichtige Produkte wie Lippenbalsam, Handlotion, Augencreme, Toner, Reinigungsmittel, Sonnenschutzmittel und andere gefragt.<\/p>\n\n\n\n<p class=\"p2\">In den letzten Jahren sind \u00fcberall Friseursalons und Fachgesch\u00e4fte f\u00fcr die Haut- und Haarpflege von M\u00e4nnern entstanden, die eine breite Produktpalette anbieten.<\/p>\n\n\n\n<p class=\"p2\">Dar\u00fcber hinaus hat ein h\u00f6heres Bewusstsein f\u00fcr Sonneneinstrahlung auch zu mehr K\u00e4ufen von Produkten mit Lichtschutzfaktor gef\u00fchrt. Heutzutage achten Verbraucher mehr auf Kosmetika mit Hautschutz. Daher wird erwartet, dass Sonnenschutzmittel und Kosmetika mit Sonnenschutz in den kommenden Jahren an Popularit\u00e4t gewinnen werden.<\/p>\n\n\n\n<p class=\"p2\">Dar\u00fcber hinaus liegen dekorative Kosmetika (einschlie\u00dflich Nagellack und Nagelprodukte im Allgemeinen) voll im Trend und stellen eine gute Investitionsm\u00f6glichkeit dar. Selbst bei gro\u00dfer Konkurrenz kann man Verbraucher mit ansprechenden Trends und wettbewerbsf\u00e4higen Preisen erreichen. Verbraucher neigen auch dazu, neue Marken (mexikanische und internationale) durch Video-Tutorials und Blogs zu entdecken.<\/p>\n\n\n\n<p class=\"p2\">Schlie\u00dflich darf die Bedeutung von Bio- und Naturprodukten nicht untersch\u00e4tzt werden. Aufgrund des gestiegenen Verst\u00e4ndnisses ihrer gesundheitlichen Vorteile sind diese Produkte sehr gefragt. Dar\u00fcber hinaus w\u00e4chst auch der vegane Markt exponentiell, da sich immer mehr Verbraucher der Tierqu\u00e4lerei und der Tierrechte bewusst werden und ethisch verantwortungsvolle Eink\u00e4ufe t\u00e4tigen m\u00f6chten. Die Nachfrage nach Produkten, die nicht an Tieren getestet wurden und \u00fcberhaupt keine tierischen Inhaltsstoffe enthalten, nimmt deutlich zu.<\/p>\n\n\n\n<h2 class=\"wp-block-heading p3\">Zukunftsaussichten f\u00fcr Kosmetik in Mexiko<\/h2>\n\n\n\n<p class=\"p2\">Der Wert des Kosmetikmarktes ist in den vergangenen Jahren stabil geblieben und wird voraussichtlich weiter wachsen. Mexikanische Verbraucher geben j\u00e4hrlich einen betr\u00e4chtlichen Betrag f\u00fcr Kosmetik aus, und die steigende Nachfrage nach nat\u00fcrlichen, organischen, tierversuchsfreien und tierversuchsfreien Produkten sowie umweltfreundlichen Verpackungen wird der Branche voraussichtlich weiteren Auftrieb verleihen. Trotz des hart umk\u00e4mpften Marktes bietet er M\u00f6glichkeiten f\u00fcr Investitionen, Markteinf\u00fchrungen und Expansion.<\/p>\n\n\n\n<p class=\"p2\">SIS International bietet quantitative, qualitative und strategische Forschung an. Wir liefern Daten, Tools, Strategien, Berichte und Erkenntnisse zur Entscheidungsfindung. Wir f\u00fchren Interviews, Umfragen, Fokusgruppen und andere Methoden und Ans\u00e4tze der Marktforschung durch. Kontaktieren Sie uns f\u00fcr Ihr n\u00e4chstes Marktforschungsprojekt.<span class=\"Apple-converted-space\">&nbsp;<\/span><\/p>","protected":false},"excerpt":{"rendered":"<p>Kosmetika spielen in der mexikanischen Gesch\u00e4ftswelt eine Schl\u00fcsselrolle, daher ist die Durchf\u00fchrung von Marktforschung \u00e4u\u00dferst wichtig.<\/p>","protected":false},"author":1,"featured_media":66238,"parent":14351,"menu_order":28,"comment_status":"closed","ping_status":"closed","template":"","meta":{"footnotes":""},"class_list":["post-42297","page","type-page","status-publish","has-post-thumbnail"],"_links":{"self":[{"href":"https:\/\/www.sisinternational.com\/de\/wp-json\/wp\/v2\/pages\/42297","targetHints":{"allow":["GET"]}}],"collection":[{"href":"https:\/\/www.sisinternational.com\/de\/wp-json\/wp\/v2\/pages"}],"about":[{"href":"https:\/\/www.sisinternational.com\/de\/wp-json\/wp\/v2\/types\/page"}],"author":[{"embeddable":true,"href":"https:\/\/www.sisinternational.com\/de\/wp-json\/wp\/v2\/users\/1"}],"replies":[{"embeddable":true,"href":"https:\/\/www.sisinternational.com\/de\/wp-json\/wp\/v2\/comments?post=42297"}],"version-history":[{"count":6,"href":"https:\/\/www.sisinternational.com\/de\/wp-json\/wp\/v2\/pages\/42297\/revisions"}],"predecessor-version":[{"id":79177,"href":"https:\/\/www.sisinternational.com\/de\/wp-json\/wp\/v2\/pages\/42297\/revisions\/79177"}],"up":[{"embeddable":true,"href":"https:\/\/www.sisinternational.com\/de\/wp-json\/wp\/v2\/pages\/14351"}],"wp:featuredmedia":[{"embeddable":true,"href":"https:\/\/www.sisinternational.com\/de\/wp-json\/wp\/v2\/media\/66238"}],"wp:attachment":[{"href":"https:\/\/www.sisinternational.com\/de\/wp-json\/wp\/v2\/media?parent=42297"}],"curies":[{"name":"wp","href":"https:\/\/api.w.org\/{rel}","templated":true}]}}