{"id":42293,"date":"2023-04-11T17:18:02","date_gmt":"2023-04-11T21:18:02","guid":{"rendered":"https:\/\/www.sisinternational.com\/?page_id=42293"},"modified":"2026-03-12T13:26:58","modified_gmt":"2026-03-12T17:26:58","slug":"marktforschung-fur-mais","status":"publish","type":"page","link":"https:\/\/www.sisinternational.com\/de\/losungen\/marktforschung-fur-die-lebensmittel-und-getrankeindustrie\/marktforschung-fur-mais\/","title":{"rendered":"Marktforschung f\u00fcr Mais"},"content":{"rendered":"<h1 class=\"wp-block-heading\">Marktforschung f\u00fcr Mais<\/h1>\n\n\n\n<figure class=\"gb-block-image gb-block-image-eb595c56\"><img loading=\"lazy\" decoding=\"async\" width=\"1456\" height=\"816\" class=\"gb-image gb-image-eb595c56\" src=\"https:\/\/www.sisinternational.com\/wp-content\/uploads\/2025\/08\/Corn-1.jpg\" alt=\"SIS International Marktforschung &amp; Strategie\" title=\"Corn (1)\" srcset=\"https:\/\/www.sisinternational.com\/wp-content\/uploads\/2025\/08\/Corn-1.jpg 1456w, https:\/\/www.sisinternational.com\/wp-content\/uploads\/2025\/08\/Corn-1-300x168.jpg 300w, https:\/\/www.sisinternational.com\/wp-content\/uploads\/2025\/08\/Corn-1-1024x574.jpg 1024w, https:\/\/www.sisinternational.com\/wp-content\/uploads\/2025\/08\/Corn-1-768x430.jpg 768w, https:\/\/www.sisinternational.com\/wp-content\/uploads\/2025\/08\/Corn-1-18x10.jpg 18w\" sizes=\"auto, (max-width: 1456px) 100vw, 1456px\"><\/figure>\n\n\n\n<p><\/p>\n\n\n\n<p class=\"p1\">Bei der Marktforschung f\u00fcr Mais geht es um die systematische Erfassung, Analyse und Interpretation von Daten und Informationen zur Produktion, zum Verbrauch und zur Verteilung von Mais und Maisprodukten. Die Marktforschung f\u00fcr Mais bietet Einblicke in Markttrends, Verbraucherverhalten und die Wettbewerbsfaktoren, die die Maisindustrie beeinflussen.<\/p>\n\n\n\n<p class=\"p1\">Untersuchungen zum Maismarkt k\u00f6nnen in verschiedenen Produktions- und Vertriebsphasen durchgef\u00fchrt werden, vom Maisanbau auf Bauernh\u00f6fen bis zum Verkauf von Maisprodukten in Lebensmittelgesch\u00e4ften. Sie k\u00f6nnen auch von Landwirten, Verarbeitern, H\u00e4ndlern und Einzelh\u00e4ndlern sowie anderen Branchenteilnehmern durchgef\u00fchrt werden.<\/p>\n\n\n\n<p>Da Mais eine begehrte Nutzpflanze ist, ist die globale Landwirtschaft stark von ihr abh\u00e4ngig. Da der Wettbewerb auf dem Maismarkt jedoch aufgrund sich \u00e4ndernder Geschm\u00e4cker und Anspr\u00fcche der Kunden immer intensiver wird, m\u00fcssen Unternehmen in diesem Bereich durch ein umfassendes Verst\u00e4ndnis dieser Trends immer einen Schritt voraus sein.<\/p>\n\n\n\n<p>Daher ist die Marktforschung im Maissektor ein wichtiges Instrument, das Unternehmen dabei hilft, strategische Entscheidungen zu treffen, neue Chancen zu erkennen und das Wachstumspotenzial zu maximieren. Durch das Sammeln und Analysieren von Daten zur Maisindustrie \u2013 wie Verbraucherverhalten, Aktivit\u00e4ten der Konkurrenz und Markttrends \u2013 k\u00f6nnen Unternehmen wertvolle Erkenntnisse gewinnen, um ihre Strategien zu verbessern, ihr Serviceangebot zu verbessern und das Umsatzwachstum zu beschleunigen.<\/p>\n\n\n\n<h2 class=\"wp-block-heading p1\">Mais-Marktforschung - Produkt\u00fcbersicht<\/h2>\n\n\n\n<h3 class=\"wp-block-heading p2\">Mais ist eine vielseitige Nutzpflanze mit zahlreichen Verwendungsm\u00f6glichkeiten, darunter Tierfutter, Ethanol sowie kulinarische und industrielle Produkte. Die drei wichtigsten Kategorien von Maisprodukten sind:<\/h3>\n\n\n\n<p class=\"p2\"><strong>Tierfutter<\/strong><\/p>\n\n\n\n<p class=\"p2\">Mais ist der Hauptbestandteil von Tierfutter. Bev\u00f6lkerungswachstum, Einkommensniveau und Ern\u00e4hrungsumstellungen beeinflussen die Nachfrage nach Tierfutter. In Entwicklungsl\u00e4ndern, in denen die Nachfrage nach Fleisch und Milchprodukten steigt, wird erwartet, dass auch die Nachfrage nach Tierfutter erheblich steigen wird.<\/p>\n\n\n\n<p class=\"p2\"><strong>Biotreibstoff<\/strong><\/p>\n\n\n\n<p class=\"p2\">Mais ist auch eine wichtige Quelle f\u00fcr den Biokraftstoff Ethanol, der Benzin beigemischt wird, um den Kohlendioxidaussto\u00df zu reduzieren. Staatliche Auflagen und Anreize sowie Bedenken hinsichtlich des Klimawandels und der Energiesicherheit treiben die Nachfrage nach Ethanol an.<span class=\"Apple-converted-space\">&nbsp;<\/span><\/p>\n\n\n\n<p class=\"p2\"><strong>Lebensmittel<\/strong><\/p>\n\n\n\n<p class=\"p2\">Corn is utilized in a vast array of food products, including breakfast cereals, nibble foods, sweeteners, and cooking oil. Population growth, urbanization, and shifting dietary preferences all affect the demand for corn-based food products. Data and strategies in corn market <a href=\"https:\/\/www.sisinternational.com\/de\/marktforschung-im-nahen-osten\/\" title=\"Marktforschung im Nahen Osten\"  data-wpil-monitor-id=\"7326\">Forschung<\/a> show that in developing countries with an expanding middle class, the demand for processed and convenience foods is anticipated to increase.<\/p>\n\n\n\n<h2 class=\"wp-block-heading\">Markt\u00fcbersicht und die Bedeutung der Maismarktforschung<\/h2>\n\n\n\n<p>Mais ist ein globales Handelsgut, nicht nur wegen seiner Verwendung in der Lebensmittelproduktion, sondern auch als Tierfutter, Biokraftstoff und f\u00fcr industrielle Anwendungen \u2013 und die Nachfrage nach allen Formen dieses vielseitigen Produkts steigt st\u00e4ndig. Der Maispreis ist jedoch h\u00e4ufigen Schwankungen unterworfen, die von einer Reihe externer Faktoren beeinflusst werden, von Wetterbedingungen und Ernteertr\u00e4gen bis hin zu Angebots- und Nachfragedynamiken und Regierungspolitiken. Diese Marktschwankungen k\u00f6nnen erhebliche Auswirkungen auf verschiedene Branchen haben, von der Lebensmittelproduktion und Viehzucht bis hin zur Ethanolherstellung.<\/p>\n\n\n\n<p>Mithilfe von Marktforschung zum Thema Mais bleiben Unternehmen auf dem Laufenden, k\u00f6nnen die neuesten Trends aufdecken und sich an die sich st\u00e4ndig \u00e4ndernden Verbraucherbed\u00fcrfnisse anpassen. Eine solche Analyse kann beispielsweise ergeben, dass Kunden zunehmend nach Bio-Produkten und Produkten ohne gentechnisch ver\u00e4nderte Organismen suchen.<\/p>\n\n\n\n<h2 class=\"wp-block-heading\">M\u00f6glichkeiten zur Expansion des Maismarktes<\/h2>\n\n\n\n<figure class=\"gb-block-image gb-block-image-dcb6181d\"><img loading=\"lazy\" decoding=\"async\" width=\"1456\" height=\"816\" class=\"gb-image gb-image-dcb6181d\" src=\"https:\/\/www.sisinternational.com\/wp-content\/uploads\/2025\/08\/Corn-4.jpg\" alt=\"SIS International Marktforschung &amp; Strategie\" title=\"Corn (4)\" srcset=\"https:\/\/www.sisinternational.com\/wp-content\/uploads\/2025\/08\/Corn-4.jpg 1456w, https:\/\/www.sisinternational.com\/wp-content\/uploads\/2025\/08\/Corn-4-300x168.jpg 300w, https:\/\/www.sisinternational.com\/wp-content\/uploads\/2025\/08\/Corn-4-1024x574.jpg 1024w, https:\/\/www.sisinternational.com\/wp-content\/uploads\/2025\/08\/Corn-4-768x430.jpg 768w, https:\/\/www.sisinternational.com\/wp-content\/uploads\/2025\/08\/Corn-4-18x10.jpg 18w\" sizes=\"auto, (max-width: 1456px) 100vw, 1456px\"><\/figure>\n\n\n\n<p><\/p>\n\n\n\n<p>Die Nutzung der Chancen auf dem globalen Maismarkt kann f\u00fcr die Beteiligten eine lukrative Investition sein. Indem sie diese Chancen nutzen, bleiben Unternehmen nicht nur wettbewerbsf\u00e4hig und decken die Nachfrage nach ihren Produkten, sondern erweitern auch ihre Reichweite, um mehr Marktanteile zu gewinnen. Es bietet auch einige weitere M\u00f6glichkeiten wie:<\/p>\n\n\n\n<ul class=\"wp-block-list\">\n<li><strong>Entwicklung von Mais-Mehrwertprodukten:<\/strong> Unternehmen haben die M\u00f6glichkeit, neue M\u00e4rkte zu erschlie\u00dfen und ihre Einnahmequellen zu erweitern, indem sie Maisprodukte mit Mehrwert herstellen. Dabei kann es sich um ganz einfache, leckere Snacks oder komplexere Zutaten f\u00fcr die Lebensmittel- und Getr\u00e4nkeindustrie wie glutenfreies Mehl handeln. Indem sie die Marktforschung zum Thema Mais nutzen und innovative Produkte entwickeln, die den Trends und Vorlieben der Verbraucher entsprechen, k\u00f6nnen Unternehmen diese einzigartige Wachstumschance nutzen.<\/li>\n\n\n\n<li><strong>Expansion in Schwellenm\u00e4rkte:<\/strong> Businesses can expand their markets significantly by targeting emerging regions, especially in Asia-Pacific, Africa, and South America with the help of <a href=\"https:\/\/www.sisinternational.com\/de\/abdeckung\/die-amerikaner\/usa-berichterstattung\/marktforschung-in-south-dakota\/\" title=\"Marktforschung in South Dakota\"  data-wpil-monitor-id=\"5474\">Marktforschung f\u00fcr Mais<\/a>. This presents an awesome opportunity for business owners to focus on these areas as the demand for corn products increases, allowing them to grow their global presence while expanding their market share even further.<\/li>\n\n\n\n<li><strong>Zusammenarbeit mit lokalen Landwirten und Kooperativen:<\/strong> Durch den Zusammenschluss mit lokalen Landwirten und Genossenschaften er\u00f6ffnen sich Unternehmen eine Welt voller M\u00f6glichkeiten. Durch eine enge Zusammenarbeit mit der Landwirtschaftsgemeinschaft k\u00f6nnen Organisationen einen stabilen Zugang zur Maisversorgung sowie verbesserte Anbauprozesse f\u00fcr eine nachhaltige Produktion gew\u00e4hrleisten. Dar\u00fcber hinaus k\u00f6nnen diese Partnerschaften Unternehmen dabei helfen, regionale Gesetze einzuhalten, leichter neue M\u00e4rkte zu erschlie\u00dfen und dauerhafte Beziehungen innerhalb der umliegenden Gemeinden aufzubauen, in denen sie ans\u00e4ssig sind.<\/li>\n\n\n\n<li><strong>Research and development in <a href=\"https:\/\/www.sisinternational.com\/de\/sachverstand\/branchen\/metaverse-marktforschung\/\" title=\"Metaverse-Marktforschung\"  data-wpil-monitor-id=\"4782\">corn<\/a> breeding and crop management:<\/strong> Investitionen in F&amp;E-Projekte im Bereich Maiszucht und Pflanzenbau k\u00f6nnen viele Vorteile bringen, beispielsweise eine Markterweiterung. Dar\u00fcber hinaus kann die Forschung in fortschrittliche landwirtschaftliche Methoden wie Pr\u00e4zisionslandwirtschaft oder Biotechnologie zu effektiveren landwirtschaftlichen Praktiken f\u00fchren, die zu besseren Ernteertr\u00e4gen f\u00fchren.<\/li>\n<\/ul>\n\n\n\n<h2 class=\"wp-block-heading\">Marktherausforderungen<\/h2>\n\n\n\n<p>W\u00e4hrend der Maismarkt weiter w\u00e4chst und den Beteiligten unz\u00e4hlige M\u00f6glichkeiten bietet, m\u00fcssen noch einige Herausforderungen bew\u00e4ltigt werden. Daher ist es f\u00fcr Unternehmen wichtig, diese Hindernisse zu erkennen und zu verstehen, um wirksame Strategien zu entwickeln, die ihnen helfen, die Komplexit\u00e4t des boomenden Maismarktes zu meistern.<\/p>\n\n\n\n<ul class=\"wp-block-list\">\n<li><strong>Schwankende Maispreise:<\/strong> Die Akteure auf dem Maismarkt sind st\u00e4ndig mit einer gewaltigen Herausforderung konfrontiert \u2013 der Unsicherheit der Maispreise. Diese Schwankungen werden haupts\u00e4chlich durch Faktoren wie globales Angebot und Nachfrage, klimatische Bedingungen und geopolitische Spannungen verursacht. Angesichts dieser volatilen Preisschwankungen ist es schwierig, potenzielle Gewinne vorherzusagen oder Gesch\u00e4ftsstrategien zu entwickeln.<\/li>\n\n\n\n<li><strong>Klimawandel und seine Auswirkungen auf die Maisproduktion:<\/strong> Der Klimawandel k\u00f6nnte die Maisernte drastisch reduzieren und damit die weltweiten Ertr\u00e4ge ernsthaft beeintr\u00e4chtigen. Studien zeigen, dass selbst geringf\u00fcgige \u00c4nderungen der Wettermuster aufgrund extremer Ereignisse wie \u00dcberschwemmungen, D\u00fcrren und Hitzewellen zu einer verringerten Maisproduktion f\u00fchren k\u00f6nnen.<\/li>\n\n\n\n<li><strong>Strenge Vorschriften f\u00fcr GVO und Pestizideinsatz:<\/strong> Da sich immer mehr Menschen der Gefahren bewusst werden, die GVO, synthetische Pestizide und andere Substanzen f\u00fcr die Umwelt und die menschliche Gesundheit darstellen, mussten entsprechende Vorschriften erlassen werden. Leider kann die Einhaltung dieser Vorschriften f\u00fcr Unternehmen, die am Maismarkt beteiligt sind, eine gewaltige Aufgabe sein. Sie m\u00fcssen nicht nur ihre Produktionstechniken \u00e4ndern, sondern auch in gentechnikfreie Maissorten investieren oder stattdessen alternative Sch\u00e4dlingsbek\u00e4mpfungsstrategien anwenden. Eine Marktforschung zum Thema Mais kann Unternehmen jedoch dabei helfen, die neuesten Vorschriften in der Branche zu verstehen.<\/li>\n<\/ul>\n\n\n\n<h2 class=\"wp-block-heading p1\">Methoden der Maismarktforschung<\/h2>\n\n\n\n<figure class=\"gb-block-image gb-block-image-988ea680\"><img loading=\"lazy\" decoding=\"async\" width=\"1456\" height=\"816\" class=\"gb-image gb-image-988ea680\" src=\"https:\/\/www.sisinternational.com\/wp-content\/uploads\/2025\/08\/Corn-3.jpg\" alt=\"SIS International Marktforschung &amp; Strategie\" title=\"Corn (3)\" srcset=\"https:\/\/www.sisinternational.com\/wp-content\/uploads\/2025\/08\/Corn-3.jpg 1456w, https:\/\/www.sisinternational.com\/wp-content\/uploads\/2025\/08\/Corn-3-300x168.jpg 300w, https:\/\/www.sisinternational.com\/wp-content\/uploads\/2025\/08\/Corn-3-1024x574.jpg 1024w, https:\/\/www.sisinternational.com\/wp-content\/uploads\/2025\/08\/Corn-3-768x430.jpg 768w, https:\/\/www.sisinternational.com\/wp-content\/uploads\/2025\/08\/Corn-3-18x10.jpg 18w\" sizes=\"auto, (max-width: 1456px) 100vw, 1456px\"><\/figure>\n\n\n\n<p><\/p>\n\n\n\n<p class=\"p2\">It&#8217;s crucial to employ the right research techniques when performing the study in order to collect precise data and strategies in <a href=\"https:\/\/www.sisinternational.com\/de\/sachverstand\/branchen\/q-commerce-marktforschung\/\" title=\"Q-Commerce Marktforschung\"  data-wpil-monitor-id=\"4824\">corn<\/a> market research.<span class=\"Apple-converted-space\">&nbsp; <\/span>Im Folgenden sind einige der wichtigsten Forschungstechniken aufgef\u00fchrt:<\/p>\n\n\n\n<p class=\"p2\">Quantitativ <a href=\"https:\/\/www.sisinternational.com\/de\/sachverstand\/branchen\/harzmarktforschung\/\" title=\"Harz-Marktforschung\"  data-wpil-monitor-id=\"3203\">research methods in corn market<\/a> research involve the use of numerical data to measure and analyze different aspects of the industry. Here are some of the most common quantitative <a href=\"https:\/\/www.sisinternational.com\/de\/sachverstand\/branchen\/web-scraping-marktforschung\/\" title=\"Web Scraping Marktforschung\"  data-wpil-monitor-id=\"3224\">research methods used in corn market<\/a> research, along with specific examples:<\/p>\n\n\n\n<ul class=\"wp-block-list ul1\">\n<li>Bei Umfragen werden einer gro\u00dfen Stichprobe der Bev\u00f6lkerung bestimmte Fragen gestellt. Eine Umfrage kann beispielsweise dazu dienen, die Nachfrage nach verschiedenen Maisprodukten zu verstehen oder die Variablen zu identifizieren, die die Kaufentscheidungen der Verbraucher beeinflussen.<\/li>\n\n\n\n<li>Experimente werden h\u00e4ufig eingesetzt, um die Wirksamkeit neuer Maisprodukte, Herstellungsverfahren oder Marketingpl\u00e4ne zu bewerten. So k\u00f6nnte beispielsweise getestet werden, wie gut sich eine neue Pflanzenschutztechnik auf den Maisertrag auswirkt.<\/li>\n\n\n\n<li>Ein effektiver Ansatz zur Analyse quantitativer Daten in der Maismarktforschung ist die statistische Analyse. Um Muster und Trends zu erkennen, m\u00fcssen statistische Ans\u00e4tze zur Analyse riesiger Datens\u00e4tze verwendet werden. Beispielsweise k\u00f6nnte die statistische Analyse verwendet werden, um die Variablen zu ermitteln, die den Maispreis beeinflussen oder die zuk\u00fcnftige Nachfrage nach Maisprodukten prognostizieren.<\/li>\n\n\n\n<li>A <a href=\"https:\/\/www.sisinternational.com\/de\/taylor-universitat\/\" title=\"Marktforschungsstudie zum Universit\u00e4tscurriculum\"  data-wpil-monitor-id=\"6268\">case study<\/a> is an in-depth analysis of a particular condition or pattern in the grain market. For instance, it could be carried out to examine how government policies have affected the corn sector in a particular area or to comprehend the dynamics of the corn industry&#8217;s supply chain.<\/li>\n\n\n\n<li>Ziel der Korrelationsanalyse ist die Identifizierung des Zusammenhangs zwischen zwei oder mehr Maismarktfaktoren. So kann die Korrelationsanalyse beispielsweise dazu verwendet werden, den Zusammenhang zwischen Wettermustern und Maisertr\u00e4gen zu verstehen oder die Variablen zu ermitteln, die die Preise von Maisprodukten beeinflussen.<\/li>\n<\/ul>\n\n\n\n<p class=\"p2\">Qualitativ <a href=\"https:\/\/www.sisinternational.com\/de\/abdeckung\/die-amerikaner\/marktforschung-in-der-karibik\/marktforschung-montserrat\/\" title=\"Marktforschung in Montserrat\"  data-wpil-monitor-id=\"3246\">research methods in corn market<\/a> research involve the collection and analysis of non-numerical data, such as opinions, attitudes, and beliefs. Here are some of the most common qualitative <a href=\"https:\/\/www.sisinternational.com\/de\/abdeckung\/die-amerikaner\/marktforschung-in-lateinamerika-2\/marktforschung-rio-de-janeiro\/\" title=\"Marktforschung in Rio de Janeiro\"  data-wpil-monitor-id=\"3273\">research methods used in corn market<\/a> research, along with specific examples:<\/p>\n\n\n\n<ul class=\"wp-block-list ul1\">\n<li>Systematische Beobachtung und Dokumentation von Vorg\u00e4ngen und Interaktionen innerhalb der Maisindustrie. So k\u00f6nnten beispielsweise Beobachtungen durchgef\u00fchrt werden, um die Produktion von Mais nachzuvollziehen oder Ineffizienzen in der Lieferkette aufzudecken.<\/li>\n\n\n\n<li>A <a href=\"https:\/\/www.sisinternational.com\/de\/verbesserung-der-marktdurchdringung-durch-einen-umfassenden-marketingplan\/\" title=\"Verbesserung der Marktdurchdringung durch einen umfassenden Marketingplan\"  data-wpil-monitor-id=\"6543\">case study<\/a> is an in-depth examination of a particular circumstance or pattern in the grain market. For instance, a case study could be carried out to examine how government policies have affected the corn sector in a particular area or to comprehend the dynamics of the corn industry&#8217;s supply chain.<\/li>\n\n\n\n<li>In Interviews wird eine kleinere Auswahl von Personen mit Kenntnissen der Maisindustrie, wie Landwirte, Verarbeiter oder H\u00e4ndler, ausf\u00fchrlich befragt. Interviews k\u00f6nnen beispielsweise durchgef\u00fchrt werden, um mehr \u00fcber die Schwierigkeiten zu erfahren, mit denen Maisbauern konfrontiert sind, oder um potenzielle M\u00e4rkte f\u00fcr neuartige Maisprodukte zu identifizieren.<\/li>\n\n\n\n<li>Bei der Inhaltsanalyse handelt es sich um die systematische Untersuchung schriftlicher oder visueller Daten, wie etwa Posts in sozialen Medien oder Werbeanzeigen. So k\u00f6nnte die Inhaltsanalyse beispielsweise dazu verwendet werden, Kundenfeedback zu Produkten auf Maisbasis zu untersuchen oder die Bedeutung von Marketingma\u00dfnahmen f\u00fcr Maisprodukte zu verstehen.<\/li>\n<\/ul>\n\n\n\n<h2 class=\"wp-block-heading\">Zukunftsaussichten und Prognosen<\/h2>\n\n\n\n<p>Die Zukunft des globalen Maismarktes sieht rosig aus. Aktuelle Trends und potenzielle Chancen er\u00f6ffnen versierten Marktteilnehmern zahlreiche M\u00f6glichkeiten. Indem sie sich neue Erkenntnisse zu diesem Sektor zunutze machen, k\u00f6nnen sich Unternehmensf\u00fchrer besser positionieren, um lukrative Chancen in der Branche zu nutzen.<\/p>\n\n\n\n<ul class=\"wp-block-list\">\n<li><strong>Auswirkungen aktueller Trends auf den Maismarkt:<\/strong> The global corn market is likely to experience immense progress due to the increasing public interest in <a href=\"https:\/\/www.sisinternational.com\/de\/nachhaltige-landwirtschaft-2-2\/\" title=\"Marktforschung f\u00fcr nachhaltige Landwirtschaft\"  data-wpil-monitor-id=\"2434\">Nachhaltige Landwirtschaft<\/a> practices, non-GMO products, and cutting-edge agricultural technologies. All of these advancements will lead to higher crop yields, more opportunities for growth within the industry, and greater innovation.<\/li>\n\n\n\n<li><strong>M\u00f6gliche Bedrohungen und Chancen:<\/strong> Corn market research reveals that businesses facing potential threats like climate change, corn pricing fluctuations, and regulatory difficulties can be daunting. But they also bring possibilities for innovators to conduct research and development as well as utilize fresh technologies and practices that could bolster the sustainability of the <a href=\"https:\/\/www.sisinternational.com\/de\/sachverstand\/branchen\/vakuum-marktforschung\/\" title=\"Vakuum-Marktforschung\"  data-wpil-monitor-id=\"4855\">corn<\/a> market.<\/li>\n\n\n\n<li><strong>Prognostiziertes Marktwachstum und regionale Unterschiede:<\/strong> Der globale Maismarkt wird voraussichtlich aufgrund verschiedener Faktoren wachsen, wie etwa der wachsenden Bev\u00f6lkerung, dem steigenden Bedarf an Mais in zahlreichen Branchen und staatlichen Initiativen, die seine Produktion f\u00f6rdern. Allerdings d\u00fcrfen regionale Unterschiede nicht au\u00dfer Acht gelassen werden; Schwellenm\u00e4rkte wie der asiatisch-pazifische Raum, Afrika und S\u00fcdamerika verf\u00fcgen aufgrund der wachsenden Mittelschichtbev\u00f6lkerung mit h\u00f6herem verf\u00fcgbaren Einkommen \u00fcber ein enormes Potenzial.<\/li>\n<\/ul>\n\n\n\n<h2 class=\"wp-block-heading p1\">\u00dcber Corn Market Research<\/h2>\n\n\n\n<p class=\"p2\">Marktforschung liefert wichtigen Akteuren der Branche Erkenntnisse, damit sie Markttrends, Kundenverhalten und Wettbewerbsdynamiken, die das Maisgesch\u00e4ft beeinflussen, besser verstehen k\u00f6nnen. Konsequente Marktforschung kann den Beteiligten dabei helfen, kluge Entscheidungen hinsichtlich Produktions-, Preis-, Marketing- und Vertriebsstrategien zu treffen, die ihre Marktwettbewerbsf\u00e4higkeit verbessern k\u00f6nnen. Dar\u00fcber hinaus k\u00f6nnen Daten und Strategien der Maismarktforschung dabei helfen, Chancen f\u00fcr Innovation und Expansion zu erkennen, wie etwa neue Waren- oder Verpackungsdesigns, die sich an den sich \u00e4ndernden Geschmack der Verbraucher anpassen lassen, oder hochmoderne Produktionstechniken, die die Produktivit\u00e4t und Nachhaltigkeit steigern k\u00f6nnen. Die Maismarktforschung ist ein wichtiges Instrument f\u00fcr die Beteiligten der Branche, um \u00fcber Markttrends und neue M\u00f6glichkeiten f\u00fcr Innovation und Expansion auf dem Laufenden zu bleiben.<\/p>\n\n\n\n<p>SIS International bietet quantitative, qualitative und strategische Forschung an. Wir liefern Daten, Tools, Strategien, Berichte und Erkenntnisse zur Entscheidungsfindung. Wir f\u00fchren Interviews, Umfragen, Fokusgruppen und viele andere Methoden und Ans\u00e4tze der Marktforschung durch. Kontaktieren Sie uns f\u00fcr Ihr n\u00e4chstes Marktforschungsprojekt.<\/p>\n\n\n\n<p><\/p>","protected":false},"excerpt":{"rendered":"<p>Mais ist ein globales Handelsgut, das nicht nur f\u00fcr die Nahrungsmittelproduktion, sondern auch als Tierfutter, Biokraftstoff und f\u00fcr industrielle Zwecke verwendet wird.<\/p>","protected":false},"author":1,"featured_media":64259,"parent":22018,"menu_order":235,"comment_status":"closed","ping_status":"closed","template":"","meta":{"footnotes":""},"class_list":["post-42293","page","type-page","status-publish","has-post-thumbnail"],"_links":{"self":[{"href":"https:\/\/www.sisinternational.com\/de\/wp-json\/wp\/v2\/pages\/42293","targetHints":{"allow":["GET"]}}],"collection":[{"href":"https:\/\/www.sisinternational.com\/de\/wp-json\/wp\/v2\/pages"}],"about":[{"href":"https:\/\/www.sisinternational.com\/de\/wp-json\/wp\/v2\/types\/page"}],"author":[{"embeddable":true,"href":"https:\/\/www.sisinternational.com\/de\/wp-json\/wp\/v2\/users\/1"}],"replies":[{"embeddable":true,"href":"https:\/\/www.sisinternational.com\/de\/wp-json\/wp\/v2\/comments?post=42293"}],"version-history":[{"count":16,"href":"https:\/\/www.sisinternational.com\/de\/wp-json\/wp\/v2\/pages\/42293\/revisions"}],"predecessor-version":[{"id":80973,"href":"https:\/\/www.sisinternational.com\/de\/wp-json\/wp\/v2\/pages\/42293\/revisions\/80973"}],"up":[{"embeddable":true,"href":"https:\/\/www.sisinternational.com\/de\/wp-json\/wp\/v2\/pages\/22018"}],"wp:featuredmedia":[{"embeddable":true,"href":"https:\/\/www.sisinternational.com\/de\/wp-json\/wp\/v2\/media\/64259"}],"wp:attachment":[{"href":"https:\/\/www.sisinternational.com\/de\/wp-json\/wp\/v2\/media?parent=42293"}],"curies":[{"name":"wp","href":"https:\/\/api.w.org\/{rel}","templated":true}]}}