{"id":42283,"date":"2023-04-11T16:21:46","date_gmt":"2023-04-11T20:21:46","guid":{"rendered":"https:\/\/www.sisinternational.com\/?page_id=42283"},"modified":"2026-01-27T16:48:52","modified_gmt":"2026-01-27T21:48:52","slug":"butan-marktforschung","status":"publish","type":"page","link":"https:\/\/www.sisinternational.com\/de\/sachverstand\/butan-marktforschung\/","title":{"rendered":"Butan-Marktforschung"},"content":{"rendered":"<h1 class=\"wp-block-heading\">Butan-Marktforschung<\/h1>\n\n\n\n<figure class=\"gb-block-image gb-block-image-40b83240\"><img loading=\"lazy\" decoding=\"async\" width=\"1456\" height=\"816\" class=\"gb-image gb-image-40b83240\" src=\"https:\/\/www.sisinternational.com\/wp-content\/uploads\/2025\/08\/Butane-4.jpg\" alt=\"SIS International Marktforschung &amp; Strategie\" title=\"Butane (4)\" srcset=\"https:\/\/www.sisinternational.com\/wp-content\/uploads\/2025\/08\/Butane-4.jpg 1456w, https:\/\/www.sisinternational.com\/wp-content\/uploads\/2025\/08\/Butane-4-300x168.jpg 300w, https:\/\/www.sisinternational.com\/wp-content\/uploads\/2025\/08\/Butane-4-1024x574.jpg 1024w, https:\/\/www.sisinternational.com\/wp-content\/uploads\/2025\/08\/Butane-4-768x430.jpg 768w, https:\/\/www.sisinternational.com\/wp-content\/uploads\/2025\/08\/Butane-4-18x10.jpg 18w\" sizes=\"auto, (max-width: 1456px) 100vw, 1456px\"><\/figure>\n\n\n\n<p><\/p>\n\n\n\n<p>Der Butanmarkt ist ein wichtiger Teil der globalen Energiestruktur und die Nachfrage nach Butan w\u00e4chst weltweit exponentiell, da immer mehr Kunden aus verschiedenen Sektoren hinzukommen. Daher ist die Butanmarktforschung heute unerl\u00e4sslich, um \u00fcber aktuelle Trends auf dem Laufenden zu bleiben und wertvolle Einblicke in diese Branche zu gewinnen, einschlie\u00dflich ihrer Herausforderungen, Chancen, Zukunftsaussichten, neuen Technologien und vieler anderer Faktoren.<\/p>\n\n\n\n<h2 class=\"wp-block-heading\">Bedeutung der Durchf\u00fchrung von Butan-Marktforschung<\/h2>\n\n\n\n<p>Die Marktforschung zu Butan ist f\u00fcr eine effektive Entscheidungsfindung von entscheidender Bedeutung. Sie liefert notwendige Informationen \u00fcber aktuelle Trends, Schwierigkeiten und Aussichten, die Unternehmen zur Entwicklung oder Verfeinerung ihrer Gesch\u00e4ftsstrategien nutzen k\u00f6nnen. Mit diesen Daten k\u00f6nnen Unternehmen ihren Entscheidungsprozess verbessern und mit Zuversicht und Zielstrebigkeit voranschreiten.<\/p>\n\n\n\n<p>Dar\u00fcber hinaus hilft die Butan-Marktforschung Unternehmen dabei, ihre wichtigsten Konkurrenten zu entdecken und die Gr\u00f6\u00dfe des Marktanteils zu verstehen. Durch den Erhalt dieser Informationen \u00fcber die Wettbewerbslandschaft k\u00f6nnen Unternehmen in einem hart umk\u00e4mpften Umfeld mit wichtigen Akteuren wie ExxonMobil, British Petroleum, Royal Dutch Shell und Chevron erfolgreich sein.<\/p>\n\n\n\n<p>Ebenso k\u00f6nnen Unternehmen durch Marktforschung Kundenpr\u00e4ferenzen, Produkteigenschaften und Preise besser verstehen. Marktteilnehmer k\u00f6nnen ihre Angebote effektiver anpassen, was nicht nur zu einer h\u00f6heren Kundenzufriedenheit, sondern auch zu einer l\u00e4ngerfristigen Kundenbindung f\u00fchrt.<\/p>\n\n\n\n<h2 class=\"wp-block-heading\">Wichtige Trends und Treiber<\/h2>\n\n\n\n<figure class=\"gb-block-image gb-block-image-6131841b\"><img loading=\"lazy\" decoding=\"async\" width=\"1456\" height=\"816\" class=\"gb-image gb-image-6131841b\" src=\"https:\/\/www.sisinternational.com\/wp-content\/uploads\/2025\/08\/Butane-2.jpg\" alt=\"SIS International Marktforschung &amp; Strategie\" title=\"Butane (2)\" srcset=\"https:\/\/www.sisinternational.com\/wp-content\/uploads\/2025\/08\/Butane-2.jpg 1456w, https:\/\/www.sisinternational.com\/wp-content\/uploads\/2025\/08\/Butane-2-300x168.jpg 300w, https:\/\/www.sisinternational.com\/wp-content\/uploads\/2025\/08\/Butane-2-1024x574.jpg 1024w, https:\/\/www.sisinternational.com\/wp-content\/uploads\/2025\/08\/Butane-2-768x430.jpg 768w, https:\/\/www.sisinternational.com\/wp-content\/uploads\/2025\/08\/Butane-2-18x10.jpg 18w\" sizes=\"auto, (max-width: 1456px) 100vw, 1456px\"><\/figure>\n\n\n\n<p><\/p>\n\n\n\n<h3 class=\"wp-block-heading\">Mehrere wichtige Trends und Treiber pr\u00e4gen heute den Butanmarkt, darunter:<\/h3>\n\n\n\n<ul class=\"wp-block-list\">\n<li>Der Grund hierf\u00fcr ist die steigende Nachfrage nach Fl\u00fcssiggas (LPG) in Schwellenl\u00e4ndern, vor allem im asiatisch-pazifischen Raum und in Afrika. LPG hat viele Verwendungsm\u00f6glichkeiten, beispielsweise zum Heizen, Kochen und Transportieren, und ist daher f\u00fcr viele L\u00e4nder heute ein unverzichtbares Handelsgut.<\/li>\n\n\n\n<li>The petrochemical industry&#8217;s growth is largely due to the surging demand for Butane-derived chemicals such as Ethylene, Propylene, and Butadiene. These products are vital in industries like automotive and construction, hence fueling the expansion of the <a href=\"https:\/\/www.sisinternational.com\/de\/sachverstand\/branchen\/marktforschung-fur-den-kraftstofftransport\/\" title=\"Marktforschung f\u00fcr den Kraftstofftransport\"  data-wpil-monitor-id=\"3362\">Butan Marktforschung<\/a> even further.<\/li>\n\n\n\n<li>Der \u00dcbergang zu einer gr\u00fcneren, nachhaltigeren Energiequelle ist unausweichlich. Daher steht der Butanmarkt im Wettbewerb mit erneuerbaren Quellen wie Solar- und Windenergie \u2013 und Regierungen weltweit erlassen strengere Vorschriften, die sauberere Energiequellen beg\u00fcnstigen. Dies wird wahrscheinlich weitreichende Folgen f\u00fcr den Butanmarkt haben, insbesondere im Hinblick auf die Nachfrage nach Fl\u00fcssiggas und Petrochemikalien.<\/li>\n\n\n\n<li>Booming economies across Asia Pacific, Africa, and the <a href=\"https:\/\/www.sisinternational.com\/de\/marktforschung-im-nahen-osten\/\" title=\"Marktforschung im Nahen Osten\"  data-wpil-monitor-id=\"2923\">Naher Osten<\/a> are showing more interest in Butane market research as their markets grow. With companies investing heavily in new production sites and distribution networks, these locations are projected to be a key driving force behind the global growth of the Butane market in upcoming years.<\/li>\n\n\n\n<li>Technologie entwickelt sich zu einem wichtigen Forschungsgebiet f\u00fcr Butan, insbesondere in den Bereichen Produktion, Lagerung und Transport. Unternehmen suchen aktiv nach M\u00f6glichkeiten, neue Technologien zu nutzen, die die Effizienz steigern und gleichzeitig die Kosten senken und die Sicherheitsstandards im Umgang mit diesem Kohlenwasserstoff verbessern k\u00f6nnen.<\/li>\n<\/ul>\n\n\n\n<h2 class=\"wp-block-heading\">M\u00f6glichkeiten der Butan-Marktforschung<\/h2>\n\n\n\n<ul class=\"wp-block-list\">\n<li>Durch umfassende Butan-Marktforschung k\u00f6nnen Unternehmen profitable Wachstumschancen entdecken und nutzen, beispielsweise durch die Entdeckung neuer M\u00e4rkte oder Produktlinien zur Diversifizierung ihres Portfolios.<\/li>\n\n\n\n<li>Mithilfe von Marktforschung k\u00f6nnen Unternehmen wertvolle Einblicke in ihr Wettbewerbsumfeld gewinnen. Diese umfassenden Informationen helfen Unternehmen bei der Entwicklung ma\u00dfgeschneiderter Strategien wie Preispl\u00e4nen und Werbetaktiken, mit denen sie sich von ihren Mitbewerbern abheben.<\/li>\n\n\n\n<li>Durch Butan-Marktforschung k\u00f6nnen Unternehmen wertvolle Kundeneinblicke gewinnen \u2013 von Produkteigenschaften bis hin zu Preisen und Verpackung. Dadurch k\u00f6nnen Unternehmen nicht nur ihre Angebote an die Anforderungen der Kunden anpassen, sondern auch zu einer h\u00f6heren Kundenzufriedenheit und einem h\u00f6heren Umsatzwachstum beitragen.<\/li>\n\n\n\n<li>Es hilft Unternehmen, Trends, Probleme und Chancen zu erkennen und zu verstehen, um bessere Entscheidungen hinsichtlich ihrer Strategie zu treffen und das Risiko bei Investitionen in M\u00e4rkte, Produkte oder Technologien zu minimieren, die m\u00f6glicherweise keinen Return on Investment (ROI) abwerfen.<\/li>\n\n\n\n<li>Unternehmen k\u00f6nnen sich als Branchenexperten auf dem Butanmarkt etablieren, indem sie mit Kunden zusammenarbeiten und Marktforschung betreiben.<\/li>\n<\/ul>\n\n\n\n<h2 class=\"wp-block-heading\">Herausforderungen des Butanmarktes<\/h2>\n\n\n\n<figure class=\"gb-block-image gb-block-image-e3d1eb3e\"><img loading=\"lazy\" decoding=\"async\" width=\"1456\" height=\"816\" class=\"gb-image gb-image-e3d1eb3e\" src=\"https:\/\/www.sisinternational.com\/wp-content\/uploads\/2025\/08\/Butane-3.jpg\" alt=\"SIS International Marktforschung &amp; Strategie\" title=\"Butane (3)\" srcset=\"https:\/\/www.sisinternational.com\/wp-content\/uploads\/2025\/08\/Butane-3.jpg 1456w, https:\/\/www.sisinternational.com\/wp-content\/uploads\/2025\/08\/Butane-3-300x168.jpg 300w, https:\/\/www.sisinternational.com\/wp-content\/uploads\/2025\/08\/Butane-3-1024x574.jpg 1024w, https:\/\/www.sisinternational.com\/wp-content\/uploads\/2025\/08\/Butane-3-768x430.jpg 768w, https:\/\/www.sisinternational.com\/wp-content\/uploads\/2025\/08\/Butane-3-18x10.jpg 18w\" sizes=\"auto, (max-width: 1456px) 100vw, 1456px\"><\/figure>\n\n\n\n<ul class=\"wp-block-list\">\n<li>Der Butanhandel verf\u00fcgt \u00fcber ein komplexes Versorgungsnetz, wodurch es schwierig ist, genaue Fakten \u00fcber Produktion, Umlauf und Kosten zu erhalten. Dies kann zu Abweichungen bei den Marktdaten f\u00fchren und den Prozess der Erzielung fundierter Schlussfolgerungen f\u00fcr Gesch\u00e4ftszwecke erschweren.<\/li>\n\n\n\n<li>Der Butansektor unterliegt einer Vielzahl von Vorschriften und Richtlinien, die von Markt zu Markt unterschiedlich sein k\u00f6nnen. Dies macht es f\u00fcr Beratungsfirmen oft schwierig, sich in diesem komplexen rechtlichen Umfeld zurechtzufinden. Daher m\u00fcssen Unternehmen, die in dieser Branche t\u00e4tig sind, Wege finden, diese regulatorischen H\u00fcrden erfolgreich zu \u00fcberwinden, um wettbewerbsf\u00e4hig zu bleiben.<\/li>\n\n\n\n<li>Angesichts der st\u00e4ndig schwankenden Preise f\u00fcr Butan und seine Derivate kann es f\u00fcr Unternehmen schwierig sein, die zuk\u00fcnftige Nachfrage vorherzusagen und strategische Entscheidungen zu treffen. Die Volatilit\u00e4t kann auch zu Unsicherheiten bei ihrer Marktplanung f\u00fchren.<\/li>\n\n\n\n<li>Der technologische Fortschritt ist ein st\u00e4ndiges Merkmal des Butanmarktes, insbesondere bei Fl\u00fcssiggas und Petrochemikalien. Der Umgang mit diesen Ver\u00e4nderungen kann f\u00fcr kleine Unternehmen entmutigend sein, denen m\u00f6glicherweise die Mittel fehlen, um in hochmoderne Werkzeuge zu investieren.<\/li>\n<\/ul>\n\n\n\n<h2 class=\"wp-block-heading\">Zukunftsausblick<\/h2>\n\n\n\n<h3 class=\"wp-block-heading\">F\u00fcr den Butanmarkt wird in den kommenden Jahren ein Wachstum erwartet. Ausschlaggebend daf\u00fcr sind unter anderem die folgenden Faktoren:<\/h3>\n\n\n\n<figure class=\"gb-block-image gb-block-image-c41dc4b9\"><img loading=\"lazy\" decoding=\"async\" width=\"1456\" height=\"816\" class=\"gb-image gb-image-c41dc4b9\" src=\"https:\/\/www.sisinternational.com\/wp-content\/uploads\/2025\/08\/Butane-1.jpg\" alt=\"SIS International Marktforschung &amp; Strategie\" title=\"Butane (1)\" srcset=\"https:\/\/www.sisinternational.com\/wp-content\/uploads\/2025\/08\/Butane-1.jpg 1456w, https:\/\/www.sisinternational.com\/wp-content\/uploads\/2025\/08\/Butane-1-300x168.jpg 300w, https:\/\/www.sisinternational.com\/wp-content\/uploads\/2025\/08\/Butane-1-1024x574.jpg 1024w, https:\/\/www.sisinternational.com\/wp-content\/uploads\/2025\/08\/Butane-1-768x430.jpg 768w, https:\/\/www.sisinternational.com\/wp-content\/uploads\/2025\/08\/Butane-1-18x10.jpg 18w\" sizes=\"auto, (max-width: 1456px) 100vw, 1456px\"><\/figure>\n\n\n\n<ul class=\"wp-block-list\">\n<li>As the need for petrochemicals expands, the demand for butane market research will rise accordingly to meet this growing requirement. Petrochemicals have a variety of applications that span from plastics and <a class=\"wpil_keyword_link\" href=\"https:\/\/www.sisinternational.com\/de\/sachverstand\/branchen\/marktforschung-fur-farben-lacke-und-druckfarben\/\"   title=\"Marktforschung f\u00fcr Farben, Lacke und Druckfarben\" data-wpil-keyword-link=\"linked\"  data-wpil-monitor-id=\"377\">paints<\/a> to textiles and beyond. Therefore, an increased demand for butane is expected as its necessity increases within the petrochemical industry.<\/li>\n\n\n\n<li>Da die Weltbev\u00f6lkerung w\u00e4chst, insbesondere in Entwicklungsl\u00e4ndern, wird die Nachfrage nach Fl\u00fcssiggas voraussichtlich stark ansteigen. Dieser steigende Bedarf wird zu einem deutlichen Anstieg der Butan-Marktforschung f\u00fchren, da Butan einer der Hauptbestandteile von Fl\u00fcssiggas ist.<\/li>\n\n\n\n<li>To foster a more sustainable butane market, companies are actively exploring the latest technologies and processes to lessen emissions and enhance sustainability. This shift towards greater sustainability is projected to continue and impact the <a href=\"https:\/\/www.sisinternational.com\/de\/biokraftstoffe-in-der-luftfahrtindustrie\/\" title=\"Marktforschung zur Nachhaltigkeit bei Fluggesellschaften\"  data-wpil-monitor-id=\"6848\">Butan Marktforschung<\/a> in forthcoming years.<\/li>\n\n\n\n<li>The butane market <a href=\"https:\/\/www.sisinternational.com\/de\/fmcg-markt-in-vietnam\/\" title=\"FMCG-Markt in Vietnam\"  data-wpil-monitor-id=\"7595\">Forschung<\/a> is projected to skyrocket in emerging markets, particularly those situated in the Asia Pacific, Africa, and Middle East regions. Thus, companies are investing heavily in new production facilities as well as broadening their distribution channels.<\/li>\n<\/ul>\n\n\n\n<p>SIS International bietet quantitative, qualitative und strategische Forschung an. Wir liefern Daten, Tools, Strategien, Berichte und Erkenntnisse zur Entscheidungsfindung. Wir f\u00fchren Interviews, Umfragen, Fokusgruppen und viele andere Methoden und Ans\u00e4tze der Marktforschung durch. Kontaktieren Sie uns f\u00fcr Ihr n\u00e4chstes Marktforschungsprojekt.<\/p>\n\n\n\n<p><\/p>","protected":false},"excerpt":{"rendered":"<p>Der Butanmarkt ist ein wichtiger Teil der globalen Energiestruktur und die Nachfrage nach Butan w\u00e4chst weltweit exponentiell.<\/p>","protected":false},"author":1,"featured_media":63925,"parent":14514,"menu_order":234,"comment_status":"closed","ping_status":"closed","template":"","meta":{"footnotes":""},"class_list":["post-42283","page","type-page","status-publish","has-post-thumbnail"],"_links":{"self":[{"href":"https:\/\/www.sisinternational.com\/de\/wp-json\/wp\/v2\/pages\/42283","targetHints":{"allow":["GET"]}}],"collection":[{"href":"https:\/\/www.sisinternational.com\/de\/wp-json\/wp\/v2\/pages"}],"about":[{"href":"https:\/\/www.sisinternational.com\/de\/wp-json\/wp\/v2\/types\/page"}],"author":[{"embeddable":true,"href":"https:\/\/www.sisinternational.com\/de\/wp-json\/wp\/v2\/users\/1"}],"replies":[{"embeddable":true,"href":"https:\/\/www.sisinternational.com\/de\/wp-json\/wp\/v2\/comments?post=42283"}],"version-history":[{"count":8,"href":"https:\/\/www.sisinternational.com\/de\/wp-json\/wp\/v2\/pages\/42283\/revisions"}],"predecessor-version":[{"id":81218,"href":"https:\/\/www.sisinternational.com\/de\/wp-json\/wp\/v2\/pages\/42283\/revisions\/81218"}],"up":[{"embeddable":true,"href":"https:\/\/www.sisinternational.com\/de\/wp-json\/wp\/v2\/pages\/14514"}],"wp:featuredmedia":[{"embeddable":true,"href":"https:\/\/www.sisinternational.com\/de\/wp-json\/wp\/v2\/media\/63925"}],"wp:attachment":[{"href":"https:\/\/www.sisinternational.com\/de\/wp-json\/wp\/v2\/media?parent=42283"}],"curies":[{"name":"wp","href":"https:\/\/api.w.org\/{rel}","templated":true}]}}