{"id":42278,"date":"2023-04-11T15:40:39","date_gmt":"2023-04-11T19:40:39","guid":{"rendered":"https:\/\/www.sisinternational.com\/?page_id=42278"},"modified":"2026-01-26T19:01:45","modified_gmt":"2026-01-27T00:01:45","slug":"marktforschung-fur-boutique-hotels","status":"publish","type":"page","link":"https:\/\/www.sisinternational.com\/de\/sachverstand\/marktforschung-fur-boutique-hotels\/","title":{"rendered":"Boutique Hotel Marktforschung"},"content":{"rendered":"<h1 class=\"wp-block-heading\">Boutique Hotel Marktforschung<\/h1>\n\n\n\n<figure class=\"gb-block-image gb-block-image-53ee1902\"><img loading=\"lazy\" decoding=\"async\" width=\"1456\" height=\"816\" class=\"gb-image gb-image-53ee1902\" src=\"https:\/\/www.sisinternational.com\/wp-content\/uploads\/2025\/08\/hotel-14.jpg\" alt=\"SIS International Marktforschung &amp; Strategie\" title=\"hotel (14)\" srcset=\"https:\/\/www.sisinternational.com\/wp-content\/uploads\/2025\/08\/hotel-14.jpg 1456w, https:\/\/www.sisinternational.com\/wp-content\/uploads\/2025\/08\/hotel-14-300x168.jpg 300w, https:\/\/www.sisinternational.com\/wp-content\/uploads\/2025\/08\/hotel-14-1024x574.jpg 1024w, https:\/\/www.sisinternational.com\/wp-content\/uploads\/2025\/08\/hotel-14-768x430.jpg 768w, https:\/\/www.sisinternational.com\/wp-content\/uploads\/2025\/08\/hotel-14-18x10.jpg 18w\" sizes=\"auto, (max-width: 1456px) 100vw, 1456px\"><\/figure>\n\n\n\n<p><\/p>\n\n\n\n<p>Sich im Boutique-Hotelsektor hervorzuheben, ist wichtiger denn je, da die Geschm\u00e4cker der Reisenden immer spezieller werden und der Wettbewerb zunimmt. Boutique-Hotels m\u00fcssen daher bestrebt sein, ein personalisiertes Erlebnis zu bieten, das moderne Trends ber\u00fccksichtigt und gleichzeitig ihre stilvolle Atmosph\u00e4re und ihre hochwertigen Annehmlichkeiten beibeh\u00e4lt.<\/p>\n\n\n\n<p>The key to success lies not only in understanding what customers are searching for but also in being able to anticipate these needs before they arise. With boutique <a href=\"https:\/\/www.sisinternational.com\/de\/losungen\/reise-tourismus-und-gastgewerbeberatung\/marktforschung-fur-hotelketten\/\" title=\"Marktforschung f\u00fcr Hotelketten\"  data-wpil-monitor-id=\"3008\">Hotelmarktforschung<\/a>, hotels can maintain a competitive edge and thrive in this competitive industry.<\/p>\n\n\n\n<h2 class=\"wp-block-heading\">Was ist Marktforschung f\u00fcr Boutique-Hotels?<\/h2>\n\n\n\n<p>Boutique <a href=\"https:\/\/www.sisinternational.com\/de\/sachverstand\/branchen\/marktforschung-fur-hotelmobel\/\" title=\"Marktforschung f\u00fcr Hotelm\u00f6bel\"  data-wpil-monitor-id=\"3834\">Hotelmarktforschung<\/a> helps businesses gain a competitive edge by uncovering valuable information about the industry such as consumer preferences, competition analysis, and emerging trends. This data is used to inform strategic decisions that fuel revenue growth, improve service offerings, and ultimately position businesses for success in this ever-evolving sector.<\/p>\n\n\n\n<p>Von <a href=\"https:\/\/www.sisinternational.com\/de\/sachverstand\/branchen\/harzmarktforschung\/\" title=\"Harz-Marktforschung\"  data-wpil-monitor-id=\"3207\">researching the boutique hotel market<\/a>, companies can gain critical insights into customer demographics, tastes, and needs. Additionally, current trends in technology advancements, shifting consumer habits, and local economic conditions are gathered to identify potential areas of growth and development as well as ways to inform pricing schemes for maximum profitability.<\/p>\n\n\n\n<h2 class=\"wp-block-heading\">Bedeutung der Boutique-Hotel-Marktforschung<\/h2>\n\n\n\n<p>Boutique <a href=\"https:\/\/www.sisinternational.com\/de\/sachverstand\/branchen\/marktforschung-zur-hotelsanierung\/\" title=\"Marktforschung zur Hotelsanierung\"  data-wpil-monitor-id=\"5703\">Hotelmarktforschung<\/a> equips entrepreneurs with a wealth of information about customer behavior and expectations. By collecting data on guest demographics, industry segmentation, as well as customer satisfaction surveys, boutique hotels gain invaluable knowledge which leads to improvement opportunities and improved decision-making in terms of pricing strategies and service offers.<\/p>\n\n\n\n<p>Furthermore, boutique <a href=\"https:\/\/www.sisinternational.com\/de\/sachverstand\/branchen\/hotelumfrage-marktforschung\/\" title=\"Hotelumfrage Marktforschung\"  data-wpil-monitor-id=\"7203\">Hotelmarktforschung<\/a> unveils the competitive environment, allowing hotel owners and investors to comprehend their standing in the industry and determine methods to make themselves stand out from other competitors in a business landscape dominated by players such as Ace Hotels, Kimpton Hotels, Morgans Hotel Group, and The Hoxton.<\/p>\n\n\n\n<p>Schlie\u00dflich hilft die Marktforschung f\u00fcr Boutique-Hotels dabei, neue Dienstleistungen zu entwickeln, bestimmte Kundensegmente gezielt anzusprechen und modernste Technologien einzusetzen, um das G\u00e4steerlebnis zu verbessern.<\/p>\n\n\n\n<h2 class=\"wp-block-heading\">Trends in der Boutique-Hotelbranche<\/h2>\n\n\n\n<p>Da Reisende nach unvergesslicheren und pers\u00f6nlicheren Erlebnissen suchen, w\u00e4chst die Boutique-Hotelbranche rasant. Boutique-Hotels sind bekannt f\u00fcr ihre schicke Atmosph\u00e4re, ihr unverwechselbares Design, ihren freundlichen Service und ihre luxuri\u00f6sen Annehmlichkeiten \u2013 alles sorgf\u00e4ltig gestaltet, um einen unvergesslichen Aufenthalt zu schaffen.<\/p>\n\n\n\n<p>Um wettbewerbsf\u00e4hig zu bleiben, wird die Marktforschung f\u00fcr Boutique-Hotels daher st\u00e4ndig angepasst, um die aktuellen W\u00fcnsche der Verbraucher zu erf\u00fcllen, auf ver\u00e4nderte Marktbedingungen zu reagieren und fortschrittliche Technologien zu nutzen. Hier sind einige dieser neuesten disruptiven Trends:<\/p>\n\n\n\n<ul class=\"wp-block-list\">\n<li><strong>Personalisierung und Anpassung:<\/strong> Die Boutique-Hotellerie hat sich enorm weiterentwickelt, um au\u00dfergew\u00f6hnliche, ma\u00dfgeschneiderte Erlebnisse zu bieten, die auf die individuellen Bed\u00fcrfnisse und Vorlieben der G\u00e4ste zugeschnitten sind. Von pers\u00f6nlichen Check-ins und individuell anpassbaren Zimmern bis hin zu kuratierten lokalen Reisen sind diese Hotels fest entschlossen, ihren G\u00e4sten jederzeit einen einzigartigen Service zu bieten.<\/li>\n\n\n\n<li><strong>Lokales Eintauchen und authentische Erlebnisse:<\/strong> G\u00e4ste, die Boutique-Hotels bevorzugen, suchen bemerkenswerte und authentische Begegnungen, die es ihnen erm\u00f6glichen, in die lokale Kultur einzutauchen. Daher tendiert diese Branche dazu, Besuchern personalisierte Erlebnisse zu bieten, wie z. B. die Verkostung regionaler K\u00f6stlichkeiten und Getr\u00e4nke, kulturelle Touren oder den Besuch von Kunstausstellungen.<\/li>\n\n\n\n<li><strong>Gesundheit und Wellness:<\/strong> Da die Menschen sich ihrer Gesundheit und ihres Wohlbefindens immer mehr bewusst werden, hat die Boutique-Hotelbranche entsprechend reagiert und bietet eine st\u00e4ndig wachsende Palette an Wellness-Reisem\u00f6glichkeiten an. Von Yoga-Kursen bis hin zu gesunden Speisen erfreuen sich diese Dienstleistungen bei Reisenden, die auch unterwegs Wert auf einen ausgewogenen Lebensstil legen, zunehmender Beliebtheit.<\/li>\n<\/ul>\n\n\n\n<h2 class=\"wp-block-heading\">Boutique-Hotel-Marktforschung: Chancen und Herausforderungen<\/h2>\n\n\n\n<p>F\u00fcr diejenigen, die im Boutique-Hotelsektor t\u00e4tig sind, bietet die Marktforschung eine Vielzahl von Chancen und Hindernissen. Einige dieser gro\u00dfen Chancen und Herausforderungen, die mit der Analyse der Boutique-Hotelbranche einhergehen, sind die folgenden:<\/p>\n\n\n\n<h3 class=\"wp-block-heading\">Gelegenheiten<\/h3>\n\n\n\n<ul class=\"wp-block-list\">\n<li><strong>Identifizierung der Zielgruppe:<\/strong> Marktforschung f\u00fcr Boutique-Hotels ist unerl\u00e4sslich, um die Zielgruppe zu bestimmen und Dienstleistungen und Angebote entsprechend den Kundenbed\u00fcrfnissen anzupassen.<\/li>\n\n\n\n<li><strong>Verbesserung des G\u00e4steerlebnisses:<\/strong> Durch Marktforschung f\u00fcr Boutique-Hotels k\u00f6nnen Hotels au\u00dferdem Bereiche erkennen, in denen Verbesserungsbedarf besteht, um ein au\u00dfergew\u00f6hnliches Erlebnis zu bieten, beispielsweise in Bezug auf Servicequalit\u00e4t, Annehmlichkeiten, personalisierte Dienste und mehr.<\/li>\n\n\n\n<li><strong>Developing effective <\/strong><a href=\"https:\/\/www.sisinternational.com\/de\/hartford-connecticut-stadtentwicklung\/\" title=\"Marktforschung in Hartford, Connecticut\"  data-wpil-monitor-id=\"1770\">marketing strategies: Boutique hotels<\/a> can capitalize on market research to craft tailored marketing campaigns that will truly speak to their target audience.<\/li>\n\n\n\n<li><strong>Expansion in neue M\u00e4rkte:<\/strong> Delving into boutique hotel market research can reveal opportunities for hotels to develop fresh services, <a href=\"https:\/\/www.sisinternational.com\/de\/losungen\/schwerpunktgruppen\/focus-groups-in-the-uk\/\" title=\"Focus Groups in the uk\"  data-wpil-monitor-id=\"1376\">focus on particular demographic groups<\/a>, and even expand into new areas.<\/li>\n<\/ul>\n\n\n\n<h3 class=\"wp-block-heading\">Herausforderungen<\/h3>\n\n\n\n<ul class=\"wp-block-list\">\n<li><strong>Konkurrenz durch Alternativunterk\u00fcnfte und Neueinsteiger:<\/strong> Da immer mehr Home-Sharing-Plattformen, Ferienwohnungen und neue Anbieter auf den Markt kommen, haben Boutique-Hotels gro\u00dfe M\u00fche, sich in einem immer st\u00e4rker werdenden Wettbewerbsumfeld zu behaupten.<\/li>\n\n\n\n<li><strong>Wirtschaftliche Volatilit\u00e4t und Marktunsicherheiten:<\/strong> Ver\u00e4nderte wirtschaftliche Bedingungen und Marktvolatilit\u00e4t k\u00f6nnen die Nachfrage und die Einnahmen in der Boutique-Hotelbranche deutlich reduzieren.<\/li>\n\n\n\n<li><strong>Aufrechterhaltung der Markendifferenzierung und des Rufs:<\/strong> Angesichts der zunehmenden Zahl von Boutique-Hotels kann es schwierig werden, sich von der Konkurrenz abzuheben und einen guten Ruf zu bewahren. Daher m\u00fcssen Boutique-Hotels auf dem neuesten Stand bleiben und ein klar definiertes Wertversprechen und eine Marke aufrechterhalten, die bei ihrer Zielgruppe Anklang findet.<\/li>\n<\/ul>\n\n\n\n<h2 class=\"wp-block-heading\">Zukunftsaussichten und Prognosen f\u00fcr die Boutique-Hotelbranche<\/h2>\n\n\n\n<p>Angetrieben durch Marktforschung im Bereich Boutique-Hotels und die sich entwickelnden Vorlieben der Verbraucher wird die Boutique-Hotelbranche in den kommenden Jahren ein bemerkenswertes Wachstum erleben. Hier ist ein Einblick in das, was Unternehmen von diesem aufstrebenden Sektor erwarten k\u00f6nnen:<\/p>\n\n\n\n<ul class=\"wp-block-list\">\n<li><strong>Kontinuierliches Wachstum:<\/strong> Die Boutique-Hotelbranche ist auf weiteres Wachstum eingestellt, insbesondere im asiatisch-pazifischen Raum und im Nahen Osten. Dank steigendem verf\u00fcgbaren Einkommen, einem gesteigerten Verlangen nach Reiseerlebnissen und einer Vorliebe f\u00fcr einzigartige, ma\u00dfgeschneiderte Urlaubsaufenthalte d\u00fcrfte dieser Sektor in naher Zukunft boomen.<\/li>\n\n\n\n<li><strong>Integration von Nachhaltigkeit:<\/strong> Verbraucher legen zunehmend gr\u00f6\u00dferen Wert auf Nachhaltigkeit, was bedeutet, dass Boutique-Hotels auch weiterhin nachhaltige Praktiken wie die Verwendung umweltfreundlicher Materialien und die Einschr\u00e4nkung des Energieverbrauchs umsetzen m\u00fcssen.<\/li>\n\n\n\n<li><strong>Ma\u00dfgeschneiderte Erlebnisse:<\/strong> G\u00e4ste von Boutique-Hotels suchen nach exklusiven und ma\u00dfgeschneiderten Erlebnissen, die genau ihren Bed\u00fcrfnissen entsprechen. Es wird erwartet, dass die Boutique-Hotelbranche Daten und Technologie nutzt, um noch personalisiertere Dienstleistungen und Angebote bereitzustellen.<\/li>\n\n\n\n<li><strong>Aufstieg des Erlebnisreisens:<\/strong> Der Erfolg von Erlebnisreisen wird voraussichtlich anhalten, wobei Boutique-Hotels exklusive Begegnungen vor Ort, kulturelle Erkundungen und au\u00dfergew\u00f6hnliche Aktivit\u00e4ten erm\u00f6glichen.<\/li>\n<\/ul>\n\n\n\n<p>SIS International bietet quantitative, qualitative und strategische Forschung an. Wir liefern Daten, Tools, Strategien, Berichte und Erkenntnisse zur Entscheidungsfindung. Wir f\u00fchren Interviews, Umfragen, Fokusgruppen und viele andere Methoden und Ans\u00e4tze der Marktforschung durch. Kontaktieren Sie uns f\u00fcr Ihr n\u00e4chstes Marktforschungsprojekt.<\/p>","protected":false},"excerpt":{"rendered":"<p>Durch die Analyse von Verbraucherpr\u00e4ferenzen, Wettbewerbsanalysen und neuen Trends verschafft sich die Marktforschung f\u00fcr Boutique-Hotels einen Wettbewerbsvorteil.<\/p>","protected":false},"author":1,"featured_media":63514,"parent":14514,"menu_order":233,"comment_status":"closed","ping_status":"closed","template":"","meta":{"footnotes":""},"class_list":["post-42278","page","type-page","status-publish","has-post-thumbnail"],"_links":{"self":[{"href":"https:\/\/www.sisinternational.com\/de\/wp-json\/wp\/v2\/pages\/42278","targetHints":{"allow":["GET"]}}],"collection":[{"href":"https:\/\/www.sisinternational.com\/de\/wp-json\/wp\/v2\/pages"}],"about":[{"href":"https:\/\/www.sisinternational.com\/de\/wp-json\/wp\/v2\/types\/page"}],"author":[{"embeddable":true,"href":"https:\/\/www.sisinternational.com\/de\/wp-json\/wp\/v2\/users\/1"}],"replies":[{"embeddable":true,"href":"https:\/\/www.sisinternational.com\/de\/wp-json\/wp\/v2\/comments?post=42278"}],"version-history":[{"count":10,"href":"https:\/\/www.sisinternational.com\/de\/wp-json\/wp\/v2\/pages\/42278\/revisions"}],"predecessor-version":[{"id":80766,"href":"https:\/\/www.sisinternational.com\/de\/wp-json\/wp\/v2\/pages\/42278\/revisions\/80766"}],"up":[{"embeddable":true,"href":"https:\/\/www.sisinternational.com\/de\/wp-json\/wp\/v2\/pages\/14514"}],"wp:featuredmedia":[{"embeddable":true,"href":"https:\/\/www.sisinternational.com\/de\/wp-json\/wp\/v2\/media\/63514"}],"wp:attachment":[{"href":"https:\/\/www.sisinternational.com\/de\/wp-json\/wp\/v2\/media?parent=42278"}],"curies":[{"name":"wp","href":"https:\/\/api.w.org\/{rel}","templated":true}]}}