{"id":42274,"date":"2023-04-11T14:02:22","date_gmt":"2023-04-11T18:02:22","guid":{"rendered":"https:\/\/www.sisinternational.com\/?page_id=42274"},"modified":"2026-01-24T21:18:06","modified_gmt":"2026-01-25T02:18:06","slug":"marktforschung-fur-notstromlosungen","status":"publish","type":"page","link":"https:\/\/www.sisinternational.com\/de\/sachverstand\/marktforschung-fur-notstromlosungen\/","title":{"rendered":"Marktforschung f\u00fcr Backup-Stromversorgungsl\u00f6sungen"},"content":{"rendered":"<h1 class=\"wp-block-heading\">Marktforschung f\u00fcr Backup-Stromversorgungsl\u00f6sungen<\/h1>\n\n\n\n<figure class=\"gb-block-image gb-block-image-28abcd56\"><img loading=\"lazy\" decoding=\"async\" width=\"1456\" height=\"816\" class=\"gb-image gb-image-28abcd56\" src=\"https:\/\/www.sisinternational.com\/wp-content\/uploads\/2025\/08\/Backup-Power-Solutions-6.jpg\" alt=\"SIS International Marktforschung &amp; Strategie\" title=\"Backup Power Solutions (6)\" srcset=\"https:\/\/www.sisinternational.com\/wp-content\/uploads\/2025\/08\/Backup-Power-Solutions-6.jpg 1456w, https:\/\/www.sisinternational.com\/wp-content\/uploads\/2025\/08\/Backup-Power-Solutions-6-300x168.jpg 300w, https:\/\/www.sisinternational.com\/wp-content\/uploads\/2025\/08\/Backup-Power-Solutions-6-1024x574.jpg 1024w, https:\/\/www.sisinternational.com\/wp-content\/uploads\/2025\/08\/Backup-Power-Solutions-6-768x430.jpg 768w, https:\/\/www.sisinternational.com\/wp-content\/uploads\/2025\/08\/Backup-Power-Solutions-6-18x10.jpg 18w\" sizes=\"auto, (max-width: 1456px) 100vw, 1456px\"><\/figure>\n\n\n\n<p><\/p>\n\n\n\n<hr class=\"wp-block-separator has-alpha-channel-opacity is-style-dots\"\/>\n\n\n\n<p>Notstroml\u00f6sungen sind Systeme oder Ger\u00e4te, die Strom liefern. Sie springen bei einem Stromausfall oder einer anderen Unterbrechung der prim\u00e4ren Stromquelle ein. Wir verwenden diese L\u00f6sungen in Privathaushalten, Unternehmen und anderen Umgebungen. Sie stellen sicher, dass kritische Systeme und Ger\u00e4te w\u00e4hrend eines Stromausfalls weiter funktionieren.<\/p>\n\n\n\n<p>Es gibt viele Arten von Notstroml\u00f6sungen. Dazu geh\u00f6ren unterbrechungsfreie Stromversorgungssysteme (USV), Standby-Systeme und tragbare Generatoren. Wir verwenden USV-Systeme, um einzelne Ger\u00e4te mit Notstrom zu versorgen. Sie eignen sich beispielsweise hervorragend f\u00fcr Computer oder Server. Standby- und tragbare Generatoren versorgen dagegen gr\u00f6\u00dfere Bereiche oder ganze Geb\u00e4ude mit Strom.<\/p>\n\n\n\n<p>Notstroml\u00f6sungen sind in bestimmten Umgebungen von entscheidender Bedeutung. In solchen Umgebungen k\u00f6nnen Stromausf\u00e4lle erhebliche St\u00f6rungen verursachen. Beispielsweise ist Notstrom in Krankenh\u00e4usern, Rechenzentren und anderen kritischen Infrastrukturen ein Muss. Eine unterbrechungsfreie Stromversorgung ist f\u00fcr die Aufrechterhaltung kritischer Vorg\u00e4nge in diesen Umgebungen unerl\u00e4sslich. Sie k\u00f6nnen auch f\u00fcr Hausbesitzer hilfreich sein, bei denen aufgrund von Unwettern oder anderen Faktoren h\u00e4ufig Stromausf\u00e4lle auftreten.<\/p>\n\n\n\n<p><\/p>\n\n\n\n<div class=\"wp-block-columns has-global-color-9-color has-text-color has-background has-link-color wp-elements-3c89ad5eb08a8ea64fe3c769ed26464a is-layout-flex wp-container-core-columns-is-layout-9d6595d7 wp-block-columns-is-layout-flex\" style=\"background-color:#f7f9fa6e\">\n<div class=\"wp-block-column is-layout-flow wp-block-column-is-layout-flow\" style=\"flex-basis:18%\"><\/div>\n\n\n\n<div class=\"wp-block-column is-vertically-aligned-center is-layout-flow wp-block-column-is-layout-flow\" style=\"flex-basis:71.28%\">\n<div class=\"wp-block-rank-math-toc-block aligncenter has-global-color-9-color has-text-color has-link-color wp-elements-2b82640a2d1eec330b554632846f343e\" style=\"font-size:16px\" id=\"rank-math-toc\"><h2><br><strong>T<\/strong>able of Contents<\/h2><nav><ul><li class=\"\"><a href=\"#why-are-backup-power-solutions-important\">Warum sind Notstromversorgungsl\u00f6sungen wichtig?<\/a><\/li><li class=\"\"><a href=\"#key-job-titles\">Wichtige Berufsbezeichnungen<\/a><\/li><li class=\"\"><a href=\"#why-do-businesses-need-backup-power-solutions\">Warum brauchen Unternehmen Notstroml\u00f6sungen?<\/a><\/li><li class=\"\"><a href=\"#key-success-factors\">Schl\u00fcsselfaktoren f\u00fcr den Erfolg<\/a><\/li><li class=\"\"><a href=\"#about-backup-power-solutions-market-research\">\u00dcber die Marktforschung zu Backup-Stromversorgungsl\u00f6sungen<\/a><\/li><\/ul><\/nav><\/div>\n<\/div>\n<\/div>\n\n\n\n<p><\/p>\n\n\n\n<h2 class=\"wp-block-heading\" id=\"why-are-backup-power-solutions-important\">Warum sind Notstromversorgungsl\u00f6sungen wichtig?<\/h2>\n\n\n\n<h3 class=\"wp-block-heading\">Notstroml\u00f6sungen sind aus mehreren Gr\u00fcnden unverzichtbar.<\/h3>\n\n\n\n<p>Sie gew\u00e4hrleisten die Kontinuit\u00e4t kritischer Vorg\u00e4nge. Kritische Systeme und Ger\u00e4te funktionieren auch bei einem Stromausfall.<\/p>\n\n\n\n<p>Viele Unternehmen und Organisationen sind f\u00fcr ihren Betrieb auf Strom angewiesen. Stromausf\u00e4lle k\u00f6nnen erhebliche finanzielle Verluste und Produktivit\u00e4tseinbu\u00dfen mit sich bringen. Notstroml\u00f6sungen k\u00f6nnen helfen, diese Verluste zu reduzieren. Sie bieten eine zuverl\u00e4ssige Stromquelle, um den Betrieb aufrechtzuerhalten.<\/p>\n\n\n\n<p>Stromausf\u00e4lle k\u00f6nnen zu Datenverlust und Sch\u00e4den an elektronischen Ger\u00e4ten f\u00fchren. Sie k\u00f6nnen f\u00fcr Computer und Server verheerende Folgen haben. Ein weiterer Vorteil von Notstroml\u00f6sungen ist, dass sie vor Datenverlust sch\u00fctzen k\u00f6nnen. Sie bieten eine zuverl\u00e4ssige Stromquelle, damit diese Ger\u00e4te w\u00e4hrend eines Stromausfalls weiterlaufen.<\/p>\n\n\n\n<p>Auch in Privathaushalten und Wohngebieten sind Notstroml\u00f6sungen erforderlich. Sie k\u00f6nnen dazu beitragen, die Sicherheit und den Komfort der Bewohner bei Stromausf\u00e4llen zu gew\u00e4hrleisten. Notstrom kann den Betrieb wichtiger Ger\u00e4te aufrechterhalten. Beispielsweise werden damit K\u00fchlschr\u00e4nke, Heiz- und K\u00fchlsysteme sowie die Beleuchtung mit Strom versorgt.<\/p>\n\n\n\n<h2 class=\"wp-block-heading\" id=\"key-job-titles\">Wichtige Berufsbezeichnungen<\/h2>\n\n\n\n<figure class=\"gb-block-image gb-block-image-3fc554e9\"><img loading=\"lazy\" decoding=\"async\" width=\"1456\" height=\"816\" class=\"gb-image gb-image-3fc554e9\" src=\"https:\/\/www.sisinternational.com\/wp-content\/uploads\/2025\/08\/Backup-Power-Solutions-4.jpg\" alt=\"SIS International Marktforschung &amp; Strategie\" title=\"Backup Power Solutions (4)\" srcset=\"https:\/\/www.sisinternational.com\/wp-content\/uploads\/2025\/08\/Backup-Power-Solutions-4.jpg 1456w, https:\/\/www.sisinternational.com\/wp-content\/uploads\/2025\/08\/Backup-Power-Solutions-4-300x168.jpg 300w, https:\/\/www.sisinternational.com\/wp-content\/uploads\/2025\/08\/Backup-Power-Solutions-4-1024x574.jpg 1024w, https:\/\/www.sisinternational.com\/wp-content\/uploads\/2025\/08\/Backup-Power-Solutions-4-768x430.jpg 768w, https:\/\/www.sisinternational.com\/wp-content\/uploads\/2025\/08\/Backup-Power-Solutions-4-18x10.jpg 18w\" sizes=\"auto, (max-width: 1456px) 100vw, 1456px\"><\/figure>\n\n\n\n<p><\/p>\n\n\n\n<h3 class=\"wp-block-heading\">Hier sind einige wichtige Berufsbezeichnungen im Zusammenhang mit Notstroml\u00f6sungen:<\/h3>\n\n\n\n<ol class=\"wp-block-list\">\n<li>Backup Power Engineer: Entwirft, implementiert und wartet Backup-Stromversorgungssysteme f\u00fcr verschiedene Anwendungen. Ihr Arbeitsumfang umfasst gewerbliche, industrielle und private Umgebungen.<\/li>\n\n\n\n<li>Generatortechniker: Installiert, wartet und repariert Standby- und tragbare Generatoren f\u00fcr verschiedene Anwendungen.<\/li>\n\n\n\n<li>USV-Techniker: Installiert, wartet und repariert unterbrechungsfreie Stromversorgungssysteme (USV). Diese Systeme versorgen kritische Anlagen und Ger\u00e4te mit Notstrom.<\/li>\n\n\n\n<li>Ingenieur f\u00fcr Leistungselektronik: Entwirft und entwickelt Leistungselektroniksysteme, einschlie\u00dflich Notstromversorgungsl\u00f6sungen.<\/li>\n\n\n\n<li>Elektroingenieur: Entwirft, entwickelt und wartet elektrische Systeme, einschlie\u00dflich Notstromversorgungsl\u00f6sungen.<\/li>\n\n\n\n<li>Spezialist f\u00fcr Stromversorgungssysteme: Spezialisiert auf die Konzeption, Entwicklung und Wartung von Stromversorgungssystemen. Sie erstellen, entwickeln und warten au\u00dferdem Notstroml\u00f6sungen f\u00fcr verschiedene Anwendungen.<\/li>\n\n\n\n<li>Energiespeicheringenieur: Entwirft und entwickelt Energiespeichersysteme, einschlie\u00dflich Batterie-Backup-L\u00f6sungen.<\/li>\n\n\n\n<li>Projektmanager \u2013 Notstromversorgungsl\u00f6sungen. Dieser Manager \u00fcberwacht das Design, die Entwicklung und die Implementierung von Notstromversorgungsl\u00f6sungen. Er tut dies f\u00fcr verschiedene kommerzielle, industrielle und private Anwendungen.<\/li>\n<\/ol>\n\n\n\n<h2 class=\"wp-block-heading\" id=\"why-do-businesses-need-backup-power-solutions\">Warum brauchen Unternehmen Notstroml\u00f6sungen?<\/h2>\n\n\n\n<p>Unternehmen ben\u00f6tigen Notstroml\u00f6sungen aus mehreren Gr\u00fcnden. Erstens reduzieren diese L\u00f6sungen die Ausfallzeiten. Ein Stromausfall kann zu erheblichen Produktivit\u00e4ts- und Umsatzverlusten f\u00fchren. Notstroml\u00f6sungen k\u00f6nnen Unternehmen dabei helfen, ihren Betrieb ohne Unterbrechung fortzusetzen. Somit reduzieren sie die Ausfallzeiten bei Stromausf\u00e4llen.<\/p>\n\n\n\n<p>Stromausf\u00e4lle k\u00f6nnen zu Datenverlust f\u00fchren, dessen Wiederherstellung kostspielig und zeitaufw\u00e4ndig sein kann. Backup-Stromversorgungsl\u00f6sungen k\u00f6nnen sicherstellen, dass kritische Systeme und Ger\u00e4te betriebsbereit bleiben. Sie sch\u00fctzen Systeme wie Server und Rechenzentren vor Datenverlust.<\/p>\n\n\n\n<p>Eine weitere Gefahr von Stromausf\u00e4llen besteht darin, dass sie Dienste unterbrechen und Unannehmlichkeiten f\u00fcr Kunden verursachen k\u00f6nnen. Notstroml\u00f6sungen k\u00f6nnen Unternehmen dabei helfen, die Kundenzufriedenheit aufrechtzuerhalten. Diese L\u00f6sungen stellen sicher, dass wichtige Dienste w\u00e4hrend Stromausf\u00e4llen betriebsbereit bleiben. Beispielsweise verlieren Kunden bei einem Stromausfall die Internetverbindung.<\/p>\n\n\n\n<p>Das Gesetz schreibt f\u00fcr einige Unternehmen Notstroml\u00f6sungen vor. Beispielsweise muss die Gesundheitsbranche \u00fcber solche Systeme verf\u00fcgen. Wenn Ihr Unternehmen diese Vorschriften nicht einh\u00e4lt, kann dies zu Geldstrafen oder rechtlichen Schritten f\u00fchren.<\/p>\n\n\n\n<p>Notstroml\u00f6sungen k\u00f6nnen auch vor Spannungsspitzen und -schwankungen sch\u00fctzen. Diese Ereignisse k\u00f6nnen Ger\u00e4te besch\u00e4digen und Ausfallzeiten verursachen.<\/p>\n\n\n\n<h2 class=\"wp-block-heading\" id=\"key-success-factors\">Schl\u00fcsselfaktoren f\u00fcr den Erfolg<\/h2>\n\n\n\n<figure class=\"gb-block-image gb-block-image-45779661\"><img loading=\"lazy\" decoding=\"async\" width=\"1456\" height=\"816\" class=\"gb-image gb-image-45779661\" src=\"https:\/\/www.sisinternational.com\/wp-content\/uploads\/2025\/08\/Backup-Power-Solutions-1.jpg\" alt=\"SIS International Marktforschung &amp; Strategie\" title=\"Backup Power Solutions (1)\" srcset=\"https:\/\/www.sisinternational.com\/wp-content\/uploads\/2025\/08\/Backup-Power-Solutions-1.jpg 1456w, https:\/\/www.sisinternational.com\/wp-content\/uploads\/2025\/08\/Backup-Power-Solutions-1-300x168.jpg 300w, https:\/\/www.sisinternational.com\/wp-content\/uploads\/2025\/08\/Backup-Power-Solutions-1-1024x574.jpg 1024w, https:\/\/www.sisinternational.com\/wp-content\/uploads\/2025\/08\/Backup-Power-Solutions-1-768x430.jpg 768w, https:\/\/www.sisinternational.com\/wp-content\/uploads\/2025\/08\/Backup-Power-Solutions-1-18x10.jpg 18w\" sizes=\"auto, (max-width: 1456px) 100vw, 1456px\"><\/figure>\n\n\n\n<p><\/p>\n\n\n\n<p>Der wichtigste Erfolgsfaktor f\u00fcr Notstroml\u00f6sungen ist die Zuverl\u00e4ssigkeit. Notstroml\u00f6sungen sollten eine zuverl\u00e4ssige und unterbrechungsfreie Stromversorgung gew\u00e4hrleisten. Dar\u00fcber hinaus sollten diese L\u00f6sungen wichtige Ger\u00e4te und Systeme bei Stromausf\u00e4llen am Laufen halten.<\/p>\n\n\n\n<p>Backups sollten skalierbar und an die sich \u00e4ndernden Anforderungen eines Unternehmens anpassbar sein. Dar\u00fcber hinaus sollten sie in der Lage sein, neue Ger\u00e4te und Systeme zu unterst\u00fctzen, w\u00e4hrend das Unternehmen w\u00e4chst und sich weiterentwickelt.<\/p>\n\n\n\n<p>Die regelm\u00e4\u00dfige Wartung von Notstroml\u00f6sungen ist von entscheidender Bedeutung. Sie wirkt sich auf ihre langfristige Zuverl\u00e4ssigkeit und Wirksamkeit aus.<\/p>\n\n\n\n<p>Techniker m\u00fcssen planm\u00e4\u00dfige Wartungs- und Testarbeiten durchf\u00fchren, um sicherzustellen, dass die Notstromversorgungsl\u00f6sungen funktionieren.<\/p>\n\n\n\n<p>Notstroml\u00f6sungen sollten mit Ihren vorhandenen elektrischen Systemen und Ger\u00e4ten kompatibel sein. Kompatibilit\u00e4tsprobleme k\u00f6nnen zu Systemausf\u00e4llen und Ausfallzeiten f\u00fchren.<\/p>\n\n\n\n<p>Notstroml\u00f6sungen sollten kosteng\u00fcnstig sein und ein gutes Preis-Leistungs-Verh\u00e4ltnis bieten. Bei der Auswahl von Notstroml\u00f6sungen sollten Sie die Gesamtbetriebskosten ber\u00fccksichtigen. Ber\u00fccksichtigen Sie bei Ihren Berechnungen die Kosten f\u00fcr Installation, Wartung und Betrieb.<\/p>\n\n\n\n<p>Integrieren Sie Notstroml\u00f6sungen in die Energiemanagementstrategie Ihres Unternehmens. Sie sollten Teil eines umfassenden Plans sein. Dieser Plan sollte Ma\u00dfnahmen zur Energieeffizienz, erneuerbare Energiequellen und Netzanbindung umfassen.<\/p>\n\n\n\n<p>Sie sollten Ihre Mitarbeiter in der Bedienung und Wartung von Notstroml\u00f6sungen schulen. Durch Schulungen k\u00f6nnen Sie den effektiven Einsatz von Notstroml\u00f6sungen sicherstellen. Sie k\u00f6nnen dazu beitragen, Ausfallzeiten bei Stromausf\u00e4llen zu reduzieren.<\/p>\n\n\n\n<p>Diese kritischen Erfolgsfaktoren k\u00f6nnen sicherstellen, dass Unternehmen auch bei Ausf\u00e4llen mit Strom versorgt sind. So k\u00f6nnen sie wichtige Betriebsabl\u00e4ufe aufrechterhalten und Datenverluste verhindern.<\/p>\n\n\n\n<h2 class=\"wp-block-heading\" id=\"about-backup-power-solutions-market-research\">\u00dcber die Marktforschung zu Backup-Stromversorgungsl\u00f6sungen<\/h2>\n\n\n\n<p><a class=\"wpil_keyword_link\" href=\"https:\/\/www.sisinternational.com\/de\/losungen\/qualitative-quantitative-forschungslosungen\/\"   title=\"Qualitative &amp; Quantitative Forschungsl\u00f6sungen\" data-wpil-keyword-link=\"linked\"  data-wpil-monitor-id=\"704\">Quantitative Marktforschung<\/a> is efficient. It allows busy entrepreneurs to collect large volumes of data fast. Quantitative Research also provides a general view of your target demographic. It goes beyond the participants of your Surveys. In contrast, <a class=\"wpil_keyword_link\" href=\"https:\/\/www.sisinternational.com\/de\/future-trends-in-qualitative-market-research\/\"   title=\"Future Trends in Qualitative Market Research\" data-wpil-keyword-link=\"linked\"  data-wpil-monitor-id=\"703\">Qualitative Marktforschung<\/a> focuses on how people feel. It tells you what they think and why they make their choices. This method includes Focus Groups and direct one-on-one Interviews.<\/p>\n\n\n\n<p>UX Market <a href=\"https:\/\/www.sisinternational.com\/de\/sachverstand\/branchen\/marktforschung-zur-kernenergie\/\" title=\"Marktforschung zur Kernenergie\"  data-wpil-monitor-id=\"3309\">Forschung<\/a> lets you identify how consumers use your backup power solutions. <a href=\"https:\/\/www.sisinternational.com\/de\/sachverstand\/branchen\/marktforschung-zur-stromerzeugung\/\" title=\"Marktforschung zur Stromerzeugung\"  data-wpil-monitor-id=\"3072\">Markteintrittsforschung<\/a> and Strategy Market Research allow you to reduce risk. They also show you opportunities when entering an unknown market. Keep in mind that these markets might become your target audience.<\/p>\n\n\n\n<p>It\u2019s also essential to do <a href=\"https:\/\/www.sisinternational.com\/de\/sachverstand\/branchen\/harzmarktforschung\/\" title=\"Harz-Marktforschung\"  data-wpil-monitor-id=\"3210\">Marktgr\u00f6\u00dfenforschung<\/a>. This research estimates how much profit you can make from your business. You\u2019ll also need to do a Competitive Analysis. This analysis will help you understand your competitors\u2019 strengths and weaknesses. It also allows you to find gaps in the market.<\/p>\n\n\n\n<p>SIS International Research bietet Hilfe in allen diesen Kategorien. Wir sind darauf spezialisiert, unseren Kunden zu helfen, das Beste aus der Marktforschung herauszuholen. Erfahren Sie mehr \u00fcber unsere Strategien f\u00fcr Unternehmen im Bereich Backup-Stromversorgungsl\u00f6sungen. Wir helfen Ihnen, die besten Wege zu finden, um Ihr Gesch\u00e4ft weiter auszubauen!<\/p>\n\n\n<h2>Unser Standort in New York<\/h2>\n<p><!-- \/wp:post-content --> <!-- wp:html --> <iframe loading=\"lazy\" src=\"https:\/\/www.google.com\/maps\/embed?pb=!1m18!1m12!1m3!1d3022.976188376966!2d-73.99130312499956!3d40.740549471389315!2m3!1f0!2f0!3f0!3m2!1i1024!2i768!4f13.1!3m3!1m2!1s0x89c259a15798c731%3A0xd695d09bdd495f25!2s11%20E%2022nd%20St%20FL%202%2C%20New%20York%2C%20NY%2010010%2C%20USA!5e0!3m2!1sen!2spe!4v1726171763526!5m2!1sen!2spe\" width=\"600\" height=\"450\" allowfullscreen=\"allowfullscreen\" data-mce-fragment=\"1\"><\/iframe> <!-- \/wp:html --> <!-- wp:paragraph --><\/p>\n<h3 class=\"wp-block-heading\">11 E 22nd Street, Floor 2, New York, NY 10010 T: +1(212) 505-6805<\/h3>\n<hr \/>\n<h2><span style=\"font-weight: 400;\">\u00dcber SIS International<\/span><\/h2>\n<p><a href=\"https:\/\/www.sisinternational.com\/de\/\"><span style=\"font-weight: 400;\">SIS International<\/span><\/a><span style=\"font-weight: 400;\"> bietet quantitative, qualitative und strategische Forschung an. Wir liefern Daten, Tools, Strategien, Berichte und Erkenntnisse zur Entscheidungsfindung. Wir f\u00fchren auch Interviews, Umfragen, Fokusgruppen und andere Methoden und Ans\u00e4tze der Marktforschung durch.<\/span><a href=\"https:\/\/www.sisinternational.com\/de\/uber-sis-international-research\/contact-sis-international-market-research\/\"><span style=\"font-weight: 400;\"> Kontakt<\/span><\/a><span style=\"font-weight: 400;\"> f\u00fcr Ihr n\u00e4chstes Marktforschungsprojekt.<\/span><\/p>\n<p><!-- wp:heading --><\/p><!-- \/wp:heading -->","protected":false},"excerpt":{"rendered":"<p>Notstroml\u00f6sungen sind Systeme oder Ger\u00e4te, die Strom liefern. Sie springen bei Stromausf\u00e4llen oder anderen St\u00f6rungen ein.<\/p>","protected":false},"author":1,"featured_media":64741,"parent":14514,"menu_order":232,"comment_status":"closed","ping_status":"closed","template":"","meta":{"footnotes":""},"class_list":["post-42274","page","type-page","status-publish","has-post-thumbnail"],"_links":{"self":[{"href":"https:\/\/www.sisinternational.com\/de\/wp-json\/wp\/v2\/pages\/42274","targetHints":{"allow":["GET"]}}],"collection":[{"href":"https:\/\/www.sisinternational.com\/de\/wp-json\/wp\/v2\/pages"}],"about":[{"href":"https:\/\/www.sisinternational.com\/de\/wp-json\/wp\/v2\/types\/page"}],"author":[{"embeddable":true,"href":"https:\/\/www.sisinternational.com\/de\/wp-json\/wp\/v2\/users\/1"}],"replies":[{"embeddable":true,"href":"https:\/\/www.sisinternational.com\/de\/wp-json\/wp\/v2\/comments?post=42274"}],"version-history":[{"count":9,"href":"https:\/\/www.sisinternational.com\/de\/wp-json\/wp\/v2\/pages\/42274\/revisions"}],"predecessor-version":[{"id":77571,"href":"https:\/\/www.sisinternational.com\/de\/wp-json\/wp\/v2\/pages\/42274\/revisions\/77571"}],"up":[{"embeddable":true,"href":"https:\/\/www.sisinternational.com\/de\/wp-json\/wp\/v2\/pages\/14514"}],"wp:featuredmedia":[{"embeddable":true,"href":"https:\/\/www.sisinternational.com\/de\/wp-json\/wp\/v2\/media\/64741"}],"wp:attachment":[{"href":"https:\/\/www.sisinternational.com\/de\/wp-json\/wp\/v2\/media?parent=42274"}],"curies":[{"name":"wp","href":"https:\/\/api.w.org\/{rel}","templated":true}]}}