{"id":41922,"date":"2023-03-19T16:07:57","date_gmt":"2023-03-19T20:07:57","guid":{"rendered":"https:\/\/www.sisinternational.com\/?page_id=41922"},"modified":"2026-03-12T13:26:42","modified_gmt":"2026-03-12T17:26:42","slug":"sojabohnen-marktforschung","status":"publish","type":"page","link":"https:\/\/www.sisinternational.com\/de\/losungen\/marktforschung-fur-die-lebensmittel-und-getrankeindustrie\/sojabohnen-marktforschung\/","title":{"rendered":"Sojabohnen-Marktforschung"},"content":{"rendered":"<h1 class=\"wp-block-heading\">Sojabohnen-Marktforschung<\/h1>\n\n\n\n<figure class=\"gb-block-image gb-block-image-650cd381\"><img loading=\"lazy\" decoding=\"async\" width=\"1456\" height=\"816\" class=\"gb-image gb-image-650cd381\" src=\"https:\/\/www.sisinternational.com\/wp-content\/uploads\/2025\/08\/Bean-soybean-8.jpg\" alt=\"SIS International Marktforschung &amp; Strategie\" title=\"Bean soybean (8)\" srcset=\"https:\/\/www.sisinternational.com\/wp-content\/uploads\/2025\/08\/Bean-soybean-8.jpg 1456w, https:\/\/www.sisinternational.com\/wp-content\/uploads\/2025\/08\/Bean-soybean-8-300x168.jpg 300w, https:\/\/www.sisinternational.com\/wp-content\/uploads\/2025\/08\/Bean-soybean-8-1024x574.jpg 1024w, https:\/\/www.sisinternational.com\/wp-content\/uploads\/2025\/08\/Bean-soybean-8-768x430.jpg 768w, https:\/\/www.sisinternational.com\/wp-content\/uploads\/2025\/08\/Bean-soybean-8-18x10.jpg 18w\" sizes=\"auto, (max-width: 1456px) 100vw, 1456px\"><\/figure>\n\n\n\n<p><\/p>\n\n\n\n<p>Die Sojabohnen-Marktforschung sammelt und analysiert Daten zur Sojabohnen-Industrie, darunter Angebot, Nachfrage, Preise und Markttrends. Der Zweck der Sojabohnen-Marktforschung besteht darin, den Sojabohnen-Markt und die verschiedenen Produktangebote der Branche besser zu verstehen. Die Sojabohnen-Marktforschung bietet Einblicke in die verschiedenen Faktoren, die ihn beeinflussen, wie etwa \u00c4nderungen der Verbrauchernachfrage, Klimaver\u00e4nderungen, die Umsetzung regulatorischer Richtlinien und St\u00f6rungen der Lieferkette.<\/p>\n\n\n\n<h2 class=\"wp-block-heading\">Segmentierung des Sojabohnenmarktes<\/h2>\n\n\n\n<p>Die Sojaindustrie kann anhand verschiedener Kriterien in verschiedene Segmente unterteilt werden. Hier sind einige g\u00e4ngige M\u00f6glichkeiten zur Kategorisierung der Sojaindustrie:<\/p>\n\n\n\n<h3 class=\"wp-block-heading\">Produkt Klassifikation<\/h3>\n\n\n\n<p>Sojaprodukte werden nach ihrer Produktverwendung und Verarbeitung klassifiziert. Beispiele hierf\u00fcr sind ganze Sojabohnen, Sojamehl, Soja\u00f6l und Sojaproteinisolate.<\/p>\n\n\n\n<h3 class=\"wp-block-heading\">Anwendung in anderen Branchen<\/h3>\n\n\n\n<figure class=\"gb-block-image gb-block-image-8c2be954\"><img loading=\"lazy\" decoding=\"async\" width=\"1456\" height=\"816\" class=\"gb-image gb-image-8c2be954\" src=\"https:\/\/www.sisinternational.com\/wp-content\/uploads\/2025\/08\/Bean-soybean-3.jpg\" alt=\"SIS International Marktforschung &amp; Strategie\" title=\"Bean soybean (3)\" srcset=\"https:\/\/www.sisinternational.com\/wp-content\/uploads\/2025\/08\/Bean-soybean-3.jpg 1456w, https:\/\/www.sisinternational.com\/wp-content\/uploads\/2025\/08\/Bean-soybean-3-300x168.jpg 300w, https:\/\/www.sisinternational.com\/wp-content\/uploads\/2025\/08\/Bean-soybean-3-1024x574.jpg 1024w, https:\/\/www.sisinternational.com\/wp-content\/uploads\/2025\/08\/Bean-soybean-3-768x430.jpg 768w, https:\/\/www.sisinternational.com\/wp-content\/uploads\/2025\/08\/Bean-soybean-3-18x10.jpg 18w\" sizes=\"auto, (max-width: 1456px) 100vw, 1456px\"><\/figure>\n\n\n\n<p><\/p>\n\n\n\n<p>Sojaprodukte k\u00f6nnen nach ihrer Verwendung in verschiedenen Branchen klassifiziert werden, beispielsweise in der Lebensmittel- und Getr\u00e4nkeindustrie, in der Tiernahrung, in der Biokraftstoff- und Industrieproduktbranche.<\/p>\n\n\n\n<h3 class=\"wp-block-heading\">Vertriebskan\u00e4le<\/h3>\n\n\n\n<p>Dazu geh\u00f6ren auch die Vertriebskan\u00e4le, \u00fcber die sie verkauft werden. Einzelhandelskan\u00e4le wie Superm\u00e4rkte und Fachgesch\u00e4fte sowie kommerzielle Kan\u00e4le wie Restaurants und Lebensmittelhersteller fallen in diese Kategorie.<\/p>\n\n\n\n<h3 class=\"wp-block-heading\">Erdkunde<\/h3>\n\n\n\n<p>Die Sojaindustrie kann in verschiedene Bereiche unterteilt werden, in denen Soja lokal produziert wird. Dazu geh\u00f6ren auch L\u00e4nder, die Sojabohnen und ihre Nebenprodukte weltweit exportieren.<\/p>\n\n\n\n<h3 class=\"wp-block-heading\">Endprodukt<\/h3>\n\n\n\n<figure class=\"gb-block-image gb-block-image-8b4b9f0f\"><img loading=\"lazy\" decoding=\"async\" width=\"1456\" height=\"816\" class=\"gb-image gb-image-8b4b9f0f\" src=\"https:\/\/www.sisinternational.com\/wp-content\/uploads\/2025\/08\/Bean-soybean-1.jpg\" alt=\"SIS International Marktforschung &amp; Strategie\" title=\"Bean soybean (1)\" srcset=\"https:\/\/www.sisinternational.com\/wp-content\/uploads\/2025\/08\/Bean-soybean-1.jpg 1456w, https:\/\/www.sisinternational.com\/wp-content\/uploads\/2025\/08\/Bean-soybean-1-300x168.jpg 300w, https:\/\/www.sisinternational.com\/wp-content\/uploads\/2025\/08\/Bean-soybean-1-1024x574.jpg 1024w, https:\/\/www.sisinternational.com\/wp-content\/uploads\/2025\/08\/Bean-soybean-1-768x430.jpg 768w, https:\/\/www.sisinternational.com\/wp-content\/uploads\/2025\/08\/Bean-soybean-1-18x10.jpg 18w\" sizes=\"auto, (max-width: 1456px) 100vw, 1456px\"><\/figure>\n\n\n\n<p><\/p>\n\n\n\n<p>Sojaprodukte k\u00f6nnen nach ihrem Verwendungszweck kategorisiert werden. Dazu geh\u00f6ren unter anderem die folgenden:<\/p>\n\n\n\n<ul class=\"wp-block-list\">\n<li>Zutaten in Lebensmitteln wie Tofu, Sojamilch, Sojasauce und Fleischersatz<\/li>\n\n\n\n<li>Tierfutter wie Sojamehl stellt eine hochwertige Quelle f\u00fcr Proteine und essentielle Aminos\u00e4uren f\u00fcr die Tierern\u00e4hrung dar.<\/li>\n\n\n\n<li>Soja\u00f6l wird in zahlreichen industriellen Anwendungen eingesetzt, unter anderem als Schmiermittel, in Druckfarben und bei der Herstellung von Biodiesel.<\/li>\n\n\n\n<li>Sojaproteinisolat wird h\u00e4ufig als Nahrungserg\u00e4nzungsmittel verwendet, insbesondere f\u00fcr Sportler und Bodybuilder, die eine hohe Proteinzufuhr ben\u00f6tigen.<\/li>\n\n\n\n<li>Soybean oil is used in a variety of <a href=\"https:\/\/www.sisinternational.com\/de\/sachverstand\/lebenslaufe\/marktforschung-fur-korperpflegeprodukte\/\" title=\"Marktforschung f\u00fcr K\u00f6rperpflegeprodukte\"  data-wpil-monitor-id=\"8109\">personal care products<\/a>, such as conditioners, moisturizers, and skincare products.<\/li>\n<\/ul>\n\n\n\n<h2 class=\"wp-block-heading\">Faktoren, die die Sojabohnen-Marktforschung beeinflussen<\/h2>\n\n\n\n<p>The soybean <a href=\"https:\/\/www.sisinternational.com\/de\/losungen\/branding-und-kundenforschungslosungen\/influencer-marktforschung\/\" title=\"Influencer Marktforschung\"  data-wpil-monitor-id=\"8112\">market is influenced<\/a> by a wide range of factors that can impact prices, supply and demand, and overall industry performance. Here are some of the <a href=\"https:\/\/www.sisinternational.com\/de\/sachverstand\/branchen\/over-the-top-medien-ott-marktforschung\/\" title=\"Over the Top Media (OTT) Marktforschung\"  data-wpil-monitor-id=\"6211\">top impacting factors in soybean market research:<\/a><\/p>\n\n\n\n<ul class=\"wp-block-list\">\n<li><strong>Globale Nachfrage:<\/strong> Sojabohnen sind eine wichtige Protein- und \u00d6lquelle f\u00fcr Tierfutter, Nahrungsmittel und Biokraftstoffe. Die weltweite Nachfrage nach diesen Produkten kann erhebliche Auswirkungen auf Sojabohnenpreise und -produktion haben.<\/li>\n\n\n\n<li><strong>Klima:<\/strong> Weather conditions such as droughts, floods, and extreme temperatures can affect soybean yields and quality. This can impact supply and <a href=\"https:\/\/www.sisinternational.com\/de\/losungen\/fintech-strategieberatung-forschung\/preisgestaltung-marktforschung\/\" title=\"Preisgestaltung Marktforschung\"  data-wpil-monitor-id=\"8113\">prices in the soybean market<\/a>.<\/li>\n\n\n\n<li><strong>Handelspolitik:<\/strong> Internationale Handelspolitik kann den Handel mit Sojabohnen und Sojaprodukten zwischen L\u00e4ndern beeinflussen. Handelsabkommen und Z\u00f6lle k\u00f6nnen sich auf die Nachfrage und die Preise f\u00fcr Sojabohnen auswirken.<\/li>\n\n\n\n<li><strong>Regierungspolitik:<\/strong> Staatliche Ma\u00dfnahmen wie Subventionen, Auflagen und Vorschriften k\u00f6nnen sich auf die Sojaproduktion und -nachfrage auswirken. So k\u00f6nnen beispielsweise Auflagen f\u00fcr Biokraftstoffe die Nachfrage nach Sojabohnen erh\u00f6hen, w\u00e4hrend Umweltauflagen Auswirkungen auf die Produktionspraktiken haben k\u00f6nnen.<\/li>\n\n\n\n<li><strong>Konkurrenz durch andere Kulturpflanzen:<\/strong> Sojabohnen stehen in Konkurrenz zu anderen Nutzpflanzen wie Mais, Weizen und Raps. Ver\u00e4nderungen bei den Preisen und der Produktion von Nutzpflanzen k\u00f6nnen sich auf die Sojabohnenpreise und die Nachfrage auswirken.<\/li>\n\n\n\n<li><strong>Technologische Fortschritte:<\/strong> Technologische Fortschritte in der Pflanzengenetik, der Pr\u00e4zisionslandwirtschaft und der Verarbeitung k\u00f6nnen den Ertrag, die Qualit\u00e4t und die Effizienz von Sojabohnen verbessern. Diese Fortschritte k\u00f6nnen sich auf die Produktionskosten und das Angebot auf dem Sojabohnenmarkt auswirken.<\/li>\n\n\n\n<li><strong>Verbrauchertrends:<\/strong> Ver\u00e4nderungen der Verbraucherpr\u00e4ferenzen und -trends k\u00f6nnen die Nachfrage nach Sojaprodukten wie Tofu, Sojamilch und Sojasauce beeinflussen. Dies kann sich auf die Preise und die Produktion von Sojabohnen und Sojaprodukten auswirken.<\/li>\n<\/ul>\n\n\n\n<h2 class=\"wp-block-heading\">Methoden der Sojabohnen-Marktforschung<\/h2>\n\n\n\n<p>Die Marktforschung f\u00fcr Sojabohnen umfasst das Sammeln und Analysieren von Daten zur Sojabohnenindustrie, einschlie\u00dflich Angebot, Nachfrage, Preisen und Markttrends.<\/p>\n\n\n\n<h3 class=\"wp-block-heading\">Im Folgenden sind die allgemeinen Schritte zur Durchf\u00fchrung einer Marktforschung f\u00fcr Sojabohnen aufgef\u00fchrt:<\/h3>\n\n\n\n<ul class=\"wp-block-list\">\n<li>Es ist unbedingt erforderlich, dass die Forschungsziele klar definiert sind. Dies wird die Richtung der Sojabohnen-Marktforschung vorgeben.<br>Data and <a href=\"https:\/\/www.sisinternational.com\/de\/die-rolle-der-prozess-und-systementwicklung-fur-den-unternehmenserfolg\/\" title=\"Organisationsdesign Marktforschung\"  data-wpil-monitor-id=\"8108\">strategies in soybean market<\/a> industry can be collected from credible sources, such as commercial and government reports and industry publications.<\/li>\n\n\n\n<li>Implementation of different research methods such as surveys, interviews, and focus <a href=\"https:\/\/www.sisinternational.com\/de\/abdeckung\/europa\/marktforschung-liverpool-grosbritannien\/\" title=\"Marktforschung in Liverpool | Fokusgruppen und Datenerfassung in Gro\u00dfbritannien\"  data-wpil-monitor-id=\"8114\">groups can also be used to collect<\/a> data directly from farmers, consumers, and industry experts.<\/li>\n\n\n\n<li><a href=\"https:\/\/www.sisinternational.com\/de\/sis-fallstudie-zu-store-insights-weltweit\/\" title=\"Einblicke in die Kundenerfahrung im Gesch\u00e4ft \u2013 Fallstudie zur Marktforschung\"  data-wpil-monitor-id=\"8111\">Market Research provides insights<\/a> that are analyzed to identify patterns, trends, and relationships between different aspects of the industry.<\/li>\n<\/ul>\n\n\n\n<h2 class=\"wp-block-heading\">Wichtige Akteure in der Sojabohnenindustrie<\/h2>\n\n\n\n<figure class=\"gb-block-image gb-block-image-78ee92e6\"><img loading=\"lazy\" decoding=\"async\" width=\"1456\" height=\"816\" class=\"gb-image gb-image-78ee92e6\" src=\"https:\/\/www.sisinternational.com\/wp-content\/uploads\/2025\/08\/Bean-soybean-4.jpg\" alt=\"SIS International Marktforschung &amp; Strategie\" title=\"Bean soybean (4)\" srcset=\"https:\/\/www.sisinternational.com\/wp-content\/uploads\/2025\/08\/Bean-soybean-4.jpg 1456w, https:\/\/www.sisinternational.com\/wp-content\/uploads\/2025\/08\/Bean-soybean-4-300x168.jpg 300w, https:\/\/www.sisinternational.com\/wp-content\/uploads\/2025\/08\/Bean-soybean-4-1024x574.jpg 1024w, https:\/\/www.sisinternational.com\/wp-content\/uploads\/2025\/08\/Bean-soybean-4-768x430.jpg 768w, https:\/\/www.sisinternational.com\/wp-content\/uploads\/2025\/08\/Bean-soybean-4-18x10.jpg 18w\" sizes=\"auto, (max-width: 1456px) 100vw, 1456px\"><\/figure>\n\n\n\n<p><\/p>\n\n\n\n<p>Die Sojaindustrie ist gro\u00df und vielf\u00e4ltig. Viele wichtige Akteure sind in verschiedenen Segmenten t\u00e4tig. Hier sind einige der wichtigsten Akteure der Sojaindustrie:<\/p>\n\n\n\n<ul class=\"wp-block-list\">\n<li>Archer-Daniels-Midland Co. (Soja\u00f6le)<\/li>\n\n\n\n<li>Cargill, Inc (Soja\u00f6l)<\/li>\n\n\n\n<li>CHS Inc. (Soja\u00f6l)<\/li>\n\n\n\n<li>Danone Nordamerika (Sojamehl)<\/li>\n\n\n\n<li>DuPont de Nemours, Inc. (Sojabohnenprodukte)<\/li>\n\n\n\n<li>Fuji Oil Group (Produkte\/Zutaten auf Sojabasis)<\/li>\n\n\n\n<li>House Foods Corporation (gentechnikfreier Tofu)<\/li>\n\n\n\n<li>Kerry Group plc (pflanzliche Lebensmittell\u00f6sung)<\/li>\n\n\n\n<li>Nordic Soya Oy (Sojaproteinkonzentrat)<\/li>\n\n\n\n<li>Scoular (Sojamilch)<\/li>\n<\/ul>\n\n\n\n<p>These companies are involved in different segments of the soybean industry, including production, processing, distribution, and marketing. They have a significant presence in other regions worldwide and play an essential role in shaping the soybean <a href=\"https:\/\/www.sisinternational.com\/de\/losungen\/strategieberatung\/marktforschung-fur-minimal-funktionsfahige-produkte\/\" title=\"Marktforschung f\u00fcr minimal funktionsf\u00e4hige Produkte\"  data-wpil-monitor-id=\"8115\">market through their production<\/a> and pricing decisions. Additionally, many smaller companies and farmers are involved in the soybean industry, particularly in developing countries where soybeans are a significant crop for smallholder farmers.<\/p>\n\n\n\n<h2 class=\"wp-block-heading\">Vorteile der Durchf\u00fchrung einer Sojabohnen-Marktforschung<\/h2>\n\n\n\n<p>Die Marktforschung f\u00fcr Sojabohnen bietet Erkenntnisse, die aus folgenden Gr\u00fcnden von Nutzen sind:<\/p>\n\n\n\n<ul class=\"wp-block-list\">\n<li>Mithilfe der Marktforschung zu Sojabohnen k\u00f6nnen Unternehmen die aktuellen Markttrends, einschlie\u00dflich \u00c4nderungen bei Nachfrage, Angebot und Preisen, verstehen.<\/li>\n\n\n\n<li>Durch die Analyse der Marktdaten k\u00f6nnen Unternehmen neue Chancen in der Sojabohnenindustrie erkennen, etwa aufstrebende M\u00e4rkte, neue Anwendungen oder potenzielle Kooperationen mit anderen Unternehmen.<\/li>\n\n\n\n<li>Marktforschung f\u00fcr Sojabohnen kann Unternehmen dabei helfen, potenzielle Risiken und Herausforderungen zu erkennen, wie etwa \u00c4nderungen der Vorschriften, Wetterereignisse oder Unterbrechungen der Lieferkette. Durch das Verst\u00e4ndnis dieser Risiken k\u00f6nnen Unternehmen proaktive Ma\u00dfnahmen ergreifen, um sie zu managen und ihre Auswirkungen zu mildern.<\/li>\n\n\n\n<li>By understanding the <a href=\"https:\/\/www.sisinternational.com\/de\/global-beverage-market\/\" title=\"Global Beverage Market: Market Dynamics, Growth Projections &amp; Consumer Insights\"  data-wpil-monitor-id=\"8110\">market dynamics and consumer<\/a> preferences, businesses can develop more competitive products and services that meet the needs of their customers.<\/li>\n<\/ul>\n\n\n\n<h2 class=\"wp-block-heading\">\u00dcber die Sojabohnen-Marktforschung<\/h2>\n\n\n\n<p>Die Forschungsergebnisse k\u00f6nnen den Stakeholdern durch Berichte, Pr\u00e4sentationen und Visualisierungen mitgeteilt werden. Die Marktforschung f\u00fcr Sojabohnen liefert Erkenntnisse, die auch zur Information von Branchendiskussionen und politischen Entscheidungen verwendet werden k\u00f6nnen. Die Daten und Strategien der Sojabohnenmarktbranche k\u00f6nnen wichtige Akteure der Branche dabei unterst\u00fctzen, fundierte Entscheidungen zu treffen. Verschiedene Branchen und Unternehmen k\u00f6nnen ihre Produktions-, Preis- und Marketingstrategien optimieren, was zu h\u00f6herer Rentabilit\u00e4t und Wachstum f\u00fchren kann.<\/p>","protected":false},"excerpt":{"rendered":"<p>Die Marktforschung zu Sojabohnen bietet Einblicke in die Verbrauchernachfrage, Klimaver\u00e4nderungen, beh\u00f6rdliche Vorschriften und Lieferkettenunterbrechungen.<\/p>","protected":false},"author":1,"featured_media":63775,"parent":22018,"menu_order":228,"comment_status":"closed","ping_status":"closed","template":"","meta":{"footnotes":""},"class_list":["post-41922","page","type-page","status-publish","has-post-thumbnail"],"_links":{"self":[{"href":"https:\/\/www.sisinternational.com\/de\/wp-json\/wp\/v2\/pages\/41922","targetHints":{"allow":["GET"]}}],"collection":[{"href":"https:\/\/www.sisinternational.com\/de\/wp-json\/wp\/v2\/pages"}],"about":[{"href":"https:\/\/www.sisinternational.com\/de\/wp-json\/wp\/v2\/types\/page"}],"author":[{"embeddable":true,"href":"https:\/\/www.sisinternational.com\/de\/wp-json\/wp\/v2\/users\/1"}],"replies":[{"embeddable":true,"href":"https:\/\/www.sisinternational.com\/de\/wp-json\/wp\/v2\/comments?post=41922"}],"version-history":[{"count":5,"href":"https:\/\/www.sisinternational.com\/de\/wp-json\/wp\/v2\/pages\/41922\/revisions"}],"predecessor-version":[{"id":81366,"href":"https:\/\/www.sisinternational.com\/de\/wp-json\/wp\/v2\/pages\/41922\/revisions\/81366"}],"up":[{"embeddable":true,"href":"https:\/\/www.sisinternational.com\/de\/wp-json\/wp\/v2\/pages\/22018"}],"wp:featuredmedia":[{"embeddable":true,"href":"https:\/\/www.sisinternational.com\/de\/wp-json\/wp\/v2\/media\/63775"}],"wp:attachment":[{"href":"https:\/\/www.sisinternational.com\/de\/wp-json\/wp\/v2\/media?parent=41922"}],"curies":[{"name":"wp","href":"https:\/\/api.w.org\/{rel}","templated":true}]}}