{"id":41915,"date":"2023-03-18T22:53:00","date_gmt":"2023-03-19T02:53:00","guid":{"rendered":"https:\/\/www.sisinternational.com\/?page_id=41915"},"modified":"2025-10-20T23:43:35","modified_gmt":"2025-10-21T03:43:35","slug":"schifffahrts-und-logistikmarktforschung","status":"publish","type":"page","link":"https:\/\/www.sisinternational.com\/de\/sachverstand\/schifffahrts-und-logistikmarktforschung\/","title":{"rendered":"Marktforschung f\u00fcr Schifffahrt und Logistik"},"content":{"rendered":"<h1 class=\"wp-block-heading\">Marktforschung f\u00fcr Schifffahrt und Logistik<\/h1>\n\n\n\n<figure class=\"gb-block-image gb-block-image-d6a35eda\"><img loading=\"lazy\" decoding=\"async\" width=\"1456\" height=\"816\" class=\"gb-image gb-image-d6a35eda\" src=\"https:\/\/www.sisinternational.com\/wp-content\/uploads\/2025\/08\/Dropshipping-1.jpg\" alt=\"SIS International Marktforschung &amp; Strategie\" title=\"Dropshipping (1)\" srcset=\"https:\/\/www.sisinternational.com\/wp-content\/uploads\/2025\/08\/Dropshipping-1.jpg 1456w, https:\/\/www.sisinternational.com\/wp-content\/uploads\/2025\/08\/Dropshipping-1-300x168.jpg 300w, https:\/\/www.sisinternational.com\/wp-content\/uploads\/2025\/08\/Dropshipping-1-1024x574.jpg 1024w, https:\/\/www.sisinternational.com\/wp-content\/uploads\/2025\/08\/Dropshipping-1-768x430.jpg 768w, https:\/\/www.sisinternational.com\/wp-content\/uploads\/2025\/08\/Dropshipping-1-18x10.jpg 18w\" sizes=\"auto, (max-width: 1456px) 100vw, 1456px\"><\/figure>\n\n\n\n<p><\/p>\n\n\n\n<p>Durch die Durchf\u00fchrung umfassender Marktforschung in der Schifffahrts- und Logistikbranche erhalten Unternehmen wertvolle Einblicke in wichtige Trends, Wettbewerbsstrategien, Entwicklungspotenziale und Hindernisse.<\/p>\n\n\n\n<p>Diese Art der Marktforschung ist f\u00fcr alle in dieser Branche t\u00e4tigen Unternehmen von entscheidender Bedeutung. Sie erm\u00f6glicht ihnen, fundierte Entscheidungen \u00fcber ihre Gesch\u00e4ftst\u00e4tigkeit zu treffen und potenziellen Risiken in einem \u00e4u\u00dferst wettbewerbsintensiven Sektor vorzubeugen.<\/p>\n\n\n\n<h2 class=\"wp-block-heading\">Bedeutung der Marktforschung im Versand- und Logistikbereich<\/h2>\n\n\n\n<p>Shipping and logistics market research is a vital tool for businesses within this industry because it allows them to obtain in-depth data that assist decision-makers. Here are a few reasons why shipping and <a href=\"https:\/\/www.sisinternational.com\/de\/sachverstand\/branchen\/marktforschung-fur-drittanbieterlogistik\/\" title=\"Marktforschung f\u00fcr Drittanbieterlogistik\"  data-wpil-monitor-id=\"4761\">logistics market research<\/a> is so important:<\/p>\n\n\n\n<ul class=\"wp-block-list\">\n<li>Through exhaustive <a href=\"https:\/\/www.sisinternational.com\/de\/sachverstand\/branchen\/frachtmarktforschung-2\/\" title=\"Frachtmarktforschung \u2014 Spedition und Schifffahrt\"  data-wpil-monitor-id=\"6484\">Schifffahrts- und Logistikmarktforschung<\/a>, businesses can correct the course of their operations and strategies by recognizing shifts in customer needs, technology breakthroughs, and fluctuations in demand. Being aware of these changes gives an organization a competitive edge that will subsequently result in higher returns.<\/li>\n\n\n\n<li>Marktforschung im Bereich Versand und Logistik kann Unternehmen einen Wettbewerbsvorteil verschaffen, indem sie die St\u00e4rken, Schw\u00e4chen und Marktanteile ihrer Konkurrenz ermittelt. Diese Informationen sind f\u00fcr die Entwicklung erfolgreicher Marketingpl\u00e4ne von entscheidender Bedeutung, die globalen Unternehmen zu einem entscheidenden Vorteil verhelfen.<\/li>\n\n\n\n<li>Marktforschung zeigt Unternehmen mit Bereichen mit hohem Wachstumspotenzial auf, beispielsweise neuen M\u00e4rkten, bahnbrechenden Technologien und innovativen Dienstleistungen. Diese Daten k\u00f6nnen Unternehmen dabei helfen, ihre Gesch\u00e4ftst\u00e4tigkeit auszubauen und gleichzeitig ihre Einnahmequellen zu steigern.<\/li>\n\n\n\n<li>Marktforschung im Bereich Versand und Logistik hilft Unternehmen dabei, potenzielle Bedrohungen und Probleme wie Regulierungs\u00e4nderungen, Konjunkturabschw\u00fcnge und St\u00f6rungen in der Lieferkette zu erkennen. Diese Informationen erm\u00f6glichen es Unternehmen, Notfallpl\u00e4ne zu erstellen und sich vor Gefahren zu sch\u00fctzen.<\/li>\n<\/ul>\n\n\n\n<h2 class=\"wp-block-heading\">Best Practices f\u00fcr die Durchf\u00fchrung von Marktforschung im Versand- und Logistikbereich<\/h2>\n\n\n\n<figure class=\"gb-block-image gb-block-image-84ccc661\"><img loading=\"lazy\" decoding=\"async\" width=\"1456\" height=\"816\" class=\"gb-image gb-image-84ccc661\" src=\"https:\/\/www.sisinternational.com\/wp-content\/uploads\/2025\/08\/Dropshipping-3.jpg\" alt=\"SIS International Marktforschung &amp; Strategie\" title=\"Dropshipping (3)\" srcset=\"https:\/\/www.sisinternational.com\/wp-content\/uploads\/2025\/08\/Dropshipping-3.jpg 1456w, https:\/\/www.sisinternational.com\/wp-content\/uploads\/2025\/08\/Dropshipping-3-300x168.jpg 300w, https:\/\/www.sisinternational.com\/wp-content\/uploads\/2025\/08\/Dropshipping-3-1024x574.jpg 1024w, https:\/\/www.sisinternational.com\/wp-content\/uploads\/2025\/08\/Dropshipping-3-768x430.jpg 768w, https:\/\/www.sisinternational.com\/wp-content\/uploads\/2025\/08\/Dropshipping-3-18x10.jpg 18w\" sizes=\"auto, (max-width: 1456px) 100vw, 1456px\"><\/figure>\n\n\n\n<ul class=\"wp-block-list\">\n<li>Um ein umfassendes Verst\u00e4ndnis des Schifffahrts- und Logistikmarktes zu erlangen, ist es ratsam, mehrere Forschungsmethoden wie Umfragen, Fokusgruppen und Interviews in Betracht zu ziehen. Durch die Kombination verschiedener Ans\u00e4tze im Forschungsprozess k\u00f6nnen Unternehmen ein klareres Bild davon erhalten, was in der Branche passiert.<\/li>\n\n\n\n<li>Das Verst\u00e4ndnis weltweiter Muster und Vorschriften ist notwendig, um ein erfolgreiches Forschungsprojekt in diesem Bereich zu gew\u00e4hrleisten. Das Beobachten internationaler Trends kann sogar relevante Erkenntnisse liefern, die f\u00fcr den Erfolg in der Schifffahrt oder Logistik entscheidend sind.<\/li>\n\n\n\n<li>Durch die Zusammenarbeit mit spezialisierten Fachleuten aus den Bereichen Transport und Logistik k\u00f6nnen Unternehmen von deren Fachwissen profitieren und so die Relevanz und Pr\u00e4zision ihrer Untersuchungen gew\u00e4hrleisten.<\/li>\n\n\n\n<li>Der Schifffahrts- und Logistiksektor ist einem st\u00e4ndigen Wandel unterworfen und wird von Spitzentechnologien enorm beeinflusst. Die Verfolgung dieser Fortschritte kann Unternehmen dabei helfen, innovative Chancen, aber auch potenzielle Gefahren zu erkennen.<\/li>\n\n\n\n<li>Durch den Einsatz von Datenvisualisierungstools k\u00f6nnen komplexe Informationen effektiv dargestellt und leichter verstanden werden. Dies kann sich bei der Diskussion von Forschungsergebnissen mit Stakeholdern als von unsch\u00e4tzbarem Wert erweisen.<\/li>\n<\/ul>\n\n\n\n<h2 class=\"wp-block-heading\">Markttrends in der Schifffahrts- und Logistikmarktforschung<\/h2>\n\n\n\n<p>Marktforschungen im Bereich Schifffahrt und Logistik zeigen mehrere Trends, die diesen Sektor neu definieren. Hier sind einige der wichtigsten Trends:<\/p>\n\n\n\n<ul class=\"wp-block-list\">\n<li>Das enorme Wachstum des E-Commerce hat zu einem au\u00dferordentlichen Bedarf an Versand- und Logistikdienstleistungen gef\u00fchrt, um den Bed\u00fcrfnissen der Verbraucher gerecht zu werden. Aktuellen Markttrends zufolge erwarten Verbraucher eine schnelle Lieferung ihrer Online-Eink\u00e4ufe. Um dieser Nachfragesteigerung gerecht zu werden, investieren Lieferunternehmen verst\u00e4rkt in technologische Fortschritte und die Entwicklung der Infrastruktur.<\/li>\n\n\n\n<li>Nachhaltigkeit r\u00fcckt immer st\u00e4rker in den Fokus, da Kunden und Regulierungsbeh\u00f6rden immer st\u00e4rker daran interessiert sind, die Umweltauswirkungen des Transports zu reduzieren. Um dieser Nachfrage gerecht zu werden, haben Logistikunternehmen Innovationen eingef\u00fchrt, indem sie alternative Kraftstoffe verwenden und Emissionen reduzieren.<\/li>\n\n\n\n<li>Durch die Integration von Technologie steigern Transport- und Logistikunternehmen nicht nur ihre Effizienz, sondern senken auch ihre Kosten. Datenanalysen werden derzeit auch zur Optimierung von Lieferketten eingesetzt, w\u00e4hrend die Automatisierung die Betriebsabl\u00e4ufe rationalisiert.<\/li>\n\n\n\n<li>Um Kosten zu senken und die Effizienz zu steigern, greifen Unternehmen immer h\u00e4ufiger auf externe Logistikdienstleister zur\u00fcck. Marktforschungen best\u00e4tigen, dass dies ein wachsender Trend in der Gesch\u00e4ftswelt ist.<\/li>\n\n\n\n<li>Unternehmen in der Versand- und Logistikbranche wissen, dass das Kundenerlebnis entscheidend f\u00fcr den Erfolg ist. Daher investieren sie massiv in die Bereitstellung von Echtzeit-Sendungsverfolgung, individuellen Lieferoptionen und speziellen Dienstleistungen, die auf die Bed\u00fcrfnisse einzelner Kunden zugeschnitten sind.<\/li>\n<\/ul>\n\n\n\n<h2 class=\"wp-block-heading\">Das Wettbewerbsumfeld in der Schifffahrts- und Logistikbranche<\/h2>\n\n\n\n<p>Der Versand- und Logistikmarkt ist \u00e4u\u00dferst wettbewerbsintensiv und zahlreiche Konkurrenten buhlen um die Aufmerksamkeit der Verbraucher. Zu den bekanntesten Akteuren in dieser lukrativen Branche z\u00e4hlen:<\/p>\n\n\n\n<ul class=\"wp-block-list\">\n<li><strong>DHL<\/strong> bietet umfassende L\u00f6sungen, darunter Luft- und Seefrachttransport, Lagerdienstleistungen und Vertrieb. Mit seiner starken Pr\u00e4senz in dieser Branche erm\u00f6glicht DHL Unternehmen, ihre Produkte zuverl\u00e4ssig weltweit auszuliefern.<\/li>\n\n\n\n<li><strong>FedEx<\/strong> ist ein internationales Kurierdienstunternehmen, das eine umfassende Palette an Versand- und Logistikl\u00f6sungen in 220 L\u00e4ndern weltweit anbietet. Von Expresspost bis zur Speditionsabwicklung sind die M\u00f6glichkeiten mit FedEx endlos.<\/li>\n\n\n\n<li><strong>UPS<\/strong> ist ein international renommiertes Paketzustellungs- und Supply-Chain-Management-Unternehmen, das ein umfassendes Leistungsspektrum anbietet, das von gro\u00dfen Gesch\u00e4ftsl\u00f6sungen bis hin zum klein angelegten Kundenservice reicht.<\/li>\n\n\n\n<li><strong>Maersk<\/strong> ist eine d\u00e4nische Reederei, die Containertransport und Lieferkettenmanagement anbietet und weltweit ein ausgedehntes Netzwerk aufgebaut hat.<\/li>\n<\/ul>\n\n\n\n<h2 class=\"wp-block-heading\">Chancen und Herausforderungen in der Schifffahrts- und Logistikbranche<\/h2>\n\n\n\n<figure class=\"gb-block-image gb-block-image-4ceea4dd\"><img loading=\"lazy\" decoding=\"async\" width=\"1456\" height=\"816\" class=\"gb-image gb-image-4ceea4dd\" src=\"https:\/\/www.sisinternational.com\/wp-content\/uploads\/2025\/08\/Dropshipping-2.jpg\" alt=\"SIS International Marktforschung &amp; Strategie\" title=\"Dropshipping (2)\" srcset=\"https:\/\/www.sisinternational.com\/wp-content\/uploads\/2025\/08\/Dropshipping-2.jpg 1456w, https:\/\/www.sisinternational.com\/wp-content\/uploads\/2025\/08\/Dropshipping-2-300x168.jpg 300w, https:\/\/www.sisinternational.com\/wp-content\/uploads\/2025\/08\/Dropshipping-2-1024x574.jpg 1024w, https:\/\/www.sisinternational.com\/wp-content\/uploads\/2025\/08\/Dropshipping-2-768x430.jpg 768w, https:\/\/www.sisinternational.com\/wp-content\/uploads\/2025\/08\/Dropshipping-2-18x10.jpg 18w\" sizes=\"auto, (max-width: 1456px) 100vw, 1456px\"><\/figure>\n\n\n\n<p><\/p>\n\n\n\n<p>Die Marktforschung im Bereich Versand und Logistik zeigt eine Reihe von Trends, die derzeit die Aktivit\u00e4ten von Unternehmen in diesem Sektor erleichtern oder erschweren. Einige der wichtigsten Chancen und Herausforderungen sind die folgenden:<\/p>\n\n\n\n<h3 class=\"wp-block-heading\">Gelegenheiten<\/h3>\n\n\n\n<ul class=\"wp-block-list\">\n<li>W\u00e4hrend die Welt nach L\u00f6sungen f\u00fcr den Klimawandel sucht, werden Investitionen in umweltfreundliche Transport- und Logistikpraktiken immer wichtiger. Unternehmen, die emissionsarme Fahrzeuge oder erneuerbare Energiequellen w\u00e4hlen, verschaffen sich einen Vorteil gegen\u00fcber ihren Mitbewerbern und schaffen so gro\u00dfe Wachstumschancen in diesem Sektor.<\/li>\n\n\n\n<li><a href=\"https:\/\/www.sisinternational.com\/de\/losungen\/ai-marktforschung-und-strategieberatung\/versand-logistik-automatisierung-ki-beratung\/\" title=\"Versand- und Logistikautomatisierung und KI-Beratung\"  data-wpil-monitor-id=\"4377\">Shipping and logistics market research<\/a> reveal that companies that leverage automation, AI, and analytics can reduce operational costs while increasing productivity. By investing in these technological advancements, businesses will be well-prepared to compete in this industry.<\/li>\n\n\n\n<li>Angesichts der rasant steigenden Nachfrage nach E-Commerce haben Unternehmen, die sich auf Same-Day-Versand spezialisiert haben, eine hervorragende Gelegenheit, davon zu profitieren. Dar\u00fcber hinaus k\u00f6nnen Unternehmen, die Teil der E-Commerce-Branche sind, in ihr eigenes Logistiknetzwerk investieren, um mehr Kontrolle \u00fcber den Lieferkettenprozess zu erlangen.<\/li>\n\n\n\n<li>Unternehmen, die jetzt in Schwellenm\u00e4rkte investieren, haben optimale Voraussetzungen f\u00fcr lohnendes langfristiges Wachstum. Grund daf\u00fcr ist die steigende Nachfrage nach Waren und Dienstleistungen aus Entwicklungsl\u00e4ndern.<\/li>\n\n\n\n<li>Kundenzufriedenheit wird in Versand und Logistik immer wichtiger. Kunden verlangen volle Transparenz \u00fcber ihre Sendungen, wobei Zuverl\u00e4ssigkeit im Vordergrund steht. Unternehmen, die ihren Kunden ein erstklassiges Erlebnis bieten, k\u00f6nnen sich von der Konkurrenz abheben und gleichzeitig einen treuen Kundenstamm aufbauen.<\/li>\n<\/ul>\n\n\n\n<h3 class=\"wp-block-heading\">Herausforderungen<\/h3>\n\n\n\n<ul class=\"wp-block-list\">\n<li>In dieser Branche gibt es zahlreiche Vorschriften, die Unternehmen einhalten m\u00fcssen. Die Nichteinhaltung dieser Vorschriften kann zu hohen Bu\u00dfgeldern, l\u00e4ngeren Verz\u00f6gerungen und verpassten Gesch\u00e4ftsm\u00f6glichkeiten f\u00fchren.<\/li>\n\n\n\n<li>Um der Konkurrenz einen Schritt voraus zu sein, kann es kostspielig sein, neue Technologien zu erwerben und zu aktualisieren. Dies bedeutet, dass Sie ausgefeilte Transportmanagementsysteme einsetzen, Lagerautomatisierungsprozesse optimieren und datengesteuerte Analysen nutzen m\u00fcssen.<\/li>\n\n\n\n<li>Eine schlechte Infrastruktur und Kapazit\u00e4tsbeschr\u00e4nkungen k\u00f6nnen die Schifffahrts- und Logistikbranche stark beeintr\u00e4chtigen. Veraltete oder unzureichende H\u00e4fen, Stra\u00dfen und andere Transporteinrichtungen f\u00fchren h\u00e4ufig zu zus\u00e4tzlichen Kosten f\u00fcr Kunden sowie zu Verz\u00f6gerungen bei den Lieferungen.<\/li>\n\n\n\n<li>Marktforschungen im Bereich Schifffahrt und Logistik zeigen, dass die Umweltvorschriften immer strenger werden und Unternehmen in der Schifffahrts- und Logistikbranche sicherstellen m\u00fcssen, dass sie diese einhalten. Dazu geh\u00f6rt die Verwendung saubererer Kraftstoffe, Investitionen in energieeffiziente Technologien und die Reduzierung von Abf\u00e4llen.<\/li>\n<\/ul>\n\n\n\n<p>SIS International bietet quantitative, qualitative und strategische Forschung an. Wir liefern Daten, Tools, Strategien, Berichte und Erkenntnisse zur Entscheidungsfindung. Wir f\u00fchren Interviews, Umfragen, Fokusgruppen und viele andere Methoden und Ans\u00e4tze der Marktforschung durch. Kontaktieren Sie uns f\u00fcr Ihr n\u00e4chstes Marktforschungsprojekt.<\/p>","protected":false},"excerpt":{"rendered":"<p>Die Marktforschung im Bereich Versand und Logistik bietet Einblicke in wichtige Trends, Wettbewerbsstrategien, Entwicklungspotenziale und Hindernisse.<\/p>","protected":false},"author":1,"featured_media":64793,"parent":14514,"menu_order":225,"comment_status":"closed","ping_status":"closed","template":"","meta":{"footnotes":""},"class_list":["post-41915","page","type-page","status-publish","has-post-thumbnail"],"_links":{"self":[{"href":"https:\/\/www.sisinternational.com\/de\/wp-json\/wp\/v2\/pages\/41915","targetHints":{"allow":["GET"]}}],"collection":[{"href":"https:\/\/www.sisinternational.com\/de\/wp-json\/wp\/v2\/pages"}],"about":[{"href":"https:\/\/www.sisinternational.com\/de\/wp-json\/wp\/v2\/types\/page"}],"author":[{"embeddable":true,"href":"https:\/\/www.sisinternational.com\/de\/wp-json\/wp\/v2\/users\/1"}],"replies":[{"embeddable":true,"href":"https:\/\/www.sisinternational.com\/de\/wp-json\/wp\/v2\/comments?post=41915"}],"version-history":[{"count":6,"href":"https:\/\/www.sisinternational.com\/de\/wp-json\/wp\/v2\/pages\/41915\/revisions"}],"predecessor-version":[{"id":80067,"href":"https:\/\/www.sisinternational.com\/de\/wp-json\/wp\/v2\/pages\/41915\/revisions\/80067"}],"up":[{"embeddable":true,"href":"https:\/\/www.sisinternational.com\/de\/wp-json\/wp\/v2\/pages\/14514"}],"wp:featuredmedia":[{"embeddable":true,"href":"https:\/\/www.sisinternational.com\/de\/wp-json\/wp\/v2\/media\/64793"}],"wp:attachment":[{"href":"https:\/\/www.sisinternational.com\/de\/wp-json\/wp\/v2\/media?parent=41915"}],"curies":[{"name":"wp","href":"https:\/\/api.w.org\/{rel}","templated":true}]}}