{"id":41907,"date":"2023-03-18T21:27:05","date_gmt":"2023-03-19T01:27:05","guid":{"rendered":"https:\/\/www.sisinternational.com\/?page_id=41907"},"modified":"2026-01-27T16:38:48","modified_gmt":"2026-01-27T21:38:48","slug":"marktforschung-zur-stromerzeugung","status":"publish","type":"page","link":"https:\/\/www.sisinternational.com\/de\/sachverstand\/marktforschung-zur-stromerzeugung\/","title":{"rendered":"Marktforschung zur Stromerzeugung"},"content":{"rendered":"<h1 class=\"wp-block-heading\">Marktforschung zur Stromerzeugung<\/h1>\n\n\n\n<figure class=\"gb-block-image gb-block-image-7c498d99\"><img loading=\"lazy\" decoding=\"async\" width=\"1456\" height=\"816\" class=\"gb-image gb-image-7c498d99\" src=\"https:\/\/www.sisinternational.com\/wp-content\/uploads\/2025\/08\/Energy-Power-3.jpg\" alt=\"SIS International Marktforschung &amp; Strategie\" title=\"Energy &amp; Power (3)\" srcset=\"https:\/\/www.sisinternational.com\/wp-content\/uploads\/2025\/08\/Energy-Power-3.jpg 1456w, https:\/\/www.sisinternational.com\/wp-content\/uploads\/2025\/08\/Energy-Power-3-300x168.jpg 300w, https:\/\/www.sisinternational.com\/wp-content\/uploads\/2025\/08\/Energy-Power-3-1024x574.jpg 1024w, https:\/\/www.sisinternational.com\/wp-content\/uploads\/2025\/08\/Energy-Power-3-768x430.jpg 768w, https:\/\/www.sisinternational.com\/wp-content\/uploads\/2025\/08\/Energy-Power-3-18x10.jpg 18w\" sizes=\"auto, (max-width: 1456px) 100vw, 1456px\"><\/figure>\n\n\n\n<p><\/p>\n\n\n\n<p>Da der Energiebedarf weltweit steigt und Nachhaltigkeit und erneuerbare Energiequellen wichtiger denn je werden, m\u00fcssen Unternehmen und Interessenvertreter im Energiesektor Marktforschung zur Stromerzeugung betreiben. Durch Datenerfassung und -analyse deckt diese Art der Forschung Branchentrends auf, bewertet das Wettbewerbsniveau und erkennt alle potenziellen Chancen und Risiken, die bestehen k\u00f6nnen.<\/p>\n\n\n\n<h2 class=\"wp-block-heading\">Bedeutung der Marktforschung zur Stromerzeugung<\/h2>\n\n\n\n<p>Bei der Marktforschung zur Stromerzeugung erhalten Unternehmen und Interessengruppen wertvolle Erkenntnisse, die ihnen bei ihren Entscheidungsprozessen helfen. Dies wird durch das Sammeln und Analysieren von Daten zur Produktion, Verteilung und zum Verbrauch von Elektrizit\u00e4t aus verschiedenen Quellen wie fossilen Brennstoffen, Kernenergie oder erneuerbaren Energien erreicht.<\/p>\n\n\n\n<p>Dadurch erhalten Unternehmen ein besseres Verst\u00e4ndnis der aktuellen Branchentrends und des Wettbewerbsumfelds sowie der Kundenpr\u00e4ferenzen und -verhaltensweisen.<\/p>\n\n\n\n<h3 class=\"wp-block-heading\">Aus diesen Gr\u00fcnden gibt es zahlreiche Gr\u00fcnde, warum die Erforschung des Stromerzeugungsmarktes unerl\u00e4sslich ist.<\/h3>\n\n\n\n<ul class=\"wp-block-list\">\n<li>Companies and investors are consistently seeking to keep up with the most recent market trends, develop creative strategies and uncover emerging opportunities. Power <a href=\"https:\/\/www.sisinternational.com\/de\/b2b-leadgenerierung-marktforschung\/\" title=\"Marktforschung zur B2B-Leadgenerierung\"  data-wpil-monitor-id=\"1353\">generation market research<\/a> enables stakeholders to stay informed about industry performance, consumer behavior, and changes in demand.<\/li>\n\n\n\n<li>Through the use of power <a href=\"https:\/\/www.sisinternational.com\/de\/losungen\/ai-marktforschung-und-strategieberatung\/generative-ki-marktforschung\/\" title=\"Generative KI-Marktforschung\"  data-wpil-monitor-id=\"2025\">generation market research<\/a>, businesses can obtain a competitive edge and refine their marketing tactics, optimize operations and set themselves apart from competing businesses.<\/li>\n\n\n\n<li>By conducting <a href=\"https:\/\/www.sisinternational.com\/de\/sachverstand\/branchen\/marktforschung-zur-kernenergie\/\" title=\"Marktforschung zur Kernenergie\"  data-wpil-monitor-id=\"3307\">market research in the power<\/a> generation sector, businesses can identify their customers\u2019 behaviors and needs. This includes learning how they use energy sources and gauging what they are willing to pay for different types of energy solutions. With this knowledge, companies can devise products and services that satisfy their consumers&#8217; demands and desires.<\/li>\n\n\n\n<li>By conducting <a href=\"https:\/\/www.sisinternational.com\/de\/sachverstand\/branchen\/marktforschung-fur-elektrowerkzeuge\/\" title=\"Marktforschung f\u00fcr Elektrowerkzeuge\"  data-wpil-monitor-id=\"4050\">Marktforschung zur Stromerzeugung<\/a>, businesses can identify potential risks and challenges ahead of time. This could involve changes in regulations or shifts in consumer demand that may pose hazards if left unchecked. With this knowledge, companies have the opportunity to create strategic plans to counter these issues before they arise \u2013 thus allowing for a more stable future down the line.<\/li>\n<\/ul>\n\n\n\n<h2 class=\"wp-block-heading\">Aktuelle Trends der Stromerzeugungsmarktforschung<\/h2>\n\n\n\n<figure class=\"gb-block-image gb-block-image-06ab0b56\"><img loading=\"lazy\" decoding=\"async\" width=\"1456\" height=\"816\" class=\"gb-image gb-image-06ab0b56\" src=\"https:\/\/www.sisinternational.com\/wp-content\/uploads\/2025\/08\/NUclear-plant-nuclear-power-3.jpg\" alt=\"SIS International Marktforschung &amp; Strategie\" title=\"NUclear plant nuclear power (3)\" srcset=\"https:\/\/www.sisinternational.com\/wp-content\/uploads\/2025\/08\/NUclear-plant-nuclear-power-3.jpg 1456w, https:\/\/www.sisinternational.com\/wp-content\/uploads\/2025\/08\/NUclear-plant-nuclear-power-3-300x168.jpg 300w, https:\/\/www.sisinternational.com\/wp-content\/uploads\/2025\/08\/NUclear-plant-nuclear-power-3-1024x574.jpg 1024w, https:\/\/www.sisinternational.com\/wp-content\/uploads\/2025\/08\/NUclear-plant-nuclear-power-3-768x430.jpg 768w, https:\/\/www.sisinternational.com\/wp-content\/uploads\/2025\/08\/NUclear-plant-nuclear-power-3-18x10.jpg 18w\" sizes=\"auto, (max-width: 1456px) 100vw, 1456px\"><\/figure>\n\n\n\n<ul class=\"wp-block-list\">\n<li>W\u00e4hrend die Weltgemeinschaft sich zusammenschlie\u00dft, um den Klimawandel einzud\u00e4mmen und die CO2-Emissionen zu reduzieren, r\u00fccken erneuerbare Energiequellen immer st\u00e4rker in den Fokus. Windkraft, Solarzellen und Wasserkraft sind zu einem festen Bestandteil der Marktforschung geworden, da Branchenexperten ihr Potenzial zur Stromerzeugung untersuchen.<\/li>\n\n\n\n<li>Die Stromerzeugungsbranche durchl\u00e4uft derzeit eine Transformationsphase, da bahnbrechende Technologien wie intelligente Netze, Energiespeicher und Elektrofahrzeuge auf den Markt kommen. Derzeit laufen Marktforschungsinitiativen, um die Auswirkungen dieser neuen Entwicklungen auf Unternehmen in diesem Sektor zu bewerten und lukrative M\u00f6glichkeiten f\u00fcr sie aufzudecken.<\/li>\n\n\n\n<li>Government regulations and policies present a major influence on the power generation sector. To better understand these changes, power <a href=\"https:\/\/www.sisinternational.com\/de\/veroffentlichungen\/generation-alpha-marktforschung\/\" title=\"Generation Alpha Marktforschung\"  data-wpil-monitor-id=\"6657\">generation market research<\/a> analyzes the regulatory environment and pinpoint any impending shifts in regulation that could have an impact on the industry.<\/li>\n\n\n\n<li>Unternehmen investieren in Schwellenm\u00e4rkte, da dort aufgrund der wirtschaftlichen Entwicklung ein deutliches Wachstum der Stromerzeugung zu verzeichnen ist. Um diese Chancen zu nutzen und alle Herausforderungen zu meistern, ist die Marktforschung im Bereich der Stromerzeugung f\u00fcr Unternehmen, die in diesen M\u00e4rkten erfolgreich sein wollen, von entscheidender Bedeutung.<\/li>\n<\/ul>\n\n\n\n<h2 class=\"wp-block-heading\">Wichtige Akteure und Wettbewerbsumfeld auf dem Stromerzeugungsmarkt<\/h2>\n\n\n\n<h3 class=\"wp-block-heading\">Die Stromerzeugungsbranche ist ein hart umk\u00e4mpfter Bereich, in dem zahlreiche namhafte Unternehmen um ihren Marktanteil wetteifern. Hier sind einige der bemerkenswertesten Akteure in diesem Bereich:<\/h3>\n\n\n\n<ul class=\"wp-block-list\">\n<li>General Electric (GE): GE stands as a giant in the power generation market, offering innovative products and services that span multiple energy sources. From conventional to renewable-based <a href=\"https:\/\/www.sisinternational.com\/de\/vom-winde-verweht-die-finanzkrise-und-die-windenergie\/\" title=\"Vom Winde verweht? Die Finanzkrise und die Windenergie\"  data-wpil-monitor-id=\"7491\">energies such as wind<\/a>, solar, and hydropower.<\/li>\n\n\n\n<li>Siemens: Siemens ist ein Branchenf\u00fchrer in der Stromerzeugung und liefert zuverl\u00e4ssige Ausr\u00fcstung und Dienstleistungen sowohl f\u00fcr traditionelle als auch f\u00fcr erneuerbare Energiequellen. Dazu geh\u00f6ren Gasturbinen, Dampfturbinen, Windturbinen sowie L\u00f6sungen im Bereich Solarenergie.<\/li>\n\n\n\n<li>ABB: ABB ist auf Roboter-, Energie- und Automatisierungstechnologie spezialisiert und bietet eine umfassende Auswahl an leistungsstarken Stromerzeugungsl\u00f6sungen, darunter Gasturbinen, Dampfturbinen und Generatoren sowie elektrische Systeme.<\/li>\n<\/ul>\n\n\n\n<h2 class=\"wp-block-heading\">M\u00f6glichkeiten der Marktforschung im Bereich Stromerzeugung<\/h2>\n\n\n\n<ul class=\"wp-block-list\">\n<li>Durch Marktforschung im Bereich Stromerzeugung k\u00f6nnen Unternehmen einen strategischen Vorteil erlangen, indem sie unerschlossene Kundengruppen und M\u00e4rkte entdecken. Durch das Verst\u00e4ndnis ihrer spezifischen Energienutzungsmuster, -pr\u00e4ferenzen und -verhaltensweisen k\u00f6nnen Unternehmen strategisch Produkte und Dienstleistungen kuratieren, die den Anforderungen dieser Segmente gerecht werden.<\/li>\n\n\n\n<li>Mithilfe von Marktforschung zur Stromerzeugung k\u00f6nnen Unternehmen potenzielle neue Energiequellen wie Solar-, Wind- und Wasserkraft besser einsch\u00e4tzen. Indem sie ihr Energieportfolio mithilfe dieser neuen Technologien diversifizieren, k\u00f6nnen sie die Abh\u00e4ngigkeit von herk\u00f6mmlichen fossilen Brennstoffen verringern, gleichzeitig das Risiko minimieren und Nachhaltigkeitsziele vorantreiben.<\/li>\n\n\n\n<li>Unternehmen k\u00f6nnen wertvolle Einblicke in das Verhalten ihrer Kunden gewinnen und diese nutzen, um innovative Produkte und Dienstleistungen zu entwickeln, die den sich \u00e4ndernden Bed\u00fcrfnissen der Kunden gerecht werden. So erfreuen sich beispielsweise intelligente Energiel\u00f6sungen wie Energiespeichersysteme oder Hausautomatisierungstechnologie als Ergebnis dieser Art von Forschung zunehmender Beliebtheit.<\/li>\n\n\n\n<li>Durch Marktforschung im Bereich Stromerzeugung k\u00f6nnen Unternehmen etwaige Ineffizienzen in ihren Betriebsabl\u00e4ufen aufdecken \u2013 und so ihren Energieverbrauch verbessern und gleichzeitig die Kosten senken.<\/li>\n\n\n\n<li>Marktforschung zur Stromerzeugung ist ein Muss, um \u00fcber die neuesten Vorschriften und Umweltauflagen auf dem Laufenden zu bleiben. Durch die sorgf\u00e4ltige Verfolgung der regulatorischen Entwicklung k\u00f6nnen sich Unternehmen nicht nur vor potenziellen Risiken sch\u00fctzen, sondern auch ihre langfristige Zukunft sichern.<\/li>\n<\/ul>\n\n\n\n<h2 class=\"wp-block-heading\">Grenzen der Marktforschung zur Stromerzeugung<\/h2>\n\n\n\n<figure class=\"gb-block-image gb-block-image-b21d7a4e\"><img loading=\"lazy\" decoding=\"async\" width=\"1456\" height=\"816\" class=\"gb-image gb-image-b21d7a4e\" src=\"https:\/\/www.sisinternational.com\/wp-content\/uploads\/2025\/08\/Energy-Power-2.jpg\" alt=\"SIS International Marktforschung &amp; Strategie\" title=\"Energy &amp; Power (2)\" srcset=\"https:\/\/www.sisinternational.com\/wp-content\/uploads\/2025\/08\/Energy-Power-2.jpg 1456w, https:\/\/www.sisinternational.com\/wp-content\/uploads\/2025\/08\/Energy-Power-2-300x168.jpg 300w, https:\/\/www.sisinternational.com\/wp-content\/uploads\/2025\/08\/Energy-Power-2-1024x574.jpg 1024w, https:\/\/www.sisinternational.com\/wp-content\/uploads\/2025\/08\/Energy-Power-2-768x430.jpg 768w, https:\/\/www.sisinternational.com\/wp-content\/uploads\/2025\/08\/Energy-Power-2-18x10.jpg 18w\" sizes=\"auto, (max-width: 1456px) 100vw, 1456px\"><\/figure>\n\n\n\n<ul class=\"wp-block-list\">\n<li>In Entwicklungsl\u00e4ndern oder Regionen mit unzureichender Infrastruktur kann es schwierig sein, ein verl\u00e4ssliches Bild \u00fcber Energieverbrauch und -produktion zu erhalten.<\/li>\n\n\n\n<li>Marktforschung kann f\u00fcr kleine Unternehmen oder Startups mit begrenztem Budget eine finanzielle Belastung darstellen. Vor der Durchf\u00fchrung der Forschung m\u00fcssen Unternehmen die Kosten der Durchf\u00fchrung und die potenziellen Vorteile sorgf\u00e4ltig abw\u00e4gen.<\/li>\n\n\n\n<li>Ohne Zugriff auf aktuelle Daten k\u00f6nnen Unternehmen bei ihren Entscheidungen auf dem Stromerzeugungsmarkt fehlgeleitet werden. Historische Informationen und Trends k\u00f6nnen ein tr\u00fcgerisches Bild dessen zeichnen, was derzeit geschieht oder wahrscheinlich kommen wird. Damit Unternehmen fundierte Entscheidungen treffen k\u00f6nnen, m\u00fcssen sie sicherstellen, dass ihre Analysen aktuelle Zahlen und Erkenntnisse enthalten.<\/li>\n\n\n\n<li>Der Energiesektor unterliegt aufgrund innovativer Technologien und Verbraucherpr\u00e4ferenzen einem st\u00e4ndigen Wandel. Dies erschwert es, kommende Trends richtig vorherzusehen und sinnvolle langfristige Investitionen zu t\u00e4tigen.<\/li>\n<\/ul>\n\n\n\n<p>SIS International bietet quantitative, qualitative und strategische Forschung an. Wir liefern Daten, Tools, Strategien, Berichte und Erkenntnisse zur Entscheidungsfindung. Wir f\u00fchren Interviews, Umfragen, Fokusgruppen und viele andere Methoden und Ans\u00e4tze der Marktforschung durch. Kontaktieren Sie uns f\u00fcr Ihr n\u00e4chstes Marktforschungsprojekt.<\/p>","protected":false},"excerpt":{"rendered":"<p>Die Marktforschung zur Stromerzeugung untersucht die Erzeugung und den Verbrauch von Elektrizit\u00e4t aus fossilen Brennstoffen, Kernenergie oder erneuerbaren Energietr\u00e4gern.<\/p>","protected":false},"author":1,"featured_media":64806,"parent":14514,"menu_order":223,"comment_status":"closed","ping_status":"closed","template":"","meta":{"footnotes":""},"class_list":["post-41907","page","type-page","status-publish","has-post-thumbnail"],"_links":{"self":[{"href":"https:\/\/www.sisinternational.com\/de\/wp-json\/wp\/v2\/pages\/41907","targetHints":{"allow":["GET"]}}],"collection":[{"href":"https:\/\/www.sisinternational.com\/de\/wp-json\/wp\/v2\/pages"}],"about":[{"href":"https:\/\/www.sisinternational.com\/de\/wp-json\/wp\/v2\/types\/page"}],"author":[{"embeddable":true,"href":"https:\/\/www.sisinternational.com\/de\/wp-json\/wp\/v2\/users\/1"}],"replies":[{"embeddable":true,"href":"https:\/\/www.sisinternational.com\/de\/wp-json\/wp\/v2\/comments?post=41907"}],"version-history":[{"count":9,"href":"https:\/\/www.sisinternational.com\/de\/wp-json\/wp\/v2\/pages\/41907\/revisions"}],"predecessor-version":[{"id":81117,"href":"https:\/\/www.sisinternational.com\/de\/wp-json\/wp\/v2\/pages\/41907\/revisions\/81117"}],"up":[{"embeddable":true,"href":"https:\/\/www.sisinternational.com\/de\/wp-json\/wp\/v2\/pages\/14514"}],"wp:featuredmedia":[{"embeddable":true,"href":"https:\/\/www.sisinternational.com\/de\/wp-json\/wp\/v2\/media\/64806"}],"wp:attachment":[{"href":"https:\/\/www.sisinternational.com\/de\/wp-json\/wp\/v2\/media?parent=41907"}],"curies":[{"name":"wp","href":"https:\/\/api.w.org\/{rel}","templated":true}]}}