{"id":41885,"date":"2023-03-18T18:37:37","date_gmt":"2023-03-18T22:37:37","guid":{"rendered":"https:\/\/www.sisinternational.com\/?page_id=41885"},"modified":"2026-01-24T21:18:04","modified_gmt":"2026-01-25T02:18:04","slug":"marktforschung-fur-orphan-drugs","status":"publish","type":"page","link":"https:\/\/www.sisinternational.com\/de\/sachverstand\/marktforschung-fur-orphan-drugs\/","title":{"rendered":"Marktforschung f\u00fcr Orphan Drugs"},"content":{"rendered":"<h1 class=\"wp-block-heading\">Marktforschung f\u00fcr Orphan Drugs<\/h1>\n\n\n\n<figure class=\"gb-block-image gb-block-image-e7ba8c3f\"><img loading=\"lazy\" decoding=\"async\" width=\"1456\" height=\"816\" class=\"gb-image gb-image-e7ba8c3f\" src=\"https:\/\/www.sisinternational.com\/wp-content\/uploads\/2025\/08\/Nutritional-supplement-8.jpg\" alt=\"SIS International Marktforschung &amp; Strategie\" title=\"Nutritional supplement (8)\" srcset=\"https:\/\/www.sisinternational.com\/wp-content\/uploads\/2025\/08\/Nutritional-supplement-8.jpg 1456w, https:\/\/www.sisinternational.com\/wp-content\/uploads\/2025\/08\/Nutritional-supplement-8-300x168.jpg 300w, https:\/\/www.sisinternational.com\/wp-content\/uploads\/2025\/08\/Nutritional-supplement-8-1024x574.jpg 1024w, https:\/\/www.sisinternational.com\/wp-content\/uploads\/2025\/08\/Nutritional-supplement-8-768x430.jpg 768w, https:\/\/www.sisinternational.com\/wp-content\/uploads\/2025\/08\/Nutritional-supplement-8-18x10.jpg 18w\" sizes=\"auto, (max-width: 1456px) 100vw, 1456px\"><\/figure>\n\n\n\n<p><\/p>\n\n\n\n<h2 class=\"wp-block-heading\">Was ist ein Orphan Drug?<\/h2>\n\n\n\n<p>Orphan Drugs dienen der Diagnose, Vorbeugung und Behandlung seltener Krankheiten. Eine Orphan Disease ist eine seltene Krankheit oder Erkrankung. In den Vereinigten Staaten sind weniger als 200.000 Menschen von einer solchen Krankheit betroffen. Orphan Diseases sind oft schwerwiegend oder t\u00f6dlich. Tats\u00e4chlich hat die US-Regierung 1983 ein Gesetz namens Orphan Drug Act verabschiedet. Dieses Gesetz f\u00f6rdert die Herstellung sicherer und wirksamer Orphan Drugs. Es gew\u00e4hrt Pharmaunternehmen f\u00fcr ihre Arbeit an diesen Medikamenten bestimmte finanzielle Vorteile.<\/p>\n\n\n\n<p>Die FDA r\u00e4umt der Erforschung seltener Krankheiten eine hohe Priorit\u00e4t ein. Daher unterst\u00fctzt sie die Forschung und Entwicklung neuer Behandlungsmethoden f\u00fcr seltene Krankheiten. Ein weiterer wichtiger Punkt ist, dass der Status als Orphan Drug Sponsoren f\u00fcr Anreize qualifiziert, darunter:<\/p>\n\n\n\n<ul class=\"wp-block-list\">\n<li>Befreiung von Nutzungsgeb\u00fchren<\/li>\n\n\n\n<li>Steuergutschriften f\u00fcr qualifizierte klinische Studien<\/li>\n\n\n\n<li>Potenziell sieben Jahre exklusive Marktrechte nach der Zulassung<\/li>\n<\/ul>\n\n\n\n<h2 class=\"wp-block-heading\">Warum sind Orphan Drugs wichtig?<\/h2>\n\n\n\n<p>Eine aktuelle MIT-Studie stellte fest, dass seltene Krankheiten gar nicht so selten sind. Insgesamt sind etwa 25 bis 30 Millionen Amerikaner von diesen Krankheiten betroffen. Mehr als die H\u00e4lfte der Betroffenen sind Kinder. Viele dieser Krankheiten oder Leiden sind t\u00f6dlich oder lebensbegrenzend. Patienten und Betreuer dieser Gruppe stehen vor vielen Herausforderungen. Eines der gr\u00f6\u00dften Hindernisse ist mangelndes Wissen \u00fcber ihren Zustand, selbst bei \u00c4rzten.<\/p>\n\n\n\n<p>Die meisten Patienten mit einer seltenen Krankheit werden nie jemanden kennen, der dieselbe Krankheit hat. Sie und ihre Familien m\u00fcssen also allein zurechtkommen. Diese Isolation kann f\u00fcr die Patienten belastend sein. Patienten mit seltenen Krankheiten k\u00f6nnen nicht au\u00dfen vor bleiben. Wissenschaft und Medizin haben im letzten Jahrhundert enorme Fortschritte gemacht. Es ist an der Zeit, dass diese Patienten ein St\u00fcck vom Kuchen bekommen. Sie haben die gleichen Rechte auf Behandlung wie jeder andere Patient.<\/p>\n\n\n\n<h2 class=\"wp-block-heading\">Warum Unternehmen in die Marktforschung zu Orphan-Arzneimitteln investieren m\u00fcssen<\/h2>\n\n\n\n<figure class=\"gb-block-image gb-block-image-0303615c\"><img loading=\"lazy\" decoding=\"async\" width=\"1456\" height=\"816\" class=\"gb-image gb-image-0303615c\" src=\"https:\/\/www.sisinternational.com\/wp-content\/uploads\/2025\/08\/Nutritional-supplement-6.jpg\" alt=\"SIS International Marktforschung &amp; Strategie\" title=\"Nutritional supplement (6)\" srcset=\"https:\/\/www.sisinternational.com\/wp-content\/uploads\/2025\/08\/Nutritional-supplement-6.jpg 1456w, https:\/\/www.sisinternational.com\/wp-content\/uploads\/2025\/08\/Nutritional-supplement-6-300x168.jpg 300w, https:\/\/www.sisinternational.com\/wp-content\/uploads\/2025\/08\/Nutritional-supplement-6-1024x574.jpg 1024w, https:\/\/www.sisinternational.com\/wp-content\/uploads\/2025\/08\/Nutritional-supplement-6-768x430.jpg 768w, https:\/\/www.sisinternational.com\/wp-content\/uploads\/2025\/08\/Nutritional-supplement-6-18x10.jpg 18w\" sizes=\"auto, (max-width: 1456px) 100vw, 1456px\"><\/figure>\n\n\n\n<p>Investitionen in Orphan-Drug-Projekte stehen in Zukunft offen. Medikamente sind nur f\u00fcr etwa 5 Prozent der seltenen Krankheiten verf\u00fcgbar. Die Vorteile einer Investition in Orphan-Drugs sind vielf\u00e4ltig. Es gibt praktisch keinen Wettbewerb. Ein weiterer Vorteil sind die langen Patentschutzfristen. Die FDA gew\u00e4hrt diesen Medikamenten ab dem Zulassungsdatum sieben Jahre lang Exklusivrechte.<\/p>\n\n\n\n<p>Orphan Drugs sind profitabel geworden. Hunderte neuer Behandlungen f\u00fcr seltene Krankheiten sind in letzter Zeit auf den Markt gekommen. Orphan Drugs sind oft sehr teuer. Warum? Wegen ihrer Seltenheit und mangelnder Konkurrenz. Ein weiterer wichtiger Faktor ist die Zulassungszeit, die schneller ist. Eine schnelle Zulassung ist ein gro\u00dfer Vorteil f\u00fcr den Status eines Orphan Drugs. Unternehmen arbeiten mit der FDA zusammen, um diese lebensver\u00e4ndernden Behandlungen Millionen von Menschen zug\u00e4nglich zu machen.<\/p>\n\n\n\n<h2 class=\"wp-block-heading\">Wichtige Berufsbezeichnungen<\/h2>\n\n\n\n<ul class=\"wp-block-list\">\n<li><strong>Forschungsassistent f\u00fcr Orphan-Arzneimittel:<\/strong> Diese Person bearbeitet regulatorische Dokumente und fungiert als Assistent f\u00fcr Forscher<\/li>\n\n\n\n<li><strong>Spezialist f\u00fcr Patientenbetreuung:<\/strong> informiert Patienten und Pflegepersonal \u00fcber Behandlungsm\u00f6glichkeiten<\/li>\n\n\n\n<li><strong>Leiter klinischer Studien:<\/strong> Diese Person f\u00fchrt klinische Studien durch und verwaltet diese. Dar\u00fcber hinaus ist sie f\u00fcr die Entwicklung von Medikamenten zur Behandlung seltener Erkrankungen zust\u00e4ndig.<\/li>\n<\/ul>\n\n\n\n<h2 class=\"wp-block-heading\">Schl\u00fcsselfaktoren f\u00fcr den Erfolg<\/h2>\n\n\n\n<p>Die Entwicklung von Medikamenten f\u00fcr seltene Krankheiten kann erfolgreich sein, wenn man sie richtig angeht. Gro\u00dfe Akteure der Branche m\u00fcssen daf\u00fcr ihre Kr\u00e4fte b\u00fcndeln. Dann k\u00f6nnen sie die Macht der Daten nutzen, um potenzielle Behandlungsm\u00f6glichkeiten zu entwickeln. McKinsey hat vier strategische S\u00e4ulen f\u00fcr die erfolgreiche Markteinf\u00fchrung von Orphan-Medikamenten identifiziert:<\/p>\n\n\n\n<ol class=\"wp-block-list\">\n<li>Ein Engagement f\u00fcr die Gemeinschaft der seltenen Krankheiten<\/li>\n\n\n\n<li>Einsatz modernster Methoden zur Patientenlokalisierung<\/li>\n\n\n\n<li>Einsatz eines taktischen Ansatzes f\u00fcr den Patientenzugang<\/li>\n\n\n\n<li>Umfassende Unterst\u00fctzung f\u00fcr Patienten und Pflegekr\u00e4fte im Gesundheitssystem.<\/li>\n<\/ol>\n\n\n\n<h2 class=\"wp-block-heading\">\u00dcber Orphan Drug Market Research<\/h2>\n\n\n\n<p>Die Marktforschung f\u00fcr Orphan-Arzneimittel erfordert qualitative Marktforschung. Pharmaunternehmen m\u00fcssen die Bed\u00fcrfnisse der Patienten herausfinden. Sie m\u00fcssen auch Ideen zur Verbesserung der Produkte und zur Erweiterung bestehender Produkte entwickeln. Diese Unternehmen m\u00fcssen den Marketing-Mix weiter verfeinern. Sie m\u00fcssen auch verstehen, wie das Medikament in den Lebensstil der Kunden passt. Orphan-Arzneimittel erfordern auch<\/p>\n\n\n\n<p><a class=\"wpil_keyword_link\" href=\"https:\/\/www.sisinternational.com\/de\/losungen\/qualitative-quantitative-forschungslosungen\/\"   title=\"Qualitative &amp; Quantitative Forschungsl\u00f6sungen\" data-wpil-keyword-link=\"linked\"  data-wpil-monitor-id=\"711\">Quantitative Marktforschung<\/a>. The most popular Quantitative method is Surveys. One-on-one Interviews are another popular method. You can use them to gauge the need for Orphan Drugs.<\/p>\n\n\n\n<p>SIS International <a href=\"https:\/\/www.sisinternational.com\/de\/abdeckung\/die-amerikaner\/marktforschung-in-der-karibik\/marktforschung-montserrat\/\" title=\"Marktforschung in Montserrat\"  data-wpil-monitor-id=\"3248\">Research serves the Orphan Drug market<\/a>. We provide Quantitative and Qualitative Market Research. We also offer UX Market Research and Competitive Analysis. Furthermore, we can work out your Go to Market Strategy with you. Another service provided by SIS is <a href=\"https:\/\/www.sisinternational.com\/de\/abdeckung\/die-amerikaner\/marktforschung-in-lateinamerika-2\/marktforschung-rio-de-janeiro\/\" title=\"Marktforschung in Rio de Janeiro\"  data-wpil-monitor-id=\"3275\">Markteintrittsforschung<\/a>. We also do Strategy Market Research and Market Sizing Research. We can also offer Focus Groups to aid in your <a href=\"https:\/\/www.sisinternational.com\/de\/abdeckung\/marktforschung-asien\/marktforschung-in-siem-reap\/\" title=\"Marktforschung in Krong Siem Reap\"  data-wpil-monitor-id=\"3304\">Markteintrittsforschung<\/a>.<\/p>","protected":false},"excerpt":{"rendered":"<p>Die Marktforschung f\u00fcr Orphan-Arzneimittel unterst\u00fctzt Pharmaunternehmen dabei, die Bed\u00fcrfnisse der Patienten zu erkennen und Ideen zur Verbesserung und Erweiterung bestehender Produkte zu entwickeln.<\/p>","protected":false},"author":1,"featured_media":64093,"parent":14514,"menu_order":218,"comment_status":"closed","ping_status":"closed","template":"","meta":{"footnotes":""},"class_list":["post-41885","page","type-page","status-publish","has-post-thumbnail"],"_links":{"self":[{"href":"https:\/\/www.sisinternational.com\/de\/wp-json\/wp\/v2\/pages\/41885","targetHints":{"allow":["GET"]}}],"collection":[{"href":"https:\/\/www.sisinternational.com\/de\/wp-json\/wp\/v2\/pages"}],"about":[{"href":"https:\/\/www.sisinternational.com\/de\/wp-json\/wp\/v2\/types\/page"}],"author":[{"embeddable":true,"href":"https:\/\/www.sisinternational.com\/de\/wp-json\/wp\/v2\/users\/1"}],"replies":[{"embeddable":true,"href":"https:\/\/www.sisinternational.com\/de\/wp-json\/wp\/v2\/comments?post=41885"}],"version-history":[{"count":7,"href":"https:\/\/www.sisinternational.com\/de\/wp-json\/wp\/v2\/pages\/41885\/revisions"}],"predecessor-version":[{"id":77565,"href":"https:\/\/www.sisinternational.com\/de\/wp-json\/wp\/v2\/pages\/41885\/revisions\/77565"}],"up":[{"embeddable":true,"href":"https:\/\/www.sisinternational.com\/de\/wp-json\/wp\/v2\/pages\/14514"}],"wp:featuredmedia":[{"embeddable":true,"href":"https:\/\/www.sisinternational.com\/de\/wp-json\/wp\/v2\/media\/64093"}],"wp:attachment":[{"href":"https:\/\/www.sisinternational.com\/de\/wp-json\/wp\/v2\/media?parent=41885"}],"curies":[{"name":"wp","href":"https:\/\/api.w.org\/{rel}","templated":true}]}}