{"id":41882,"date":"2023-03-18T18:21:14","date_gmt":"2023-03-18T22:21:14","guid":{"rendered":"https:\/\/www.sisinternational.com\/?page_id=41882"},"modified":"2026-01-24T18:41:17","modified_gmt":"2026-01-24T23:41:17","slug":"marktforschung-fur-organische-chemikalien","status":"publish","type":"page","link":"https:\/\/www.sisinternational.com\/de\/sachverstand\/marktforschung-fur-organische-chemikalien\/","title":{"rendered":"Marktforschung f\u00fcr organische Chemikalien"},"content":{"rendered":"<h1 class=\"wp-block-heading\">Marktforschung f\u00fcr organische Chemikalien<\/h1>\n\n\n\n<figure class=\"gb-block-image gb-block-image-7463948d\"><img loading=\"lazy\" decoding=\"async\" width=\"1456\" height=\"816\" class=\"gb-image gb-image-7463948d\" src=\"https:\/\/www.sisinternational.com\/wp-content\/uploads\/2025\/09\/Chemicals-1-1.jpg\" alt=\"SIS International Marktforschung &amp; Strategie\" title=\"Chemicals (1)\" srcset=\"https:\/\/www.sisinternational.com\/wp-content\/uploads\/2025\/09\/Chemicals-1-1.jpg 1456w, https:\/\/www.sisinternational.com\/wp-content\/uploads\/2025\/09\/Chemicals-1-1-300x168.jpg 300w, https:\/\/www.sisinternational.com\/wp-content\/uploads\/2025\/09\/Chemicals-1-1-1024x574.jpg 1024w, https:\/\/www.sisinternational.com\/wp-content\/uploads\/2025\/09\/Chemicals-1-1-768x430.jpg 768w, https:\/\/www.sisinternational.com\/wp-content\/uploads\/2025\/09\/Chemicals-1-1-18x10.jpg 18w\" sizes=\"auto, (max-width: 1456px) 100vw, 1456px\"><\/figure>\n\n\n\n<p><\/p>\n\n\n\n<p>Organische Chemikalien sind Molek\u00fcle, die aus Kohlenstoffatomen bestehen. Sie enthalten Wasserstoff, Sauerstoff, Stickstoff, Schwefel und andere Kohlenstoffatome. Sie werden auch organische Verbindungen genannt und bilden die Grundlage aller lebenden Organismen auf der Erde.<\/p>\n\n\n\n<p>Organische Chemikalien kommen in der Natur vor, beispielsweise in Pflanzen und Tieren. Wissenschaftler k\u00f6nnen in Laboren auch synthetische organische Chemikalien herstellen. Beispiele f\u00fcr nat\u00fcrliche organische Chemikalien sind Zucker, Fette, Proteine und DNA. Synthetische organische Chemikalien sind Kunststoffe, Pestizide, Arzneimittel und viele andere Produkte.<\/p>\n\n\n\n<p>Wir verwenden organische Chemikalien in der Industrie, in der Landwirtschaft und im Alltag. Sie haben vielf\u00e4ltige Eigenschaften und Anwendungsm\u00f6glichkeiten. Einige organische Chemikalien k\u00f6nnen jedoch die menschliche Gesundheit und die Umwelt sch\u00e4digen. Beispielsweise sind bestimmte Pestizide und Schadstoffe giftig. Daher sind die ordnungsgem\u00e4\u00dfe Verwendung und Entsorgung dieser Chemikalien von entscheidender Bedeutung. Auf diese Weise k\u00f6nnen Sie ihre Auswirkungen auf die Umwelt und die menschliche Gesundheit verringern.<\/p>\n\n\n\n<h2 class=\"wp-block-heading\">Warum sind organische Chemikalien wichtig?<\/h2>\n\n\n\n<p>Organische Chemikalien sind aus vielen Gr\u00fcnden unverzichtbar. Sie sind zum Beispiel wichtig f\u00fcr das Leben. Organische Chemikalien sind die Bausteine des Lebens. Jeder lebende Organismus auf der Welt besteht aus organischen Verbindungen. Sogar Kohlenhydrate, Lipide, Proteine und Nukleins\u00e4uren bestehen aus diesen Chemikalien. Ohne organische Chemikalien w\u00fcrde das Leben, wie wir es kennen, nicht existieren.<\/p>\n\n\n\n<p>Organische Chemikalien spielen in der modernen Landwirtschaft eine entscheidende Rolle. Sie sind in D\u00fcngemitteln, Pestiziden und Herbiziden enthalten. So steigern sie die Ernteertr\u00e4ge und sch\u00fctzen die Pflanzen vor Sch\u00e4dlingen und Krankheiten.<\/p>\n\n\n\n<p>Hersteller verwenden organische Chemikalien bei der Herstellung einer breiten Palette von Materialien. Sie sind beispielsweise in Kunststoffen, synthetischen Fasern und Gummi enthalten. Sie werden auch zur Herstellung von Arzneimitteln, Farbstoffen und anderen Produkten verwendet.<\/p>\n\n\n\n<p>Organische Chemikalien sind eine wichtige Energiequelle. Fossile Brennstoffe wie Erdgas und \u00d6l bestehen aus organischen Verbindungen, die sich \u00fcber Millionen von Jahren gebildet haben. Dar\u00fcber hinaus nutzen wir sie, um Fahrzeuge anzutreiben, Strom zu erzeugen und Geb\u00e4ude zu heizen.<br>Organische Chemikalien spielen in der Umwelt eine entscheidende Rolle. Sie dienen Pflanzen und Tieren als N\u00e4hrstoffe. Au\u00dferdem sind sie Teil biogeochemischer Kreisl\u00e4ufe.<\/p>\n\n\n\n<h2 class=\"wp-block-heading\">Wichtige Berufsbezeichnungen<\/h2>\n\n\n\n<h3 class=\"wp-block-heading\">Hier sind einige wichtige Berufsbezeichnungen in verschiedenen Bereichen und Branchen:<\/h3>\n\n\n\n<ol class=\"wp-block-list\">\n<li>Softwareentwickler: Entwickelt Softwareanwendungen f\u00fcr Computersysteme.<\/li>\n\n\n\n<li>Buchhalter: Verwaltet Finanzunterlagen und erstellt Finanzberichte f\u00fcr Einzelpersonen oder Organisationen.<\/li>\n\n\n\n<li>Marketing Manager: Plans and directs <a href=\"https:\/\/www.sisinternational.com\/de\/sachverstand\/lebenslaufe\/marktforschung-fur-korperpflegeprodukte\/\" title=\"Marktforschung f\u00fcr K\u00f6rperpflegeprodukte\"  data-wpil-monitor-id=\"10128\">marketing campaigns to promote products<\/a> or services.<\/li>\n\n\n\n<li>Bauingenieur: Entwirft, baut und wartet Infrastruktur wie Geb\u00e4ude, Br\u00fccken und Stra\u00dfen.<\/li>\n\n\n\n<li><a href=\"https:\/\/www.sisinternational.com\/de\/losungen\/ai-marktforschung-und-strategieberatung\/personalwesen-talentmanagement-automatisierung-kunstliche-intelligenz-beratung\/\" title=\"Automatisierung des Personal- und Talentmanagements und KI-Beratung\"  data-wpil-monitor-id=\"10127\">Human Resources Manager<\/a>: Oversees hiring, training, and management of personnel in an organization.<\/li>\n\n\n\n<li>Arzt: Diagnostiziert und behandelt Krankheiten und Verletzungen bei Patienten.<\/li>\n\n\n\n<li>Rechtsanwalt: Bietet Einzelpersonen oder Organisationen Rechtsberatung und Vertretung.<\/li>\n\n\n\n<li>Grafikdesigner: Entwirft visuelle Ideen manuell oder mithilfe von Computersoftware. Dieser Fachmann kommuniziert Konzepte, die Verbraucher informieren, inspirieren oder fesseln.<\/li>\n\n\n\n<li>Datenwissenschaftler: Verwendet statistische Analysen, Datenmodellierung und maschinelles Lernen. Dieser Fachmann gewinnt Erkenntnisse und Wissen aus Daten.<\/li>\n\n\n\n<li>Umweltwissenschaftler: Untersucht die nat\u00fcrliche Umwelt und identifiziert potenzielle Umweltgefahren. Entwickelt L\u00f6sungen, um die negativen Auswirkungen auf die Umwelt zu minimieren.<\/li>\n<\/ol>\n\n\n\n<h2 class=\"wp-block-heading\">Warum Unternehmen organische Chemikalien ben\u00f6tigen<\/h2>\n\n\n\n<p>Unternehmen ben\u00f6tigen organische Chemikalien f\u00fcr die Herstellung. Organische Chemikalien sind im Herstellungsprozess vieler Produkte unverzichtbar. Einige Branchen verwenden organische Chemikalien als Rohstoffe zur Herstellung ihrer Produkte. Oder sie verwenden sie als L\u00f6sungsmittel, Katalysatoren oder andere Wirkstoffe im Herstellungsprozess.<\/p>\n\n\n\n<p>Businesses may use <a href=\"https:\/\/www.sisinternational.com\/de\/sachverstand\/branchen\/auftragsforschungsinstitute-marktforschung\/\" title=\"Auftragsforschungsinstitute Marktforschung\"  data-wpil-monitor-id=\"10130\">organic chemicals in their research<\/a> and development activities. For example, they use them to create or improve new products. Pharmaceutical companies often use organic chemicals as a starting point for developing new drugs.<br>Organische Chemikalien werden h\u00e4ufig bei Umwelttests eingesetzt. Sie erkennen und messen Luft-, Wasser- und Bodenschadstoffe, was f\u00fcr Unternehmen in Branchen mit hoher Umweltbelastung von entscheidender Bedeutung ist. Beispielsweise werden sie in der Bergbau-, \u00d6l- und Gasf\u00f6rderungsindustrie eingesetzt.<\/p>\n\n\n\n<h2 class=\"wp-block-heading\">Schl\u00fcsselfaktoren f\u00fcr den Erfolg<\/h2>\n\n\n\n<h3 class=\"wp-block-heading\">Unternehmen der organischen Chemie m\u00fcssen sich auf mehrere entscheidende Erfolgsfaktoren konzentrieren. Wie in jedem anderen Gesch\u00e4ft sichert dies langfristigen Erfolg und Rentabilit\u00e4t.<\/h3>\n\n\n\n<p>The first essential factor of success for organic chemical businesses is innovation. Successful <a href=\"https:\/\/www.sisinternational.com\/de\/organherstellung-mit-3d-druckern\/\" title=\"Marktforschung zur Organherstellung und zum 3D-Druck\"  data-wpil-monitor-id=\"2307\">organic chemical<\/a> enterprises are often at the forefront of research and development. They explore new applications and develop new products. Innovation is critical to staying ahead of competitors and meeting customers\u2019 needs.<\/p>\n\n\n\n<p>Unternehmen der organischen Chemie m\u00fcssen sicherstellen, dass ihre Produkte strenge Qualit\u00e4tsstandards erf\u00fcllen. Auf diese Weise erhalten sie die Kundenzufriedenheit aufrecht und sch\u00fctzen ihren Ruf. Dar\u00fcber hinaus sollte in jeder Phase des Produktionsprozesses eine Qualit\u00e4tskontrolle durchgef\u00fchrt werden. Dies reicht von der Beschaffung der Rohstoffe bis zur Auslieferung des Endprodukts.<\/p>\n\n\n\n<p>Efficiency is another <a href=\"https:\/\/www.sisinternational.com\/de\/schlusselfaktoren-fur-den-erfolg-in-der-automobilmarktforschung\/\" title=\"Erfolgsfaktoren in der Automobilmarktforschung\"  data-wpil-monitor-id=\"10124\">key success factor<\/a>. Organic chemical businesses need to be efficient and cost-effective in making their products, which requires effective supply chain management and lean manufacturing processes. Your company also needs to follow various regulations and standards. Look up the standards related to health, safety, and environmental protection. Compliance with these regulations is necessary for legal reasons. It also protects the health and safety of employees and the environment.<\/p>\n\n\n\n<p>Diese Unternehmen m\u00fcssen die Auswirkungen ihrer Gesch\u00e4ftst\u00e4tigkeit auf die Umwelt ber\u00fccksichtigen. Sie m\u00fcssen auch die Auswirkungen auf die Gesellschaft ber\u00fccksichtigen. Unternehmen m\u00fcssen sich zu nachhaltigen Praktiken verpflichten. Sie m\u00fcssen auch transparent \u00fcber ihre sozialen und \u00f6kologischen Auswirkungen sein. Solche Unternehmen haben auf lange Sicht gr\u00f6\u00dfere Erfolgschancen.<\/p>\n\n\n\n<p>Erfolgreiche Unternehmen der organischen Chemie konzentrieren sich auf die Bed\u00fcrfnisse und Vorlieben ihrer Kunden. Daher m\u00fcssen Sie Ihren Kunden gro\u00dfe Aufmerksamkeit schenken. Das hilft Ihnen, ihre Anforderungen zu verstehen. Au\u00dferdem k\u00f6nnen Sie so ma\u00dfgeschneiderte L\u00f6sungen anbieten, die ihren spezifischen Anforderungen entsprechen.<\/p>\n\n\n\n<h2 class=\"wp-block-heading\">\u00dcber Organic Chemicals Market Research<\/h2>\n\n\n\n<p>Are you running an organic chemicals business? Then you must learn about your customers, competitors, and industry. <a href=\"https:\/\/www.sisinternational.com\/de\/tools-and-resources-for-qualitative-market-research\/\" title=\"Tools and Resources for Qualitative Market Research\"  data-wpil-monitor-id=\"10115\">Qualitative Marktforschung<\/a> involves asking the right questions to the right people in the right way. Let <a href=\"https:\/\/www.sisinternational.com\/de\/kontaktieren-sie-sis-international-market-research\/\" title=\"Kontaktiere uns\"  data-wpil-monitor-id=\"10111\">SIS International research<\/a> help you do that with Focus Groups, Interviews, and Surveys. We also conduct <a href=\"https:\/\/www.sisinternational.com\/de\/losungen\/qualitative-quantitative-forschungslosungen\/qualitative-marktforschung\/\" title=\"Qualitative Marktforschung\"  data-wpil-monitor-id=\"10118\">Qualitative Marktforschung<\/a>. We can do your Competitive Analyses, UX Market Research, and <a href=\"https:\/\/www.sisinternational.com\/de\/b2b-market-research-strategies-and-techniques\/\" title=\"B2B Market Research Strategies and Techniques\"  data-wpil-monitor-id=\"10122\">Strategie Marktforschung<\/a> to take you further in your quest for success. Also available are <a href=\"https:\/\/www.sisinternational.com\/de\/sachverstand\/marktforschung-fur-massenchemikalien\/\" title=\"Marktforschung f\u00fcr Massenchemikalien\"  data-wpil-monitor-id=\"2115\">Markteintrittsforschung<\/a>, Market Opportunity Research, and Market Sizing Research. Contact us today to work out your Go to Market Strategy!<\/p>","protected":false},"excerpt":{"rendered":"<p>Organische Chemikalien spielen in der modernen Landwirtschaft eine entscheidende Rolle. Sie steigern die Ernteertr\u00e4ge und sch\u00fctzen die Pflanzen vor Sch\u00e4dlingen und Krankheiten.<\/p>","protected":false},"author":1,"featured_media":67290,"parent":14514,"menu_order":217,"comment_status":"closed","ping_status":"closed","template":"","meta":{"footnotes":""},"class_list":["post-41882","page","type-page","status-publish","has-post-thumbnail"],"_links":{"self":[{"href":"https:\/\/www.sisinternational.com\/de\/wp-json\/wp\/v2\/pages\/41882","targetHints":{"allow":["GET"]}}],"collection":[{"href":"https:\/\/www.sisinternational.com\/de\/wp-json\/wp\/v2\/pages"}],"about":[{"href":"https:\/\/www.sisinternational.com\/de\/wp-json\/wp\/v2\/types\/page"}],"author":[{"embeddable":true,"href":"https:\/\/www.sisinternational.com\/de\/wp-json\/wp\/v2\/users\/1"}],"replies":[{"embeddable":true,"href":"https:\/\/www.sisinternational.com\/de\/wp-json\/wp\/v2\/comments?post=41882"}],"version-history":[{"count":6,"href":"https:\/\/www.sisinternational.com\/de\/wp-json\/wp\/v2\/pages\/41882\/revisions"}],"predecessor-version":[{"id":81675,"href":"https:\/\/www.sisinternational.com\/de\/wp-json\/wp\/v2\/pages\/41882\/revisions\/81675"}],"up":[{"embeddable":true,"href":"https:\/\/www.sisinternational.com\/de\/wp-json\/wp\/v2\/pages\/14514"}],"wp:featuredmedia":[{"embeddable":true,"href":"https:\/\/www.sisinternational.com\/de\/wp-json\/wp\/v2\/media\/67290"}],"wp:attachment":[{"href":"https:\/\/www.sisinternational.com\/de\/wp-json\/wp\/v2\/media?parent=41882"}],"curies":[{"name":"wp","href":"https:\/\/api.w.org\/{rel}","templated":true}]}}