{"id":41879,"date":"2023-03-18T18:04:53","date_gmt":"2023-03-18T22:04:53","guid":{"rendered":"https:\/\/www.sisinternational.com\/?page_id=41879"},"modified":"2026-01-24T21:27:16","modified_gmt":"2026-01-25T02:27:16","slug":"marktforschung-fur-olbohrinseln","status":"publish","type":"page","link":"https:\/\/www.sisinternational.com\/de\/sachverstand\/marktforschung-fur-olbohrinseln\/","title":{"rendered":"Marktforschung f\u00fcr \u00d6lbohrinseln"},"content":{"rendered":"<h1 class=\"wp-block-heading\">Marktforschung f\u00fcr \u00d6lbohrinseln<\/h1>\n\n\n\n<figure class=\"gb-block-image gb-block-image-bd226ce0\"><img loading=\"lazy\" decoding=\"async\" width=\"1456\" height=\"816\" class=\"gb-image gb-image-bd226ce0\" src=\"https:\/\/www.sisinternational.com\/wp-content\/uploads\/2025\/08\/Oit-petroleum-petrochemical-8.jpg\" alt=\"SIS International Marktforschung &amp; Strategie\" title=\"Oit petroleum petrochemical (8)\" srcset=\"https:\/\/www.sisinternational.com\/wp-content\/uploads\/2025\/08\/Oit-petroleum-petrochemical-8.jpg 1456w, https:\/\/www.sisinternational.com\/wp-content\/uploads\/2025\/08\/Oit-petroleum-petrochemical-8-300x168.jpg 300w, https:\/\/www.sisinternational.com\/wp-content\/uploads\/2025\/08\/Oit-petroleum-petrochemical-8-1024x574.jpg 1024w, https:\/\/www.sisinternational.com\/wp-content\/uploads\/2025\/08\/Oit-petroleum-petrochemical-8-768x430.jpg 768w, https:\/\/www.sisinternational.com\/wp-content\/uploads\/2025\/08\/Oit-petroleum-petrochemical-8-18x10.jpg 18w\" sizes=\"auto, (max-width: 1456px) 100vw, 1456px\"><\/figure>\n\n\n\n<hr class=\"wp-block-separator has-alpha-channel-opacity is-style-dots\"\/>\n\n\n\n<p>Die \u00d6lindustrie ist neben anderen wichtigen Akteuren wie dem Finanz-, Immobilien- und Bausektor eine der gr\u00f6\u00dften der Welt. Die meisten Produkte und Dienstleistungen h\u00e4ngen stark von dieser Branche ab, vom Transport bis zur Herstellung von Produkten.<\/p>\n\n\n\n<p>Die globale \u00d6lindustrie erwirtschaftet j\u00e4hrlich Billionen von Dollar und ist damit eine attraktive Investition. Die wichtigsten Akteure dieser Industrie sind \u00d6lbohrplattformen.<\/p>\n\n\n\n<p>In the United States alone, there are at least a thousand oil rigs\u2014offshore and onshore, making it the top country with the highest number of rigs.<\/p>\n\n\n\n<p>With the continuous demand for fuel, investment in oil rigs will continue to soar. However, investing in the oil rigs market attracts an array of issues, which challenge investors in navigating through it.<\/p>\n\n\n\n<h2 class=\"wp-block-heading\">Was ist eine \u00d6lbohrinsel?<\/h2>\n\n\n\n<p>Oil rigs, also known as oil platforms, are equipment or structures of extraordinary size that drill oil wells, extract petroleum and natural gases found beneath the seabed, and process them.<\/p>\n\n\n\n<p>Diese Struktur ist Teil mehrerer Anlagen und versorgt verschiedene Instrumente und Arbeiter. Obwohl sie ein Ziel haben, gibt es unterschiedliche Arten und Ausf\u00fchrungen von \u00d6lbohranlagen \u2013 normalerweise abh\u00e4ngig vom Standort der \u00d6lquelle.<\/p>\n\n\n\n<h3 class=\"wp-block-heading\">Hier sind einige Arten von \u00d6lbohrplattformen, die man \u00fcberall auf der Welt findet:<\/h3>\n\n\n\n<ul class=\"wp-block-list\">\n<li><strong>Feste Plattformen:<\/strong>&nbsp;verf\u00fcgt \u00fcber dicke Beine aus Beton und\/oder Stahl, die direkt auf dem Meeresboden errichtet sind; eignet sich am besten f\u00fcr den Langzeitgebrauch.<\/li>\n\n\n\n<li><strong>Jack-Up-Bohrinseln:<\/strong>&nbsp;konzipiert f\u00fcr den Transport von einem Ort zum anderen, geeignet f\u00fcr Wassertiefen bis zu 129 m.<\/li>\n\n\n\n<li><strong>Spar-Plattformen:<\/strong>&nbsp;am Meeresboden verankert; verwendet haupts\u00e4chlich konventionelle Festmacherleinen.<\/li>\n\n\n\n<li><strong>Tension-Leg-Plattformen (TLP):<\/strong>&nbsp;ideal f\u00fcr Tiefseeentdeckungen; ideal f\u00fcr Wassertiefen von bis zu 6.600 Fu\u00df.<\/li>\n\n\n\n<li><strong>Schwerkraftbasierte Struktur:<\/strong>&nbsp;am Meeresboden verankert; funktioniert gut in Fjorden.<\/li>\n<\/ul>\n\n\n\n<p>Die Wahl der richtigen Bohrinsel h\u00e4ngt auch davon ab, ob sich die \u00d6lquelle vor der K\u00fcste oder an Land befindet. Offshore-Bohrinseln graben unter dem Meeresboden, w\u00e4hrend Bohrinseln an Land unter Erdschichten f\u00f6rdern.<\/p>\n\n\n\n<h2 class=\"wp-block-heading\">Vorteile der Marktforschung f\u00fcr \u00d6lbohrplattformen<\/h2>\n\n\n\n<p>Die \u00d6lindustrie ist ein komplizierter Anlagebereich, den man verstehen muss. Interessanterweise investieren die meisten Anleger ihr Geld in diese \u00d6lbohrplattformm\u00e4rkte, weil sie durchweg als lukrativ angesehen werden.<\/p>\n\n\n\n<p>However, it is not always the case as this market is also susceptible to economic downturns. To avoid taking a costly misstep, well-rounded <a href=\"https:\/\/www.sisinternational.com\/de\/losungen\/marktforschung-fur-ol-und-gaspipelines\/\" title=\"\u00d6l- und Gaspipeline-Marktforschung\"  data-wpil-monitor-id=\"2166\">Marktforschung f\u00fcr \u00d6lbohrinseln<\/a> comes into play.<\/p>\n\n\n\n<p>For first-time investors, this research&#8217;s primary benefit is understanding how the <a href=\"https:\/\/www.sisinternational.com\/de\/sachverstand\/branchen\/ol-und-gasmarktforschung\/\" title=\"\u00d6l- und Gasmarktforschung\"  data-wpil-monitor-id=\"3089\">oil rig<\/a> market works. It answers the questions from how oil rigs are conceptualized to their everyday drilling routine.<\/p>\n\n\n\n<p>Der <a href=\"https:\/\/www.sisinternational.com\/de\/sachverstand\/branchen\/marktforschung-zu-pflanzenolen\/\" title=\"Marktforschung f\u00fcr Pflanzen\u00f6l\"  data-wpil-monitor-id=\"3222\">Marktforschung f\u00fcr \u00d6lbohrinseln<\/a> also guides investors in comprehending the difference between each oil rig and what are their financial standings. It aims to assure investors about the potential returns they can receive and to warn them of the possible issues and troubles of investing.<\/p>\n\n\n\n<p>Der <a href=\"https:\/\/www.sisinternational.com\/de\/sachverstand\/branchen\/marktforschung-fur-palmol\/\" title=\"Palm\u00f6l-Marktforschung\"  data-wpil-monitor-id=\"3456\">Marktforschung f\u00fcr \u00d6lbohrinseln<\/a> will also widen the perspective of investors, giving them a bird&#8217;s eye view from the side of the business and shareholders.<\/p>\n\n\n\n<p>Es ist anzumerken, dass diese Recherche auch f\u00fcr Unternehmer von Nutzen ist. Die meisten Unternehmer ben\u00f6tigen sie als Werkzeug, um sicherzustellen, dass die getroffenen Gesch\u00e4ftsentscheidungen mit den Interessen des Unternehmens \u00fcbereinstimmen.<\/p>\n\n\n\n<p>Gleichzeitig kann sie einen Wettbewerbsvorteil verschaffen, indem sie neue Schritte, Designs und Verfahren f\u00fcr eine effektivere Produktion erm\u00f6glicht. Und was am wichtigsten ist: Die Marktforschung f\u00fcr \u00d6lbohrplattformen wird Unternehmen dazu bringen, ein Risikodatenmanagement durchzuf\u00fchren.<\/p>\n\n\n\n<h2 class=\"wp-block-heading\">Trends und Chancen f\u00fcr den \u00d6lbohrplattformmarkt<\/h2>\n\n\n\n<p>Der Markt f\u00fcr Bohrinseln existiert seit einem Jahrhundert und verzeichnet seither ein stetiges Wachstum. Er hat sich als wertbest\u00e4ndig erwiesen und wird von verschiedenen Industrie- und Industriel\u00e4ndern als Reserve betrachtet.<\/p>\n\n\n\n<p>Investoren und Unternehmer k\u00f6nnten daran interessiert sein, mehr \u00fcber die Trends und Chancen zu erfahren, die der Markt auf sie wartet.<\/p>\n\n\n\n<ul class=\"wp-block-list\">\n<li>Entgegen der landl\u00e4ufigen Meinung sind Investitionen in \u00d6lbohrplattformen nicht nur den Reichen vorbehalten. Viele \u00d6lkonzerne bieten ihre Aktien \u00f6ffentlich an und sprechen damit ein breiteres Publikum an.<\/li>\n\n\n\n<li>Aufgrund der anhaltenden Nachfrage nach Kraftstoffen und kraftstoffbasierten Produkten wird erwartet, dass der Markt f\u00fcr \u00d6lbohranlagen trotz unerwarteter wirtschaftlicher H\u00fcrden wachsen wird.<\/li>\n\n\n\n<li>Man geht davon aus, dass die Unternehmen ihre Gesch\u00e4ftst\u00e4tigkeiten ausweiten werden, was den Bedarf an qualifizierten Arbeitskr\u00e4ften erh\u00f6ht. Dies f\u00fchrt auch zum Bau neuer Bohrinseln, was wiederum Auswirkungen auf die Bau-, Finanz- und Immobilienbranche hat.<\/li>\n\n\n\n<li>Die Zahl der Offshore-\u00d6lbohrplattformen im Ausland wird weiter steigen, da immer neue \u00d6lfunde lokalisiert und untersucht werden.<\/li>\n<\/ul>\n\n\n\n<h2 class=\"wp-block-heading\">Probleme mit dem \u00d6lbohrplattformmarkt<\/h2>\n\n\n\n<p>\u00c4hnlich wie in anderen Branchen ist auch der Bohrinselmarkt mit zahlreichen Problemen verbunden. Diese reichen von Umwelt- bis hin zu Regierungsrichtlinien. Obwohl er von einsch\u00fcchternden Bedenken umgeben ist, investieren Anleger ihr Geld recht gerne in einen solchen Markt.<\/p>\n\n\n\n<p>Der Markt f\u00fcr \u00d6lbohrplattformen gilt angesichts der anhaltenden Nachfrage nach Kraftstoffprodukten als unbesiegbar, aber dies garantiert keine Nachhaltigkeit des Gesch\u00e4fts. Die Menschen m\u00fcssen sich weiterhin die Probleme des Marktes bewusst machen und abw\u00e4gen, ob er f\u00fcr sie auf lange Sicht funktionieren kann.<\/p>\n\n\n\n<ul class=\"wp-block-list\">\n<li><strong>Umweltprobleme:<\/strong> Dieses Problem wird in der Branche recht h\u00e4ufig angesprochen. \u00d6lbohrplattformen f\u00f6rdern Kraftstoff, der f\u00fcr Dienstleistungen und Produkte verwendet wird, die zur wachsenden Umweltverschmutzung und zum Treibhauseffekt beitragen. Leider f\u00fchrt selbst die F\u00f6rderung aus \u00d6lquellen zu giftiger Verschmutzung des Wassers und der Luft.<\/li>\n\n\n\n<li><strong>St\u00f6rung der Tierwelt:<\/strong> Besides pollution, the techniques and drilling of oil wells disrupted marine ecosystems and land quality. If the impact is not rehabilitated quickly, it can lead to further habitat destruction.<\/li>\n\n\n\n<li><strong>Regierungsrichtlinien und -vorschriften:<\/strong> Jedes Land hat seine eigenen Regeln f\u00fcr den Betrieb von \u00d6lplattformen. Es kann auch Staatsb\u00fcrgerschaftsbeschr\u00e4nkungen f\u00fcr Investitionen geben. Ausl\u00e4nder, die dort investieren m\u00f6chten, d\u00fcrfen m\u00f6glicherweise nicht dort investieren.<\/li>\n\n\n\n<li><strong>Gesundheitliche Bedenken:<\/strong> Zum Schutz der Sicherheit und Gesundheit der Mitarbeiter auf Bohrinseln gelten strenge Gesundheitsvorschriften und -protokolle. Die st\u00e4ndige Belastung durch Rauch und giftige D\u00e4mpfe hat jedoch unweigerlich negative Auswirkungen. F\u00fcr Unternehmen ist es eine Herausforderung, nachzuweisen, dass alle Mitarbeiter beaufsichtigt und gut versorgt werden, um m\u00f6gliche Gesundheitsrisiken zumindest zu minimieren.<\/li>\n<\/ul>","protected":false},"excerpt":{"rendered":"<p>In den USA gibt es mindestens tausend \u00d6lbohrplattformen \u2013 sowohl an Land als auch vor der K\u00fcste. Damit verf\u00fcgen sie weltweit \u00fcber die h\u00f6chste Anzahl an Bohrplattformen.<\/p>","protected":false},"author":1,"featured_media":64292,"parent":14514,"menu_order":216,"comment_status":"closed","ping_status":"closed","template":"","meta":{"footnotes":""},"class_list":["post-41879","page","type-page","status-publish","has-post-thumbnail"],"_links":{"self":[{"href":"https:\/\/www.sisinternational.com\/de\/wp-json\/wp\/v2\/pages\/41879","targetHints":{"allow":["GET"]}}],"collection":[{"href":"https:\/\/www.sisinternational.com\/de\/wp-json\/wp\/v2\/pages"}],"about":[{"href":"https:\/\/www.sisinternational.com\/de\/wp-json\/wp\/v2\/types\/page"}],"author":[{"embeddable":true,"href":"https:\/\/www.sisinternational.com\/de\/wp-json\/wp\/v2\/users\/1"}],"replies":[{"embeddable":true,"href":"https:\/\/www.sisinternational.com\/de\/wp-json\/wp\/v2\/comments?post=41879"}],"version-history":[{"count":8,"href":"https:\/\/www.sisinternational.com\/de\/wp-json\/wp\/v2\/pages\/41879\/revisions"}],"predecessor-version":[{"id":77668,"href":"https:\/\/www.sisinternational.com\/de\/wp-json\/wp\/v2\/pages\/41879\/revisions\/77668"}],"up":[{"embeddable":true,"href":"https:\/\/www.sisinternational.com\/de\/wp-json\/wp\/v2\/pages\/14514"}],"wp:featuredmedia":[{"embeddable":true,"href":"https:\/\/www.sisinternational.com\/de\/wp-json\/wp\/v2\/media\/64292"}],"wp:attachment":[{"href":"https:\/\/www.sisinternational.com\/de\/wp-json\/wp\/v2\/media?parent=41879"}],"curies":[{"name":"wp","href":"https:\/\/api.w.org\/{rel}","templated":true}]}}