{"id":41876,"date":"2023-03-18T16:38:40","date_gmt":"2023-03-18T20:38:40","guid":{"rendered":"https:\/\/www.sisinternational.com\/?page_id=41876"},"modified":"2026-01-24T21:27:17","modified_gmt":"2026-01-25T02:27:17","slug":"ol-und-gasmarktforschung","status":"publish","type":"page","link":"https:\/\/www.sisinternational.com\/de\/sachverstand\/ol-und-gasmarktforschung\/","title":{"rendered":"\u00d6l- und Gasmarktforschung"},"content":{"rendered":"<h1 class=\"wp-block-heading\">\u00d6l- und Gasmarktforschung<\/h1>\n\n\n\n<figure class=\"gb-block-image gb-block-image-1a0e7a6f\"><img loading=\"lazy\" decoding=\"async\" width=\"1456\" height=\"816\" class=\"gb-image gb-image-1a0e7a6f\" src=\"https:\/\/www.sisinternational.com\/wp-content\/uploads\/2025\/08\/Oil-3.jpg\" alt=\"SIS International Marktforschung &amp; Strategie\" title=\"Oil (3)\" srcset=\"https:\/\/www.sisinternational.com\/wp-content\/uploads\/2025\/08\/Oil-3.jpg 1456w, https:\/\/www.sisinternational.com\/wp-content\/uploads\/2025\/08\/Oil-3-300x168.jpg 300w, https:\/\/www.sisinternational.com\/wp-content\/uploads\/2025\/08\/Oil-3-1024x574.jpg 1024w, https:\/\/www.sisinternational.com\/wp-content\/uploads\/2025\/08\/Oil-3-768x430.jpg 768w, https:\/\/www.sisinternational.com\/wp-content\/uploads\/2025\/08\/Oil-3-18x10.jpg 18w\" sizes=\"auto, (max-width: 1456px) 100vw, 1456px\"><\/figure>\n\n\n\n<p><\/p>\n\n\n\n<p>\u00d6l und Gas sind nach wie vor zwei der einflussreichsten Rohstoffe der Welt. Sie treiben das Wirtschaftswachstum an und befeuern wichtige Industriezweige. Durch die gr\u00fcndliche Analyse von Daten liefert diese Art der Forschung den Beteiligten wichtige Informationen \u00fcber Investitionen, Betrieb, Richtlinien und mehr, sodass sie entsprechend fundierte Entscheidungen treffen k\u00f6nnen.<\/p>\n\n\n\n<h2 class=\"wp-block-heading\">Was ist Marktforschung im \u00d6l- und Gassektor?<\/h2>\n\n\n\n<p>Die Marktforschung f\u00fcr \u00d6l und Gas untersucht die globale \u00d6l- und Gaslandschaft, um ein ganzheitliches Verst\u00e4ndnis der Markttrends, Wachstumsaussichten und potenziellen Risiken zu erlangen. Diese Analyse soll Einblicke f\u00fcr diejenigen in der Branche liefern, die fundierte Entscheidungen \u00fcber ihre Investitionen, Strategien und Richtlinien treffen m\u00f6chten. Mit forschungsgest\u00fctzten Empfehlungen sind Unternehmen, die in diesem Sektor t\u00e4tig sind, mit dem n\u00f6tigen Wissen ausgestattet, um ihre Ertr\u00e4ge in einem sich st\u00e4ndig weiterentwickelnden Markt zu maximieren.<\/p>\n\n\n\n<p>Organizations that specialize in oil and gas market analysis such as consulting firms, industry associations, and <a href=\"https:\/\/www.sisinternational.com\/de\/sachverstand\/branchen\/marktforschung-smartphones-neue-mobile-gerate\/\" title=\"Smartphone-Marktforschung\"  data-wpil-monitor-id=\"3252\">research companies can conduct comprehensive market<\/a> research. This includes exploring supply-and-demand dynamics, price movements, governmental regulations, emerging technology developments, plus environmental worries to name a few key areas of investigation.<\/p>\n\n\n\n<h2 class=\"wp-block-heading\">Bedeutung des Verst\u00e4ndnisses von Trends und Entwicklungen in der \u00d6l- und Gasindustrie<\/h2>\n\n\n\n<p>Der \u00d6l- und Gasmarkt ist hart umk\u00e4mpft, wobei die gro\u00dfen Unternehmen \u2013 ExxonMobil, Royal Dutch Shell, Chevron und BP \u2013 die Nase vorn haben. Diese Branchenriesen dominieren die weltweiten \u00d6l- und Gasreserven und investieren weiterhin massiv in Forschung und Entwicklung, um Trends voraus zu sein. Daher ist es entscheidend, \u00fcber genaue und aktuelle Daten zu verf\u00fcgen, um wettbewerbsf\u00e4hig zu bleiben und sich den gro\u00dfen Unternehmen dieser Branche zu stellen.<\/p>\n\n\n\n<p>Daher ist es f\u00fcr die \u00d6l- und Gasindustrie wichtig, \u00fcber geopolitische Faktoren wie die Weltpolitik und die Wirtschaftspolitik auf dem Laufenden zu bleiben, da \u00c4nderungen staatlicher Vorschriften, Handelsabkommen oder andere Ereignisse erhebliche Auswirkungen auf ihre Gesch\u00e4ftst\u00e4tigkeit haben k\u00f6nnen.<\/p>\n\n\n\n<p>Um mit dem steigenden Energiebedarf Schritt zu halten, insbesondere in Entwicklungsl\u00e4ndern wie Indien und China, ist es von entscheidender Bedeutung, die Trends und Bed\u00fcrfnisse der \u00d6l- und Gasindustrie zu erforschen. Angesichts einer wachsenden Bev\u00f6lkerung, die weltweit immer st\u00e4rker urbanisiert, wird es noch wichtiger, ausreichende Ressourcen bereitzustellen, wenn wir diesen steigenden Bedarf decken wollen. Daher ist das Verst\u00e4ndnis dieser Muster von entscheidender Bedeutung, um eine angemessene Infrastruktur bereitzustellen, die den aktuellen Prognosen gerecht wird.<\/p>\n\n\n\n<h2 class=\"wp-block-heading\">Trends in der \u00d6l- und Gasmarktforschung<\/h2>\n\n\n\n<figure class=\"gb-block-image gb-block-image-cfbeeeea\"><img loading=\"lazy\" decoding=\"async\" width=\"1456\" height=\"816\" class=\"gb-image gb-image-cfbeeeea\" src=\"https:\/\/www.sisinternational.com\/wp-content\/uploads\/2025\/08\/Gas-station-1.jpg\" alt=\"SIS International Marktforschung &amp; Strategie\" title=\"Gas station (1)\" srcset=\"https:\/\/www.sisinternational.com\/wp-content\/uploads\/2025\/08\/Gas-station-1.jpg 1456w, https:\/\/www.sisinternational.com\/wp-content\/uploads\/2025\/08\/Gas-station-1-300x168.jpg 300w, https:\/\/www.sisinternational.com\/wp-content\/uploads\/2025\/08\/Gas-station-1-1024x574.jpg 1024w, https:\/\/www.sisinternational.com\/wp-content\/uploads\/2025\/08\/Gas-station-1-768x430.jpg 768w, https:\/\/www.sisinternational.com\/wp-content\/uploads\/2025\/08\/Gas-station-1-18x10.jpg 18w\" sizes=\"auto, (max-width: 1456px) 100vw, 1456px\"><\/figure>\n\n\n\n<p><\/p>\n\n\n\n<p><a href=\"https:\/\/www.sisinternational.com\/de\/losungen\/marktforschung-fur-ol-und-gaspipelines\/\" title=\"\u00d6l- und Gaspipeline-Marktforschung\"  data-wpil-monitor-id=\"2138\">Oil and gas market research<\/a> are vital for companies in the sector to stay abreast of trends and advancements. As this industry progresses, there are new possibilities and risks.<\/p>\n\n\n\n<ul class=\"wp-block-list\">\n<li>Dank der Entwicklung hochmoderner Technologien k\u00f6nnen \u00d6l- und Gasunternehmen heute effizienter und kosteng\u00fcnstiger auf Ressourcen zugreifen. K\u00fcnstliche Intelligenz, Automatisierung und Robotik sind in dieser Branche weit verbreitet \u2013 und diese Fortschritte erm\u00f6glichen es den Unternehmen, Kosten zu senken, gleichzeitig die Effizienz zu optimieren und Sicherheitsprotokolle zu st\u00e4rken.<\/li>\n\n\n\n<li>Der weltweite Fokus auf erneuerbare Energiequellen wird die \u00d6l- und Gasindustrie grundlegend ver\u00e4ndern. Um mit diesem Wandel Schritt zu halten, investieren Unternehmen nun in nachhaltige L\u00f6sungen wie Wind-, Solar- und Wasserkraft. Dadurch ergeben sich neue Perspektiven f\u00fcr die Diversifizierung der Gesch\u00e4ftst\u00e4tigkeit und das Ertragspotenzial.<\/li>\n\n\n\n<li>Der Klimawandel ist f\u00fcr die \u00d6l- und Gasunternehmen zu einem wichtigen Thema geworden, da sie einem zunehmenden Druck ausgesetzt sind, ihre Kohlendioxidemissionen zu senken.<\/li>\n\n\n\n<li>Emerging markets have become key consumers, and <a href=\"https:\/\/www.sisinternational.com\/de\/sachverstand\/branchen\/marktforschung-fur-olbohrinseln\/\" title=\"Marktforschung f\u00fcr \u00d6lbohrinseln\"  data-wpil-monitor-id=\"3084\">\u00d6l- und Gasmarktforschung<\/a> is providing invaluable insights about these changes to assist those seeking to capitalize on them.<\/li>\n\n\n\n<li>Complying with the ever-evolving geopolitical environment is essential for organizations in this industry. <a href=\"https:\/\/www.sisinternational.com\/de\/sachverstand\/branchen\/marktforschung-zu-pflanzenolen\/\" title=\"Marktforschung f\u00fcr Pflanzen\u00f6l\"  data-wpil-monitor-id=\"3225\">Oil and gas market research<\/a> can provide insight into international trade agreements, government policies, and other factors that could potentially affect their business operations.<\/li>\n<\/ul>\n\n\n\n<h2 class=\"wp-block-heading\">Vorteile der \u00d6l- und Gasmarktforschung<\/h2>\n\n\n\n<ul class=\"wp-block-list\">\n<li>Durch die Analyse von Markttrends und -entwicklungen k\u00f6nnen Unternehmen aktiv nach neuen M\u00f6glichkeiten im \u00d6l- und Gassektor suchen. Dies verschafft ihnen einen Vorteil gegen\u00fcber ihren Mitbewerbern, da sie dadurch unerschlossene M\u00e4rkte mit gro\u00dfem Potenzial identifizieren k\u00f6nnen.<\/li>\n\n\n\n<li>Durch Marktforschung gewinnen Unternehmen wichtige Einblicke in die Vorlieben, Verhaltensweisen und Kaufgewohnheiten ihrer Kunden, um personalisierte Dienstleistungen und Produkte zu entwickeln, die genau auf ihren Zielmarkt zugeschnitten sind. Mit einem tiefen Verst\u00e4ndnis der Bed\u00fcrfnisse seiner Kunden kann sich ein Unternehmen einen unschlagbaren Wettbewerbsvorteil auf dem Markt verschaffen.<\/li>\n\n\n\n<li>To remain competitive in the oil and gas industry, it is important to assess the market competition. Through researching competitors&#8217; strengths and weaknesses via <a href=\"https:\/\/www.sisinternational.com\/de\/abdeckung\/die-amerikaner\/marktforschung-in-lateinamerika-2\/marktforschung-rio-de-janeiro\/\" title=\"Marktforschung in Rio de Janeiro\"  data-wpil-monitor-id=\"3282\">oil and gas market<\/a> research, companies can gain a better understanding of their competitors.<\/li>\n\n\n\n<li>Uncontrollable variables such as political instability, environmental laws, and the ever-changing oil market can easily affect your business. To protect companies from potential dangers and devise a backup plan for any situation, it is critical to conduct thorough <a href=\"https:\/\/www.sisinternational.com\/de\/sachverstand\/branchen\/marktforschung-fur-palmol\/\" title=\"Palm\u00f6l-Marktforschung\"  data-wpil-monitor-id=\"3458\">\u00d6l- und Gasmarktforschung<\/a>.<\/li>\n<\/ul>\n\n\n\n<h2 class=\"wp-block-heading\">Grenzen der \u00d6l- und Gasmarktforschung<\/h2>\n\n\n\n<p><a href=\"https:\/\/www.sisinternational.com\/de\/venezuela-oil-mining-industry-potential-strategic-forecast-2026-2036\/\" title=\"Venezuela Oil &amp; Mining Industry Potential: Strategic Forecast 2026-2036\"  data-wpil-monitor-id=\"6916\">Oil and gas market research<\/a> can be a valuable asset for understanding industry trends and making appropriate business decisions. Yet, it is essential to consider some limitations in this industry such as:<\/p>\n\n\n\n<ul class=\"wp-block-list\">\n<li>Ein vollst\u00e4ndiges Bild der \u00d6l- und Gasindustrie zu erhalten, kann aufgrund der vertraulichen oder gesch\u00fctzten Natur der Daten schwierig sein. Wesentliche Teile der Branchendaten sind nach wie vor nicht verf\u00fcgbar.<\/li>\n\n\n\n<li>Angesichts der volatilen und unvorhersehbaren M\u00e4rkte in der Vergangenheit sowie der sich st\u00e4ndig \u00e4ndernden politischen Landschaft ist es keine leichte Aufgabe, zuk\u00fcnftige Trends in der \u00d6l- und Gasindustrie vorherzusagen. Selbst mit hochentwickelten Modellen, die auf wirtschaftliche Muster und Prognosen angewendet werden, kann es schwierig sein, vorauszusagen, was vor uns liegt.<\/li>\n\n\n\n<li>Das \u00f6ffentliche Bewusstsein und die Besorgnis \u00fcber die Umweltauswirkungen der \u00d6l- und Gasunternehmen nehmen zu, was dem Ruf dieser Unternehmen potenziell schaden k\u00f6nnte.<\/li>\n\n\n\n<li>Da die \u00d6l- und Gasindustrie in einem geopolitisch instabilen Umfeld agiert, ist sie h\u00e4ufig Risiken wie internationalen Konflikten und Beziehungen ausgesetzt, die leicht zu Betriebsst\u00f6rungen f\u00fchren k\u00f6nnen.<\/li>\n<\/ul>\n\n\n\n<h2 class=\"wp-block-heading\">Zukunftsaussichten der \u00d6l- und Gasmarktforschung<\/h2>\n\n\n\n<figure class=\"gb-block-image gb-block-image-7c36bc2a\"><img loading=\"lazy\" decoding=\"async\" width=\"1456\" height=\"816\" class=\"gb-image gb-image-7c36bc2a\" src=\"https:\/\/www.sisinternational.com\/wp-content\/uploads\/2025\/08\/Oil-1.jpg\" alt=\"SIS International Marktforschung &amp; Strategie\" title=\"Oil (1)\" srcset=\"https:\/\/www.sisinternational.com\/wp-content\/uploads\/2025\/08\/Oil-1.jpg 1456w, https:\/\/www.sisinternational.com\/wp-content\/uploads\/2025\/08\/Oil-1-300x168.jpg 300w, https:\/\/www.sisinternational.com\/wp-content\/uploads\/2025\/08\/Oil-1-1024x574.jpg 1024w, https:\/\/www.sisinternational.com\/wp-content\/uploads\/2025\/08\/Oil-1-768x430.jpg 768w, https:\/\/www.sisinternational.com\/wp-content\/uploads\/2025\/08\/Oil-1-18x10.jpg 18w\" sizes=\"auto, (max-width: 1456px) 100vw, 1456px\"><\/figure>\n\n\n\n<p><\/p>\n\n\n\n<p>Da die Welt schrittweise auf gr\u00fcne Energiequellen umsteigt, stehen der \u00d6l- und Gasindustrie einige Ver\u00e4nderungen und Schwierigkeiten bevor.<\/p>\n\n\n\n<p>Nachhaltigkeit ist in letzter Zeit zu einem besonders wichtigen Schwerpunkt geworden; die Reduzierung des CO2-Fu\u00dfabdrucks. Dieses Interesse an umweltfreundlichen Alternativen wie erneuerbaren Ressourcen nimmt stetig zu. Infolgedessen investieren \u00d6l- und Gasunternehmen massiv in F&amp;E-Bem\u00fchungen, die ihre Aktivit\u00e4ten umweltfreundlicher machen und gleichzeitig die Effizienz steigern.<\/p>\n\n\n\n<p>Gl\u00fccklicherweise greifen Digitalisierung und Automatisierung mit der fortschreitenden technologischen Entwicklung in der Branche immer st\u00e4rker um sich. Sie k\u00f6nnen Kosten senken, die Sicherheit erh\u00f6hen und gleichzeitig den Betrieb optimieren.<\/p>\n\n\n\n<p>SIS International bietet quantitative, qualitative und strategische Forschung an. Wir liefern Daten, Tools, Strategien, Berichte und Erkenntnisse zur Entscheidungsfindung. Wir f\u00fchren Interviews, Umfragen, Fokusgruppen und viele andere Methoden und Ans\u00e4tze der Marktforschung durch. Kontaktieren Sie uns f\u00fcr Ihr n\u00e4chstes Marktforschungsprojekt.<\/p>","protected":false},"excerpt":{"rendered":"<p>Durch Marktforschung im \u00d6l- und Gassektor erhalten Sie umfassende Einblicke in Markttrends, Wachstumsaussichten und potenzielle Risiken im globalen \u00d6l- und Gassektor.<\/p>","protected":false},"author":1,"featured_media":63381,"parent":14514,"menu_order":215,"comment_status":"closed","ping_status":"closed","template":"","meta":{"footnotes":""},"class_list":["post-41876","page","type-page","status-publish","has-post-thumbnail"],"_links":{"self":[{"href":"https:\/\/www.sisinternational.com\/de\/wp-json\/wp\/v2\/pages\/41876","targetHints":{"allow":["GET"]}}],"collection":[{"href":"https:\/\/www.sisinternational.com\/de\/wp-json\/wp\/v2\/pages"}],"about":[{"href":"https:\/\/www.sisinternational.com\/de\/wp-json\/wp\/v2\/types\/page"}],"author":[{"embeddable":true,"href":"https:\/\/www.sisinternational.com\/de\/wp-json\/wp\/v2\/users\/1"}],"replies":[{"embeddable":true,"href":"https:\/\/www.sisinternational.com\/de\/wp-json\/wp\/v2\/comments?post=41876"}],"version-history":[{"count":10,"href":"https:\/\/www.sisinternational.com\/de\/wp-json\/wp\/v2\/pages\/41876\/revisions"}],"predecessor-version":[{"id":80486,"href":"https:\/\/www.sisinternational.com\/de\/wp-json\/wp\/v2\/pages\/41876\/revisions\/80486"}],"up":[{"embeddable":true,"href":"https:\/\/www.sisinternational.com\/de\/wp-json\/wp\/v2\/pages\/14514"}],"wp:featuredmedia":[{"embeddable":true,"href":"https:\/\/www.sisinternational.com\/de\/wp-json\/wp\/v2\/media\/63381"}],"wp:attachment":[{"href":"https:\/\/www.sisinternational.com\/de\/wp-json\/wp\/v2\/media?parent=41876"}],"curies":[{"name":"wp","href":"https:\/\/api.w.org\/{rel}","templated":true}]}}