{"id":41873,"date":"2023-03-18T16:21:34","date_gmt":"2023-03-18T20:21:34","guid":{"rendered":"https:\/\/www.sisinternational.com\/?page_id=41873"},"modified":"2026-01-24T20:58:33","modified_gmt":"2026-01-25T01:58:33","slug":"marktforschung-zur-kernenergie","status":"publish","type":"page","link":"https:\/\/www.sisinternational.com\/de\/sachverstand\/marktforschung-zur-kernenergie\/","title":{"rendered":"Marktforschung zur Kernenergie"},"content":{"rendered":"<h1 class=\"wp-block-heading\">Marktforschung zur Kernenergie<\/h1>\n\n\n\n<figure class=\"gb-block-image gb-block-image-e2318f3c\"><img loading=\"lazy\" decoding=\"async\" width=\"1456\" height=\"816\" class=\"gb-image gb-image-e2318f3c\" src=\"https:\/\/www.sisinternational.com\/wp-content\/uploads\/2025\/08\/NUclear-plant-nuclear-power-4.jpg\" alt=\"SIS International Marktforschung &amp; Strategie\" title=\"NUclear plant nuclear power (4)\" srcset=\"https:\/\/www.sisinternational.com\/wp-content\/uploads\/2025\/08\/NUclear-plant-nuclear-power-4.jpg 1456w, https:\/\/www.sisinternational.com\/wp-content\/uploads\/2025\/08\/NUclear-plant-nuclear-power-4-300x168.jpg 300w, https:\/\/www.sisinternational.com\/wp-content\/uploads\/2025\/08\/NUclear-plant-nuclear-power-4-1024x574.jpg 1024w, https:\/\/www.sisinternational.com\/wp-content\/uploads\/2025\/08\/NUclear-plant-nuclear-power-4-768x430.jpg 768w, https:\/\/www.sisinternational.com\/wp-content\/uploads\/2025\/08\/NUclear-plant-nuclear-power-4-18x10.jpg 18w\" sizes=\"auto, (max-width: 1456px) 100vw, 1456px\"><\/figure>\n\n\n\n<p><\/p>\n\n\n\n<p>In der heutigen Welt mit st\u00e4ndig steigendem Energiebedarf und einem Bedarf an nachhaltigeren Ressourcen m\u00fcssen die im Stromerzeugungssektor t\u00e4tigen Unternehmen regelm\u00e4\u00dfige Marktforschung betreiben, um auf dem Markt wettbewerbsf\u00e4hig zu bleiben.<\/p>\n\n\n\n<p>Insbesondere durch die Erhebung und Analyse von Daten k\u00f6nnen Unternehmen Branchentrends erkennen, den Grad der Konkurrenz einsch\u00e4tzen und potenzielle Chancen und Risiken auf dem Kernenergiemarkt erkennen.<\/p>\n\n\n\n<h2 class=\"wp-block-heading\">Was ist Marktforschung im Bereich Kernenergie und warum ist sie wichtig?<\/h2>\n\n\n\n<p>By delving into nuclear power market research, businesses, policymakers, and other key players in the industry can make smart choices about investments, strategies, and policies. This research examines current as well as future <a href=\"https:\/\/www.sisinternational.com\/de\/top-unternehmen-fur-die-prognose-von-b2b-branchentrends\/\" title=\"F\u00fchrendes Unternehmen f\u00fcr Prognosen von B2B-Branchentrends\"  data-wpil-monitor-id=\"9978\">trends for the industry<\/a> to give an understanding of opportunities and threats alike that could impact decisions made by these stakeholders.<\/p>\n\n\n\n<h2 class=\"wp-block-heading\">Bedeutung der Marktforschung im Bereich Kernenergie<\/h2>\n\n\n\n<p>Es ist von gr\u00f6\u00dfter Bedeutung, \u00fcber die neuesten Trends und Fortschritte im Kernenergiesektor auf dem Laufenden zu bleiben. Dieses Verst\u00e4ndnis erm\u00f6glicht es Unternehmen und Investoren, bessere Entscheidungen hinsichtlich Investitionsm\u00f6glichkeiten wie dem Bau neuer Kernkraftwerke oder der Optimierung des Betriebs bestehender Kernkraftwerke zu treffen.<\/p>\n\n\n\n<p>By conducting thorough nuclear <a href=\"https:\/\/www.sisinternational.com\/de\/sachverstand\/branchen\/marktforschung-zur-stromerzeugung\/\" title=\"Marktforschung zur Stromerzeugung\"  data-wpil-monitor-id=\"3048\">power market research<\/a>, companies discover the existing and potential trends of this industry, enabling them to identify risks that may be lurking on the horizon while also uncovering opportunities.<\/p>\n\n\n\n<p>Dar\u00fcber hinaus k\u00f6nnen Daten zur Leistung, Nachfrage und Regulierung von Kernkraftwerken ermittelt werden. Die Erkenntnisse werden genutzt, um zu entscheiden, wie k\u00fcnftig in neue Anlagen investiert oder \u00e4ltere Anlagen stillgelegt werden.<\/p>\n\n\n\n<p>Furthermore, nuclear <a href=\"https:\/\/www.sisinternational.com\/de\/sachverstand\/branchen\/marktforschung-fur-elektrowerkzeuge\/\" title=\"Marktforschung f\u00fcr Elektrowerkzeuge\"  data-wpil-monitor-id=\"4043\">power market research<\/a> assists businesses to make appropriate decisions about the nuclear power industry, including safety protocols, waste disposal practices, and plant licensing requirements. Energy planners need to have a clear view of the demand for nuclear energy throughout its lifetime to ensure it is an economically viable option that will not compromise public health or harm our environment.<\/p>\n\n\n\n<h2 class=\"wp-block-heading\">Aktuelle Trends der Atomkraft-Marktforschung<\/h2>\n\n\n\n<figure class=\"gb-block-image gb-block-image-0afe848d\"><img loading=\"lazy\" decoding=\"async\" width=\"1456\" height=\"816\" class=\"gb-image gb-image-0afe848d\" src=\"https:\/\/www.sisinternational.com\/wp-content\/uploads\/2025\/08\/NUclear-plant-nuclear-power-3.jpg\" alt=\"SIS International Marktforschung &amp; Strategie\" title=\"NUclear plant nuclear power (3)\" srcset=\"https:\/\/www.sisinternational.com\/wp-content\/uploads\/2025\/08\/NUclear-plant-nuclear-power-3.jpg 1456w, https:\/\/www.sisinternational.com\/wp-content\/uploads\/2025\/08\/NUclear-plant-nuclear-power-3-300x168.jpg 300w, https:\/\/www.sisinternational.com\/wp-content\/uploads\/2025\/08\/NUclear-plant-nuclear-power-3-1024x574.jpg 1024w, https:\/\/www.sisinternational.com\/wp-content\/uploads\/2025\/08\/NUclear-plant-nuclear-power-3-768x430.jpg 768w, https:\/\/www.sisinternational.com\/wp-content\/uploads\/2025\/08\/NUclear-plant-nuclear-power-3-18x10.jpg 18w\" sizes=\"auto, (max-width: 1456px) 100vw, 1456px\"><\/figure>\n\n\n\n<p><\/p>\n\n\n\n<p>Zahlreiche Faktoren beeinflussen die Entwicklung der Marktforschung im Bereich der Kernenergie, wie etwa technologische Fortschritte, wirtschaftliche Lage, staatliche Vorschriften und \u00f6kologische Bedenken. Hier sind einige der neuesten Trends in diesem Bereich:<\/p>\n\n\n\n<ul class=\"wp-block-list\">\n<li>Fokus auf kleine modulare Reaktoren: Da der Energiebedarf weiter steigt, erfreuen sich kleine modulare Reaktoren aufgrund ihrer geringeren Gr\u00f6\u00dfe, h\u00f6heren Geschwindigkeit und Erschwinglichkeit im Vergleich zu herk\u00f6mmlichen Gro\u00dfreaktoren zunehmender Beliebtheit.<\/li>\n\n\n\n<li>Steigendes Interesse an der Kernfusion: Wissenschaftler auf der ganzen Welt erforschen M\u00f6glichkeiten, kommerziell nutzbare Kernfusionsreaktoren zu schaffen. Die potenziellen Vorteile eines solchen Prozesses w\u00e4ren endlos, da er den Zugang zu einer gr\u00f6\u00dferen Versorgung mit sauberer Energie ohne Kohlenstoffemissionen erm\u00f6glichen k\u00f6nnte.<\/li>\n\n\n\n<li>Schwerpunkt auf Sicherheit und Schutz: Die Marktforschung im Bereich der Kernenergie konzentriert sich mittlerweile auf die neuen Technologien in diesen Bereichen sowie die erwartete Marktnachfrage.<\/li>\n\n\n\n<li>Changing regulatory landscape: As the laws and regulations impacting nuclear power become increasingly stringent, market analysis is delving into how these changes will influence the <a href=\"https:\/\/www.sisinternational.com\/de\/venezuela-oil-mining-industry-potential-strategic-forecast-2026-2036\/\" title=\"Venezuela Oil &amp; Mining Industry Potential: Strategic Forecast 2026-2036\"  data-wpil-monitor-id=\"9980\">industry in terms of potential<\/a> opportunities and looming obstacles.<\/li>\n\n\n\n<li>Wachsendes Interesse an Kernenergie in Entwicklungsl\u00e4ndern: Da der Energiebedarf in Schwellenl\u00e4ndern weiterhin steigt, erscheint Kernenergie als praktikable und rentable L\u00f6sung. Marktforschung untersucht die potenziellen M\u00e4rkte dieser L\u00e4nder f\u00fcr Kernenergie sowie die wirtschaftliche Rentabilit\u00e4t des Baus neuer Anlagen genau.<\/li>\n<\/ul>\n\n\n\n<h2 class=\"wp-block-heading\">Vorteile der Marktforschung im Bereich Kernenergie<\/h2>\n\n\n\n<ul class=\"wp-block-list\">\n<li>Durch die Nutzung der Marktforschung im Bereich Kernenergie k\u00f6nnen Unternehmen neue Perspektiven und Trends entdecken, beispielsweise aufstrebende neue M\u00e4rkte oder sich \u00e4ndernde Kundenbed\u00fcrfnisse.<\/li>\n\n\n\n<li>Through the <a href=\"https:\/\/www.sisinternational.com\/de\/abdeckung\/marktforschung-asien\/wettbewerbsanalyse-china\/\" title=\"Wettbewerbsanalyse in China\"  data-wpil-monitor-id=\"9981\">analysis of the competitive<\/a> landscape of the nuclear power industry, businesses can propel themselves ahead and create unrivaled strategies, products, and services.<\/li>\n\n\n\n<li>Durch umfassende Marktforschung im Bereich der Kernenergie k\u00f6nnen Unternehmen Risiken identifizieren und potenzielle Herausforderungen in der Branche entdecken, wie etwa regulatorische \u00c4nderungen oder Sicherheitsbedenken. Auf diese Weise k\u00f6nnen Unternehmen Notfallpl\u00e4ne erstellen, die ihnen helfen, m\u00f6gliche Risiken zu reduzieren.<\/li>\n\n\n\n<li>Durch den Zugriff auf genaue Daten und Erkenntnisse k\u00f6nnen wichtige Entscheidungstr\u00e4ger fundierte Entscheidungen zu Investitionen, Richtlinien und Vorschriften treffen.<\/li>\n\n\n\n<li>Die Marktforschung im Bereich Kernenergie hat das Potenzial, Innovationen anzusto\u00dfen und die Entstehung neuer Technologien, Produkte und Dienstleistungen zu f\u00f6rdern, die genau auf die sich st\u00e4ndig weiterentwickelnden Anforderungen der Verbraucher abgestimmt sind.<\/li>\n<\/ul>\n\n\n\n<h2 class=\"wp-block-heading\">Grenzen der Marktforschung im Bereich Kernenergie<\/h2>\n\n\n\n<ul class=\"wp-block-list\">\n<li>Da die Atomindustrie so streng reguliert ist, ist der Zugriff auf Daten aus Sicherheits- und Vertraulichkeitsgr\u00fcnden oft eingeschr\u00e4nkt. Aufgrund dieser begrenzten Verf\u00fcgbarkeit von Informationen kann es recht schwierig sein, zuverl\u00e4ssige Daten und Erkenntnisse f\u00fcr die Forschung zu erhalten.<\/li>\n\n\n\n<li>Aufgrund der umfangreichen technischen und regulatorischen Komponenten kann es eine gewaltige Aufgabe sein, sich in der Atomindustrie zurechtzufinden. Die Komplexit\u00e4t dieses Sektors stellt einzigartige Herausforderungen dar, die f\u00fcr den Erfolg bew\u00e4ltigt werden m\u00fcssen.<\/li>\n\n\n\n<li>Undertaking <a href=\"https:\/\/www.sisinternational.com\/de\/welche-trends-gibt-es-in-der-marktforschungsbranche\/\" title=\"Welche Trends gibt es in der Marktforschungsbranche?\"  data-wpil-monitor-id=\"9984\">research into the nuclear power industry<\/a> can be costly, particularly if it involves conducting surveys or gathering data from a wide spectrum of stakeholders. This creates an obstacle for smaller businesses and organizations that have limited budgets.<\/li>\n\n\n\n<li>Die Atomindustrie ist politischen Schwankungen unterworfen, was eine genaue Marktanalyse und pr\u00e4zise Prognosen erschwert. Unerwartete Ver\u00e4nderungen der staatlichen Vorschriften oder der \u00f6ffentlichen Meinung k\u00f6nnen die Stabilit\u00e4t dieses Sektors erheblich beeintr\u00e4chtigen und ein unvorhersehbares Umfeld schaffen, das \u00fcberwacht werden muss.<\/li>\n<\/ul>\n\n\n\n<h2 class=\"wp-block-heading\">Zukunftsaussichten der Kernenergie-Marktforschung<\/h2>\n\n\n\n<figure class=\"gb-block-image gb-block-image-0a9a93fc\"><img loading=\"lazy\" decoding=\"async\" width=\"1456\" height=\"816\" class=\"gb-image gb-image-0a9a93fc\" src=\"https:\/\/www.sisinternational.com\/wp-content\/uploads\/2025\/08\/NUclear-plant-nuclear-power-1.jpg\" alt=\"SIS International Marktforschung &amp; Strategie\" title=\"NUclear plant nuclear power (1)\" srcset=\"https:\/\/www.sisinternational.com\/wp-content\/uploads\/2025\/08\/NUclear-plant-nuclear-power-1.jpg 1456w, https:\/\/www.sisinternational.com\/wp-content\/uploads\/2025\/08\/NUclear-plant-nuclear-power-1-300x168.jpg 300w, https:\/\/www.sisinternational.com\/wp-content\/uploads\/2025\/08\/NUclear-plant-nuclear-power-1-1024x574.jpg 1024w, https:\/\/www.sisinternational.com\/wp-content\/uploads\/2025\/08\/NUclear-plant-nuclear-power-1-768x430.jpg 768w, https:\/\/www.sisinternational.com\/wp-content\/uploads\/2025\/08\/NUclear-plant-nuclear-power-1-18x10.jpg 18w\" sizes=\"auto, (max-width: 1456px) 100vw, 1456px\"><\/figure>\n\n\n\n<ul class=\"wp-block-list\">\n<li>The nuclear power industry is quickly advancing with new developments to enhance security, effectiveness, and performance. The nuclear energy <a href=\"https:\/\/www.sisinternational.com\/de\/losungen\/ai-marktforschung-und-strategieberatung\/ki-kunstliche-intelligenz\/\" title=\"Marktforschung f\u00fcr k\u00fcnstliche Intelligenz\"  data-wpil-monitor-id=\"9976\">market is additionally attempting out artificial intelligence<\/a> along with machine learning to boost the safety measures and efficiency of all existing plants. Such explorations broaden potential applications for this revolutionary technology within our society.<\/li>\n\n\n\n<li>Angesichts der aktuellen Herausforderungen gewinnt die Kernenergie aufgrund ihres geringen CO2-Fu\u00dfabdrucks und ihrer konstanten Stromproduktion an Bedeutung. Daher wird die Erforschung der wirtschaftlichen Vorteile und der allgemeinen Umweltauswirkungen der Kernenergie in absehbarer Zukunft von gr\u00f6\u00dfter Bedeutung bleiben. Dar\u00fcber hinaus besteht in diesem Bereich ein enormes Wachstumspotenzial, da das \u00f6ffentliche Interesse weiter zunimmt.<\/li>\n\n\n\n<li>F\u00fcr jeden, der in der Atomindustrie t\u00e4tig ist, ist es von entscheidender Bedeutung, die m\u00f6glichen Folgen von regulatorischen \u00c4nderungen zu verstehen. Solche \u00c4nderungen k\u00f6nnen die Arbeitsweise von Unternehmen drastisch ver\u00e4ndern und bieten eine F\u00fclle von Forschungs- und Analysem\u00f6glichkeiten.<\/li>\n\n\n\n<li>Da der weltweite Energiebedarf weiter steigt, steigt auch die Nachfrage nach neuen und bahnbrechenden Energiequellen. Dies bietet eine au\u00dfergew\u00f6hnliche Chance, die Kernenergie und ihren m\u00f6glichen Beitrag zur Deckung des globalen Energiebedarfs weiter zu erforschen.<\/li>\n<\/ul>\n\n\n\n<p><a href=\"https:\/\/www.sisinternational.com\/de\/sis-stellt-plattform-fur-datenwissenschaft-und-quantitative-analyse-vor\/\" title=\"SIS stellt Plattform f\u00fcr Data Science und quantitative Analytik vor\"  data-wpil-monitor-id=\"9973\">SIS International offers Quantitative<\/a>, Qualitative, and Strategy Research. We provide data, tools, strategies, reports and insights for decision-making. We conduct interviews, surveys, <a href=\"https:\/\/www.sisinternational.com\/de\/losungen\/fokusgruppen-marktforschung\/\" title=\"Fokusgruppe Marktforschung\"  data-wpil-monitor-id=\"9974\">focus groups and many other Market Research<\/a> methods and approaches. Contact us for your <a href=\"https:\/\/www.sisinternational.com\/de\/sachverstand\/branchen\/marktforschung-zu-technologien-der-nachsten-generation\/\" title=\"Marktforschung zu Technologien der n\u00e4chsten Generation\"  data-wpil-monitor-id=\"9975\">next Market Research<\/a> Projekt.<\/p>","protected":false},"excerpt":{"rendered":"<p>Indem sie sich \u00fcber die neuesten Fortschritte in der Kernenergie auf dem Laufenden halten, k\u00f6nnen Unternehmen und Investoren bessere Investitionsentscheidungen treffen.<\/p>","protected":false},"author":1,"featured_media":64085,"parent":14514,"menu_order":214,"comment_status":"closed","ping_status":"closed","template":"","meta":{"footnotes":""},"class_list":["post-41873","page","type-page","status-publish","has-post-thumbnail"],"_links":{"self":[{"href":"https:\/\/www.sisinternational.com\/de\/wp-json\/wp\/v2\/pages\/41873","targetHints":{"allow":["GET"]}}],"collection":[{"href":"https:\/\/www.sisinternational.com\/de\/wp-json\/wp\/v2\/pages"}],"about":[{"href":"https:\/\/www.sisinternational.com\/de\/wp-json\/wp\/v2\/types\/page"}],"author":[{"embeddable":true,"href":"https:\/\/www.sisinternational.com\/de\/wp-json\/wp\/v2\/users\/1"}],"replies":[{"embeddable":true,"href":"https:\/\/www.sisinternational.com\/de\/wp-json\/wp\/v2\/comments?post=41873"}],"version-history":[{"count":6,"href":"https:\/\/www.sisinternational.com\/de\/wp-json\/wp\/v2\/pages\/41873\/revisions"}],"predecessor-version":[{"id":81652,"href":"https:\/\/www.sisinternational.com\/de\/wp-json\/wp\/v2\/pages\/41873\/revisions\/81652"}],"up":[{"embeddable":true,"href":"https:\/\/www.sisinternational.com\/de\/wp-json\/wp\/v2\/pages\/14514"}],"wp:featuredmedia":[{"embeddable":true,"href":"https:\/\/www.sisinternational.com\/de\/wp-json\/wp\/v2\/media\/64085"}],"wp:attachment":[{"href":"https:\/\/www.sisinternational.com\/de\/wp-json\/wp\/v2\/media?parent=41873"}],"curies":[{"name":"wp","href":"https:\/\/api.w.org\/{rel}","templated":true}]}}