{"id":41863,"date":"2023-03-18T15:36:51","date_gmt":"2023-03-18T19:36:51","guid":{"rendered":"https:\/\/www.sisinternational.com\/?page_id=41863"},"modified":"2026-01-24T21:16:20","modified_gmt":"2026-01-25T02:16:20","slug":"nanopartikel-marktforschung","status":"publish","type":"page","link":"https:\/\/www.sisinternational.com\/de\/sachverstand\/nanopartikel-marktforschung\/","title":{"rendered":"Marktforschung f\u00fcr Nanopartikel"},"content":{"rendered":"<h1 class=\"wp-block-heading\">Marktforschung f\u00fcr Nanopartikel<\/h1>\n\n\n\n<figure class=\"gb-block-image gb-block-image-e826c4f7\"><img loading=\"lazy\" decoding=\"async\" width=\"1456\" height=\"816\" class=\"gb-image gb-image-e826c4f7\" src=\"https:\/\/www.sisinternational.com\/wp-content\/uploads\/2025\/08\/Hydrogen-nitrogen-2.jpg\" alt=\"SIS International Marktforschung &amp; Strategie\" title=\"Hydrogen nitrogen (2)\" srcset=\"https:\/\/www.sisinternational.com\/wp-content\/uploads\/2025\/08\/Hydrogen-nitrogen-2.jpg 1456w, https:\/\/www.sisinternational.com\/wp-content\/uploads\/2025\/08\/Hydrogen-nitrogen-2-300x168.jpg 300w, https:\/\/www.sisinternational.com\/wp-content\/uploads\/2025\/08\/Hydrogen-nitrogen-2-1024x574.jpg 1024w, https:\/\/www.sisinternational.com\/wp-content\/uploads\/2025\/08\/Hydrogen-nitrogen-2-768x430.jpg 768w, https:\/\/www.sisinternational.com\/wp-content\/uploads\/2025\/08\/Hydrogen-nitrogen-2-18x10.jpg 18w\" sizes=\"auto, (max-width: 1456px) 100vw, 1456px\"><\/figure>\n\n\n\n<p><\/p>\n\n\n\n<p>Nanopartikel sind winzige Teilchen. Sie sind zwischen 1 und 100 Nanometer gro\u00df (1 Nanometer ist ein Milliardstel Meter). Hersteller stellen sie aus einer Vielzahl von Materialien her. Zu diesen Materialien geh\u00f6ren Metalle, Keramik, Polymere und kohlenstoffbasierte Substanzen. Ein weiteres Merkmal von Nanopartikeln ist, dass sie einzigartige physikalische, chemische und biologische Eigenschaften aufweisen.<\/p>\n\n\n\n<p>Scientists can further engineer nanoparticles to have specific properties and characteristics. They can make them stronger, lighter, and more durable than their bulk counterparts. These properties and features make them useful in a wide range of applications. <a href=\"https:\/\/www.sisinternational.com\/de\/losungen\/ai-marktforschung-und-strategieberatung\/elektronikindustrie-automatisierung-kunstliche-intelligenz-beratung\/\" title=\"Beratung zur Automatisierung der Elektronikindustrie und zu k\u00fcnstlicher Intelligenz\"  data-wpil-monitor-id=\"10001\">Industries such as electronics<\/a>, drug delivery systems, and cosmetics use them. Even the food packaging industry uses them to provide antimicrobial properties. Researchers have advanced concerns about their potential impact on human health. They have also been studying their effect on the environment.<\/p>\n\n\n\n<p>Aufgrund ihrer geringen Gr\u00f6\u00dfe k\u00f6nnen Nanopartikel Zellmembranen und Gewebe durchdringen. Sobald sie sich im K\u00f6rper befinden, interagieren sie mit biologischen Molek\u00fclen auf eine Weise, die gr\u00f6\u00dferen Partikeln nicht m\u00f6glich ist. Diese Eigenschaft hat zu Bedenken hinsichtlich ihrer potenziellen Toxizit\u00e4t gef\u00fchrt. Sie ist auch Anlass zu Bef\u00fcrchtungen hinsichtlich ihrer Auswirkungen auf die Umwelt. Dar\u00fcber hinaus gibt es Fragen zu ihren m\u00f6glichen langfristigen Auswirkungen auf die menschliche Gesundheit. Daher werden Untersuchungen zu Sicherheit und Risiken fortgesetzt.<\/p>\n\n\n\n<h2 class=\"wp-block-heading\">Warum sind Nanopartikel wichtig?<\/h2>\n\n\n\n<p>Nanopartikel sind von entscheidender Bedeutung, da sie einzigartige physikalische, chemische und biologische Eigenschaften aufweisen.<\/p>\n\n\n\n<p>Aufgrund ihrer geringen Gr\u00f6\u00dfe haben Nanopartikel ein gro\u00dfes Verh\u00e4ltnis von Oberfl\u00e4che zu Volumen. Dieses Verh\u00e4ltnis verleiht ihnen einzigartige Eigenschaften. Es macht sie auch f\u00fcr eine Vielzahl von Anwendungen n\u00fctzlich.<\/p>\n\n\n\n<p>Nanopartikel haben das Potenzial, die Medizin zu revolutionieren. Sie erm\u00f6glichen eine gezielte Verabreichung von Medikamenten und verbessern die bildgebende Diagnostik. Die Gesundheitsbranche kann sie au\u00dferdem zur Herstellung neuartiger medizinischer Ger\u00e4te und Implantate nutzen.<\/p>\n\n\n\n<p>Regierungen und private Unternehmen k\u00f6nnen Nanopartikel zur Umweltsanierung einsetzen. Diese Partikel k\u00f6nnen kontaminierte B\u00f6den und Gew\u00e4sser reinigen. Wissenschaftler k\u00f6nnen sie auch nutzen, um bessere Katalysatoren f\u00fcr chemische Reaktionen zu entwickeln.<\/p>\n\n\n\n<p>Nanopartikel haben das Potenzial, die Energieeffizienz zu verbessern. Zudem senken sie den Energieverbrauch in vielen Anwendungsbereichen. So k\u00f6nnen sie beispielsweise die Effizienz von Solarzellen verbessern. Zudem erh\u00f6hen sie die Energiespeicherkapazit\u00e4t von Batterien.<\/p>\n\n\n\n<h2 class=\"wp-block-heading\">Wichtige Berufsbezeichnungen<\/h2>\n\n\n\n<h3 class=\"wp-block-heading\">Zu den wichtigsten Berufsbezeichnungen im Zusammenhang mit Nanopartikeln und Nanotechnologie z\u00e4hlen:<\/h3>\n\n\n\n<ol class=\"wp-block-list\">\n<li>Nanotechnologe<\/li>\n\n\n\n<li>Nanopartikel-Wissenschaftler<\/li>\n\n\n\n<li>Ingenieur f\u00fcr Nanomaterialien<\/li>\n\n\n\n<li>Nanofabrikationsingenieur<\/li>\n\n\n\n<li>Nanobiotechnologe<\/li>\n\n\n\n<li>Nanotoxikologe<\/li>\n\n\n\n<li>Chemiker f\u00fcr Nanopartikelsynthese<\/li>\n\n\n\n<li>Spezialist f\u00fcr Nanopartikel-Charakterisierung<\/li>\n\n\n\n<li>Nanoelektronik-Ingenieur<\/li>\n\n\n\n<li>Nanomedizin-Forscher<\/li>\n\n\n\n<li>Nanophysik-Forscher<\/li>\n\n\n\n<li>Spezialist f\u00fcr die Sicherheit von Nanomaterialien<\/li>\n\n\n\n<li>Spezialist f\u00fcr Nanopartikelanwendungen<\/li>\n\n\n\n<li>Manager f\u00fcr die Produktentwicklung von Nanopartikeln<\/li>\n\n\n\n<li>Patentanwalt f\u00fcr Nanotechnologie<\/li>\n<\/ol>\n\n\n\n<p>Diese Berufsbezeichnungen decken verschiedene Bereiche ab, wie etwa Forschung und Entwicklung und Ingenieurwesen. Sie umfassen die Herstellung, Qualit\u00e4tskontrolle, beh\u00f6rdliche Vorschriften und rechtliche Aspekte der Nanotechnologie. Sie k\u00f6nnen in verschiedenen Branchen Jobs in der Nanotechnologie finden. So brauchen etwa die Pharma- und Elektronikindustrie Nanotechnologen. Dasselbe gilt f\u00fcr Branchen wie Energie, Materialwissenschaften und Biotechnologie.<\/p>\n\n\n\n<h2 class=\"wp-block-heading\">Warum Unternehmen Nanopartikel brauchen<\/h2>\n\n\n\n<figure class=\"gb-block-image gb-block-image-ee1634bc\"><img loading=\"lazy\" decoding=\"async\" width=\"1456\" height=\"816\" class=\"gb-image gb-image-ee1634bc\" src=\"https:\/\/www.sisinternational.com\/wp-content\/uploads\/2025\/08\/Hydrogen-nitrogen-1.jpg\" alt=\"SIS International Marktforschung &amp; Strategie\" title=\"Hydrogen nitrogen (1)\" srcset=\"https:\/\/www.sisinternational.com\/wp-content\/uploads\/2025\/08\/Hydrogen-nitrogen-1.jpg 1456w, https:\/\/www.sisinternational.com\/wp-content\/uploads\/2025\/08\/Hydrogen-nitrogen-1-300x168.jpg 300w, https:\/\/www.sisinternational.com\/wp-content\/uploads\/2025\/08\/Hydrogen-nitrogen-1-1024x574.jpg 1024w, https:\/\/www.sisinternational.com\/wp-content\/uploads\/2025\/08\/Hydrogen-nitrogen-1-768x430.jpg 768w, https:\/\/www.sisinternational.com\/wp-content\/uploads\/2025\/08\/Hydrogen-nitrogen-1-18x10.jpg 18w\" sizes=\"auto, (max-width: 1456px) 100vw, 1456px\"><\/figure>\n\n\n\n<p><\/p>\n\n\n\n<p>Unternehmen ben\u00f6tigen Nanopartikel m\u00f6glicherweise aus verschiedenen Gr\u00fcnden. Dies h\u00e4ngt von der Branche und den spezifischen Anwendungen ab. Ein Grund, warum Unternehmen Nanopartikel ben\u00f6tigen, ist die Verbesserung der Produktleistung. Nanopartikel k\u00f6nnen die Produktleistung in verschiedenen Branchen verbessern. Beispiele hierf\u00fcr sind Elektronik, Gesundheitswesen, Energie und Materialwissenschaften. Sie k\u00f6nnen beispielsweise die Festigkeit, Haltbarkeit und Leitf\u00e4higkeit von Materialien verbessern.<\/p>\n\n\n\n<p>Hersteller k\u00f6nnen Nanopartikel zur Entwicklung neuer Produkte verwenden. Solche Produkte sind mit herk\u00f6mmlichen Materialien oder Technologien m\u00f6glicherweise nicht herstellbar. Beispielsweise k\u00f6nnen sie Nanopartikel zur Herstellung neuer Arzneimittelverabreichungssysteme verwenden. Oder sie k\u00f6nnen sie f\u00fcr Solarzellen und Sensoren nutzen.<\/p>\n\n\n\n<p>Nanopartikel k\u00f6nnen Unternehmen helfen, Geld zu sparen. Sie reduzieren die Materialmenge, die zum Erreichen eines bestimmten Leistungsniveaus erforderlich ist. Beispielsweise k\u00f6nnen Hersteller Nanopartikel verwenden, um d\u00fcnnere und leichtere Produkte herzustellen. Diese neuen Produkte weisen immer noch die gleiche oder eine bessere Leistung als Massenmaterialien auf.<\/p>\n\n\n\n<p>Nanopartikel tragen zur Entwicklung umweltfreundlicherer Produkte bei. Dar\u00fcber hinaus reduzieren sie den Abfall, verbessern die Energieeffizienz und verringern den Einsatz gef\u00e4hrlicher Materialien.<\/p>\n\n\n\n<p>Es gibt gute Gr\u00fcnde, in Nanotechnologie zu investieren. Unternehmen, die Nanopartikel in ihren Produkten verwenden, k\u00f6nnen sich einen Wettbewerbsvorteil verschaffen. Sie k\u00f6nnen Produkte mit besserer Leistung zu geringeren Kosten anbieten. Die Verbraucher k\u00f6nnten diese Unternehmen auch als umweltfreundlicher wahrnehmen als ihre Konkurrenten.<\/p>\n\n\n\n<h2 class=\"wp-block-heading\">Schl\u00fcsselfaktoren f\u00fcr den Erfolg<\/h2>\n\n\n\n<p>F\u00fcr Unternehmen, die sich mit der Entwicklung von Nanopartikeln besch\u00e4ftigen, gibt es mehrere entscheidende Erfolgsfaktoren. Diese Faktoren gelten auch f\u00fcr Unternehmen, die an deren Herstellung und Vermarktung beteiligt sind. Zu diesen Faktoren geh\u00f6ren unter anderem:<\/p>\n\n\n\n<h3 class=\"wp-block-heading\">Forschung und Entwicklung<\/h3>\n\n\n\n<p>Businesses need to invest in R&amp;D to stay up-to-date with the latest advances in nanotechnology. They also need to develop new <a href=\"https:\/\/www.sisinternational.com\/de\/sachverstand\/lebenslaufe\/marktforschung-fur-korperpflegeprodukte\/\" title=\"Marktforschung f\u00fcr K\u00f6rperpflegeprodukte\"  data-wpil-monitor-id=\"9996\">products and applications that meet market<\/a> needs.<\/p>\n\n\n\n<h3 class=\"wp-block-heading\">Zusammenarbeit<\/h3>\n\n\n\n<p>Unternehmen m\u00fcssen mit akademischen Einrichtungen und Forschungseinrichtungen zusammenarbeiten. Sie sollten auch mit anderen Unternehmen und Branchenteilnehmern zusammenarbeiten. Durch die Zusammenarbeit k\u00f6nnen Unternehmen \u00fcber die neuesten Entwicklungen in der Nanotechnologie auf dem Laufenden bleiben. Sie kann auch zu neuen Partnerschaften und Allianzen f\u00fchren.<\/p>\n\n\n\n<h3 class=\"wp-block-heading\">Qualit\u00e4tskontrolle<\/h3>\n\n\n\n<p>Die Qualit\u00e4tskontrolle ist entscheidend, um eine gleichbleibende Produktion von Nanopartikeln zu gew\u00e4hrleisten. Sie erm\u00f6glicht es ihnen auch, die erforderlichen Spezifikationen zu erf\u00fcllen. Unternehmen m\u00fcssen strenge Qualit\u00e4tskontrollprozesse und -systeme einf\u00fchren. Diese Systeme gew\u00e4hrleisten die Qualit\u00e4t und Sicherheit ihrer Produkte.<\/p>\n\n\n\n<h3 class=\"wp-block-heading\">Einhaltung gesetzlicher Vorschriften<\/h3>\n\n\n\n<p>Ein weiterer Erfolgsfaktor ist die Einhaltung gesetzlicher Vorschriften. Nanopartikel unterliegen unterschiedlichen Vorschriften und Normen. Dies h\u00e4ngt von der Branche und der Anwendung ab. Unternehmen m\u00fcssen \u00fcber die relevanten Regeln und Normen informiert bleiben. Auf diese Weise k\u00f6nnen sie sicherstellen, dass sie die Vorschriften einhalten.<\/p>\n\n\n\n<h3 class=\"wp-block-heading\">Geistiges Eigentum<\/h3>\n\n\n\n<p>Der Schutz des geistigen Eigentums ist f\u00fcr Unternehmen, die Nanopartikel entwickeln und vermarkten, von entscheidender Bedeutung. Unternehmen m\u00fcssen Strategien zum Schutz ihres geistigen Eigentums entwickeln. Sie k\u00f6nnen beispielsweise Patente und Marken anmelden. Sie m\u00fcssen auch potenzielle Verletzungsrisiken managen.<\/p>\n\n\n\n<h3 class=\"wp-block-heading\">Nachhaltigkeit<\/h3>\n\n\n\n<p>Unternehmen m\u00fcssen die \u00f6kologischen und sozialen Auswirkungen ihrer Nanopartikelprodukte ber\u00fccksichtigen. Sie m\u00fcssen ihre Prozesse \u00fcberpr\u00fcfen und nachhaltige Praktiken implementieren, um diese Auswirkungen zu verringern.<\/p>\n\n\n\n<h3 class=\"wp-block-heading\">Marktbewusstsein<\/h3>\n\n\n\n<p>Businesses need to understand the <a href=\"https:\/\/www.sisinternational.com\/de\/losungen\/strategieberatung\/marktforschung-fur-minimal-funktionsfahige-produkte\/\" title=\"Marktforschung f\u00fcr minimal funktionsf\u00e4hige Produkte\"  data-wpil-monitor-id=\"9998\">market demand for their nanoparticle products<\/a>. They also need to know the competitive landscape. They need to identify and respond to emerging trends and changing customer needs.<\/p>\n\n\n\n<p>Unternehmen m\u00fcssen diese kritischen Erfolgsfaktoren managen. Auf diese Weise werden sie wahrscheinlich erfolgreicher sein. Sie werden bei der Entwicklung, Herstellung und Vermarktung von Nanopartikeln erfolgreich sein.<\/p>\n\n\n\n<h2 class=\"wp-block-heading\">\u00dcber Nanoparticles Market Research<\/h2>\n\n\n\n<p><a href=\"https:\/\/www.sisinternational.com\/de\/kontaktieren-sie-sis-international-market-research\/\" title=\"Kontaktiere uns\"  data-wpil-monitor-id=\"9982\">SIS International Forschung<\/a> is a provider of Qualitative and Quantitative Market Research solutions. We offer fact-based <a href=\"https:\/\/www.sisinternational.com\/de\/sachverstand\/branchen\/marktforschung-smartphones-neue-mobile-gerate\/\" title=\"Smartphone-Marktforschung\"  data-wpil-monitor-id=\"3260\">Marktchancenforschung<\/a> to consultants, business leaders, and strategy professionals.<\/p>\n\n\n\n<p>Businesses need our <a href=\"https:\/\/www.sisinternational.com\/de\/abdeckung\/die-amerikaner\/marktforschung-in-lateinamerika-2\/marktforschung-rio-de-janeiro\/\" title=\"Marktforschung in Rio de Janeiro\"  data-wpil-monitor-id=\"3286\">Markteintrittsforschung<\/a> reports to evolve, grow, and mature. We offer real-time <a href=\"https:\/\/www.sisinternational.com\/de\/b2b-market-research-strategies-and-techniques\/\" title=\"B2B Market Research Strategies and Techniques\"  data-wpil-monitor-id=\"9989\">Strategie Marktforschung<\/a> methods. We also track nanoparticles and other high-growth niche products aligning with your aims. Our detailed<\/p>\n\n\n\n<p>Wettbewerbsanalysen liefern Erkenntnisse f\u00fcr die richtigen Entscheidungen.<\/p>\n\n\n\n<p>Does your <a href=\"https:\/\/www.sisinternational.com\/de\/sachverstand\/branchen\/auftragsforschungsinstitute-marktforschung\/\" title=\"Auftragsforschungsinstitute Marktforschung\"  data-wpil-monitor-id=\"10000\">organization need a Go to Market<\/a> Strategy? We offer <a href=\"https:\/\/www.sisinternational.com\/de\/losungen\/fintech-strategieberatung-forschung\/\" title=\"FinTech Strategieberatung &amp; Marktforschung\"  data-wpil-monitor-id=\"9993\">Strategie Marktforschung<\/a>. We also offer UX <a href=\"https:\/\/www.sisinternational.com\/de\/losungen\/fokusgruppen-marktforschung\/\" title=\"Fokusgruppe Marktforschung\"  data-wpil-monitor-id=\"9986\">Market Research and can provide Focus Groups<\/a> and conduct Surveys and Interviews for your business. Contact us today for a consultation!<\/p>","protected":false},"excerpt":{"rendered":"<p>Nanopartikel sind winzige Partikel aus verschiedenen Materialien, darunter Metalle, Keramik, Polymere und kohlenstoffbasierte Substanzen.<\/p>","protected":false},"author":1,"featured_media":64074,"parent":14514,"menu_order":212,"comment_status":"closed","ping_status":"closed","template":"","meta":{"footnotes":""},"class_list":["post-41863","page","type-page","status-publish","has-post-thumbnail"],"_links":{"self":[{"href":"https:\/\/www.sisinternational.com\/de\/wp-json\/wp\/v2\/pages\/41863","targetHints":{"allow":["GET"]}}],"collection":[{"href":"https:\/\/www.sisinternational.com\/de\/wp-json\/wp\/v2\/pages"}],"about":[{"href":"https:\/\/www.sisinternational.com\/de\/wp-json\/wp\/v2\/types\/page"}],"author":[{"embeddable":true,"href":"https:\/\/www.sisinternational.com\/de\/wp-json\/wp\/v2\/users\/1"}],"replies":[{"embeddable":true,"href":"https:\/\/www.sisinternational.com\/de\/wp-json\/wp\/v2\/comments?post=41863"}],"version-history":[{"count":6,"href":"https:\/\/www.sisinternational.com\/de\/wp-json\/wp\/v2\/pages\/41863\/revisions"}],"predecessor-version":[{"id":81654,"href":"https:\/\/www.sisinternational.com\/de\/wp-json\/wp\/v2\/pages\/41863\/revisions\/81654"}],"up":[{"embeddable":true,"href":"https:\/\/www.sisinternational.com\/de\/wp-json\/wp\/v2\/pages\/14514"}],"wp:featuredmedia":[{"embeddable":true,"href":"https:\/\/www.sisinternational.com\/de\/wp-json\/wp\/v2\/media\/64074"}],"wp:attachment":[{"href":"https:\/\/www.sisinternational.com\/de\/wp-json\/wp\/v2\/media?parent=41863"}],"curies":[{"name":"wp","href":"https:\/\/api.w.org\/{rel}","templated":true}]}}