{"id":41839,"date":"2023-03-17T18:38:42","date_gmt":"2023-03-17T22:38:42","guid":{"rendered":"https:\/\/www.sisinternational.com\/?page_id=41839"},"modified":"2025-10-22T00:10:33","modified_gmt":"2025-10-22T04:10:33","slug":"heatmap-marktforschung","status":"publish","type":"page","link":"https:\/\/www.sisinternational.com\/de\/sachverstand\/heatmap-marktforschung\/","title":{"rendered":"Heatmap-Marktforschung"},"content":{"rendered":"<h1 class=\"wp-block-heading\">Heatmap-Marktforschung<\/h1>\n\n\n\n<figure class=\"gb-block-image gb-block-image-5d3a09e3\"><img loading=\"lazy\" decoding=\"async\" width=\"1456\" height=\"816\" class=\"gb-image gb-image-5d3a09e3\" src=\"https:\/\/www.sisinternational.com\/wp-content\/uploads\/2025\/08\/Heatamp-2.jpg\" alt=\"SIS International Marktforschung &amp; Strategie\" title=\"Heatamp (2)\" srcset=\"https:\/\/www.sisinternational.com\/wp-content\/uploads\/2025\/08\/Heatamp-2.jpg 1456w, https:\/\/www.sisinternational.com\/wp-content\/uploads\/2025\/08\/Heatamp-2-300x168.jpg 300w, https:\/\/www.sisinternational.com\/wp-content\/uploads\/2025\/08\/Heatamp-2-1024x574.jpg 1024w, https:\/\/www.sisinternational.com\/wp-content\/uploads\/2025\/08\/Heatamp-2-768x430.jpg 768w, https:\/\/www.sisinternational.com\/wp-content\/uploads\/2025\/08\/Heatamp-2-18x10.jpg 18w\" sizes=\"auto, (max-width: 1456px) 100vw, 1456px\"><\/figure>\n\n\n\n<p><\/p>\n\n\n\n<p>Durch die Marktforschung mit Heatmaps k\u00f6nnen Unternehmen wertvolle Einblicke in das Verhalten und die Vorlieben ihrer Kunden gewinnen. Dieses Tool ist besonders n\u00fctzlich, wenn es um die \u00dcberwachung von Website-Design, Benutzererfahrung und Marketingkampagnen geht.<\/p>\n\n\n\n<p>Durch das Verst\u00e4ndnis der potenziellen Anwendungen k\u00f6nnen Unternehmen ihre Kundenbasis besser verstehen und fundierte Entscheidungen treffen, die Wachstum und Erfolg f\u00f6rdern.<\/p>\n\n\n\n<h2 class=\"wp-block-heading\">Was ist Heatmap-Marktforschung?<\/h2>\n\n\n\n<p>Heat map market research is an innovative approach to understand consumer behavior and preferences. It utilizes visual depictions of data to uncover what consumers are truly paying attention to. It does this by showcasing the information in such a way that it highlights areas with high or low engagement, helping companies analyze user experience, website design as <a href=\"https:\/\/www.sisinternational.com\/de\/losungen\/marktforschung-fur-schonheitsprodukte\/babyboomer-wellness-marktforschung\/\" title=\"Baby-Boomer-Wellness-Marktforschung\"  data-wpil-monitor-id=\"8587\">well as marketing<\/a> campaigns and product development.<\/p>\n\n\n\n<p>Furthermore, it provides valuable insights into consumer behavior because by examining the data produced by heat maps, businesses can recognize patterns in customer conduct that will inform strategic decisions towards <a href=\"https:\/\/www.sisinternational.com\/de\/losungen\/strategieberatung\/produkthaftung-marktforschung-strategieberatung\/\" title=\"Produkthaftung Marktforschung und Strategieberatung\"  data-wpil-monitor-id=\"8585\">product development and marketing strategies<\/a>.<\/p>\n\n\n\n<h2 class=\"wp-block-heading\">Arten der Heatmap-Marktforschung<\/h2>\n\n\n\n<p>There are different types of heat <a href=\"https:\/\/www.sisinternational.com\/de\/losungen\/strategieberatung\/opportunity-mapping-marktforschung\/\" title=\"Opportunity Mapping Marktforschung\"  data-wpil-monitor-id=\"8581\">maps used in market research<\/a>, such as eye-tracking heat maps, click heat maps, scroll heat maps, attention heat maps, engagement heat maps, and emotion heat maps. From its sophisticated technology to a distinctive methodology, each heat map generates and displays data in an attractive visual format. For instance:<\/p>\n\n\n\n<ul class=\"wp-block-list\">\n<li><strong>Klicken Sie auf Heatmaps:<\/strong> Durch Klick-Heatmaps l\u00e4sst sich das Nutzerverhalten auf Websites und Apps leichter verfolgen. Durch Farbcodierung, die anzeigt, wo die meisten Klicks oder Klicks stattfinden, l\u00e4sst sich leicht herausfinden, in welchen Bereichen die Nutzer aktiv sind oder welche Teile potenzielle Probleme aufweisen.<\/li>\n\n\n\n<li><strong>Scrollen Sie durch Heatmaps:<\/strong> Mithilfe von Scroll-Heatmapping k\u00f6nnen Unternehmen beobachten, wie weit Besucher auf der Seite nach unten scrollen und feststellen, welche Teile sie am fesselndsten finden. Auf diese Weise k\u00f6nnen sie vermeiden, dass Elemente unbemerkt bleiben oder ignoriert werden.<\/li>\n\n\n\n<li><strong>Eye-Tracking-Heatmaps:<\/strong> Mithilfe von Eye-Tracking-Heatmaps k\u00f6nnen Unternehmen \u00fcberwachen, wohin Benutzer auf einer Webseite blicken. So k\u00f6nnen sie Bereiche identifizieren, die die meiste Aufmerksamkeit auf sich ziehen, und effizientere Website-Designs erstellen. Mit diesen aufschlussreichen Einblicken in das Nutzerverhalten k\u00f6nnen Unternehmen sicherstellen, dass Ihre Website das maximale Engagement ihrer Besucher hervorruft.<\/li>\n\n\n\n<li><strong>Heatmaps zur Mausverfolgung:<\/strong> Diese Form der Heatmap zeichnet die Bewegungen des Mauszeigers auf, w\u00e4hrend Benutzer eine Webseite besuchen. Anschlie\u00dfend werden diese Daten zur Erstellung visueller Darstellungen verwendet, die zeigen, welche Bereiche die meiste Aufmerksamkeit auf sich ziehen.<\/li>\n<\/ul>\n\n\n\n<h2 class=\"wp-block-heading\">Vorteile der Heatmap-Marktforschung<\/h2>\n\n\n\n<figure class=\"gb-block-image gb-block-image-08de3c36\"><img loading=\"lazy\" decoding=\"async\" width=\"1456\" height=\"816\" class=\"gb-image gb-image-08de3c36\" src=\"https:\/\/www.sisinternational.com\/wp-content\/uploads\/2025\/08\/Heatamp-4.jpg\" alt=\"SIS International Marktforschung &amp; Strategie\" title=\"Heatamp (4)\" srcset=\"https:\/\/www.sisinternational.com\/wp-content\/uploads\/2025\/08\/Heatamp-4.jpg 1456w, https:\/\/www.sisinternational.com\/wp-content\/uploads\/2025\/08\/Heatamp-4-300x168.jpg 300w, https:\/\/www.sisinternational.com\/wp-content\/uploads\/2025\/08\/Heatamp-4-1024x574.jpg 1024w, https:\/\/www.sisinternational.com\/wp-content\/uploads\/2025\/08\/Heatamp-4-768x430.jpg 768w, https:\/\/www.sisinternational.com\/wp-content\/uploads\/2025\/08\/Heatamp-4-18x10.jpg 18w\" sizes=\"auto, (max-width: 1456px) 100vw, 1456px\"><\/figure>\n\n\n\n<p>Heatmaps bieten eine leicht verst\u00e4ndliche, grafische Darstellung von Daten. Sie sind selbst f\u00fcr Personen ohne analytisches Fachwissen leicht verst\u00e4ndlich.<\/p>\n\n\n\n<p>Mithilfe von Heatmaps in der Marktforschung k\u00f6nnen Unternehmen die W\u00fcnsche ihrer Kunden umfassend verstehen und wichtige Elemente ihrer Webseiten darstellen.<\/p>\n\n\n\n<p>Mit Heatmaps k\u00f6nnen Unternehmen schnell nachvollziehen, wie Besucher mit ihren Webseiten oder ganzen Marketingkampagnen interagieren. Dieses unmittelbare Feedback erm\u00f6glicht es ihnen, das Benutzererlebnis und die Interaktion anzupassen, um die Ergebnisse zu maximieren.<\/p>\n\n\n\n<p>Die Heatmap-Marktforschung ist im Vergleich zu den kostspieligeren herk\u00f6mmlichen Methoden wie Umfragen und Fokusgruppen eine kosteng\u00fcnstige M\u00f6glichkeit, Einblicke in das Kundenverhalten und die Kundenpr\u00e4ferenzen zu gewinnen.<\/p>\n\n\n\n<p>Durch die Nutzung von Heatmaps k\u00f6nnen Unternehmen unwiderlegbare Beweise f\u00fcr das Benutzerverhalten erhalten und jegliche potenzielle Voreingenommenheit oder Subjektivit\u00e4t beseitigen, die traditionell bei anderen Forschungsmethoden auftritt.<\/p>\n\n\n\n<h2 class=\"wp-block-heading\">Einschr\u00e4nkungen der Heatmap-Marktforschung<\/h2>\n\n\n\n<ul class=\"wp-block-list\">\n<li>Heat maps offer a wealth of data about user behavior. However, without taking into account the reasons for certain usage patterns, businesses may struggle to use heat map information effectively. Further research on <a href=\"https:\/\/www.sisinternational.com\/de\/verbraucheranalyse-hypothetische-fallstudie-von-eharmony\/\" title=\"Verbraucheranalyse: Hypothetische Fallstudie von eHarmony\"  data-wpil-monitor-id=\"8574\">Verbraucher<\/a> inclinations and motivations could enable them to gain an even deeper understanding of their analytics to make more informed decisions.<\/li>\n\n\n\n<li>Begrenzte Stichprobengr\u00f6\u00dfen erschweren h\u00e4ufig die Heatmap-Forschung und schr\u00e4nken die Generalisierbarkeit der gemachten Beobachtungen ein. Folglich kann dies die N\u00fctzlichkeit der durch die Verwendung von Heatmaps gewonnenen Erkenntnisse einschr\u00e4nken.<\/li>\n\n\n\n<li>Heatmaps \u00fcberwachen das Online-Verhalten von Benutzern effektiv. Sie geben jedoch keinen Aufschluss \u00fcber die Gewohnheiten oder Vorlieben derjenigen, die offline sind.<\/li>\n\n\n\n<li>Heat maps are determined by <a href=\"https:\/\/www.sisinternational.com\/de\/abdeckung\/europa\/marktforschung-liverpool-grosbritannien\/\" title=\"Marktforschung in Liverpool | Fokusgruppen und Datenerfassung in Gro\u00dfbritannien\"  data-wpil-monitor-id=\"8583\">data collected from particular user groups<\/a>, making them susceptible to the potential of sampling or response bias.<\/li>\n<\/ul>\n\n\n\n<h2 class=\"wp-block-heading\">Aktuelle Trends der Heatmap-Marktforschung<\/h2>\n\n\n\n<p>Die Marktforschungsbranche f\u00fcr Heatmaps befindet sich in einem Zustand kontinuierlichen Wachstums, angetrieben durch Spitzentechnologie und ver\u00e4nderte Verbrauchergewohnheiten. Hier sind einige aktuelle Trends, die in diesem Sektor hervorstechen:<\/p>\n\n\n\n<ul class=\"wp-block-list\">\n<li>Da sich benutzerzentriertes Design und die Bedeutung der Benutzererfahrung immer weiter entwickeln, reagiert die Heatmap-Marktforschungsbranche darauf, indem sie dem Verst\u00e4ndnis von Kundenverhalten und -pr\u00e4ferenzen mehr Bedeutung beimisst. Heatmaps werden zunehmend eingesetzt, um zu beurteilen, wie Benutzer mit Websites, mobilen Apps und anderen digitalen Plattformen interagieren, um zu ermitteln, welche Bereiche verbessert werden m\u00fcssen.<\/li>\n\n\n\n<li>Durch die Integration von Heatmaps und anderen Datenanalysetools wie Umfragen, Clickstream-Daten und Benutzertests k\u00f6nnen Unternehmen eine umfassendere Auswertung der Kundenpr\u00e4ferenzen erhalten.<\/li>\n\n\n\n<li>Mithilfe von Heatmaps l\u00e4sst sich ermitteln, wie Benutzer mit der Benutzeroberfl\u00e4che interagieren. So lassen sich Verbesserungsbereiche identifizieren und ein au\u00dfergew\u00f6hnliches Benutzererlebnis gew\u00e4hrleisten. Solche durch Heatmaps gesammelten Informationen helfen Ladenbesitzern dabei, die effektivsten Strategien f\u00fcr Produktplatzierung und Designlayout f\u00fcr ihre Gesch\u00e4fte zu bestimmen.<\/li>\n<\/ul>\n\n\n\n<h2 class=\"wp-block-heading\">Zukunftsaussichten der Heatmap-Marktforschung<\/h2>\n\n\n\n<p>As technology continues to evolve, the future of heat map market research is promising. Here are a few potential prospects on the horizon for using heat map <a href=\"https:\/\/www.sisinternational.com\/de\/sachverstand\/branchen\/lebensmittel-und-getranketechnologie-marktforschung-lebensmitteltechnologie\/\" title=\"Marktforschung f\u00fcr Lebensmittel- und Getr\u00e4nketechnologie | Food Tech\"  data-wpil-monitor-id=\"8579\">technology in market research<\/a>:<\/p>\n\n\n\n<ul class=\"wp-block-list\">\n<li>Durch die Nutzung k\u00fcnstlicher Intelligenz und maschinellen Lernens zur Analyse von Heatmap-Daten k\u00f6nnen Unternehmen wertvolle Erkenntnisse \u00fcber Kundengewohnheiten und -entscheidungen gewinnen. Diese hilfreichen Informationen k\u00f6nnen dann zur Optimierung des Website-Designs, zur Durchf\u00fchrung effektiverer Marketingkampagnen und zur Entwicklung besserer Produkte f\u00fcr Kunden verwendet werden. Beispielsweise k\u00f6nnen Algorithmen des maschinellen Lernens verwendet werden, um Heatmap-Daten zu untersuchen und Muster zu erkennen, die f\u00fcr menschliche Analysten bei der ersten Untersuchung m\u00f6glicherweise nicht erkennbar sind.<\/li>\n\n\n\n<li>Die Heatmap-Marktforschung liefert Echtzeitdaten, die es Unternehmen erm\u00f6glichen, bessere Entscheidungen zu treffen und rasch auf sich rasch ver\u00e4ndernde M\u00e4rkte zu reagieren.<\/li>\n\n\n\n<li>Mit dem technologischen Fortschritt werden Heatmaps immer ausgefeilter und optisch ansprechender, beispielsweise durch die Einbindung von 3D-Bildern, Animationssequenzen und interaktiven Komponenten.<\/li>\n<\/ul>\n\n\n\n<p>SIS International offers Quantitative, Qualitative, and Strategy Research. We provide data, tools, strategies, reports and insights for decision-making. We conduct interviews, surveys, <a href=\"https:\/\/www.sisinternational.com\/de\/losungen\/fokusgruppen-marktforschung\/\" title=\"Fokusgruppe Marktforschung\"  data-wpil-monitor-id=\"8576\">focus groups and many other Market Research<\/a> methods and approaches. Contact us for your <a href=\"https:\/\/www.sisinternational.com\/de\/sachverstand\/branchen\/marktforschung-zu-technologien-der-nachsten-generation\/\" title=\"Marktforschung zu Technologien der n\u00e4chsten Generation\"  data-wpil-monitor-id=\"8577\">next Market Research<\/a> Projekt.<\/p>","protected":false},"excerpt":{"rendered":"<p>Ein Heatmap-Tool ist besonders vorteilhaft bei der \u00dcberwachung von Website-Design, Benutzererfahrung und Marketingkampagnen.<\/p>","protected":false},"author":1,"featured_media":63697,"parent":14514,"menu_order":208,"comment_status":"closed","ping_status":"closed","template":"","meta":{"footnotes":""},"class_list":["post-41839","page","type-page","status-publish","has-post-thumbnail"],"_links":{"self":[{"href":"https:\/\/www.sisinternational.com\/de\/wp-json\/wp\/v2\/pages\/41839","targetHints":{"allow":["GET"]}}],"collection":[{"href":"https:\/\/www.sisinternational.com\/de\/wp-json\/wp\/v2\/pages"}],"about":[{"href":"https:\/\/www.sisinternational.com\/de\/wp-json\/wp\/v2\/types\/page"}],"author":[{"embeddable":true,"href":"https:\/\/www.sisinternational.com\/de\/wp-json\/wp\/v2\/users\/1"}],"replies":[{"embeddable":true,"href":"https:\/\/www.sisinternational.com\/de\/wp-json\/wp\/v2\/comments?post=41839"}],"version-history":[{"count":4,"href":"https:\/\/www.sisinternational.com\/de\/wp-json\/wp\/v2\/pages\/41839\/revisions"}],"predecessor-version":[{"id":81439,"href":"https:\/\/www.sisinternational.com\/de\/wp-json\/wp\/v2\/pages\/41839\/revisions\/81439"}],"up":[{"embeddable":true,"href":"https:\/\/www.sisinternational.com\/de\/wp-json\/wp\/v2\/pages\/14514"}],"wp:featuredmedia":[{"embeddable":true,"href":"https:\/\/www.sisinternational.com\/de\/wp-json\/wp\/v2\/media\/63697"}],"wp:attachment":[{"href":"https:\/\/www.sisinternational.com\/de\/wp-json\/wp\/v2\/media?parent=41839"}],"curies":[{"name":"wp","href":"https:\/\/api.w.org\/{rel}","templated":true}]}}