{"id":41834,"date":"2023-03-17T18:13:46","date_gmt":"2023-03-17T22:13:46","guid":{"rendered":"https:\/\/www.sisinternational.com\/?page_id=41834"},"modified":"2026-01-24T21:18:07","modified_gmt":"2026-01-25T02:18:07","slug":"marktforschung-zu-umweltfreundlichen-baumaterialien","status":"publish","type":"page","link":"https:\/\/www.sisinternational.com\/de\/sachverstand\/marktforschung-zu-umweltfreundlichen-baumaterialien\/","title":{"rendered":"Marktforschung zu umweltfreundlichen Baumaterialien"},"content":{"rendered":"<h1 class=\"wp-block-heading\">Marktforschung zu umweltfreundlichen Baumaterialien<\/h1>\n\n\n\n<figure class=\"gb-block-image gb-block-image-a0f737f5\"><img loading=\"lazy\" decoding=\"async\" width=\"1456\" height=\"816\" class=\"gb-image gb-image-a0f737f5\" src=\"https:\/\/www.sisinternational.com\/wp-content\/uploads\/2025\/10\/Green-building-3.jpg\" alt=\"SIS International Marktforschung &amp; Strategie\" title=\"Green building (3)\" srcset=\"https:\/\/www.sisinternational.com\/wp-content\/uploads\/2025\/10\/Green-building-3.jpg 1456w, https:\/\/www.sisinternational.com\/wp-content\/uploads\/2025\/10\/Green-building-3-300x168.jpg 300w, https:\/\/www.sisinternational.com\/wp-content\/uploads\/2025\/10\/Green-building-3-1024x574.jpg 1024w, https:\/\/www.sisinternational.com\/wp-content\/uploads\/2025\/10\/Green-building-3-768x430.jpg 768w, https:\/\/www.sisinternational.com\/wp-content\/uploads\/2025\/10\/Green-building-3-18x10.jpg 18w\" sizes=\"auto, (max-width: 1456px) 100vw, 1456px\"><\/figure>\n\n\n\n<p><\/p>\n\n\n\n<p>Gr\u00fcne Baustoffe sind nachhaltig, umweltfreundlich und energieeffizient. Mit diesen Materialien bauen wir Geb\u00e4ude mit minimaler Umweltbelastung. Sie senken den Energieverbrauch und f\u00f6rdern ein gesundes Leben. Gr\u00fcne Baustoffe werden aus nachwachsenden Rohstoffen oder recycelten Materialien hergestellt. Sie sind langlebig und wartungsarm.<\/p>\n\n\n\n<h2 class=\"wp-block-heading\">Beispiele f\u00fcr umweltfreundliche Baumaterialien sind:<\/h2>\n\n\n\n<ol class=\"wp-block-list\">\n<li>Holz: aus zertifizierten W\u00e4ldern geerntet<\/li>\n\n\n\n<li>Bambus: nachwachsender Rohstoff, der Holz im Bauwesen ersetzen kann<\/li>\n\n\n\n<li>Recycelter Stahl: Hergestellt aus recycelten Materialien mit geringerem CO2-Fu\u00dfabdruck<\/li>\n\n\n\n<li>Recycling-Kunststoff: Kunststoff aus wiederverwerteten Materialien wie PET-Flaschen<\/li>\n\n\n\n<li>Nat\u00fcrliche Isolierung: aus Materialien wie Wolle, Baumwolle und Zellulose<\/li>\n\n\n\n<li>Emissionsarme Bodenbel\u00e4ge: hergestellt aus Materialien mit geringem Gehalt an fl\u00fcchtigen organischen Verbindungen (VOC). Beispiele sind Bambus, Kork und Linoleum.<\/li>\n\n\n\n<li>Solarmodule: Solarmodule, die erneuerbare Energie erzeugen und den Energieverbrauch senken<\/li>\n\n\n\n<li>Wassersparende Armaturen, die den Wasserverbrauch reduzieren, wie etwa wassersparende Toiletten, Duschk\u00f6pfe und Wasserh\u00e4hne.<\/li>\n<\/ol>\n\n\n\n<p>Die Verwendung umweltfreundlicher Baumaterialien ist f\u00fcr die Schaffung nachhaltiger, energieeffizienter Geb\u00e4ude unerl\u00e4sslich. Ein weiterer Vorteil dieser Materialien besteht darin, dass sie Ihre Auswirkungen auf die Umwelt minimal halten.<\/p>\n\n\n\n<h2 class=\"wp-block-heading\">Warum sind umweltfreundliche Baumaterialien wichtig?<\/h2>\n\n\n\n<figure class=\"gb-block-image gb-block-image-1280df73\"><img loading=\"lazy\" decoding=\"async\" width=\"1456\" height=\"816\" class=\"gb-image gb-image-1280df73\" src=\"https:\/\/www.sisinternational.com\/wp-content\/uploads\/2025\/10\/Green-building-2.jpg\" alt=\"SIS International Marktforschung &amp; Strategie\" title=\"Green building (2)\" srcset=\"https:\/\/www.sisinternational.com\/wp-content\/uploads\/2025\/10\/Green-building-2.jpg 1456w, https:\/\/www.sisinternational.com\/wp-content\/uploads\/2025\/10\/Green-building-2-300x168.jpg 300w, https:\/\/www.sisinternational.com\/wp-content\/uploads\/2025\/10\/Green-building-2-1024x574.jpg 1024w, https:\/\/www.sisinternational.com\/wp-content\/uploads\/2025\/10\/Green-building-2-768x430.jpg 768w, https:\/\/www.sisinternational.com\/wp-content\/uploads\/2025\/10\/Green-building-2-18x10.jpg 18w\" sizes=\"auto, (max-width: 1456px) 100vw, 1456px\"><\/figure>\n\n\n\n<p><\/p>\n\n\n\n<p>Green building materials are essential. They help to create <a href=\"https:\/\/www.sisinternational.com\/de\/losungen\/ai-marktforschung-und-strategieberatung\/umwelt-nachhaltigkeit-automatisierung-kunstliche-intelligenz-beratung\/\" title=\"Umwelt &amp; Nachhaltigkeit Automatisierung und K\u00fcnstliche Intelligenz Beratung\"  data-wpil-monitor-id=\"10004\">sustainable<\/a> buildings that are easy on the environment. They are also healthier for occupants. Here are some more of the critical reasons why green building materials are essential:<\/p>\n\n\n\n<p>Gr\u00fcne Baumaterialien sind nachhaltig und haben nur minimale Auswirkungen auf die Umwelt. Sie werden h\u00e4ufig aus erneuerbaren, recycelten oder nat\u00fcrlichen Ressourcen hergestellt.<\/p>\n\n\n\n<p>Unternehmen m\u00fcssen sie auf umweltvertr\u00e4gliche Weise ernten. Dieser Prozess tr\u00e4gt dazu bei, Abfall zu reduzieren, nat\u00fcrliche Ressourcen zu schonen und die Umweltverschmutzung zu verringern.<br>Ein weiterer wichtiger Punkt ist, dass viele umweltfreundliche Baumaterialien energieeffizient sind. Tats\u00e4chlich tragen sie dazu bei, den Energieverbrauch zu senken und den CO2-Fu\u00dfabdruck von Geb\u00e4uden zu verringern. Solarmodule k\u00f6nnen beispielsweise erneuerbare Energie erzeugen. Eine Isolierung aus nat\u00fcrlichen Materialien kann die Heiz- und K\u00fchlkosten zus\u00e4tzlich senken.<\/p>\n\n\n\n<p>Gr\u00fcne Baumaterialien k\u00f6nnen zu einem ges\u00fcnderen Wohnumfeld beitragen. Sie werden h\u00e4ufig aus ungiftigen Materialien hergestellt. Mit anderen Worten: Diese Materialien setzen weniger sch\u00e4dliche Chemikalien in die Luft frei. Diese Eigenschaft kann die Luftqualit\u00e4t in Innenr\u00e4umen verbessern. Au\u00dferdem verringert sie das Risiko gesundheitlicher Probleme, die mit schlechter Luftqualit\u00e4t in Innenr\u00e4umen verbunden sind.<\/p>\n\n\n\n<p>Zwar sind umweltfreundliche Baumaterialien zun\u00e4chst teurer, doch auf lange Sicht k\u00f6nnen sie Geld sparen. Energieeffiziente Materialien k\u00f6nnen beispielsweise dazu beitragen, die Stromrechnung zu senken. Langlebige Materialien k\u00f6nnen im Laufe der Zeit die Wartungskosten senken.<\/p>\n\n\n\n<p>The use of green building materials can benefit property owners. It allows their structures to achieve green building certification. For example, they can become compliant with LEED (Leadership in Energy and Environmental Design). Furthermore, green building certification can increase <a href=\"https:\/\/www.sisinternational.com\/de\/losungen\/sis-globales-wachstum\/internationale-forschung-zum-geistigen-eigentum\/\" title=\"Marktforschung zum geistigen Eigentum\"  data-wpil-monitor-id=\"9991\">property value and improve marketability<\/a>. It also shows a commitment to sustainability.<\/p>\n\n\n\n<p>Kurz gesagt: Die Verwendung umweltfreundlicher Baumaterialien ist unverzichtbar. Sie f\u00f6rdert die Schaffung nachhaltiger, energieeffizienter Geb\u00e4ude mit minimaler Umweltbelastung. Dar\u00fcber hinaus f\u00f6rdert sie ein ges\u00fcnderes Wohnumfeld und Kosteneinsparungen.<\/p>\n\n\n\n<h2 class=\"wp-block-heading\">Wichtige Berufsbezeichnungen<\/h2>\n\n\n\n<figure class=\"gb-block-image gb-block-image-ce97f7ac\"><img loading=\"lazy\" decoding=\"async\" width=\"1456\" height=\"816\" class=\"gb-image gb-image-ce97f7ac\" src=\"https:\/\/www.sisinternational.com\/wp-content\/uploads\/2025\/10\/Green-building-3.jpg\" alt=\"SIS International Marktforschung &amp; Strategie\" title=\"Green building (3)\" srcset=\"https:\/\/www.sisinternational.com\/wp-content\/uploads\/2025\/10\/Green-building-3.jpg 1456w, https:\/\/www.sisinternational.com\/wp-content\/uploads\/2025\/10\/Green-building-3-300x168.jpg 300w, https:\/\/www.sisinternational.com\/wp-content\/uploads\/2025\/10\/Green-building-3-1024x574.jpg 1024w, https:\/\/www.sisinternational.com\/wp-content\/uploads\/2025\/10\/Green-building-3-768x430.jpg 768w, https:\/\/www.sisinternational.com\/wp-content\/uploads\/2025\/10\/Green-building-3-18x10.jpg 18w\" sizes=\"auto, (max-width: 1456px) 100vw, 1456px\"><\/figure>\n\n\n\n<p><\/p>\n\n\n\n<h3 class=\"wp-block-heading\">Hier sind einige wichtige Berufsbezeichnungen im Zusammenhang mit umweltfreundlichen Baumaterialien:<\/h3>\n\n\n\n<ol class=\"wp-block-list\">\n<li><strong>Architekt f\u00fcr nachhaltiges Design:<\/strong> verantwortlich f\u00fcr die Gestaltung nachhaltiger, energieeffizienter und umweltfreundlicher Geb\u00e4ude. Sie arbeiten mit Kunden und Ingenieuren sowie mit Bauunternehmern zusammen. Gemeinsam schaffen sie Strukturen, die den Zertifizierungsstandards f\u00fcr umweltfreundliches Bauen entsprechen.<\/li>\n\n\n\n<li><strong>LEED-akkreditierter Fachmann:<\/strong> LEED ist ein Zertifizierungsprogramm f\u00fcr \u00f6kologisches Bauen. LEED Accredited Professionals (AP) haben die LEED AP-Pr\u00fcfung bestanden. Sie verf\u00fcgen \u00fcber umfassende Kenntnisse der Praktiken, Prinzipien und Standards \u00f6kologischen Bauens.<\/li>\n\n\n\n<li><strong>Berater f\u00fcr \u00f6kologisches Bauen:<\/strong> bieten Kunden Anleitung und Beratung. Sie helfen ihnen bei der Planung, dem Bau und der Instandhaltung nachhaltiger, energieeffizienter Geb\u00e4ude. Der Berater kann Bewertungen bestehender Strukturen vornehmen oder umweltfreundliche Baumaterialien empfehlen. Sie helfen Kunden auch dabei, eine Zertifizierung f\u00fcr umweltfreundliches Bauen zu erhalten.<\/li>\n\n\n\n<li><strong>Nachhaltigkeitskoordinator:<\/strong> verwalten und implementieren Nachhaltigkeitsinitiativen innerhalb von Organisationen. Sie entwickeln beispielsweise Nachhaltigkeitspl\u00e4ne und verfolgen den Energieverbrauch und Ressourcenverbrauch. Au\u00dferdem f\u00f6rdern sie nachhaltige Praktiken.<\/li>\n\n\n\n<li><strong>Umweltingenieur:<\/strong> Stellen Sie sicher, dass Geb\u00e4ude die Umwelt so wenig wie m\u00f6glich belasten. Sie k\u00f6nnen an Projekten zur Wassereinsparung, Abfallbewirtschaftung und Energieeffizienz arbeiten.<\/li>\n\n\n\n<li><strong>Hersteller umweltfreundlicher Baustoffe:<\/strong> stellt umweltfreundliche Baumaterialien her. Sie stellen beispielsweise recycelten Stahl, nat\u00fcrliche Isolierung und emissionsarme Bodenbel\u00e4ge her. Sie arbeiten daran, Materialien zu entwickeln, die nachhaltig und energieeffizient sind. Sie stellen sicher, dass diese Materialien f\u00fcr die Bewohner des Geb\u00e4udes gesund sind.<\/li>\n\n\n\n<li><strong>Energieauditor:<\/strong> Bewerten Sie die Energieeffizienz von Geb\u00e4uden. Sie geben auch Empfehlungen zur Reduzierung des Energieverbrauchs. Sie k\u00f6nnen Einrichtungen inspizieren, Energierechnungen analysieren und energieeffiziente Technologien und Praktiken empfehlen.<\/li>\n<\/ol>\n\n\n\n<p>Dies sind nur einige Berufsbezeichnungen im Zusammenhang mit umweltfreundlichen Baumaterialien. Viele weitere Berufe und Berufsbezeichnungen spielen bei der Schaffung umweltfreundlicher Geb\u00e4ude eine Rolle.<\/p>\n\n\n\n<h2 class=\"wp-block-heading\">Warum Unternehmen umweltfreundliche Baumaterialien ben\u00f6tigen<\/h2>\n\n\n\n<p><a href=\"https:\/\/www.sisinternational.com\/de\/veroffentlichungen\/skalierbare-geschaftsmarktforschung-7-moglichkeiten-zum-aufbau-eines-skalierbaren-geschafts\/\" title=\"Marktforschung f\u00fcr skalierbare Unternehmen: 7 M\u00f6glichkeiten zum Aufbau eines skalierbaren Unternehmens\"  data-wpil-monitor-id=\"10003\">Businesses need green building<\/a> materials for several reasons. Again, cost savings come into play. Green building materials can help companies to save money in the long run. Energy-efficient materials, such as low-emitting insulation and LED lighting, can reduce energy costs. Moreover, durable materials can reduce maintenance costs over time.<\/p>\n\n\n\n<p>Green buildings are becoming more popular among consumers. The modern <a href=\"https:\/\/www.sisinternational.com\/de\/sachverstand\/branchen\/automobilmarktforschung\/welche-bedenken-haben-verbraucher-gegenuber-selbstfahrenden-autos\/\" title=\"What Are Consumers&#8217; Concerns About Self-Driving Cars?\"  data-wpil-monitor-id=\"9999\">consumer tends to show concern<\/a> for the environment. Businesses that use green building materials can differentiate themselves from competitors. For instance, they can appeal to customers who value sustainability.<br>Viele lokale und staatliche Beh\u00f6rden haben Bauvorschriften und -bestimmungen erlassen. Einige dieser Gesetze beziehen sich auf Energieeffizienz und \u00f6kologische Nachhaltigkeit. Unternehmen, die umweltfreundliche Baumaterialien verwenden, k\u00f6nnen diese Vorschriften einhalten und Strafen vermeiden.<\/p>\n\n\n\n<p>Gr\u00fcne Baumaterialien k\u00f6nnen zu einer ges\u00fcnderen Arbeitsumgebung f\u00fcr Mitarbeiter beitragen. So k\u00f6nnen zum Beispiel fl\u00fcchtige organische Verbindungen (VOC)-arme Farbe und nat\u00fcrliche Isolierung die Luftqualit\u00e4t in Innenr\u00e4umen verbessern. Sie k\u00f6nnen auch das Risiko von Gesundheitsproblemen verringern, die mit schlechter Luftqualit\u00e4t in Innenr\u00e4umen verbunden sind.<\/p>\n\n\n\n<h2 class=\"wp-block-heading\">Schl\u00fcsselfaktoren f\u00fcr den Erfolg<\/h2>\n\n\n\n<p>Gr\u00fcne Baumaterialien m\u00fcssen nachhaltig sein und d\u00fcrfen nur minimale Auswirkungen auf die Umwelt haben. Dar\u00fcber hinaus sollten Hersteller erneuerbare Ressourcen oder recycelte Materialien verwenden. Oder sie k\u00f6nnen zumindest nat\u00fcrliche Materialien verwenden, die auf umweltvertr\u00e4gliche Weise gewonnen wurden. Sie sollten au\u00dferdem eine lange Lebensdauer haben und am Ende ihrer Nutzungsdauer leicht zu recyceln oder wiederzuverwenden sein.<\/p>\n\n\n\n<p>Viele umweltfreundliche Baumaterialien sind energieeffizient. Sie tragen dazu bei, den Energieverbrauch zu senken und den CO2-Fu\u00dfabdruck von Geb\u00e4uden zu verringern. Diese Materialien sollten in der Lage sein, Geb\u00e4ude zu isolieren. Auf diese Weise k\u00f6nnen sie den Bedarf an Heizung, K\u00fchlung und Beleuchtung reduzieren.<\/p>\n\n\n\n<p>\u00d6kologische Baumaterialien m\u00fcssen langlebig und witterungsbest\u00e4ndig sein. Sie m\u00fcssen auch Verschlei\u00df und Abnutzung \u00fcber einen langen Zeitraum hinweg widerstehen. Ebenso m\u00fcssen diese Materialien resistent gegen Feuchtigkeit, Sch\u00e4dlinge und Verfall sein. Au\u00dferdem m\u00fcssen sie ihre strukturelle Integrit\u00e4t \u00fcber einen langen Zeitraum hinweg bewahren.<\/p>\n\n\n\n<p>Gr\u00fcne Baumaterialien sind zwar in der Anschaffung teurer, sollten aber \u00fcber ihre gesamte Lebensdauer hinweg kosteneffizient sein. Durch Energieeffizienz sollten sie Geld sparen k\u00f6nnen. Die Nutzer profitieren au\u00dferdem von geringeren Wartungskosten und einer verbesserten Gesundheit und Produktivit\u00e4t der Bewohner.<\/p>\n\n\n\n<h3 class=\"wp-block-heading\">Sicherheit und Nachhaltigkeit<\/h3>\n\n\n\n<figure class=\"gb-block-image gb-block-image-f99fbf88\"><img loading=\"lazy\" decoding=\"async\" width=\"1456\" height=\"816\" class=\"gb-image gb-image-f99fbf88\" src=\"https:\/\/www.sisinternational.com\/wp-content\/uploads\/2025\/10\/Green-building-1.jpg\" alt=\"SIS International Marktforschung &amp; Strategie\" title=\"Green building (1)\" srcset=\"https:\/\/www.sisinternational.com\/wp-content\/uploads\/2025\/10\/Green-building-1.jpg 1456w, https:\/\/www.sisinternational.com\/wp-content\/uploads\/2025\/10\/Green-building-1-300x168.jpg 300w, https:\/\/www.sisinternational.com\/wp-content\/uploads\/2025\/10\/Green-building-1-1024x574.jpg 1024w, https:\/\/www.sisinternational.com\/wp-content\/uploads\/2025\/10\/Green-building-1-768x430.jpg 768w, https:\/\/www.sisinternational.com\/wp-content\/uploads\/2025\/10\/Green-building-1-18x10.jpg 18w\" sizes=\"auto, (max-width: 1456px) 100vw, 1456px\"><\/figure>\n\n\n\n<p><\/p>\n\n\n\n<p>Gr\u00fcne Baumaterialien sollten f\u00fcr die Umwelt und die Bewohner des Geb\u00e4udes sicher sein. Die Hersteller sollten sie aus ungiftigen Materialien herstellen. Diese Materialien sollten keine sch\u00e4dlichen Chemikalien in die Luft abgeben. Sie sollten au\u00dferdem leicht zu pflegen und zu reinigen sein, um die Bildung von Schimmel und anderen Allergenen zu verhindern.<\/p>\n\n\n\n<p>Eine seri\u00f6se Drittorganisation sollte Ihre umweltfreundlichen Baumaterialien zertifizieren. Ein Beispiel f\u00fcr eine solche Organisation ist der Forest Stewardship Council (FSC). Oder Sie k\u00f6nnen die Zertifizierung von Cradle to Cradle (C2C) durchf\u00fchren lassen. Dieser Schritt stellt sicher, dass Ihre Baumaterialien Nachhaltigkeits- und Umweltstandards erf\u00fcllen.<\/p>\n\n\n\n<p>Kurz gesagt, der Erfolg umweltfreundlicher Baumaterialien h\u00e4ngt von ihrer Nachhaltigkeit ab. Sie m\u00fcssen au\u00dferdem energieeffizient, langlebig und kosteng\u00fcnstig sein. Diese Materialien sollten Gesundheits- und Sicherheitsstandards erf\u00fcllen und Sie sollten sie zertifizieren lassen. W\u00e4hlen Sie umweltfreundliche Baumaterialien f\u00fcr Ihre Projekte aus? Ber\u00fccksichtigen Sie diese Faktoren, bevor Sie Ihre endg\u00fcltige Auswahl treffen.<\/p>\n\n\n\n<h2 class=\"wp-block-heading\">\u00dcber die Marktforschung f\u00fcr umweltfreundliche Baumaterialien<\/h2>\n\n\n\n<p>Is your company looking to <a href=\"https:\/\/www.sisinternational.com\/de\/losungen\/strategieberatung\/markteintrittschancenforschung\/die-wirksamkeit-von-produkttests-in-nyc-fur-den-eintritt-in-den-amerikanischen-markt\/\" title=\"Die Wirksamkeit von Produkttests in NYC f\u00fcr den Eintritt in den amerikanischen Markt\"  data-wpil-monitor-id=\"10002\">enter the Green Building Materials market<\/a>? You must conduct Quantitative and Qualitative Market Research in detail. <a href=\"https:\/\/www.sisinternational.com\/de\/sachverstand\/branchen\/konkurrenzanalyse\/\" title=\"Wettbewerbsanalyse\"  data-wpil-monitor-id=\"9995\">Research provides insight into your competitors<\/a>, market, products, and customers. You\u2019ll need to set up Focus Groups coupled with Surveys and Interviews. You\u2019ll also need UX Market Research. It will tell you how your product fits people\u2019s wants, needs, and abilities.<\/p>\n\n\n\n<p><a href=\"https:\/\/www.sisinternational.com\/de\/losungen\/branding-und-kundenforschungslosungen\/produkttests-marktforschung\/sis-internationals-geschmackstest-fur-lebensmittel\/\" title=\"Was SIS International Research zum TOP-Marktforschungsunternehmen f\u00fcr Lebensmittelgeschmackstests in New York City macht\"  data-wpil-monitor-id=\"9987\">SIS International offers all these research<\/a> options. We also provide Strategy <a href=\"https:\/\/www.sisinternational.com\/de\/sachverstand\/branchen\/nanopartikel-marktforschung\/\" title=\"Marktforschung f\u00fcr Nanopartikel\"  data-wpil-monitor-id=\"3313\">Marktforschung<\/a>, Competitive Analysis, and Market Entry Research. SIS does <a href=\"https:\/\/www.sisinternational.com\/de\/sachverstand\/branchen\/suswarenmarktforschung\/\" title=\"S\u00fc\u00dfwarenmarktforschung\"  data-wpil-monitor-id=\"3330\">Marktchancenforschung<\/a> and Market Sizing Research. We can help you <a href=\"https:\/\/www.sisinternational.com\/de\/sachverstand\/branchen\/low-code-entwicklung-marktforschung\/\" title=\"Marktforschung f\u00fcr Low-Code-Entwicklung\"  data-wpil-monitor-id=\"9997\">develop a winning Go to Market<\/a> Strategy. Contact us today for a consultation!<\/p>","protected":false},"excerpt":{"rendered":"<p>Gr\u00fcne Baustoffe sind nachhaltig, umweltfreundlich und energieeffizient. Sie sind langlebig und wartungsarm.<\/p>","protected":false},"author":1,"featured_media":72084,"parent":14514,"menu_order":207,"comment_status":"closed","ping_status":"closed","template":"","meta":{"footnotes":""},"class_list":["post-41834","page","type-page","status-publish","has-post-thumbnail"],"_links":{"self":[{"href":"https:\/\/www.sisinternational.com\/de\/wp-json\/wp\/v2\/pages\/41834","targetHints":{"allow":["GET"]}}],"collection":[{"href":"https:\/\/www.sisinternational.com\/de\/wp-json\/wp\/v2\/pages"}],"about":[{"href":"https:\/\/www.sisinternational.com\/de\/wp-json\/wp\/v2\/types\/page"}],"author":[{"embeddable":true,"href":"https:\/\/www.sisinternational.com\/de\/wp-json\/wp\/v2\/users\/1"}],"replies":[{"embeddable":true,"href":"https:\/\/www.sisinternational.com\/de\/wp-json\/wp\/v2\/comments?post=41834"}],"version-history":[{"count":7,"href":"https:\/\/www.sisinternational.com\/de\/wp-json\/wp\/v2\/pages\/41834\/revisions"}],"predecessor-version":[{"id":81655,"href":"https:\/\/www.sisinternational.com\/de\/wp-json\/wp\/v2\/pages\/41834\/revisions\/81655"}],"up":[{"embeddable":true,"href":"https:\/\/www.sisinternational.com\/de\/wp-json\/wp\/v2\/pages\/14514"}],"wp:featuredmedia":[{"embeddable":true,"href":"https:\/\/www.sisinternational.com\/de\/wp-json\/wp\/v2\/media\/72084"}],"wp:attachment":[{"href":"https:\/\/www.sisinternational.com\/de\/wp-json\/wp\/v2\/media?parent=41834"}],"curies":[{"name":"wp","href":"https:\/\/api.w.org\/{rel}","templated":true}]}}