{"id":41831,"date":"2023-03-17T17:36:15","date_gmt":"2023-03-17T21:36:15","guid":{"rendered":"https:\/\/www.sisinternational.com\/?page_id=41831"},"modified":"2026-03-25T01:15:52","modified_gmt":"2026-03-25T05:15:52","slug":"marktforschung-fur-tiefkuhlkost","status":"publish","type":"page","link":"https:\/\/www.sisinternational.com\/de\/losungen\/marktforschung-fur-die-lebensmittel-und-getrankeindustrie\/marktforschung-fur-tiefkuhlkost\/","title":{"rendered":"Marktforschung f\u00fcr Tiefk\u00fchlkost"},"content":{"rendered":"<h1 class=\"wp-block-heading\">Marktforschung f\u00fcr Tiefk\u00fchlkost<\/h1>\n\n\n\n<figure class=\"gb-block-image gb-block-image-02e492c6\"><img loading=\"lazy\" decoding=\"async\" width=\"1456\" height=\"816\" class=\"gb-image gb-image-02e492c6\" src=\"https:\/\/www.sisinternational.com\/wp-content\/uploads\/2025\/08\/Refrigarator-2.jpg\" alt=\"SIS International Marktforschung &amp; Strategie\" title=\"Refrigarator (2)\" srcset=\"https:\/\/www.sisinternational.com\/wp-content\/uploads\/2025\/08\/Refrigarator-2.jpg 1456w, https:\/\/www.sisinternational.com\/wp-content\/uploads\/2025\/08\/Refrigarator-2-300x168.jpg 300w, https:\/\/www.sisinternational.com\/wp-content\/uploads\/2025\/08\/Refrigarator-2-1024x574.jpg 1024w, https:\/\/www.sisinternational.com\/wp-content\/uploads\/2025\/08\/Refrigarator-2-768x430.jpg 768w, https:\/\/www.sisinternational.com\/wp-content\/uploads\/2025\/08\/Refrigarator-2-18x10.jpg 18w\" sizes=\"auto, (max-width: 1456px) 100vw, 1456px\"><\/figure>\n\n\n\n<p><\/p>\n\n\n\n<p>Marktforschung f\u00fcr Tiefk\u00fchlkost ist n\u00fctzlich, um Trends zu erkennen und Daten und Strategien zu sammeln, die Unternehmen nutzen k\u00f6nnen. Die Ergebnisse der Marktforschung bieten Einblicke in die verschiedenen Komponenten des Tiefk\u00fchlkostsektors, einschlie\u00dflich der Warenproduktion, des Produktvertriebs und der verschiedenen beteiligten Einrichtungen wie Restaurants, Convenience Stores sowie lokaler und internationaler Einzelh\u00e4ndler.<\/p>\n\n\n\n<p>Diese Marktforschung zeigt auch, wie verschiedene Unternehmen auf dem Markt f\u00fcr Tiefk\u00fchlkost im Vergleich zu ihren Konkurrenten in Bezug auf Produktangebot, Produktqualit\u00e4t, Vertrieb und Marketing abschneiden. Die Statistiken und Ans\u00e4tze im Tiefk\u00fchlkostsektor k\u00f6nnen Unternehmen und wichtige Akteure bei der Entscheidungsfindung unterst\u00fctzen und aktuelle Informationen zum Gesch\u00e4ftsklima liefern.<\/p>\n\n\n\n<h2 class=\"wp-block-heading\">Definition der Marktforschung f\u00fcr Tiefk\u00fchlkost<\/h2>\n\n\n\n<p>Lebensmittel und Getr\u00e4nke, die durch Einfrieren konserviert und vor der Zubereitung in einem Gefrierschrank aufbewahrt werden, gelten als Tiefk\u00fchlkost. Tiefk\u00fchlprodukte ben\u00f6tigen zun\u00e4chst keine zus\u00e4tzlichen Konservierungsstoffe, da Bakterien bei Temperaturen unter -9 \u00b0C nicht wachsen, was ausreicht, um ein Verderben der Lebensmittel zu verhindern. F\u00fcr eine langfristige Produktkonservierung kann eine Lagerung bei noch niedrigeren Temperaturen erforderlich sein.<\/p>\n\n\n\n<p>Freezing is one of the earliest and most extensively utilized ways of food preservation. It offers the best preservation technique for retaining the original&nbsp;flavor, texture, and nutritional content. The freezing process combines the advantageous effects of low temperatures at which microorganisms cannot grow, slow chemical processes, and postpone cellular metabolic reactions.<\/p>\n\n\n\n<p>Das Einfrieren ist eine ausgezeichnete Methode zur Lebensmittelkonservierung, da Bakterien, die zum Verderben von Lebensmitteln f\u00fchren, bei niedrigen Temperaturen abget\u00f6tet werden bzw. sich nicht so schnell vermehren. Daher sind Tiefk\u00fchlkost aufgrund ihrer langen Haltbarkeit und der h\u00f6heren Benutzerfreundlichkeit bei den Verbrauchern beliebt.<\/p>\n\n\n\n<h2 class=\"wp-block-heading\">Marktforschungssegmentierung f\u00fcr Tiefk\u00fchlkost<\/h2>\n\n\n\n<figure class=\"gb-block-image gb-block-image-6d81bc40\"><img loading=\"lazy\" decoding=\"async\" width=\"1456\" height=\"816\" class=\"gb-image gb-image-6d81bc40\" src=\"https:\/\/www.sisinternational.com\/wp-content\/uploads\/2025\/08\/Mexican-food-lunch-17.jpg\" alt=\"SIS International Marktforschung &amp; Strategie\" title=\"Mexican food lunch (17)\" srcset=\"https:\/\/www.sisinternational.com\/wp-content\/uploads\/2025\/08\/Mexican-food-lunch-17.jpg 1456w, https:\/\/www.sisinternational.com\/wp-content\/uploads\/2025\/08\/Mexican-food-lunch-17-300x168.jpg 300w, https:\/\/www.sisinternational.com\/wp-content\/uploads\/2025\/08\/Mexican-food-lunch-17-1024x574.jpg 1024w, https:\/\/www.sisinternational.com\/wp-content\/uploads\/2025\/08\/Mexican-food-lunch-17-768x430.jpg 768w, https:\/\/www.sisinternational.com\/wp-content\/uploads\/2025\/08\/Mexican-food-lunch-17-18x10.jpg 18w\" sizes=\"auto, (max-width: 1456px) 100vw, 1456px\"><\/figure>\n\n\n\n<p><\/p>\n\n\n\n<p>Frozen <a href=\"https:\/\/www.sisinternational.com\/de\/losungen\/qsr-lebensmittelmarktforschung\/\" title=\"QSR Food Marktforschung\"  data-wpil-monitor-id=\"2316\">Food Market Research<\/a> provides insights that include several main aspects of the industry that play crucial role in the industry\u2019s growth and dynamics. Below are some of the segmentation included in the research and development of data and strategies in <a href=\"https:\/\/www.sisinternational.com\/de\/sachverstand\/branchen\/nanopartikel-marktforschung\/\" title=\"Marktforschung f\u00fcr Nanopartikel\"  data-wpil-monitor-id=\"3318\">frozen food<\/a> market industry.<\/p>\n\n\n\n<h3 class=\"wp-block-heading\">Markt f\u00fcr Tiefk\u00fchlkost \u2013 Produkttyp<\/h3>\n\n\n\n<ul class=\"wp-block-list\">\n<li>Gefrorenes Obst und Gem\u00fcse<\/li>\n\n\n\n<li>Gefrorenes Fleisch<\/li>\n\n\n\n<li>Gefrorener Fisch und Meeresfr\u00fcchte<\/li>\n\n\n\n<li>Gefrorene, gekochte Fertiggerichte<\/li>\n\n\n\n<li>Gefrorene Desserts<\/li>\n\n\n\n<li>Gefrorene Snacks<\/li>\n\n\n\n<li>Gefrorene Desserts<\/li>\n\n\n\n<li>Tiefgek\u00fchlte Back- und Konditoreiprodukte<\/li>\n<\/ul>\n\n\n\n<h3 class=\"wp-block-heading\">Marktkategorien f\u00fcr Tiefk\u00fchlkost<\/h3>\n\n\n\n<ul class=\"wp-block-list\">\n<li>Bereit zum Kochen<\/li>\n\n\n\n<li>Bereit zu trinken<\/li>\n\n\n\n<li>Fertig f\u00fcr den Verzehr<\/li>\n<\/ul>\n\n\n\n<h3 class=\"wp-block-heading\">Gefrierprozess auf dem Markt f\u00fcr Tiefk\u00fchlkost<\/h3>\n\n\n\n<ul class=\"wp-block-list\">\n<li>Individuelles Schnellgefrieren (IQF)<\/li>\n\n\n\n<li>Schockfrosten<\/li>\n\n\n\n<li>Bandgefrieren<\/li>\n\n\n\n<li>Gefrierger\u00e4te mit indirektem Kontakt<\/li>\n\n\n\n<li>Andere Gefriertechniken<\/li>\n<\/ul>\n\n\n\n<h3 class=\"wp-block-heading\">Vertriebskanal f\u00fcr den Markt f\u00fcr Tiefk\u00fchlkost<\/h3>\n\n\n\n<ul class=\"wp-block-list\">\n<li>Lebensmittelverarbeitungsanlagen<\/li>\n\n\n\n<li>Superm\u00e4rkte und Hyperm\u00e4rkte<\/li>\n\n\n\n<li>Convenience-Stores<\/li>\n\n\n\n<li>\u00d6ffentliche M\u00e4rkte<\/li>\n\n\n\n<li>Lokale Gesch\u00e4fteOnline-Kan\u00e4le<\/li>\n\n\n\n<li>Andere Vertriebskan\u00e4le<\/li>\n<\/ul>\n\n\n\n<h2 class=\"wp-block-heading\">Marktanalyse f\u00fcr Tiefk\u00fchlkost<\/h2>\n\n\n\n<p>In recent years, the global <a href=\"https:\/\/www.sisinternational.com\/de\/losungen\/marktforschung-fur-die-lebensmittel-und-getrankeindustrie\/marktforschung-fur-gefrorenen-joghurt\/\" title=\"Marktforschung f\u00fcr Frozen Yoghurt\"  data-wpil-monitor-id=\"11455\">market for frozen<\/a> food has expanded. The need for easy-to-prepare and ready meals is favorably influencing the frozen food industry. According to a comprehensive analysis, the global market for frozen meals is anticipated to expand continuously.<\/p>\n\n\n\n<p>Dar\u00fcber hinaus treiben mehrere Faktoren das Wachstum des Marktes f\u00fcr Tiefk\u00fchlkost voran. Daten und Strategien der Tiefk\u00fchlkostbranche haben ergeben, dass Unternehmen eine gro\u00dfe Vielfalt an Tiefk\u00fchlkost anbieten und damit eine Branche, die traditionell f\u00fcr Fertiggerichte bekannt ist, zu einem der gr\u00f6\u00dften und beliebtesten Segmente der globalen Lebensmittelindustrie machen.<\/p>\n\n\n\n<p>Der Aufstieg des Marktes f\u00fcr Tiefk\u00fchlkost hat dazu gef\u00fchrt, dass den Verbrauchern mehr Auswahl, Abwechslung und Komfort geboten werden als je zuvor. Hersteller von Tiefk\u00fchlkost f\u00fchren auch neue Produkte ein, um den Verbrauchern ein Gef\u00fchl von Neuheit zu vermitteln. Partnerschaften, verbessertes Marketing, Lizenzvereinbarungen und neue Auswahlm\u00f6glichkeiten tragen zum beschleunigten Wachstum des Marktes f\u00fcr Tiefk\u00fchlkost bei.<\/p>\n\n\n\n<h2 class=\"wp-block-heading\">Faktoren, die die Marktforschung f\u00fcr Tiefk\u00fchlkost beeinflussen<\/h2>\n\n\n\n<h3 class=\"wp-block-heading\">Kapitalinvestitionen f\u00fcr das Tiefk\u00fchlkostgesch\u00e4ft<\/h3>\n\n\n\n<p>In Entwicklungsl\u00e4ndern ist das Einfrieren von Lebensmitteln aus mehreren Gr\u00fcnden vorteilhaft. Erstens ist das Einfrieren im Vergleich zu anderen kommerziellen Verfahren eine der praktischsten und unkompliziertesten Konservierungsmethoden. In Entwicklungsl\u00e4ndern spielen erhebliche Kapitalinvestitionen in die Tiefk\u00fchlindustrie in der Regel eine bedeutende Rolle f\u00fcr die wirtschaftliche Rentabilit\u00e4t des gesamten Marktes f\u00fcr Tiefk\u00fchlkost.<\/p>\n\n\n\n<h3 class=\"wp-block-heading\">Die Ver\u00e4nderung der Verbrauchernachfrage in Entwicklungsl\u00e4ndern<\/h3>\n\n\n\n<p>Bev\u00f6lkerungswachstum und steigender Lebensmittelverbrauch haben die gro\u00dftechnische kommerzielle Herstellung von Lebensmitteln erforderlich gemacht. Aufgrund des sich ver\u00e4ndernden Kundenprofils hat das Tiefk\u00fchlkostgesch\u00e4ft enorme Ver\u00e4nderungen erfahren. Die bedeutendste Entwicklung im Verbraucherverhalten der letzten f\u00fcnfzig Jahre war der Anstieg der Zahl berufst\u00e4tiger Frauen und der R\u00fcckgang der Familiengr\u00f6\u00dfe. Diese beiden Elemente reduzierten den Zeitaufwand f\u00fcr die Lebensmittelzubereitung.<\/p>\n\n\n\n<h3 class=\"wp-block-heading\">Neue Trends bei Tiefk\u00fchlkost f\u00fcr gesundheitsbewusste Verbraucher<\/h3>\n\n\n\n<p>Da die Verbraucher immer gesundheitsbewusster werden, besteht ein wachsender Bedarf an kalorien-, fett- und zuckerarmen Tiefk\u00fchlkostoptionen. Ein weiterer Trend, der von gesundheitsbewussten Menschen und der zunehmenden Popularit\u00e4t der veganen Ern\u00e4hrung vorangetrieben wird, ist der zunehmende Wunsch nach pflanzlichen Tiefk\u00fchlkostoptionen. Dazu geh\u00f6ren Produkte wie Gem\u00fcseburger und fleischlose Tiefk\u00fchlkostalternativen.<\/p>\n\n\n\n<h3 class=\"wp-block-heading\">Aktuelle und kommende Trends in der Gefriertechnologie<\/h3>\n\n\n\n<p>Der Markt f\u00fcr Tiefk\u00fchlkost wurde durch die historische Entwicklung kommerzieller Gefriertechnologien f\u00fcr bestimmte Lebensmittel gepr\u00e4gt. Der Tiefk\u00fchlkostsektor ist in hohem Ma\u00dfe auf modernste Wissenschaft und Technologie angewiesen. Es besteht eine wachsende Nachfrage nach Fertiggerichten, und die Gesch\u00e4ftsexpansion h\u00e4ngt in erster Linie von der F\u00e4higkeit der Lebensmittelverarbeiter ab, sowohl die Prozesstechniken als auch die Produktqualit\u00e4t zu verbessern. Nur durch die Konzentration auf neue Technologien und die Erforschung wenig verstandener Variablen, die die Qualit\u00e4t von Tiefk\u00fchlkostprodukten beeinflussen, k\u00f6nnen Fortschritte erzielt werden.<\/p>\n\n\n\n<h3 class=\"wp-block-heading\">Ver\u00e4nderungen und Entwicklungen in der K\u00fchlkettenlogistik<\/h3>\n\n\n\n<figure class=\"gb-block-image gb-block-image-4b078337\"><img loading=\"lazy\" decoding=\"async\" width=\"1456\" height=\"816\" class=\"gb-image gb-image-4b078337\" src=\"https:\/\/www.sisinternational.com\/wp-content\/uploads\/2025\/09\/Food-safety-6.jpg\" alt=\"SIS International Marktforschung &amp; Strategie\" title=\"Food safety (6)\" srcset=\"https:\/\/www.sisinternational.com\/wp-content\/uploads\/2025\/09\/Food-safety-6.jpg 1456w, https:\/\/www.sisinternational.com\/wp-content\/uploads\/2025\/09\/Food-safety-6-300x168.jpg 300w, https:\/\/www.sisinternational.com\/wp-content\/uploads\/2025\/09\/Food-safety-6-1024x574.jpg 1024w, https:\/\/www.sisinternational.com\/wp-content\/uploads\/2025\/09\/Food-safety-6-768x430.jpg 768w, https:\/\/www.sisinternational.com\/wp-content\/uploads\/2025\/09\/Food-safety-6-18x10.jpg 18w\" sizes=\"auto, (max-width: 1456px) 100vw, 1456px\"><\/figure>\n\n\n\n<p><\/p>\n\n\n\n<p>Nach der Entnahme aus dem ersten K\u00fchlhaus besteht bei Tiefk\u00fchlwaren das gr\u00f6\u00dfte Risiko einer Kontamination mit Bakterien und Verderb, wenn sie nicht richtig gelagert werden. Um diese Lebensmittel in kontrollierter Atmosph\u00e4re auszuliefern, m\u00fcssen Speziallastwagen eingesetzt werden.<br>Viele Anbieter verf\u00fcgen nicht \u00fcber spezielle Fahrzeuge f\u00fcr den Transport von Tiefk\u00fchlkost, sondern liefern alle Tiefk\u00fchlkostsorten in denselben LKWs oder anderen Fahrzeugen aus. Um ihre Ertr\u00e4ge zu steigern, versuchen viele Hersteller, auch ihre Logistikaktivit\u00e4ten zu erweitern.<\/p>\n\n\n\n<h2 class=\"wp-block-heading\">\u00dcber Frozen Food Market Research<\/h2>\n\n\n\n<p>Dieser Bericht untersucht umfassend Statistiken und Strategien im Tiefk\u00fchlkostmarktgesch\u00e4ft, einschlie\u00dflich Marktgr\u00f6\u00dfe und durchschnittlicher j\u00e4hrlicher Wachstumsrate. Er erl\u00e4utert das attraktive Investitionsangebot f\u00fcr diesen Markt und die m\u00f6glichen Umsatzchancen in verschiedenen Tiefk\u00fchlkostmarktsegmenten.<\/p>\n\n\n\n<p>Frozen <a href=\"https:\/\/www.sisinternational.com\/de\/sachverstand\/branchen\/marktforschung-fur-fast-food-franchises\/\" title=\"Marktforschung f\u00fcr Fast-Food-Franchises\"  data-wpil-monitor-id=\"4002\">Food Market Research<\/a> provides insights that include information regarding market drivers, restraints, opportunities, new product launches or approvals, geographical outlook, and competitive strategies implemented by leading competitors. The study profiles key worldwide frozen food market participants regarding corporate overview, financial performance, product portfolio, geographical presence, distribution tactics, key developments and strategies, and future plans.<\/p>\n\n\n\n<p>Daten und Strategien der Tiefk\u00fchlkostbranche erm\u00f6glichen es Marketingfachleuten und Management von Unternehmen, fundierte Entscheidungen \u00fcber zuk\u00fcnftige Produktver\u00f6ffentlichungen, Technologie-Upgrades, Markterweiterungen und Marketingstrategien zu treffen. Insgesamt k\u00f6nnen die gesammelten Informationen genutzt werden, um die globale Tiefk\u00fchlkostbranche zu analysieren und wichtigen Akteuren und Interessenvertretern der Branche dabei zu helfen, Entscheidungen zu treffen, die sich auf ihr Gesch\u00e4ft und ihr Wachstum auswirken.<\/p>","protected":false},"excerpt":{"rendered":"<p>Der globale Markt f\u00fcr Tiefk\u00fchlkost ist gewachsen. Leicht zuzubereitende und Fertiggerichte wirken sich positiv auf die Tiefk\u00fchlkostindustrie aus.<\/p>","protected":false},"author":1,"featured_media":64858,"parent":22018,"menu_order":206,"comment_status":"closed","ping_status":"closed","template":"","meta":{"footnotes":""},"class_list":["post-41831","page","type-page","status-publish","has-post-thumbnail"],"_links":{"self":[{"href":"https:\/\/www.sisinternational.com\/de\/wp-json\/wp\/v2\/pages\/41831","targetHints":{"allow":["GET"]}}],"collection":[{"href":"https:\/\/www.sisinternational.com\/de\/wp-json\/wp\/v2\/pages"}],"about":[{"href":"https:\/\/www.sisinternational.com\/de\/wp-json\/wp\/v2\/types\/page"}],"author":[{"embeddable":true,"href":"https:\/\/www.sisinternational.com\/de\/wp-json\/wp\/v2\/users\/1"}],"replies":[{"embeddable":true,"href":"https:\/\/www.sisinternational.com\/de\/wp-json\/wp\/v2\/comments?post=41831"}],"version-history":[{"count":7,"href":"https:\/\/www.sisinternational.com\/de\/wp-json\/wp\/v2\/pages\/41831\/revisions"}],"predecessor-version":[{"id":85069,"href":"https:\/\/www.sisinternational.com\/de\/wp-json\/wp\/v2\/pages\/41831\/revisions\/85069"}],"up":[{"embeddable":true,"href":"https:\/\/www.sisinternational.com\/de\/wp-json\/wp\/v2\/pages\/22018"}],"wp:featuredmedia":[{"embeddable":true,"href":"https:\/\/www.sisinternational.com\/de\/wp-json\/wp\/v2\/media\/64858"}],"wp:attachment":[{"href":"https:\/\/www.sisinternational.com\/de\/wp-json\/wp\/v2\/media?parent=41831"}],"curies":[{"name":"wp","href":"https:\/\/api.w.org\/{rel}","templated":true}]}}