{"id":41813,"date":"2023-03-16T16:03:44","date_gmt":"2023-03-16T20:03:44","guid":{"rendered":"https:\/\/www.sisinternational.com\/?page_id=41813"},"modified":"2026-01-24T21:18:10","modified_gmt":"2026-01-25T02:18:10","slug":"was-ist-bohr-und-extraktionsausrustung","status":"publish","type":"page","link":"https:\/\/www.sisinternational.com\/de\/sachverstand\/was-ist-bohr-und-extraktionsausrustung\/","title":{"rendered":"Marktforschung f\u00fcr Bohr- und F\u00f6rderausr\u00fcstung"},"content":{"rendered":"<h1 class=\"wp-block-heading\">Marktforschung f\u00fcr Bohr- und F\u00f6rderausr\u00fcstung<\/h1>\n\n\n\n<figure class=\"gb-block-image gb-block-image-61d75828\"><img loading=\"lazy\" decoding=\"async\" width=\"1456\" height=\"816\" class=\"gb-image gb-image-61d75828\" src=\"https:\/\/www.sisinternational.com\/wp-content\/uploads\/2025\/08\/Drilling-and-Extraction-1.jpg\" alt=\"SIS International Marktforschung &amp; Strategie\" title=\"Drilling and Extraction (1)\" srcset=\"https:\/\/www.sisinternational.com\/wp-content\/uploads\/2025\/08\/Drilling-and-Extraction-1.jpg 1456w, https:\/\/www.sisinternational.com\/wp-content\/uploads\/2025\/08\/Drilling-and-Extraction-1-300x168.jpg 300w, https:\/\/www.sisinternational.com\/wp-content\/uploads\/2025\/08\/Drilling-and-Extraction-1-1024x574.jpg 1024w, https:\/\/www.sisinternational.com\/wp-content\/uploads\/2025\/08\/Drilling-and-Extraction-1-768x430.jpg 768w, https:\/\/www.sisinternational.com\/wp-content\/uploads\/2025\/08\/Drilling-and-Extraction-1-18x10.jpg 18w\" sizes=\"auto, (max-width: 1456px) 100vw, 1456px\"><\/figure>\n\n\n\n<p><\/p>\n\n\n\n<p>Bohr- und F\u00f6rderger\u00e4te sind Maschinen, die zur Gewinnung nat\u00fcrlicher Ressourcen verwendet werden. Unternehmen nutzen diese Ger\u00e4te beispielsweise, um \u00d6l, Gas und Mineralien aus der Erde zu gewinnen. Sie werden auch in der Bauindustrie eingesetzt.<\/p>\n\n\n\n<h3 class=\"wp-block-heading\">Es gibt verschiedene Arten von Bohr- und F\u00f6rderger\u00e4ten, darunter:<\/h3>\n\n\n\n<ul class=\"wp-block-list\">\n<li>Bohrinseln: Diese Maschinen bohren L\u00f6cher, um \u00d6l, Gas oder Mineralien zu erkunden oder zu f\u00f6rdern. Es gibt verschiedene Arten von Bohrinseln, z. B. an Land, auf See und mobil.<\/li>\n\n\n\n<li>Pumpjacks: Dies sind Maschinen, die zum F\u00f6rdern von \u00d6l aus Bohrl\u00f6chern verwendet werden. Sie bestehen aus einem Motor, der eine Reihe von Stangen antreibt, die an einer Pumpe am Boden des Bohrlochs befestigt sind. Die Pumpe bef\u00f6rdert Fl\u00fcssigkeit an die Oberfl\u00e4che, w\u00e4hrend sich die Stangen auf und ab bewegen.<br>Bagger sind schwere Maschinen, die gro\u00dfe Mengen Erde oder Gestein ausgraben und entfernen. Sie werden h\u00e4ufig im Bergbau und im Bauwesen eingesetzt.<\/li>\n\n\n\n<li>Lader: Diese Maschinen transportieren Materialien von einem Ort zum anderen. Sie sind auch im Bergbau und im Bauwesen weit verbreitet.<\/li>\n\n\n\n<li>Brecher: Diese Maschinen zerlegen gro\u00dfe Steine in kleinere. Brecher erleichtern die Handhabung und den Transport.<\/li>\n\n\n\n<li>Pumps: These machines move fluids such as water, oil, and gas. They are common in the <a href=\"https:\/\/www.sisinternational.com\/de\/sachverstand\/branchen\/ol-und-gasmarktforschung\/\" title=\"\u00d6l- und Gasmarktforschung\"  data-wpil-monitor-id=\"8201\">oil and gas<\/a> industry to move liquids from the well to the surface.<\/li>\n\n\n\n<li>Kompressoren: Diese Maschinen erh\u00f6hen den Druck von Luft oder Erdgas. Die \u00d6l- und Gasindustrie nutzt sie, um Gas von der Quelle zur Verarbeitungsanlage zu transportieren.<\/li>\n<\/ul>\n\n\n\n<h2 class=\"wp-block-heading\">Warum ist Bohr- und F\u00f6rderausr\u00fcstung wichtig?<\/h2>\n\n\n\n<h3 class=\"wp-block-heading\">Bohr- und F\u00f6rderger\u00e4te sind aus mehreren Gr\u00fcnden unverzichtbar.<\/h3>\n\n\n\n<p>Erstens erhalten Unternehmen Zugang zu den in der Erde verborgenen nat\u00fcrlichen Ressourcen. Diese Ressourcen sind f\u00fcr die Energieversorgung moderner Volkswirtschaften von entscheidender Bedeutung. Sie sind auch f\u00fcr die Erf\u00fcllung der Anforderungen verschiedener Branchen von entscheidender Bedeutung.<\/p>\n\n\n\n<p>Dar\u00fcber hinaus bringt die Gewinnung nat\u00fcrlicher Ressourcen erhebliche wirtschaftliche Vorteile. Sie schafft beispielsweise Arbeitspl\u00e4tze und erh\u00f6ht die Steuereinnahmen. Au\u00dferdem f\u00f6rdert sie die Entwicklung unterst\u00fctzender Industrien. Die bei diesem Prozess verwendete Ausr\u00fcstung gew\u00e4hrleistet eine effiziente und kosteng\u00fcnstige Gewinnung. Dadurch wird der wirtschaftliche Nutzen maximiert.<\/p>\n\n\n\n<p>Ein weiterer wichtiger Punkt ist, dass Bohr- und F\u00f6rderausr\u00fcstung f\u00fcr die Aufrechterhaltung der Energiesicherheit von entscheidender Bedeutung ist. Viele L\u00e4nder wollen ihre Abh\u00e4ngigkeit von ausl\u00e4ndischem \u00d6l und Gas verringern. Daher ist es wichtig, \u00fcber die notwendige Ausr\u00fcstung zur F\u00f6rderung heimischer Ressourcen zu verf\u00fcgen.<\/p>\n\n\n\n<p>Zumindest hat es viele Fortschritte bei Bohr- und F\u00f6rderger\u00e4ten gegeben. Die F\u00f6rdermethoden sind effizienter und umweltfreundlicher geworden, was dazu beigetragen hat, die Auswirkungen der Rohstoffgewinnung auf die Umwelt zu verringern. Dar\u00fcber hinaus erm\u00f6glichen die verbesserten Techniken den Unternehmen den Zugang zu schwer zug\u00e4nglichen Ressourcen. Einige dieser Ressourcen w\u00e4ren in der Vergangenheit zu schwierig oder zu teuer zu gewinnen gewesen.<\/p>\n\n\n\n<h2 class=\"wp-block-heading\">Wichtige Berufsbezeichnungen<\/h2>\n\n\n\n<figure class=\"gb-block-image gb-block-image-b1138752\"><img loading=\"lazy\" decoding=\"async\" width=\"1456\" height=\"816\" class=\"gb-image gb-image-b1138752\" src=\"https:\/\/www.sisinternational.com\/wp-content\/uploads\/2025\/08\/Drilling-and-Extraction-2.jpg\" alt=\"SIS International Marktforschung &amp; Strategie\" title=\"Drilling and Extraction (2)\" srcset=\"https:\/\/www.sisinternational.com\/wp-content\/uploads\/2025\/08\/Drilling-and-Extraction-2.jpg 1456w, https:\/\/www.sisinternational.com\/wp-content\/uploads\/2025\/08\/Drilling-and-Extraction-2-300x168.jpg 300w, https:\/\/www.sisinternational.com\/wp-content\/uploads\/2025\/08\/Drilling-and-Extraction-2-1024x574.jpg 1024w, https:\/\/www.sisinternational.com\/wp-content\/uploads\/2025\/08\/Drilling-and-Extraction-2-768x430.jpg 768w, https:\/\/www.sisinternational.com\/wp-content\/uploads\/2025\/08\/Drilling-and-Extraction-2-18x10.jpg 18w\" sizes=\"auto, (max-width: 1456px) 100vw, 1456px\"><\/figure>\n\n\n\n<p><\/p>\n\n\n\n<h3 class=\"wp-block-heading\">Hier sind einige wichtige Berufsbezeichnungen im Zusammenhang mit Bohr- und F\u00f6rderger\u00e4ten:<\/h3>\n\n\n\n<ol class=\"wp-block-list\">\n<li><strong>Bohringenieur.<\/strong> Entwirft, plant und \u00fcberwacht die Bohrvorg\u00e4nge f\u00fcr die Exploration und Produktion von \u00d6l, Gas und Mineralien.<\/li>\n\n\n\n<li><strong>Anlagenleiter:<\/strong> Beaufsichtigt den Betrieb von Bohrinseln. Der Job umfasst die Wartung der Ausr\u00fcstung. Er \u00fcbernimmt auch die Aufsicht der Bohrmannschaft.<\/li>\n\n\n\n<li><strong>Erd\u00f6lingenieur.<\/strong> Entwickelt und konstruiert Verfahren zur F\u00f6rderung von \u00d6l und Gas aus unterirdischen Lagerst\u00e4tten. Ziel ist es, die Effizienz und Rentabilit\u00e4t von F\u00f6rdervorg\u00e4ngen zu verbessern.<\/li>\n\n\n\n<li><strong>Geologe:<\/strong> Untersucht die physikalischen Eigenschaften und Prozesse der Erde. Der Geologe identifiziert auch potenzielle \u00d6l-, Gas- und Mineralvorkommen. Er arbeitet daran, den Standort, die Gr\u00f6\u00dfe und die Qualit\u00e4t dieser Ressourcen zu bestimmen.<\/li>\n\n\n\n<li><strong>Produktions Ingenieur.<\/strong> Entwirft und betreibt Systeme zur F\u00f6rderung von \u00d6l, Gas und Mineralien. Dieser Ingenieur entwirft und betreibt auch Ger\u00e4te f\u00fcr die Verarbeitung und den Transport.<\/li>\n\n\n\n<li><strong>Betriebsleiter:<\/strong> Beaufsichtigt den t\u00e4glichen Betrieb von \u00d6l-, Gas- und Mineralf\u00f6rderanlagen. Eine weitere Aufgabe dieses Fachmanns besteht darin, sicherzustellen, dass die Anlage die Produktionsziele erreicht. Er sorgt auch daf\u00fcr, dass alle Ger\u00e4te und das Personal sicher und effizient arbeiten.<\/li>\n\n\n\n<li><strong>Umweltingenieur.<\/strong> Stellt sicher, dass bei Bohr- und F\u00f6rdervorg\u00e4ngen die Umweltvorschriften eingehalten werden. Entwickelt Strategien zur Minderung der Umweltauswirkungen dieser Vorg\u00e4nge.<\/li>\n\n\n\n<li><strong>Wartungstechniker:<\/strong> F\u00fchrt routinem\u00e4\u00dfige Wartungs- und Reparaturarbeiten an Bohr- und F\u00f6rderger\u00e4ten durch. Stellt sicher, dass diese sicher und effizient funktionieren.<\/li>\n\n\n\n<li><strong>Sicherheitsingeneur:<\/strong> Entwickelt und implementiert Sicherheitsverfahren. Dieser Fachmann stellt sicher, dass Bohr- und F\u00f6rderstellen f\u00fcr das gesamte Personal sicher sind.<\/li>\n<\/ol>\n\n\n\n<h2 class=\"wp-block-heading\">Schl\u00fcsselfaktoren f\u00fcr den Erfolg bei der Marktforschung f\u00fcr Bohr- und F\u00f6rderausr\u00fcstung<\/h2>\n\n\n\n<figure class=\"gb-block-image gb-block-image-c77fc030\"><img loading=\"lazy\" decoding=\"async\" width=\"1456\" height=\"816\" class=\"gb-image gb-image-c77fc030\" src=\"https:\/\/www.sisinternational.com\/wp-content\/uploads\/2025\/08\/Drilling-and-Extraction-4.jpg\" alt=\"SIS International Marktforschung &amp; Strategie\" title=\"Drilling and Extraction (4)\" srcset=\"https:\/\/www.sisinternational.com\/wp-content\/uploads\/2025\/08\/Drilling-and-Extraction-4.jpg 1456w, https:\/\/www.sisinternational.com\/wp-content\/uploads\/2025\/08\/Drilling-and-Extraction-4-300x168.jpg 300w, https:\/\/www.sisinternational.com\/wp-content\/uploads\/2025\/08\/Drilling-and-Extraction-4-1024x574.jpg 1024w, https:\/\/www.sisinternational.com\/wp-content\/uploads\/2025\/08\/Drilling-and-Extraction-4-768x430.jpg 768w, https:\/\/www.sisinternational.com\/wp-content\/uploads\/2025\/08\/Drilling-and-Extraction-4-18x10.jpg 18w\" sizes=\"auto, (max-width: 1456px) 100vw, 1456px\"><\/figure>\n\n\n\n<p><\/p>\n\n\n\n<p>Das Wissen und die Erfahrung des Personals, das die Ger\u00e4te bedient, sind entscheidend. Nur so k\u00f6nnen Bohr- und F\u00f6rderarbeiten erfolgreich durchgef\u00fchrt werden. Am besten ist es, erfahrene und qualifizierte Mitarbeiter einzustellen. Ihr Unternehmen sollte ihnen au\u00dferdem kontinuierliche Schulungen anbieten, um einen sicheren und effizienten Betrieb der Ger\u00e4te zu gew\u00e4hrleisten.<\/p>\n\n\n\n<p>Die regelm\u00e4\u00dfige Wartung von Bohr- und F\u00f6rderger\u00e4ten ist entscheidend, um Ausfallzeiten zu vermeiden. Au\u00dferdem verl\u00e4ngert sie die Lebensdauer der Ger\u00e4te. Die Wartung umfasst Routinekontrollen, Reparaturen und den Austausch abgenutzter Teile. Diese Wartung soll sicherstellen, dass die Ger\u00e4te immer in optimalem Betriebszustand sind.<\/p>\n\n\n\n<p>Die Gew\u00e4hrleistung der Sicherheit des Personals ist ein entscheidender Erfolgsfaktor. Die strikte Einhaltung der Sicherheitsprotokolle ist von entscheidender Bedeutung. Dies gilt auch f\u00fcr die Verwendung geeigneter Schutzausr\u00fcstung. Kontinuierliche Sicherheitsschulungen sind ebenfalls wichtig, um Unf\u00e4lle und Verletzungen zu vermeiden.<\/p>\n\n\n\n<p>Die Einhaltung von Umweltschutzbestimmungen ist unerl\u00e4sslich. Die Auswirkungen von Bohr- und F\u00f6rdert\u00e4tigkeiten auf die Umwelt m\u00fcssen minimal sein. Dies hilft Unternehmen, ein positives \u00f6ffentliches Image aufrechtzuerhalten. Au\u00dferdem werden dadurch m\u00f6gliche rechtliche und finanzielle Konsequenzen vermieden.<\/p>\n\n\n\n<p>Adopting new <a href=\"https:\/\/www.sisinternational.com\/de\/losungen\/technologische-innovation\/\" title=\"SIS Technology &amp; Innovation Solutions\"  data-wpil-monitor-id=\"8196\">technologies and innovative solutions<\/a> can increase efficiency. It also reduces costs in drilling and extraction operations. Thus, continuous <a href=\"https:\/\/www.sisinternational.com\/de\/sachverstand\/branchen\/low-code-entwicklung-marktforschung\/\" title=\"Marktforschung f\u00fcr Low-Code-Entwicklung\"  data-wpil-monitor-id=\"8203\">research and development<\/a> are essential in this field.<\/p>\n\n\n\n<p>Die Zusammenarbeit zwischen verschiedenen Teams ist f\u00fcr erfolgreiche Bohr- und F\u00f6rderarbeiten unerl\u00e4sslich. Beispielsweise m\u00fcssen Ingenieure, Geologen und Ger\u00e4tebediener zusammenarbeiten k\u00f6nnen. Effektive Kommunikation und Teamarbeit k\u00f6nnen dabei hilfreich sein. Sie gew\u00e4hrleisten koordinierte, effiziente und effektive Abl\u00e4ufe.<\/p>\n\n\n\n<h2 class=\"wp-block-heading\">\u00dcber die Marktforschung f\u00fcr Bohr- und F\u00f6rderausr\u00fcstung<\/h2>\n\n\n\n<p>Qualitative and <a href=\"https:\/\/www.sisinternational.com\/de\/top-5-benefits-of-conducting-quantitative-market-research\/\" title=\"Top 5 Benefits of Conducting Quantitative Market Research\"  data-wpil-monitor-id=\"8195\">Quantitative Marktforschung<\/a> is vital. They should be core components of your Drilling and&nbsp;Extraction Equipment business. It will help you find and <a href=\"https:\/\/www.sisinternational.com\/de\/losungen\/branding-und-kundenforschungslosungen\/storytelling-marktforschung\/\" title=\"Storytelling Marktforschung\"  data-wpil-monitor-id=\"8199\">tell a compelling story<\/a> from vast data. It also lets you see what\u2019s most meaningful in your data to be efficient and strategic in acting upon it.<\/p>\n\n\n\n<p>SIS International provides all the insights you <a href=\"https:\/\/www.sisinternational.com\/de\/analysis-b2b\/\" title=\"What Business Leaders Need to Know Right Now\"  data-wpil-monitor-id=\"8205\">need to take your business<\/a> forward. We offer UX Market Research, <a href=\"https:\/\/www.sisinternational.com\/de\/die-rolle-der-prozess-und-systementwicklung-fur-den-unternehmenserfolg\/\" title=\"Organisationsdesign Marktforschung\"  data-wpil-monitor-id=\"8194\">Strategie Marktforschung<\/a>, and Competitive Analysis. We also do <a href=\"https:\/\/www.sisinternational.com\/de\/sachverstand\/branchen\/nanopartikel-marktforschung\/\" title=\"Marktforschung f\u00fcr Nanopartikel\"  data-wpil-monitor-id=\"3326\">Markteintrittsforschung<\/a>, Market Opportunity Research, and Market Sizing Research. Focus Groups, Surveys, and Interviews are other services <a href=\"https:\/\/www.sisinternational.com\/de\/ostern-und-der-unvermeidliche-schokoladenhase\/\" title=\"Ostermarktforschung\"  data-wpil-monitor-id=\"8197\">SIS<\/a> offers to help you with your Go to Market Strategy. Contact us today!<\/p>","protected":false},"excerpt":{"rendered":"<p>Bohr- und F\u00f6rderger\u00e4te sind Maschinen, die zur Gewinnung nat\u00fcrlicher Ressourcen wie \u00d6l, Gas und Mineralien aus der Erde verwendet werden.<\/p>","protected":false},"author":1,"featured_media":64789,"parent":14514,"menu_order":205,"comment_status":"closed","ping_status":"closed","template":"","meta":{"footnotes":""},"class_list":["post-41813","page","type-page","status-publish","has-post-thumbnail"],"_links":{"self":[{"href":"https:\/\/www.sisinternational.com\/de\/wp-json\/wp\/v2\/pages\/41813","targetHints":{"allow":["GET"]}}],"collection":[{"href":"https:\/\/www.sisinternational.com\/de\/wp-json\/wp\/v2\/pages"}],"about":[{"href":"https:\/\/www.sisinternational.com\/de\/wp-json\/wp\/v2\/types\/page"}],"author":[{"embeddable":true,"href":"https:\/\/www.sisinternational.com\/de\/wp-json\/wp\/v2\/users\/1"}],"replies":[{"embeddable":true,"href":"https:\/\/www.sisinternational.com\/de\/wp-json\/wp\/v2\/comments?post=41813"}],"version-history":[{"count":5,"href":"https:\/\/www.sisinternational.com\/de\/wp-json\/wp\/v2\/pages\/41813\/revisions"}],"predecessor-version":[{"id":81378,"href":"https:\/\/www.sisinternational.com\/de\/wp-json\/wp\/v2\/pages\/41813\/revisions\/81378"}],"up":[{"embeddable":true,"href":"https:\/\/www.sisinternational.com\/de\/wp-json\/wp\/v2\/pages\/14514"}],"wp:featuredmedia":[{"embeddable":true,"href":"https:\/\/www.sisinternational.com\/de\/wp-json\/wp\/v2\/media\/64789"}],"wp:attachment":[{"href":"https:\/\/www.sisinternational.com\/de\/wp-json\/wp\/v2\/media?parent=41813"}],"curies":[{"name":"wp","href":"https:\/\/api.w.org\/{rel}","templated":true}]}}