{"id":41809,"date":"2023-03-16T15:30:24","date_gmt":"2023-03-16T19:30:24","guid":{"rendered":"https:\/\/www.sisinternational.com\/?page_id=41809"},"modified":"2026-01-24T21:18:11","modified_gmt":"2026-01-25T02:18:11","slug":"desinfektionsmittel-konservierungsmittel-marktforschung","status":"publish","type":"page","link":"https:\/\/www.sisinternational.com\/de\/sachverstand\/desinfektionsmittel-konservierungsmittel-marktforschung\/","title":{"rendered":"Marktforschung f\u00fcr Desinfektionsmittel und Konservierungsmittel"},"content":{"rendered":"<h1>Marktforschung f\u00fcr Desinfektionsmittel und Konservierungsmittel<\/h1>\n<p><img loading=\"lazy\" decoding=\"async\" class=\"aligncenter size-full wp-image-41810\" src=\"https:\/\/www.sisinternational.com\/wp-content\/uploads\/2023\/03\/Disinfectants-and-Preservatives-Market-Research.jpg\" alt=\"Marktforschung f\u00fcr Desinfektionsmittel und Konservierungsmittel\" width=\"1140\" height=\"760\" \/><\/p>\n<p>Desinfektionsmittel und Konservierungsmittel sind Chemikalien, die in verschiedenen Branchen verwendet werden. Sie verhindern das Wachstum und die Verbreitung sch\u00e4dlicher Mikroorganismen. Desinfektionsmittel t\u00f6ten oder beseitigen Bakterien, Viren und andere Krankheitserreger von Oberfl\u00e4chen. Konservierungsmittel hemmen das Wachstum von Mikroorganismen in Lebensmitteln, Kosmetika und anderen Produkten.<\/p>\n<p>Researchers expect growth in the global <a href=\"https:\/\/www.sisinternational.com\/de\/abdeckung\/die-amerikaner\/marktforschung-in-der-karibik\/marktforschung-antigua-barbuda\/\" title=\"Marktforschung in Antigua und Barbuda\"  data-wpil-monitor-id=\"3787\">disinfectants and preservatives<\/a> market. These products have shown increasing demand. This demand is particularly evident in healthcare, food processing, and other industries. The COVID-19 pandemic has also led to a surge in demand for disinfectants and sanitizers. The pandemic has further boosted market growth.<\/p>\n<p>BASF SE, Lonza Group Ltd. und Clariant AG sind bedeutende Akteure in dieser Branche. Das Gleiche gilt f\u00fcr DowDuPont Inc. und Ashland Global Holdings. Diese Unternehmen bieten eine breite Palette an Desinfektions- und Konservierungsmitteln an. Sie entwickeln st\u00e4ndig Innovationen, um den sich \u00e4ndernden Marktanforderungen gerecht zu werden.<\/p>\n<p>Was wird das Marktwachstum in den kommenden Jahren antreiben? Faktoren wie das zunehmende Bewusstsein f\u00fcr Hygiene und sanit\u00e4re Einrichtungen sowie die wachsende Bev\u00f6lkerung. Auch die steigende Nachfrage nach verpackten Lebensmitteln und Getr\u00e4nken wird sich positiv auf das Marktwachstum auswirken.<\/p>\n<p>Der Markt steht jedoch auch vor Herausforderungen. So gibt es beispielsweise die Entwicklung von medikamentenresistenten Mikroorganismen. Eine weitere Herausforderung sind zunehmende Sicherheitsbedenken. Die Umweltauswirkungen bestimmter Desinfektions- und Konservierungsmittel werden zunehmend in Frage gestellt.<\/p>\n<p>Trotz dieser Herausforderungen d\u00fcrfte der Markt f\u00fcr Desinfektions- und Konservierungsmittel in den kommenden Jahren weiter wachsen. Die Nachfrage nach diesen Produkten steigt branchen\u00fcbergreifend.<\/p>\n<h2>Warum sind Desinfektionsmittel und Konservierungsmittel wichtig?<\/h2>\n<p>Desinfektions- und Konservierungsmittel sind aus mehreren Gr\u00fcnden unverzichtbar. Zum einen bieten sie Schutz vor sch\u00e4dlichen Mikroorganismen. Zum anderen tragen sie dazu bei, die Verbreitung von Infektionskrankheiten und Erkrankungen zu verhindern.<br \/>\nKonservierungsmittel verl\u00e4ngern die Haltbarkeit von Produkten wie Lebensmitteln und Kosmetika. Sie tragen dazu bei, Abfall zu reduzieren und Geld zu sparen.<\/p>\n<p>Desinfektionsmittel und Konservierungsmittel erhalten die Qualit\u00e4t von Produkten. Sie verhindern Verunreinigungen und Verderb und tragen so dazu bei, dass die Produkte den gesetzlichen Anforderungen und den Erwartungen der Verbraucher entsprechen.<\/p>\n<p>Eine der Folgen der Verunreinigung von Produkten sind erhebliche finanzielle Verluste f\u00fcr Unternehmen. Da Desinfektionsmittel und Konservierungsmittel dazu beitragen, Verunreinigung und Verderb zu verhindern, tragen sie dazu bei, wirtschaftliche Verluste zu verringern.<\/p>\n<p>In Krankenh\u00e4usern und Kliniken werden Desinfektionsmittel von Mitarbeitern des Gesundheitswesens verwendet. Auch in anderen Gesundheitseinrichtungen werden sie eingesetzt, um die Ausbreitung von Infektionen zu verhindern. Auch zu Hause und in \u00f6ffentlichen R\u00e4umen werden sie eingesetzt, um Sauberkeit und Hygiene aufrechtzuerhalten.<\/p>\n<h2>Wichtige Berufsbezeichnungen<\/h2>\n<p>Die wichtigsten Berufsbezeichnungen in der Desinfektions- und Konservierungsmittelindustrie k\u00f6nnen unterschiedlich sein. Das h\u00e4ngt vom jeweiligen Bereich, der Branche und dem Unternehmen ab. Einige Standardberufsbezeichnungen in dieser Branche k\u00f6nnen jedoch sein:<\/p>\n<ol>\n<li><strong>Chemiker f\u00fcr Forschung und Entwicklung (F&amp;E).<\/strong> Entwickeln und testen Sie neue Desinfektions- und Konservierungsmittel. Verbessern Sie bestehende Produkte, um den Marktanforderungen gerecht zu werden.<\/li>\n<li><strong>Qualit\u00e4tskontrollmanager (QC).<\/strong> Stellen Sie die Qualit\u00e4t von Desinfektions- und Konservierungsmitteln sicher. \u00dcberpr\u00fcfen Sie die Produktionsprozesse und f\u00fchren Sie Tests und Inspektionen durch. Setzen Sie au\u00dferdem Ma\u00dfnahmen zur Qualit\u00e4tssicherung um.<\/li>\n<li><strong>Produktionsleiter.<\/strong> \u00dcberwachen Sie die Produktion von Desinfektions- und Konservierungsmitteln und verwalten Sie Produktionspl\u00e4ne. Stellen Sie au\u00dferdem die Effizienz der Produktionsprozesse sicher.<\/li>\n<li><strong>Verkaufsleiter.<\/strong> Entwickeln Sie Verkaufsstrategien und leiten Sie Verkaufsteams. Machen Sie au\u00dferdem bei potenziellen Kunden Werbung f\u00fcr Desinfektionsmittel und Konservierungsmittel.<\/li>\n<li><strong>Spezialist f\u00fcr regulatorische Angelegenheiten.<\/strong> Stellen Sie die Einhaltung gesetzlicher Vorschriften wie EPA- und FDA-Vorschriften sicher. \u00dcberpr\u00fcfen und bereiten Sie Produktregistrierungs- und Einreichungsdokumente vor.<\/li>\n<li><strong>Manager f\u00fcr Umweltgesundheit und -sicherheit (EHS).<\/strong> Entwickeln und implementieren Sie Sicherheitsprotokolle. Stellen Sie die Einhaltung der Sicherheits- und Umweltvorschriften sicher.<\/li>\n<li><strong>Marketing Manager.<\/strong> Entwickeln Sie Marketingpl\u00e4ne und -kampagnen und bewerben Sie Desinfektions- und Konservierungsmittel auf den Zielm\u00e4rkten.<\/li>\n<li><strong>Spezialist des technischen Hilfedienstes.<\/strong> Bieten Sie technischen Support, helfen Sie Kunden und Vertriebsteams und beheben Sie technische Probleme im Zusammenhang mit Desinfektions- und Konservierungsmitteln.<\/li>\n<li><strong>Lieferkettenmanager.<\/strong> Verwalten Sie die Lieferkette und Logistik von Desinfektions- und Konservierungsmitteln. Beschaffen Sie Rohstoffe, verwalten Sie den Bestand und koordinieren Sie den Vertrieb.<\/li>\n<li><strong>Verpackungsingenieur.<\/strong> Entwickeln und entwerfen Sie Verpackungsl\u00f6sungen f\u00fcr Desinfektionsmittel und Konservierungsmittel. Stellen Sie sicher, dass sie sicher und wirksam sind und den gesetzlichen Anforderungen entsprechen.<\/li>\n<\/ol>\n<h2>Warum Unternehmen Desinfektionsmittel und Konservierungsmittel ben\u00f6tigen<\/h2>\n<p>Unternehmen ben\u00f6tigen Desinfektionsmittel und Konservierungsmittel aus mehreren Gr\u00fcnden. Viele Branchen unterliegen Vorschriften und Normen. Oftmals erfordern diese Vorschriften Desinfektionsmittel und Konservierungsmittel. Warum? Weil diese Stoffe die Sicherheit und Qualit\u00e4t der Produkte gew\u00e4hrleisten. Beispielsweise ist in der Lebensmittel- und Getr\u00e4nkeindustrie der Einsatz von Konservierungsmitteln vorgeschrieben. Die Gr\u00fcnde sind einfach. Konservierungsmittel verhindern das Wachstum sch\u00e4dlicher Mikroorganismen. Au\u00dferdem verl\u00e4ngern sie die Haltbarkeit von Produkten.<\/p>\n<p>Desinfektionsmittel und Konservierungsmittel sch\u00fctzen die \u00f6ffentliche Gesundheit. Sie verhindern die Verbreitung von Infektionskrankheiten und Krankheiten, was in Gesundheitseinrichtungen besonders wichtig ist. Dar\u00fcber hinaus verwenden diese Einrichtungen Desinfektionsmittel, um die Verbreitung von Infektionen zu verhindern. Sie tragen zur Sicherheit von Patienten und medizinischem Personal bei.<\/p>\n<p>Konservierungsmittel verl\u00e4ngern die Haltbarkeit von Produkten wie Kosmetika, Arzneimitteln und Lebensmitteln. Dar\u00fcber hinaus tragen sie dazu bei, die Produktqualit\u00e4t zu erhalten und Verderb zu verhindern, was f\u00fcr Unternehmen von entscheidender Bedeutung ist. Sie tragen dazu bei, Abfall zu reduzieren und die Kundenzufriedenheit zu verbessern.<\/p>\n<p>Durch den Einsatz von Desinfektions- und Konservierungsmitteln k\u00f6nnen Unternehmen Kosten sparen. Sie reduzieren den Bedarf an h\u00e4ufiger Reinigung und Desinfektion.<\/p>\n<p>Der Einsatz von Desinfektions- und Konservierungsmitteln kann den Ruf einer Marke verbessern. Er zeigt, dass sich ein Unternehmen f\u00fcr Sicherheit, Qualit\u00e4t und Hygiene einsetzt.<\/p>\n<h2>Schl\u00fcsselfaktoren f\u00fcr den Erfolg<\/h2>\n<p>Einer der entscheidenden Erfolgsfaktoren in der Desinfektions- und Konservierungsmittelindustrie ist die Produktqualit\u00e4t. Sie bestimmt, wie wirksam die Produkte sch\u00e4dliche Mikroorganismen abt\u00f6ten oder eliminieren und Verderben verhindern.<\/p>\n<p>Ein weiterer Erfolgsfaktor ist die kontinuierliche Forschung und Entwicklung neuer Desinfektions- und Konservierungsmittel. Verbesserungen bestehender Produkte sind unerl\u00e4sslich, um den Anforderungen des Marktes gerecht zu werden. Sie helfen Unternehmen auch, der Konkurrenz einen Schritt voraus zu sein.<\/p>\n<p>Die Einhaltung gesetzlicher Vorschriften wie der EPA- und FDA-Vorschriften ist von entscheidender Bedeutung. Sie gew\u00e4hrleistet die Sicherheit und Wirksamkeit von Desinfektions- und Konservierungsmitteln. Au\u00dferdem hilft sie Unternehmen, beh\u00f6rdliche Sanktionen zu vermeiden.<br \/>\nEin effektives Management der Lieferkette ist unerl\u00e4sslich. Unternehmen m\u00fcssen Rohstoffe beschaffen, Lagerbest\u00e4nde verwalten und den Vertrieb koordinieren. Diese Ma\u00dfnahmen gew\u00e4hrleisten die rechtzeitige und effiziente Lieferung von Desinfektions- und Konservierungsmitteln.<\/p>\n<p>Effektive Marketing- und Branding-Strategien k\u00f6nnen die Sichtbarkeit von Produkten und die Wiedererkennung von Marken erh\u00f6hen. Dies f\u00fchrt zu h\u00f6heren Ums\u00e4tzen und Marktanteilen.<\/p>\n<p>Hervorragender Kundenservice und technischer Support sind von entscheidender Bedeutung. Dies kann zur Kundenbindung und Zufriedenheit beitragen. Au\u00dferdem f\u00fchrt es zu Folgeauftr\u00e4gen und positiven Mundpropaganda-Empfehlungen.<\/p>\n<p>Die Verwendung nachhaltiger Inhaltsstoffe und Verpackungsmaterialien wird immer wichtiger. Warum? Weil Verbraucher immer umweltbewusster werden.<\/p>\n<h2>\u00dcber die Marktforschung f\u00fcr Desinfektionsmittel und Konservierungsmittel<\/h2>\n<p>Focus Groups, Surveys, and Interviews have significant value. So do Qualitative, and Quantitative Market Research reports. At SIS International, you can access all this. We also provide <a href=\"https:\/\/www.sisinternational.com\/de\/abdeckung\/die-amerikaner\/marktforschung-in-der-karibik\/marktforschung-st-kitts-und-nevis\/\" title=\"Marktforschung in St. Kitts und Nevis\"  data-wpil-monitor-id=\"3291\">Markteintrittsforschung<\/a>, Competitive Analysis, and UX Market Research. We help you to keep abreast of changing trends and investigate new markets.<\/p>\n<p>If you\u2019ve discovered a great business idea, test it against what\u2019s already on the market. For this, you may need <a href=\"https:\/\/www.sisinternational.com\/de\/sachverstand\/branchen\/nanopartikel-marktforschung\/\" title=\"Marktforschung f\u00fcr Nanopartikel\"  data-wpil-monitor-id=\"3328\">Marktchancenforschung<\/a>, Market Sizing Research, and Strategy Market Research. Contact us today! We will help with you Go to Market Strategy.<\/p>","protected":false},"excerpt":{"rendered":"<p>Der globale Markt f\u00fcr Desinfektions- und Konservierungsmittel ist im Gesundheitswesen, der Lebensmittelverarbeitung und anderen Branchen effektiv gewachsen.<\/p>","protected":false},"author":1,"featured_media":0,"parent":14514,"menu_order":204,"comment_status":"closed","ping_status":"closed","template":"","meta":{"footnotes":""},"class_list":["post-41809","page","type-page","status-publish"],"_links":{"self":[{"href":"https:\/\/www.sisinternational.com\/de\/wp-json\/wp\/v2\/pages\/41809","targetHints":{"allow":["GET"]}}],"collection":[{"href":"https:\/\/www.sisinternational.com\/de\/wp-json\/wp\/v2\/pages"}],"about":[{"href":"https:\/\/www.sisinternational.com\/de\/wp-json\/wp\/v2\/types\/page"}],"author":[{"embeddable":true,"href":"https:\/\/www.sisinternational.com\/de\/wp-json\/wp\/v2\/users\/1"}],"replies":[{"embeddable":true,"href":"https:\/\/www.sisinternational.com\/de\/wp-json\/wp\/v2\/comments?post=41809"}],"version-history":[{"count":4,"href":"https:\/\/www.sisinternational.com\/de\/wp-json\/wp\/v2\/pages\/41809\/revisions"}],"predecessor-version":[{"id":77975,"href":"https:\/\/www.sisinternational.com\/de\/wp-json\/wp\/v2\/pages\/41809\/revisions\/77975"}],"up":[{"embeddable":true,"href":"https:\/\/www.sisinternational.com\/de\/wp-json\/wp\/v2\/pages\/14514"}],"wp:attachment":[{"href":"https:\/\/www.sisinternational.com\/de\/wp-json\/wp\/v2\/media?parent=41809"}],"curies":[{"name":"wp","href":"https:\/\/api.w.org\/{rel}","templated":true}]}}