{"id":41805,"date":"2023-03-16T13:27:25","date_gmt":"2023-03-16T17:27:25","guid":{"rendered":"https:\/\/www.sisinternational.com\/?page_id=41805"},"modified":"2026-03-12T13:31:54","modified_gmt":"2026-03-12T17:31:54","slug":"marktforschung-fur-desserts","status":"publish","type":"page","link":"https:\/\/www.sisinternational.com\/de\/losungen\/marktforschung-fur-die-lebensmittel-und-getrankeindustrie\/marktforschung-fur-desserts\/","title":{"rendered":"Marktforschung f\u00fcr Desserts"},"content":{"rendered":"<h1 class=\"wp-block-heading\">Marktforschung f\u00fcr Desserts<\/h1>\n\n\n\n<figure class=\"gb-block-image gb-block-image-c729c457\"><img loading=\"lazy\" decoding=\"async\" width=\"1456\" height=\"816\" class=\"gb-image gb-image-c729c457\" src=\"https:\/\/www.sisinternational.com\/wp-content\/uploads\/2025\/08\/Dessert-4.jpg\" alt=\"SIS International Marktforschung &amp; Strategie\" title=\"Dessert (4)\" srcset=\"https:\/\/www.sisinternational.com\/wp-content\/uploads\/2025\/08\/Dessert-4.jpg 1456w, https:\/\/www.sisinternational.com\/wp-content\/uploads\/2025\/08\/Dessert-4-300x168.jpg 300w, https:\/\/www.sisinternational.com\/wp-content\/uploads\/2025\/08\/Dessert-4-1024x574.jpg 1024w, https:\/\/www.sisinternational.com\/wp-content\/uploads\/2025\/08\/Dessert-4-768x430.jpg 768w, https:\/\/www.sisinternational.com\/wp-content\/uploads\/2025\/08\/Dessert-4-18x10.jpg 18w\" sizes=\"auto, (max-width: 1456px) 100vw, 1456px\"><\/figure>\n\n\n\n<p><\/p>\n\n\n\n<p>Die Marktforschung f\u00fcr Desserts bietet Einblicke in verschiedene Gesch\u00e4ftsprozesse und Sektoren, die f\u00fcr die Herstellung und den Vertrieb von Produkten und Dienstleistungen in der betreffenden Branche von entscheidender Bedeutung sind. Der Dessertmarkt, der Teil der Lebensmittelindustrie ist, hat eine optimistische langfristige Prognose, da es sich um eine Art von Lebensmitteln handelt, die fast jeder genie\u00dft und zu denen er nur schwer Nein sagen kann.<\/p>\n\n\n\n<p>The dessert market is very competitive, and with competition comes obstacles that include already well-established dessert products as well as new discoveries, all vying for consumers&#8217; attention. Dessert market research provides insights for businesses with customized and&nbsp;data-driven&nbsp;information on the different aspects of the&nbsp;dessert industry. This is to assist them in gaining a deeper understanding of <a href=\"https:\/\/www.sisinternational.com\/de\/veroffentlichungen\/kauferverhalten-nach-corona-neue-verbraucher\/\" title=\"K\u00e4uferverhalten nach Corona \u2013 Verbrauchermarktforschung\"  data-wpil-monitor-id=\"10010\">consumers and market<\/a> trends in order to&nbsp;remain&nbsp;creative, thrive despite competition, and grow&nbsp;their brands.<\/p>\n\n\n\n<p>Typically, dessert food sector is divided by product category, sales channel, and local marker. The <a class=\"wpil_keyword_link\" href=\"https:\/\/www.sisinternational.com\/de\/sachverstand\/branchen\/marktforschung-fur-milchprodukte\/\"   title=\"Milchmarktforschung\" data-wpil-keyword-link=\"linked\"  data-wpil-monitor-id=\"385\">Marktforschung f\u00fcr Milchprodukte<\/a> includes essential data and projections on market size and value for the industry&#8217;s major segments.<\/p>\n\n\n\n<h2 class=\"wp-block-heading\">Was sind Desserts?<\/h2>\n\n\n\n<figure class=\"gb-block-image gb-block-image-46116073\"><img loading=\"lazy\" decoding=\"async\" width=\"1456\" height=\"816\" class=\"gb-image gb-image-46116073\" src=\"https:\/\/www.sisinternational.com\/wp-content\/uploads\/2025\/08\/Dessert-2.jpg\" alt=\"SIS International Marktforschung &amp; Strategie\" title=\"Dessert (2)\" srcset=\"https:\/\/www.sisinternational.com\/wp-content\/uploads\/2025\/08\/Dessert-2.jpg 1456w, https:\/\/www.sisinternational.com\/wp-content\/uploads\/2025\/08\/Dessert-2-300x168.jpg 300w, https:\/\/www.sisinternational.com\/wp-content\/uploads\/2025\/08\/Dessert-2-1024x574.jpg 1024w, https:\/\/www.sisinternational.com\/wp-content\/uploads\/2025\/08\/Dessert-2-768x430.jpg 768w, https:\/\/www.sisinternational.com\/wp-content\/uploads\/2025\/08\/Dessert-2-18x10.jpg 18w\" sizes=\"auto, (max-width: 1456px) 100vw, 1456px\"><\/figure>\n\n\n\n<p><\/p>\n\n\n\n<p>Normalerweise werden Desserts als letzter Gang einer Mahlzeit serviert. Weltweit sind Desserts jedoch Lebensmittel oder Getr\u00e4nke, die haupts\u00e4chlich s\u00fc\u00df schmecken und in verschiedenen Texturen und Erscheinungsformen erh\u00e4ltlich sind.<\/p>\n\n\n\n<p>Zahlreiche Kulturen haben unterschiedliche Dessertsorten. Heutzutage werden die verschiedenen Dessertarten weitergegeben oder stammen von bestimmten Orten. Dies ist ein Faktor, der zur Vielfalt der Desserts beitr\u00e4gt.<\/p>\n\n\n\n<h3 class=\"wp-block-heading\">Nachfolgend sind einige der beliebtesten Desserts aufgef\u00fchrt:<\/h3>\n\n\n\n<ul class=\"wp-block-list\">\n<li>Kuchen<\/li>\n\n\n\n<li>Geb\u00e4ck<\/li>\n\n\n\n<li>Kuchen<\/li>\n\n\n\n<li>Konfekt<\/li>\n\n\n\n<li>Vanilleso\u00dfen und Puddings<\/li>\n\n\n\n<li>Frittierte Desserts<\/li>\n\n\n\n<li>Gefrorene Desserts<\/li>\n\n\n\n<li>Gelatine<\/li>\n\n\n\n<li>Fr\u00fcchte<\/li>\n\n\n\n<li>Getr\u00e4nke wie Fruchtshakes, s\u00fc\u00dfe Weine und cremige Cocktails<\/li>\n<\/ul>\n\n\n\n<p>Desserts stillen nicht nur unseren Hei\u00dfhunger auf S\u00fc\u00dfes, sondern k\u00f6nnen auch gesundheitsf\u00f6rdernd wirken. Die verschiedenen Zutaten, aus denen Desserts hergestellt werden, enthalten wichtige Elemente wie Vitamine, Mineralien und Antioxidantien, die f\u00fcr die allgemeine Gesundheit von entscheidender Bedeutung sind. Dar\u00fcber hinaus enthalten viele S\u00fc\u00dfigkeiten viele Ballaststoffe, die uns \u00fcber l\u00e4ngere Zeitr\u00e4ume hinweg ein S\u00e4ttigungsgef\u00fchl vermitteln. Aufgrund ihres nat\u00fcrlichen Zuckergehalts sind Desserts auch fantastische Energiespender.<\/p>\n\n\n\n<p>Neben den gesundheitlichen Vorteilen von S\u00fc\u00dfigkeiten kann der Genuss auch Stress und \u00c4ngste abbauen. Desserts k\u00f6nnen gute Gef\u00fchle wie Gl\u00fcck und Zufriedenheit hervorrufen und die Stimmung heben. Sich ein Dessert zu g\u00f6nnen kann auch eine Gelegenheit zur Entspannung und zum Vergn\u00fcgen sein.<\/p>\n\n\n\n<h2 class=\"wp-block-heading\">Methoden der Dessert-Marktforschung<\/h2>\n\n\n\n<p>Marktforschung bietet Einblicke in verschiedene Marketingtrends, Prognosen und Probleme in der Dessertbranche. Es gibt mehrere Hauptquellen f\u00fcr die Zusammenstellung der Daten und Strategien in der Dessertbranche. Zu diesen Methoden geh\u00f6ren die folgenden:<\/p>\n\n\n\n<h2 class=\"wp-block-heading\">Studie zur Zielgruppenforschung<\/h2>\n\n\n\n<p>In der Kundenforschung wird der Einfluss sozialer, wirtschaftlicher, kultureller und psychologischer Faktoren auf Einstellungen und Kaufentscheidungen untersucht. Der Mix aus exklusiver Prim\u00e4rforschung und verteilten Daten erm\u00f6glicht eine pr\u00e4zise und eindeutige Bewertung. Zu den Methoden geh\u00f6ren:<\/p>\n\n\n\n<ul class=\"wp-block-list\">\n<li>Nutzung prim\u00e4rer Forschungsfragen f\u00fcr Interviews, Umfragen und Online-Umfragen zur Datenerfassung und -analyse.<\/li>\n\n\n\n<li>Verwendung von Stichproben von Befragten, die nach Geschlecht, Alter, Haushaltseinkommen und Region kategorisiert wurden.<\/li>\n\n\n\n<li>Die Verwendung gezielter Zielgruppen oder Fachpanels, um Antworten von schwer erreichbaren demografischen Gruppen zu sammeln.<\/li>\n\n\n\n<li>Collecting data and strategies from other reputable consumer <a href=\"https:\/\/www.sisinternational.com\/de\/sachverstand\/lebenslaufe\/lebenslauf-mit-erfahrungen-in-der-automobilindustrie\/\" title=\"Marktforschungsunternehmen f\u00fcr die Automobilindustrie\"  data-wpil-monitor-id=\"10006\">research companies in the dessert industry<\/a>.<\/li>\n<\/ul>\n\n\n\n<h3 class=\"wp-block-heading\">Marktforschung f\u00fcr Desserts bei Wettbewerbern<\/h3>\n\n\n\n<figure class=\"gb-block-image gb-block-image-7575fdcf\"><img loading=\"lazy\" decoding=\"async\" width=\"1456\" height=\"816\" class=\"gb-image gb-image-7575fdcf\" src=\"https:\/\/www.sisinternational.com\/wp-content\/uploads\/2025\/08\/Dessert-5.jpg\" alt=\"SIS International Marktforschung &amp; Strategie\" title=\"Dessert (5)\" srcset=\"https:\/\/www.sisinternational.com\/wp-content\/uploads\/2025\/08\/Dessert-5.jpg 1456w, https:\/\/www.sisinternational.com\/wp-content\/uploads\/2025\/08\/Dessert-5-300x168.jpg 300w, https:\/\/www.sisinternational.com\/wp-content\/uploads\/2025\/08\/Dessert-5-1024x574.jpg 1024w, https:\/\/www.sisinternational.com\/wp-content\/uploads\/2025\/08\/Dessert-5-768x430.jpg 768w, https:\/\/www.sisinternational.com\/wp-content\/uploads\/2025\/08\/Dessert-5-18x10.jpg 18w\" sizes=\"auto, (max-width: 1456px) 100vw, 1456px\"><\/figure>\n\n\n\n<p><\/p>\n\n\n\n<p>Trade <a href=\"https:\/\/www.sisinternational.com\/de\/sachverstand\/branchen\/nanopartikel-marktforschung\/\" title=\"Marktforschung f\u00fcr Nanopartikel\"  data-wpil-monitor-id=\"3329\">research for dessert market<\/a> entails engaging essential companies in the sector to collect information about their operations and perspectives on strategic issues pertinent to the market being studied. This way, any end user of the market research report can address current operation and marketing issues. To assure precision, only seasoned industry representatives can analyze the collected data and strategies in the dessert industry.<\/p>\n\n\n\n<p>F\u00fcr bestimmte Studien wird Handelsforschung durch die Besch\u00e4ftigung von Forschern mit Fachwissen und Kenntnissen der Dessertbranche durchgef\u00fchrt. Diese besteht aus vollst\u00e4ndigen Marktinterviewfragen und direkten Zitaten aus glaubw\u00fcrdigen Quellen, die dann von Fachexperten analysiert und in den Bericht aufgenommen werden. Dies liefert hervorragende umsetzbare Ideen zu verschiedenen Situationen zu aktuellen Herausforderungen und Vorg\u00e4ngen in der Gesch\u00e4ftslandschaft. Die Marktforschung liefert Erkenntnisse mit Zitaten, die wichtige Perspektiven auf verschiedene Bilder der aktuellen Probleme der Branche vermitteln.<\/p>\n\n\n\n<h3 class=\"wp-block-heading\">Prognose von Marketingtrends anhand vergangener und aktueller Daten<\/h3>\n\n\n\n<p>The power of historical information to predict the future <a href=\"https:\/\/www.sisinternational.com\/de\/abdeckung\/die-amerikaner\/usa-berichterstattung\/marktforschung-im-staat-new-york\/\" title=\"Marktforschung im Staat New York\"  data-wpil-monitor-id=\"10011\">state of markets<\/a> is limited. Thus, rich qualitative inputs from industry experts regarding past and future events that may have an impact on the market play a vital role in our post-statistical modeling evaluation process. In addition, analyzing the past <a href=\"https:\/\/www.sisinternational.com\/de\/sachverstand\/branchen\/marktforschung-fur-virtuelle-krankenpflegehelfer\/\" title=\"Marktforschung f\u00fcr virtuelle Pflegeassistenten\"  data-wpil-monitor-id=\"10012\">market and the current year&#8217;s data assists<\/a> in determining the likelihood of various scenarios for estimating the market value of desserts over the following couple of years.<\/p>\n\n\n\n<p>Die statistische Prognose der Dessertmarktforschung ber\u00fccksichtigt zus\u00e4tzliche Faktoren, die \u00fcber die Kapazit\u00e4t der Datenanalyse hinausgehen. Mithilfe eines strengen statistischen Prozesses, erg\u00e4nzt durch umfassende Marktkenntnisse und Fachwissen, k\u00f6nnen die Ergebnisse eine entscheidende Rolle bei der Interpretation von Trends spielen, die die Zukunft der Dessertindustrie beeinflussen k\u00f6nnen.<\/p>\n\n\n\n<h2 class=\"wp-block-heading\">Vorteile der Marktforschung f\u00fcr Desserts<\/h2>\n\n\n\n<ul class=\"wp-block-list\">\n<li>Learn about significant <a href=\"https:\/\/www.sisinternational.com\/de\/future-trends-in-qualitative-market-research\/\" title=\"Future Trends in Qualitative Market Research\"  data-wpil-monitor-id=\"10007\">market trends that can impact the future<\/a> of doing business.<\/li>\n\n\n\n<li>Identifizieren Sie Risiken und Vorteile bei der Einf\u00fchrung neuer Produkte oder der Planung von Marketingkampagnen.<\/li>\n\n\n\n<li>Verschaffen Sie sich solide Referenzen, bevor Sie Ihre Marketing-, Strategie- und Planungsentscheidungen treffen.<\/li>\n\n\n\n<li>Erstellen Sie umgehend Wettbewerbsinformationen, die Sie sofort nutzen k\u00f6nnen<\/li>\n\n\n\n<li>Die Marktforschung f\u00fcr Desserts bietet Einblicke in Informationen verschiedener Gesch\u00e4ftssektoren und hilft so bei der Planung und strategischen Entscheidungsfindung.<\/li>\n\n\n\n<li>Gives you a greater comprehension of industry rivalry and the <a href=\"https:\/\/www.sisinternational.com\/de\/losungen\/fintech-strategieberatung-forschung\/marktforschung-im-bereich-supply-chain-finance\/\" title=\"Marktforschung f\u00fcr Supply Chain Finance\"  data-wpil-monitor-id=\"10008\">supply chain<\/a> by allowing you to comprehend market dynamics.<\/li>\n\n\n\n<li>Analysiert wichtige Leistungs- und Betriebsparameter, sodass Sie Ihr Unternehmen mit Ihrem eigenen, dem Ihrer Kunden und Ihren Mitbewerbern vergleichen k\u00f6nnen.<\/li>\n<\/ul>\n\n\n\n<h2 class=\"wp-block-heading\">\u00dcber Dessert Market Research<\/h2>\n\n\n\n<figure class=\"gb-block-image gb-block-image-530fa7e3\"><img loading=\"lazy\" decoding=\"async\" width=\"1456\" height=\"816\" class=\"gb-image gb-image-530fa7e3\" src=\"https:\/\/www.sisinternational.com\/wp-content\/uploads\/2025\/08\/Dessert-1.jpg\" alt=\"SIS International Marktforschung &amp; Strategie\" title=\"Dessert (1)\" srcset=\"https:\/\/www.sisinternational.com\/wp-content\/uploads\/2025\/08\/Dessert-1.jpg 1456w, https:\/\/www.sisinternational.com\/wp-content\/uploads\/2025\/08\/Dessert-1-300x168.jpg 300w, https:\/\/www.sisinternational.com\/wp-content\/uploads\/2025\/08\/Dessert-1-1024x574.jpg 1024w, https:\/\/www.sisinternational.com\/wp-content\/uploads\/2025\/08\/Dessert-1-768x430.jpg 768w, https:\/\/www.sisinternational.com\/wp-content\/uploads\/2025\/08\/Dessert-1-18x10.jpg 18w\" sizes=\"auto, (max-width: 1456px) 100vw, 1456px\"><\/figure>\n\n\n\n<p><\/p>\n\n\n\n<p>Dessert Market Research delivers a comprehensive analysis of your market, including market drivers and segmentation, consumer attitudes and behaviors, a summary of brand activity and innovation, and market potential. Each study includes data and strategies in the dessert industry that categorizes <a href=\"https:\/\/www.sisinternational.com\/de\/losungen\/verbrauchermarktforschung\/\" title=\"Consumer Market Research Services for Smarter Business Decisions\"  data-wpil-monitor-id=\"10009\">consumer research by demographic and a business<\/a> summary that showcases the report&#8217;s primary findings.<\/p>\n\n\n\n<p>Dessert Market Research provides insights to clients, executive business personnel, and key industry experts into an objective, <a href=\"https:\/\/www.sisinternational.com\/de\/kundenzufriedenheitsanalyse\/\" title=\"8 M\u00f6glichkeiten zur Steigerung der Kundenzufriedenheit im Einzelhandel\"  data-wpil-monitor-id=\"10005\">custom view of the consumer<\/a> market and a clear roadmap for navigating it. Each study combines original research, reliable market data, and expert analysis to provide you with the tools you need to expand your business.<\/p>","protected":false},"excerpt":{"rendered":"<p>F\u00fcr den Dessertmarkt ist langfristig eine optimistische Prognose zu erwarten, da es sich um ein Nahrungsmittel handelt, das fast jeder genie\u00dft und zu dem er nur schwer Nein sagen kann.<\/p>","protected":false},"author":1,"featured_media":64770,"parent":22018,"menu_order":203,"comment_status":"closed","ping_status":"closed","template":"","meta":{"footnotes":""},"class_list":["post-41805","page","type-page","status-publish","has-post-thumbnail"],"_links":{"self":[{"href":"https:\/\/www.sisinternational.com\/de\/wp-json\/wp\/v2\/pages\/41805","targetHints":{"allow":["GET"]}}],"collection":[{"href":"https:\/\/www.sisinternational.com\/de\/wp-json\/wp\/v2\/pages"}],"about":[{"href":"https:\/\/www.sisinternational.com\/de\/wp-json\/wp\/v2\/types\/page"}],"author":[{"embeddable":true,"href":"https:\/\/www.sisinternational.com\/de\/wp-json\/wp\/v2\/users\/1"}],"replies":[{"embeddable":true,"href":"https:\/\/www.sisinternational.com\/de\/wp-json\/wp\/v2\/comments?post=41805"}],"version-history":[{"count":6,"href":"https:\/\/www.sisinternational.com\/de\/wp-json\/wp\/v2\/pages\/41805\/revisions"}],"predecessor-version":[{"id":81656,"href":"https:\/\/www.sisinternational.com\/de\/wp-json\/wp\/v2\/pages\/41805\/revisions\/81656"}],"up":[{"embeddable":true,"href":"https:\/\/www.sisinternational.com\/de\/wp-json\/wp\/v2\/pages\/22018"}],"wp:featuredmedia":[{"embeddable":true,"href":"https:\/\/www.sisinternational.com\/de\/wp-json\/wp\/v2\/media\/64770"}],"wp:attachment":[{"href":"https:\/\/www.sisinternational.com\/de\/wp-json\/wp\/v2\/media?parent=41805"}],"curies":[{"name":"wp","href":"https:\/\/api.w.org\/{rel}","templated":true}]}}