{"id":41797,"date":"2023-03-16T12:34:21","date_gmt":"2023-03-16T16:34:21","guid":{"rendered":"https:\/\/www.sisinternational.com\/?page_id=41797"},"modified":"2026-01-26T17:22:31","modified_gmt":"2026-01-26T22:22:31","slug":"marktforschung-fur-gewurze","status":"publish","type":"page","link":"https:\/\/www.sisinternational.com\/de\/sachverstand\/marktforschung-fur-gewurze\/","title":{"rendered":"Marktforschung f\u00fcr Gew\u00fcrze"},"content":{"rendered":"<h1 class=\"wp-block-heading\">Marktforschung f\u00fcr Gew\u00fcrze<\/h1>\n\n\n\n<figure class=\"gb-block-image gb-block-image-ae245be1\"><img loading=\"lazy\" decoding=\"async\" width=\"1456\" height=\"816\" class=\"gb-image gb-image-ae245be1\" src=\"https:\/\/www.sisinternational.com\/wp-content\/uploads\/2025\/08\/Saudi-Arabia-33-27.jpg\" alt=\"SIS International Marktforschung &amp; Strategie\" title=\"Saudi Arabia 33 (27)\" srcset=\"https:\/\/www.sisinternational.com\/wp-content\/uploads\/2025\/08\/Saudi-Arabia-33-27.jpg 1456w, https:\/\/www.sisinternational.com\/wp-content\/uploads\/2025\/08\/Saudi-Arabia-33-27-300x168.jpg 300w, https:\/\/www.sisinternational.com\/wp-content\/uploads\/2025\/08\/Saudi-Arabia-33-27-1024x574.jpg 1024w, https:\/\/www.sisinternational.com\/wp-content\/uploads\/2025\/08\/Saudi-Arabia-33-27-768x430.jpg 768w, https:\/\/www.sisinternational.com\/wp-content\/uploads\/2025\/08\/Saudi-Arabia-33-27-18x10.jpg 18w\" sizes=\"auto, (max-width: 1456px) 100vw, 1456px\"><\/figure>\n\n\n\n<p><\/p>\n\n\n\n<p>Die Marktforschung f\u00fcr Gew\u00fcrze untersucht die aktuellen Trends und Chancen in der Gew\u00fcrzindustrie. Die Gew\u00fcrzindustrie hat in den letzten Jahren ein Wachstum erlebt, das durch Faktoren wie ver\u00e4nderte Verbraucherpr\u00e4ferenzen, steigende Nachfrage nach Fertiggerichten und den Aufstieg der Gastronomiebranche angetrieben wurde.<\/p>\n\n\n\n<p>Angesichts der anhaltenden Gesundheitsprobleme weltweit infolge der Ver\u00e4nderungen nach der Pandemie und ihrer Auswirkungen auf die Lebensmittelindustrie steht der Gew\u00fcrzmarkt jedoch vor einigen Herausforderungen, darunter Unterbrechungen der Lieferkette und ein ver\u00e4ndertes Verbraucherverhalten.<\/p>\n\n\n\n<p>Condiment Market Research provides insights into the current state of the condiment market, including market size, market segments, and market trends. Additionally, the <a href=\"https:\/\/www.sisinternational.com\/de\/losungen\/internationale-verbraucherforschung\/\" title=\"Internationale Verbraucherforschung\"  data-wpil-monitor-id=\"10016\">research will examine consumer<\/a> preferences and behavior when it comes to condiments, including factors such as brand loyalty, ingredient preferences, and packaging choices.<\/p>\n\n\n\n<h2 class=\"wp-block-heading\">Was sind Gew\u00fcrze?<\/h2>\n\n\n\n<p>Gew\u00fcrze sind Substanzen, die verwendet werden, um Geschmack, Konsistenz oder Aussehen von Lebensmitteln zu verbessern. Sie werden den Lebensmitteln normalerweise vor oder nach dem Kochen zugesetzt und k\u00f6nnen entweder herzhaft oder s\u00fc\u00df sein. Gew\u00fcrze werden h\u00e4ufig verwendet, um den Geschmack eines Gerichts zu erg\u00e4nzen oder auszugleichen, Feuchtigkeit hinzuzuf\u00fcgen oder einen Kontrast in der Konsistenz zu schaffen.<\/p>\n\n\n\n<h3 class=\"wp-block-heading\">Es gibt viele verschiedene Arten von Gew\u00fcrzen und sie k\u00f6nnen auf verschiedene Arten kategorisiert werden. Hier sind einige g\u00e4ngige Kategorien von Gew\u00fcrzen:<\/h3>\n\n\n\n<ul class=\"wp-block-list\">\n<li>Saucen sind fl\u00fcssige oder halbfeste W\u00fcrzmittel, die normalerweise \u00fcber Lebensmittel gegossen oder in diese eingemischt werden. Beispiele hierf\u00fcr sind Tomatensauce, Sojasauce und Bratenso\u00dfe.<\/li>\n\n\n\n<li>Dips sind dickere W\u00fcrzmittel, in die man Speisen eintunkt. Beispiele hierf\u00fcr sind Salsa, Hummus und Guacamole.<\/li>\n\n\n\n<li>Brotaufstriche sind W\u00fcrzmittel, die auf Brot oder Cracker aufgetragen oder getr\u00e4ufelt werden. Beispiele hierf\u00fcr sind Butter, Erdnussbutter und Marmelade.<\/li>\n\n\n\n<li>Gew\u00fcrze sind W\u00fcrzmittel, die Speisen Geschmack verleihen. Beispiele hierf\u00fcr sind Salz, Pfeffer und Kr\u00e4uter.<br>Pickles und Relishes sind Gew\u00fcrze aus eingelegtem Gem\u00fcse oder Obst. Beispiele sind Pickles, Chutneys und Relish.<\/li>\n\n\n\n<li>Dressings sind fl\u00fcssige W\u00fcrzmittel, die zum W\u00fcrzen von Salaten verwendet werden. Beispiele hierf\u00fcr sind Salatdressings, Vinaigrettes und Mayonnaise.<\/li>\n<\/ul>\n\n\n\n<p>Gew\u00fcrze k\u00f6nnen auch nach Geschmacksprofilen kategorisiert werden, beispielsweise s\u00fc\u00df, scharf oder herzhaft. Dar\u00fcber hinaus k\u00f6nnen sie auch anhand ihrer kulturellen oder regionalen Herkunft unterschieden werden, beispielsweise italienische, asiatische oder mexikanische Gew\u00fcrze.<\/p>\n\n\n\n<h2 class=\"wp-block-heading\">Was sind die Haupttreiber der Gew\u00fcrzmarktbranche?<\/h2>\n\n\n\n<figure class=\"gb-block-image gb-block-image-c2a00e1e\"><img loading=\"lazy\" decoding=\"async\" width=\"1456\" height=\"816\" class=\"gb-image gb-image-c2a00e1e\" src=\"https:\/\/www.sisinternational.com\/wp-content\/uploads\/2025\/08\/Saudi-Arabia-33-28.jpg\" alt=\"SIS International Marktforschung &amp; Strategie\" title=\"Saudi Arabia 33 (28)\" srcset=\"https:\/\/www.sisinternational.com\/wp-content\/uploads\/2025\/08\/Saudi-Arabia-33-28.jpg 1456w, https:\/\/www.sisinternational.com\/wp-content\/uploads\/2025\/08\/Saudi-Arabia-33-28-300x168.jpg 300w, https:\/\/www.sisinternational.com\/wp-content\/uploads\/2025\/08\/Saudi-Arabia-33-28-1024x574.jpg 1024w, https:\/\/www.sisinternational.com\/wp-content\/uploads\/2025\/08\/Saudi-Arabia-33-28-768x430.jpg 768w, https:\/\/www.sisinternational.com\/wp-content\/uploads\/2025\/08\/Saudi-Arabia-33-28-18x10.jpg 18w\" sizes=\"auto, (max-width: 1456px) 100vw, 1456px\"><\/figure>\n\n\n\n<p><\/p>\n\n\n\n<h3 class=\"wp-block-heading\">Es gibt mehrere wichtige Treiber, die derzeit den Gew\u00fcrzmarkt beeinflussen:<\/h3>\n\n\n\n<ul class=\"wp-block-list\">\n<li>Ver\u00e4nderte Verbraucherpr\u00e4ferenzen. Verbraucher suchen nach ges\u00fcnderen, nat\u00fcrlicheren und biologischen Gew\u00fcrzen mit wenig Zucker, Fett und Salz. Sie m\u00f6chten au\u00dferdem eine gro\u00dfe Auswahl an Geschmacksrichtungen und Optionen, darunter auch ethnische und regionale Geschmacksrichtungen.<\/li>\n\n\n\n<li>Nachfrage nach Bequemlichkeit. Verbraucher f\u00fchren einen zunehmend hektischen Lebensstil, was zu einer steigenden Nachfrage nach gebrauchsfertigen Gew\u00fcrzen gef\u00fchrt hat, die einfach aufzubewahren und zu verwenden sind.<\/li>\n\n\n\n<li>Growth in the Foodservice Industry. The growth of the <a class=\"wpil_keyword_link\" href=\"https:\/\/www.sisinternational.com\/de\/lebensmittelindustrie\/\"   title=\"Spotlight auf die Foodservice-Branche 2011\" data-wpil-keyword-link=\"linked\"  data-wpil-monitor-id=\"386\">Lebensmittelindustrie<\/a>, including fast food and casual dining restaurants, has increased the demand for condiments. Restaurants are looking for new and innovative condiment options to differentiate themselves and attract customers.<\/li>\n\n\n\n<li>Expansion of Retail Channels. Retail channels such as supermarkets, hypermarkets, and online platforms have expanded, providing <a href=\"https:\/\/www.sisinternational.com\/de\/losungen\/qualitative-quantitative-forschungslosungen\/enhancing-product-appeal-through-consumer-choice-modeling\/\" title=\"Consumer Choice Modeling\"  data-wpil-monitor-id=\"10021\">consumers with more choices<\/a> and convenience when it comes to purchasing condiments.<br>Wachsendes Gesundheitsbewusstsein. Mit dem steigenden Gesundheitsbewusstsein suchen Verbraucher nach kalorienarmen Gew\u00fcrzen mit zus\u00e4tzlichen N\u00e4hrstoffen wie Vitaminen und Mineralstoffen.<\/li>\n\n\n\n<li>Zunehmende Urbanisierung. Da die Menschen in Scharen in die St\u00e4dte ziehen, ist die Nachfrage nach Gew\u00fcrzen gestiegen, die leicht gelagert und auf kleinerem Raum verwendet werden k\u00f6nnen.<\/li>\n\n\n\n<li>Zunehmende Globalisierung. Da die Welt immer st\u00e4rker vernetzt ist, steigt die Nachfrage nach internationalen und regionalen Aromen, was wiederum zu einer erh\u00f6hten Nachfrage nach Gew\u00fcrzen f\u00fchrt, die den unterschiedlichen kulturellen und regionalen Vorlieben gerecht werden.<\/li>\n<\/ul>\n\n\n\n<p>Diese Schl\u00fcsselfaktoren pr\u00e4gen die Gew\u00fcrzbranche und werden diesen Einfluss voraussichtlich auch in den kommenden Jahren beibehalten.<\/p>\n\n\n\n<h2 class=\"wp-block-heading\">Methodik der Marktforschung f\u00fcr Gew\u00fcrze<\/h2>\n\n\n\n<p>Bei der Marktforschung f\u00fcr Gew\u00fcrze k\u00f6nnen verschiedene Methoden eingesetzt werden, um Informationen und Erkenntnisse \u00fcber die Branche, Verbraucher und Wettbewerber zu sammeln. Hier sind einige Standardtechniken:<\/p>\n\n\n\n<ul class=\"wp-block-list\">\n<li>Es werden Umfragen durchgef\u00fchrt, um Daten \u00fcber die Vorlieben, Einstellungen und Verhaltensweisen der Verbraucher im Zusammenhang mit Gew\u00fcrzen zu sammeln.<\/li>\n\n\n\n<li><a href=\"https:\/\/www.sisinternational.com\/de\/losungen\/marktforschungsunternehmen-mit-online-umfragen\/\" title=\"Online Umfrage Sampling Marktforschungsunternehmen\"  data-wpil-monitor-id=\"10018\">Surveys can be completed online<\/a>, by phone, or in person.<\/li>\n\n\n\n<li>The creation of <a href=\"https:\/\/www.sisinternational.com\/de\/abdeckung\/europa\/marktforschung-liverpool-grosbritannien\/\" title=\"Marktforschung in Liverpool | Fokusgruppen und Datenerfassung in Gro\u00dfbritannien\"  data-wpil-monitor-id=\"10015\">focus groups to gather qualitative data<\/a> about consumer opinions and perceptions of condiments. Participants are typically asked open-ended questions about their experiences with different types of condiments, their feedback, and their preferences.<\/li>\n\n\n\n<li>Es k\u00f6nnen Interviews mit Branchenexperten, Gew\u00fcrzherstellern und anderen Interessenvertretern gef\u00fchrt werden, um Erkenntnisse \u00fcber Branchentrends, Herausforderungen und Chancen zu gewinnen.<\/li>\n\n\n\n<li>Observational <a href=\"https:\/\/www.sisinternational.com\/de\/losungen\/branding-und-kundenforschungslosungen\/ladenlayout-forschung\/\" title=\"Ladenlayout-Forschung\"  data-wpil-monitor-id=\"6500\">research can involve visiting retail stores<\/a> and food service establishments to gather information about consumer behavior and purchasing patterns related to condiments.<\/li>\n\n\n\n<li>Bei der Sekund\u00e4rforschung geht es darum, Daten und Informationen aus vorhandenen Quellen wie Branchenberichten, Regierungsver\u00f6ffentlichungen und wissenschaftlichen Zeitschriften zu sammeln.<\/li>\n\n\n\n<li>Beim Social Media Listening geht es darum, Social-Media-Plattformen zu \u00fcberwachen und zu analysieren, um Informationen \u00fcber die Meinungen, Einstellungen und Verhaltensweisen der Verbraucher im Zusammenhang mit Gew\u00fcrzen zu sammeln.<\/li>\n\n\n\n<li>Online <a href=\"https:\/\/www.sisinternational.com\/de\/losungen\/strategieberatung\/datenanalyse\/\" title=\"Datenanalyse-Unternehmen\"  data-wpil-monitor-id=\"10017\">analytics involves analyzing data<\/a> from online sales platforms to gather information about sales trends and consumer purchasing patterns related to condiments.<\/li>\n<\/ul>\n\n\n\n<p>Durch die Kombination dieser Methoden k\u00f6nnen Gew\u00fcrzmarktforscher umfassende Daten und Erkenntnisse \u00fcber die Branche, Verbraucher und Wettbewerber sammeln. Diese Informationen k\u00f6nnen zur Produktentwicklung, zu Marketingstrategien und Gesch\u00e4ftsentscheidungen in der Gew\u00fcrzbranche verwendet werden.<\/p>\n\n\n\n<h2 class=\"wp-block-heading\">\u00dcber Condiment Market Research<\/h2>\n\n\n\n<p>Die Erkenntnisse aus dieser Untersuchung werden f\u00fcr Gew\u00fcrzhersteller, Einzelh\u00e4ndler und Distributoren sowie andere Interessenvertreter der Lebensmittelindustrie von Nutzen sein. Die Ergebnisse werden ihnen bei der Produktentwicklung, Marketingstrategien und Gesch\u00e4ftsentscheidungen in diesem wettbewerbsintensiven und sich entwickelnden Markt helfen.<\/p>\n\n\n\n<p><a href=\"https:\/\/www.sisinternational.com\/de\/losungen\/qualitative-quantitative-forschungslosungen\/quantitative-research-benefits\/\" title=\"Quantitative Research Benefits\"  data-wpil-monitor-id=\"10020\">Benefits of this research<\/a> include but are not limited to:<\/p>\n\n\n\n<ul class=\"wp-block-list\">\n<li>Helfen Sie Unternehmen, aktuelle und aufkommende Markttrends zu erkennen<\/li>\n\n\n\n<li>Verst\u00e4ndnis des Verbraucherverhaltens im Hinblick auf Kaufmuster im Zusammenhang mit Gew\u00fcrzen<\/li>\n\n\n\n<li>Identifizierung der Verbraucherbed\u00fcrfnisse als Grundlage f\u00fcr die Entwicklung neuer Produkte<\/li>\n\n\n\n<li><a href=\"https:\/\/www.sisinternational.com\/de\/losungen\/branding-und-kundenforschungslosungen\/produkttests-marktforschung\/new-product-concept-testing-methods\/\" title=\"New Product Concept Testing Methods\"  data-wpil-monitor-id=\"10013\">Testing product concepts<\/a> before launching<\/li>\n\n\n\n<li>Identifying potential partnerships to <a href=\"https:\/\/www.sisinternational.com\/de\/erweiterung-der-marktreichweite-durch-eine-vielschichtige-marketingstrategie\/\" title=\"Erweiterung der Marktreichweite durch eine vielschichtige Marketingstrategie\"  data-wpil-monitor-id=\"10014\">expand market reach<\/a><\/li>\n\n\n\n<li>Die Marktforschung f\u00fcr Gew\u00fcrze liefert Erkenntnisse, die Unternehmen helfen k\u00f6nnen, die Bed\u00fcrfnisse und Vorlieben ihrer Kunden zu verstehen.<\/li>\n<\/ul>\n\n\n\n<p>Marktforschung im Bereich Gew\u00fcrze ist f\u00fcr Unternehmen unerl\u00e4sslich, die wettbewerbsf\u00e4hig bleiben und Produkte und Dienstleistungen entwickeln m\u00f6chten, die den sich entwickelnden Bed\u00fcrfnissen der Verbraucher gerecht werden. Durch das Sammeln von Erkenntnissen und Daten \u00fcber die Branche, die Verbraucher und die Wettbewerber k\u00f6nnen Unternehmen fundierte Entscheidungen treffen, die das Wachstum, die Rentabilit\u00e4t und die Widerstandsf\u00e4higkeit der Branche f\u00f6rdern k\u00f6nnen.<\/p>","protected":false},"excerpt":{"rendered":"<p>Das Wachstum des Gew\u00fcrzmarktes wird durch unterschiedliche Verbraucherpr\u00e4ferenzen, die Nachfrage nach Fertiggerichten und den Aufstieg der Gastronomiebranche vorangetrieben.<\/p>","protected":false},"author":1,"featured_media":65109,"parent":14514,"menu_order":201,"comment_status":"closed","ping_status":"closed","template":"","meta":{"footnotes":""},"class_list":["post-41797","page","type-page","status-publish","has-post-thumbnail"],"_links":{"self":[{"href":"https:\/\/www.sisinternational.com\/de\/wp-json\/wp\/v2\/pages\/41797","targetHints":{"allow":["GET"]}}],"collection":[{"href":"https:\/\/www.sisinternational.com\/de\/wp-json\/wp\/v2\/pages"}],"about":[{"href":"https:\/\/www.sisinternational.com\/de\/wp-json\/wp\/v2\/types\/page"}],"author":[{"embeddable":true,"href":"https:\/\/www.sisinternational.com\/de\/wp-json\/wp\/v2\/users\/1"}],"replies":[{"embeddable":true,"href":"https:\/\/www.sisinternational.com\/de\/wp-json\/wp\/v2\/comments?post=41797"}],"version-history":[{"count":6,"href":"https:\/\/www.sisinternational.com\/de\/wp-json\/wp\/v2\/pages\/41797\/revisions"}],"predecessor-version":[{"id":81657,"href":"https:\/\/www.sisinternational.com\/de\/wp-json\/wp\/v2\/pages\/41797\/revisions\/81657"}],"up":[{"embeddable":true,"href":"https:\/\/www.sisinternational.com\/de\/wp-json\/wp\/v2\/pages\/14514"}],"wp:featuredmedia":[{"embeddable":true,"href":"https:\/\/www.sisinternational.com\/de\/wp-json\/wp\/v2\/media\/65109"}],"wp:attachment":[{"href":"https:\/\/www.sisinternational.com\/de\/wp-json\/wp\/v2\/media?parent=41797"}],"curies":[{"name":"wp","href":"https:\/\/api.w.org\/{rel}","templated":true}]}}