{"id":41779,"date":"2023-03-15T21:01:12","date_gmt":"2023-03-16T01:01:12","guid":{"rendered":"https:\/\/www.sisinternational.com\/?page_id=41779"},"modified":"2026-03-13T01:28:15","modified_gmt":"2026-03-13T05:28:15","slug":"zentraler-standorttest-clt-marktforschung","status":"publish","type":"page","link":"https:\/\/www.sisinternational.com\/de\/central-location-tests-clt-page\/zentraler-standorttest-clt-marktforschung\/","title":{"rendered":"CLT-Marktforschung"},"content":{"rendered":"<h1 class=\"wp-block-heading\">Central Location Test (CLT) Marktforschung<\/h1>\n\n\n\n<figure class=\"gb-block-image gb-block-image-b43b49ee\"><img loading=\"lazy\" decoding=\"async\" width=\"1456\" height=\"816\" class=\"gb-image gb-image-b43b49ee\" src=\"https:\/\/www.sisinternational.com\/wp-content\/uploads\/2025\/09\/Quantitative-research-1d4-3.jpg\" alt=\"SIS International Marktforschung &amp; Strategie\" title=\"Quantitative research (1d4) (3)\" srcset=\"https:\/\/www.sisinternational.com\/wp-content\/uploads\/2025\/09\/Quantitative-research-1d4-3.jpg 1456w, https:\/\/www.sisinternational.com\/wp-content\/uploads\/2025\/09\/Quantitative-research-1d4-3-300x168.jpg 300w, https:\/\/www.sisinternational.com\/wp-content\/uploads\/2025\/09\/Quantitative-research-1d4-3-1024x574.jpg 1024w, https:\/\/www.sisinternational.com\/wp-content\/uploads\/2025\/09\/Quantitative-research-1d4-3-768x430.jpg 768w, https:\/\/www.sisinternational.com\/wp-content\/uploads\/2025\/09\/Quantitative-research-1d4-3-18x10.jpg 18w\" sizes=\"auto, (max-width: 1456px) 100vw, 1456px\"><\/figure>\n\n\n\n<p><\/p>\n\n\n\n<p>CLT-Marktforschung ist eine Methode zur Bewertung der Einstellungen und Verhaltensweisen von Verbrauchern in einer kontrollierten Umgebung. Diese Art der Marktforschung wird in Testzentren durchgef\u00fchrt, um Einblicke in die Entscheidungen, Einstellungen und Echtzeitverhalten von Kunden in einer streng \u00fcberwachten Umgebung zu gewinnen, in der das Verhalten detailliert analysiert werden kann.<\/p>\n\n\n\n<h2 class=\"wp-block-heading\">Was ist CLT-Marktforschung?<\/h2>\n\n\n\n<p>Es handelt sich um eine Art Marktforschung, die in einer vorgegebenen Umgebung wie einem Einkaufszentrum oder Testlabor durchgef\u00fchrt wird, um Einzelheiten zu den Gewohnheiten und Vorlieben der K\u00e4ufer zu erhalten. Daher muss die CLT-Marktforschung unter Anleitung von Spezialisten durchgef\u00fchrt werden, um Voreingenommenheit auszuschlie\u00dfen und ein erfolgreiches Ergebnis zu gew\u00e4hrleisten.<\/p>\n\n\n\n<p>Unlike other varieties of <a title=\"Politische Meinungsumfragen Marktforschung\" href=\"https:\/\/www.sisinternational.com\/de\/sachverstand\/branchen\/politische-meinungsumfragen-marktforschung\/\" data-wpil-monitor-id=\"10116\">market research such as online polls<\/a> or in-home usage tests, CLT market research occurs in a managed atmosphere to provide a more authentic depiction of consumer behavior. By collecting data in a supervised environment, CLT market research delivers precise and significant insights into consumer preferences.<\/p>\n\n\n\n<h2 class=\"wp-block-heading\">Vorteile der CLT-Marktforschung<\/h2>\n\n\n\n<ul class=\"wp-block-list\">\n<li>Die CLT-Marktforschung ist ein wichtiges Instrument zur Gewinnung von Erkenntnissen \u00fcber Einstellungen und Verhalten von K\u00e4ufern, die wiederum als Grundlage f\u00fcr Entscheidungen hinsichtlich Produktdesign, Markenbildung, Werbung und Marktpositionierung dienen k\u00f6nnen.<\/li>\n\n\n\n<li>Es liefert wertvolle Erkenntnisse \u00fcber K\u00e4ufergewohnheiten und Ansichten, die bei der Gestaltung von Strategien f\u00fcr Produktentwicklung, Markenbildung, Werbung und Marktplatzierung hilfreich sein k\u00f6nnen.<\/li>\n\n\n\n<li>Die Marktforschung von CLT hilft Unternehmen dabei, das Beste aus ihren Marketingaktivit\u00e4ten herauszuholen. Indem sie die Vorlieben und Meinungen der Kunden verstehen, k\u00f6nnen Unternehmen ihre Werbematerialien und Werbeaktionen an die W\u00fcnsche ihres Zielmarktes anpassen.<\/li>\n\n\n\n<li>It provides a competitive advantage and a thorough understanding of customer behavior and motivations. This data can be utilized to strengthen <a title=\"So k\u00f6nnen Sie Ihr Gesch\u00e4ft ausbauen\" data-wpil-monitor-id=\"10105\" href=\"https:\/\/www.sisinternational.com\/de\/so-konnen-sie-ihr-geschaft-ausbauen\/\">business operations and strategies<\/a>, allowing companies to get an edge in the industry.<\/li>\n\n\n\n<li>CLT-Marktforschung ist kosteng\u00fcnstiger als andere Marktforschungsmethoden, da die einzigen gr\u00f6\u00dferen Kosten die Miete der R\u00e4umlichkeiten sind, in denen die Forschung durchgef\u00fchrt wird.<\/li>\n\n\n\n<li>CLTs erm\u00f6glichen es den Forschern auch, \u201eRohdaten\u201c zu sammeln, da sie die K\u00f6rpersprache und Mimik der Teilnehmer beobachten k\u00f6nnen.<\/li>\n\n\n\n<li>Researchers can formulate questions in real-time in response to participants&#8217; reactions. As a result, <a title=\"Sensorische Marktforschung\" data-wpil-monitor-id=\"6832\" href=\"https:\/\/www.sisinternational.com\/de\/sachverstand\/branchen\/sensorische-marktforschung-2\/\">researchers could capture the sensory<\/a> experiences of the participants.<\/li>\n<\/ul>\n\n\n\n<h2 class=\"wp-block-heading\">Einschr\u00e4nkungen der CLT-Marktforschung<\/h2>\n\n\n\n<ul class=\"wp-block-list\">\n<li>CLT verwendet eine relativ kleine Stichprobe von Verbrauchern, die m\u00f6glicherweise nicht die gesamte Zielgruppe widerspiegelt. Dies k\u00f6nnte m\u00f6glicherweise die externe Validit\u00e4t der Ergebnisse einschr\u00e4nken und die Genauigkeit der Erkenntnisse in Frage stellen.<\/li>\n\n\n\n<li>Aufgrund der Art des Settings k\u00f6nnen sich die Teilnehmer gezwungen f\u00fchlen, sozial erw\u00fcnschte Antworten zu geben, wodurch die Daten verzerrt werden k\u00f6nnen.<\/li>\n\n\n\n<li>Die Testumgebung spiegelt m\u00f6glicherweise nicht die typische Kaufumgebung des Verbrauchers wider, was die G\u00fcltigkeit der Ergebnisse beeintr\u00e4chtigt.<\/li>\n\n\n\n<li>Der zeitkritische Charakter einer CLT-Marktforschung sowie die mit der Durchf\u00fchrung des Tests mit mehreren Gruppen oder einer gro\u00dfen Stichprobe verbundenen Kosten k\u00f6nnen den Umfang der erfassten Daten einschr\u00e4nken.<\/li>\n<\/ul>\n\n\n\n<h2 class=\"wp-block-heading\">Methoden f\u00fcr die CLT-Marktforschung<\/h2>\n\n\n\n<p><a title=\"Zentrale Standorttests in New York City: Vorteile f\u00fcr Produkttests\" href=\"https:\/\/www.sisinternational.com\/de\/losungen\/qualitative-quantitative-forschungslosungen\/tests-an-zentralen-standorten-in-new-york-city\/\" data-wpil-monitor-id=\"10110\">Central location tests<\/a> present various methods of assessing the potential success of a product. The main types of tests include<\/p>\n\n\n\n<ul class=\"wp-block-list\">\n<li>Paarvergleichstest: Die Teilnehmer vergleichen zwei Produkte gleichzeitig anhand bestimmter Kriterien mit dem Ziel, zu ermitteln, welches Produkt eine h\u00f6here Akzeptanz erf\u00e4hrt.<\/li>\n\n\n\n<li>Monadischer Test: Die Teilnehmer konzentrieren sich auf ein einzelnes Produkt, um dessen Leistung zu bewerten und sicherzustellen, dass das Produkt \u00f6ffentlich akzeptiert wird, bevor es auf den Markt gebracht wird.<\/li>\n\n\n\n<li>Sequentielles monadisches Testen: Die Teilnehmer bewerten zwei Produkte, allerdings zu unterschiedlichen Zeitpunkten. Nach der Bewertung der einzelnen Produkte werden die Teilnehmer gebeten, sie gleichzeitig erneut zu bewerten, um die Vorteile beider Produkte zu vergleichen und dann zu entscheiden, welches f\u00fcr den Markt besser geeignet sein k\u00f6nnte.<\/li>\n\n\n\n<li>Proto-monadischer Test: Die Teilnehmer bewerten zuerst ein Produkt. Anschlie\u00dfend wird ihnen ein anderes Produkt zum Vergleich mit dem ersten Produkt vorgelegt.<\/li>\n\n\n\n<li>Paarvergleichstest wiederholen: Die Teilnehmer werden angewiesen, ein Produktpaar mehrmals zu vergleichen, um sicherzustellen, dass die urspr\u00fcnglich bereitgestellten Informationen nicht voreingenommen waren.<\/li>\n<\/ul>\n\n\n\n<p>Die verschiedenen Iterationen der Tests zielen darauf ab, jegliche Subjektivit\u00e4t und Voreingenommenheit zu unterdr\u00fccken, indem die Produkte zu unterschiedlichen Zeitpunkten und in unterschiedlichen Abfolgen pr\u00e4sentiert werden. Somit zeigen die Forschungsteilnehmer konsistente Ergebnisse, unabh\u00e4ngig davon, wann das Produkt getestet wurde.<\/p>\n\n\n\n<h2 class=\"wp-block-heading\">Aktuelle Trends der CLT-Marktforschung<\/h2>\n\n\n\n<ul class=\"wp-block-list\">\n<li>The use of virtual and augmented reality, big data, and <a title=\"Marktforschung f\u00fcr k\u00fcnstliche Intelligenz\" data-wpil-monitor-id=\"10120\" href=\"https:\/\/www.sisinternational.com\/de\/losungen\/ai-marktforschung-und-strategieberatung\/ki-kunstliche-intelligenz\/\">artificial intelligence are allowing CLT research<\/a> to become more sophisticated and expansive. Researchers are able to simulate real-world scenarios and generate comprehensive data that <a class=\"wpil_keyword_link\" title=\"Marktforschung f\u00fcr Farben, Lacke und Druckfarben\" data-wpil-keyword-link=\"linked\" data-wpil-monitor-id=\"715\" href=\"https:\/\/www.sisinternational.com\/de\/sachverstand\/branchen\/marktforschung-fur-farben-lacke-und-druckfarben\/\">paints<\/a> an accurate picture of customer behavior and preferences.<\/li>\n\n\n\n<li>Es gibt einen wachsenden Trend, dass Unternehmen enger mit Einzelh\u00e4ndlern zusammenarbeiten, um Daten zum Verhalten und den Vorlieben ihrer Kunden zu sammeln. Durch diese Zusammenarbeit k\u00f6nnen Unternehmen den Verbraucher besser verstehen.<\/li>\n\n\n\n<li>Der Einsatz von CLT gewinnt bei der Beurteilung des Kundenerlebnisses in realen Umgebungen immer mehr an Bedeutung und liefert Unternehmen wichtige Informationen \u00fcber die Wahrnehmung ihrer Produkte und Dienstleistungen durch die Kunden.<\/li>\n\n\n\n<li>Mit dieser Methode k\u00f6nnen Sie in neuen oder aufstrebenden M\u00e4rkten Erkenntnisse \u00fcber die Vorlieben und Gewohnheiten der lokalen Verbraucher gewinnen und so Ihre Betriebsabl\u00e4ufe anpassen, um diese Verbraucher besser zu bedienen.<\/li>\n\n\n\n<li>CLT kann zusammen mit anderen Forschungstechniken wie Umfragen und Fokusgruppen eingesetzt werden, um tiefergehende Kenntnisse \u00fcber Kundenpr\u00e4ferenzen und -verhalten zu erlangen.<\/li>\n<\/ul>\n\n\n\n<h2 class=\"wp-block-heading\">Zukunftsaussichten der CLT-Marktforschung<\/h2>\n\n\n\n<p>The prospects of CLT market research are looking bright as technology keeps advancing and customers become more and more informed. Companies are seeking to better understand the customer behaviors and preferences, and CLT research will probably remain a key element. In any case, some of the <a title=\"Future Trends in Qualitative Market Research\" href=\"https:\/\/www.sisinternational.com\/de\/future-trends-in-qualitative-market-research\/\" data-wpil-monitor-id=\"10125\">future trends of this research<\/a> include the following:<\/p>\n\n\n\n<ul class=\"wp-block-list\">\n<li>Einsatz von virtueller und erweiterter Realit\u00e4t. Diese Technologie erm\u00f6glicht es Unternehmen, reale Szenarien nachzubilden und in einer regulierten Umgebung auf Daten \u00fcber Verbrauchergeschm\u00e4cker zuzugreifen. Dies kann zu einem besseren Verst\u00e4ndnis des Kundenverhaltens f\u00fchren, da die Forschung in gr\u00f6\u00dferem Ma\u00dfstab und mit gro\u00dfer Kosteneffizienz durchgef\u00fchrt werden kann.<\/li>\n\n\n\n<li>Anwendung von Big Data und k\u00fcnstlicher Intelligenz. Unternehmen k\u00f6nnen diese Technologie nutzen, um gro\u00dfe Datenmengen aus CLT-Umfragen zu analysieren und so noch genauere Einblicke in das Verhalten und die Vorlieben der Kunden zu erhalten.<\/li>\n\n\n\n<li>Innovative Testmethoden: Die CLT-Marktforschung k\u00f6nnte sich anpassen und erweitern und unerforschte Testtechniken wie biometrische und physiologische Auswertungen integrieren, um eine umfassendere Analyse des Verbraucherverhaltens zu erm\u00f6glichen.<\/li>\n<\/ul>\n\n\n\n<p><a title=\"SIS stellt Plattform f\u00fcr Data Science und quantitative Analytik vor\" href=\"https:\/\/www.sisinternational.com\/de\/sis-stellt-plattform-fur-datenwissenschaft-und-quantitative-analyse-vor\/\" data-wpil-monitor-id=\"10106\">SIS International offers Quantitative<\/a>, Qualitative, and Strategy Research. We provide data, tools, strategies, reports and insights for decision-making. We conduct interviews, surveys, <a title=\"Fokusgruppe Marktforschung\" href=\"https:\/\/www.sisinternational.com\/de\/losungen\/fokusgruppen-marktforschung\/\" data-wpil-monitor-id=\"10108\">focus groups and many other Market Research<\/a> methods and approaches. Contact us for your <a title=\"Marktforschung zu Technologien der n\u00e4chsten Generation\" href=\"https:\/\/www.sisinternational.com\/de\/sachverstand\/branchen\/marktforschung-zu-technologien-der-nachsten-generation\/\" data-wpil-monitor-id=\"10113\">next Market Research<\/a> Projekt.<\/p>\n\n\n\n<p>&nbsp;<\/p>","protected":false},"excerpt":{"rendered":"<p>Die Marktforschung von CLT bietet Einblicke in das K\u00e4uferverhalten im Hinblick auf Entscheidungen zu Produktdesign, Markenbildung, Werbung und Marktpositionierung.<\/p>","protected":false},"author":1,"featured_media":67013,"parent":84538,"menu_order":199,"comment_status":"closed","ping_status":"closed","template":"","meta":{"footnotes":""},"class_list":["post-41779","page","type-page","status-publish","has-post-thumbnail"],"_links":{"self":[{"href":"https:\/\/www.sisinternational.com\/de\/wp-json\/wp\/v2\/pages\/41779","targetHints":{"allow":["GET"]}}],"collection":[{"href":"https:\/\/www.sisinternational.com\/de\/wp-json\/wp\/v2\/pages"}],"about":[{"href":"https:\/\/www.sisinternational.com\/de\/wp-json\/wp\/v2\/types\/page"}],"author":[{"embeddable":true,"href":"https:\/\/www.sisinternational.com\/de\/wp-json\/wp\/v2\/users\/1"}],"replies":[{"embeddable":true,"href":"https:\/\/www.sisinternational.com\/de\/wp-json\/wp\/v2\/comments?post=41779"}],"version-history":[{"count":5,"href":"https:\/\/www.sisinternational.com\/de\/wp-json\/wp\/v2\/pages\/41779\/revisions"}],"predecessor-version":[{"id":84546,"href":"https:\/\/www.sisinternational.com\/de\/wp-json\/wp\/v2\/pages\/41779\/revisions\/84546"}],"up":[{"embeddable":true,"href":"https:\/\/www.sisinternational.com\/de\/wp-json\/wp\/v2\/pages\/84538"}],"wp:featuredmedia":[{"embeddable":true,"href":"https:\/\/www.sisinternational.com\/de\/wp-json\/wp\/v2\/media\/67013"}],"wp:attachment":[{"href":"https:\/\/www.sisinternational.com\/de\/wp-json\/wp\/v2\/media?parent=41779"}],"curies":[{"name":"wp","href":"https:\/\/api.w.org\/{rel}","templated":true}]}}