{"id":41776,"date":"2023-03-15T19:50:48","date_gmt":"2023-03-15T23:50:48","guid":{"rendered":"https:\/\/www.sisinternational.com\/?page_id=41776"},"modified":"2025-10-18T17:25:25","modified_gmt":"2025-10-18T21:25:25","slug":"suswarenmarktforschung","status":"publish","type":"page","link":"https:\/\/www.sisinternational.com\/de\/sachverstand\/suswarenmarktforschung\/","title":{"rendered":"S\u00fc\u00dfwarenmarktforschung"},"content":{"rendered":"<h1 class=\"wp-block-heading\">S\u00fc\u00dfwarenmarktforschung<\/h1>\n\n\n\n<figure class=\"gb-block-image gb-block-image-9a8e68c9\"><img loading=\"lazy\" decoding=\"async\" width=\"1456\" height=\"816\" class=\"gb-image gb-image-9a8e68c9\" src=\"https:\/\/www.sisinternational.com\/wp-content\/uploads\/2025\/08\/Candy-1.jpg\" alt=\"SIS International Marktforschung &amp; Strategie\" title=\"Candy (1)\" srcset=\"https:\/\/www.sisinternational.com\/wp-content\/uploads\/2025\/08\/Candy-1.jpg 1456w, https:\/\/www.sisinternational.com\/wp-content\/uploads\/2025\/08\/Candy-1-300x168.jpg 300w, https:\/\/www.sisinternational.com\/wp-content\/uploads\/2025\/08\/Candy-1-1024x574.jpg 1024w, https:\/\/www.sisinternational.com\/wp-content\/uploads\/2025\/08\/Candy-1-768x430.jpg 768w, https:\/\/www.sisinternational.com\/wp-content\/uploads\/2025\/08\/Candy-1-18x10.jpg 18w\" sizes=\"auto, (max-width: 1456px) 100vw, 1456px\"><\/figure>\n\n\n\n<p><\/p>\n\n\n\n<p>Die Marktforschung f\u00fcr S\u00fc\u00dfwaren bietet Einblicke in die Marketinglandschaft und -strategien der beliebtesten S\u00fc\u00dfwarenunternehmen. Die Marktforschung f\u00fcr S\u00fc\u00dfwaren kann beliebte S\u00fc\u00dfwarenwerbekampagnen erkennen und die Kundenreaktionen anhand etablierter Markttrends \u00fcberwachen.<\/p>\n\n\n\n<p>The data and strategies in the candy industry are vital to anyone looking to profit from new trends in various market sectors in the confectionery industry. One can see increased success using trustworthy and data-driven discoveries to improve multiple <a href=\"https:\/\/www.sisinternational.com\/de\/losungen\/fintech-strategieberatung-forschung\/betriebsunterbrechungsversicherung-marktforschung-strategieberatung\/\" title=\"Marktforschung und Strategieberatung zur Betriebsunterbrechungsversicherung\"  data-wpil-monitor-id=\"8611\">business aspects such as marketing strategies<\/a>, implementation, and management.<\/p>\n\n\n\n<p>Die neuesten S\u00fc\u00dfwarenmarketingtrends, die sich auf die Kunden auswirken, werden ebenfalls in die Candy Marketing Research einbezogen, die wertvolle Informationen f\u00fcr alle Unternehmen der S\u00fc\u00dfwarenbranche oder f\u00fcr diejenigen liefert, die eine wichtige Rolle in diesem Sektor spielen.<\/p>\n\n\n\n<h2 class=\"wp-block-heading\">Beschreibung des S\u00fc\u00dfwarenmarktes<\/h2>\n\n\n\n<p>S\u00fc\u00dfigkeiten bestehen haupts\u00e4chlich aus Zucker. Sie werden vielleicht auch den Begriff \u201eS\u00fc\u00dfwarenprodukt\u201c h\u00f6ren, der sich auf S\u00fc\u00dfigkeiten bezieht. S\u00fc\u00dfigkeiten in mundgerechten St\u00fccken oder Riegeln werden normalerweise aus einer Mischung von Zutaten hergestellt, darunter Schokolade, Milch, N\u00fcsse, Fr\u00fcchte und k\u00fcnstliche S\u00fc\u00dfstoffe. Diese S\u00fc\u00dfigkeiten in Ihr Bodybuildingprogramm aufzunehmen, kann eine unterhaltsame und leckere M\u00f6glichkeit sein, die N\u00e4hrstoffe zu bekommen, die Sie brauchen, ohne sich zu ruinieren. S\u00fc\u00dfigkeiten sind eine beliebte Wahl unter Verbrauchern mit vollem Terminkalender, da sie schnelle und einfache Snacks sind.<\/p>\n\n\n\n<p>Um S\u00fc\u00dfigkeiten herzustellen, wird Zucker in Fl\u00fcssigkeiten, normalerweise Milch oder Wasser, aufgel\u00f6st. Die Konsistenz der S\u00fc\u00dfigkeiten reicht von weich und z\u00e4h bis hart und spr\u00f6de. Zutaten, Zuckerkonzentration, Zuckerkristallgr\u00f6\u00dfe, Zuckerart, Bel\u00fcftung, Temperatur und Zuckerfarbe spielen alle eine wichtige Rolle bei der Bestimmung des Geschmacks und Aussehens der S\u00fc\u00dfigkeit. St\u00e4rke, Pektin oder Gelatine sind nur einige der Stabilisatoren, die zur Herstellung von Geleebonbons wie Gummibonbons und Gummib\u00e4rchen verwendet werden.<\/p>\n\n\n\n<p>Here are the most common types of <a href=\"https:\/\/www.sisinternational.com\/de\/sachverstand\/lebenslaufe\/marktforschung-fur-korperpflegeprodukte\/\" title=\"Marktforschung f\u00fcr K\u00f6rperpflegeprodukte\"  data-wpil-monitor-id=\"8612\">products in the candy market<\/a> industry:<\/p>\n\n\n\n<ul class=\"wp-block-list\">\n<li>Karamell und Toffee: Um ein Karamellbonbon herzustellen, mischen Sie einfach Zucker und Wasser und erhitzen Sie es, bis eine dicke, feste Mischung entsteht.<\/li>\n\n\n\n<li>Schokolade: Pralinen sind s\u00fc\u00dfe Leckereien, die entweder vollst\u00e4ndig aus Schokolade bestehen oder auf irgendeine Weise Schokolade enthalten.<\/li>\n\n\n\n<li>Hartbonbons: Hartbonbons, oft auch als Bonbons bezeichnet, l\u00f6sen sich im Mund langsamer auf.<\/li>\n\n\n\n<li>Lutscher: Art von Bonbons am Stiel.<\/li>\n\n\n\n<li>Lakritz: Halbweiche Bonbons in Schwarz, Rot oder Wei\u00df mit Lakritzgeschmack.<\/li>\n\n\n\n<li>Gummib\u00e4rchen: Gummib\u00e4rchen sind z\u00e4he Bonbons aus Gelatine, die in verschiedenen Formen, Farben und Geschmacksrichtungen erh\u00e4ltlich sind.<\/li>\n\n\n\n<li>Kaugummi: Kaugummi, oft auch als Bubble Gum bekannt, ist eine Art Kaubonbon<\/li>\n\n\n\n<li>Zuckerwatte: Zuckerwatte, ein Grundnahrungsmittel auf Jahrm\u00e4rkten und in Vergn\u00fcgungsparks, wird vollst\u00e4ndig aus Zucker hergestellt.<\/li>\n<\/ul>\n\n\n\n<h2 class=\"wp-block-heading\">Markttreiber in der S\u00fc\u00dfwarenindustrie<\/h2>\n\n\n\n<figure class=\"gb-block-image gb-block-image-16bd4f22\"><img loading=\"lazy\" decoding=\"async\" width=\"1456\" height=\"816\" class=\"gb-image gb-image-16bd4f22\" src=\"https:\/\/www.sisinternational.com\/wp-content\/uploads\/2025\/08\/Candy-2.jpg\" alt=\"SIS International Marktforschung &amp; Strategie\" title=\"Candy (2)\" srcset=\"https:\/\/www.sisinternational.com\/wp-content\/uploads\/2025\/08\/Candy-2.jpg 1456w, https:\/\/www.sisinternational.com\/wp-content\/uploads\/2025\/08\/Candy-2-300x168.jpg 300w, https:\/\/www.sisinternational.com\/wp-content\/uploads\/2025\/08\/Candy-2-1024x574.jpg 1024w, https:\/\/www.sisinternational.com\/wp-content\/uploads\/2025\/08\/Candy-2-768x430.jpg 768w, https:\/\/www.sisinternational.com\/wp-content\/uploads\/2025\/08\/Candy-2-18x10.jpg 18w\" sizes=\"auto, (max-width: 1456px) 100vw, 1456px\"><\/figure>\n\n\n\n<p><\/p>\n\n\n\n<h3 class=\"wp-block-heading\">Weltweit gestiegene Anforderungen<\/h3>\n\n\n\n<p>Data and strategies in the candy industry shows the rising demand for candy products worldwide, especially during festive seasons. This is expected to drive the <a href=\"https:\/\/www.sisinternational.com\/de\/billigflieger-in-der-luftfahrtindustrie\/\" title=\"Marktforschung f\u00fcr Billigflieger\"  data-wpil-monitor-id=\"8608\">global candy market<\/a> to record significant growth throughout the forecast period. This is because candy products are recognized as seasonal and associated with celebrations. Several large corporations have begun looking into the candy industry as a potential investment opportunity. The large selection of candies available has contributed to a rise in demand for sweets all across the world.<\/p>\n\n\n\n<h3 class=\"wp-block-heading\">Verf\u00fcgbarkeit verschiedener Arten von S\u00fc\u00dfigkeiten in der Branche<\/h3>\n\n\n\n<p>Marktforschung f\u00fcr S\u00fc\u00dfigkeiten gibt Aufschluss \u00fcber die Verf\u00fcgbarkeit verschiedener S\u00fc\u00dfigkeiten und die Vorlieben der Verbraucher. K\u00e4ufer neigen eher zu Impulsk\u00e4ufen. Dies hat zur Popularit\u00e4t von S\u00fc\u00dfigkeiten aller Art beigetragen, darunter auch Schokoladen- und Nicht-Schokoladen-Sorten. Die Verk\u00e4ufe von S\u00fc\u00dfigkeiten sind weltweit infolge des Wandels der Verbrauchergeschm\u00e4cker, insbesondere in den Schwellenl\u00e4ndern, sprunghaft angestiegen.<\/p>\n\n\n\n<h3 class=\"wp-block-heading\">Erh\u00f6htes Verlangen nach Schokoladenleckereien<\/h3>\n\n\n\n<p>Schokolade dominiert den S\u00fc\u00dfwarenmarkt aufgrund ihrer enormen Beliebtheit und der gesundheitsf\u00f6rdernden Wirkung ihres Verzehrs. Diese S\u00fc\u00dfigkeit ist ein Dauerbrenner in allen Alters- und Gesellschaftsschichten. Die in Schokolade enthaltenen Aromen werden mit verschiedenen gesundheitlichen Vorteilen in Verbindung gebracht, darunter eine Senkung der Sterberate und die Linderung von Symptomen, die mit Erkrankungen wie Depressionen und Stress einhergehen. Dar\u00fcber hinaus bietet der hohe Kakaoanteil in dunkler Schokolade gesundheitliche Vorteile wie die Aufrechterhaltung der Durchblutung und die Verbesserung der Gef\u00e4\u00dffunktion im menschlichen K\u00f6rper.<\/p>\n\n\n\n<h3 class=\"wp-block-heading\">Zunahme beim Kauf zuckerfreier S\u00fc\u00dfigkeiten<\/h3>\n\n\n\n<p>Aufgrund der zunehmenden Bedenken hinsichtlich Fettleibigkeit und Diabetes sind zuckerfreie S\u00fc\u00dfigkeiten in den letzten Jahren immer beliebter geworden. Es wurde berichtet, dass immer mehr Menschen nach dem Verzehr von Schokolade mit hohem Zuckergehalt einen Zuckerrausch erleben. Dies hat zu einem entsprechenden Anstieg der Nachfrage nach zuckerfreien S\u00fc\u00dfigkeiten gef\u00fchrt. Die steigende Beliebtheit zuckerfreier S\u00fc\u00dfigkeiten ist ein wichtiger Faktor, der der weltweiten S\u00fc\u00dfigkeitenindustrie Auftrieb geben kann.<\/p>\n\n\n\n<h2 class=\"wp-block-heading\">Marktforschung gibt Einblicke in die S\u00fc\u00dfwarenindustrie<\/h2>\n\n\n\n<figure class=\"gb-block-image gb-block-image-82b670d7\"><img loading=\"lazy\" decoding=\"async\" width=\"1456\" height=\"816\" class=\"gb-image gb-image-82b670d7\" src=\"https:\/\/www.sisinternational.com\/wp-content\/uploads\/2025\/08\/Candy-3.jpg\" alt=\"SIS International Marktforschung &amp; Strategie\" title=\"Candy (3)\" srcset=\"https:\/\/www.sisinternational.com\/wp-content\/uploads\/2025\/08\/Candy-3.jpg 1456w, https:\/\/www.sisinternational.com\/wp-content\/uploads\/2025\/08\/Candy-3-300x168.jpg 300w, https:\/\/www.sisinternational.com\/wp-content\/uploads\/2025\/08\/Candy-3-1024x574.jpg 1024w, https:\/\/www.sisinternational.com\/wp-content\/uploads\/2025\/08\/Candy-3-768x430.jpg 768w, https:\/\/www.sisinternational.com\/wp-content\/uploads\/2025\/08\/Candy-3-18x10.jpg 18w\" sizes=\"auto, (max-width: 1456px) 100vw, 1456px\"><\/figure>\n\n\n\n<p><\/p>\n\n\n\n<p>The report examines the various aspects of the candy industry that can impact or slow down its growth. Below are some of the data and <a href=\"https:\/\/www.sisinternational.com\/de\/hartford-connecticut-stadtentwicklung\/\" title=\"Marktforschung in Hartford, Connecticut\"  data-wpil-monitor-id=\"8609\">strategies<\/a> in the candy industry that are included in the market research:<\/p>\n\n\n\n<ul class=\"wp-block-list\">\n<li>Einsch\u00e4tzung der aktuellen Marktsituation, einschlie\u00dflich lokaler Marktaktivit\u00e4ten<\/li>\n\n\n\n<li>Neueste Entwicklungen und Muster in den verschiedenen Sektoren der S\u00fc\u00dfwarenindustrie<\/li>\n\n\n\n<li>Gesch\u00e4ftsszenario auf dem Markt und Ans\u00e4tze der wichtigsten Akteure<\/li>\n\n\n\n<li>Entdecken potenzieller Bereiche mit erheblichem Wachstumspotenzial<\/li>\n\n\n\n<li>Vergleich des vergangenen, gegenw\u00e4rtigen und zuk\u00fcnftigen finanziellen Werts des Marktes f\u00fcr strategische Analysen<\/li>\n\n\n\n<li>Detailed and customized <a href=\"https:\/\/www.sisinternational.com\/de\/sachverstand\/branchen\/produktforschung\/\" title=\"Produktforschung\"  data-wpil-monitor-id=\"8613\">research about the production<\/a> and growth in the candy industry<\/li>\n\n\n\n<li>Analyse der Bewegung und Verteilung von S\u00fc\u00dfwaren, einschlie\u00dflich Import und Export<\/li>\n\n\n\n<li>Impact of the changes in the candy <a href=\"https:\/\/www.sisinternational.com\/de\/losungen\/fintech-strategieberatung-forschung\/algorithmischer-handel-marktforschung\/\" title=\"Algorithmischer Handel Marktforschung\"  data-wpil-monitor-id=\"8614\">market regulations and trade<\/a> policies<\/li>\n\n\n\n<li>Verstehen der j\u00fcngsten Entwicklungen in der S\u00fc\u00dfwarenindustrie und verschiedener Produkteinf\u00fchrungen<\/li>\n<\/ul>\n\n\n\n<h2 class=\"wp-block-heading\">\u00dcber die Candy Market Research<\/h2>\n\n\n\n<p>The candy market research provides a strategic analysis of the industry&#8217;s most prominent players, as well as data on the micro and macro markets. Together with the gathered data on the business outlook and a review of the market as a whole, the <a href=\"https:\/\/www.sisinternational.com\/de\/sachverstand\/branchen\/industrielle-marktforschung\/\" title=\"Industrielle Marktforschung und Strategie\"  data-wpil-monitor-id=\"8610\">market research provides insights into the industry&#8217;s<\/a> trends in the forecasted time period.<\/p>\n\n\n\n<p>The candy market research is professionally done and comprehensive, covering such topics as primary market drivers, <a href=\"https:\/\/www.sisinternational.com\/de\/losungen\/branding-und-kundenforschungslosungen\/produkttests-marktforschung\/sis-internationals-geschmackstest-fur-lebensmittel\/\" title=\"Was SIS International Research zum TOP-Marktforschungsunternehmen f\u00fcr Lebensmittelgeschmackstests in New York City macht\"  data-wpil-monitor-id=\"8615\">market share of top<\/a> key players, top market categories, and regional breakdowns based on specific factors. The research also examines the industry&#8217;s leading figures, the most significant partnerships, mergers, and acquisitions, the most cutting-edge technologies, and the widely adopted business practices.<\/p>","protected":false},"excerpt":{"rendered":"<p>Die S\u00fc\u00dfwarenmarktforschung bietet Einblicke in die Marketinglandschaft und -strategien der beliebtesten S\u00fc\u00dfwarenunternehmen.<\/p>","protected":false},"author":1,"featured_media":63935,"parent":14514,"menu_order":198,"comment_status":"closed","ping_status":"closed","template":"","meta":{"footnotes":""},"class_list":["post-41776","page","type-page","status-publish","has-post-thumbnail"],"_links":{"self":[{"href":"https:\/\/www.sisinternational.com\/de\/wp-json\/wp\/v2\/pages\/41776","targetHints":{"allow":["GET"]}}],"collection":[{"href":"https:\/\/www.sisinternational.com\/de\/wp-json\/wp\/v2\/pages"}],"about":[{"href":"https:\/\/www.sisinternational.com\/de\/wp-json\/wp\/v2\/types\/page"}],"author":[{"embeddable":true,"href":"https:\/\/www.sisinternational.com\/de\/wp-json\/wp\/v2\/users\/1"}],"replies":[{"embeddable":true,"href":"https:\/\/www.sisinternational.com\/de\/wp-json\/wp\/v2\/comments?post=41776"}],"version-history":[{"count":4,"href":"https:\/\/www.sisinternational.com\/de\/wp-json\/wp\/v2\/pages\/41776\/revisions"}],"predecessor-version":[{"id":81445,"href":"https:\/\/www.sisinternational.com\/de\/wp-json\/wp\/v2\/pages\/41776\/revisions\/81445"}],"up":[{"embeddable":true,"href":"https:\/\/www.sisinternational.com\/de\/wp-json\/wp\/v2\/pages\/14514"}],"wp:featuredmedia":[{"embeddable":true,"href":"https:\/\/www.sisinternational.com\/de\/wp-json\/wp\/v2\/media\/63935"}],"wp:attachment":[{"href":"https:\/\/www.sisinternational.com\/de\/wp-json\/wp\/v2\/media?parent=41776"}],"curies":[{"name":"wp","href":"https:\/\/api.w.org\/{rel}","templated":true}]}}