{"id":41766,"date":"2023-03-15T17:44:05","date_gmt":"2023-03-15T21:44:05","guid":{"rendered":"https:\/\/www.sisinternational.com\/?page_id=41766"},"modified":"2026-03-12T19:59:05","modified_gmt":"2026-03-12T23:59:05","slug":"markentracking-marktforschung","status":"publish","type":"page","link":"https:\/\/www.sisinternational.com\/de\/losungen\/branding-und-kundenforschungslosungen\/markentracking-marktforschung\/","title":{"rendered":"Marken-Tracking-Marktforschung"},"content":{"rendered":"<h1 class=\"wp-block-heading\">Marken-Tracking-Marktforschung<\/h1>\n\n\n\n<figure class=\"gb-block-image gb-block-image-f2e18b77\"><img loading=\"lazy\" decoding=\"async\" width=\"1456\" height=\"816\" class=\"gb-image gb-image-f2e18b77\" src=\"https:\/\/www.sisinternational.com\/wp-content\/uploads\/2025\/08\/Marketing-45-3.jpg\" alt=\"SIS International Marktforschung &amp; Strategie\" title=\"Marketing 45 (3)\" srcset=\"https:\/\/www.sisinternational.com\/wp-content\/uploads\/2025\/08\/Marketing-45-3.jpg 1456w, https:\/\/www.sisinternational.com\/wp-content\/uploads\/2025\/08\/Marketing-45-3-300x168.jpg 300w, https:\/\/www.sisinternational.com\/wp-content\/uploads\/2025\/08\/Marketing-45-3-1024x574.jpg 1024w, https:\/\/www.sisinternational.com\/wp-content\/uploads\/2025\/08\/Marketing-45-3-768x430.jpg 768w, https:\/\/www.sisinternational.com\/wp-content\/uploads\/2025\/08\/Marketing-45-3-18x10.jpg 18w\" sizes=\"auto, (max-width: 1456px) 100vw, 1456px\"><\/figure>\n\n\n\n<hr class=\"wp-block-separator has-alpha-channel-opacity is-style-dots\"\/>\n\n\n\n<p>Der Aufbau und die Pflege einer wirkungsvollen Marke sind im komplexen Gesch\u00e4ftsumfeld von heute entscheidend f\u00fcr den Erfolg. Dennoch kann es f\u00fcr Unternehmen eine Herausforderung sein, zu verstehen, wie Kunden ihre Marke sehen und wie sie ihre Markenstrategie langfristig verbessern k\u00f6nnen.<\/p>\n\n\n\n<p>Hier spielt die Marktforschung zur Markenverfolgung eine entscheidende Rolle. Es ist wichtig, Daten zu Markenbekanntheit, Positionierung, Wert und Loyalit\u00e4t sowie zu anderen Elementen zu sammeln. Durch die Auswertung dieser Informationen k\u00f6nnen Unternehmen fundierte Entscheidungen hinsichtlich ihrer Markenstrategien treffen und ihre Markenleistung im Laufe der Zeit steigern.<\/p>\n\n\n\n<h2 class=\"wp-block-heading\">Was ist Markentracking-Marktforschung?<\/h2>\n\n\n\n<p><a href=\"https:\/\/www.sisinternational.com\/de\/stellen-sie-sicher-dass-sich-ihre-botschaft-an-die-kunden-erinnert\/\" title=\"Marktforschung zur Markenaktivierung\"  data-wpil-monitor-id=\"2285\">Brand tracking market research<\/a> helps businesses monitor and measure the performance of their brand. It gathers data through surveys, interviews, and other forms of qualitative and quantitative research methods to assess brand awareness, perception, and the brand.<\/p>\n\n\n\n<p>Dar\u00fcber hinaus k\u00f6nnen Unternehmen durch Tracking Ver\u00e4nderungen in der Einstellung und im Verhalten der Verbraucher erkennen und ihre Strategien entsprechend anpassen, um ihre Marke zu st\u00e4rken und gr\u00f6\u00dferen Erfolg zu erzielen.<\/p>\n\n\n\n<h2 class=\"wp-block-heading\">Bedeutung der Markenverfolgungs-Marktforschung f\u00fcr Unternehmen<\/h2>\n\n\n\n<p>Unternehmen k\u00f6nnen der Konkurrenz immer einen Schritt voraus sein, indem sie regelm\u00e4\u00dfig Marken-Tracking-Studien durchf\u00fchren. Dies hilft dabei, Trends und Muster im Verbraucherverhalten, den Vorlieben und Einstellungen gegen\u00fcber der Marke zu erkennen, was die Entscheidungsfindung erleichtert und die Markenstrategie verbessert.<\/p>\n\n\n\n<p>Markenverfolgungsforschung liefert auch wertvolle Erkenntnisse zur Identifizierung von Leistungsschw\u00e4chen in einem Unternehmen. Wenn beispielsweise die Forschung einer Marke zeigt, dass die Verbraucher ihre Produkt- oder Dienstleistungsangebote nicht kennen, kann das Unternehmen Marketingstrategien nutzen, um die Sichtbarkeit und Bekanntheit der Marke zu erh\u00f6hen.<\/p>\n\n\n\n<p>Durch sorgf\u00e4ltige Pr\u00fcfung der gesammelten Daten k\u00f6nnen Unternehmen ihre Markenstrategien in Echtzeit \u00e4ndern und so die Wahrscheinlichkeit erfolgreicher Ergebnisse erh\u00f6hen.<\/p>\n\n\n\n<h2 class=\"wp-block-heading\">Aktuelle Trends der Brand Tracking Marktforschung<\/h2>\n\n\n\n<h3 class=\"wp-block-heading\">Zu den aktuellen Trends z\u00e4hlen unter anderem:<\/h3>\n\n\n\n<p><strong>Digitale Datenerfassung:<\/strong> Da immer mehr Verbraucher ihr Verhalten online verlagern, greifen viele Unternehmen auf digitale Datenerfassungsmethoden zur\u00fcck. Dazu geh\u00f6rt der Einsatz von Tools wie Social-Media-Plattformen, Webanalysen und Online-Umfragen, um Erkenntnisse \u00fcber das Verhalten und die Vorlieben der Verbraucher zu gewinnen.<\/p>\n\n\n\n<p><strong>Echtzeit\u00fcberwachung:<\/strong> Viele Unternehmen nutzen mittlerweile Echtzeit-Monitoring-Tools, um die Leistung ihrer Marke kontinuierlich zu verfolgen. So k\u00f6nnen sie Probleme und Chancen in Echtzeit erkennen und schnell Ma\u00dfnahmen ergreifen.<\/p>\n\n\n\n<p><strong>Integration mit Kundenerfahrung:<\/strong> In addition to tracking <a href=\"https:\/\/www.sisinternational.com\/de\/sis-markenforschung-und-kundenbindung\/\" title=\"Markenmarktforschung und Kundenbindung\"  data-wpil-monitor-id=\"2504\">brand performance, many businesses are now integrating brand tracking market research with customer<\/a> experience data to gain a more holistic view of the customer journey. This allows businesses to identify opportunities to improve the overall customer experience and strengthen the brand\u2019s position in the market.<\/p>\n\n\n\n<p><strong>Konzentrieren Sie sich auf emotionale Verbindungen:<\/strong> Mehrere Unternehmen konzentrieren sich derzeit darauf, die emotionale Bindung zu ihrer Marke zu verfolgen, da Untersuchungen zeigen, dass Verbraucher eher bereit sind, sich mit Marken zu besch\u00e4ftigen und ihnen treu zu bleiben, zu denen sie eine emotionale Verbindung versp\u00fcren.<\/p>\n\n\n\n<p><strong>Inklusion und Diversit\u00e4t:<\/strong> In recent years, there has been a growing focus on inclusion and diversity. This includes ensuring that research samples are representative of diverse consumer groups, tracking metrics related to diversity and inclusion, and using <a href=\"https:\/\/www.sisinternational.com\/de\/sachverstand\/branchen\/metaverse-marktforschung\/\" title=\"Metaverse-Marktforschung\"  data-wpil-monitor-id=\"4785\">research insights to improve brand<\/a> messaging and marketing campaigns in a way that is inclusive and respectful of all consumers.<\/p>\n\n\n\n<h2 class=\"wp-block-heading\">Das Ziel einer Marken-Tracking-Marktforschung<\/h2>\n\n\n\n<p class=\"p1\">Dirigieren <a href=\"https:\/\/www.sisinternational.com\/de\/losungen\/branding-und-kundenforschungslosungen\/markendifferenzierung-marktforschung\/\" title=\"Marktforschung zur Markendifferenzierung\"  data-wpil-monitor-id=\"2859\">Markentracking Marktforschung<\/a> offers various advantages. It assists companies in tracking the most significant key brand awareness and metrics effectively. Brand awareness metrics may include perception of loyalty and customer satisfaction, and by consistently measuring these metrics, businesses can determine if their brand strategy is effective and adjust as required.<\/p>\n\n\n\n<p class=\"p1\">The goals of conducting <a href=\"https:\/\/www.sisinternational.com\/de\/sachverstand\/branchen\/marktforschung-fur-alternde-marken\/\" title=\"Marktforschung f\u00fcr alternde Marken\"  data-wpil-monitor-id=\"3713\">Markentracking Marktforschung<\/a> can differ depending on a company&#8217;s individual needs and aims. Nevertheless, some typical objectives of such research could be:<\/p>\n\n\n\n<ul class=\"wp-block-list\">\n<li>Gain insight into consumer attitudes and opinions toward the brand. Brand <a href=\"https:\/\/www.sisinternational.com\/de\/sachverstand\/branchen\/trendtracking-marktforschung\/\" title=\"Trend Tracking Marktforschung\"  data-wpil-monitor-id=\"5443\">tracking market research<\/a> reveals how consumers view the brand in terms of its image and reputation, and how it measures up to competing brands.<\/li>\n\n\n\n<li>Messen Sie den Grad der Loyalit\u00e4t der Verbraucher. Zu den erfassten Daten k\u00f6nnen der Prozentsatz der Kunden geh\u00f6ren, die der Marke treu sind, die H\u00e4ufigkeit ihrer K\u00e4ufe von Waren oder Dienstleistungen der Marke und die Wahrscheinlichkeit, dass sie die Marke anderen empfehlen.<\/li>\n\n\n\n<li>Quantifizieren Sie Schwankungen des Markenwerts im Laufe der Zeit. Bei der Markenverfolgung werden Daten gesammelt, um die finanzielle Leistung der Marke, ihren Marktanteil und ihren Einfluss auf dem Markt zu bewerten.<\/li>\n<\/ul>\n\n\n\n<h2 class=\"wp-block-heading p1\">Best Practices f\u00fcr die Marktforschung im Marken-Tracking<\/h2>\n\n\n\n<h3 class=\"wp-block-heading p1\">Durch die Durchf\u00fchrung von Forschungsarbeiten ergeben sich f\u00fcr Unternehmen zahlreiche Vorteile und Chancen, darunter:<\/h3>\n\n\n\n<ul class=\"wp-block-list\">\n<li>Die Festlegung klarer Forschungsziele ist unerl\u00e4sslich, um sicherzustellen, dass die Studie praktische und relevante Ergebnisse liefert. Dazu m\u00fcssen die genauen Fragen, die die Forschung beantworten soll, und die gew\u00fcnschten Ergebnisse, die die Organisation erreichen m\u00f6chte, formuliert werden.<\/li>\n\n\n\n<li>Es ist von grundlegender Bedeutung, eine repr\u00e4sentative Stichprobe der Zielpopulation auszuw\u00e4hlen. Dies erfordert, dass die Stichprobe gro\u00df genug ist, um statistisch signifikant zu sein, und auch die demografischen Merkmale der Zielgruppe widerspiegelt.<\/li>\n\n\n\n<li>Unternehmen k\u00f6nnen wertvolle Einblicke in die Entwicklung ihrer Marke und deren Wahrnehmung gewinnen. Durch die regelm\u00e4\u00dfige Datenerfassung k\u00f6nnen Unternehmen Ver\u00e4nderungen in der Leistung der Marke \u00fcberwachen.<\/li>\n\n\n\n<li>Um einen umfassenden \u00dcberblick \u00fcber die Leistung einer Marke zu erhalten, ist es wichtig, mehrere Datenquellen zu nutzen, darunter Umfragen, Social-Media-Analysen und Verkaufsdaten. Mit diesem Ansatz k\u00f6nnen Unternehmen die Daten best\u00e4tigen und ein tieferes Verst\u00e4ndnis der Markenleistung erlangen.<\/li>\n\n\n\n<li>Es ist von entscheidender Bedeutung, die Sicherheit und Vertraulichkeit aller im Rahmen der Forschungsstudie gesammelten Daten zu wahren. Dazu geh\u00f6rt es, geeignete Ma\u00dfnahmen zu ergreifen, um unbefugten Zugriff auf die Daten zu verhindern und sicherzustellen, dass die Daten nur f\u00fcr den Zweck der Studie verwendet werden.<\/li>\n\n\n\n<li>Brand tracking <a href=\"https:\/\/www.sisinternational.com\/de\/losungen\/b2b-markenbekanntheitsmarktforschung\/\" title=\"B2B-Marktforschung zur Markenbekanntheit\"  data-wpil-monitor-id=\"2315\">market research improves brand awareness<\/a>, therefore helping companies find out the problem areas that need attention and increasing consumer engagement and loyalty.<\/li>\n\n\n\n<li>Um die Ressourcenzuweisung f\u00fcr Marketing- und Werbezwecke zu optimieren, k\u00f6nnen Unternehmen die Effektivit\u00e4t von Kampagnen im Laufe der Zeit verfolgen und so feststellen, welche Kampagnen den h\u00f6chsten ROI erzielen.<\/li>\n\n\n\n<li>Durch die Beobachtung von Ver\u00e4nderungen im Verbraucherverhalten und den Verbraucherpr\u00e4ferenzen k\u00f6nnen Unternehmen potenzielle Wachstumsbereiche durch Innovation oder Verbesserung aufdecken.<\/li>\n\n\n\n<li>By using insights gained from <a href=\"https:\/\/www.sisinternational.com\/de\/sachverstand\/branchen\/markenmarktforschung\/\" title=\"Markenmarktforschung\"  data-wpil-monitor-id=\"6739\">Markentracking Marktforschung<\/a>, businesses can make more informed and effective decisions over time. This can help to increase business efficiency and profitability and drive growth and success over the long term.<\/li>\n<\/ul>\n\n\n\n<h2 class=\"wp-block-heading\">Herausforderungen und Einschr\u00e4nkungen<\/h2>\n\n\n\n<p class=\"p1\">W\u00e4hrend die Marktforschung im Marken-Tracking wertvolle Einblicke in das Verhalten und die Vorlieben der Verbraucher liefern kann, gibt es auch einige Herausforderungen und Einschr\u00e4nkungen, die Sie beachten sollten.<span class=\"Apple-converted-space\"> Diese beinhalten:<\/span><\/p>\n\n\n\n<ul class=\"wp-block-list\">\n<li>Die Kosten f\u00fcr Marktforschung zum Thema Markentracking k\u00f6nnen hoch sein und stellen f\u00fcr kleine Unternehmen eine Herausforderung dar, da sie m\u00f6glicherweise nicht \u00fcber die n\u00f6tigen finanziellen Mittel verf\u00fcgen, um regelm\u00e4\u00dfig Untersuchungen durchzuf\u00fchren.<\/li>\n\n\n\n<li>Zu h\u00e4ufige oder eint\u00f6nige Fragen k\u00f6nnen bei den Umfrageteilnehmern Ersch\u00f6pfung und Apathie hervorrufen, was zu einer Verringerung der Antwortrate und der Genauigkeit der Daten f\u00fchrt.<\/li>\n\n\n\n<li>Bei sensiblen oder retrospektiven Fragen sind die Befragten m\u00f6glicherweise nicht in der Lage, pr\u00e4zise oder wahrheitsgem\u00e4\u00dfe Antworten zu geben, was zu unausgewogenen oder unvollst\u00e4ndigen Datens\u00e4tzen f\u00fchrt.<\/li>\n\n\n\n<li>Typically, during <a href=\"https:\/\/www.sisinternational.com\/de\/reifenmarkenmonitor-usa-deutschland-brasilien\/\" title=\"Reifenmarkenforschung in den USA, Deutschland und Brasilien\"  data-wpil-monitor-id=\"6591\">branding monitoring research<\/a>, there is an emphasis on some vital branding measurements that could miss out on other factors responsible for shaping customer actions or choices.<\/li>\n\n\n\n<li>Schnelle Ver\u00e4nderungen sowohl der Verbraucherpr\u00e4ferenzen als auch der Marktbedingungen erschweren die Durchf\u00fchrung effektiver Marktforschung. Um auf dem Markt relevant zu bleiben, m\u00fcssen Unternehmen ihre Forschungsmethoden und Datenerfassungstechniken kontinuierlich aktualisieren.<\/li>\n\n\n\n<li>Bei der Marktforschung zum Markentracking liegt der Schwerpunkt in der Regel auf einigen wenigen Schl\u00fcsselkennzahlen wie Markenbekanntheit oder -wahrnehmung. Dies bietet zwar einen Einblick in die Markenleistung und das Verbraucherverhalten, liefert jedoch m\u00f6glicherweise kein umfassendes Verst\u00e4ndnis aller relevanten Faktoren.<\/li>\n\n\n\n<li>Das sich st\u00e4ndig weiterentwickelnde Verbraucherverhalten macht es schwierig, die Vorlieben und Erwartungen der Verbraucher zu verstehen oder vorherzusagen. Um diese Ver\u00e4nderungen zu erfassen und den sich \u00e4ndernden Verbraucherpr\u00e4ferenzen immer einen Schritt voraus zu sein, m\u00fcssen Unternehmen ihre Marktforschungsmethoden anpassen.<\/li>\n\n\n\n<li>Es kann zu einer zeitlichen Diskrepanz zwischen dem Zeitpunkt der Datenerfassung und dem Zeitpunkt ihrer Untersuchung und Berichterstattung kommen. Dies k\u00f6nnte ein Hindernis darstellen, wenn Unternehmen sofortige Einblicke in die Markenleistung ben\u00f6tigen.<\/li>\n\n\n\n<li>Ungenaue oder irref\u00fchrende Ergebnisse k\u00f6nnen durch Stichprobenverzerrungen in der Markenverfolgungs-Marktforschung entstehen, die von der gew\u00e4hlten Methodik abh\u00e4ngen. Eine nicht angemessene Darstellung der Zielgruppe durch Stichproben oder Verzerrungen bei der Datenerfassung und -analyse k\u00f6nnen zu dieser Situation f\u00fchren.<\/li>\n\n\n\n<li>Da digitale Marketingkan\u00e4le immer st\u00e4rker verbreitet sind, kann es f\u00fcr Unternehmen schwierig werden, den Erfolg ihrer Kampagnen \u00fcber alle Kan\u00e4le hinweg genau zu messen, insbesondere wenn sie keinen Zugriff auf Daten aus allen Quellen haben. Unternehmen m\u00fcssen Methoden entwickeln, um diese langfristigen Auswirkungen zu messen und zu verfolgen und sicherzustellen, dass ihre Markenstrategien mit ihren allgemeinen Gesch\u00e4ftszielen \u00fcbereinstimmen.<\/li>\n<\/ul>\n\n\n\n<h2 class=\"wp-block-heading\">Zuk\u00fcnftige Trends und \u00dcberlegungen<\/h2>\n\n\n\n<ul class=\"wp-block-list\">\n<li>Da sich KI- und maschinelle Lerntechnologien st\u00e4ndig weiterentwickeln und immer fortschrittlicher werden, werden sie genutzt, um gr\u00f6\u00dfere Datens\u00e4tze zu analysieren und Informationen aufzudecken, die f\u00fcr Menschen schwer zu erkennen w\u00e4ren. Die Marktforschung zur Markenverfolgung kann durch diese Technologien erheblich verbessert werden, da sie Muster und Trends erkennen k\u00f6nnen, die bei herk\u00f6mmlichen Forschungsmethoden sonst m\u00f6glicherweise unbemerkt bleiben.<\/li>\n\n\n\n<li>Durch die \u00dcberwachung der wichtigsten Leistungsindikatoren (KPIs) und der Verbraucherwahrnehmung einer Marke im Laufe der Zeit k\u00f6nnen Unternehmen fundierte Entscheidungen treffen und ihre Markenbem\u00fchungen optimieren.<\/li>\n\n\n\n<li>Die Bedeutung der sozialen Medien ist unbestreitbar. Plattformen wie Facebook, Twitter und Instagram spielen eine immer wichtigere Rolle f\u00fcr das Wachstum und die F\u00f6rderung einer Marke. Durch Marktforschung k\u00f6nnen Unternehmen erfahren, wie ihre Marke in sozialen Netzwerken wahrgenommen wird, und M\u00f6glichkeiten zur Verbesserung ihrer Pr\u00e4senz in den sozialen Medien ermitteln.<\/li>\n\n\n\n<li>Da Verbraucher sich immer st\u00e4rker der von Unternehmen gesammelten Daten bewusst werden, k\u00f6nnen die Bedenken hinsichtlich Datenschutz und -sicherheit zunehmen. Unternehmen, die Marktforschung zur Markenverfolgung betreiben, sollten ihre Datenerfassungsmethoden transparent machen und proaktive Ma\u00dfnahmen zum Schutz der Privatsph\u00e4re der Verbraucher ergreifen.<\/li>\n\n\n\n<li>Unternehmen m\u00fcssen in der Lage sein, schnell zu handeln und auf Kundenfeedback zu reagieren. Daher ben\u00f6tigen sie aktuelle Echtzeiteinblicke in die Markenleistung. Um dies zu gew\u00e4hrleisten, m\u00fcssen spezielle Forschungstools und Datenanalysetechniken eingesetzt werden, um nahezu sofortige Erkenntnisse zu liefern.<\/li>\n\n\n\n<li>By combining artificial intelligence (AI), machine learning (ML), and big data analytics, companies can improve the efficiency and accuracy of collecting, analyzing, and interpreting data. <\/li>\n\n\n\n<li>Der Wert des Markenzwecks wird immer deutlicher, da Verbraucher nach Marken suchen, die ihre eigenen Werte widerspiegeln und die Absicht verraten, mehr zu bewirken als nur nach finanziellem Gewinn zu streben.<\/li>\n\n\n\n<li>Nachhaltigkeit und soziale Verantwortung werden in Zukunft an Bedeutung gewinnen. Die \u00dcberwachung und Verwaltung der \u00f6kologischen und sozialen Auswirkungen einer Marke wird immer wichtiger, da die Verbraucher diesen Faktoren bei ihren Kaufentscheidungen den Vorzug geben.<\/li>\n\n\n\n<li>Die Vielseitigkeit der Marktforschung zur Markenverfolgung f\u00fchrt zu ihrer zunehmenden Nutzung in verschiedenen Branchen. Unternehmen aus allen Branchen erkennen, wie wichtig es ist, die Leistung ihrer Marke zu verstehen. Die Entwicklung innovativer Methoden zur Markenverfolgung und der Austausch bew\u00e4hrter Verfahren werden durch die Zusammenarbeit zwischen Unternehmen erreicht.<\/li>\n<\/ul>\n\n\n\n<p>SIS International bietet quantitative, qualitative und strategische Forschung an. Wir liefern Daten, Tools, Strategien, Berichte und Erkenntnisse zur Entscheidungsfindung. Wir f\u00fchren Interviews, Umfragen, Fokusgruppen und viele andere Methoden und Ans\u00e4tze der Marktforschung durch. Kontaktieren Sie uns f\u00fcr Ihr n\u00e4chstes Marktforschungsprojekt.<\/p>\n\n\n\n<p><\/p>","protected":false},"excerpt":{"rendered":"<p>Die Marktforschung zum Markentracking unterst\u00fctzt Gesch\u00e4ftsmarken durch die Durchf\u00fchrung von Umfragen, Interviews sowie qualitativen und quantitativen Forschungsmethoden.<\/p>","protected":false},"author":1,"featured_media":62846,"parent":14650,"menu_order":196,"comment_status":"closed","ping_status":"closed","template":"","meta":{"footnotes":""},"class_list":["post-41766","page","type-page","status-publish","has-post-thumbnail"],"_links":{"self":[{"href":"https:\/\/www.sisinternational.com\/de\/wp-json\/wp\/v2\/pages\/41766","targetHints":{"allow":["GET"]}}],"collection":[{"href":"https:\/\/www.sisinternational.com\/de\/wp-json\/wp\/v2\/pages"}],"about":[{"href":"https:\/\/www.sisinternational.com\/de\/wp-json\/wp\/v2\/types\/page"}],"author":[{"embeddable":true,"href":"https:\/\/www.sisinternational.com\/de\/wp-json\/wp\/v2\/users\/1"}],"replies":[{"embeddable":true,"href":"https:\/\/www.sisinternational.com\/de\/wp-json\/wp\/v2\/comments?post=41766"}],"version-history":[{"count":12,"href":"https:\/\/www.sisinternational.com\/de\/wp-json\/wp\/v2\/pages\/41766\/revisions"}],"predecessor-version":[{"id":80318,"href":"https:\/\/www.sisinternational.com\/de\/wp-json\/wp\/v2\/pages\/41766\/revisions\/80318"}],"up":[{"embeddable":true,"href":"https:\/\/www.sisinternational.com\/de\/wp-json\/wp\/v2\/pages\/14650"}],"wp:featuredmedia":[{"embeddable":true,"href":"https:\/\/www.sisinternational.com\/de\/wp-json\/wp\/v2\/media\/62846"}],"wp:attachment":[{"href":"https:\/\/www.sisinternational.com\/de\/wp-json\/wp\/v2\/media?parent=41766"}],"curies":[{"name":"wp","href":"https:\/\/api.w.org\/{rel}","templated":true}]}}