{"id":41732,"date":"2023-03-14T20:35:18","date_gmt":"2023-03-15T00:35:18","guid":{"rendered":"https:\/\/www.sisinternational.com\/?page_id=41732"},"modified":"2026-01-27T16:50:38","modified_gmt":"2026-01-27T21:50:38","slug":"marktforschung-fur-finanzdienstleistungen-in-asien","status":"publish","type":"page","link":"https:\/\/www.sisinternational.com\/de\/losungen\/fintech-strategieberatung-forschung\/marktforschung-fur-finanzdienstleistungen-in-asien\/","title":{"rendered":"Marktforschung f\u00fcr Finanzdienstleistungen in Asien"},"content":{"rendered":"<h1 class=\"wp-block-heading\">Marktforschung f\u00fcr Finanzdienstleistungen in Asien<\/h1>\n\n\n\n<figure class=\"gb-block-image gb-block-image-2f219019\"><img loading=\"lazy\" decoding=\"async\" width=\"1456\" height=\"816\" class=\"gb-image gb-image-2f219019\" src=\"https:\/\/www.sisinternational.com\/wp-content\/uploads\/2025\/10\/Asia-Financial-Services-3.jpg\" alt=\"SIS International Marktforschung &amp; Strategie\" title=\"Asia Financial Services (3)\" srcset=\"https:\/\/www.sisinternational.com\/wp-content\/uploads\/2025\/10\/Asia-Financial-Services-3.jpg 1456w, https:\/\/www.sisinternational.com\/wp-content\/uploads\/2025\/10\/Asia-Financial-Services-3-300x168.jpg 300w, https:\/\/www.sisinternational.com\/wp-content\/uploads\/2025\/10\/Asia-Financial-Services-3-1024x574.jpg 1024w, https:\/\/www.sisinternational.com\/wp-content\/uploads\/2025\/10\/Asia-Financial-Services-3-768x430.jpg 768w, https:\/\/www.sisinternational.com\/wp-content\/uploads\/2025\/10\/Asia-Financial-Services-3-18x10.jpg 18w\" sizes=\"auto, (max-width: 1456px) 100vw, 1456px\"><\/figure>\n\n\n\n<p><\/p>\n\n\n\n<hr class=\"wp-block-separator has-alpha-channel-opacity\"\/>\n\n\n\n<p>Asia financial services market research has undergone major changes in recent years, driven by new markets, technological advances, and evolving customer expectations. Now, if companies want to stay ahead of the curve and meet their customers&#8217; needs, conducting research is essential.<\/p>\n\n\n\n<p>With in-depth research, global companies can understand the Asian financial markets and dramatically increase their chances of success.<\/p>\n\n\n\n<h2 class=\"wp-block-heading\"><strong>Marktforschung f\u00fcr Finanzdienstleistungen in Asien verstehen<\/strong><\/h2>\n\n\n\n<p><span style=\"font-weight: 400;\">Asia financial services <a href=\"https:\/\/www.linkedin.com\/pulse\/how-market-research-enables-growth-ruth-stanat-phekf\/\" target=\"_blank\" rel=\"noopener\">Marktforschung<\/a> provides a comprehensive understanding of market dynamics, including economic growth patterns, consumer behavior, and regulatory environments across Asian countries. Moreover, this research identifies growth opportunities within the Asian financial <a href=\"https:\/\/www.sisinternational.com\/de\/sachverstand\/branchen\/q-commerce-marktforschung\/\" title=\"Q-Commerce Marktforschung\" data-wpil-monitor-id=\"4839\">Dienstleistungen<\/a> sector such as underserved market segments, potential for new product offerings, and areas ripe for technological innovation.<\/span><\/p>\n\n\n\n<h2 class=\"wp-block-heading\"><strong>Welche Vorteile bietet die Marktforschung f\u00fcr Finanzdienstleistungen in Asien?<\/strong><\/h2>\n\n\n\n<figure class=\"wp-block-image\"><img decoding=\"async\" src=\"https:\/\/www.sisinternational.com\/wp-content\/uploads\/2024\/04\/Asia-eCommerce-Consulting.jpg\" alt=\"Asien eCommerce Beratung\" class=\"wp-image-47535\"\/><\/figure>\n\n\n\n<p><\/p>\n\n\n\n<p><span style=\"font-weight: 400;\">The benefits of engaging in Asia <a class=\"wpil_keyword_link\" href=\"https:\/\/www.sisinternational.com\/de\/losungen\/fintech-strategieberatung-forschung\/marktforschung-fur-finanzdienstleistungen\/\" title=\"Marktforschung f\u00fcr Finanzdienstleistungen\" data-wpil-keyword-link=\"linked\" data-wpil-monitor-id=\"718\">Marktforschung f\u00fcr Finanzdienstleistungen<\/a> are substantial, especially for businesses looking to enter or expand their presence in this dynamic region. Here\u2019s a detailed look at the advantages:<\/span><\/p>\n\n\n\n<p><b>\u2022 Informierte Entscheidungen zum Markteintritt und zur Expansion<\/b>: This <a href=\"https:\/\/www.sisinternational.com\/de\/sachverstand\/branchen\/vakuum-marktforschung\/\" title=\"Vakuum-Marktforschung\" data-wpil-monitor-id=\"4860\">Forschung<\/a> provides critical insights into various Asian markets, enabling businesses to make informed decisions about market entry and expansion strategies.<\/span><\/p>\n\n\n\n<p><b>\u2022 Identifizierung neuer Chancen<\/b><span style=\"font-weight: 400;\">: Asia&#8217;s financial markets are rapidly evolving, and this research helps identify emerging trends and opportunities. Businesses can tap into new segments, innovate product offerings, and stay ahead of the competition.<\/span><\/p>\n\n\n\n<p><b>\u2022 Kundenorientierte Produktentwicklung<\/b>: Deep insights into <a href=\"https:\/\/www.sisinternational.com\/de\/marktsegmentierungsforschungsdienstleistungen\/\" title=\"Marktsegmentierungsforschungsdienstleistungen\" data-wpil-monitor-id=\"2497\">Verbraucher<\/a> behavior and preferences in different Asian markets enable businesses to develop customer-centric financial products and services, increasing the likelihood of market acceptance and success.<\/span><\/p>\n\n\n\n<p><b>\u2022 Anpassung an technologische Trends<\/b>: Asia financial <a href=\"https:\/\/www.sisinternational.com\/de\/losungen\/qualitative-quantitative-forschungslosungen\/marktforschung-im-ausendienst\/\" title=\"Marktforschung im Au\u00dfendienst\" data-wpil-monitor-id=\"4520\">services market research<\/a> provides insights into the technological advancements shaping the industry such as fintech innovations and digital banking trends. Businesses can use this information to adapt to or lead in technological adoption.<\/span><\/p>\n\n\n\n<p><b>\u2022 Strategische Partnerschaften und Kooperationen<\/b><span style=\"font-weight: 400;\">: Durch diese Untersuchung k\u00f6nnen potenzielle Partnerschaftsm\u00f6glichkeiten mit lokalen oder regionalen Akteuren identifiziert werden, die f\u00fcr die Bew\u00e4ltigung der Komplexit\u00e4t der asiatischen M\u00e4rkte von entscheidender Bedeutung sein k\u00f6nnen.<\/span><\/p>\n\n\n\n<h2 class=\"wp-block-heading\">Marktforschung f\u00fcr Finanzdienstleistungen in Asien: Warum ist sie wichtig?<\/h2>\n\n\n\n<p>The Asian financial services landscape is dynamic and rapidly growing, encompassing a wide variety of sectors like banking, insurance, asset management, and fintech. At the same time, it possesses a rising population and a rapidly growing middle class, making Asian financial markets attractive to financial institutions and investors seeking growth prospects.<\/p>\n\n\n\n<p>Dieser Markt ist auch f\u00fcr seinen hohen Innovationsgrad und die Einf\u00fchrung modernster Technologien wie mobile Zahlungen, digitales Banking und Blockchain bekannt. Der asiatische Finanzdienstleistungssektor ist jedoch sehr wettbewerbsintensiv und steht vor zahlreichen Problemen wie sich \u00e4ndernden Vorschriften, geopolitischen Risiken und sich \u00e4ndernden Kundenpr\u00e4ferenzen.<\/p>\n\n\n\n<p>Therefore, companies must conduct regular <a href=\"https:\/\/www.sisinternational.com\/de\/marktchancen-in-sudostasien\/\" title=\"Marktchancenforschung in S\u00fcdostasien\" data-wpil-monitor-id=\"2475\">Asia financial services market research<\/a> to stay ahead of developments and capitalize on new opportunities. This helps them identify and respond to the latest customer demands and preferences, enabling businesses to remain ahead of the competition.<\/p>\n\n\n\n<h2 class=\"wp-block-heading\">Marktforschung f\u00fcr Finanzdienstleistungen in Asien: Wichtige Wachstumstreiber<\/h2>\n\n\n\n<p>The Asian financial services industry is experiencing a rapid and substantial expansion in countries such as India, Indonesia, and Vietnam playing an essential role in driving this expansion \u2013 and some of the key drivers are:<\/p>\n\n\n\n<p>\u2022 The proliferation of digital technology and the emergence of forward-thinking financial products and services such as mobile banking and digital payments. This advancement in technology is promoting financial inclusion and allowing more individuals to access financial services.<\/p>\n\n\n\n<p>\u2022 Der zunehmende Bedarf an nachhaltigen Finanzsystemen ist immer deutlicher geworden. Sie f\u00f6rdern das Wirtschaftswachstum und sch\u00fctzen gleichzeitig die Umwelt und das soziale Wohlergehen.<\/p>\n\n\n\n<p>\u2022 In Asien wird derzeit eine Modernisierung der Regulierung durchgef\u00fchrt, die zu mehr Innovation und Wettbewerb f\u00fchrt.<\/p>\n\n\n\n<h2 class=\"wp-block-heading\">Hauptm\u00e4rkte<\/h2>\n\n\n\n<figure class=\"gb-block-image gb-block-image-a402cb54\"><img loading=\"lazy\" decoding=\"async\" width=\"1456\" height=\"816\" class=\"gb-image gb-image-a402cb54\" src=\"https:\/\/www.sisinternational.com\/wp-content\/uploads\/2025\/10\/Asia-Financial-Services-1.jpg\" alt=\"SIS International Marktforschung &amp; Strategie\" title=\"Asia Financial Services (1)\" srcset=\"https:\/\/www.sisinternational.com\/wp-content\/uploads\/2025\/10\/Asia-Financial-Services-1.jpg 1456w, https:\/\/www.sisinternational.com\/wp-content\/uploads\/2025\/10\/Asia-Financial-Services-1-300x168.jpg 300w, https:\/\/www.sisinternational.com\/wp-content\/uploads\/2025\/10\/Asia-Financial-Services-1-1024x574.jpg 1024w, https:\/\/www.sisinternational.com\/wp-content\/uploads\/2025\/10\/Asia-Financial-Services-1-768x430.jpg 768w, https:\/\/www.sisinternational.com\/wp-content\/uploads\/2025\/10\/Asia-Financial-Services-1-18x10.jpg 18w\" sizes=\"auto, (max-width: 1456px) 100vw, 1456px\"><\/figure>\n\n\n\n<p><\/p>\n\n\n\n<p>Der asiatische Finanzdienstleistungsmarkt bietet zahlreiche expansive Perspektiven f\u00fcr Finanzorganisationen und Fintech. Zu den derzeit am schnellsten wachsenden Finanzm\u00e4rkten z\u00e4hlen:<\/p>\n\n\n\n<p><strong>\u2022 China:<\/strong> China&#8217;s financial services market is the most formidable in Asia, reflecting its rapidly expanding economy and growing demand for financial services.&nbsp;<\/p>\n\n\n\n<p><strong>\u2022 Japan:<\/strong> Japan&#8217;s financial services industry is one of the most advanced in Asia, emphasizing asset management, insurance, and banking.&nbsp;<\/p>\n\n\n\n<p><strong>\u2022 Indien:<\/strong> Indiens Finanzdienstleistungsbranche erlebt aufgrund des starken Bev\u00f6lkerungswachstums und der gestiegenen Nachfrage nach Finanzdienstleistungen ein exponentielles Wachstum.<\/p>\n\n\n\n<p><strong>\u2022 S\u00fcdostasien<\/strong>: Die M\u00e4rkte f\u00fcr Finanzdienstleistungen in S\u00fcdostasien expandieren rasant, angetrieben von einer technikaffinen Bev\u00f6lkerung und einer wachsenden Mittelschicht. Der Finanzsektor der Region wird von gro\u00dfen Bankinstituten angef\u00fchrt und durch die Pr\u00e4senz neuer Fintech-Unternehmen gest\u00e4rkt. Indonesien, Malaysia, die Philippinen, Singapur, Thailand und Vietnam tragen alle zu diesem Ph\u00e4nomen bei.<\/p>\n\n\n\n<h2 class=\"wp-block-heading\"><strong>Erwartete Ergebnisse der Marktforschung f\u00fcr Finanzdienstleistungen in Asien<\/strong><\/h2>\n\n\n\n<p><span style=\"font-weight: 400;\">When engaging in Asia <a href=\"https:\/\/www.sisinternational.com\/de\/losungen\/fintech-strategieberatung-forschung\/marktforschung-fur-die-finanzdienstleistungsbranche\/\" title=\"Marktforschung f\u00fcr die Finanzdienstleistungsbranche\" data-wpil-monitor-id=\"4549\">Marktforschung f\u00fcr Finanzdienstleistungen<\/a>, there are specific insights and outcomes that businesses can anticipate as this research is tailored to provide a deep understanding of the Asian financial market&#8217;s unique characteristics and opportunities.&nbsp;<\/span><\/p>\n\n\n\n<p><b>Detaillierte Analyse des Verbraucherverhaltens<\/b><span style=\"font-weight: 400;\">: <\/span><span style=\"font-weight: 400;\">Diese Forschung bietet detaillierte Einblicke in das Verhalten, die Pr\u00e4ferenzen und die Einstellungen der Verbraucher gegen\u00fcber Finanzprodukten und -dienstleistungen in verschiedenen asiatischen M\u00e4rkten.<\/span><\/p>\n\n\n\n<p><b>Beurteilung des regulatorischen Umfelds<\/b><span style=\"font-weight: 400;\">: <\/span><span style=\"font-weight: 400;\">A critical component is evaluating the regulatory environment in various Asian countries. This includes understanding regulatory challenges, compliance requirements, and potential impacts on business operations.<\/span><\/p>\n\n\n\n<p><b>Identifizierung von Wachstumschancen<\/b>: Asia financial <a href=\"https:\/\/www.sisinternational.com\/de\/sachverstand\/branchen\/marktforschung-fur-umweltdienstleistungen\/\" title=\"Marktforschung f\u00fcr Umweltdienstleistungen\" data-wpil-monitor-id=\"4838\">services market research<\/a> highlights specific areas of growth and opportunity within the Asian financial services sector such as emerging market segments, untapped consumer bases, or innovative product offerings.<\/span><\/p>\n\n\n\n<p><b>Trends der digitalen Transformation<\/b><span style=\"font-weight: 400;\">: <\/span><span style=\"font-weight: 400;\">Angesichts der f\u00fchrenden Rolle Asiens bei digitalen Finanzdienstleistungen deckt die Untersuchung aktuelle Trends im digitalen Banking, bei Fintech-Innovationen und bei der Einf\u00fchrung von Technologien im Finanzsektor ab.<\/span><\/p>\n\n\n\n<p><b>Ma\u00dfgeschneiderte strategische Empfehlungen<\/b><span style=\"font-weight: 400;\">: <\/span><span style=\"font-weight: 400;\">Auf Grundlage der Forschungsergebnisse erhalten Unternehmen individuelle Empfehlungen, die ihnen dabei helfen, sich auf dem asiatischen Finanzdienstleistungsmarkt zurechtzufinden und von ihm zu profitieren.<\/span><\/p>\n\n\n\n<h2 class=\"wp-block-heading\"><strong>Leading Players in the Asia Financial Services Market<\/strong><\/h2>\n\n\n\n<p><span style=\"font-weight: 400;\">Auf dem asiatischen Markt f\u00fcr Finanzdienstleistungen tr\u00e4gt eine Vielzahl unterschiedlicher Akteure zur Dynamik und Wettbewerbsf\u00e4higkeit des Sektors bei. Und wer sich auf diesem Markt erfolgreich zurechtfinden m\u00f6chte, muss diese wichtigen Akteure unbedingt verstehen.&nbsp;<\/span><\/p>\n\n\n\n<p><b><strong>- <\/strong>Gro\u00dfe Banken und Finanzinstitute<\/b><span style=\"font-weight: 400;\">: Prominent banks such as HSBC and DBS Bank are pivotal in shaping the financial landscape. These institutions often lead in market share, innovation, and service offerings.<\/span><\/p>\n\n\n\n<p><b><strong>- <\/strong>Fintech-Unternehmen<\/b><span style=\"font-weight: 400;\">: Auf dem asiatischen Markt ist die Zahl der Fintech-Akteure stark gestiegen. Unternehmen wie Ant Financial und Paytm revolutionieren digitale Zahlungen, Kreditvergabe und pers\u00f6nliche Finanzen.<\/span><\/p>\n\n\n\n<p><b><strong>- <\/strong>Versicherungsgesellschaften<\/b><span style=\"font-weight: 400;\">: Significant insurance providers, including AIA Group and China Life Insurance, play a key role in the financial ecosystem and offer a range of insurance products and services.<\/span><\/p>\n\n\n\n<p><b><strong>- <\/strong>Aufsichtsbeh\u00f6rden<\/b><span style=\"font-weight: 400;\">: Regulierungsbeh\u00f6rden wie die Monetary Authority of Singapore (MAS), die People&#039;s Bank of China (PBOC) und die Securities and Exchange Board of India (SEBI) sind f\u00fcr die Festlegung von Regulierungsstandards und Richtlinien im Finanzsektor von entscheidender Bedeutung.<\/span><\/p>\n\n\n\n<p><b><strong>- <\/strong>Multinationale Konzerne<\/b>: Globale Finanzkonzerne wie JPMorgan Chase, Citibank und Goldman Sachs sind ebenfalls in Asien stark vertreten und tragen zur Finanzdynamik der Region bei.<\/p>\n\n\n\n<h2 class=\"wp-block-heading\">Chancen und Herausforderungen in der Marktforschung f\u00fcr Finanzdienstleistungen in Asien<\/h2>\n\n\n\n<figure class=\"gb-block-image gb-block-image-4249b8a9\"><img loading=\"lazy\" decoding=\"async\" width=\"1456\" height=\"816\" class=\"gb-image gb-image-4249b8a9\" src=\"https:\/\/www.sisinternational.com\/wp-content\/uploads\/2025\/10\/Asia-Financial-Services-2.jpg\" alt=\"SIS International Marktforschung &amp; Strategie\" title=\"Asia Financial Services (2)\" srcset=\"https:\/\/www.sisinternational.com\/wp-content\/uploads\/2025\/10\/Asia-Financial-Services-2.jpg 1456w, https:\/\/www.sisinternational.com\/wp-content\/uploads\/2025\/10\/Asia-Financial-Services-2-300x168.jpg 300w, https:\/\/www.sisinternational.com\/wp-content\/uploads\/2025\/10\/Asia-Financial-Services-2-1024x574.jpg 1024w, https:\/\/www.sisinternational.com\/wp-content\/uploads\/2025\/10\/Asia-Financial-Services-2-768x430.jpg 768w, https:\/\/www.sisinternational.com\/wp-content\/uploads\/2025\/10\/Asia-Financial-Services-2-18x10.jpg 18w\" sizes=\"auto, (max-width: 1456px) 100vw, 1456px\"><\/figure>\n\n\n\n<p><\/p>\n\n\n\n<p>The Asia financial <a href=\"https:\/\/www.sisinternational.com\/de\/sachverstand\/branchen\/marktforschung-fur-kommunikationsdienstleistungen\/\" title=\"Marktforschung f\u00fcr Kommunikationsdienste\" data-wpil-monitor-id=\"5694\">services market research<\/a> presents both challenges and opportunities, including:<\/p>\n\n\n\n<h3 class=\"wp-block-heading\">Gelegenheiten<\/h3>\n\n\n\n<p>\u2022 Mit der Expansion der asiatischen Volkswirtschaften wird der Bedarf an Finanzdienstleistungen wie Bank-, Versicherungs- und Investitionsm\u00f6glichkeiten immer gr\u00f6\u00dfer.<\/p>\n\n\n\n<p>\u2022 Die Verbreitung digitaler Finanzdienstleistungen bietet Fintech-Unternehmen lukrative M\u00f6glichkeiten, fortschrittliche L\u00f6sungen bereitzustellen und Kundenanforderungen zu erf\u00fcllen.<\/p>\n\n\n\n<p>\u2022 Der Anstieg der Nachfrage nach nachhaltiger Finanzierung und Impact Investing bietet Unternehmen eine einzigartige Gelegenheit, Produkte zu entwickeln, die die ethischen Ziele der Kunden erf\u00fcllen und gleichzeitig \u00f6kologischen und sozialen Anforderungen Rechnung tragen.<\/p>\n\n\n\n<p>\u2022 Partnering and joining forces can provide a unique opportunity to spur progress and widen access to financial services for people in underserved areas. Forging ties between traditional financial establishments and fintech firms in Asia can boost profits while boosting corporate social responsibility.<\/p>\n\n\n\n<h3 class=\"wp-block-heading\">Herausforderungen<\/h3>\n\n\n\n<p>\u2022 Introducing financial services to unbanked communities has proven to be a complex challenge. Thus, it is essential to address the needs of these population segments to ensure that all have access to the resources they need.<\/p>\n\n\n\n<p>\u2022 Die Implementierung digitaler Finanzdienstleistungen birgt neue Risiken und erfordert ein aktives Management, insbesondere im Hinblick auf die Cybersicherheit.<\/p>\n\n\n\n<p>\u2022 Navigating the Asia <a href=\"https:\/\/www.sisinternational.com\/de\/financial-services-consulting\/robotic-process-automation-in-financial-services\/\" title=\"Robotic Process Automation in Financial Services\" data-wpil-monitor-id=\"1067\">financial services market can be a complex process<\/a>, requiring companies to be aware of the various regulatory frameworks in place. However, understanding these regulations is essential for companies seeking to enter or expand their presence in the region.<\/p>\n\n\n\n<h2 class=\"wp-block-heading\">Zukunftsaussichten f\u00fcr die Marktforschung im Bereich Finanzdienstleistungen in Asien<\/h2>\n\n\n\n<figure class=\"gb-block-image gb-block-image-997aee28\"><img loading=\"lazy\" decoding=\"async\" width=\"1456\" height=\"816\" class=\"gb-image gb-image-997aee28\" src=\"https:\/\/www.sisinternational.com\/wp-content\/uploads\/2025\/10\/Asia-Financial-Services-4.jpg\" alt=\"SIS International Marktforschung &amp; Strategie\" title=\"Asia Financial Services (4)\" srcset=\"https:\/\/www.sisinternational.com\/wp-content\/uploads\/2025\/10\/Asia-Financial-Services-4.jpg 1456w, https:\/\/www.sisinternational.com\/wp-content\/uploads\/2025\/10\/Asia-Financial-Services-4-300x168.jpg 300w, https:\/\/www.sisinternational.com\/wp-content\/uploads\/2025\/10\/Asia-Financial-Services-4-1024x574.jpg 1024w, https:\/\/www.sisinternational.com\/wp-content\/uploads\/2025\/10\/Asia-Financial-Services-4-768x430.jpg 768w, https:\/\/www.sisinternational.com\/wp-content\/uploads\/2025\/10\/Asia-Financial-Services-4-18x10.jpg 18w\" sizes=\"auto, (max-width: 1456px) 100vw, 1456px\"><\/figure>\n\n\n\n<p><\/p>\n\n\n\n<p>The emergence of several financial trends and innovations is driving the sector&#8217;s growth and development. Consequently, <a href=\"https:\/\/www.sisinternational.com\/de\/marktforschung-in-chinas-stadten-zweiter-kategorie\/\" title=\"Marktforschung in Chinas zweitklassigen St\u00e4dten\" data-wpil-monitor-id=\"7628\">Asia financial services market research<\/a> is expected to increase in the next few years. Mainly, some of the most important trends impacting the Asian financial markets are:<\/p>\n\n\n\n<p>\u2022 The rapid growth of digital transformation. The financial services landscape in <a href=\"https:\/\/www.sisinternational.com\/de\/financial-services-consulting\/financial-services-customer-satisfaction\/\" title=\"Financial Services Customer Satisfaction\" data-wpil-monitor-id=\"7497\">Asien<\/a> will continue to shift to meet customer demands, and fintech organizations are playing a crucial role in providing cutting-edge solutions to Asian consumers.<\/p>\n\n\n\n<p>\u2022 The financial services industry will remain dedicated to providing increased access to financial services for underserved populations through new technologies and strategic collaborations.&nbsp;<\/p>\n\n\n\n<p>\u2022 The increasing interest in sustainability and impact investing is forecasted to prevail. Organizations are expected to provide services that meet customers&#8217; ideals and satisfy ecological and societal requirements.<\/p>\n\n\n\n<p>\u2022 As further regulatory reforms are implemented, financial systems in Asia will modernize. This will stimulate innovation and healthy competition while protecting consumer rights and preserving the integrity of the financial sector.<\/p>\n\n\n\n<h2 class=\"wp-block-heading\">Unser Standort in New York<\/h2>\n\n\n\n<p>  <iframe loading=\"lazy\" src=\"https:\/\/www.google.com\/maps\/embed?pb=!1m18!1m12!1m3!1d3022.976188376966!2d-73.99130312499956!3d40.740549471389315!2m3!1f0!2f0!3f0!3m2!1i1024!2i768!4f13.1!3m3!1m2!1s0x89c259a15798c731%3A0xd695d09bdd495f25!2s11%20E%2022nd%20St%20FL%202%2C%20New%20York%2C%20NY%2010010%2C%20USA!5e0!3m2!1sen!2spe!4v1726171763526!5m2!1sen!2spe\" width=\"600\" height=\"450\" allowfullscreen=\"allowfullscreen\" data-mce-fragment=\"1\"><\/iframe>  <\/p>\n\n\n\n<h3 class=\"wp-block-heading\">11 E 22nd Street, Floor 2, New York, NY 10010 T: +1(212) 505-6805<\/h3>\n\n\n\n<hr class=\"wp-block-separator has-alpha-channel-opacity\"\/>\n\n\n\n<h2 class=\"wp-block-heading\"><strong>\u00dcber SIS International<\/strong><\/h2>\n\n\n\n<p><a href=\"https:\/\/www.sisinternational.com\/de\/\"><span style=\"font-weight: 400;\">SIS International<\/span><\/a><span style=\"font-weight: 400;\"> bietet quantitative, qualitative und strategische Forschung an. Wir liefern Daten, Tools, Strategien, Berichte und Erkenntnisse zur Entscheidungsfindung. Wir f\u00fchren auch Interviews, Umfragen, Fokusgruppen und andere Methoden und Ans\u00e4tze der Marktforschung durch.<\/span><a href=\"https:\/\/www.sisinternational.com\/de\/uber-sis-international-research\/contact-sis-international-market-research\/\"><span style=\"font-weight: 400;\"> Kontakt<\/span><\/a><span style=\"font-weight: 400;\"> f\u00fcr Ihr n\u00e4chstes Marktforschungsprojekt.<\/span><\/p>\n\n\n\n<p><span style=\"font-weight: 400;\">&nbsp;<\/span><\/p>\n\n\n\n<p><\/p>\n\n\n\n<p><\/p>","protected":false},"excerpt":{"rendered":"<p>Asiatische Finanzdienstleistungen sind ein dynamisches, wachsendes Feld, das viele Sektoren wie Banken, Versicherungen, Verm\u00f6gensverwaltung und Fintech umfasst.<\/p>","protected":false},"author":1,"featured_media":71809,"parent":27462,"menu_order":43,"comment_status":"closed","ping_status":"closed","template":"","meta":{"footnotes":""},"class_list":["post-41732","page","type-page","status-publish","has-post-thumbnail"],"_links":{"self":[{"href":"https:\/\/www.sisinternational.com\/de\/wp-json\/wp\/v2\/pages\/41732","targetHints":{"allow":["GET"]}}],"collection":[{"href":"https:\/\/www.sisinternational.com\/de\/wp-json\/wp\/v2\/pages"}],"about":[{"href":"https:\/\/www.sisinternational.com\/de\/wp-json\/wp\/v2\/types\/page"}],"author":[{"embeddable":true,"href":"https:\/\/www.sisinternational.com\/de\/wp-json\/wp\/v2\/users\/1"}],"replies":[{"embeddable":true,"href":"https:\/\/www.sisinternational.com\/de\/wp-json\/wp\/v2\/comments?post=41732"}],"version-history":[{"count":22,"href":"https:\/\/www.sisinternational.com\/de\/wp-json\/wp\/v2\/pages\/41732\/revisions"}],"predecessor-version":[{"id":81251,"href":"https:\/\/www.sisinternational.com\/de\/wp-json\/wp\/v2\/pages\/41732\/revisions\/81251"}],"up":[{"embeddable":true,"href":"https:\/\/www.sisinternational.com\/de\/wp-json\/wp\/v2\/pages\/27462"}],"wp:featuredmedia":[{"embeddable":true,"href":"https:\/\/www.sisinternational.com\/de\/wp-json\/wp\/v2\/media\/71809"}],"wp:attachment":[{"href":"https:\/\/www.sisinternational.com\/de\/wp-json\/wp\/v2\/media?parent=41732"}],"curies":[{"name":"wp","href":"https:\/\/api.w.org\/{rel}","templated":true}]}}