{"id":41642,"date":"2023-02-15T02:54:47","date_gmt":"2023-02-15T02:54:47","guid":{"rendered":"https:\/\/www.sisinternational.com\/?page_id=41642"},"modified":"2025-10-19T02:01:01","modified_gmt":"2025-10-19T06:01:01","slug":"marktforschung-fur-milchprodukte","status":"publish","type":"page","link":"https:\/\/www.sisinternational.com\/de\/sachverstand\/marktforschung-fur-milchprodukte\/","title":{"rendered":"Milchmarktforschung"},"content":{"rendered":"<h1 class=\"wp-block-heading\">Milchmarktforschung<\/h1>\n\n\n\n<figure class=\"gb-block-image gb-block-image-cbaa75a2\"><img loading=\"lazy\" decoding=\"async\" width=\"1456\" height=\"816\" class=\"gb-image gb-image-cbaa75a2\" src=\"https:\/\/www.sisinternational.com\/wp-content\/uploads\/2025\/08\/Dariry-milk-4.jpg\" alt=\"SIS International Marktforschung &amp; Strategie\" title=\"Dariry milk (4)\" srcset=\"https:\/\/www.sisinternational.com\/wp-content\/uploads\/2025\/08\/Dariry-milk-4.jpg 1456w, https:\/\/www.sisinternational.com\/wp-content\/uploads\/2025\/08\/Dariry-milk-4-300x168.jpg 300w, https:\/\/www.sisinternational.com\/wp-content\/uploads\/2025\/08\/Dariry-milk-4-1024x574.jpg 1024w, https:\/\/www.sisinternational.com\/wp-content\/uploads\/2025\/08\/Dariry-milk-4-768x430.jpg 768w, https:\/\/www.sisinternational.com\/wp-content\/uploads\/2025\/08\/Dariry-milk-4-18x10.jpg 18w\" sizes=\"auto, (max-width: 1456px) 100vw, 1456px\"><\/figure>\n\n\n\n<p><\/p>\n\n\n\n<p>Die Marktforschung im Milchsektor bietet Einblicke in verschiedene Gesch\u00e4ftsprozesse und Sektoren, die f\u00fcr die Produktion und den Vertrieb von Milchprodukten von entscheidender Bedeutung sind. Die Milchindustrie hat langfristig optimistische Aussichten. Die Nachfrage nach einfachen und nahrhaften Snacks f\u00fcr unterwegs ist der wichtigste Faktor f\u00fcr den weltweiten Verkauf von Milchprodukten. Milchprodukte enthalten von Natur aus viel Kalzium und gelten als gesunde Snackoption.<\/p>\n\n\n\n<p>Die Milchindustrie ist nach Produkttyp, Vertriebskanal und Region segmentiert. Die Marktforschung f\u00fcr Milchprodukte liefert wichtige Informationen und Prognosen zu Marktgr\u00f6\u00dfe und -werten f\u00fcr die verschiedenen Segmente der Branche.<\/p>\n\n\n\n<h2 class=\"wp-block-heading\">Was sind Milchprodukte?<\/h2>\n\n\n\n<p>Milchprodukte umfassen alle Nahrungsmittel, die aus der Milch verschiedener Tiere gewonnen werden. F\u00fcr Menschen sind das oft K\u00fche, Ziegen und andere Tiere. Milch, K\u00e4se, Sahne, Joghurt und Eiscreme sind beliebte Milchprodukte.<\/p>\n\n\n\n<p>Milchprodukte sind N\u00e4hrstofflieferanten und Milchbauern produzieren sie so umweltfreundlich wie m\u00f6glich. Nachhaltige Ern\u00e4hrung kombiniert den N\u00e4hrwert und die gesundheitlichen Vorteile von Lebensmitteln mit ihren Auswirkungen auf die Umwelt.<\/p>\n\n\n\n<h2 class=\"wp-block-heading\">Wichtige Trends im Milchmarkt<\/h2>\n\n\n\n<figure class=\"gb-block-image gb-block-image-d3d042cb\"><img loading=\"lazy\" decoding=\"async\" width=\"1456\" height=\"816\" class=\"gb-image gb-image-d3d042cb\" src=\"https:\/\/www.sisinternational.com\/wp-content\/uploads\/2025\/08\/Dariry-milk-3.jpg\" alt=\"SIS International Marktforschung &amp; Strategie\" title=\"Dariry milk (3)\" srcset=\"https:\/\/www.sisinternational.com\/wp-content\/uploads\/2025\/08\/Dariry-milk-3.jpg 1456w, https:\/\/www.sisinternational.com\/wp-content\/uploads\/2025\/08\/Dariry-milk-3-300x168.jpg 300w, https:\/\/www.sisinternational.com\/wp-content\/uploads\/2025\/08\/Dariry-milk-3-1024x574.jpg 1024w, https:\/\/www.sisinternational.com\/wp-content\/uploads\/2025\/08\/Dariry-milk-3-768x430.jpg 768w, https:\/\/www.sisinternational.com\/wp-content\/uploads\/2025\/08\/Dariry-milk-3-18x10.jpg 18w\" sizes=\"auto, (max-width: 1456px) 100vw, 1456px\"><\/figure>\n\n\n\n<p>Consumer demand for dairy products has increased due to their nutritious factors. Most dairy products have the ability to maintain healthy bones and teeth, as well as improve heart health and reduce the risk of type 2 diabetes. Another factor is the consumption of dairy products in nations with growing populations and rising per capita income are driving the expansion of the <a href=\"https:\/\/www.sisinternational.com\/de\/billigflieger-in-der-luftfahrtindustrie\/\" title=\"Marktforschung f\u00fcr Billigflieger\"  data-wpil-monitor-id=\"8621\">global dairy market<\/a>.<\/p>\n\n\n\n<p>Buyers are developing new preferences for dairy <a href=\"https:\/\/www.sisinternational.com\/de\/losungen\/geschmackstest\/geschmackstests-fur-produkte\/\" title=\"Geschmackstests f\u00fcr Produkte\"  data-wpil-monitor-id=\"8628\">products and adjusting their tastes<\/a> over time, which is strengthening the future of the industry. Consequently, the dairy sector is evolving to produce dairy products with various flavors and variants. Also, there is a shift in global demand for local products, such as ghee, as more and more individuals get exposed to other cultures.<\/p>\n\n\n\n<p>Daten und Strategien der Milchindustrie zeigen, dass aktuelle Trends in der Milchwirtschaft auf eine steigende Nachfrage nach speziellen Milchprodukten hindeuten. Dieser Trend wird durch verschiedene Erkrankungen, Fettleibigkeit und das Auftreten von Laktoseintoleranz hervorgerufen. Zu den Milchprodukten, die von dieser Nachfrage betroffen sind, geh\u00f6ren Magermilch, laktosefreie Milch, probiotische Milch und Magermilchpulver.<\/p>\n\n\n\n<p>Die Daten und Strategien der Milchindustrie zeigen, dass Milchprodukte in vielen verschiedenen Branchen eingesetzt werden, darunter in der medizinischen Ern\u00e4hrung, in der Sportern\u00e4hrung und in der S\u00e4uglingsnahrung. Neben dem t\u00e4glichen Verbrauch ist der Anstieg der Nachfrage der Endverbraucher aus pers\u00f6nlichen und medizinischen Gr\u00fcnden f\u00fcr die Expansion des Milchmarktes von entscheidender Bedeutung.<\/p>\n\n\n\n<h2 class=\"wp-block-heading\">Milchmarktanalyse<\/h2>\n\n\n\n<p>Markt <a href=\"https:\/\/www.sisinternational.com\/de\/veroffentlichungen\/kauferverhalten-nach-corona-neue-verbraucher\/\" title=\"K\u00e4uferverhalten nach Corona \u2013 Verbrauchermarktforschung\"  data-wpil-monitor-id=\"8622\">research provides insights into consumer<\/a> and market trends that will enable businesses, executives, and industry players to comprehend what motivates buyers when selecting specific products. The data gathered can also reveal preferences and other factors that can discover more opportunities to increase dairy profitability.<\/p>\n\n\n\n<h3 class=\"wp-block-heading\">Im Folgenden sind einige der Schl\u00fcsselfaktoren aufgef\u00fchrt, die bei der Marktforschung im Milchsektor ber\u00fccksichtigt werden:<\/h3>\n\n\n\n<h2 class=\"wp-block-heading\">Milchmarktsegmentierung basierend auf Produkttyp<\/h2>\n\n\n\n<h3 class=\"wp-block-heading\">Zu den beliebtesten Milchprodukten z\u00e4hlen unter anderem:<\/h3>\n\n\n\n<ol class=\"wp-block-list\">\n<li>Wasserfreies Milchfett (AMF)<\/li>\n\n\n\n<li>Butter<\/li>\n\n\n\n<li>Kasein<\/li>\n\n\n\n<li>K\u00e4se<\/li>\n\n\n\n<li>Creme<\/li>\n\n\n\n<li>Fl\u00fcssige\/UHT-Milch\/aromatisierte Milch<\/li>\n\n\n\n<li>Ghee<\/li>\n\n\n\n<li>Eiscreme<\/li>\n\n\n\n<li>Indischer K\u00e4se (Paneer)<\/li>\n\n\n\n<li>Laktose<\/li>\n\n\n\n<li>Probiotische Milchprodukte<\/li>\n\n\n\n<li>Magermilchpulver\/Magermilchpulver<\/li>\n\n\n\n<li>Molkenprotein (Pulver und Konzentrat)<\/li>\n\n\n\n<li>Vollmilchpulver<\/li>\n\n\n\n<li>Joghurt<\/li>\n<\/ol>\n\n\n\n<h2 class=\"wp-block-heading\">Produktnachfrage beeinflusst Marktanteile von Milchprodukten<\/h2>\n\n\n\n<figure class=\"gb-block-image gb-block-image-b4250e05\"><img loading=\"lazy\" decoding=\"async\" width=\"1456\" height=\"816\" class=\"gb-image gb-image-b4250e05\" src=\"https:\/\/www.sisinternational.com\/wp-content\/uploads\/2025\/08\/Dariry-milk-6.jpg\" alt=\"SIS International Marktforschung &amp; Strategie\" title=\"Dariry milk (6)\" srcset=\"https:\/\/www.sisinternational.com\/wp-content\/uploads\/2025\/08\/Dariry-milk-6.jpg 1456w, https:\/\/www.sisinternational.com\/wp-content\/uploads\/2025\/08\/Dariry-milk-6-300x168.jpg 300w, https:\/\/www.sisinternational.com\/wp-content\/uploads\/2025\/08\/Dariry-milk-6-1024x574.jpg 1024w, https:\/\/www.sisinternational.com\/wp-content\/uploads\/2025\/08\/Dariry-milk-6-768x430.jpg 768w, https:\/\/www.sisinternational.com\/wp-content\/uploads\/2025\/08\/Dariry-milk-6-18x10.jpg 18w\" sizes=\"auto, (max-width: 1456px) 100vw, 1456px\"><\/figure>\n\n\n\n<p><\/p>\n\n\n\n<p>Der Marktanteil von Milchprodukten ist der gr\u00f6\u00dfte auf dem globalen Markt f\u00fcr Milchprodukte, egal ob in Vollmilch, Magermilch, Pulver oder in einer anderen Form. Milchkonsum ist in Haushalten auf der ganzen Welt eine allt\u00e4gliche Gewohnheit, insbesondere f\u00fcr Jugendliche, unabh\u00e4ngig davon, ob sie mit zus\u00e4tzlichen Aromen oder Getreide konsumiert wird.<\/p>\n\n\n\n<p>Cheese is another prominent dairy <a href=\"https:\/\/www.sisinternational.com\/de\/sachverstand\/lebenslaufe\/marktforschung-fur-korperpflegeprodukte\/\" title=\"Marktforschung f\u00fcr K\u00f6rperpflegeprodukte\"  data-wpil-monitor-id=\"8623\">product with a substantial market<\/a> share in the dairy business that is widely utilized in culinary preparations, especially in different kinds of pasta, snack foods, sandwiches, salads, and pizzas.<\/p>\n\n\n\n<p>In addition, butter has numerous applications in baking, making it a large <a href=\"https:\/\/www.sisinternational.com\/de\/sachverstand\/branchen\/industrielle-marktforschung\/\" title=\"Industrielle Marktforschung und Strategie\"  data-wpil-monitor-id=\"8624\">market in the dairy industry<\/a>. According to dairy market data, consumers choose soft cheeses, milk, and yogurt because of their increasing health consciousness.<\/p>\n\n\n\n<p>Milcheis ist sehr beliebt und hat aufgrund der Nachfrage von Menschen aller Altersgruppen einen erheblichen Anteil am Milchmarkt. Eis, ein weltweit beliebtes Dessert, gibt es in zahlreichen Geschmacksrichtungen und kann auf verschiedene Arten serviert werden.<\/p>\n\n\n\n<h2 class=\"wp-block-heading\">Weitere Faktoren, die sich auf die Milchwirtschaft auswirken<\/h2>\n\n\n\n<h3 class=\"wp-block-heading\">Milchproduktion<\/h3>\n\n\n\n<p>Developing nations&#8217; contribution to global dairy output has increased. This expansion is primarily attributable to an increase in the total number of producing animals rather than a boost in productivity. In many underdeveloped nations, poor-quality fodder for livestock, illnesses or epidemics, and restricted access to <a href=\"https:\/\/www.sisinternational.com\/de\/losungen\/fintech-strategieberatung-forschung\/marktforschung-fur-finanzdienstleistungen\/\" title=\"Marktforschung f\u00fcr Finanzdienstleistungen\"  data-wpil-monitor-id=\"8625\">markets and services<\/a> limit dairy production.<\/p>\n\n\n\n<h3 class=\"wp-block-heading\">Transport und Lieferkette im Milchmarkt<\/h3>\n\n\n\n<p>In vielen unterentwickelten L\u00e4ndern ist der Aufbau einer effizienten, hygienischen und kosteng\u00fcnstigen Milchversorgungskette ein gewaltiges Problem. Zu den Faktoren, die dazu beitragen, z\u00e4hlen die folgenden:<\/p>\n\n\n\n<ul class=\"wp-block-list\">\n<li>Schwierigkeiten bei der Entwicklung eines rentablen Milchtransport- und -sammelsystems<\/li>\n\n\n\n<li>Milchmenge, die von jedem Betrieb produziert wird, und die Isolierung der Produktionsanlagen<\/li>\n\n\n\n<li>schlechtes Transportsystem<\/li>\n\n\n\n<li>Mangel an Fachwissen und Technologie bei der Milchsammlung und -verarbeitung<\/li>\n\n\n\n<li>Qualit\u00e4tsprobleme mit der Rohmilch<\/li>\n\n\n\n<li>Entfernungen zwischen Produktionsst\u00e4tten, Verarbeitungsanlagen und Verbrauchern<\/li>\n\n\n\n<li>Probleme beim Aufbau von K\u00fchlanlagen<\/li>\n<\/ul>\n\n\n\n<h2 class=\"wp-block-heading\">Milchmarktforschung bietet Einblicke in die Wettbewerbslandschaft des Milchmarktes<\/h2>\n\n\n\n<figure class=\"gb-block-image gb-block-image-9044d5a5\"><img loading=\"lazy\" decoding=\"async\" width=\"1456\" height=\"816\" class=\"gb-image gb-image-9044d5a5\" src=\"https:\/\/www.sisinternational.com\/wp-content\/uploads\/2025\/08\/Dariry-milk-1.jpg\" alt=\"SIS International Marktforschung &amp; Strategie\" title=\"Dariry milk (1)\" srcset=\"https:\/\/www.sisinternational.com\/wp-content\/uploads\/2025\/08\/Dariry-milk-1.jpg 1456w, https:\/\/www.sisinternational.com\/wp-content\/uploads\/2025\/08\/Dariry-milk-1-300x168.jpg 300w, https:\/\/www.sisinternational.com\/wp-content\/uploads\/2025\/08\/Dariry-milk-1-1024x574.jpg 1024w, https:\/\/www.sisinternational.com\/wp-content\/uploads\/2025\/08\/Dariry-milk-1-768x430.jpg 768w, https:\/\/www.sisinternational.com\/wp-content\/uploads\/2025\/08\/Dariry-milk-1-18x10.jpg 18w\" sizes=\"auto, (max-width: 1456px) 100vw, 1456px\"><\/figure>\n\n\n\n<p><\/p>\n\n\n\n<p>The dairy <a href=\"https:\/\/www.sisinternational.com\/de\/sachverstand\/lebenslaufe\/lebenslauf-mit-erfahrungen-in-der-automobilindustrie\/\" title=\"Marktforschungsunternehmen f\u00fcr die Automobilindustrie\"  data-wpil-monitor-id=\"8626\">market is a large industry<\/a> impacting other sectors, such as those in food production. Knowing the key players in the market, such as identifying their business landscape, recent developments as well as expansion <a href=\"https:\/\/www.sisinternational.com\/de\/losungen\/strategieberatung\/szenarioplanung\/\" title=\"Szenarioplanung Strategieberatung\"  data-wpil-monitor-id=\"8627\">plans can provide vital data and strategies<\/a> in the dairy industry.<\/p>\n\n\n\n<h3 class=\"wp-block-heading\">Nachfolgend sind einige der Hauptakteure aufgef\u00fchrt:<\/h3>\n\n\n\n<ul class=\"wp-block-list\">\n<li>Arla Foods<\/li>\n\n\n\n<li>China Mengniu Dairy Company Limited<\/li>\n\n\n\n<li>Milchbauern von Amerika, Inc.<\/li>\n\n\n\n<li>Danone SA<\/li>\n\n\n\n<li>Fonterra Cooperative Group Limited<\/li>\n\n\n\n<li>Lactalis-Gruppe<\/li>\n\n\n\n<li>Nestl\u00e9 SA<\/li>\n\n\n\n<li>Royal FrieslandCampina NV<\/li>\n\n\n\n<li>Saputo Inc.<\/li>\n<\/ul>\n\n\n\n<h3 class=\"wp-block-heading\">Die Marktforschung liefert Erkenntnisse auf Grundlage der \u00fcber diese Unternehmen gesammelten Informationen, darunter:<\/h3>\n\n\n\n<ul class=\"wp-block-list\">\n<li>Firmenprofile<\/li>\n\n\n\n<li>Firmen\u00fcberblick<\/li>\n\n\n\n<li>Produktportfolio<\/li>\n\n\n\n<li>Demografische Reichweite und Erfolge<\/li>\n\n\n\n<li>Zertifizierungen<\/li>\n<\/ul>\n\n\n\n<h2 class=\"wp-block-heading\">\u00dcber die Dairy Market Research<\/h2>\n\n\n\n<p>Milchprodukte sind sehr nahrhafte und vielseitige Produkte, die in der gesamten Lebensmittelversorgungskette verwendet werden k\u00f6nnen. Daher ist der Milchsektor f\u00fcr die Lebensmittelindustrie eines jeden Landes unverzichtbar. Die Marktforschung f\u00fcr Milchprodukte sammelt Daten und Strategien der Milchindustrie, um eine gr\u00fcndliche Untersuchung der weltweiten Milchm\u00e4rkte zu erm\u00f6glichen. Die gesammelten Informationen umfassen aktuelle, kurzfristige und langfristige L\u00f6sungen zur Unterst\u00fctzung gesch\u00e4ftlicher und betrieblicher Anforderungen. Die Marktforschung f\u00fcr Milchprodukte liefert Erkenntnisse, die f\u00fcr jeden, der fundierte Entscheidungen in Bezug auf Produktion, Anwendung, Marketing und strategische Planung treffen m\u00f6chte, ein n\u00fctzliches Instrument sein k\u00f6nnen.<\/p>","protected":false},"excerpt":{"rendered":"<p>Die Marktforschung im Milchsektor bietet Einblicke in verschiedene Gesch\u00e4ftsprozesse und Sektoren, die f\u00fcr die Produktion und den Vertrieb von Milchprodukten von entscheidender Bedeutung sind.<\/p>","protected":false},"author":1,"featured_media":64337,"parent":14514,"menu_order":190,"comment_status":"closed","ping_status":"closed","template":"","meta":{"footnotes":""},"class_list":["post-41642","page","type-page","status-publish","has-post-thumbnail"],"_links":{"self":[{"href":"https:\/\/www.sisinternational.com\/de\/wp-json\/wp\/v2\/pages\/41642","targetHints":{"allow":["GET"]}}],"collection":[{"href":"https:\/\/www.sisinternational.com\/de\/wp-json\/wp\/v2\/pages"}],"about":[{"href":"https:\/\/www.sisinternational.com\/de\/wp-json\/wp\/v2\/types\/page"}],"author":[{"embeddable":true,"href":"https:\/\/www.sisinternational.com\/de\/wp-json\/wp\/v2\/users\/1"}],"replies":[{"embeddable":true,"href":"https:\/\/www.sisinternational.com\/de\/wp-json\/wp\/v2\/comments?post=41642"}],"version-history":[{"count":4,"href":"https:\/\/www.sisinternational.com\/de\/wp-json\/wp\/v2\/pages\/41642\/revisions"}],"predecessor-version":[{"id":81446,"href":"https:\/\/www.sisinternational.com\/de\/wp-json\/wp\/v2\/pages\/41642\/revisions\/81446"}],"up":[{"embeddable":true,"href":"https:\/\/www.sisinternational.com\/de\/wp-json\/wp\/v2\/pages\/14514"}],"wp:featuredmedia":[{"embeddable":true,"href":"https:\/\/www.sisinternational.com\/de\/wp-json\/wp\/v2\/media\/64337"}],"wp:attachment":[{"href":"https:\/\/www.sisinternational.com\/de\/wp-json\/wp\/v2\/media?parent=41642"}],"curies":[{"name":"wp","href":"https:\/\/api.w.org\/{rel}","templated":true}]}}