{"id":41584,"date":"2023-02-14T20:59:24","date_gmt":"2023-02-14T20:59:24","guid":{"rendered":"https:\/\/www.sisinternational.com\/?page_id=41584"},"modified":"2026-03-12T13:30:32","modified_gmt":"2026-03-12T17:30:32","slug":"sushi-marktforschung","status":"publish","type":"page","link":"https:\/\/www.sisinternational.com\/de\/losungen\/marktforschung-fur-die-lebensmittel-und-getrankeindustrie\/sushi-marktforschung\/","title":{"rendered":"Sushi-Marktforschung"},"content":{"rendered":"<h1 class=\"wp-block-heading\">Sushi-Marktforschung<\/h1>\n\n\n\n<figure class=\"gb-block-image gb-block-image-bfce47e5\"><img loading=\"lazy\" decoding=\"async\" width=\"1456\" height=\"816\" class=\"gb-image gb-image-bfce47e5\" src=\"https:\/\/www.sisinternational.com\/wp-content\/uploads\/2025\/08\/japanese-food-suchi-13.jpg\" alt=\"SIS International Marktforschung &amp; Strategie\" title=\"japanese food suchi (13)\" srcset=\"https:\/\/www.sisinternational.com\/wp-content\/uploads\/2025\/08\/japanese-food-suchi-13.jpg 1456w, https:\/\/www.sisinternational.com\/wp-content\/uploads\/2025\/08\/japanese-food-suchi-13-300x168.jpg 300w, https:\/\/www.sisinternational.com\/wp-content\/uploads\/2025\/08\/japanese-food-suchi-13-1024x574.jpg 1024w, https:\/\/www.sisinternational.com\/wp-content\/uploads\/2025\/08\/japanese-food-suchi-13-768x430.jpg 768w, https:\/\/www.sisinternational.com\/wp-content\/uploads\/2025\/08\/japanese-food-suchi-13-18x10.jpg 18w\" sizes=\"auto, (max-width: 1456px) 100vw, 1456px\"><\/figure>\n\n\n\n<p><\/p>\n\n\n\n<p>Die Sushi-Marktforschung bietet Einblicke in verschiedene Gesch\u00e4ftsprozesse und Sektoren, die f\u00fcr die Herstellung des Gerichts von entscheidender Bedeutung sind. Die Sushi-Marktstudie bietet Einblicke in die Daten und Strategien der Sushi-Industrie sowie in den Bereich des Lebensmittelsektors, der den Vertrieb von Sushi umfasst, das in Restaurants, verschiedenen Einzelh\u00e4ndlern und von Stra\u00dfenverk\u00e4ufern weltweit verkauft wird.<\/p>\n\n\n\n<p>Market Research provides insights as well on how certain restaurants that serve sushi compare to their competitors in terms of product quality, profits and availability. The Sushi market research&nbsp; can help advise organizations and industry executives in making decisions and creating marketing plans for a more active and profitable business landscape.<\/p>\n\n\n\n<h2 class=\"wp-block-heading\">Was ist Sushi?<\/h2>\n\n\n\n<p>Das weltweit am h\u00e4ufigsten konsumierte Getreide ist Reis, der verarbeitet oder gemahlen wurde, um das Korn von den anderen Teilen der Pflanze zu trennen. Eines der beliebtesten Gerichte aus Reis ist Sushi.<\/p>\n\n\n\n<p>Sushi ist ein japanisches Reisgericht, das sich weltweit verbreitet hat und Teil der globalen Esskultur geworden ist. Sushi gibt es in verschiedenen Formen. Der gekochte Sushireis wird mit speziellem Reisessig vermischt. Der Reis wird dann mit verschiedenen Bel\u00e4gen wie rohem Fisch oder anderen Schalentieren zubereitet. In der gerollten Variante werden Reis und Zutaten wie Omelett oder Gurke mithilfe einer speziellen Bambusmatte in Nori, eine d\u00fcnne Schicht zubereiteter Meeresalgen, eingewickelt.<\/p>\n\n\n\n<h2 class=\"wp-block-heading\">&nbsp;Ein kurzer \u00dcberblick \u00fcber die Sushi-Restaurantbranche<\/h2>\n\n\n\n<figure class=\"gb-block-image gb-block-image-58035a37\"><img loading=\"lazy\" decoding=\"async\" width=\"1456\" height=\"816\" class=\"gb-image gb-image-58035a37\" src=\"https:\/\/www.sisinternational.com\/wp-content\/uploads\/2025\/08\/japanese-food-suchi-5.jpg\" alt=\"SIS International Marktforschung &amp; Strategie\" title=\"japanese food suchi (5)\" srcset=\"https:\/\/www.sisinternational.com\/wp-content\/uploads\/2025\/08\/japanese-food-suchi-5.jpg 1456w, https:\/\/www.sisinternational.com\/wp-content\/uploads\/2025\/08\/japanese-food-suchi-5-300x168.jpg 300w, https:\/\/www.sisinternational.com\/wp-content\/uploads\/2025\/08\/japanese-food-suchi-5-1024x574.jpg 1024w, https:\/\/www.sisinternational.com\/wp-content\/uploads\/2025\/08\/japanese-food-suchi-5-768x430.jpg 768w, https:\/\/www.sisinternational.com\/wp-content\/uploads\/2025\/08\/japanese-food-suchi-5-18x10.jpg 18w\" sizes=\"auto, (max-width: 1456px) 100vw, 1456px\"><\/figure>\n\n\n\n<p><\/p>\n\n\n\n<p>The most typical sushi restaurants consist primarily of establishments that provide sushi-style dishes to customers who order and are delivered while sitting by wait staff or through conveyor belt-style delivery and pay after eating. Customers may also purchase <a href=\"https:\/\/www.sisinternational.com\/de\/mystery-shopping-for-alcoholic-beverages\/\" title=\"Mystery Shopping for Alcoholic Beverages\"  data-wpil-monitor-id=\"896\">alcoholic and other beverages<\/a> from these locations.<\/p>\n\n\n\n<p>Es wird erwartet, dass die Sushi-Branche in den kommenden Jahren florieren wird. Die Sushi-Branche, die stark fragmentiert ist und haupts\u00e4chlich aus kleinen, inhabergef\u00fchrten Unternehmen besteht, hat sich trotz des Wachstums anderer ethnischer Lebensmittelgesch\u00e4fte und der Entstehung innovativer Gerichte gut entwickelt. Die ver\u00e4nderten Kundenanforderungen haben die Gesch\u00e4ftst\u00e4tigkeit der Sushi-Branchenbetreiber ver\u00e4ndert. Die Schaffung des nachhaltigen Sushi-Konzepts ist eine Folge der zunehmenden Sorgen \u00fcber den R\u00fcckgang der Fischpopulation und die Umweltzerst\u00f6rung. In den folgenden Jahren wird der Sushi-Markt voraussichtlich weiter wachsen, da sich die Umwelt ver\u00e4ndert. Unter dem Einfluss anderer Faktoren wie Reisen, Kommunikation, soziale Medien, Fernsehen und Printanzeigen hat das Interesse an japanischem Essen zugenommen. Es wird erwartet, dass die bedeutenden Betreiber der Branche weltweit expandieren werden, um ihren Marktanteil zu erh\u00f6hen.<\/p>\n\n\n\n<h2 class=\"wp-block-heading\">Faktoren, die die globale Sushi-Marktforschung beeinflussen<\/h2>\n\n\n\n<h3 class=\"wp-block-heading\">Sushi-Marketingkampagnen und Werbung<\/h3>\n\n\n\n<p>Rising marketing campaigns are one of the primary factors driving the global sushi restaurant market over the projected period. The restaurant and food service sectors rely heavily on advertising campaigns and product promotions to increase their sales. Therefore, the sellers in these <a href=\"https:\/\/www.sisinternational.com\/de\/sachverstand\/branchen\/marktforschung-fur-elektronische-schaltungen\/\" title=\"Marktforschung f\u00fcr elektronische Schaltungen\"  data-wpil-monitor-id=\"5049\">markets utilize both electronic<\/a> and print media to advertise their businesses. Due to digitalization and associated advances, the majority of sushi restaurants are concentrating on marketing. Consequently, merchants utilize digital media as a platform for brand promotion. To increase client involvement, they promote enticing promotional offers and images of quick-service cuisine.<\/p>\n\n\n\n<h3 class=\"wp-block-heading\">Neue Sushi-Gerichte mit einzigartigen Zutaten<\/h3>\n\n\n\n<figure class=\"gb-block-image gb-block-image-a72e8c62\"><img loading=\"lazy\" decoding=\"async\" width=\"1456\" height=\"816\" class=\"gb-image gb-image-a72e8c62\" src=\"https:\/\/www.sisinternational.com\/wp-content\/uploads\/2025\/08\/japanese-food-suchi-1.jpg\" alt=\"SIS International Marktforschung &amp; Strategie\" title=\"japanese food suchi (1)\" srcset=\"https:\/\/www.sisinternational.com\/wp-content\/uploads\/2025\/08\/japanese-food-suchi-1.jpg 1456w, https:\/\/www.sisinternational.com\/wp-content\/uploads\/2025\/08\/japanese-food-suchi-1-300x168.jpg 300w, https:\/\/www.sisinternational.com\/wp-content\/uploads\/2025\/08\/japanese-food-suchi-1-1024x574.jpg 1024w, https:\/\/www.sisinternational.com\/wp-content\/uploads\/2025\/08\/japanese-food-suchi-1-768x430.jpg 768w, https:\/\/www.sisinternational.com\/wp-content\/uploads\/2025\/08\/japanese-food-suchi-1-18x10.jpg 18w\" sizes=\"auto, (max-width: 1456px) 100vw, 1456px\"><\/figure>\n\n\n\n<p><\/p>\n\n\n\n<p>Einer der wichtigsten Trends, der das Wachstum des weltweiten Sushi-Restaurantmarktes im Prognosezeitraum vorantreiben d\u00fcrfte, ist die Einf\u00fchrung neuer und innovativer Sushi-Gerichte. Dar\u00fcber hinaus werden technologische Entwicklungen in Restaurants und die steigende Beliebtheit japanischer Gerichte die weltweite Sushi-Restaurantbranche in den n\u00e4chsten Jahren erheblich vorantreiben.<\/p>\n\n\n\n<h2 class=\"wp-block-heading\">Sushi-Marktforschung \u2013 Wettbewerbslandschaftsanalyse<\/h2>\n\n\n\n<p>Sushi&nbsp; Market Research gathers information, statistics and data through an array of benchmarking tools to gain more corporate insight.&nbsp; Comparison of a business sector closest rival or to a group of comparable-sized enterprises within the same industry can provide valuable data and strategies in the sushi industry.<\/p>\n\n\n\n<h3 class=\"wp-block-heading\">Die Marktforschung bietet Einblicke in Folgendes:<\/h3>\n\n\n\n<ul class=\"wp-block-list\">\n<li>Unternehmens\u00fcbersicht<\/li>\n\n\n\n<li>Finanzielle Ertr\u00e4ge und Verm\u00f6genswerte<\/li>\n\n\n\n<li>Marktpotential<\/li>\n\n\n\n<li>Investitionen in Forschung und Entwicklung<\/li>\n\n\n\n<li>neue Marktinitiativen<\/li>\n\n\n\n<li>weltweite Pr\u00e4senz<\/li>\n\n\n\n<li>Produktionsstandorte und Anlagen<\/li>\n\n\n\n<li>Produktionskapazit\u00e4t<\/li>\n\n\n\n<li>St\u00e4rken und Schw\u00e4chen des Unternehmens<\/li>\n\n\n\n<li>Produkteinf\u00fchrung<\/li>\n<\/ul>\n\n\n\n<h2 class=\"wp-block-heading\">Demografische Faktoren auf dem globalen Sushi-Markt<\/h2>\n\n\n\n<figure class=\"gb-block-image gb-block-image-c11ef210\"><img loading=\"lazy\" decoding=\"async\" width=\"1456\" height=\"816\" class=\"gb-image gb-image-c11ef210\" src=\"https:\/\/www.sisinternational.com\/wp-content\/uploads\/2025\/08\/japanese-food-suchi-14.jpg\" alt=\"SIS International Marktforschung &amp; Strategie\" title=\"japanese food suchi (14)\" srcset=\"https:\/\/www.sisinternational.com\/wp-content\/uploads\/2025\/08\/japanese-food-suchi-14.jpg 1456w, https:\/\/www.sisinternational.com\/wp-content\/uploads\/2025\/08\/japanese-food-suchi-14-300x168.jpg 300w, https:\/\/www.sisinternational.com\/wp-content\/uploads\/2025\/08\/japanese-food-suchi-14-1024x574.jpg 1024w, https:\/\/www.sisinternational.com\/wp-content\/uploads\/2025\/08\/japanese-food-suchi-14-768x430.jpg 768w, https:\/\/www.sisinternational.com\/wp-content\/uploads\/2025\/08\/japanese-food-suchi-14-18x10.jpg 18w\" sizes=\"auto, (max-width: 1456px) 100vw, 1456px\"><\/figure>\n\n\n\n<p><\/p>\n\n\n\n<p>The competitive landscape of the sushi restaurant market gives information by competitor as well may it be with the major players or close competitor, or to a sushi industry segment of similar sized companies.&nbsp; The sushi industry&nbsp; is also analyzed as per information provided by country or region. Certain countries play key roles to the growth and development of the sushi industry:<\/p>\n\n\n\n<ul class=\"wp-block-list\">\n<li>Der asiatisch-pazifische Raum dominiert den Markt f\u00fcr Sushi-Restaurants aufgrund der Existenz wichtiger Unternehmen und der hohen Nachfrage nach Sushi in der Region.<\/li>\n\n\n\n<li>Aufgrund der wachsenden Nachfrage der Region nach asiatischer K\u00fcche wird f\u00fcr Nordamerika im Zeitraum von 2021 bis 2028 ein erhebliches Wachstum erwartet.<\/li>\n<\/ul>\n\n\n\n<h2 class=\"wp-block-heading\">Wichtige Akteure auf dem globalen Sushi-Markt<\/h2>\n\n\n\n<p>Das Wettbewerbsumfeld auf dem Sushi-Restaurantmarkt bietet auch Informationen zu den einzelnen Wettbewerbern, seien es die gro\u00dfen Player, enge Konkurrenten oder ein Sushi-Industriesegment mit \u00e4hnlich gro\u00dfen Unternehmen.<\/p>\n\n\n\n<p><a href=\"https:\/\/www.sisinternational.com\/de\/sachverstand\/branchen\/over-the-top-medien-ott-marktforschung\/\" title=\"Over the Top Media (OTT) Marktforschung\"  data-wpil-monitor-id=\"6213\">Market Research provides insights into the top<\/a> major players in the sushi industry. The comprehensive vendor analysis is aimed at assisting clients enhance their market position, and in accordance with this, this research gives a thorough overview of a number of prominent <a href=\"https:\/\/www.sisinternational.com\/de\/sachverstand\/branchen\/q-commerce-marktforschung\/\" title=\"Q-Commerce Marktforschung\"  data-wpil-monitor-id=\"4843\">sushi<\/a> restaurants market suppliers, such as:<\/p>\n\n\n\n<ol class=\"wp-block-list\">\n<li>Feng Sushi<\/li>\n\n\n\n<li>FOOD und LIFE COMPANIES Ltd.<\/li>\n\n\n\n<li>HAMAZUSHI Co. Ltd.<\/li>\n\n\n\n<li>Innovative Dining Group<\/li>\n\n\n\n<li>Kappa Create Co. Ltd.<\/li>\n\n\n\n<li>Kura Sushi USA Inc.<\/li>\n\n\n\n<li>Maxims Caterers Ltd.<\/li>\n\n\n\n<li>Restaurant &amp; Bar<\/li>\n\n\n\n<li>Sakae Holdings Ltd.<\/li>\n\n\n\n<li>Wasabi-Sushi<\/li>\n<\/ol>\n\n\n\n<h2 class=\"wp-block-heading\">\u00dcber Sushi Market Research<\/h2>\n\n\n\n<figure class=\"gb-block-image gb-block-image-ba6e5e35\"><img loading=\"lazy\" decoding=\"async\" width=\"1456\" height=\"816\" class=\"gb-image gb-image-ba6e5e35\" src=\"https:\/\/www.sisinternational.com\/wp-content\/uploads\/2025\/08\/japanese-food-suchi-12.jpg\" alt=\"SIS International Marktforschung &amp; Strategie\" title=\"japanese food suchi (12)\" srcset=\"https:\/\/www.sisinternational.com\/wp-content\/uploads\/2025\/08\/japanese-food-suchi-12.jpg 1456w, https:\/\/www.sisinternational.com\/wp-content\/uploads\/2025\/08\/japanese-food-suchi-12-300x168.jpg 300w, https:\/\/www.sisinternational.com\/wp-content\/uploads\/2025\/08\/japanese-food-suchi-12-1024x574.jpg 1024w, https:\/\/www.sisinternational.com\/wp-content\/uploads\/2025\/08\/japanese-food-suchi-12-768x430.jpg 768w, https:\/\/www.sisinternational.com\/wp-content\/uploads\/2025\/08\/japanese-food-suchi-12-18x10.jpg 18w\" sizes=\"auto, (max-width: 1456px) 100vw, 1456px\"><\/figure>\n\n\n\n<p><\/p>\n\n\n\n<p>The sushi market research provides insights into various business sectors vital to the dish&#8217;s production. The <a href=\"https:\/\/www.sisinternational.com\/de\/sachverstand\/branchen\/marktforschung-fur-gewurze\/\" title=\"Marktforschung f\u00fcr Gew\u00fcrze\"  data-wpil-monitor-id=\"3350\">research on the market<\/a> for sushi restaurants includes, but not limited to, the following key points:<\/p>\n\n\n\n<ul class=\"wp-block-list\">\n<li>Branchengr\u00f6\u00dfe von Sushi-Restaurants<\/li>\n\n\n\n<li>Gesch\u00e4ftsaussichten f\u00fcr Sushi-Restaurants<\/li>\n\n\n\n<li>Einsch\u00e4tzung des Marktes f\u00fcr Sushi-Restaurants<\/li>\n<\/ul>\n\n\n\n<p>Die Daten und Strategien der Sushi-Industrie werden unter Verwendung einer objektiven Mischung aus Prim\u00e4r- und Sekund\u00e4rdaten sowie Feedback von Branchenf\u00fchrern zusammengetragen. Neben einer vollst\u00e4ndigen Markt- und Anbieterlandschaft bietet die Studie eine Analyse der f\u00fchrenden Anbieter. Die Ergebnisse der Studie liefern Einsch\u00e4tzungen zur finanziellen Stabilit\u00e4t, strategischen Positionierung, zu Risiken und Chancen sowie zu anderen Faktoren der Branche, die jedes Unternehmen oder jede F\u00fchrungskraft kennen muss.<\/p>","protected":false},"excerpt":{"rendered":"<p>Die Sushi-Marktforschung bietet Einblicke in verschiedene Gesch\u00e4ftsprozesse und Sektoren, die f\u00fcr die Herstellung dieses Gerichts von entscheidender Bedeutung sind.<\/p>","protected":false},"author":1,"featured_media":63219,"parent":22018,"menu_order":189,"comment_status":"closed","ping_status":"closed","template":"","meta":{"footnotes":""},"class_list":["post-41584","page","type-page","status-publish","has-post-thumbnail"],"_links":{"self":[{"href":"https:\/\/www.sisinternational.com\/de\/wp-json\/wp\/v2\/pages\/41584","targetHints":{"allow":["GET"]}}],"collection":[{"href":"https:\/\/www.sisinternational.com\/de\/wp-json\/wp\/v2\/pages"}],"about":[{"href":"https:\/\/www.sisinternational.com\/de\/wp-json\/wp\/v2\/types\/page"}],"author":[{"embeddable":true,"href":"https:\/\/www.sisinternational.com\/de\/wp-json\/wp\/v2\/users\/1"}],"replies":[{"embeddable":true,"href":"https:\/\/www.sisinternational.com\/de\/wp-json\/wp\/v2\/comments?post=41584"}],"version-history":[{"count":8,"href":"https:\/\/www.sisinternational.com\/de\/wp-json\/wp\/v2\/pages\/41584\/revisions"}],"predecessor-version":[{"id":79798,"href":"https:\/\/www.sisinternational.com\/de\/wp-json\/wp\/v2\/pages\/41584\/revisions\/79798"}],"up":[{"embeddable":true,"href":"https:\/\/www.sisinternational.com\/de\/wp-json\/wp\/v2\/pages\/22018"}],"wp:featuredmedia":[{"embeddable":true,"href":"https:\/\/www.sisinternational.com\/de\/wp-json\/wp\/v2\/media\/63219"}],"wp:attachment":[{"href":"https:\/\/www.sisinternational.com\/de\/wp-json\/wp\/v2\/media?parent=41584"}],"curies":[{"name":"wp","href":"https:\/\/api.w.org\/{rel}","templated":true}]}}