{"id":41580,"date":"2023-02-14T18:37:15","date_gmt":"2023-02-14T18:37:15","guid":{"rendered":"https:\/\/www.sisinternational.com\/?page_id=41580"},"modified":"2026-01-24T18:46:26","modified_gmt":"2026-01-24T23:46:26","slug":"marktforschung-fur-kleine-und-mittlere-unternehmen","status":"publish","type":"page","link":"https:\/\/www.sisinternational.com\/de\/sachverstand\/marktforschung-fur-kleine-und-mittlere-unternehmen\/","title":{"rendered":"Marktforschung f\u00fcr kleine und mittlere Unternehmen"},"content":{"rendered":"<h1 class=\"wp-block-heading p1\">Marktforschung f\u00fcr kleine und mittlere Unternehmen<\/h1>\n\n\n\n<figure class=\"gb-block-image gb-block-image-e70ed3cd\"><img loading=\"lazy\" decoding=\"async\" width=\"1456\" height=\"816\" class=\"gb-image gb-image-e70ed3cd\" src=\"https:\/\/www.sisinternational.com\/wp-content\/uploads\/2025\/08\/Small-and-Medium-Enterprise-7.jpg\" alt=\"SIS International Marktforschung &amp; Strategie\" title=\"Small and Medium Enterprise (7)\" srcset=\"https:\/\/www.sisinternational.com\/wp-content\/uploads\/2025\/08\/Small-and-Medium-Enterprise-7.jpg 1456w, https:\/\/www.sisinternational.com\/wp-content\/uploads\/2025\/08\/Small-and-Medium-Enterprise-7-300x168.jpg 300w, https:\/\/www.sisinternational.com\/wp-content\/uploads\/2025\/08\/Small-and-Medium-Enterprise-7-1024x574.jpg 1024w, https:\/\/www.sisinternational.com\/wp-content\/uploads\/2025\/08\/Small-and-Medium-Enterprise-7-768x430.jpg 768w, https:\/\/www.sisinternational.com\/wp-content\/uploads\/2025\/08\/Small-and-Medium-Enterprise-7-18x10.jpg 18w\" sizes=\"auto, (max-width: 1456px) 100vw, 1456px\"><\/figure>\n\n\n\n<p><\/p>\n\n\n\n<p class=\"p3\">Kleine und mittlere Unternehmen sind der Motor vieler Volkswirtschaften und haben einen erheblichen Einfluss auf das Wirtschaftswachstum. Um auf dem sich st\u00e4ndig weiterentwickelnden Markt wettbewerbsf\u00e4hig zu bleiben, m\u00fcssen kleine und mittlere Unternehmen ihre Kunden, ihre Konkurrenz und die Branchentendenzen umfassend verstehen.<span class=\"Apple-converted-space\">&nbsp;<\/span><\/p>\n\n\n\n<p class=\"p4\">Aus diesem Grund bietet die Marktforschung kleinen und mittleren Unternehmen eine Plattform, auf der sie wichtige Daten und Erkenntnisse gewinnen, die ihnen bei der Entscheidungsfindung helfen und ihnen die Entwicklung erfolgreicher Zukunftspl\u00e4ne erm\u00f6glichen.<\/p>\n\n\n\n<h2 class=\"wp-block-heading p5\">Bedeutung und Nutzen der Marktforschung f\u00fcr kleine und mittlere Unternehmen f\u00fcr die Gesch\u00e4ftsentscheidung<\/h2>\n\n\n\n<p class=\"p3\">Conducting small and medium enterprise market research is a vital step to understanding their customers, industry, and competitors. It enables companies to gain <a href=\"https:\/\/www.sisinternational.com\/de\/losungen\/einblicke-der-kunden\/\" title=\"Einblicke der Kunden\"  data-wpil-monitor-id=\"8223\">insights into customer<\/a> needs and preferences, recognize market opportunities, assess the competition, and uncover potential for growth.<span class=\"Apple-converted-space\">&nbsp;<\/span><\/p>\n\n\n\n<p class=\"p3\">It is of paramount importance to be aware of the limited resources, high operational costs, and changing customer needs that small and medium enterprises face \u2013 through market research, they can make informed decisions and <a href=\"https:\/\/www.sisinternational.com\/de\/losungen\/strategieberatung\/strategieentwicklung-umsetzungsberatung\/\" title=\"Strategieentwicklung und Umsetzungsberatung\"  data-wpil-monitor-id=\"8221\">develop effective strategies<\/a> to manage these challenges.<\/p>\n\n\n\n<h3 class=\"wp-block-heading p3\">Zu den wichtigsten Vorteilen der Marktforschung f\u00fcr kleine und mittlere Unternehmen bei der Entscheidungsfindung im Unternehmen z\u00e4hlen die folgenden:<\/h3>\n\n\n\n<figure class=\"gb-block-image gb-block-image-9b965e78\"><img loading=\"lazy\" decoding=\"async\" width=\"1456\" height=\"816\" class=\"gb-image gb-image-9b965e78\" src=\"https:\/\/www.sisinternational.com\/wp-content\/uploads\/2025\/08\/Small-and-Medium-Enterprise-3.jpg\" alt=\"SIS International Marktforschung &amp; Strategie\" title=\"Small and Medium Enterprise (3)\" srcset=\"https:\/\/www.sisinternational.com\/wp-content\/uploads\/2025\/08\/Small-and-Medium-Enterprise-3.jpg 1456w, https:\/\/www.sisinternational.com\/wp-content\/uploads\/2025\/08\/Small-and-Medium-Enterprise-3-300x168.jpg 300w, https:\/\/www.sisinternational.com\/wp-content\/uploads\/2025\/08\/Small-and-Medium-Enterprise-3-1024x574.jpg 1024w, https:\/\/www.sisinternational.com\/wp-content\/uploads\/2025\/08\/Small-and-Medium-Enterprise-3-768x430.jpg 768w, https:\/\/www.sisinternational.com\/wp-content\/uploads\/2025\/08\/Small-and-Medium-Enterprise-3-18x10.jpg 18w\" sizes=\"auto, (max-width: 1456px) 100vw, 1456px\"><\/figure>\n\n\n\n<ul class=\"wp-block-list\">\n<li>Unternehmen k\u00f6nnen die Bed\u00fcrfnisse, Vorlieben und Verhaltensweisen ihrer Kunden verstehen. Mit diesen Daten k\u00f6nnen kleine und mittlere Unternehmen ihre Produkte und Dienstleistungen an die Bed\u00fcrfnisse der Kunden anpassen und effektive Marketingtaktiken entwickeln, um ihren Zielmarkt zu erreichen.<\/li>\n\n\n\n<li>By conducting small and medium enterprise market research, organizations can gain valuable insights into potential business opportunities. Through leveraging emerging trends, exploring untapped customer segments, and evaluating potential partnerships, they can <a href=\"https:\/\/www.sisinternational.com\/de\/sachverstand\/branchen\/marktforschung-zur-optimierung-von-restaurantspeisekarten\/\" title=\"Marktforschung zur Restaurant- und Speisekartenoptimierung\"  data-wpil-monitor-id=\"8222\">optimize their market<\/a> share and drive sustained growth.<\/li>\n\n\n\n<li>Enterprises can leverage small and medium enterprise market research to gain insights into the competitive landscape, and understand their own competitive advantages and disadvantages compared to other players. With this knowledge, small and <a href=\"https:\/\/www.sisinternational.com\/de\/grosforschung-fur-kleine-unternehmen\/\" title=\"Gro\u00dfforschung f\u00fcr kleine Unternehmen\"  data-wpil-monitor-id=\"2331\">medium companies can create and execute strategies<\/a> to differentiate themselves and effectively position themselves in a crowded market.<\/li>\n\n\n\n<li>Kleine und mittlere Unternehmen k\u00f6nnen Marktforschung nutzen, um Kundeneinblicke in die Leistung ihrer Produkte und Dienstleistungen zu erhalten. Anhand dieser Daten k\u00f6nnen sie Verbesserungsbereiche entdecken und ihre Angebote aktualisieren, um die Kundenerwartungen besser zu erf\u00fcllen.<\/li>\n\n\n\n<li>Mithilfe von Marktforschung f\u00fcr kleine und mittlere Unternehmen k\u00f6nnen Unternehmen Entscheidungen auf der Grundlage faktischer Daten treffen und so ihre Erfolgschancen und ihr zuk\u00fcnftiges Wachstum steigern.<\/li>\n<\/ul>\n\n\n\n<h2 class=\"wp-block-heading p5\">Best Practices und Ziele der Marktforschung f\u00fcr kleine und mittlere Unternehmen<\/h2>\n\n\n\n<p class=\"p3\">Um eine erfolgreiche Marktforschungsstudie zu erstellen, ist es notwendig, ein klares Forschungsproblem zu formulieren, das den Gesch\u00e4ftszielen entspricht. Bestimmen Sie dann die am besten geeignete Forschungsmethode (Umfragen, Fokusgruppen, Interviews usw.) sowie die Zielpopulation und Stichprobengr\u00f6\u00dfe.<\/p>\n\n\n\n<p class=\"p3\">This approach allows consulting firms to <a href=\"https:\/\/www.sisinternational.com\/de\/abdeckung\/europa\/marktforschung-liverpool-grosbritannien\/\" title=\"Marktforschung in Liverpool | Fokusgruppen und Datenerfassung in Gro\u00dfbritannien\"  data-wpil-monitor-id=\"8210\">collect the required data<\/a> and draw conclusions based on facts. On the other hand, small and medium enterprises often leverage market research to reach their goals <span class=\"s1\">\u2013<b> <\/b><\/span>und ihre h\u00e4ufigsten Ziele sind:<\/p>\n\n\n\n<ul class=\"wp-block-list\">\n<li>Erlangen Sie ein umfassendes Verst\u00e4ndnis der Bed\u00fcrfnisse und Vorlieben Ihrer Kunden, um Produkte und Dienstleistungen zu entwickeln, die ihren Erwartungen entsprechen.<\/li>\n\n\n\n<li>Identify and <a href=\"https:\/\/www.sisinternational.com\/de\/abdeckung\/marktforschung-asien\/einschatzung-der-marktchancen-in-asien\/\" title=\"Einsch\u00e4tzung der Marktchancen in Asien\"  data-wpil-monitor-id=\"8207\">assess potential market opportunities<\/a> to remain competitive and expand their operations.<\/li>\n\n\n\n<li>Verschaffen Sie sich einen Wettbewerbsvorteil durch die Erfassung von Daten, die wertvolle Einblicke in die St\u00e4rken und Schw\u00e4chen Ihrer Konkurrenten bieten. So k\u00f6nnen kleine und mittlere Unternehmen das Wettbewerbsumfeld bewerten und potenzielle Chancen effektiv erkennen.<\/li>\n\n\n\n<li>Bewerten Sie die Leistung ihrer Produkte und Dienstleistungen, um m\u00f6gliche Verbesserungsbereiche zu ermitteln und ihr Angebot zu verfeinern, um die Kundenbed\u00fcrfnisse besser zu erf\u00fcllen.<\/li>\n<\/ul>\n\n\n\n<h2 class=\"wp-block-heading p5\">M\u00f6glichkeiten der Marktforschung f\u00fcr kleine und mittlere Unternehmen<\/h2>\n\n\n\n<ul class=\"wp-block-list\">\n<li>Businesses can benefit from small and medium enterprise market research to identify untapped market segments. By gaining an understanding of the distinct needs and preferences of various consumer segments, companies can craft their <a href=\"https:\/\/www.sisinternational.com\/de\/losungen\/fokusgruppen-marktforschung\/\" title=\"Fokusgruppe Marktforschung\"  data-wpil-monitor-id=\"8213\">marketing plans to target specific groups<\/a> effectively.<\/li>\n\n\n\n<li>Die Durchf\u00fchrung von Marktforschung ist ein wesentlicher Bestandteil der Einf\u00fchrung neuer Produkte oder Dienstleistungen. Sie erm\u00f6glicht kleinen und mittleren Unternehmen, potenzielle Interessenten f\u00fcr neue Produkte zu erkennen. Durch die Analyse der W\u00fcnsche der Verbraucher k\u00f6nnen Unternehmen Artikel oder Dienstleistungen herstellen, die genau den Anforderungen ihrer Zielgruppe entsprechen. Marktforschung kann Unternehmen wertvolle Einblicke in die Kundenzufriedenheit liefern. Durch das Sammeln von Kundenfeedback k\u00f6nnen Unternehmen Verbesserungsm\u00f6glichkeiten erkennen und ihre Produkte, Dienstleistungen oder Kundendienstpraktiken anpassen, um sie besser an die Bed\u00fcrfnisse ihrer Kunden anzupassen.<\/li>\n\n\n\n<li>Die Durchf\u00fchrung von Marktforschung f\u00fcr kleine und mittlere Unternehmen liefert ein hervorragendes Bild der Wettbewerbslandschaft. Sie hilft Unternehmen, sich von der Konkurrenz abzuheben und Pl\u00e4ne zu entwickeln, um sich einen Vorteil auf dem Markt zu verschaffen.<\/li>\n\n\n\n<li>Unternehmen k\u00f6nnen Risiken mindern, indem sie Marktforschung nutzen, um \u00fcber aktuelle Markttrends und Verbraucherpr\u00e4ferenzen auf dem Laufenden zu bleiben.<span class=\"Apple-converted-space\">\u00a0<\/span><\/li>\n<\/ul>\n\n\n\n<h2 class=\"wp-block-heading p5\">Herausforderungen und Grenzen der Marktforschung f\u00fcr kleine und mittlere Unternehmen<\/h2>\n\n\n\n<figure class=\"gb-block-image gb-block-image-ce1b03a0\"><img loading=\"lazy\" decoding=\"async\" width=\"1456\" height=\"816\" class=\"gb-image gb-image-ce1b03a0\" src=\"https:\/\/www.sisinternational.com\/wp-content\/uploads\/2025\/08\/Small-and-Medium-Enterprise-2.jpg\" alt=\"SIS International Marktforschung &amp; Strategie\" title=\"Small and Medium Enterprise (2)\" srcset=\"https:\/\/www.sisinternational.com\/wp-content\/uploads\/2025\/08\/Small-and-Medium-Enterprise-2.jpg 1456w, https:\/\/www.sisinternational.com\/wp-content\/uploads\/2025\/08\/Small-and-Medium-Enterprise-2-300x168.jpg 300w, https:\/\/www.sisinternational.com\/wp-content\/uploads\/2025\/08\/Small-and-Medium-Enterprise-2-1024x574.jpg 1024w, https:\/\/www.sisinternational.com\/wp-content\/uploads\/2025\/08\/Small-and-Medium-Enterprise-2-768x430.jpg 768w, https:\/\/www.sisinternational.com\/wp-content\/uploads\/2025\/08\/Small-and-Medium-Enterprise-2-18x10.jpg 18w\" sizes=\"auto, (max-width: 1456px) 100vw, 1456px\"><\/figure>\n\n\n\n<ul class=\"wp-block-list ul1\">\n<li>Kleine und mittlere Unternehmen sind h\u00e4ufig mit begrenzten Ressourcen konfrontiert, die ihre F\u00e4higkeit zur Durchf\u00fchrung umfassender Marktforschung beeintr\u00e4chtigen k\u00f6nnen.<\/li>\n\n\n\n<li>Kleine und mittlere Unternehmen verf\u00fcgen m\u00f6glicherweise nicht \u00fcber das gleiche Ma\u00df an Fachwissen und Bewusstsein im Bereich Marktforschung wie gro\u00dfe Unternehmen.<\/li>\n\n\n\n<li>Unternehmen verf\u00fcgen m\u00f6glicherweise nicht \u00fcber dieselben finanziellen Mittel f\u00fcr die Marktforschung wie gr\u00f6\u00dfere Konzerne.<\/li>\n\n\n\n<li>Aufgrund der m\u00f6glicherweise reduzierten Stichprobengr\u00f6\u00dfe kann es f\u00fcr kleine und mittlere Unternehmen schwierig sein, statistisch signifikante Ergebnisse zu erzielen.<\/li>\n\n\n\n<li>Small enterprises may find it difficult to compete with larger companies that possess greater <a href=\"https:\/\/www.sisinternational.com\/de\/sachverstand\/branchen\/marktforschung-zu-naturlichen-ressourcen\/\" title=\"Marktforschung f\u00fcr nat\u00fcrliche Ressourcen\"  data-wpil-monitor-id=\"8217\">resources and information for market<\/a> analysis.<\/li>\n<\/ul>\n\n\n\n<h2 class=\"wp-block-heading p5\">Zuk\u00fcnftige Trends und \u00dcberlegungen zur Marktforschung f\u00fcr kleine und mittlere Unternehmen<\/h2>\n\n\n\n<ul class=\"wp-block-list\">\n<li>Mit der Entwicklung der Weltwirtschaft w\u00e4chst die Bedeutung kleiner und mittlerer Unternehmen. Um wettbewerbsf\u00e4hig zu bleiben, m\u00fcssen Unternehmen daher Zugang zu pr\u00e4ziser Marktforschung haben, die ihnen hilft, fundierte Entscheidungen zu treffen. Vor diesem Hintergrund wird die Nachfrage nach Marktforschung f\u00fcr kleine und mittlere Unternehmen wahrscheinlich steigen.<\/li>\n\n\n\n<li>Das Aufkommen von Big Data und Analysel\u00f6sungen hat kleinen und mittleren Unternehmen den Zugang zu umfassenderen Marktforschungstechniken erm\u00f6glicht. Diese Tools k\u00f6nnen Unternehmen bessere Einblicke in die Tendenzen, Vorlieben und Kaufverhalten der Kunden verschaffen.<\/li>\n\n\n\n<li>Da der Wettbewerb auf dem Markt zunimmt, sind sich kleine und mittlere Unternehmen der Vorteile einer Zusammenarbeit bewusst geworden. Diese Unternehmen k\u00f6nnen ihre Ressourcen und ihr Fachwissen b\u00fcndeln, um Marktforschung zu betreiben und ein umfassenderes Bild ihrer Kunden und des Marktes zu erhalten.<\/li>\n\n\n\n<li>Strategically-directed small and medium enterprise market research can provide businesses with the valuable insights they need to identify and capitalize on customer preferences, behaviors, and conversations on social media. By leveraging these insights, companies can effectively tailor their <a href=\"https:\/\/www.sisinternational.com\/de\/sachverstand\/branchen\/marktforschung-zu-stimme-des-kunden-im-lebensmittel-und-getrankebereich\/\" title=\"Marktforschung zur Stimme des Kunden im Lebensmittel- und Getr\u00e4nkebereich\"  data-wpil-monitor-id=\"8220\">marketing campaigns for greater customer<\/a> engagement.<\/li>\n\n\n\n<li>K\u00fcnstliche Intelligenz (KI) und maschinelles Lernen (ML) k\u00f6nnen die Produktivit\u00e4t kleiner und mittlerer Unternehmen steigern und sie wettbewerbsf\u00e4higer machen. Daher ist zu erwarten, dass auch kleine Unternehmen KI und ML nutzen werden, um ihre Produktivit\u00e4t zu steigern und ihre Gesch\u00e4ftst\u00e4tigkeit auszuweiten.<\/li>\n<\/ul>\n\n\n\n<p class=\"p3\">SIS International bietet quantitative, qualitative und strategische Forschung an. Wir liefern Daten, Tools, Strategien, Berichte und Erkenntnisse zur Entscheidungsfindung. Wir f\u00fchren Interviews, Umfragen, Fokusgruppen und viele andere Methoden und Ans\u00e4tze der Marktforschung durch. Kontaktieren Sie uns f\u00fcr Ihr n\u00e4chstes Marktforschungsprojekt.<\/p>","protected":false},"excerpt":{"rendered":"<p>F\u00fcr kleine und mittlere Unternehmen ist die Durchf\u00fchrung von Marktforschung ein entscheidender Schritt zum Verst\u00e4ndnis ihrer Kunden, ihrer Branche und ihrer Wettbewerber.<\/p>","protected":false},"author":1,"featured_media":64551,"parent":14514,"menu_order":187,"comment_status":"closed","ping_status":"closed","template":"","meta":{"footnotes":""},"class_list":["post-41580","page","type-page","status-publish","has-post-thumbnail"],"_links":{"self":[{"href":"https:\/\/www.sisinternational.com\/de\/wp-json\/wp\/v2\/pages\/41580","targetHints":{"allow":["GET"]}}],"collection":[{"href":"https:\/\/www.sisinternational.com\/de\/wp-json\/wp\/v2\/pages"}],"about":[{"href":"https:\/\/www.sisinternational.com\/de\/wp-json\/wp\/v2\/types\/page"}],"author":[{"embeddable":true,"href":"https:\/\/www.sisinternational.com\/de\/wp-json\/wp\/v2\/users\/1"}],"replies":[{"embeddable":true,"href":"https:\/\/www.sisinternational.com\/de\/wp-json\/wp\/v2\/comments?post=41580"}],"version-history":[{"count":5,"href":"https:\/\/www.sisinternational.com\/de\/wp-json\/wp\/v2\/pages\/41580\/revisions"}],"predecessor-version":[{"id":81381,"href":"https:\/\/www.sisinternational.com\/de\/wp-json\/wp\/v2\/pages\/41580\/revisions\/81381"}],"up":[{"embeddable":true,"href":"https:\/\/www.sisinternational.com\/de\/wp-json\/wp\/v2\/pages\/14514"}],"wp:featuredmedia":[{"embeddable":true,"href":"https:\/\/www.sisinternational.com\/de\/wp-json\/wp\/v2\/media\/64551"}],"wp:attachment":[{"href":"https:\/\/www.sisinternational.com\/de\/wp-json\/wp\/v2\/media?parent=41580"}],"curies":[{"name":"wp","href":"https:\/\/api.w.org\/{rel}","templated":true}]}}