{"id":41574,"date":"2023-02-13T23:18:47","date_gmt":"2023-02-13T23:18:47","guid":{"rendered":"https:\/\/www.sisinternational.com\/?page_id=41574"},"modified":"2025-10-19T22:59:16","modified_gmt":"2025-10-20T02:59:16","slug":"marktforschung-fur-kalidunger","status":"publish","type":"page","link":"https:\/\/www.sisinternational.com\/de\/sachverstand\/marktforschung-fur-kalidunger\/","title":{"rendered":"Marktforschung f\u00fcr Kalid\u00fcngemittel"},"content":{"rendered":"<h1 class=\"wp-block-heading\">Marktforschung f\u00fcr Kalid\u00fcngemittel<\/h1>\n\n\n\n<figure class=\"gb-block-image gb-block-image-a7a3c298\"><img loading=\"lazy\" decoding=\"async\" width=\"1456\" height=\"816\" class=\"gb-image gb-image-a7a3c298\" src=\"https:\/\/www.sisinternational.com\/wp-content\/uploads\/2025\/08\/Agriculture-15.jpg\" alt=\"SIS International Marktforschung &amp; Strategie\" title=\"Agriculture (15)\" srcset=\"https:\/\/www.sisinternational.com\/wp-content\/uploads\/2025\/08\/Agriculture-15.jpg 1456w, https:\/\/www.sisinternational.com\/wp-content\/uploads\/2025\/08\/Agriculture-15-300x168.jpg 300w, https:\/\/www.sisinternational.com\/wp-content\/uploads\/2025\/08\/Agriculture-15-1024x574.jpg 1024w, https:\/\/www.sisinternational.com\/wp-content\/uploads\/2025\/08\/Agriculture-15-768x430.jpg 768w, https:\/\/www.sisinternational.com\/wp-content\/uploads\/2025\/08\/Agriculture-15-18x10.jpg 18w\" sizes=\"auto, (max-width: 1456px) 100vw, 1456px\"><\/figure>\n\n\n\n<p><\/p>\n\n\n\n<h2 class=\"wp-block-heading\">Der Marktausblick f\u00fcr Kali<\/h2>\n\n\n\n<p>Potash fertilizer is a key component of agricultural production. Its production is based on the use of potassium, which is an essential micro-mineral for the proper functioning of the human body and has a high nutritional value. Potassium is also a basic nutrient for plants. Its main commercial use is in the production of fertilizer. Potash <a href=\"https:\/\/www.sisinternational.com\/de\/sachverstand\/branchen\/marktforschung-fur-agrochemikalien-und-dungemittel\/\" title=\"Marktforschung f\u00fcr Agrochemikalien und D\u00fcngemittel\"  data-wpil-monitor-id=\"8176\">fertilizer is a multi-billion dollar market<\/a> that is attracting the interest of investors worldwide. Its market value is constantly increasing and is considered a valuable asset with high prospects.<\/p>\n\n\n\n<p>Der <a href=\"https:\/\/www.sisinternational.com\/de\/losungen\/strategieberatung\/nachfrageprognose-marktforschung\/\" title=\"Demand Forecasting Market Consulting\"  data-wpil-monitor-id=\"8175\">forecast for global demand<\/a> is optimistic and is expected to increase steadily. Because potash fertilizer is so closely tied to the entire agricultural sector, any analysis must take into account its pivotal role in the global economy. Agriculture is a major provider of food on a global scale. As such, it is not only beneficial to the economy as a whole but is fundamental to the existence of human life.<\/p>\n\n\n\n<h2 class=\"wp-block-heading\">Der globale Markt f\u00fcr Kalid\u00fcngemittel<\/h2>\n\n\n\n<p>Because agriculture is essential for sustaining life, the demand for agricultural products is mostly inelastic. This fact directly affects the <a href=\"https:\/\/www.sisinternational.com\/de\/billigflieger-in-der-luftfahrtindustrie\/\" title=\"Marktforschung f\u00fcr Billigflieger\"  data-wpil-monitor-id=\"8172\">global potash fertilizer market<\/a> and ensures a continuous demand for it. On the other hand, current events, such as the Covid-19 pandemic and the Russia-Ukraine war, affect both production and prices. This means that all interested investors should keep a close eye on political and economic <a href=\"https:\/\/www.sisinternational.com\/de\/losungen\/strategieberatung\/strategieentwicklung-umsetzungsberatung\/\" title=\"Strategieentwicklung und Umsetzungsberatung\"  data-wpil-monitor-id=\"8178\">developments before deciding on their business strategy<\/a>.<\/p>\n\n\n\n<p>A very important aspect of potash fertilizer is its dominant <a href=\"https:\/\/www.sisinternational.com\/de\/losungen\/branding-und-kundenforschungslosungen\/marktforschung-zur-markenpositionierung\/\" title=\"Marktforschung zur Markenpositionierung\"  data-wpil-monitor-id=\"8177\">position in the global fertilizer market<\/a> as a whole. With a market share of more than two-thirds, it is the undisputed number one fertilizer in the world. The cultivation of arable crops throughout the world relies heavily on potash fertilizers. The expectation that the potash fertilizer market will continue to grow is based on solid arguments, as the need for higher crop productivity is expected to continue to increase.<\/p>\n\n\n\n<h2 class=\"wp-block-heading\">Warum Marktforschung zu Kalid\u00fcngemitteln wichtig ist<\/h2>\n\n\n\n<figure class=\"gb-block-image gb-block-image-0321a0c5\"><img loading=\"lazy\" decoding=\"async\" width=\"1456\" height=\"816\" class=\"gb-image gb-image-0321a0c5\" src=\"https:\/\/www.sisinternational.com\/wp-content\/uploads\/2025\/08\/Agriculture-16.jpg\" alt=\"SIS International Marktforschung &amp; Strategie\" title=\"Agriculture (16)\" srcset=\"https:\/\/www.sisinternational.com\/wp-content\/uploads\/2025\/08\/Agriculture-16.jpg 1456w, https:\/\/www.sisinternational.com\/wp-content\/uploads\/2025\/08\/Agriculture-16-300x168.jpg 300w, https:\/\/www.sisinternational.com\/wp-content\/uploads\/2025\/08\/Agriculture-16-1024x574.jpg 1024w, https:\/\/www.sisinternational.com\/wp-content\/uploads\/2025\/08\/Agriculture-16-768x430.jpg 768w, https:\/\/www.sisinternational.com\/wp-content\/uploads\/2025\/08\/Agriculture-16-18x10.jpg 18w\" sizes=\"auto, (max-width: 1456px) 100vw, 1456px\"><\/figure>\n\n\n\n<p><\/p>\n\n\n\n<p>Potash fertilizers are a prerequisite for nutritional efficiency in today&#8217;s world. The ever-increasing global population is leading to the extensive use of fertilizers to raise agricultural <a href=\"https:\/\/www.sisinternational.com\/de\/abdeckung\/marktforschung-afrika\/marktforschung-fur-ernahrungsprodukte-in-afrika\/\" title=\"Marktforschung f\u00fcr Ern\u00e4hrungsprodukte in Afrika\"  data-wpil-monitor-id=\"8179\">production rates to meet nutritional<\/a> needs. The current rise in global inflation is another parameter that could affect the potash fertilizer market. Increased production could shift the demand curve and thus reduce prices. In any case, the importance of potash fertilizer market research is explicitly recognized. It would not be an exaggeration to say that potash fertilizer is a factor of political stability due to its key role in ensuring global food security. In addition, there are other areas of interest regarding the role of potash fertilizer:<\/p>\n\n\n\n<ul class=\"wp-block-list\">\n<li>Reduzierung von Insektensch\u00e4dlingen in Nutzpflanzen<\/li>\n\n\n\n<li>Reduzierung von Pflanzenkrankheiten<\/li>\n\n\n\n<li>Steigerung der Pflanzenvitalit\u00e4t<\/li>\n<\/ul>\n\n\n\n<p>Kalid\u00fcnger wirken als Katalysatoren f\u00fcr das \u00dcberleben und Wachstum der Pflanzen.<\/p>\n\n\n\n<h2 class=\"wp-block-heading\">Schl\u00fcsselberufe<\/h2>\n\n\n\n<h3 class=\"wp-block-heading\">Mit der Kalid\u00fcngemittelindustrie sind mehrere Berufe verbunden:<\/h3>\n\n\n\n<ul class=\"wp-block-list\">\n<li>Betreiber eines Kalibergwerks<\/li>\n\n\n\n<li>Chemikanten<\/li>\n\n\n\n<li>Wartungsmechaniker<\/li>\n\n\n\n<li>Bauspezialisten<\/li>\n\n\n\n<li>Maschinenbauer<\/li>\n\n\n\n<li>Qualit\u00e4tssicherungskoordinatoren<\/li>\n<\/ul>\n\n\n\n<p>Kali kommt sowohl im Meeresboden als auch in Erde und Gestein vor. Bergbau- und Gewinnungsprozesse sind daher sehr aufw\u00e4ndig.<\/p>\n\n\n\n<h2 class=\"wp-block-heading\">\u00dcber die Marktforschung zu Kalid\u00fcngemitteln<\/h2>\n\n\n\n<p>The leading role of potash fertilizers in the corresponding <a href=\"https:\/\/www.sisinternational.com\/de\/welche-trends-gibt-es-in-der-marktforschungsbranche\/\" title=\"Welche Trends gibt es in der Marktforschungsbranche?\"  data-wpil-monitor-id=\"8173\">industry adds value to its research<\/a>. Their steady production and use in agriculture allow for increased food production, alleviate the problem of world hunger, and maintain the pattern of crop yields. Moreover, there is a qualitative difference that distinguishes potash fertilizers, because potassium is vital for human nutrition and plays an important role in the healthy growth of muscles and organs of the human body. As a result, potash fertilizers do not attract negative reactions for human health, as most fertilizers do.<\/p>\n\n\n\n<h2 class=\"wp-block-heading\">Kalid\u00fcnger und die Cannabisindustrie<\/h2>\n\n\n\n<figure class=\"gb-block-image gb-block-image-01d31e1c\"><img loading=\"lazy\" decoding=\"async\" width=\"1456\" height=\"816\" class=\"gb-image gb-image-01d31e1c\" src=\"https:\/\/www.sisinternational.com\/wp-content\/uploads\/2025\/08\/Agriculture-9.jpg\" alt=\"SIS International Marktforschung &amp; Strategie\" title=\"Agriculture (9)\" srcset=\"https:\/\/www.sisinternational.com\/wp-content\/uploads\/2025\/08\/Agriculture-9.jpg 1456w, https:\/\/www.sisinternational.com\/wp-content\/uploads\/2025\/08\/Agriculture-9-300x168.jpg 300w, https:\/\/www.sisinternational.com\/wp-content\/uploads\/2025\/08\/Agriculture-9-1024x574.jpg 1024w, https:\/\/www.sisinternational.com\/wp-content\/uploads\/2025\/08\/Agriculture-9-768x430.jpg 768w, https:\/\/www.sisinternational.com\/wp-content\/uploads\/2025\/08\/Agriculture-9-18x10.jpg 18w\" sizes=\"auto, (max-width: 1456px) 100vw, 1456px\"><\/figure>\n\n\n\n<p><\/p>\n\n\n\n<p>Another important area of interest is the growing cannabis industry. Potash is extremely important for cannabis plants, increasing their size and density, improving water use efficiency and increasing their resistance to frost. With the <a href=\"https:\/\/www.sisinternational.com\/de\/sachverstand\/branchen\/cannabis-marktforschung\/\" title=\"Cannabis-Marktforschung\"  data-wpil-monitor-id=\"4927\">cannabis industry already a multi-billion dollar market<\/a> and the future opportunities that will arise as more countries understand its value and regulate their laws accordingly, it&#8217;s easy to see why potash fertilizers are such a valuable investment. Its importance is reflected in its <a href=\"https:\/\/www.sisinternational.com\/de\/losungen\/fintech-strategieberatung-forschung\/preisgestaltung-marktforschung\/\" title=\"Preisgestaltung Marktforschung\"  data-wpil-monitor-id=\"8174\">prices on the stock markets<\/a>, which are steadily rising.<\/p>","protected":false},"excerpt":{"rendered":"<p>Die stetige Produktion von Kalid\u00fcnger in der Landwirtschaft erm\u00f6glicht eine erh\u00f6hte Nahrungsmittelproduktion, hilft gegen den Welthunger und sichert Ernteertr\u00e4ge.<\/p>","protected":false},"author":1,"featured_media":63139,"parent":14514,"menu_order":186,"comment_status":"closed","ping_status":"closed","template":"","meta":{"footnotes":""},"class_list":["post-41574","page","type-page","status-publish","has-post-thumbnail"],"_links":{"self":[{"href":"https:\/\/www.sisinternational.com\/de\/wp-json\/wp\/v2\/pages\/41574","targetHints":{"allow":["GET"]}}],"collection":[{"href":"https:\/\/www.sisinternational.com\/de\/wp-json\/wp\/v2\/pages"}],"about":[{"href":"https:\/\/www.sisinternational.com\/de\/wp-json\/wp\/v2\/types\/page"}],"author":[{"embeddable":true,"href":"https:\/\/www.sisinternational.com\/de\/wp-json\/wp\/v2\/users\/1"}],"replies":[{"embeddable":true,"href":"https:\/\/www.sisinternational.com\/de\/wp-json\/wp\/v2\/comments?post=41574"}],"version-history":[{"count":5,"href":"https:\/\/www.sisinternational.com\/de\/wp-json\/wp\/v2\/pages\/41574\/revisions"}],"predecessor-version":[{"id":81376,"href":"https:\/\/www.sisinternational.com\/de\/wp-json\/wp\/v2\/pages\/41574\/revisions\/81376"}],"up":[{"embeddable":true,"href":"https:\/\/www.sisinternational.com\/de\/wp-json\/wp\/v2\/pages\/14514"}],"wp:featuredmedia":[{"embeddable":true,"href":"https:\/\/www.sisinternational.com\/de\/wp-json\/wp\/v2\/media\/63139"}],"wp:attachment":[{"href":"https:\/\/www.sisinternational.com\/de\/wp-json\/wp\/v2\/media?parent=41574"}],"curies":[{"name":"wp","href":"https:\/\/api.w.org\/{rel}","templated":true}]}}