{"id":41568,"date":"2023-02-13T04:01:17","date_gmt":"2023-02-13T04:01:17","guid":{"rendered":"https:\/\/www.sisinternational.com\/?page_id=41568"},"modified":"2026-01-24T21:27:18","modified_gmt":"2026-01-25T02:27:18","slug":"marktforschung-zu-pflanzenolen","status":"publish","type":"page","link":"https:\/\/www.sisinternational.com\/de\/sachverstand\/marktforschung-zu-pflanzenolen\/","title":{"rendered":"Marktforschung f\u00fcr Pflanzen\u00f6l"},"content":{"rendered":"<h1 class=\"wp-block-heading\">Marktforschung f\u00fcr Pflanzen\u00f6l<\/h1>\n\n\n\n<figure class=\"gb-block-image gb-block-image-61d16bc2\"><img loading=\"lazy\" decoding=\"async\" width=\"1456\" height=\"816\" class=\"gb-image gb-image-61d16bc2\" src=\"https:\/\/www.sisinternational.com\/wp-content\/uploads\/2025\/08\/Palm-oiil-2.jpg\" alt=\"SIS International Marktforschung &amp; Strategie\" title=\"Palm oiil (2)\" srcset=\"https:\/\/www.sisinternational.com\/wp-content\/uploads\/2025\/08\/Palm-oiil-2.jpg 1456w, https:\/\/www.sisinternational.com\/wp-content\/uploads\/2025\/08\/Palm-oiil-2-300x168.jpg 300w, https:\/\/www.sisinternational.com\/wp-content\/uploads\/2025\/08\/Palm-oiil-2-1024x574.jpg 1024w, https:\/\/www.sisinternational.com\/wp-content\/uploads\/2025\/08\/Palm-oiil-2-768x430.jpg 768w, https:\/\/www.sisinternational.com\/wp-content\/uploads\/2025\/08\/Palm-oiil-2-18x10.jpg 18w\" sizes=\"auto, (max-width: 1456px) 100vw, 1456px\"><\/figure>\n\n\n\n<p><\/p>\n\n\n\n<h2 class=\"wp-block-heading\">Was ist Pflanzen\u00f6l?<\/h2>\n\n\n\n<p>Pflanzen\u00f6le werden nicht nur aus Gem\u00fcse, sondern auch aus Samen, N\u00fcssen, Getreide oder einigen Obstsorten gewonnen. Es gibt viele verschiedene Sorten, aber jede ist \u00e4u\u00dferst vielseitig und kann in der K\u00fcche zu unterschiedlichen Zwecken verwendet werden, beispielsweise zum Kochen, Frittieren, Sautieren, Backen und Anrichten. Pflanzen\u00f6le sind nicht nur in der K\u00fcche oder der Lebensmittelindustrie einsetzbar. Pflanzen\u00f6l ist eine wichtige Zutat f\u00fcr viele andere industrielle Anwendungen und die Viehzucht.<\/p>\n\n\n\n<h2 class=\"wp-block-heading\">Wie wird Pflanzen\u00f6l hergestellt?<\/h2>\n\n\n\n<p>Moderne Extraktionstechniken k\u00f6nnen bis zu 981 TP3T des \u00d6lgehalts einiger Pflanzen extrahieren, im Gegensatz zu den fr\u00fcher verf\u00fcgbaren Methoden, mit denen nur bis zu 101 TP3T \u00d6l extrahiert werden konnten. Solche Techniken machen die \u00d6lextraktion aus N\u00fcssen und Samen effizienter und erm\u00f6glichen die Markteinf\u00fchrung verschiedener Sorten Pflanzen\u00f6le.<\/p>\n\n\n\n<h2 class=\"wp-block-heading\">Die Gewinnung von Pflanzen\u00f6len erfolgt in vier Schritten:<\/h2>\n\n\n\n<h3 class=\"wp-block-heading\">Reinigung<\/h3>\n\n\n\n<p>Die Kerne oder N\u00fcsse m\u00fcssen einem gr\u00fcndlichen Reinigungsprozess unterzogen werden und anschlie\u00dfend mit Magneten bearbeitet werden, um Metallspuren zu entfernen. Die Schale wird entfernt und anschlie\u00dfend mechanisch zerkleinert, bevor sie erhitzt werden.<\/p>\n\n\n\n<h3 class=\"wp-block-heading\">Dr\u00fccken<\/h3>\n\n\n\n<p>Die erhitzten, zerkleinerten Samen oder N\u00fcsse werden mechanisch gepresst, wodurch das \u00d6l gewonnen wird.<\/p>\n\n\n\n<h3 class=\"wp-block-heading\">L\u00f6sungsmittelextraktion<\/h3>\n\n\n\n<p>F\u00fcr eine effizientere Extraktion wird dem gel\u00f6sten \u00d6l nach dem Entfernen des \u201e\u00d6lkuchens\u201c ein L\u00f6sungsmittel zugesetzt. Anschlie\u00dfend wird das L\u00f6sungsmittel durch Destillation entfernt.<\/p>\n\n\n\n<h3 class=\"wp-block-heading\">Raffination<\/h3>\n\n\n\n<p>Beim Raffinationsprozess wird das \u00d6l auf 85 \u00b0C erhitzt und mit einer alkalischen Substanz vermischt. Anschlie\u00dfend wird das \u00d6l mit Wasser oder S\u00e4ure behandelt, um es zu entschleimen. Anschlie\u00dfend werden die \u00d6le gebleicht, um die nat\u00fcrlichen Farbstoffe zu entfernen. Zum Schluss desodoriert Dampf die \u00d6le und eine kleine Menge Zitronens\u00e4ure wird hinzugef\u00fcgt, um Spurenstoffe zu entfernen, die die Haltbarkeit des \u00d6ls verk\u00fcrzen k\u00f6nnen.<\/p>\n\n\n\n<h2 class=\"wp-block-heading\">Gesundheitliche Vorteile<\/h2>\n\n\n\n<p>Some of the common vegetable <a href=\"https:\/\/www.sisinternational.com\/de\/sachverstand\/branchen\/ol-und-gasmarktforschung\/\" title=\"\u00d6l- und Gasmarktforschung\"  data-wpil-monitor-id=\"3088\">oils in the market<\/a> include sunflower oil, palm oil, canola oil, hazelnut oil, soybean oil, almond oil, and olive oil, to mention a few. These are known for providing many health benefits, particularly in controlling heart health.<\/p>\n\n\n\n<p>Pflanzen\u00f6le enthalten Triglyceride, die auch in tierischen Fetten wie Butter und Schmalz vorkommen. Wenn sie jedoch in gesunden Mengen konsumiert werden, k\u00f6nnen sie helfen, den Cholesterin-, Blutzucker- und Blutdruckspiegel im Blut zu regulieren und so das Risiko von Herz-Kreislauf-Erkrankungen zu verringern.<\/p>\n\n\n\n<p>Einige Pflanzen\u00f6le sind reich an Vitamin E, einem Antioxidans, das die Immunit\u00e4t st\u00e4rkt und dem K\u00f6rper hilft, freie Radikale zu bek\u00e4mpfen. Dar\u00fcber hinaus k\u00f6nnen Pflanzen\u00f6le bei regelm\u00e4\u00dfiger Anwendung auch das Brustkrebsrisiko senken. Weitere gesundheitliche Vorteile von Pflanzen\u00f6len k\u00f6nnen die Verbesserung des Stoffwechsels, die F\u00f6rderung des Zellwachstums und der Zellreparatur, die Stimmungsaufhellung, die Vorbeugung von Osteoporose und vieles mehr sein.<\/p>\n\n\n\n<h2 class=\"wp-block-heading\">Nahrungsmittelindustrie<\/h2>\n\n\n\n<p>Viele Restaurants und Lebensmittelbetriebe verwenden Pflanzen\u00f6le zum Kochen und Braten. Diese \u00d6le vertragen hohe Temperaturen beim Kochen, ohne dass es zu Rauchbildung kommt und das Essen einen bitteren, verbrannten Geschmack bekommt. Dar\u00fcber hinaus haben diese \u00d6le nur einen milden bis keinen Geschmack, was den Geschmack von Salatdressings, Brot, Kuchen und anderen Backwaren nicht beeintr\u00e4chtigt. Diese Eigenschaften machen Pflanzen\u00f6le in der Lebensmittelindustrie sehr gefragt.<\/p>\n\n\n\n<h2 class=\"wp-block-heading\">Andere industrielle Anwendungen<\/h2>\n\n\n\n<figure class=\"gb-block-image gb-block-image-bc6b5ff4\"><img loading=\"lazy\" decoding=\"async\" width=\"1456\" height=\"816\" class=\"gb-image gb-image-bc6b5ff4\" src=\"https:\/\/www.sisinternational.com\/wp-content\/uploads\/2025\/08\/Palm-oiil-1.jpg\" alt=\"SIS International Marktforschung &amp; Strategie\" title=\"Palm oiil (1)\" srcset=\"https:\/\/www.sisinternational.com\/wp-content\/uploads\/2025\/08\/Palm-oiil-1.jpg 1456w, https:\/\/www.sisinternational.com\/wp-content\/uploads\/2025\/08\/Palm-oiil-1-300x168.jpg 300w, https:\/\/www.sisinternational.com\/wp-content\/uploads\/2025\/08\/Palm-oiil-1-1024x574.jpg 1024w, https:\/\/www.sisinternational.com\/wp-content\/uploads\/2025\/08\/Palm-oiil-1-768x430.jpg 768w, https:\/\/www.sisinternational.com\/wp-content\/uploads\/2025\/08\/Palm-oiil-1-18x10.jpg 18w\" sizes=\"auto, (max-width: 1456px) 100vw, 1456px\"><\/figure>\n\n\n\n<p><\/p>\n\n\n\n<p>Pflanzen\u00f6le sind wichtige Zutaten bei der Herstellung von Seifen, Reinigungsmitteln, Hautpflegeprodukten, Kerzen, Parf\u00fcms und anderen K\u00f6rperpflegeprodukten.<\/p>\n\n\n\n<p>Einige Pflanzen\u00f6le werden auch in Farbformulierungen und Holzbehandlungsprodukten verwendet. Sie dienen auch als Rohstoffe f\u00fcr die Herstellung von Biokraftstoffen. Bei der Herstellung von Pflanzen\u00f6len entsteht als Nebenprodukt auch Viehfutter.<\/p>\n\n\n\n<h2 class=\"wp-block-heading\">Wichtige Berufsbezeichnungen<\/h2>\n\n\n\n<p>Die Pflanzen\u00f6lindustrie erfordert verschiedene F\u00e4higkeiten, die auf Landwirtschaft, Gartenbau und -management spezialisiert sind. Menschen mit einem angesehenen Hintergrund in den Bereichen Ingenieurwesen, Wissenschaft und Technologie und verwandten Bereichen k\u00f6nnen in diesem Bereich ebenfalls Karriere machen. Mit der Expansion der Branche wird es mehr verf\u00fcgbare Berufsbezeichnungen geben.<\/p>\n\n\n\n<h3 class=\"wp-block-heading\">Nachfolgend sind einige der wichtigsten Berufsbezeichnungen aufgef\u00fchrt:<\/h3>\n\n\n\n<ul class=\"wp-block-list\">\n<li>G\u00e4rtner<\/li>\n\n\n\n<li>Rohstoffanalyst<\/li>\n\n\n\n<li>Labortechniker<\/li>\n\n\n\n<li>Extraktionsmanager<\/li>\n\n\n\n<li>Betriebsleiter<\/li>\n\n\n\n<li>Gesch\u00e4ftsf\u00fchrer der Plantage<\/li>\n\n\n\n<li>Prozessoperator<\/li>\n\n\n\n<li>Farmbetreiber<\/li>\n\n\n\n<li>Fabrikingenieur<\/li>\n\n\n\n<li>Wartungsmonteur<\/li>\n<\/ul>\n\n\n\n<h2 class=\"wp-block-heading\">Warum brauchen Unternehmen Marktforschung zu Pflanzen\u00f6l?<\/h2>\n\n\n\n<p>Aufgrund der gro\u00dfen Vielseitigkeit, der niedrigen Produktionskosten und der weiten Verf\u00fcgbarkeit von Pflanzen\u00f6len steigt die Nachfrage nach ihnen auf dem Markt kontinuierlich an.<\/p>\n\n\n\n<p>Pflanzen\u00f6le enthalten Triglyceride, allgemein bekannt als Fette, die ein guter Ersatz f\u00fcr tierische Fette und Petrochemikalien f\u00fcr Lebensmittel- und Nicht-Lebensmittelanwendungen sein k\u00f6nnen. In diesem Zusammenhang expandiert die Lebensmittelindustrie st\u00e4ndig und verschiedene Hersteller arbeiten an verschiedenen Produktinnovationen.<\/p>\n\n\n\n<p>Aus diesen Gr\u00fcnden w\u00e4chst der Markt f\u00fcr Pflanzen\u00f6le weiterhin. Dar\u00fcber hinaus sind viele Kunden aufgrund ihrer gesundheitlichen Vorteile auf Pflanzen\u00f6le umgestiegen.<\/p>\n\n\n\n<p>Vegetable <a href=\"https:\/\/www.sisinternational.com\/de\/losungen\/marktforschung-fur-ol-und-gaspipelines\/\" title=\"\u00d6l- und Gaspipeline-Marktforschung\"  data-wpil-monitor-id=\"2156\">oil market research<\/a> can help businesses gain valuable information from the current market conditions, consumers&#8217; insights and preferences, competitors&#8217; strategies, and industry trends.<\/p>\n\n\n\n<p>Diese k\u00f6nnen Unternehmen dabei unterst\u00fctzen, strategische Entscheidungen zur Verbesserung ihrer Produkte, Preise und ihres Marketings zu treffen und potenzielles Wachstum und Expansion zu erkennen, um in der Branche wettbewerbsf\u00e4hig zu bleiben.<\/p>\n\n\n\n<h2 class=\"wp-block-heading\">Schl\u00fcsselfaktoren f\u00fcr den Erfolg<\/h2>\n\n\n\n<p>Marktforschung ist unerl\u00e4sslich, um Faktoren zu identifizieren, die Unternehmen dabei helfen, zu wachsen und wettbewerbsf\u00e4hig zu bleiben. Unternehmen sollten sich darauf konzentrieren, Daten aus zuverl\u00e4ssigen Quellen zu sammeln und diese mit geeigneten statistischen Techniken zu analysieren.<\/p>\n\n\n\n<p>Eine aufschlussreiche Analyse hilft Unternehmen dabei, die aktuellen Bedingungen und Trends in der Pflanzen\u00f6lindustrie gr\u00fcndlich zu verstehen. Dar\u00fcber hinaus sollten Unternehmen ihre spezifischen Ziele identifizieren, um potenzielle Risiken und Wachstum zu ermitteln und die Pr\u00e4ferenzen jedes Kunden zu verstehen.<\/p>\n\n\n\n<p>Damit Unternehmen strategische Entscheidungen treffen k\u00f6nnen, ist es au\u00dferdem von entscheidender Bedeutung, dass zeitnah Untersuchungen durchgef\u00fchrt werden, die Empfehlungen liefern, die Unternehmen bei der Entscheidungsfindung unterst\u00fctzen.<\/p>\n\n\n\n<p>With the influence of technology in the cultivation, production, and distribution of vegetable oils, research can help evaluate its impact on the market. Most importantly, research can also help businesses understand the attitudes and preferences of customers towards <a href=\"https:\/\/www.sisinternational.com\/de\/sachverstand\/branchen\/marktforschung-fur-palmol\/\" title=\"Palm\u00f6l-Marktforschung\"  data-wpil-monitor-id=\"3462\">vegetable<\/a> oils.<\/p>\n\n\n\n<h2 class=\"wp-block-heading\">\u00dcber die Marktforschung f\u00fcr Pflanzen\u00f6l<\/h2>\n\n\n\n<figure class=\"gb-block-image gb-block-image-bd68a6d6\"><img loading=\"lazy\" decoding=\"async\" width=\"1456\" height=\"816\" class=\"gb-image gb-image-bd68a6d6\" src=\"https:\/\/www.sisinternational.com\/wp-content\/uploads\/2025\/08\/Palm-oiil-4.jpg\" alt=\"SIS International Marktforschung &amp; Strategie\" title=\"Palm oiil (4)\" srcset=\"https:\/\/www.sisinternational.com\/wp-content\/uploads\/2025\/08\/Palm-oiil-4.jpg 1456w, https:\/\/www.sisinternational.com\/wp-content\/uploads\/2025\/08\/Palm-oiil-4-300x168.jpg 300w, https:\/\/www.sisinternational.com\/wp-content\/uploads\/2025\/08\/Palm-oiil-4-1024x574.jpg 1024w, https:\/\/www.sisinternational.com\/wp-content\/uploads\/2025\/08\/Palm-oiil-4-768x430.jpg 768w, https:\/\/www.sisinternational.com\/wp-content\/uploads\/2025\/08\/Palm-oiil-4-18x10.jpg 18w\" sizes=\"auto, (max-width: 1456px) 100vw, 1456px\"><\/figure>\n\n\n\n<p><\/p>\n\n\n\n<p>Da der Gem\u00fcsemarkt kontinuierlich w\u00e4chst, ist es wichtig, seine aktuellen Bedingungen und Trends durch genaue Datenerfassung und -analyse zu kennen, um verschiedene Faktoren zu identifizieren, die sich auf Unternehmen auswirken und ihnen helfen k\u00f6nnen, in der Branche wettbewerbsf\u00e4hig zu bleiben.<\/p>\n\n\n\n<p>SIS International bietet quantitative, qualitative und strategische Forschung an. Wir liefern Daten, Tools, Strategien, Berichte und Erkenntnisse zur Entscheidungsfindung. Wir f\u00fchren Interviews, Umfragen, Fokusgruppen und viele andere Methoden und Ans\u00e4tze der Marktforschung durch. Kontaktieren Sie uns f\u00fcr Ihr n\u00e4chstes Marktforschungsprojekt.<\/p>","protected":false},"excerpt":{"rendered":"<p>Aufgrund der gro\u00dfen Vielseitigkeit, der niedrigen Produktionskosten und der allgemeinen Verf\u00fcgbarkeit von Pflanzen\u00f6len ist die Nachfrage nach ihnen auf dem Markt kontinuierlich gestiegen.<\/p>","protected":false},"author":1,"featured_media":64224,"parent":14514,"menu_order":185,"comment_status":"closed","ping_status":"closed","template":"","meta":{"footnotes":""},"class_list":["post-41568","page","type-page","status-publish","has-post-thumbnail"],"_links":{"self":[{"href":"https:\/\/www.sisinternational.com\/de\/wp-json\/wp\/v2\/pages\/41568","targetHints":{"allow":["GET"]}}],"collection":[{"href":"https:\/\/www.sisinternational.com\/de\/wp-json\/wp\/v2\/pages"}],"about":[{"href":"https:\/\/www.sisinternational.com\/de\/wp-json\/wp\/v2\/types\/page"}],"author":[{"embeddable":true,"href":"https:\/\/www.sisinternational.com\/de\/wp-json\/wp\/v2\/users\/1"}],"replies":[{"embeddable":true,"href":"https:\/\/www.sisinternational.com\/de\/wp-json\/wp\/v2\/comments?post=41568"}],"version-history":[{"count":6,"href":"https:\/\/www.sisinternational.com\/de\/wp-json\/wp\/v2\/pages\/41568\/revisions"}],"predecessor-version":[{"id":77674,"href":"https:\/\/www.sisinternational.com\/de\/wp-json\/wp\/v2\/pages\/41568\/revisions\/77674"}],"up":[{"embeddable":true,"href":"https:\/\/www.sisinternational.com\/de\/wp-json\/wp\/v2\/pages\/14514"}],"wp:featuredmedia":[{"embeddable":true,"href":"https:\/\/www.sisinternational.com\/de\/wp-json\/wp\/v2\/media\/64224"}],"wp:attachment":[{"href":"https:\/\/www.sisinternational.com\/de\/wp-json\/wp\/v2\/media?parent=41568"}],"curies":[{"name":"wp","href":"https:\/\/api.w.org\/{rel}","templated":true}]}}