{"id":41566,"date":"2023-02-13T03:45:32","date_gmt":"2023-02-13T03:45:32","guid":{"rendered":"https:\/\/www.sisinternational.com\/?page_id=41566"},"modified":"2026-01-24T18:52:36","modified_gmt":"2026-01-24T23:52:36","slug":"trainingsdaten-marktforschung","status":"publish","type":"page","link":"https:\/\/www.sisinternational.com\/de\/sachverstand\/trainingsdaten-marktforschung\/","title":{"rendered":"Marktforschung zu Trainingsdaten"},"content":{"rendered":"<h1 class=\"wp-block-heading\">Marktforschung zu Trainingsdaten<\/h1>\n\n\n\n<figure class=\"gb-block-image gb-block-image-d8516ef6\"><img loading=\"lazy\" decoding=\"async\" width=\"1456\" height=\"816\" class=\"gb-image gb-image-d8516ef6\" src=\"https:\/\/www.sisinternational.com\/wp-content\/uploads\/2025\/08\/Data-37.jpg\" alt=\"SIS International Marktforschung &amp; Strategie\" title=\"Data (37)\" srcset=\"https:\/\/www.sisinternational.com\/wp-content\/uploads\/2025\/08\/Data-37.jpg 1456w, https:\/\/www.sisinternational.com\/wp-content\/uploads\/2025\/08\/Data-37-300x168.jpg 300w, https:\/\/www.sisinternational.com\/wp-content\/uploads\/2025\/08\/Data-37-1024x574.jpg 1024w, https:\/\/www.sisinternational.com\/wp-content\/uploads\/2025\/08\/Data-37-768x430.jpg 768w, https:\/\/www.sisinternational.com\/wp-content\/uploads\/2025\/08\/Data-37-18x10.jpg 18w\" sizes=\"auto, (max-width: 1456px) 100vw, 1456px\"><\/figure>\n\n\n\n<p><\/p>\n\n\n\n<h2 class=\"wp-block-heading\">Was sind Trainingsdaten?<\/h2>\n\n\n\n<p>Maschinelles Lernen (ML) kann erstaunliche Leistungen vollbringen. Es kann aus Textdaten automatisiert aussagekr\u00e4ftige Erkenntnisse gewinnen. ML funktioniert mit allem, von Umfragen \u00fcber Dokumente bis hin zu E-Mails. Es kann auch Kundensupporttickets und soziale Medien nutzen. Aber zuerst m\u00fcssen Sie \u00fcber die richtigen Trainingsdaten verf\u00fcgen, um sicherzustellen, dass Sie Ihre ML-Modelle erfolgreich einrichten.<\/p>\n\n\n\n<p>Trainingsdaten sind die Ausgangsdaten, die zum Trainieren von ML-Modellen verwendet werden. Normalerweise handelt es sich dabei um einen riesigen Datensatz. Datenwissenschaftler verwenden sie, um Vorhersagemodelle zu trainieren, die ML-Algorithmen verwenden. Sie zeigen ihnen, wie sie relevante Informationen f\u00fcr bestimmte Gesch\u00e4ftsziele extrahieren k\u00f6nnen. Diese Wissenschaftler kennzeichnen die Trainingsdaten f\u00fcr \u00fcberwachte ML-Modelle. Die Verwendung von Trainingsdaten in ML-Programmen ist ein einfaches Konzept.<\/p>\n\n\n\n<p>Trainingsdaten f\u00fcr KI lassen sich in zwei Untergruppen einteilen: \u00fcberwachtes und un\u00fcberwachtes Lernen. Beim un\u00fcberwachten Lernen werden Daten ohne Beschriftungen verwendet. Die Modelle m\u00fcssen auf jeden Fall Muster in den Daten finden, um R\u00fcckschl\u00fcsse zu ziehen und Schlussfolgerungen zu erreichen. \u00dcberwachtes Lernen ist jedoch anders. Menschen m\u00fcssen die Daten bei der Verwendung beschriften, markieren oder mit Anmerkungen versehen. Anschlie\u00dfend verwenden sie diese, um das Modell zu trainieren und die gew\u00fcnschte Schlussfolgerung zu ziehen.<\/p>\n\n\n\n<h2 class=\"wp-block-heading\">Warum ist Marktforschung zu Trainingsdaten wichtig?<\/h2>\n\n\n\n<p>KI und ML sind neue Tools f\u00fcr Entwickler, um effizientere und lebensver\u00e4ndernde Modelle zu erstellen. Sie machen Maschinen intelligent genug, um verschiedene Aufgaben ohne menschliche Hilfe auszuf\u00fchren. Ebenso wichtig ist, dass sie pr\u00e4zise Trainingsdaten erfordern, um die KI- und ML-Modelle zu entwickeln. Diese Trainingsdaten helfen Algorithmen. Sie lehren sie die Muster oder Ergebnisreihen, die bei einer bestimmten Frage auftreten.<\/p>\n\n\n\n<p>Es ist wichtig zu wissen, dass Trainingsdaten f\u00fcr die Klassifizierung von Datens\u00e4tzen in verschiedene Gruppen unerl\u00e4sslich sind. Sie helfen dem Algorithmus, in Zukunft \u00e4hnliche Objekte zu finden und zu klassifizieren. Wenn sie falsch sind, k\u00f6nnen sie die Modellergebnisse beeintr\u00e4chtigen, was zum Scheitern Ihres KI-Projekts f\u00fchren kann. Trainingsdaten sind die einzige Quelle, die Sie als Eingabe f\u00fcr Ihre Algorithmen verwenden k\u00f6nnen. Sie helfen Ihrem KI-Modell, die ben\u00f6tigten Informationen zu erhalten. Diese Informationen werden dann verwendet, um wichtige Entscheidungen wie Menschen zu treffen.<\/p>\n\n\n\n<h2 class=\"wp-block-heading\">Wichtige Berufsbezeichnungen im Bereich Trainingsdaten<\/h2>\n\n\n\n<figure class=\"gb-block-image gb-block-image-19210f89\"><img loading=\"lazy\" decoding=\"async\" width=\"1456\" height=\"816\" class=\"gb-image gb-image-19210f89\" src=\"https:\/\/www.sisinternational.com\/wp-content\/uploads\/2025\/08\/Data-34.jpg\" alt=\"SIS International Marktforschung &amp; Strategie\" title=\"Data (34)\" srcset=\"https:\/\/www.sisinternational.com\/wp-content\/uploads\/2025\/08\/Data-34.jpg 1456w, https:\/\/www.sisinternational.com\/wp-content\/uploads\/2025\/08\/Data-34-300x168.jpg 300w, https:\/\/www.sisinternational.com\/wp-content\/uploads\/2025\/08\/Data-34-1024x574.jpg 1024w, https:\/\/www.sisinternational.com\/wp-content\/uploads\/2025\/08\/Data-34-768x430.jpg 768w, https:\/\/www.sisinternational.com\/wp-content\/uploads\/2025\/08\/Data-34-18x10.jpg 18w\" sizes=\"auto, (max-width: 1456px) 100vw, 1456px\"><\/figure>\n\n\n\n<p><\/p>\n\n\n\n<p>Data Science ist weiterhin eine vielversprechende und gefragte Karriere f\u00fcr qualifizierte Fachkr\u00e4fte. Viele Berufsbezeichnungen k\u00f6nnen Trainingsdaten verwenden. Zu diesen Titeln geh\u00f6ren Computersystemanalytiker, Statistiker, Datenbankadministrator und Softwareentwickler. Weitere Berufe in diesem Bereich sind Computernetzwerkanalytiker, Datenanalytiker und Datenwissenschaftler. Dann gibt es noch den Dateningenieur und den Datenmanager. Es gibt viele offene Stellen f\u00fcr Datenwissenschaftler. Es gibt auch einen wachsenden Bedarf an Dateningenieuren.<\/p>\n\n\n\n<p>There\u2019s also the \u201chuman in the loop.\u201d This term refers to the people involved in gathering and preparing Training Data. They <a href=\"https:\/\/www.sisinternational.com\/de\/abdeckung\/europa\/marktforschung-liverpool-grosbritannien\/\" title=\"Marktforschung in Liverpool | Fokusgruppen und Datenerfassung in Gro\u00dfbritannien\"  data-wpil-monitor-id=\"8349\">collect raw data<\/a> from many sources. These sources include social media platforms, IoT devices, customer feedback, and websites. They then prepare the data by cleaning it and accounting for missing values. After that, they remove outliers and tag data points. The last step is to load it into suitable places for training ML algorithms.<\/p>\n\n\n\n<h2 class=\"wp-block-heading\">Warum brauchen Unternehmen Trainingsdaten?<\/h2>\n\n\n\n<p>The use of AI and ML is only possible with ample amounts of high-quality Training Data. It plays a vital role in the model learning anything relevant. It is the backbone of any ML system. With enough Training Data, a machine can discover patterns and solve problems. Deficient or low-quality Training Data could <a href=\"https:\/\/www.sisinternational.com\/de\/optimized-management-system-for-a-leading-us-immigration-law-firm\/\" title=\"Optimized Management System for a Leading US Immigration law firm\"  data-wpil-monitor-id=\"8351\">lead<\/a> to the failure of your ML system.<\/p>\n\n\n\n<h2 class=\"wp-block-heading\">\u00dcber Training Data Market Research<\/h2>\n\n\n\n<figure class=\"gb-block-image gb-block-image-192c4764\"><img loading=\"lazy\" decoding=\"async\" width=\"1456\" height=\"816\" class=\"gb-image gb-image-192c4764\" src=\"https:\/\/www.sisinternational.com\/wp-content\/uploads\/2025\/08\/Data-25.jpg\" alt=\"SIS International Marktforschung &amp; Strategie\" title=\"Data (25)\" srcset=\"https:\/\/www.sisinternational.com\/wp-content\/uploads\/2025\/08\/Data-25.jpg 1456w, https:\/\/www.sisinternational.com\/wp-content\/uploads\/2025\/08\/Data-25-300x168.jpg 300w, https:\/\/www.sisinternational.com\/wp-content\/uploads\/2025\/08\/Data-25-1024x574.jpg 1024w, https:\/\/www.sisinternational.com\/wp-content\/uploads\/2025\/08\/Data-25-768x430.jpg 768w, https:\/\/www.sisinternational.com\/wp-content\/uploads\/2025\/08\/Data-25-18x10.jpg 18w\" sizes=\"auto, (max-width: 1456px) 100vw, 1456px\"><\/figure>\n\n\n\n<p><\/p>\n\n\n\n<p>Quantitativ <a href=\"https:\/\/www.sisinternational.com\/de\/losungen\/ai-marktforschung-und-strategieberatung\/datenwissenschaft-ki-marktforschung\/\" title=\"Data Science KI-Marktforschung\"  data-wpil-monitor-id=\"2395\">Market Research can reveal complex data<\/a> about the state of your business. Qualitative Market Research aims to explain the factors that led to that state. It focuses on the reasons and motives behind consumers\u2019 actions and desires. It also looks at their opinions and expectations. Companies can use it to gain insights that they can act on to improve their <a href=\"https:\/\/www.sisinternational.com\/de\/losungen\/strategieberatung\/produkthaftung-marktforschung-strategieberatung\/\" title=\"Produkthaftung Marktforschung und Strategieberatung\"  data-wpil-monitor-id=\"8350\">products and strategies<\/a>.<\/p>\n\n\n\n<p>Sie k\u00f6nnen beide Datentypen in Ihre Trainingsmodelle einspeisen, um die gew\u00fcnschten Ergebnisse zu erzielen. W\u00e4hrend Sie Ihr Modell weiter trainieren, wird es intelligenter. Daher ist es besser, zu viele Trainingsdaten zu haben als zu wenige.<\/p>","protected":false},"excerpt":{"rendered":"<p>Trainingsdaten sind die Ausgangsdaten, die zum Trainieren von ML-Modellen verwendet werden. Es handelt sich um einen riesigen Datensatz, den Wissenschaftler bei Vorhersagemodellen mithilfe von ML-Algorithmen verwenden.<\/p>","protected":false},"author":1,"featured_media":64375,"parent":14514,"menu_order":184,"comment_status":"closed","ping_status":"closed","template":"","meta":{"footnotes":""},"class_list":["post-41566","page","type-page","status-publish","has-post-thumbnail"],"_links":{"self":[{"href":"https:\/\/www.sisinternational.com\/de\/wp-json\/wp\/v2\/pages\/41566","targetHints":{"allow":["GET"]}}],"collection":[{"href":"https:\/\/www.sisinternational.com\/de\/wp-json\/wp\/v2\/pages"}],"about":[{"href":"https:\/\/www.sisinternational.com\/de\/wp-json\/wp\/v2\/types\/page"}],"author":[{"embeddable":true,"href":"https:\/\/www.sisinternational.com\/de\/wp-json\/wp\/v2\/users\/1"}],"replies":[{"embeddable":true,"href":"https:\/\/www.sisinternational.com\/de\/wp-json\/wp\/v2\/comments?post=41566"}],"version-history":[{"count":5,"href":"https:\/\/www.sisinternational.com\/de\/wp-json\/wp\/v2\/pages\/41566\/revisions"}],"predecessor-version":[{"id":81403,"href":"https:\/\/www.sisinternational.com\/de\/wp-json\/wp\/v2\/pages\/41566\/revisions\/81403"}],"up":[{"embeddable":true,"href":"https:\/\/www.sisinternational.com\/de\/wp-json\/wp\/v2\/pages\/14514"}],"wp:featuredmedia":[{"embeddable":true,"href":"https:\/\/www.sisinternational.com\/de\/wp-json\/wp\/v2\/media\/64375"}],"wp:attachment":[{"href":"https:\/\/www.sisinternational.com\/de\/wp-json\/wp\/v2\/media?parent=41566"}],"curies":[{"name":"wp","href":"https:\/\/api.w.org\/{rel}","templated":true}]}}