{"id":41557,"date":"2023-02-13T03:15:47","date_gmt":"2023-02-13T03:15:47","guid":{"rendered":"https:\/\/www.sisinternational.com\/?page_id=41557"},"modified":"2026-01-24T21:21:41","modified_gmt":"2026-01-25T02:21:41","slug":"solvente-marktforschung","status":"publish","type":"page","link":"https:\/\/www.sisinternational.com\/de\/sachverstand\/solvente-marktforschung\/","title":{"rendered":"L\u00f6sungsmittel-Marktforschung"},"content":{"rendered":"<h1 class=\"wp-block-heading\">L\u00f6sungsmittel-Marktforschung<\/h1>\n\n\n\n<figure class=\"gb-block-image gb-block-image-0035eaec\"><img loading=\"lazy\" decoding=\"async\" width=\"1456\" height=\"816\" class=\"gb-image gb-image-0035eaec\" src=\"https:\/\/www.sisinternational.com\/wp-content\/uploads\/2025\/08\/Solvent-3.jpg\" alt=\"SIS International Marktforschung &amp; Strategie\" title=\"Solvent (3)\" srcset=\"https:\/\/www.sisinternational.com\/wp-content\/uploads\/2025\/08\/Solvent-3.jpg 1456w, https:\/\/www.sisinternational.com\/wp-content\/uploads\/2025\/08\/Solvent-3-300x168.jpg 300w, https:\/\/www.sisinternational.com\/wp-content\/uploads\/2025\/08\/Solvent-3-1024x574.jpg 1024w, https:\/\/www.sisinternational.com\/wp-content\/uploads\/2025\/08\/Solvent-3-768x430.jpg 768w, https:\/\/www.sisinternational.com\/wp-content\/uploads\/2025\/08\/Solvent-3-18x10.jpg 18w\" sizes=\"auto, (max-width: 1456px) 100vw, 1456px\"><\/figure>\n\n\n\n<p><\/p>\n\n\n\n<h2 class=\"wp-block-heading\">Was sind L\u00f6sungsmittel?<\/h2>\n\n\n\n<p>Die meisten L\u00f6sungsmittel liegen in fl\u00fcssiger Form vor. Ihre Funktion besteht darin, andere Stoffe zu suspendieren, aufzul\u00f6sen oder zu extrahieren. Dies muss m\u00f6glich sein, ohne die chemische Zusammensetzung des L\u00f6sungsmittels oder der anderen Stoffe zu ver\u00e4ndern. Verschiedene L\u00f6sungsmittel erf\u00fcllen spezifische Anforderungen, um Produkte mit den besten Leistungsmerkmalen herzustellen. Beispielsweise sind Tinten, die nicht verschmieren, L\u00f6sungsmittel, ebenso wie Spr\u00fchfarben, die schnell trocknen und die Spr\u00fchd\u00fcse nicht verstopfen. Ein weiteres Beispiel sind normale Farben, die gut aussehen und lange halten. Ein weiteres sind starke Reiniger, die sich gut f\u00fcr schwierige, fettige Arbeiten eignen.<\/p>\n\n\n\n<p>Wir verwenden L\u00f6sungsmittel f\u00fcr alles, von chemischen Reinigungsmitteln bis hin zu Nagellackentfernern. Sie sind auch in einigen Medikamenten enthalten. Die meisten sind harmlos, aber einige sind unsicher. Viele der heute verwendeten L\u00f6sungsmittel sind fl\u00fcchtige organische Verbindungen. Daher muss die L\u00f6sungsmittelindustrie sicherere und effizientere Ersatzstoffe finden. Die meisten L\u00f6sungsmittel sind fl\u00fcssig, es kann aber auch Feststoffe oder Gase geben.<\/p>\n\n\n\n<h2 class=\"wp-block-heading\">Warum sind L\u00f6sungsmittel wichtig?<\/h2>\n\n\n\n<p>L\u00f6sungsmittel sind in der Industrie von entscheidender Bedeutung. Sie k\u00f6nnen andere Verbindungen verd\u00fcnnen, aufl\u00f6sen und absorbieren. Dies geschieht, ohne dass ihre chemischen Eigenschaften beeintr\u00e4chtigt werden.<\/p>\n\n\n\n<p>Viele Menschen bezeichnen Wasser als universelles L\u00f6sungsmittel \u2013 obwohl es nicht wirklich universell ist. Sie bezeichnen es so, weil es mehr Stoffe aufl\u00f6st als jede andere Fl\u00fcssigkeit. Seine Eigenschaft als L\u00f6sungsmittel ist lebenswichtig. Warum? Weil es Mineralien, Chemikalien und lebenswichtige N\u00e4hrstoffe transportieren kann. L\u00f6sungsmittel sind auch Bestandteile vieler Produkte, die f\u00fcr das moderne Leben unverzichtbar sind.<\/p>\n\n\n\n<h2 class=\"wp-block-heading\">Wichtige Berufsbezeichnungen<\/h2>\n\n\n\n<figure class=\"gb-block-image gb-block-image-d3a45f11\"><img loading=\"lazy\" decoding=\"async\" width=\"1456\" height=\"816\" class=\"gb-image gb-image-d3a45f11\" src=\"https:\/\/www.sisinternational.com\/wp-content\/uploads\/2025\/08\/Solvent-4.jpg\" alt=\"SIS International Marktforschung &amp; Strategie\" title=\"Solvent (4)\" srcset=\"https:\/\/www.sisinternational.com\/wp-content\/uploads\/2025\/08\/Solvent-4.jpg 1456w, https:\/\/www.sisinternational.com\/wp-content\/uploads\/2025\/08\/Solvent-4-300x168.jpg 300w, https:\/\/www.sisinternational.com\/wp-content\/uploads\/2025\/08\/Solvent-4-1024x574.jpg 1024w, https:\/\/www.sisinternational.com\/wp-content\/uploads\/2025\/08\/Solvent-4-768x430.jpg 768w, https:\/\/www.sisinternational.com\/wp-content\/uploads\/2025\/08\/Solvent-4-18x10.jpg 18w\" sizes=\"auto, (max-width: 1456px) 100vw, 1456px\"><\/figure>\n\n\n\n<ul class=\"wp-block-list\">\n<li>Chemiker<\/li>\n\n\n\n<li>Produktionsleiter<\/li>\n\n\n\n<li>F&amp;E-Spezialist<\/li>\n\n\n\n<li>Vertriebs- und Marketingspezialist<\/li>\n\n\n\n<li>Kesselbetriebsingenieur<\/li>\n\n\n\n<li>Arbeiter in einer Anlage zur L\u00f6sungsmittelextraktion<\/li>\n\n\n\n<li>Beschaffungsspezialist<\/li>\n\n\n\n<li>Marketing Spezialist<\/li>\n\n\n\n<li>Warum Unternehmen solvente Marktforschung brauchen<\/li>\n<\/ul>\n\n\n\n<p>Market Research starts with figuring out what data your business needs. Once you get that info, you can have it analyzed. For example, demand for chemical solvents from various end-use industries (such as construction) is rising. Researchers expect this will have a positive impact and drive the global market.&nbsp;From this example, it\u2019s easy to see how you can derive insights that will help you make business decisions. The last part is vital because our concern is about business outcomes. We use research to discover problems at the start of the journey, and then progress with it to test solutions.<\/p>\n\n\n\n<p>Qualitative Marktforschung ist unverzichtbar. Sie ist eine gro\u00dfe Hilfe, egal ob Sie ein solventes Unternehmen gr\u00fcnden oder ein neues Projekt leiten m\u00f6chten. Das Gleiche gilt f\u00fcr quantitative Marktforschung.<\/p>\n\n\n\n<p>Do you need to carry out <a href=\"https:\/\/www.sisinternational.com\/de\/sachverstand\/branchen\/marktforschung-fur-pestizide\/\" title=\"Marktforschung f\u00fcr Pestizide\"  data-wpil-monitor-id=\"3381\">Marktchancenforschung<\/a>? Not doing it is like planning a party at your home without inviting anyone. You can also liken it to traveling to a tropical island and packing woolen sweaters. Or buying a house without visiting the area.<\/p>\n\n\n\n<h2 class=\"wp-block-heading\">Schl\u00fcsselfaktoren f\u00fcr den Erfolg<\/h2>\n\n\n\n<p>UX Market Research is a key success factor in the solvent industry. It provides vital insights into your customer\u2019s needs and behaviors. Another key success factor is Strategic Market Research. This type of <a href=\"https:\/\/www.sisinternational.com\/de\/abdeckung\/die-amerikaner\/marktforschung-in-der-karibik\/marktforschung-grenada\/\" title=\"Marktforschung in Grenada\"  data-wpil-monitor-id=\"3388\">research broadly studies the solvent market<\/a> and its sources. It is vital if your company is going through an acquisition process.<\/p>\n\n\n\n<p>Ein weiterer Erfolgsfaktor ist die Wettbewerbsanalyse, die Ihnen dabei helfen kann, Innovationsm\u00f6glichkeiten zu erkennen. Sie erm\u00f6glicht es Ihnen, Ihre Produkte und Dienstleistungen zu verbessern und Ihr Gesch\u00e4ft zu f\u00f6rdern. So werden Sie konkurrierende Unternehmen in den Schatten stellen.<\/p>\n\n\n\n<h2 class=\"wp-block-heading\">\u00dcber Solvent Market Research<\/h2>\n\n\n\n<figure class=\"gb-block-image gb-block-image-34eda96d\"><img loading=\"lazy\" decoding=\"async\" width=\"1456\" height=\"816\" class=\"gb-image gb-image-34eda96d\" src=\"https:\/\/www.sisinternational.com\/wp-content\/uploads\/2025\/08\/Solvent-5.jpg\" alt=\"SIS International Marktforschung &amp; Strategie\" title=\"Solvent (5)\" srcset=\"https:\/\/www.sisinternational.com\/wp-content\/uploads\/2025\/08\/Solvent-5.jpg 1456w, https:\/\/www.sisinternational.com\/wp-content\/uploads\/2025\/08\/Solvent-5-300x168.jpg 300w, https:\/\/www.sisinternational.com\/wp-content\/uploads\/2025\/08\/Solvent-5-1024x574.jpg 1024w, https:\/\/www.sisinternational.com\/wp-content\/uploads\/2025\/08\/Solvent-5-768x430.jpg 768w, https:\/\/www.sisinternational.com\/wp-content\/uploads\/2025\/08\/Solvent-5-18x10.jpg 18w\" sizes=\"auto, (max-width: 1456px) 100vw, 1456px\"><\/figure>\n\n\n\n<p><\/p>\n\n\n\n<p>Do you want to build new market segments? You will need to understand and attract new customer groups. SIS International delivers <a href=\"https:\/\/www.sisinternational.com\/de\/sachverstand\/branchen\/sushi-marktforschung\/\" title=\"Sushi-Marktforschung\"  data-wpil-monitor-id=\"3419\">Markteintrittsforschung<\/a> solutions. We help companies reach beyond their current customer base.<\/p>\n\n\n\n<p>We also conduct <a href=\"https:\/\/www.sisinternational.com\/de\/sachverstand\/branchen\/marktforschung-fur-palmol\/\" title=\"Palm\u00f6l-Marktforschung\"  data-wpil-monitor-id=\"3452\">Marktgr\u00f6\u00dfenforschung<\/a>, which is a crucial step. It enables you to figure out the demand for your product and find the best ways to distribute it. It will increase your brand share of the total market.<\/p>\n\n\n\n<p>Wir organisieren Fokusgruppen, Umfragen und Interviews, um Sie bei der Ausarbeitung Ihrer Markteinf\u00fchrungsstrategie zu unterst\u00fctzen. SIS gibt Ihnen die Einblicke, die Sie f\u00fcr die Einf\u00fchrung neuer Produkte und Dienstleistungen ben\u00f6tigen. Diese Einblicke mindern die mit der Einf\u00fchrung eines neuen Produkts verbundenen Risiken.<\/p>\n\n\n\n<p>Eine typische Markteinf\u00fchrungsstrategie umfasst einen konkreten Verkaufs- und Vertriebsplan. SIS erstellt im Rahmen dieser Strategie Zielmarktprofile f\u00fcr Ihr Unternehmen. Wir erstellen au\u00dferdem einen Marketingplan, um den Erfolg Ihres Unternehmens sicherzustellen.<\/p>","protected":false},"excerpt":{"rendered":"<p>L\u00f6sungsmittel sind in der Industrie unverzichtbar. Sie verd\u00fcnnen, l\u00f6sen und absorbieren andere Verbindungen. Und das, ohne dass sich ihre chemischen Eigenschaften \u00e4ndern.<\/p>","protected":false},"author":1,"featured_media":63871,"parent":14514,"menu_order":183,"comment_status":"closed","ping_status":"closed","template":"","meta":{"footnotes":""},"class_list":["post-41557","page","type-page","status-publish","has-post-thumbnail"],"_links":{"self":[{"href":"https:\/\/www.sisinternational.com\/de\/wp-json\/wp\/v2\/pages\/41557","targetHints":{"allow":["GET"]}}],"collection":[{"href":"https:\/\/www.sisinternational.com\/de\/wp-json\/wp\/v2\/pages"}],"about":[{"href":"https:\/\/www.sisinternational.com\/de\/wp-json\/wp\/v2\/types\/page"}],"author":[{"embeddable":true,"href":"https:\/\/www.sisinternational.com\/de\/wp-json\/wp\/v2\/users\/1"}],"replies":[{"embeddable":true,"href":"https:\/\/www.sisinternational.com\/de\/wp-json\/wp\/v2\/comments?post=41557"}],"version-history":[{"count":8,"href":"https:\/\/www.sisinternational.com\/de\/wp-json\/wp\/v2\/pages\/41557\/revisions"}],"predecessor-version":[{"id":77665,"href":"https:\/\/www.sisinternational.com\/de\/wp-json\/wp\/v2\/pages\/41557\/revisions\/77665"}],"up":[{"embeddable":true,"href":"https:\/\/www.sisinternational.com\/de\/wp-json\/wp\/v2\/pages\/14514"}],"wp:featuredmedia":[{"embeddable":true,"href":"https:\/\/www.sisinternational.com\/de\/wp-json\/wp\/v2\/media\/63871"}],"wp:attachment":[{"href":"https:\/\/www.sisinternational.com\/de\/wp-json\/wp\/v2\/media?parent=41557"}],"curies":[{"name":"wp","href":"https:\/\/api.w.org\/{rel}","templated":true}]}}