{"id":41545,"date":"2023-02-13T02:33:46","date_gmt":"2023-02-13T02:33:46","guid":{"rendered":"https:\/\/www.sisinternational.com\/?page_id=41545"},"modified":"2025-10-20T01:12:35","modified_gmt":"2025-10-20T05:12:35","slug":"propan-marktforschung","status":"publish","type":"page","link":"https:\/\/www.sisinternational.com\/de\/sachverstand\/propan-marktforschung\/","title":{"rendered":"Propan-Marktforschung"},"content":{"rendered":"<h1 class=\"wp-block-heading\">Propan-Marktforschung<\/h1>\n\n\n\n<figure class=\"gb-block-image gb-block-image-00eaaa8c\"><img loading=\"lazy\" decoding=\"async\" width=\"1456\" height=\"816\" class=\"gb-image gb-image-00eaaa8c\" src=\"https:\/\/www.sisinternational.com\/wp-content\/uploads\/2025\/08\/Butane-2.jpg\" alt=\"SIS International Marktforschung &amp; Strategie\" title=\"Butane (2)\" srcset=\"https:\/\/www.sisinternational.com\/wp-content\/uploads\/2025\/08\/Butane-2.jpg 1456w, https:\/\/www.sisinternational.com\/wp-content\/uploads\/2025\/08\/Butane-2-300x168.jpg 300w, https:\/\/www.sisinternational.com\/wp-content\/uploads\/2025\/08\/Butane-2-1024x574.jpg 1024w, https:\/\/www.sisinternational.com\/wp-content\/uploads\/2025\/08\/Butane-2-768x430.jpg 768w, https:\/\/www.sisinternational.com\/wp-content\/uploads\/2025\/08\/Butane-2-18x10.jpg 18w\" sizes=\"auto, (max-width: 1456px) 100vw, 1456px\"><\/figure>\n\n\n\n<p><\/p>\n\n\n\n<p>Propan-Marktforschung untersucht die Propanindustrie, ihre Markttrends und ihre Auswirkungen auf verschiedene Branchen in Unternehmen und der Wirtschaft. Neben der Analyse von Daten und Strategien in der Propanindustrie bietet die Marktforschung Einblicke in die Marktdynamik, die wesentliche Faktoren wie Preis- und Nachfrageindikatoren abdecken.<\/p>\n\n\n\n<h2 class=\"wp-block-heading\">Was ist Propan?<\/h2>\n\n\n\n<p>Propan, das als LPG (Liquified Petroleum Gas) klassifiziert wird, ist ein Gas, das verfl\u00fcssigt werden kann. Bei normalem Druck und normaler Temperatur liegt Propan in Gasform vor, kann aber komprimiert und verfl\u00fcssigt werden. Propan wird normalerweise als Brennstoff verwendet und ist ein Nebenprodukt der Roh\u00f6lraffination und Erdgasverarbeitung.<\/p>\n\n\n\n<h3 class=\"wp-block-heading\">Weitere Fakten \u00fcber Propan<\/h3>\n\n\n\n<ul class=\"wp-block-list\">\n<li>Als Kohlenwasserstoff besteht die Molek\u00fclstruktur von Propan aus drei Kohlenstoff- und acht Wasserstoffatomen.<\/li>\n\n\n\n<li>Propan ist in seinem nat\u00fcrlichen Zustand farb- und geruchlos. In fl\u00fcssiger Form sieht es jedoch wie Wasser aus und siedet bei -42 \u00b0C, wodurch es in Gasdampf umgewandelt wird.<\/li>\n\n\n\n<li>Propan ist Fl\u00fcssiggas, aber nicht jedes Fl\u00fcssiggas ist Propan. Weitere Beispiele f\u00fcr Fl\u00fcssiggas sind Butylen, Propylen, Isobutan und Butan.<\/li>\n\n\n\n<li>Man kann Propangas bei relativ niedrigem Druck zu einer Fl\u00fcssigkeit komprimieren.<\/li>\n\n\n\n<li>Propan wird haupts\u00e4chlich als Fl\u00fcssigkeit gelagert. Lagerbeh\u00e4lter sind Stahlbeh\u00e4lter, Gasflaschen oder gr\u00f6\u00dfere Gaszylinder und Lagertanks.<\/li>\n\n\n\n<li>Gr\u00f6\u00dfe und Volumen von Propanlagertanks h\u00e4ngen haupts\u00e4chlich von ihrem Einsatzzweck ab.<\/li>\n\n\n\n<li>Es kommt selten vor, dass Propangastanks explodieren. Wenn dies jedoch passiert, liegt dies an den richtigen Umst\u00e4nden, z. B. wenn der Tank innerhalb der Entflammbarkeitsgrenzen liegt.<\/li>\n<\/ul>\n\n\n\n<h2 class=\"wp-block-heading\">Verwendungsm\u00f6glichkeiten von Propan f\u00fcr die Propan-Marktforschung verstehen<\/h2>\n\n\n\n<p><a href=\"https:\/\/www.sisinternational.com\/de\/sis-fallstudie-zu-store-insights-weltweit\/\" title=\"Einblicke in die Kundenerfahrung im Gesch\u00e4ft \u2013 Fallstudie zur Marktforschung\"  data-wpil-monitor-id=\"8990\">Market Research provides insights<\/a> into the propane industry, and understanding the use of propane will add value to the information gathered.<\/p>\n\n\n\n<h3 class=\"wp-block-heading\">H\u00e4ufige Verwendungszwecke von Propan:<\/h3>\n\n\n\n<ul class=\"wp-block-list\">\n<li>Propan wird in Hunderten von Alltagsaktivit\u00e4ten eingesetzt, beispielsweise beim Kochen, f\u00fcr Kamine, als Au\u00dfenheizung f\u00fcr Pools und Terrassen und als Notstromaggregat.<\/li>\n\n\n\n<li>Propan wird in Heizsystemen f\u00fcr Privathaushalte in Fl\u00fcssiggasheizungen oder tragbaren Gasheizungen verwendet.<\/li>\n\n\n\n<li>Es wird auch zum Betrieb von Ger\u00e4ten wie W\u00e4schetrocknern, Warmwasserbereitern, Gasherden, K\u00fchlschr\u00e4nken und Gefrierschr\u00e4nken verwendet.<\/li>\n\n\n\n<li>Propan ist auch der Kraftstoff f\u00fcr einige Fahrzeuge wie Busse und private und \u00f6ffentliche Verkehrsmittel. Dar\u00fcber hinaus wird es in Wohnmobilen, Hei\u00dfluftballons, Booten und Wohnwagen verwendet.<\/li>\n<\/ul>\n\n\n\n<h3 class=\"wp-block-heading\">Industrielle und gewerbliche Anwendung von Propan:<\/h3>\n\n\n\n<figure class=\"gb-block-image gb-block-image-eeb5df19\"><img loading=\"lazy\" decoding=\"async\" width=\"1456\" height=\"816\" class=\"gb-image gb-image-eeb5df19\" src=\"https:\/\/www.sisinternational.com\/wp-content\/uploads\/2025\/08\/Butane-1.jpg\" alt=\"SIS International Marktforschung &amp; Strategie\" title=\"Butane (1)\" srcset=\"https:\/\/www.sisinternational.com\/wp-content\/uploads\/2025\/08\/Butane-1.jpg 1456w, https:\/\/www.sisinternational.com\/wp-content\/uploads\/2025\/08\/Butane-1-300x168.jpg 300w, https:\/\/www.sisinternational.com\/wp-content\/uploads\/2025\/08\/Butane-1-1024x574.jpg 1024w, https:\/\/www.sisinternational.com\/wp-content\/uploads\/2025\/08\/Butane-1-768x430.jpg 768w, https:\/\/www.sisinternational.com\/wp-content\/uploads\/2025\/08\/Butane-1-18x10.jpg 18w\" sizes=\"auto, (max-width: 1456px) 100vw, 1456px\"><\/figure>\n\n\n\n<ul class=\"wp-block-list\">\n<li>In der verarbeitenden Industrie ist Propan eine saubere und zuverl\u00e4ssige Energiequelle, die Generatoren und Fahrzeuge antreiben und als K\u00fchlmittel dienen kann.<\/li>\n\n\n\n<li>Propan ist das Gas der Wahl in der Metallschmelz- oder Verh\u00fcttungsindustrie, da es bis zu fast 2000 Grad Celsius brennen kann. Es kann in \u00d6fen und Strukturen zum Schmelzen von Gold, Silber, Kupfer, Messing, Bronze, Gusseisen und anderen Metallen verwendet werden.<\/li>\n\n\n\n<li>In der Druckerei wird Propan f\u00fcr den Gro\u00dfformatdruck verwendet. Die Druckindustrie nutzt hei\u00dfes Propangas, um das Trocknen der Tinte auf verschiedenen Druckmaterialoberfl\u00e4chen wie Papier, Pergamin, Zellophan und Aluminiumfolie zu beschleunigen.<\/li>\n\n\n\n<li>Auch in der Landwirtschaft wird Propan f\u00fcr wichtige Aufgaben eingesetzt, beispielsweise zur Unkrautbek\u00e4mpfung, f\u00fcr Bew\u00e4sserungspumpen und Erntetrocknungsger\u00e4te wie Tabaktrockner, Heutrockner, Maistrockner und mehr.<\/li>\n<\/ul>\n\n\n\n<h2 class=\"wp-block-heading\">Umfang der Propan-Marktforschung<\/h2>\n\n\n\n<p><a href=\"https:\/\/www.sisinternational.com\/de\/losungen\/qualitative-quantitative-forschungslosungen\/marktforschung-zu-menschlichen-faktoren\/\" title=\"Marktforschung zu menschlichen Faktoren\"  data-wpil-monitor-id=\"8991\">Marktforschung<\/a> provides insights into the various factors impacting the Propane industry. Below are some market drivers that are part of the market scope and segmentation.<\/p>\n\n\n\n<h3 class=\"wp-block-heading\">Die Notwendigkeit alternativer Kraftstoffe f\u00fcr eine wirtschaftliche und \u00f6kologische Nachhaltigkeit<\/h3>\n\n\n\n<p>Beim Verbrauch herk\u00f6mmlicher Kraftstoffe wie Diesel und Benzin entsteht viel Kohlendioxid. Dies erh\u00f6ht den CO2-Fu\u00dfabdruck insgesamt. Propan emittiert etwas weniger als Erdgas. Folglich entstehen bei der Verbrennung weniger Kohlenstoffnebenprodukte als bei herk\u00f6mmlichen Kraftstoffen. Regierungsbeh\u00f6rden erlassen Vorschriften und Gesetze, um die Verwendung kohlenstoffarmer Kraftstoffe zu f\u00f6rdern.<\/p>\n\n\n\n<h3 class=\"wp-block-heading\">Auswirkungen der Preisgestaltung auf die Propanindustrie<\/h3>\n\n\n\n<p>Steigende Kraftstoffpreise und die Ersch\u00f6pfung der nat\u00fcrlichen Ressourcen steigern den Wunsch nach umweltfreundlicheren und saubereren Kraftstoffen. Propanmotoren sto\u00dfen einen geringeren Anteil verschiedener Kohlenstoffemissionen aus als Benzinmotoren. Dar\u00fcber hinaus erzeugen Propanmotoren weniger Smog verursachende Kohlenwasserstoffe als Dieselmotoren. In Bezug auf Preis, Energiegehalt und Umweltauswirkungen \u00fcbertrifft Fl\u00fcssigerdgas Roh\u00f6l. Dies wird voraussichtlich die Nachfrage nach Propan erh\u00f6hen.<\/p>\n\n\n\n<h3 class=\"wp-block-heading\">Gro\u00dfe Nachfrage nach Fl\u00fcssiggas<\/h3>\n\n\n\n<p>Fl\u00fcssiggas enth\u00e4lt eine erhebliche Menge Propan. In manchen L\u00e4ndern macht es rund 100 Prozent des Fl\u00fcssiggasanteils aus. Der Anstieg der Weltbev\u00f6lkerung und der erhebliche Anstieg des verf\u00fcgbaren Einkommens, insbesondere in Entwicklungsl\u00e4ndern, treiben die steigende Nachfrage nach Fl\u00fcssiggas f\u00fcr den Energiebedarf privater Haushalte voran.<\/p>\n\n\n\n<h2 class=\"wp-block-heading\">Chancen in der Propan-Marktbranche<\/h2>\n\n\n\n<p>Overall, the propane market industry is highly exclusive and is continuously experiencing consolidation. As various industrial and business sector sites compete against one another, the propane market has a tremendous chance. Another potential is to adhere to the government&#8217;s rules and regulations so that not only the government but also the <a href=\"https:\/\/www.sisinternational.com\/de\/veroffentlichungen\/kauferverhalten-nach-corona-neue-verbraucher\/\" title=\"K\u00e4uferverhalten nach Corona \u2013 Verbrauchermarktforschung\"  data-wpil-monitor-id=\"8992\">consumers can become the market&#8217;s<\/a> foundation.<\/p>\n\n\n\n<h3 class=\"wp-block-heading\">Schwankende Brennstoffkosten als Hemmnisse f\u00fcr den Propanmarkt<\/h3>\n\n\n\n<p>Changes in the prices of petroleum and crude oil, as well as the detrimental effects of propane at greater concentrations, will function as significant restraints on the expansion of the propane industry. Mineral oil will face market hurdles due to insufficient <a href=\"https:\/\/www.sisinternational.com\/de\/kundenzufriedenheitsanalyse\/\" title=\"8 M\u00f6glichkeiten zur Steigerung der Kundenzufriedenheit im Einzelhandel\"  data-wpil-monitor-id=\"8988\">retail infrastructure for propane and inadequate consumer<\/a> knowledge.<\/p>\n\n\n\n<h2 class=\"wp-block-heading\">Die Marktforschung f\u00fcr Propan liefert Erkenntnisse auf Grundlage der folgenden Faktoren:<\/h2>\n\n\n\n<ul class=\"wp-block-list\">\n<li>Einzelheiten zu den j\u00fcngsten Marktentwicklungen<\/li>\n\n\n\n<li>Import-Export-Analyse und Produktionsanalyse<\/li>\n\n\n\n<li>Wert <a href=\"https:\/\/www.sisinternational.com\/de\/losungen\/strategieberatung\/marktforschung-fur-die-lieferkette\/\" title=\"Marktforschung f\u00fcr die Lieferkette\"  data-wpil-monitor-id=\"8994\">chain optimization and market<\/a> share<\/li>\n\n\n\n<li>Einfluss inl\u00e4ndischer und lokaler Marktteilnehmer<\/li>\n\n\n\n<li>Analyse von M\u00f6glichkeiten hinsichtlich neuer Einnahmequellen,<\/li>\n\n\n\n<li>impact of the <a href=\"https:\/\/www.sisinternational.com\/de\/sachverstand\/branchen\/marktforschung-zum-klimawandel\/\" title=\"Marktforschung zum Klimawandel\"  data-wpil-monitor-id=\"8995\">changes in market<\/a> regulations<\/li>\n\n\n\n<li>strategic <a href=\"https:\/\/www.sisinternational.com\/de\/losungen\/qualitative-quantitative-forschungslosungen\/chaid-analyse-marktforschung\/\" title=\"CHAID Analyse Marktforschung\"  data-wpil-monitor-id=\"8993\">market growth analysis<\/a><\/li>\n\n\n\n<li>Beurteilung von Anwendungsnischen und Dominanz<\/li>\n<\/ul>\n\n\n\n<p>Andere Faktoren, die den Propanmarkt beeinflussen k\u00f6nnen, wie Produktzulassungen, Markteinf\u00fchrungen neuer Produkte und geografische Expansion<\/p>\n\n\n\n<h2 class=\"wp-block-heading\">\u00dcber die Propan-Marktforschung<\/h2>\n\n\n\n<p>Fl\u00fcssiggas ist eine moderne Energiequelle mit minimaler Umweltbelastung. Es wird in vielen Bereichen eingesetzt, unter anderem in der Landwirtschaft, als Stromerzeuger, zum Heizen, Kochen und in der Freizeit. Der weltweite Einsatz von Fl\u00fcssiggas ist infolge internationaler und lokaler Initiativen, die Endverbraucher dazu ermutigen sollen, von konventionellen auf erneuerbare Energiequellen umzusteigen, stark angestiegen.<\/p>\n\n\n\n<p>The propane market research includes in-depth expert analysis of market scenarios such as market value, growth rate, segmentation, geographical coverage, and major players in the industry. The end report will be beneficial for critical players in the propane industry who <a href=\"https:\/\/www.sisinternational.com\/de\/die-notwendigkeit-von-wettbewerbsinformationen-in-dieser-rezession\/\" title=\"Die Notwendigkeit von Competitive Intelligence in einer Rezession\"  data-wpil-monitor-id=\"8989\">needs data and strategies<\/a> in the propane industry for decision-making and marketing implementations.<\/p>","protected":false},"excerpt":{"rendered":"<p>Propane Market Research untersucht die Propanindustrie, ihre Markttrends und ihre Auswirkungen auf verschiedene Gesch\u00e4fts- und Wirtschaftssektoren.<\/p>","protected":false},"author":1,"featured_media":63923,"parent":14514,"menu_order":180,"comment_status":"closed","ping_status":"closed","template":"","meta":{"footnotes":""},"class_list":["post-41545","page","type-page","status-publish","has-post-thumbnail"],"_links":{"self":[{"href":"https:\/\/www.sisinternational.com\/de\/wp-json\/wp\/v2\/pages\/41545","targetHints":{"allow":["GET"]}}],"collection":[{"href":"https:\/\/www.sisinternational.com\/de\/wp-json\/wp\/v2\/pages"}],"about":[{"href":"https:\/\/www.sisinternational.com\/de\/wp-json\/wp\/v2\/types\/page"}],"author":[{"embeddable":true,"href":"https:\/\/www.sisinternational.com\/de\/wp-json\/wp\/v2\/users\/1"}],"replies":[{"embeddable":true,"href":"https:\/\/www.sisinternational.com\/de\/wp-json\/wp\/v2\/comments?post=41545"}],"version-history":[{"count":3,"href":"https:\/\/www.sisinternational.com\/de\/wp-json\/wp\/v2\/pages\/41545\/revisions"}],"predecessor-version":[{"id":81504,"href":"https:\/\/www.sisinternational.com\/de\/wp-json\/wp\/v2\/pages\/41545\/revisions\/81504"}],"up":[{"embeddable":true,"href":"https:\/\/www.sisinternational.com\/de\/wp-json\/wp\/v2\/pages\/14514"}],"wp:featuredmedia":[{"embeddable":true,"href":"https:\/\/www.sisinternational.com\/de\/wp-json\/wp\/v2\/media\/63923"}],"wp:attachment":[{"href":"https:\/\/www.sisinternational.com\/de\/wp-json\/wp\/v2\/media?parent=41545"}],"curies":[{"name":"wp","href":"https:\/\/api.w.org\/{rel}","templated":true}]}}