{"id":41542,"date":"2023-02-13T02:22:20","date_gmt":"2023-02-13T02:22:20","guid":{"rendered":"https:\/\/www.sisinternational.com\/?page_id=41542"},"modified":"2026-01-25T17:17:28","modified_gmt":"2026-01-25T22:17:28","slug":"marktforschung-in-der-fotoindustrie","status":"publish","type":"page","link":"https:\/\/www.sisinternational.com\/de\/sachverstand\/marktforschung-in-der-fotoindustrie\/","title":{"rendered":"Marktforschung f\u00fcr die Fotoindustrie"},"content":{"rendered":"<h1 class=\"wp-block-heading\">Marktforschung f\u00fcr die Fotoindustrie<\/h1>\n\n\n\n<p><\/p>\n\n\n\n<figure class=\"gb-block-image gb-block-image-1243a93b\"><img loading=\"lazy\" decoding=\"async\" width=\"1456\" height=\"816\" class=\"gb-image gb-image-1243a93b\" src=\"https:\/\/www.sisinternational.com\/wp-content\/uploads\/2025\/08\/Photography-2.jpg\" alt=\"SIS International Marktforschung &amp; Strategie\" title=\"Photography (2)\" srcset=\"https:\/\/www.sisinternational.com\/wp-content\/uploads\/2025\/08\/Photography-2.jpg 1456w, https:\/\/www.sisinternational.com\/wp-content\/uploads\/2025\/08\/Photography-2-300x168.jpg 300w, https:\/\/www.sisinternational.com\/wp-content\/uploads\/2025\/08\/Photography-2-1024x574.jpg 1024w, https:\/\/www.sisinternational.com\/wp-content\/uploads\/2025\/08\/Photography-2-768x430.jpg 768w, https:\/\/www.sisinternational.com\/wp-content\/uploads\/2025\/08\/Photography-2-18x10.jpg 18w\" sizes=\"auto, (max-width: 1456px) 100vw, 1456px\"><\/figure>\n\n\n\n<p>Der Aufstieg der sozialen Medien hat die Macht des Einflusses gezeigt. Menschen beginnen, diese Plattformen zu nutzen, um ihre Fotos und Inhalte online zu teilen, damit die ganze Welt sie sehen kann. Eine der Branchen, die von diesem Aufstieg positiv beeinflusst wurde, ist die Fotografiebranche.<\/p>\n\n\n\n<p>Die Fotobranche hat im Laufe der Jahre aufgrund der konstanten Verbrauchernachfrage ein stetiges Wachstum erlebt. Es wird erwartet, dass diese Dynamik anh\u00e4lt, da die Branche expandiert und neue Nischen und Innovationen auf den Markt bringt.<\/p>\n\n\n\n<p>The growth creates more lucrative opportunities, challenging enterprises to keep up with the latest developments and market trends to lead and dominate the competition. Hence, the Photography <a href=\"https:\/\/www.sisinternational.com\/de\/marktforschung-im-bildungssektor-2\/\" title=\"Marktforschung f\u00fcr die Bildungsbranche\"  data-wpil-monitor-id=\"1806\">Industry Market Research<\/a> has been gaining traction as it guides businesses and professionals to understand the market with in-depth analysis and discussions.<\/p>\n\n\n\n<h2 class=\"wp-block-heading\">Die Bedeutung der Marktforschung in der Fotoindustrie<\/h2>\n\n\n\n<p>The Photography <a href=\"https:\/\/www.sisinternational.com\/de\/sachverstand\/branchen\/marktforschung-im-industriedesign\/\" title=\"Marktforschung f\u00fcr Industriedesign\"  data-wpil-monitor-id=\"4152\">Industry Market Research<\/a> is essential in understanding the ever-changing environment of the industry, changes in consumer behavior, developments in the technology used, and analyzing the competition. Therefore, it helps enterprises determine their next business decision with all the factors considered.<\/p>\n\n\n\n<h3 class=\"wp-block-heading\">Zu den verschiedenen Methoden zum Erfassen von Informationen f\u00fcr die Forschung geh\u00f6ren (jedoch ohne darauf beschr\u00e4nkt zu sein) die folgenden:<\/h3>\n\n\n\n<ul class=\"wp-block-list\">\n<li>Kunden- und\/oder Stakeholderbefragung<\/li>\n\n\n\n<li>Interview mit den zust\u00e4ndigen Beh\u00f6rden<\/li>\n\n\n\n<li>Aufschl\u00fcsselung neuer Produkte, Dienstleistungen und\/oder aktueller Trends<\/li>\n\n\n\n<li>Analyse der Konkurrenz innerhalb der gleichen Region\/Stadt<\/li>\n\n\n\n<li>Beobachtung des Kundenverhaltens<\/li>\n<\/ul>\n\n\n\n<p>Bei erfolgreicher Durchf\u00fchrung dienen die gesammelten relevanten Daten als Entscheidungshilfe. Daher ist die Durchf\u00fchrung einer anf\u00e4nglichen Marktforschung von entscheidender Bedeutung, um die Machbarkeit eines Unternehmens und seine F\u00e4higkeit, den bereits bestehenden und potenziellen Problemen in der Branche standzuhalten, zu bestimmen. Ohne diese kann es zu einem kostspieligen Fehltritt kommen und das Unternehmen sogar einige Schritte zur\u00fcckwerfen.<\/p>\n\n\n\n<p>In addition, the Photography <a href=\"https:\/\/www.sisinternational.com\/de\/sachverstand\/branchen\/marktforschung-zur-industriellen-automatisierung\/\" title=\"Marktforschung f\u00fcr die industrielle Automatisierung\"  data-wpil-monitor-id=\"4803\">Industry Market Research<\/a> serves in developing marketing strategies to effectively reach the company&#8217;s target audience. It is also instrumental in ensuring that the enterprise considers the environment and culture in which it wishes to operate.<\/p>\n\n\n\n<h2 class=\"wp-block-heading\">Wichtige Berufsbezeichnungen in der Fotografiebranche<\/h2>\n\n\n\n<p>Obwohl es sich um die gleiche Dienstleistung handelt, gibt es in der Fotografiebranche verschiedene Nischensegmente. Um mehr dar\u00fcber zu erfahren, sind hier einige der bekanntesten Schl\u00fcsselberufe in der Fotografiebranche:<\/p>\n\n\n\n<ul class=\"wp-block-list\">\n<li>Kommerzieller Fotograf: Arbeitet haupts\u00e4chlich mit Kunden, deren Schwerpunkt auf kommerziellen Zwecken oder Marketing liegt, wie etwa Leitartikel, Werbekampagnen und Produktaufnahmen.<\/li>\n\n\n\n<li>Fotojournalist\/Nachrichtenfotograf: Konzentriert sich auf das Aufnehmen von Fotos f\u00fcr Nachrichtenpublikationen und deckt verschiedene Geschichten aus unterschiedlichen Bereichen ab.<\/li>\n\n\n\n<li>Eventfotograf: Normalerweise ein kleines bis mittleres Unternehmen, das rasante Events wie Hochzeiten, Konzerte und Partys abdeckt.<\/li>\n\n\n\n<li>Freiberuflicher Fotograf: Ein Profi, der sich den Bed\u00fcrfnissen eines Kunden anpasst und sich im Allgemeinen auf eine bestimmte Nische der Fotografie konzentriert.<\/li>\n\n\n\n<li>Bildbearbeiter: In erster Linie die Person, die das Rohmaterial des Fotografen bearbeitet. Bildbearbeiter k\u00f6nnen jedoch auch als Gesamtkoordinator und -manager fungieren.<\/li>\n\n\n\n<li>Art Director: Eine Person, die dem Fotografen Anweisungen hinsichtlich des Konzepts gibt, das dieser mit dem Shooting erreichen m\u00f6chte; bereitet normalerweise das Storyboard als Inspiration f\u00fcr das Standbild vor.<\/li>\n<\/ul>\n\n\n\n<h2 class=\"wp-block-heading\">H\u00e4ufig verwendete Kameras in der Fotobranche<\/h2>\n\n\n\n<p>Profis unterscheiden sich durch ihren Stil und ihre Kameras. Sie finden das beste Kamera-Setup, das f\u00fcr ihre spezifische Nische und Umgebung geeignet ist. Einige der h\u00e4ufig verwendeten Kameratypen sind:<\/p>\n\n\n\n<ul class=\"wp-block-list\">\n<li>DSLR-Kamera: Wird aufgrund ihrer hochaufl\u00f6senden Bilder, die scharfe und detaillierte Bilder liefern, h\u00e4ufig f\u00fcr gewerbliche Zwecke verwendet.<\/li>\n\n\n\n<li>Spiegellose Kamera: Wird durch ihr kompaktes Design und den fehlenden internen Spiegel attraktiver; dient aufgrund ihres geringeren Gewichts als Alternative zur DSLR-Kamera \u2013 beliebt bei Profis, die im Freien fotografieren.<\/li>\n\n\n\n<li>Bridgekamera: Wird allgemein verwendet, da sie jedes Motiv perfekt aufnimmt; auch f\u00fcr Profis, die am gro\u00dfen Zoombereich interessiert sind.<\/li>\n\n\n\n<li>Digitale Filmkamera: Wird aufgrund ihrer 4K-Aufl\u00f6sung und der austauschbaren Objektivoptionen auch f\u00fcr kommerzielle Zwecke verwendet, obwohl sie heute allgemein f\u00fcr Videoaufnahmen genutzt wird.<\/li>\n<\/ul>\n\n\n\n<h2 class=\"wp-block-heading\">Trends und Chancen in der Fotobranche<\/h2>\n\n\n\n<p>Mit der kontinuierlichen Expansion der Fotobranche werden nach und nach neue Technologien und M\u00f6glichkeiten auf den Markt gebracht. Hier sind einige der wichtigsten:<\/p>\n\n\n\n<ul class=\"wp-block-list\">\n<li>Selbstbedienungskabinen\/Studio: Eine der beliebtesten Technologien, die die j\u00fcngere Generation aufgrund ihrer Selbstbedienungsoption anspricht. Die Kamera wird vorbereitet und die Kunden k\u00f6nnen innerhalb einer begrenzten Zeit Fotos von sich selbst machen. Nach der Fotosession mit dem Kunden werden sie jedoch von Bildbearbeitern unterst\u00fctzt.<\/li>\n\n\n\n<li>GPS-Funktion integriert: Eine weitere neue Technologie sind die GPS-Ger\u00e4te in Kameras. Sie registrieren automatisch die Standorte der aufgenommenen Fotos, komplett mit Koordinatensystem.<\/li>\n\n\n\n<li>On-Camera-Bearbeitung: Mit dieser neuen Funktion k\u00f6nnen Fotografen ihr Rohmaterial automatisch auf der Kamera bearbeiten. Sie enth\u00e4lt die grundlegenden Tools wie Gr\u00f6\u00dfen\u00e4nderung und Wei\u00dfabgleich.<\/li>\n\n\n\n<li>Kompaktere Kameras: Neue Kameradesigns werden eingef\u00fchrt, die die gleiche Leistung wie DSLRs bieten, dabei aber leichter und kleiner sind. Spiegellose Kameras waren die Pionierdesigns.<\/li>\n\n\n\n<li>Ultra-Zoom-Objektiv: Diese neue Technologie wird mit Spannung erwartet, sogar von Hobbyfotografen. Sie verspricht, Fotos aus gro\u00dfer Entfernung aufzunehmen und dabei scharfe Bilder zu machen, was sie bei Himmelsbeobachtern und Outdoor-Fotografen sehr gefragt macht. Man geht davon aus, dass Ultra-Zoom-Objektive auch Wunder bewirken, wenn es darum geht, winzige Details an Objekten zu fotografieren.<\/li>\n<\/ul>\n\n\n\n<h2 class=\"wp-block-heading\">Herausforderungen in der Fotobranche<\/h2>\n\n\n\n<p>Trotz aller Chancen, die die Fotografiebranche bietet, gibt es auch eine ganze Reihe von Herausforderungen. Unternehmen stehen vor dem Problem, dass neue Technologien m\u00f6glicherweise ihr Gesch\u00e4ft \u00fcbernehmen oder wie ein traditioneller Fotograf im Vergleich zu einem durchschnittlichen Menschen mit einer Kamera abschneidet.<\/p>\n\n\n\n<h3 class=\"wp-block-heading\">Dies sind die Herausforderungen, die die Fotobranche auf die Probe stellen:<\/h3>\n\n\n\n<ul class=\"wp-block-list\">\n<li>KI-Bildgenerator: KI-Generatoren sollen die Aufgaben von Bildbearbeitern \u00fcbernehmen. Im Gegensatz zu letzteren kann KI ein Rohfoto mit einem Mausklick bearbeiten, ohne dass ein Software-Bearbeitungstool verwendet werden muss, was Unternehmen Zeit und Geld spart.<\/li>\n\n\n\n<li>Die F\u00fclle an Smartphones: Fast jeder hat ein Telefon mit Kamera. Das bedeutet, dass man, au\u00dfer bei gro\u00dfen Veranstaltungen, weniger Bedarf an einem Fotografen hat. Die Leute machen \u201ePortr\u00e4ts\u201c und Familienfotos mit ihren Telefonen, was sie nichts kostet und keinen Termin erfordert.<\/li>\n\n\n\n<li>\u201eIllegitime\u201c Fotografen: Social-Media-Plattformen sind gro\u00dfartige Orte, um Ihr Unternehmen und Ihre F\u00e4higkeiten zu bewerben, aber es bedeutet auch, dass \u201eLeute mit einer Kamera\u201c am Wettbewerb teilnehmen k\u00f6nnen. Die meisten dieser Leute haben nicht das n\u00f6tige Verst\u00e4ndnis daf\u00fcr, wie man ein Foto macht oder bearbeitet.<\/li>\n\n\n\n<li>Urheberrechtsverletzung: Auch in den sozialen Medien k\u00f6nnen die Fotos von Fotografen von anderen Inhaltserstellern \u201egestohlen\u201c werden.<\/li>\n<\/ul>","protected":false},"excerpt":{"rendered":"<p>Marktforschung in der Fotobranche ist von entscheidender Bedeutung, um das Verbraucherverhalten und die technologische Entwicklung zu verstehen und die Konkurrenz zu analysieren.<\/p>","protected":false},"author":1,"featured_media":64318,"parent":14514,"menu_order":179,"comment_status":"closed","ping_status":"closed","template":"","meta":{"footnotes":""},"class_list":["post-41542","page","type-page","status-publish","has-post-thumbnail"],"_links":{"self":[{"href":"https:\/\/www.sisinternational.com\/de\/wp-json\/wp\/v2\/pages\/41542","targetHints":{"allow":["GET"]}}],"collection":[{"href":"https:\/\/www.sisinternational.com\/de\/wp-json\/wp\/v2\/pages"}],"about":[{"href":"https:\/\/www.sisinternational.com\/de\/wp-json\/wp\/v2\/types\/page"}],"author":[{"embeddable":true,"href":"https:\/\/www.sisinternational.com\/de\/wp-json\/wp\/v2\/users\/1"}],"replies":[{"embeddable":true,"href":"https:\/\/www.sisinternational.com\/de\/wp-json\/wp\/v2\/comments?post=41542"}],"version-history":[{"count":6,"href":"https:\/\/www.sisinternational.com\/de\/wp-json\/wp\/v2\/pages\/41542\/revisions"}],"predecessor-version":[{"id":78761,"href":"https:\/\/www.sisinternational.com\/de\/wp-json\/wp\/v2\/pages\/41542\/revisions\/78761"}],"up":[{"embeddable":true,"href":"https:\/\/www.sisinternational.com\/de\/wp-json\/wp\/v2\/pages\/14514"}],"wp:featuredmedia":[{"embeddable":true,"href":"https:\/\/www.sisinternational.com\/de\/wp-json\/wp\/v2\/media\/64318"}],"wp:attachment":[{"href":"https:\/\/www.sisinternational.com\/de\/wp-json\/wp\/v2\/media?parent=41542"}],"curies":[{"name":"wp","href":"https:\/\/api.w.org\/{rel}","templated":true}]}}