{"id":41529,"date":"2023-02-12T22:42:42","date_gmt":"2023-02-12T22:42:42","guid":{"rendered":"https:\/\/www.sisinternational.com\/?page_id=41529"},"modified":"2026-01-25T19:27:46","modified_gmt":"2026-01-26T00:27:46","slug":"marktforschung-fur-online-dating-apps","status":"publish","type":"page","link":"https:\/\/www.sisinternational.com\/de\/sachverstand\/marktforschung-fur-online-dating-apps\/","title":{"rendered":"Marktforschung f\u00fcr Online-Dating-Apps"},"content":{"rendered":"<h1 class=\"wp-block-heading\">Marktforschung f\u00fcr Online-Dating-Apps<\/h1>\n\n\n\n<figure class=\"gb-block-image gb-block-image-3bf76e71\"><img decoding=\"async\" class=\"gb-image gb-image-3bf76e71\" src=\"https:\/\/www.sisinternational.com\/wp-content\/uploads\/2025\/08\/Online-dating-app-2.jpg\" alt=\"SIS International Marktforschung &amp; Strategie\" title=\"Online dating app (2)\"><\/figure>\n\n\n\n<p><\/p>\n\n\n\n<p>Die Marktforschung f\u00fcr Online-Dating-Apps bietet Einblicke in die Entwicklungen in der Online-Dating-Branche, ihre Auswirkungen auf verschiedene Personen und ihre Vorlieben. Da Online-Dating oder Internet-Dating in den letzten Jahren gewachsen ist, sind Daten und Strategien in der Online-Dating-App-Branche f\u00fcr bestimmte Gesch\u00e4ftsbereiche wertvoll geworden.<\/p>\n\n\n\n<p>Die Marktforschung zu Online-Dating-Apps bietet Erkenntnisse, die es verschiedenen Einzelpersonen, Unternehmen und Firmen, die relevante Dienste in der Branche anbieten, erm\u00f6glichen, Faktoren zu verstehen, die auf den Vorlieben und Verhaltensweisen der Benutzer von Dating-Apps basieren.<\/p>\n\n\n\n<h2 class=\"wp-block-heading\">Was ist eine Online-Dating-App?<\/h2>\n\n\n\n<p>To better understand the information gathered for the <a href=\"https:\/\/www.sisinternational.com\/de\/sachverstand\/branchen\/chief-information-officer-cio-marktforschung\/\" title=\"Chief Information Officer (CIO) Marktforschung\"  data-wpil-monitor-id=\"5655\">Marktforschung f\u00fcr Online-Dating-Apps<\/a>, one must have a clear definition of what online dating is and the users\u2019 goals.<\/p>\n\n\n\n<p>Online dating or internet dating is a method wherein various individuals get in touch with each other virtually, with the goal of setting up a personal meeting or date. &nbsp; Those who participate in online dating seek relationships for various reasons, but mostly the goal is to find someone who can be a potential romantic partner. Other reasons why individuals join online dating platforms also include:<\/p>\n\n\n\n<ul class=\"wp-block-list\">\n<li>Jemanden finden, mit dem sie sich verbinden k\u00f6nnen oder Freundschaften schlie\u00dfen<\/li>\n\n\n\n<li>Zur pers\u00f6nlichen Unterhaltung oder aus Neugier<\/li>\n\n\n\n<li>Suche jemanden mit \u00e4hnlichen Interessen und Aktivit\u00e4ten, die sie gemeinsam unternehmen k\u00f6nnen<\/li>\n\n\n\n<li>Selbstbest\u00e4tigung oder Aufbau des Selbstvertrauens<\/li>\n<\/ul>\n\n\n\n<p>In den letzten Jahren haben Online-Dating-Apps bei Internet-Dating-Begeisterten an Popularit\u00e4t gewonnen. Online-Dating-Apps sind Social-Media- oder Dating-Plattformen, die als Handy-Apps verf\u00fcgbar sind. Sie sind f\u00fcr Online-Dating-Nutzer nicht nur aus Bequemlichkeitsgr\u00fcnden zur ersten Wahl geworden, sondern auch aufgrund der zunehmenden Zug\u00e4nglichkeit des Internets und der steigenden Produktion von Smartphones.<\/p>\n\n\n\n<h2 class=\"wp-block-heading\">Wie funktionieren Online-Dating-Anwendungen?<\/h2>\n\n\n\n<figure class=\"gb-block-image gb-block-image-37dca354\"><img loading=\"lazy\" decoding=\"async\" width=\"1456\" height=\"816\" class=\"gb-image gb-image-37dca354\" src=\"https:\/\/www.sisinternational.com\/wp-content\/uploads\/2025\/08\/Online-dating-app-4.jpg\" alt=\"SIS International Marktforschung &amp; Strategie\" title=\"Online dating app (4)\" srcset=\"https:\/\/www.sisinternational.com\/wp-content\/uploads\/2025\/08\/Online-dating-app-4.jpg 1456w, https:\/\/www.sisinternational.com\/wp-content\/uploads\/2025\/08\/Online-dating-app-4-300x168.jpg 300w, https:\/\/www.sisinternational.com\/wp-content\/uploads\/2025\/08\/Online-dating-app-4-1024x574.jpg 1024w, https:\/\/www.sisinternational.com\/wp-content\/uploads\/2025\/08\/Online-dating-app-4-768x430.jpg 768w, https:\/\/www.sisinternational.com\/wp-content\/uploads\/2025\/08\/Online-dating-app-4-18x10.jpg 18w\" sizes=\"auto, (max-width: 1456px) 100vw, 1456px\"><\/figure>\n\n\n\n<p><\/p>\n\n\n\n<p>Die meisten Online-Dating-Anwendungen funktionieren \u00e4hnlich wie andere Social-Media-Plattformen. Die Benutzer m\u00fcssen bei der von ihnen bevorzugten Online-Dating-App eigene Konten erstellen. Als Mitglied m\u00fcssen sie ihr eigenes individuelles Profil erstellen, das unter anderem die folgenden Angaben enth\u00e4lt:<\/p>\n\n\n\n<ul class=\"wp-block-list\">\n<li>Name, Benutzername oder Spitzname<\/li>\n\n\n\n<li>Alter (muss mindestens 18 Jahre alt sein)<\/li>\n\n\n\n<li>Geschlecht<\/li>\n\n\n\n<li>Ihre sexuelle Orientierung oder Pr\u00e4ferenz<\/li>\n\n\n\n<li>Wo sie sich befinden<\/li>\n\n\n\n<li>Eine Beschreibung ihrer Person oder ihres Aussehens<\/li>\n\n\n\n<li>Liste der Charakterpr\u00e4ferenzen (der Leute, die sie treffen m\u00f6chten)<\/li>\n\n\n\n<li>Meistens verlangen diese Dating-Apps von den Mitgliedern auch, Fotos oder Videos von sich hochzuladen.<\/li>\n<\/ul>\n\n\n\n<p>Sobald der Benutzer Mitglied wird, verwendet die mobile Dating-Anwendung bestimmte Algorithmen, um Daten zu vergleichen und Personen zusammenzubringen. Diese Matching- und Pairing-Funktionen der Anwendung werden normalerweise fortgesetzt, w\u00e4hrend die Mitglieder die Plattform nutzen. Dies dient dazu, ihre Interaktion innerhalb der App zu erfassen, die auch verwendet werden kann, wenn sie mit jemand anderem zusammengebracht werden.<\/p>\n\n\n\n<h2 class=\"wp-block-heading\">Weitere Faktoren, die die Marktforschung zu Online-Dating-Apps beeinflussen<\/h2>\n\n\n\n<h3 class=\"wp-block-heading\">Online-Dating-Marktdienste<\/h3>\n\n\n\n<p>The growth and expansion of the online dating app <a href=\"https:\/\/www.sisinternational.com\/de\/sachverstand\/branchen\/industrielle-marktforschung\/\" title=\"Industrielle Marktforschung und Strategie\"  data-wpil-monitor-id=\"10360\">industry have divided the market<\/a> into various segments that include: social dating, adult dating, niche dating, and matchmaking. The types of services found in online dating platforms influence the membership signups as well as how specific dating app functions.<\/p>\n\n\n\n<h3 class=\"wp-block-heading\">Gesch\u00e4ftsmodelle f\u00fcr Online-Dating<\/h3>\n\n\n\n<p>F\u00fcr die Marktforschung zu Online-Dating-Apps kann das Erkennen der Gesch\u00e4ftsmodelle weitere Daten und Strategien in der Online-Dating-App-Branche liefern. Zu den wichtigsten Gesch\u00e4ftsmodellen geh\u00f6ren:<\/p>\n\n\n\n<ul class=\"wp-block-list\">\n<li>Ein kostenpflichtiges Abonnement der Online-Dating-App. Dabei wird den Benutzern ein bestimmter Betrag f\u00fcr die Mitgliedschaft bei der Online-Dating-App-Plattform berechnet.<\/li>\n\n\n\n<li>Kostenloses oder Freemium-Abonnement. Dabei werden die Grundfunktionen der Online-Dating-App kostenlos angeboten, zus\u00e4tzliche Verg\u00fcnstigungen oder Funktionen k\u00f6nnen jedoch gegen Aufpreis oder als In-App-K\u00e4ufe erworben werden.<\/li>\n<\/ul>\n\n\n\n<h2 class=\"wp-block-heading\">Wichtige Akteure in der Online-Dating-Branche<\/h2>\n\n\n\n<figure class=\"gb-block-image gb-block-image-33764489\"><img loading=\"lazy\" decoding=\"async\" width=\"1456\" height=\"816\" class=\"gb-image gb-image-33764489\" src=\"https:\/\/www.sisinternational.com\/wp-content\/uploads\/2025\/08\/Online-dating-app-5.jpg\" alt=\"SIS International Marktforschung &amp; Strategie\" title=\"Online dating app (5)\" srcset=\"https:\/\/www.sisinternational.com\/wp-content\/uploads\/2025\/08\/Online-dating-app-5.jpg 1456w, https:\/\/www.sisinternational.com\/wp-content\/uploads\/2025\/08\/Online-dating-app-5-300x168.jpg 300w, https:\/\/www.sisinternational.com\/wp-content\/uploads\/2025\/08\/Online-dating-app-5-1024x574.jpg 1024w, https:\/\/www.sisinternational.com\/wp-content\/uploads\/2025\/08\/Online-dating-app-5-768x430.jpg 768w, https:\/\/www.sisinternational.com\/wp-content\/uploads\/2025\/08\/Online-dating-app-5-18x10.jpg 18w\" sizes=\"auto, (max-width: 1456px) 100vw, 1456px\"><\/figure>\n\n\n\n<p><\/p>\n\n\n\n<p>Die kontinuierliche Entwicklung von Online-Dating-Webportalen und mobilen Anwendungen hat wichtige Akteure in der Branche hervorgebracht. Die j\u00fcngsten Berichte zeigen die folgenden wichtigen Akteure in keiner bestimmten Reihenfolge:<\/p>\n\n\n\n<ul class=\"wp-block-list\">\n<li>\u00dcbereinstimmen<\/li>\n\n\n\n<li>Tinder<\/li>\n\n\n\n<li>Bumble<\/li>\n\n\n\n<li>Kippo<\/li>\n\n\n\n<li>Viel Fisch<\/li>\n\n\n\n<li>OkCupid<\/li>\n\n\n\n<li>eHarmony<\/li>\n\n\n\n<li>Grindr<\/li>\n\n\n\n<li>Kaffee trifft Bagel<\/li>\n\n\n\n<li>Scharnier<\/li>\n<\/ul>\n\n\n\n<h2 class=\"wp-block-heading\">Methoden und Best Practices zur Marktforschung f\u00fcr Online-Dating-Apps<\/h2>\n\n\n\n<p><a href=\"https:\/\/www.sisinternational.com\/de\/stellen-sie-sicher-dass-sich-ihre-botschaft-an-die-kunden-erinnert\/\" title=\"Marktforschung zur Markenaktivierung\"  data-wpil-monitor-id=\"10349\">Market Research provides insights into the activities<\/a> of users in online dating application as well as gather data and strategies in the Online Dating App industry. In order to come up with accurate <a href=\"https:\/\/www.sisinternational.com\/de\/sachverstand\/branchen\/marktforschung-fur-pestizide\/\" title=\"Marktforschung f\u00fcr Pestizide\"  data-wpil-monitor-id=\"3386\">research data and market<\/a> forecasts, the following methods are implemented:<\/p>\n\n\n\n<ul class=\"wp-block-list\">\n<li>Identifizieren der Forschungsziele und -zwecke. Dadurch wird sichergestellt, dass die durchgef\u00fchrte Forschung sowie die gesammelten Daten auf das Ziel ausgerichtet sind.<\/li>\n\n\n\n<li>Profiling the users of the online dating app. <a href=\"https:\/\/www.sisinternational.com\/de\/sis-fallstudie-zu-store-insights-weltweit\/\" title=\"Einblicke in die Kundenerfahrung im Gesch\u00e4ft \u2013 Fallstudie zur Marktforschung\"  data-wpil-monitor-id=\"10355\">Market Research provides insights<\/a> based on the profiles and activities the users have within the online dating platform.<\/li>\n\n\n\n<li>Kategorisierung des Berichtsumfangs f\u00fcr eine bessere Datenanalyse. Die Untersuchung kann Alter, Geschlecht, Abonnementtyp, regionale oder demografische Aussichten und andere Faktoren umfassen, die f\u00fcr die Marktforschung zu Online-Dating-Apps relevant sind.<\/li>\n\n\n\n<li>Auswahl der am besten geeigneten Methode basierend auf den Zieldaten und Strategien in der Online-Dating-App-Branche. Zu den beliebtesten und zuverl\u00e4ssigsten Data-Mining-Methoden geh\u00f6ren Benutzerinterviews, Umfragen sowie Social Media Listening.<\/li>\n\n\n\n<li>Assessment and validation of online dating app market research outcomes. Accurate <a href=\"https:\/\/www.sisinternational.com\/de\/losungen\/strategieberatung\/sales-enablement-marktforschung-strategieberatung\/\" title=\"Sales Enablement Marktforschung und Strategieberatung\"  data-wpil-monitor-id=\"10350\">market research provides insights that enable<\/a> top market figures, leaders, and businesses to gain unparalleled business knowledge.<\/li>\n<\/ul>\n\n\n\n<h2 class=\"wp-block-heading\">Vorteile der Marktforschung f\u00fcr Online-Dating-Apps<\/h2>\n\n\n\n<figure class=\"gb-block-image gb-block-image-dd3e43d5\"><img loading=\"lazy\" decoding=\"async\" width=\"1456\" height=\"816\" class=\"gb-image gb-image-dd3e43d5\" src=\"https:\/\/www.sisinternational.com\/wp-content\/uploads\/2025\/08\/Online-dating-app-3.jpg\" alt=\"SIS International Marktforschung &amp; Strategie\" title=\"Online dating app (3)\" srcset=\"https:\/\/www.sisinternational.com\/wp-content\/uploads\/2025\/08\/Online-dating-app-3.jpg 1456w, https:\/\/www.sisinternational.com\/wp-content\/uploads\/2025\/08\/Online-dating-app-3-300x168.jpg 300w, https:\/\/www.sisinternational.com\/wp-content\/uploads\/2025\/08\/Online-dating-app-3-1024x574.jpg 1024w, https:\/\/www.sisinternational.com\/wp-content\/uploads\/2025\/08\/Online-dating-app-3-768x430.jpg 768w, https:\/\/www.sisinternational.com\/wp-content\/uploads\/2025\/08\/Online-dating-app-3-18x10.jpg 18w\" sizes=\"auto, (max-width: 1456px) 100vw, 1456px\"><\/figure>\n\n\n\n<p><\/p>\n\n\n\n<p>Die Marktforschung f\u00fcr Online-Dating-Apps bietet Einblicke in bestimmte Personen, Unternehmen und Firmen, die Online-Dating-App-Dienste anbieten. Die Forschungsergebnisse sind in folgender Hinsicht von Nutzen:<\/p>\n\n\n\n<ul class=\"wp-block-list\">\n<li>Gather data and strategies in the online dating app <a href=\"https:\/\/www.sisinternational.com\/de\/industry-forecast\/construction-industry-forecast\/\" title=\"Construction Industry Forecast\"  data-wpil-monitor-id=\"10361\">industry that will help construct<\/a> better programs and services.<\/li>\n\n\n\n<li>Construct a <a href=\"https:\/\/www.sisinternational.com\/de\/losungen\/strategieberatung\/beratung-zu-endverbraucher-marktforschungsstrategien\/\" title=\"Endbenutzer-Marktforschung und Strategieberatung\"  data-wpil-monitor-id=\"10358\">marketing strategy<\/a> that will target certain application users and identify their preferences for future product offerings.<\/li>\n\n\n\n<li>Erkennen Sie Bereiche, in denen M\u00f6glichkeiten zur Erstellung profitabler Dienste bestehen und wie Sie diese f\u00fcr Benutzer von Online-Dating-Apps sichtbar machen.<\/li>\n\n\n\n<li>Planen und Implementieren von Funktionen f\u00fcr mobile Anwendungen, die sowohl f\u00fcr Benutzer als auch f\u00fcr Dienstanbieter gewinnbringende Ergebnisse liefern.<\/li>\n\n\n\n<li>Die Marktforschung f\u00fcr Online-Dating-Apps kann bei der Erkennung von Trendanalysen und Wachstumschancen in der Dating- und Mobilanwendungsbranche helfen.<\/li>\n<\/ul>\n\n\n\n<h2 class=\"wp-block-heading\">\u00dcber die Marktforschung f\u00fcr Online-Dating-Apps<\/h2>\n\n\n\n<p>As more and more individuals are expected to join or try out the various online dating apps available, the market dynamics should be understood. The <a href=\"https:\/\/www.sisinternational.com\/de\/fintech-market-research-trends\/\" title=\"Fintech-Marktforschung Trends\"  data-wpil-monitor-id=\"10353\">market research provides insights that include trends<\/a> and factors impacting user preferences and decisions, as well as the evolution of mobile applications.<\/p>\n\n\n\n<p>The data and strategies in the <a href=\"https:\/\/www.sisinternational.com\/de\/losungen\/qualitative-quantitative-forschungslosungen\/online-bulletin-diskussionsforen\/\" title=\"Online Qualitative Marktforschung\"  data-wpil-monitor-id=\"10362\">Online Dating App industry research<\/a> will help individuals with key roles in the industry or related businesses to implement sustainable growth techniques as well as strengthen their position in the industry.<\/p>","protected":false},"excerpt":{"rendered":"<p>Die Marktforschung f\u00fcr Online-Dating-Apps bietet Einblicke in die Online-Dating-Branche, ihre Auswirkungen auf einzelne Personen und ihre Vorlieben.<\/p>","protected":false},"author":1,"featured_media":0,"parent":14514,"menu_order":177,"comment_status":"closed","ping_status":"closed","template":"","meta":{"footnotes":""},"class_list":["post-41529","page","type-page","status-publish"],"_links":{"self":[{"href":"https:\/\/www.sisinternational.com\/de\/wp-json\/wp\/v2\/pages\/41529","targetHints":{"allow":["GET"]}}],"collection":[{"href":"https:\/\/www.sisinternational.com\/de\/wp-json\/wp\/v2\/pages"}],"about":[{"href":"https:\/\/www.sisinternational.com\/de\/wp-json\/wp\/v2\/types\/page"}],"author":[{"embeddable":true,"href":"https:\/\/www.sisinternational.com\/de\/wp-json\/wp\/v2\/users\/1"}],"replies":[{"embeddable":true,"href":"https:\/\/www.sisinternational.com\/de\/wp-json\/wp\/v2\/comments?post=41529"}],"version-history":[{"count":6,"href":"https:\/\/www.sisinternational.com\/de\/wp-json\/wp\/v2\/pages\/41529\/revisions"}],"predecessor-version":[{"id":81707,"href":"https:\/\/www.sisinternational.com\/de\/wp-json\/wp\/v2\/pages\/41529\/revisions\/81707"}],"up":[{"embeddable":true,"href":"https:\/\/www.sisinternational.com\/de\/wp-json\/wp\/v2\/pages\/14514"}],"wp:attachment":[{"href":"https:\/\/www.sisinternational.com\/de\/wp-json\/wp\/v2\/media?parent=41529"}],"curies":[{"name":"wp","href":"https:\/\/api.w.org\/{rel}","templated":true}]}}