{"id":41485,"date":"2023-02-12T20:43:26","date_gmt":"2023-02-12T20:43:26","guid":{"rendered":"https:\/\/www.sisinternational.com\/?page_id=41485"},"modified":"2026-01-27T16:47:22","modified_gmt":"2026-01-27T21:47:22","slug":"schmuckmarktforschung","status":"publish","type":"page","link":"https:\/\/www.sisinternational.com\/de\/sachverstand\/schmuckmarktforschung\/","title":{"rendered":"Schmuckmarktforschung"},"content":{"rendered":"<h1 class=\"wp-block-heading\">Schmuckmarktforschung<\/h1>\n\n\n\n<figure class=\"gb-block-image gb-block-image-8f05c9cd\"><img loading=\"lazy\" decoding=\"async\" width=\"1456\" height=\"816\" class=\"gb-image gb-image-8f05c9cd\" src=\"https:\/\/www.sisinternational.com\/wp-content\/uploads\/2025\/08\/fashion-accesories-4.jpg\" alt=\"SIS International Marktforschung &amp; Strategie\" title=\"fashion accesories (4)\" srcset=\"https:\/\/www.sisinternational.com\/wp-content\/uploads\/2025\/08\/fashion-accesories-4.jpg 1456w, https:\/\/www.sisinternational.com\/wp-content\/uploads\/2025\/08\/fashion-accesories-4-300x168.jpg 300w, https:\/\/www.sisinternational.com\/wp-content\/uploads\/2025\/08\/fashion-accesories-4-1024x574.jpg 1024w, https:\/\/www.sisinternational.com\/wp-content\/uploads\/2025\/08\/fashion-accesories-4-768x430.jpg 768w, https:\/\/www.sisinternational.com\/wp-content\/uploads\/2025\/08\/fashion-accesories-4-18x10.jpg 18w\" sizes=\"auto, (max-width: 1456px) 100vw, 1456px\"><\/figure>\n\n\n\n<p><\/p>\n\n\n\n<hr class=\"wp-block-separator has-alpha-channel-opacity is-style-dots\"\/>\n\n\n\n<div class=\"wp-block-columns has-global-color-9-color has-text-color has-background has-link-color wp-elements-af6c8a4f99e5feea657a4b476b2e166f is-layout-flex wp-container-core-columns-is-layout-9d6595d7 wp-block-columns-is-layout-flex\" style=\"background-color:#f7f9fa6e\">\n<div class=\"wp-block-column is-layout-flow wp-block-column-is-layout-flow\" style=\"flex-basis:18%\"><\/div>\n\n\n\n<div class=\"wp-block-column is-vertically-aligned-center is-layout-flow wp-block-column-is-layout-flow\" style=\"flex-basis:71.28%\">\n<div class=\"wp-block-rank-math-toc-block aligncenter has-global-color-9-color has-text-color has-link-color wp-elements-7631775f09165e19889649c1cce77cb0\" style=\"font-size:16px\" id=\"rank-math-toc\"><h2><br><strong>T<\/strong>able of Contents<\/h2><nav><ul><li class=\"\"><a href=\"#what-is-jewelry-market-research\">Was ist Schmuckmarktforschung<\/a><\/li><li class=\"\"><a href=\"#why-its-important\">Warum es wichtig ist<\/a><\/li><li class=\"\"><a href=\"#key-job-titles-in-the-industry\">Wichtige Berufsbezeichnungen in der Branche<\/a><\/li><li class=\"\"><a href=\"#why-businesses-need-jewelry-market-research\">Warum Unternehmen Marktforschung im Schmuckbereich ben\u00f6tigen<\/a><\/li><li class=\"\"><a href=\"#key-success-factors\">Schl\u00fcsselfaktoren f\u00fcr den Erfolg<\/a><\/li><li class=\"\"><a href=\"#about-jewelry-market-research\">\u00dcber Schmuckmarktforschung<\/a><\/li><\/ul><\/nav><\/div>\n<\/div>\n<\/div>\n\n\n\n<p><\/p>\n\n\n\n<h2 class=\"wp-block-heading\" id=\"what-is-jewelry-market-research\">Was ist Schmuckmarktforschung<\/h2>\n\n\n\n<p>Bei der Schmuckmarktforschung geht es darum, Informationen \u00fcber die Schmuckarten zu sammeln und zu verstehen, welchen Einfluss der Markt auf die verschiedenen Herstellerunternehmen und privaten Verk\u00e4ufer haben kann.<\/p>\n\n\n\n<p>Schmuck ist ein \u00e4sthetischer Gegenstand, der in den letzten Jahren f\u00fcr jedermann erschwinglich geworden ist, dank verschiedener Marken, die Qualit\u00e4tsprodukte herstellen und zu erschwinglichen Preisen verkaufen k\u00f6nnen.<\/p>\n\n\n\n<p>Dar\u00fcber hinaus ist Schmuck auch mit Kultur verbunden, da er einen Status repr\u00e4sentieren oder f\u00fcr religi\u00f6se Riten verwendet werden kann.<\/p>\n\n\n\n<p>Um den Wert der Schmuckmarktforschung zu sch\u00e4tzen, ist es notwendig, die Bedeutung und den Einfluss von Schmuck auf verschiedene Aspekte unserer Gesellschaft zu verstehen.<\/p>\n\n\n\n<h3 class=\"wp-block-heading\">Ein Schmuckst\u00fcck ist ein Schmuckst\u00fcck aus Edelmetall, verziert mit Edelsteinen, Perlen oder Steinen. Im Allgemeinen wird Schmuck unterteilt in:<\/h3>\n\n\n\n<figure class=\"gb-block-image gb-block-image-28b7b894\"><img loading=\"lazy\" decoding=\"async\" width=\"1456\" height=\"816\" class=\"gb-image gb-image-28b7b894\" src=\"https:\/\/www.sisinternational.com\/wp-content\/uploads\/2025\/08\/fashion-accesories-3.jpg\" alt=\"SIS International Marktforschung &amp; Strategie\" title=\"fashion accesories (3)\" srcset=\"https:\/\/www.sisinternational.com\/wp-content\/uploads\/2025\/08\/fashion-accesories-3.jpg 1456w, https:\/\/www.sisinternational.com\/wp-content\/uploads\/2025\/08\/fashion-accesories-3-300x168.jpg 300w, https:\/\/www.sisinternational.com\/wp-content\/uploads\/2025\/08\/fashion-accesories-3-1024x574.jpg 1024w, https:\/\/www.sisinternational.com\/wp-content\/uploads\/2025\/08\/fashion-accesories-3-768x430.jpg 768w, https:\/\/www.sisinternational.com\/wp-content\/uploads\/2025\/08\/fashion-accesories-3-18x10.jpg 18w\" sizes=\"auto, (max-width: 1456px) 100vw, 1456px\"><\/figure>\n\n\n\n<p><\/p>\n\n\n\n<ul class=\"wp-block-list\">\n<li>Halsketten<\/li>\n\n\n\n<li>Ohrringe<\/li>\n\n\n\n<li>Ringe<\/li>\n\n\n\n<li>Armb\u00e4nder<\/li>\n\n\n\n<li>Zauber<\/li>\n<\/ul>\n\n\n\n<p>Was die Materialien betrifft, aus denen Schmuck hergestellt wird, wird Silber am h\u00e4ufigsten verwendet, da es leicht verf\u00fcgbar ist. Das am zweith\u00e4ufigsten verwendete Material ist Gold, das jedoch teurer ist.<\/p>\n\n\n\n<p>Platin geh\u00f6rt zu den weniger gebr\u00e4uchlichen Materialien, sein Wert liegt zwischen Gold und Silber. Rhodium hingegen ist deutlich teurer, wird aber im Allgemeinen zur Verzierung von Silberschmuck verwendet.<\/p>\n\n\n\n<p>Titan ist ein relativ neues Metall im Schmuckbereich und wird haupts\u00e4chlich zur Herstellung von kleinem Schmuck oder zur Verst\u00e4rkung anderer Materialien verwendet.<\/p>\n\n\n\n<h2 class=\"wp-block-heading\" id=\"why-its-important\">Warum es wichtig ist<\/h2>\n\n\n\n<p>Der Zweck der Marktforschung besteht darin, fundiertes Wissen \u00fcber eine Branche, in diesem Fall Schmuck, zu liefern. Das Sammeln von Informationen und das Erhalten eines \u00dcberblicks \u00fcber den Schmuckmarkt kann aus mehreren Gr\u00fcnden wichtig sein:<\/p>\n\n\n\n<ul class=\"wp-block-list\">\n<li>Ein tieferes Wissen dar\u00fcber, welche die beliebtesten Schmuckmarken auf dem Markt sind. Mit der Schmuckmarktforschung ist es m\u00f6glich, Informationen \u00fcber die Trends weltweit zu erhalten.<\/li>\n\n\n\n<li>Die Rolle von Schmuck in der Gesellschaft kennen. Heutzutage sind Schmuckst\u00fccke nicht nur f\u00fcr Frauen einer bestimmten Altersgruppe interessant. Tats\u00e4chlich wird Schmuck auch von jungen Leuten und M\u00e4nnern gesch\u00e4tzt und gekauft.<\/li>\n\n\n\n<li>Informationen dar\u00fcber, welche Schmuckarten am beliebtesten sind und welche Neuheiten es in der Branche gibt. Dies liegt daran, dass die Welt des Schmucks \u00e4u\u00dferst vielf\u00e4ltig ist und es Marken gibt, die sich ausschlie\u00dflich auf die Herstellung bestimmter Arten wie Ringe, Armb\u00e4nder und Anh\u00e4nger spezialisiert haben.<\/li>\n\n\n\n<li>Erfahren Sie mehr \u00fcber die Unterschiede und die Marktst\u00e4rke von Schmuckunternehmen und privaten Verk\u00e4ufern.<\/li>\n\n\n\n<li>Erfahren Sie, welche Materialien bei der Schmuckherstellung verwendet werden und welche Herstellungsmethoden es gibt.<\/li>\n\n\n\n<li>Analyze the market for jewelry sold by common brands, as well as the <a href=\"https:\/\/www.sisinternational.com\/de\/marktforschung-fur-luxusparfums\/\" title=\"Marktforschung f\u00fcr Luxusparfums\"  data-wpil-monitor-id=\"7579\">market for luxury<\/a> jewelry, so that a comparison can be made.<\/li>\n\n\n\n<li>Durch Marktforschung im Bereich Schmuck k\u00f6nnen Unternehmen und Einzelpersonen Informationen gewinnen, die ihnen die Wettbewerbsf\u00e4higkeit sichern.<\/li>\n<\/ul>\n\n\n\n<h2 class=\"wp-block-heading\" id=\"key-job-titles-in-the-industry\">Wichtige Berufsbezeichnungen in der Branche<\/h2>\n\n\n\n<p>Die Schmuckverkaufs- und -herstellungsbranche ist in verschiedene Jobs, Rollen und Berufe unterteilt. Im Allgemeinen erfordern sowohl der Schmuckverkauf als auch die Schmuckherstellung spezifische Kenntnisse \u00fcber die Materialien und Arten von Schmuck.<\/p>\n\n\n\n<h3 class=\"wp-block-heading\">Nachfolgend finden Sie eine Liste einiger der wichtigsten Berufe in der Schmuckindustrie:<\/h3>\n\n\n\n<figure class=\"gb-block-image gb-block-image-ce96fbd8\"><img loading=\"lazy\" decoding=\"async\" width=\"1456\" height=\"816\" class=\"gb-image gb-image-ce96fbd8\" src=\"https:\/\/www.sisinternational.com\/wp-content\/uploads\/2025\/08\/fashion-accesories-2.jpg\" alt=\"SIS International Marktforschung &amp; Strategie\" title=\"fashion accesories (2)\" srcset=\"https:\/\/www.sisinternational.com\/wp-content\/uploads\/2025\/08\/fashion-accesories-2.jpg 1456w, https:\/\/www.sisinternational.com\/wp-content\/uploads\/2025\/08\/fashion-accesories-2-300x168.jpg 300w, https:\/\/www.sisinternational.com\/wp-content\/uploads\/2025\/08\/fashion-accesories-2-1024x574.jpg 1024w, https:\/\/www.sisinternational.com\/wp-content\/uploads\/2025\/08\/fashion-accesories-2-768x430.jpg 768w, https:\/\/www.sisinternational.com\/wp-content\/uploads\/2025\/08\/fashion-accesories-2-18x10.jpg 18w\" sizes=\"auto, (max-width: 1456px) 100vw, 1456px\"><\/figure>\n\n\n\n<p><\/p>\n\n\n\n<ul class=\"wp-block-list\">\n<li>Graveur<\/li>\n\n\n\n<li>Qualit\u00e4tssicherungstechniker<\/li>\n\n\n\n<li>Poliermaschine<\/li>\n\n\n\n<li>Bankjuwelier<\/li>\n\n\n\n<li>Schlosser<\/li>\n\n\n\n<li>Goldschmied<\/li>\n\n\n\n<li>Filialleiter<\/li>\n\n\n\n<li>Verk\u00e4ufer<\/li>\n\n\n\n<li>Fachkraft f\u00fcr Einzelhandelsverkauf<\/li>\n\n\n\n<li>Juwelengutachter<\/li>\n\n\n\n<li>Schmuckdesigner<\/li>\n<\/ul>\n\n\n\n<h2 class=\"wp-block-heading\" id=\"why-businesses-need-jewelry-market-research\">Warum Unternehmen Marktforschung im Schmuckbereich ben\u00f6tigen<\/h2>\n\n\n\n<p>Informationen \u00fcber die Schmuckbranche, die durch Marktforschung gesammelt wurden, sowie verschiedene Strategien k\u00f6nnen f\u00fcr verschiedene Unternehmen sehr n\u00fctzlich sein. Zu diesen Unternehmen geh\u00f6ren die folgenden Sektoren:<\/p>\n\n\n\n<ul class=\"wp-block-list\">\n<li>Schmuckherstellungssektor<\/li>\n\n\n\n<li>Schmuckverkaufssektor<\/li>\n\n\n\n<li>Schmuck-E-Commerce-Sektor<\/li>\n\n\n\n<li>Private Verk\u00e4ufer<\/li>\n\n\n\n<li>Web-Influencer<\/li>\n<\/ul>\n\n\n\n<p><\/p>\n\n\n\n<!DOCTYPE html>\n<html lang=\"en\">\n<head>\n    <meta charset=\"UTF-8\">\n    <meta name=\"viewport\" content=\"width=device-width, initial-scale=1.0\">\n    <title>AI Blog Banner<\/title>\n    <style>\n        * {\n            margin: 0;\n            padding: 0;\n            box-sizing: border-box;\n        }\n\n        .banner {\n            position: relative;\n            width: 100%;\n            height: 350px;\n            overflow: hidden;\n            display: flex;\n            align-items: center;\n            justify-content: center;\n            font-family: 'Arial', sans-serif;\n            border-radius: 25px;\n        }\n\n        .animated-background {\n            position: absolute;\n            top: 0;\n            left: 0;\n            width: 100%;\n            height: 100%;\n            background: linear-gradient(45deg, #003f6b, #2d5a7b, #003f6b, #2d5a7b);\n            background-size: 400% 400%;\n            animation: gradientMove 8s ease-in-out infinite;\n        }\n\n        .ai-pattern {\n            position: absolute;\n            top: 0;\n            left: 0;\n            width: 100%;\n            height: 100%;\n            opacity: 0.1;\n            background-image: \n                radial-gradient(circle at 20% 20%, rgba(255,255,255,0.3) 2px, transparent 2px),\n                radial-gradient(circle at 80% 80%, rgba(255,255,255,0.2) 1px, transparent 1px),\n                radial-gradient(circle at 40% 60%, rgba(255,255,255,0.15) 1.5px, transparent 1.5px),\n                radial-gradient(circle at 60% 20%, rgba(255,255,255,0.25) 1px, transparent 1px),\n                radial-gradient(circle at 80% 40%, rgba(255,255,255,0.2) 2px, transparent 2px);\n            background-size: 100px 100px, 150px 150px, 80px 80px, 120px 120px, 90px 90px;\n            animation: patternFloat 12s linear infinite;\n        }\n\n        .neural-network {\n            position: absolute;\n            top: 0;\n            left: 0;\n            width: 100%;\n            height: 100%;\n            opacity: 0.08;\n        }\n\n        .neural-line {\n            position: absolute;\n            height: 1px;\n            background: linear-gradient(90deg, transparent, rgba(255,255,255,0.5), transparent);\n            animation: neuralPulse 6s ease-in-out infinite;\n        }\n\n        .neural-line:nth-child(1) {\n            top: 30%;\n            left: 0;\n            width: 60%;\n            animation-delay: 0s;\n        }\n\n        .neural-line:nth-child(2) {\n            top: 50%;\n            right: 0;\n            width: 70%;\n            animation-delay: 2s;\n        }\n\n        .neural-line:nth-child(3) {\n            top: 70%;\n            left: 20%;\n            width: 50%;\n            animation-delay: 4s;\n        }\n\n        .content {\n            position: relative;\n            z-index: 10;\n            text-align: center;\n            color: white !important;\n            max-width: 800px;\n            padding: 30px;\n        }\n\n        .content * {\n            color: white !important;\n        }\n\n        .cta-text {\n            font-size: 1.9rem;\n            font-weight: 700;\n            margin-bottom: 15px;\n            color: white !important;\n            background: linear-gradient(90deg, rgba(255,255,255,0.6), rgba(255,255,255,1), rgba(230,230,230,1), rgba(255,255,255,1), rgba(240,240,240,0.8), rgba(255,255,255,0.6));\n            background-size: 200% 100%;\n            -webkit-background-clip: text;\n            -webkit-text-fill-color: transparent;\n            background-clip: text;\n            animation: shineEffect 10s ease-in-out infinite;\n            line-height: 1.3;\n        }\n\n        .cta-subheading {\n            font-size: 1rem;\n            font-weight: 400;\n            margin-bottom: 25px;\n            color: white !important;\n            line-height: 1.6;\n            opacity: 0.95;\n        }\n\n        .cta-button {\n            background: linear-gradient(135deg, #8a6b0f, #bd9013, #d4a519);\n            border: 2px solid #8a6b0f;\n            color: white !important;\n            padding: 18px 40px;\n            font-size: 1.2rem;\n            font-weight: 600;\n            border-radius: 50px;\n            cursor: pointer;\n            transition: all 0.3s ease;\n            text-decoration: none;\n            display: inline-block;\n            position: relative;\n            overflow: hidden;\n        }\n\n        .cta-button::before {\n            content: '';\n            position: absolute;\n            top: 0;\n            left: -100%;\n            width: 100%;\n            height: 100%;\n            background: linear-gradient(90deg, \n                transparent 0%, \n                rgba(255, 255, 255, 0.3) 25%,\n                rgba(255, 255, 255, 0.6) 50%,\n                rgba(255, 255, 255, 0.3) 75%,\n                transparent 100%);\n            animation: shine 3s ease-in-out infinite;\n        }\n\n        .cta-button:hover {\n            transform: translateY(-3px);\n            box-shadow: 0 10px 25px rgba(0,0,0,0.2);\n            border-color: #bd9013;\n            background: linear-gradient(135deg, #bd9013, #d4a519, #e6b61f);\n        }\n\n        .floating-elements {\n            position: absolute;\n            top: 0;\n            left: 0;\n            width: 100%;\n            height: 100%;\n            pointer-events: none;\n        }\n\n        .floating-circle {\n            position: absolute;\n            border-radius: 50%;\n            background: rgba(255,255,255,0.1);\n            animation: float 8s ease-in-out infinite;\n        }\n\n        .floating-circle:nth-child(1) {\n            width: 80px;\n            height: 80px;\n            top: 20%;\n            left: 10%;\n            animation-delay: 0s;\n        }\n\n        .floating-circle:nth-child(2) {\n            width: 60px;\n            height: 60px;\n            top: 60%;\n            right: 15%;\n            animation-delay: 3s;\n        }\n\n        .floating-circle:nth-child(3) {\n            width: 40px;\n            height: 40px;\n            top: 80%;\n            left: 80%;\n            animation-delay: 6s;\n        }\n\n        .floating-circle:nth-child(4) {\n            width: 70px;\n            height: 70px;\n            top: 10%;\n            right: 20%;\n            animation-delay: 1.5s;\n        }\n\n        .floating-circle:nth-child(5) {\n            width: 50px;\n            height: 50px;\n            top: 75%;\n            left: 30%;\n            animation-delay: 4.5s;\n        }\n\n        @keyframes gradientMove {\n            0% { background-position: 0% 50%; }\n            25% { background-position: 100% 50%; }\n            50% { background-position: 100% 100%; }\n            75% { background-position: 0% 100%; }\n            100% { background-position: 0% 50%; }\n        }\n\n        @keyframes patternFloat {\n            0% { transform: translateX(0) translateY(0); }\n            33% { transform: translateX(30px) translateY(-20px); }\n            66% { transform: translateX(-20px) translateY(10px); }\n            100% { transform: translateX(0) translateY(0); }\n        }\n\n        @keyframes neuralPulse {\n            0%, 100% { opacity: 0.08; }\n            50% { opacity: 0.2; }\n        }\n\n        @keyframes shineEffect {\n            0% { background-position: 200% 0; }\n            100% { background-position: -200% 0; }\n        }\n\n        @keyframes shine {\n            0% {\n                left: -100%;\n            }\n            20%, 100% {\n                left: 100%;\n            }\n        }\n\n        @keyframes float {\n            0%, 100% { transform: translateY(0px) rotate(0deg); }\n            33% { transform: translateY(-30px) rotate(120deg); }\n            66% { transform: translateY(15px) rotate(240deg); }\n        }\n\n        @media (max-width: 768px) {\n            .banner {\n                height: 320px;\n                padding: 30px 0;\n            }\n            \n            .content {\n                padding: 40px 20px;\n            }\n            \n            .cta-text {\n                font-size: 1.3rem;\n                margin-bottom: 12px;\n            }\n            \n            .cta-subheading {\n                font-size: 0.85rem;\n                margin-bottom: 20px;\n            }\n            \n            .cta-button {\n                padding: 14px 28px;\n                font-size: 0.95rem;\n            }\n        }\n    <\/style>\n<\/head>\n<body>\n    <div class=\"banner\">\n        <div class=\"animated-background\"><\/div>\n        \n        <div class=\"ai-pattern\"><\/div>\n        \n        <div class=\"neural-network\">\n            <div class=\"neural-line\"><\/div>\n            <div class=\"neural-line\"><\/div>\n            <div class=\"neural-line\"><\/div>\n        <\/div>\n        \n        <div class=\"floating-elements\">\n            <div class=\"floating-circle\"><\/div>\n            <div class=\"floating-circle\"><\/div>\n            <div class=\"floating-circle\"><\/div>\n            <div class=\"floating-circle\"><\/div>\n            <div class=\"floating-circle\"><\/div>\n        <\/div>\n        \n        <div class=\"content\">\n            <div class=\"cta-text\">Ready to explore the insights that drive smarter decisions?<\/div>\n            <div class=\"cta-subheading\">Contact our Research experts today.<\/div>\n            <a href=\"mailto:Research@sisinternational.com\" class=\"cta-button\">Contact us now!<\/a>\n        <\/div>\n    <\/div>\n<\/body>\n<\/html>\n\n\n\n<p><\/p>\n\n\n\n<h2 class=\"wp-block-heading\" id=\"key-success-factors\">Schl\u00fcsselfaktoren f\u00fcr den Erfolg<\/h2>\n\n\n\n<p>Die Erfolgsfaktoren in der Schmuckmarktforschung sind denen in anderen Branchen sehr \u00e4hnlich. Das Sammeln von Daten und Informationen ist von gr\u00f6\u00dfter Bedeutung, da sie es Unternehmen erm\u00f6glichen, den Markt mit einem Vorsprung zu betreten. Marktforschung wird sorgf\u00e4ltig durchgef\u00fchrt, um g\u00fcltige und glaubw\u00fcrdige Informationen zu liefern.<\/p>\n\n\n\n<ul class=\"wp-block-list\">\n<li>Sammeln von Informationen zum Produkt<\/li>\n\n\n\n<li>Ergebnisse sammeln<\/li>\n\n\n\n<li>Vergleich der Ergebnisse nach Standorten (weltweit)<\/li>\n\n\n\n<li>Analyse der verschiedenen Wettbewerber auf dem Schmuckmarkt<\/li>\n<\/ul>\n\n\n\n<h2 class=\"wp-block-heading\" id=\"about-jewelry-market-research\">\u00dcber Schmuckmarktforschung<\/h2>\n\n\n\n<p>Schmuck spielt eine sehr wichtige Rolle in der Mode und den Br\u00e4uchen der modernen Gesellschaft. Die Schmuckmarktforschung sammelt zuverl\u00e4ssige Informationen und Daten. Sie ist ein sehr n\u00fctzliches Werkzeug f\u00fcr jeden, der fundierte Entscheidungen in Bezug auf Produktion, Verkauf, Marketing und Gesch\u00e4ftsplanung treffen m\u00f6chte.<\/p>\n\n\n<h2>Unser Standort in New York<\/h2>\n<p><!-- \/wp:post-content --> <!-- wp:html --> <iframe loading=\"lazy\" src=\"https:\/\/www.google.com\/maps\/embed?pb=!1m18!1m12!1m3!1d3022.976188376966!2d-73.99130312499956!3d40.740549471389315!2m3!1f0!2f0!3f0!3m2!1i1024!2i768!4f13.1!3m3!1m2!1s0x89c259a15798c731%3A0xd695d09bdd495f25!2s11%20E%2022nd%20St%20FL%202%2C%20New%20York%2C%20NY%2010010%2C%20USA!5e0!3m2!1sen!2spe!4v1726171763526!5m2!1sen!2spe\" width=\"600\" height=\"450\" allowfullscreen=\"allowfullscreen\" data-mce-fragment=\"1\"><\/iframe> <!-- \/wp:html --> <!-- wp:paragraph --><\/p>\n<h3 class=\"wp-block-heading\">11 E 22nd Street, Floor 2, New York, NY 10010 T: +1(212) 505-6805<\/h3>\n<hr \/>\n<h2><span style=\"font-weight: 400;\">\u00dcber SIS International<\/span><\/h2>\n<p><a href=\"https:\/\/www.sisinternational.com\/de\/\"><span style=\"font-weight: 400;\">SIS International<\/span><\/a><span style=\"font-weight: 400;\"> bietet quantitative, qualitative und strategische Forschung an. Wir liefern Daten, Tools, Strategien, Berichte und Erkenntnisse zur Entscheidungsfindung. Wir f\u00fchren auch Interviews, Umfragen, Fokusgruppen und andere Methoden und Ans\u00e4tze der Marktforschung durch.<\/span><a href=\"https:\/\/www.sisinternational.com\/de\/uber-sis-international-research\/contact-sis-international-market-research\/\"><span style=\"font-weight: 400;\"> Kontakt<\/span><\/a><span style=\"font-weight: 400;\"> f\u00fcr Ihr n\u00e4chstes Marktforschungsprojekt.<\/span><\/p>\n<p>\u00a0<\/p>","protected":false},"excerpt":{"rendered":"<p>Die Schmuckmarktforschung sammelt Informationen \u00fcber Schmuckarten und den Markteinfluss auf Herstellerunternehmen und private Verk\u00e4ufer.<\/p>","protected":false},"author":1,"featured_media":64623,"parent":14514,"menu_order":176,"comment_status":"closed","ping_status":"closed","template":"","meta":{"footnotes":""},"class_list":["post-41485","page","type-page","status-publish","has-post-thumbnail"],"_links":{"self":[{"href":"https:\/\/www.sisinternational.com\/de\/wp-json\/wp\/v2\/pages\/41485","targetHints":{"allow":["GET"]}}],"collection":[{"href":"https:\/\/www.sisinternational.com\/de\/wp-json\/wp\/v2\/pages"}],"about":[{"href":"https:\/\/www.sisinternational.com\/de\/wp-json\/wp\/v2\/types\/page"}],"author":[{"embeddable":true,"href":"https:\/\/www.sisinternational.com\/de\/wp-json\/wp\/v2\/users\/1"}],"replies":[{"embeddable":true,"href":"https:\/\/www.sisinternational.com\/de\/wp-json\/wp\/v2\/comments?post=41485"}],"version-history":[{"count":8,"href":"https:\/\/www.sisinternational.com\/de\/wp-json\/wp\/v2\/pages\/41485\/revisions"}],"predecessor-version":[{"id":81202,"href":"https:\/\/www.sisinternational.com\/de\/wp-json\/wp\/v2\/pages\/41485\/revisions\/81202"}],"up":[{"embeddable":true,"href":"https:\/\/www.sisinternational.com\/de\/wp-json\/wp\/v2\/pages\/14514"}],"wp:featuredmedia":[{"embeddable":true,"href":"https:\/\/www.sisinternational.com\/de\/wp-json\/wp\/v2\/media\/64623"}],"wp:attachment":[{"href":"https:\/\/www.sisinternational.com\/de\/wp-json\/wp\/v2\/media?parent=41485"}],"curies":[{"name":"wp","href":"https:\/\/api.w.org\/{rel}","templated":true}]}}