{"id":41475,"date":"2023-02-12T03:00:19","date_gmt":"2023-02-12T03:00:19","guid":{"rendered":"https:\/\/www.sisinternational.com\/?page_id=41475"},"modified":"2026-01-25T19:27:48","modified_gmt":"2026-01-26T00:27:48","slug":"marktforschung-zu-horverlust","status":"publish","type":"page","link":"https:\/\/www.sisinternational.com\/de\/sachverstand\/marktforschung-zu-horverlust\/","title":{"rendered":"Marktforschung zum Thema H\u00f6rverlust\u00a0 \u00a0"},"content":{"rendered":"<h1 class=\"wp-block-heading\">Marktforschung zum Thema H\u00f6rverlust<\/h1>\n\n\n\n<figure class=\"gb-block-image gb-block-image-c073b84e\"><img loading=\"lazy\" decoding=\"async\" width=\"1456\" height=\"816\" class=\"gb-image gb-image-c073b84e\" src=\"https:\/\/www.sisinternational.com\/wp-content\/uploads\/2025\/08\/Hearing-loss-1.jpg\" alt=\"SIS International Marktforschung &amp; Strategie\" title=\"Hearing loss (1)\" srcset=\"https:\/\/www.sisinternational.com\/wp-content\/uploads\/2025\/08\/Hearing-loss-1.jpg 1456w, https:\/\/www.sisinternational.com\/wp-content\/uploads\/2025\/08\/Hearing-loss-1-300x168.jpg 300w, https:\/\/www.sisinternational.com\/wp-content\/uploads\/2025\/08\/Hearing-loss-1-1024x574.jpg 1024w, https:\/\/www.sisinternational.com\/wp-content\/uploads\/2025\/08\/Hearing-loss-1-768x430.jpg 768w, https:\/\/www.sisinternational.com\/wp-content\/uploads\/2025\/08\/Hearing-loss-1-18x10.jpg 18w\" sizes=\"auto, (max-width: 1456px) 100vw, 1456px\"><\/figure>\n\n\n\n<p><\/p>\n\n\n\n<p>H\u00f6rverlust ist eine Abnahme der H\u00f6rwahrnehmung. Er kann verschiedene Ursachen haben, wie z. B. eine Sch\u00e4digung des Ohrs oder Innenohrs, L\u00e4rmbelastung, bestimmte Medikamente und Alterung. Leichter bis schwerer H\u00f6rverlust kann vor\u00fcbergehend oder dauerhaft sein. Zu den Symptomen eines H\u00f6rverlusts geh\u00f6ren Schwierigkeiten beim Verstehen von W\u00f6rtern, Schwierigkeiten beim H\u00f6ren in lauten Situationen und Klingeln oder Summen in den Ohren. H\u00f6rverlust kann auf verschiedene Weise behandelt werden, z. B. durch eine Operation, Cochlea-Implantate und H\u00f6rger\u00e4te.<\/p>\n\n\n\n<h2 class=\"wp-block-heading\">Vorteile eines Unternehmens, das Menschen mit H\u00f6rverlust hilft:<\/h2>\n\n\n\n<h3 class=\"wp-block-heading\">Die Marktforschung zum Thema H\u00f6rverlust bietet folgende Vorteile:<\/h3>\n\n\n\n<h3 class=\"wp-block-heading\">Pers\u00f6nlich lohnend<\/h3>\n\n\n\n<p>Die Gr\u00fcndung eines Unternehmens, das Dienstleistungen f\u00fcr H\u00f6rgesch\u00e4digte anbietet, kann pers\u00f6nlich lohnend sein, da der Gesch\u00e4ftsinhaber dadurch einen positiven Einfluss auf andere aus\u00fcben kann. Dies ist ideal f\u00fcr Unternehmer, die einen positiven Einfluss auf die Gemeinschaft aus\u00fcben m\u00f6chten.<\/p>\n\n\n\n<h3 class=\"wp-block-heading\">Konsistenter Markt<\/h3>\n\n\n\n<p>As the population ages and more people become affected by hearing loss, there is an increasing need for goods and services that can assist those with the condition. A number of entrepreneurs begin their ventures in the deaf community and then eventually <a href=\"https:\/\/www.sisinternational.com\/de\/erweiterung-der-marktreichweite-durch-eine-vielschichtige-marketingstrategie\/\" title=\"Erweiterung der Marktreichweite durch eine vielschichtige Marketingstrategie\"  data-wpil-monitor-id=\"8159\">expand into larger markets<\/a>.<\/p>\n\n\n\n<h3 class=\"wp-block-heading\">Erwartetes Wachstum<\/h3>\n\n\n\n<figure class=\"gb-block-image gb-block-image-3dc19364\"><img loading=\"lazy\" decoding=\"async\" width=\"1456\" height=\"816\" class=\"gb-image gb-image-3dc19364\" src=\"https:\/\/www.sisinternational.com\/wp-content\/uploads\/2025\/08\/Hearing-loss-5.jpg\" alt=\"SIS International Marktforschung &amp; Strategie\" title=\"Hearing loss (5)\" srcset=\"https:\/\/www.sisinternational.com\/wp-content\/uploads\/2025\/08\/Hearing-loss-5.jpg 1456w, https:\/\/www.sisinternational.com\/wp-content\/uploads\/2025\/08\/Hearing-loss-5-300x168.jpg 300w, https:\/\/www.sisinternational.com\/wp-content\/uploads\/2025\/08\/Hearing-loss-5-1024x574.jpg 1024w, https:\/\/www.sisinternational.com\/wp-content\/uploads\/2025\/08\/Hearing-loss-5-768x430.jpg 768w, https:\/\/www.sisinternational.com\/wp-content\/uploads\/2025\/08\/Hearing-loss-5-18x10.jpg 18w\" sizes=\"auto, (max-width: 1456px) 100vw, 1456px\"><\/figure>\n\n\n\n<p><\/p>\n\n\n\n<p>The hearing aid and <a href=\"https:\/\/www.sisinternational.com\/de\/sachverstand\/branchen\/marktforschung-fur-virtuelle-krankenpflegehelfer\/\" title=\"Marktforschung f\u00fcr virtuelle Pflegeassistenten\"  data-wpil-monitor-id=\"8160\">assistive technology market<\/a> is anticipated to increase; this projection provides financial opportunities for entrepreneurs in this field. Since the number of people with hearing loss is expected to increase over time, businesses that produce or sell assistive listening devices and offer audiology therapy can see an increase in demand. Additionally, companies that try to accommodate clients with hearing loss\u2014for example, by offering captioning or sign language interpretation\u2014might notice an increase in client loyalty and satisfaction.<\/p>\n\n\n\n<h3 class=\"wp-block-heading\">Schaffung von Arbeitspl\u00e4tzen<\/h3>\n\n\n\n<p>Durch die Gr\u00fcndung eines Unternehmens, das Dienstleistungen f\u00fcr Schwerh\u00f6rige anbietet, k\u00f6nnen Arbeitspl\u00e4tze f\u00fcr andere Menschen geschaffen werden, was wiederum das Wirtschaftswachstum f\u00f6rdert und den Lebensstandard aller steigert.<\/p>\n\n\n\n<h2 class=\"wp-block-heading\">Gesch\u00e4ftliche Herausforderungen und Chancen<\/h2>\n\n\n\n<p>It is helpful to perform <a href=\"https:\/\/www.sisinternational.com\/de\/sachverstand\/branchen\/marktforschung-zu-diatnahrung-und-gewichtsverlust\/\" title=\"Marktforschung f\u00fcr Di\u00e4tnahrung und Gewichtsabnahme\"  data-wpil-monitor-id=\"5661\">market research regarding hearing loss<\/a> to help verify information from an entrepreneurial perspective. The following are some of the challenges and opportunities:<\/p>\n\n\n\n<h3 class=\"wp-block-heading\">Herausforderungen<\/h3>\n\n\n\n<figure class=\"gb-block-image gb-block-image-9b81eb65\"><img loading=\"lazy\" decoding=\"async\" width=\"1456\" height=\"816\" class=\"gb-image gb-image-9b81eb65\" src=\"https:\/\/www.sisinternational.com\/wp-content\/uploads\/2025\/08\/Hearing-loss-3.jpg\" alt=\"SIS International Marktforschung &amp; Strategie\" title=\"Hearing loss (3)\" srcset=\"https:\/\/www.sisinternational.com\/wp-content\/uploads\/2025\/08\/Hearing-loss-3.jpg 1456w, https:\/\/www.sisinternational.com\/wp-content\/uploads\/2025\/08\/Hearing-loss-3-300x168.jpg 300w, https:\/\/www.sisinternational.com\/wp-content\/uploads\/2025\/08\/Hearing-loss-3-1024x574.jpg 1024w, https:\/\/www.sisinternational.com\/wp-content\/uploads\/2025\/08\/Hearing-loss-3-768x430.jpg 768w, https:\/\/www.sisinternational.com\/wp-content\/uploads\/2025\/08\/Hearing-loss-3-18x10.jpg 18w\" sizes=\"auto, (max-width: 1456px) 100vw, 1456px\"><\/figure>\n\n\n\n<p><\/p>\n\n\n\n<p>It may be challenging to stand out and draw clients when there are many other companies offering comparable goods and services. It might also be difficult to maintain prices low enough for customers to afford devices for people with hearing loss. Similarly,&nbsp; developing and producing new hearing aid technology can be costly, which may be a barrier for small businesses or start-ups. Access to resources including audiologists and other professionals may be restricted.<\/p>\n\n\n\n<p>Aufgrund der umfangreichen Regulierung der H\u00f6rger\u00e4te- und H\u00f6rhilfebranche kann es schwierig sein, rechtliche Schritte einzuleiten und die erforderlichen Zertifizierungen und Lizenzen zu erhalten. Dar\u00fcber hinaus kann es schwierig sein, Waren und Dienstleistungen bei Personen mit H\u00f6rverlust effektiv zu vermarkten, da diese m\u00f6glicherweise nicht \u00fcber die ihnen zur Verf\u00fcgung stehenden Optionen informiert sind.<\/p>\n\n\n\n<h3 class=\"wp-block-heading\">Gelegenheiten<\/h3>\n\n\n\n<p>There are many opportunities that exist in the field of hearing loss. It&#8217;s a growing area with new <a href=\"https:\/\/www.sisinternational.com\/de\/losungen\/bildungstechnologie-edtech-losungen\/\" title=\"L\u00f6sungen f\u00fcr Bildungstechnologie (EdTech)\"  data-wpil-monitor-id=\"8163\">technologies and solutions<\/a> emerging. The market for cutting-edge cochlear implants and hearing aids that offer better sound quality and connectivity to other devices is expanding. Technologies that can help people with hearing loss in specific situations, such as personal sound amplification items, are available on the <a href=\"https:\/\/www.sisinternational.com\/de\/sachverstand\/branchen\/marktforschung-fur-medizinische-gerate\/\" title=\"Marktforschung f\u00fcr medizinische Ger\u00e4te\"  data-wpil-monitor-id=\"8161\">market as assistive listening devices<\/a>.<\/p>\n\n\n\n<p>Also, <a href=\"https:\/\/www.sisinternational.com\/de\/losungen\/geschmackstest\/geschmackstestdienste-in-new-york\/\" title=\"Geschmackstest-Dienste in New York\"  data-wpil-monitor-id=\"8162\">services for testing<\/a> and evaluation of hearing are required in both clinical and non-clinical contexts. To diagnose, treat, and rehabilitate patients, audiologists and hearing healthcare specialists are needed. Hence, there is much potential for businesses to <a href=\"https:\/\/www.sisinternational.com\/de\/losungen\/fintech-strategieberatung-forschung\/marktforschung-fur-investmenttechnologien\/\" title=\"Marktforschung f\u00fcr Investmenttechnologien\"  data-wpil-monitor-id=\"8158\">invest in and market innovative technologies<\/a> and therapies in the field of hearing loss.<\/p>\n\n\n\n<h2 class=\"wp-block-heading\">\u00dcber Marktforschung zu H\u00f6rverlust<\/h2>\n\n\n\n<figure class=\"gb-block-image gb-block-image-747beacd\"><img loading=\"lazy\" decoding=\"async\" width=\"1456\" height=\"816\" class=\"gb-image gb-image-747beacd\" src=\"https:\/\/www.sisinternational.com\/wp-content\/uploads\/2025\/08\/Hearing-loss-4.jpg\" alt=\"SIS International Marktforschung &amp; Strategie\" title=\"Hearing loss (4)\" srcset=\"https:\/\/www.sisinternational.com\/wp-content\/uploads\/2025\/08\/Hearing-loss-4.jpg 1456w, https:\/\/www.sisinternational.com\/wp-content\/uploads\/2025\/08\/Hearing-loss-4-300x168.jpg 300w, https:\/\/www.sisinternational.com\/wp-content\/uploads\/2025\/08\/Hearing-loss-4-1024x574.jpg 1024w, https:\/\/www.sisinternational.com\/wp-content\/uploads\/2025\/08\/Hearing-loss-4-768x430.jpg 768w, https:\/\/www.sisinternational.com\/wp-content\/uploads\/2025\/08\/Hearing-loss-4-18x10.jpg 18w\" sizes=\"auto, (max-width: 1456px) 100vw, 1456px\"><\/figure>\n\n\n\n<p><\/p>\n\n\n\n<p>Information from <a href=\"https:\/\/www.sisinternational.com\/de\/kontaktieren-sie-sis-international-market-research\/\" title=\"Kontaktiere uns\"  data-wpil-monitor-id=\"8156\">SIS International Forschung<\/a>, both quantitative and qualitative, is accurate and timely. The introduction of corporate expansion strategies will be significantly more effective with the help of hearing loss market research. Focus groups, surveys, in-depth interviews, and other research techniques can all be carried out by <a href=\"https:\/\/www.sisinternational.com\/de\/ostern-und-der-unvermeidliche-schokoladenhase\/\" title=\"Ostermarktforschung\"  data-wpil-monitor-id=\"8157\">SIS<\/a>.<\/p>\n\n\n\n<p>SIS International bietet quantitative, qualitative und strategische Forschung an. Wir liefern Daten, Tools, Strategien, Berichte und Erkenntnisse zur Entscheidungsfindung. Wir f\u00fchren Interviews, Umfragen, Fokusgruppen und viele andere Methoden und Ans\u00e4tze der Marktforschung durch. Kontaktieren Sie uns f\u00fcr Ihr n\u00e4chstes Marktforschungsprojekt.<\/p>","protected":false},"excerpt":{"rendered":"<p>Es ist sinnvoll, Marktforschung zum Thema H\u00f6rverlust durchzuf\u00fchren, um Informationen aus unternehmerischer Sicht zu \u00fcberpr\u00fcfen.<\/p>","protected":false},"author":1,"featured_media":63689,"parent":14514,"menu_order":173,"comment_status":"closed","ping_status":"closed","template":"","meta":{"footnotes":""},"class_list":["post-41475","page","type-page","status-publish","has-post-thumbnail"],"_links":{"self":[{"href":"https:\/\/www.sisinternational.com\/de\/wp-json\/wp\/v2\/pages\/41475","targetHints":{"allow":["GET"]}}],"collection":[{"href":"https:\/\/www.sisinternational.com\/de\/wp-json\/wp\/v2\/pages"}],"about":[{"href":"https:\/\/www.sisinternational.com\/de\/wp-json\/wp\/v2\/types\/page"}],"author":[{"embeddable":true,"href":"https:\/\/www.sisinternational.com\/de\/wp-json\/wp\/v2\/users\/1"}],"replies":[{"embeddable":true,"href":"https:\/\/www.sisinternational.com\/de\/wp-json\/wp\/v2\/comments?post=41475"}],"version-history":[{"count":5,"href":"https:\/\/www.sisinternational.com\/de\/wp-json\/wp\/v2\/pages\/41475\/revisions"}],"predecessor-version":[{"id":81373,"href":"https:\/\/www.sisinternational.com\/de\/wp-json\/wp\/v2\/pages\/41475\/revisions\/81373"}],"up":[{"embeddable":true,"href":"https:\/\/www.sisinternational.com\/de\/wp-json\/wp\/v2\/pages\/14514"}],"wp:featuredmedia":[{"embeddable":true,"href":"https:\/\/www.sisinternational.com\/de\/wp-json\/wp\/v2\/media\/63689"}],"wp:attachment":[{"href":"https:\/\/www.sisinternational.com\/de\/wp-json\/wp\/v2\/media?parent=41475"}],"curies":[{"name":"wp","href":"https:\/\/api.w.org\/{rel}","templated":true}]}}