{"id":41471,"date":"2023-02-12T02:35:58","date_gmt":"2023-02-12T02:35:58","guid":{"rendered":"https:\/\/www.sisinternational.com\/?page_id=41471"},"modified":"2025-10-22T00:48:30","modified_gmt":"2025-10-22T04:48:30","slug":"gipsmarktforschung","status":"publish","type":"page","link":"https:\/\/www.sisinternational.com\/de\/sachverstand\/gipsmarktforschung\/","title":{"rendered":"Gips-Marktforschung"},"content":{"rendered":"<h1 class=\"wp-block-heading\">Gips-Marktforschung<\/h1>\n\n\n\n<figure class=\"gb-block-image gb-block-image-5b5d7f10\"><img loading=\"lazy\" decoding=\"async\" width=\"1456\" height=\"816\" class=\"gb-image gb-image-5b5d7f10\" src=\"https:\/\/www.sisinternational.com\/wp-content\/uploads\/2025\/10\/Gypsum-4.jpg\" alt=\"SIS International Marktforschung &amp; Strategie\" title=\"Gypsum (4)\" srcset=\"https:\/\/www.sisinternational.com\/wp-content\/uploads\/2025\/10\/Gypsum-4.jpg 1456w, https:\/\/www.sisinternational.com\/wp-content\/uploads\/2025\/10\/Gypsum-4-300x168.jpg 300w, https:\/\/www.sisinternational.com\/wp-content\/uploads\/2025\/10\/Gypsum-4-1024x574.jpg 1024w, https:\/\/www.sisinternational.com\/wp-content\/uploads\/2025\/10\/Gypsum-4-768x430.jpg 768w, https:\/\/www.sisinternational.com\/wp-content\/uploads\/2025\/10\/Gypsum-4-18x10.jpg 18w\" sizes=\"auto, (max-width: 1456px) 100vw, 1456px\"><\/figure>\n\n\n\n<p><\/p>\n\n\n\n<h2 class=\"wp-block-heading\">\u00dcber Gypsum Market Research<\/h2>\n\n\n\n<p>Gips ist ein sehr dynamisches Mineral mit Wachstumschancen auf dem Weltmarkt. Es generiert Milliardenums\u00e4tze pro Jahr und weckt das Interesse vieler Investoren. Die Einsatzm\u00f6glichkeiten von Gips sind vielf\u00e4ltig und umfassen die folgenden Anwendungen:<\/p>\n\n\n\n<ul class=\"wp-block-list\">\n<li>Die Bauindustrie<\/li>\n\n\n\n<li>Zahnheilkunde<\/li>\n\n\n\n<li>Landwirtschaft<\/li>\n\n\n\n<li>Skulptur und Kunst<\/li>\n\n\n\n<li>Design und Architektur<\/li>\n\n\n\n<li><a href=\"https:\/\/www.sisinternational.com\/de\/losungen\/marktforschung-fur-die-lebensmittel-und-getrankeindustrie\/\" title=\"Lebensmittel- und Getr\u00e4nkeindustrie Marktforschung\"  data-wpil-monitor-id=\"8521\">Nahrungsmittel-und Getr\u00e4nkeindustrie<\/a><\/li>\n<\/ul>\n\n\n\n<p>Gypsum is not only as a consumer product but also is a valuable natural resource. Therefore, its processing after <a href=\"https:\/\/www.sisinternational.com\/de\/sachverstand\/branchen\/marktforschung-zum-weltraumbergbau\/\" title=\"Marktforschung zum Weltraumbergbau\"  data-wpil-monitor-id=\"8526\">mining is a high-value market<\/a>. Gypsum&#8217;s broad impact on society makes it a commodity with both economic and social value.<\/p>\n\n\n\n<h2 class=\"wp-block-heading\">Was ist der globale Gipsmarkt<\/h2>\n\n\n\n<h3 class=\"wp-block-heading\">Im Vergleich zu anderen Edelmineralien ist die Verteilung der Gips produzierenden L\u00e4nder gr\u00f6\u00dfer. Die wichtigsten Gips produzierenden L\u00e4nder sind:<\/h3>\n\n\n\n<ul class=\"wp-block-list\">\n<li>China<\/li>\n\n\n\n<li>USA<\/li>\n\n\n\n<li>Iran<\/li>\n\n\n\n<li>Truthahn<\/li>\n\n\n\n<li>Spanien<\/li>\n\n\n\n<li>Thailand<\/li>\n\n\n\n<li>Japan<\/li>\n\n\n\n<li>Russische F\u00f6deration<\/li>\n\n\n\n<li>Mexiko<\/li>\n\n\n\n<li>Italien<\/li>\n<\/ul>\n\n\n\n<p>Eine solche geografische Ausbreitung ist vorteilhaft f\u00fcr die Nutzung von Gesch\u00e4ftsm\u00f6glichkeiten, da sie das Quasi-Monopol und die unfairen Praktiken gro\u00dfer H\u00e4ndler und K\u00e4ufer eliminiert. Die wachsende Marktgr\u00f6\u00dfe und das kontinuierliche Wachstum des Gipsmarktes machen ihn zu einem attraktiven Ziel.<\/p>\n\n\n\n<h2 class=\"wp-block-heading\">Warum Gips-Marktforschung wichtig ist<\/h2>\n\n\n\n<figure class=\"gb-block-image gb-block-image-946bab75\"><img loading=\"lazy\" decoding=\"async\" width=\"1456\" height=\"816\" class=\"gb-image gb-image-946bab75\" src=\"https:\/\/www.sisinternational.com\/wp-content\/uploads\/2025\/10\/Gypsum-2.jpg\" alt=\"SIS International Marktforschung &amp; Strategie\" title=\"Gypsum (2)\" srcset=\"https:\/\/www.sisinternational.com\/wp-content\/uploads\/2025\/10\/Gypsum-2.jpg 1456w, https:\/\/www.sisinternational.com\/wp-content\/uploads\/2025\/10\/Gypsum-2-300x168.jpg 300w, https:\/\/www.sisinternational.com\/wp-content\/uploads\/2025\/10\/Gypsum-2-1024x574.jpg 1024w, https:\/\/www.sisinternational.com\/wp-content\/uploads\/2025\/10\/Gypsum-2-768x430.jpg 768w, https:\/\/www.sisinternational.com\/wp-content\/uploads\/2025\/10\/Gypsum-2-18x10.jpg 18w\" sizes=\"auto, (max-width: 1456px) 100vw, 1456px\"><\/figure>\n\n\n\n<p><\/p>\n\n\n\n<p>Der <a href=\"https:\/\/www.sisinternational.com\/de\/losungen\/qualitative-quantitative-forschungslosungen\/chaid-analyse-marktforschung\/\" title=\"CHAID Analyse Marktforschung\"  data-wpil-monitor-id=\"8523\">analysis of the gypsum market<\/a> is of great importance to contemporary societies. The social utility of gypsum adds value to the research. The by-products of gypsum are essential components in a wide range of applications. The main products of gypsum are:<\/p>\n\n\n\n<ul class=\"wp-block-list\">\n<li>Trockenbau<\/li>\n\n\n\n<li>Gips<\/li>\n\n\n\n<li>Bausteine<\/li>\n\n\n\n<li>Gipsplatten<\/li>\n\n\n\n<li>Dentalgipse<\/li>\n\n\n\n<li>D\u00fcnger<\/li>\n<\/ul>\n\n\n\n<p>Die Vielf\u00e4ltigkeit der Verwendungsm\u00f6glichkeiten von Gips unterstreicht seine Bedeutung. Er ist die Grundlage f\u00fcr die Herstellung zahlreicher Werkstoffe, die in vielen Bereichen zum Einsatz kommen. Dazu z\u00e4hlen beispielsweise das Bauwesen, die Medizin und die Umwelt.<\/p>\n\n\n\n<h2 class=\"wp-block-heading\">Die Rolle von Gips im Bauwesen<\/h2>\n\n\n\n<p>The whole building industry would be different without gypsum. Most types of houses use dry construction for their foundations. At the same time, gypsum is a key <a href=\"https:\/\/www.sisinternational.com\/de\/sachverstand\/branchen\/marktforschung-fur-fortschrittliche-innenraummaterialien\/\" title=\"Marktforschung f\u00fcr fortschrittliche Innenraummaterialien\"  data-wpil-monitor-id=\"8527\">material for structuring the interior<\/a> of houses. It is used for ceilings and partitions, as a sound-absorbing, heat-resistant and damp-proofing material. The use of gypsum in the construction of houses guarantees the provision of high-quality services in the housing sector.<\/p>\n\n\n\n<h2 class=\"wp-block-heading\">Die Rolle von Gips in der Zahnheilkunde<\/h2>\n\n\n\n<p>Die Zahnheilkunde profitiert stark von der Verwendung von Gips. Viele Arten von Dentalprodukten verwenden Gips sowohl in mineralischer als auch in synthetischer Form. Dentalgipse und Dentalsteine enthalten Gips. Zahntechniker und Zahn\u00e4rzte verwenden ihn als unverzichtbares Material f\u00fcr ihre Arbeit. Dar\u00fcber hinaus wird Gips f\u00fcr verschiedene andere Dentalanwendungen verwendet, beispielsweise f\u00fcr Zahnprothesen, zur Herstellung von Formen und zur Modellierung der Mundanatomie des Patienten.<\/p>\n\n\n\n<h2 class=\"wp-block-heading\">Die Rolle von Gips in der Landwirtschaft<\/h2>\n\n\n\n<figure class=\"gb-block-image gb-block-image-540da710\"><img loading=\"lazy\" decoding=\"async\" width=\"1456\" height=\"816\" class=\"gb-image gb-image-540da710\" src=\"https:\/\/www.sisinternational.com\/wp-content\/uploads\/2025\/10\/Gypsum-3.jpg\" alt=\"SIS International Marktforschung &amp; Strategie\" title=\"Gypsum (3)\" srcset=\"https:\/\/www.sisinternational.com\/wp-content\/uploads\/2025\/10\/Gypsum-3.jpg 1456w, https:\/\/www.sisinternational.com\/wp-content\/uploads\/2025\/10\/Gypsum-3-300x168.jpg 300w, https:\/\/www.sisinternational.com\/wp-content\/uploads\/2025\/10\/Gypsum-3-1024x574.jpg 1024w, https:\/\/www.sisinternational.com\/wp-content\/uploads\/2025\/10\/Gypsum-3-768x430.jpg 768w, https:\/\/www.sisinternational.com\/wp-content\/uploads\/2025\/10\/Gypsum-3-18x10.jpg 18w\" sizes=\"auto, (max-width: 1456px) 100vw, 1456px\"><\/figure>\n\n\n\n<p><\/p>\n\n\n\n<p>Eine weitere n\u00fctzliche Anwendung von Gips ist die Landwirtschaft. Er dient als Zutat, die die Wasseraufnahme des Bodens erleichtert und seine Eigenschaften verbessert, was zur Produktion besserer Pflanzen, Gem\u00fcse und Fr\u00fcchte f\u00fchrt. Gips verhindert au\u00dferdem Bodenerosion, reduziert die Aluminiumtoxizit\u00e4t und ist ein hochwertiger D\u00fcnger. Die gesamte Lebensmittelindustrie bevorzugt die Verwendung von Gips in den ersten Phasen der Lebensmittelproduktion, w\u00e4hrend die B\u00fcrger vom Verzehr nahrhafter und gesunder Lebensmittel profitieren.<\/p>\n\n\n\n<h2 class=\"wp-block-heading\">Wichtige Berufsbezeichnungen<\/h2>\n\n\n\n<h3 class=\"wp-block-heading\">Mit der Gipsindustrie sind mehrere Schl\u00fcsselberufe verbunden:<\/h3>\n\n\n\n<ul class=\"wp-block-list\">\n<li>Bergbauingenieure<\/li>\n\n\n\n<li>Minenbetreiber<\/li>\n\n\n\n<li>Produktmanager<\/li>\n\n\n\n<li>Transportmanager<\/li>\n\n\n\n<li>Automatisierungs- und Steuerungsmanager<\/li>\n\n\n\n<li>Produktanalysten<\/li>\n\n\n\n<li>Lieferkettenkoordinatoren<\/li>\n<\/ul>\n\n\n\n<p>Der gesamte Prozess des Abbaus, der Verarbeitung und des Handels von Gips ist spezialisiert und sorgt sowohl f\u00fcr eine hohe Nachfrage als auch f\u00fcr die Bereitstellung gut bezahlter Arbeitspl\u00e4tze.<\/p>\n\n\n\n<p>Gypsum is a versatile product that benefits many key industries. Generating billions of dollars in annual revenue, it attracts the interest of investors and funds worldwide. The high value of gypsum is largely due to its high utility and demand. It is <a href=\"https:\/\/www.sisinternational.com\/de\/losungen\/fintech-strategieberatung-forschung\/algorithmischer-handel-marktforschung\/\" title=\"Algorithmischer Handel Marktforschung\"  data-wpil-monitor-id=\"8525\">traded on the stock market<\/a> and is seen by the business community as a viable and profitable asset. It is highly sustainable, non-toxic and therefore not harmful to humans. Gypsum&#8217;s main disadvantage is its short shelf life. This means that it must be made available quickly to the professionals who need to use it. Another minor drawback to consider is the environmental impact of drywall production, although it&#8217;s rather limited compared to the industrial process of other minerals. The overall picture of the gypsum <a href=\"https:\/\/www.sisinternational.com\/de\/losungen\/branding-und-kundenforschungslosungen\/marktforschung-zur-markenpositionierung\/\" title=\"Marktforschung zur Markenpositionierung\"  data-wpil-monitor-id=\"8528\">market is positive<\/a> showing optimistic growth potential.<\/p>\n\n\n\n<h2 class=\"wp-block-heading\">\u00dcber Gypsum Market Research<\/h2>\n\n\n\n<figure class=\"gb-block-image gb-block-image-7499262e\"><img loading=\"lazy\" decoding=\"async\" width=\"1456\" height=\"816\" class=\"gb-image gb-image-7499262e\" src=\"https:\/\/www.sisinternational.com\/wp-content\/uploads\/2025\/10\/Gypsum-1.jpg\" alt=\"SIS International Marktforschung &amp; Strategie\" title=\"Gypsum (1)\" srcset=\"https:\/\/www.sisinternational.com\/wp-content\/uploads\/2025\/10\/Gypsum-1.jpg 1456w, https:\/\/www.sisinternational.com\/wp-content\/uploads\/2025\/10\/Gypsum-1-300x168.jpg 300w, https:\/\/www.sisinternational.com\/wp-content\/uploads\/2025\/10\/Gypsum-1-1024x574.jpg 1024w, https:\/\/www.sisinternational.com\/wp-content\/uploads\/2025\/10\/Gypsum-1-768x430.jpg 768w, https:\/\/www.sisinternational.com\/wp-content\/uploads\/2025\/10\/Gypsum-1-18x10.jpg 18w\" sizes=\"auto, (max-width: 1456px) 100vw, 1456px\"><\/figure>\n\n\n\n<p><\/p>\n\n\n\n<p>SIS International offers Quantitative, Qualitative, and Strategy Research. We provide data, tools, strategies, reports, and insights for decision-making. We conduct interviews, surveys, focus groups, and many other <a href=\"https:\/\/www.sisinternational.com\/de\/quantitative-market-research-methods-and-techniques\/\" title=\"Quantitative Market Research Methods and Techniques\"  data-wpil-monitor-id=\"8517\">Market Research methods<\/a> and approaches. Contact us for your <a href=\"https:\/\/www.sisinternational.com\/de\/sachverstand\/branchen\/marktforschung-zu-technologien-der-nachsten-generation\/\" title=\"Marktforschung zu Technologien der n\u00e4chsten Generation\"  data-wpil-monitor-id=\"8519\">next Market Research<\/a> Projekt.<\/p>\n\n\n\n<p><\/p>","protected":false},"excerpt":{"rendered":"<p>Gips ist ein vielseitiges Produkt, das in vielen Schl\u00fcsselindustrien Anwendung findet. Es erwirtschaftet j\u00e4hrliche Ums\u00e4tze in Milliardenh\u00f6he und zieht Investoren aus aller Welt an.<\/p>","protected":false},"author":1,"featured_media":72089,"parent":14514,"menu_order":172,"comment_status":"closed","ping_status":"closed","template":"","meta":{"footnotes":""},"class_list":["post-41471","page","type-page","status-publish","has-post-thumbnail"],"_links":{"self":[{"href":"https:\/\/www.sisinternational.com\/de\/wp-json\/wp\/v2\/pages\/41471","targetHints":{"allow":["GET"]}}],"collection":[{"href":"https:\/\/www.sisinternational.com\/de\/wp-json\/wp\/v2\/pages"}],"about":[{"href":"https:\/\/www.sisinternational.com\/de\/wp-json\/wp\/v2\/types\/page"}],"author":[{"embeddable":true,"href":"https:\/\/www.sisinternational.com\/de\/wp-json\/wp\/v2\/users\/1"}],"replies":[{"embeddable":true,"href":"https:\/\/www.sisinternational.com\/de\/wp-json\/wp\/v2\/comments?post=41471"}],"version-history":[{"count":4,"href":"https:\/\/www.sisinternational.com\/de\/wp-json\/wp\/v2\/pages\/41471\/revisions"}],"predecessor-version":[{"id":81429,"href":"https:\/\/www.sisinternational.com\/de\/wp-json\/wp\/v2\/pages\/41471\/revisions\/81429"}],"up":[{"embeddable":true,"href":"https:\/\/www.sisinternational.com\/de\/wp-json\/wp\/v2\/pages\/14514"}],"wp:featuredmedia":[{"embeddable":true,"href":"https:\/\/www.sisinternational.com\/de\/wp-json\/wp\/v2\/media\/72089"}],"wp:attachment":[{"href":"https:\/\/www.sisinternational.com\/de\/wp-json\/wp\/v2\/media?parent=41471"}],"curies":[{"name":"wp","href":"https:\/\/api.w.org\/{rel}","templated":true}]}}