{"id":41468,"date":"2023-02-12T02:18:51","date_gmt":"2023-02-12T02:18:51","guid":{"rendered":"https:\/\/www.sisinternational.com\/?page_id=41468"},"modified":"2026-01-24T21:23:36","modified_gmt":"2026-01-25T02:23:36","slug":"marktforschung-fur-den-kraftstofftransport","status":"publish","type":"page","link":"https:\/\/www.sisinternational.com\/de\/sachverstand\/marktforschung-fur-den-kraftstofftransport\/","title":{"rendered":"Marktforschung f\u00fcr den Kraftstofftransport"},"content":{"rendered":"<h1 class=\"wp-block-heading\">Marktforschung f\u00fcr den Kraftstofftransport<\/h1>\n\n\n\n<figure class=\"gb-block-image gb-block-image-26992046\"><img loading=\"lazy\" decoding=\"async\" width=\"1456\" height=\"816\" class=\"gb-image gb-image-26992046\" src=\"https:\/\/www.sisinternational.com\/wp-content\/uploads\/2025\/08\/Aiirline-jetfuel-airplane-4.jpg\" alt=\"SIS International Marktforschung &amp; Strategie\" title=\"Aiirline jetfuel airplane (4)\" srcset=\"https:\/\/www.sisinternational.com\/wp-content\/uploads\/2025\/08\/Aiirline-jetfuel-airplane-4.jpg 1456w, https:\/\/www.sisinternational.com\/wp-content\/uploads\/2025\/08\/Aiirline-jetfuel-airplane-4-300x168.jpg 300w, https:\/\/www.sisinternational.com\/wp-content\/uploads\/2025\/08\/Aiirline-jetfuel-airplane-4-1024x574.jpg 1024w, https:\/\/www.sisinternational.com\/wp-content\/uploads\/2025\/08\/Aiirline-jetfuel-airplane-4-768x430.jpg 768w, https:\/\/www.sisinternational.com\/wp-content\/uploads\/2025\/08\/Aiirline-jetfuel-airplane-4-18x10.jpg 18w\" sizes=\"auto, (max-width: 1456px) 100vw, 1456px\"><\/figure>\n\n\n\n<p><\/p>\n\n\n\n<p>Ziel der Marktforschung f\u00fcr Transportkraftstoffe ist es, Daten zu den aktuellen Markttrends und Faktoren zu sammeln, die diese stetig wachsende Branche beeinflussen. Transportkraftstoffe werden in vielen Branchen ben\u00f6tigt, da sie Energiequellen f\u00fcr den Antrieb verschiedener Fahrzeuge sind.<\/p>\n\n\n\n<p>Die Marktforschung zum Kraftstofftransport liefert Erkenntnisse, die Branchenf\u00fchrern und Investoren, wichtigen Wirtschaftsakteuren und anderen Branchenteilnehmern bei wichtigen Entscheidungen helfen. Der Wert der Daten und Strategien in der Kraftstofftransportbranche ist aufgrund der Rolle der Branche im globalen Handel von entscheidender Bedeutung.<\/p>\n\n\n\n<h2 class=\"wp-block-heading\">Kraftstoff verstehen<\/h2>\n\n\n\n<p>Der Transportsektor umfasst Fahrzeuge, die von Verbrennungsmotoren angetrieben werden. Zu diesen Fahrzeugtypen geh\u00f6ren solche, die zum Transport und zur Bef\u00f6rderung von Personen und G\u00fctern zu Lande, zu Wasser oder in der Luft verwendet werden. Kraftstoff ist die Energiequelle, die zum Antrieb dieser Fahrzeugtypen verwendet wird.<\/p>\n\n\n\n<h3 class=\"wp-block-heading\">Transportkraftstoffe sind das Nebenprodukt der Gewinnung von Energiequellen wie Erd\u00f6l oder Roh\u00f6l, die einen Raffinationsprozess durchlaufen, damit sie in nutzbare Produkte umgewandelt werden k\u00f6nnen. Diese Kraftstoffe werden in die folgenden Typen eingeteilt:<\/h3>\n\n\n\n<p>Benzin \u2013 Dies ist der Kraftstoff, der haupts\u00e4chlich aus organischen Verbindungen wie Kohlenwasserstoffen aus Erd\u00f6l besteht. Es ist eine transparente und brennbare Fl\u00fcssigkeit, die haupts\u00e4chlich f\u00fcr Verbrennungsmotoren verwendet wird, die durch Funken gez\u00fcndet werden. Beispiele f\u00fcr diese Fahrzeuge sind Personenkraftwagen, Motorr\u00e4der, Gel\u00e4ndewagen und leichte Lastkraftwagen.<\/p>\n\n\n\n<p>Dieselkraftstoff \u2013 Hergestellt aus Biomasse und Roh\u00f6l. Dies ist die Kraftstoffart, die in Dieselmotoren verwendet wird. Dieselmotoren sind Verbrennungsmotoren, die im Gegensatz zu Benzinmotoren auch ohne Funken gez\u00fcndet werden k\u00f6nnen und zur Z\u00fcndung in einem Zylinder komprimierte W\u00e4rme verwenden. Dieselkraftstoff wird in verschiedenen Fahrzeugen, schweren Lastwagen, Maschinen und in Stromgeneratoren verwendet.<\/p>\n\n\n\n<p>D\u00fcsentreibstoff oder Flugturbinentreibstoff (ATF) \u2013 Wie der Name schon sagt, ist dies die Art von Treibstoff, die f\u00fcr Flugzeuge mit Gasturbinenantrieb verwendet wird. Diese Treibstoffarten bestehen aus \u00fcber zweitausend gemischten Chemikalien und k\u00f6nnen weiter unterteilt werden in D\u00fcsentreibstoff, der f\u00fcr Hubschrauber und D\u00fcsenflugzeuge verwendet wird, und Flugbenzin, das eine raffiniertere Form von Benzin sein kann und auch f\u00fcr einige Flugzeuge verwendet wird.<\/p>\n\n\n\n<h2 class=\"wp-block-heading\">Was ist Marktforschung f\u00fcr den Kraftstofftransport?<\/h2>\n\n\n\n<figure class=\"gb-block-image gb-block-image-65288676\"><img loading=\"lazy\" decoding=\"async\" width=\"1456\" height=\"816\" class=\"gb-image gb-image-65288676\" src=\"https:\/\/www.sisinternational.com\/wp-content\/uploads\/2025\/08\/Aiirline-jetfuel-airplane-8.jpg\" alt=\"SIS International Marktforschung &amp; Strategie\" title=\"Aiirline jetfuel airplane (8)\" srcset=\"https:\/\/www.sisinternational.com\/wp-content\/uploads\/2025\/08\/Aiirline-jetfuel-airplane-8.jpg 1456w, https:\/\/www.sisinternational.com\/wp-content\/uploads\/2025\/08\/Aiirline-jetfuel-airplane-8-300x168.jpg 300w, https:\/\/www.sisinternational.com\/wp-content\/uploads\/2025\/08\/Aiirline-jetfuel-airplane-8-1024x574.jpg 1024w, https:\/\/www.sisinternational.com\/wp-content\/uploads\/2025\/08\/Aiirline-jetfuel-airplane-8-768x430.jpg 768w, https:\/\/www.sisinternational.com\/wp-content\/uploads\/2025\/08\/Aiirline-jetfuel-airplane-8-18x10.jpg 18w\" sizes=\"auto, (max-width: 1456px) 100vw, 1456px\"><\/figure>\n\n\n\n<p><\/p>\n\n\n\n<p>The need for transportation fuels globally is increasing due to the demands of the growing population and industrialization. As the fuel transport market is expected to grow significantly in the coming years, Fuel <a href=\"https:\/\/www.sisinternational.com\/de\/krankentransport\/\" title=\"Marktforschung f\u00fcr Krankentransporte\"  data-wpil-monitor-id=\"2079\">Transport Market Research<\/a> provides insights such as:<\/p>\n\n\n\n<ul class=\"wp-block-list\">\n<li>Marktgr\u00f6\u00dfe und Wachstumsrate der verschiedenen Sektoren des Transportkraftstoffmarktes<\/li>\n\n\n\n<li>Marktgr\u00f6\u00dfe und Wachstumsrate in ausgew\u00e4hlten L\u00e4ndern<\/li>\n\n\n\n<li>Discovering the <a href=\"https:\/\/www.sisinternational.com\/de\/losungen\/qualitative-quantitative-forschungslosungen\/marktforschung-zu-menschlichen-faktoren\/\" title=\"Marktforschung zu menschlichen Faktoren\"  data-wpil-monitor-id=\"10210\">factors that will either drive market<\/a> growth or restrain it<\/li>\n\n\n\n<li>Finding out the key <a href=\"https:\/\/www.sisinternational.com\/de\/losungen\/strategieberatung\/marktchancenforschung\/\" title=\"Marktchancenforschung\"  data-wpil-monitor-id=\"10200\">opportunities in the transportation fuel market<\/a><\/li>\n\n\n\n<li>Data and <a href=\"https:\/\/www.sisinternational.com\/de\/so-konnen-sie-ihr-geschaft-ausbauen\/\" title=\"So k\u00f6nnen Sie Ihr Gesch\u00e4ft ausbauen\"  data-wpil-monitor-id=\"10191\">strategies<\/a> in the fuel transport industry can provide key business insights<\/li>\n\n\n\n<li>Understand the major developments in the industry to forecast <a href=\"https:\/\/www.sisinternational.com\/de\/future-trends-in-qualitative-market-research\/\" title=\"Future Trends in Qualitative Market Research\"  data-wpil-monitor-id=\"10193\">future trends and market<\/a> movement<\/li>\n\n\n\n<li>Sammeln Sie Informationen zu potenziellen neuen Produkten und den aktuellsten Updates und erschlie\u00dfen Sie unentdeckte Sektoren.<\/li>\n<\/ul>\n\n\n\n<h2 class=\"wp-block-heading\">Branchen, die von der Marktforschung zum Kraftstofftransport profitieren werden<\/h2>\n\n\n\n<h3 class=\"wp-block-heading\">Der weltweite Verbrauch von Kraftstoffen zeigt, wie wichtig dieser Markt f\u00fcr verschiedene Unternehmen und Branchen ist. Dazu geh\u00f6ren unter anderem die folgenden:<\/h3>\n\n\n\n<p>Landwirtschaft und Ern\u00e4hrung \u2013 Diese Branche ben\u00f6tigt Treibstoff, damit die Landwirte mit Hilfe von Maschinen Feldfr\u00fcchte anbauen k\u00f6nnen, die dann per Transport in verschiedene Teile der Welt verteilt werden.<\/p>\n\n\n\n<p>Gesundheitswesen \u2013 Die Gesundheitsbranche ist f\u00fcr ihre t\u00e4glichen Vorr\u00e4te, Medikamente und Ger\u00e4te und sogar f\u00fcr die Erbringung ihrer Dienstleistungen auf Transportdienste angewiesen.<\/p>\n\n\n\n<p>Bauwesen \u2013 In der Bauindustrie werden viele schwere Materialien verwendet, die von einem Ort zum anderen transportiert werden m\u00fcssen. Zu diesen Materialien geh\u00f6ren Holz, Zement, Metalle und mehr. Diese Materialien werden vor Ort ben\u00f6tigt, um die Struktur fertigzustellen, die repariert oder gebaut wird.<\/p>\n\n\n\n<p>Frachtindustrie und Kurierdienste \u2013 In den letzten Jahren hat diese Industrie eine wichtige Rolle beim Transport von Waren und verschiedenen Produkten gespielt, nicht nur f\u00fcr Unternehmen, sondern auch f\u00fcr den pers\u00f6nlichen Gebrauch. Der Einsatz von Lastwagen und Lieferfahrzeugen ist notwendig, um diese Produkte von einem Gebiet zum anderen zu transportieren.<\/p>\n\n\n\n<p>Superm\u00e4rkte \u2013 Lebensmittelgesch\u00e4fte und Superm\u00e4rkte sind auf die Lieferung von Waren und die Auff\u00fcllung frischer Produkte f\u00fcr ihre Kunden angewiesen. Um eine kontinuierliche Versorgung zu gew\u00e4hrleisten, ist Transport notwendig.<\/p>\n\n\n\n<h2 class=\"wp-block-heading\">Vorteile der Marktforschung f\u00fcr den Kraftstofftransport<\/h2>\n\n\n\n<figure class=\"gb-block-image gb-block-image-65ba5d5d\"><img loading=\"lazy\" decoding=\"async\" width=\"1456\" height=\"816\" class=\"gb-image gb-image-65ba5d5d\" src=\"https:\/\/www.sisinternational.com\/wp-content\/uploads\/2025\/08\/Aiirline-jetfuel-airplane-9.jpg\" alt=\"SIS International Marktforschung &amp; Strategie\" title=\"Aiirline jetfuel airplane (9)\" srcset=\"https:\/\/www.sisinternational.com\/wp-content\/uploads\/2025\/08\/Aiirline-jetfuel-airplane-9.jpg 1456w, https:\/\/www.sisinternational.com\/wp-content\/uploads\/2025\/08\/Aiirline-jetfuel-airplane-9-300x168.jpg 300w, https:\/\/www.sisinternational.com\/wp-content\/uploads\/2025\/08\/Aiirline-jetfuel-airplane-9-1024x574.jpg 1024w, https:\/\/www.sisinternational.com\/wp-content\/uploads\/2025\/08\/Aiirline-jetfuel-airplane-9-768x430.jpg 768w, https:\/\/www.sisinternational.com\/wp-content\/uploads\/2025\/08\/Aiirline-jetfuel-airplane-9-18x10.jpg 18w\" sizes=\"auto, (max-width: 1456px) 100vw, 1456px\"><\/figure>\n\n\n\n<p><\/p>\n\n\n\n<p>Dar\u00fcber hinaus liefert die Marktforschung zum Kraftstofftransport Erkenntnisse, die denjenigen von gro\u00dfem Nutzen sind, die wichtige Akteure in der Transportbranche sind oder planen, Teil davon zu werden. Die Daten und Strategien der Kraftstofftransportbranche k\u00f6nnen hilfreich sein, um die folgenden Ziele zu erreichen:<\/p>\n\n\n\n<ul class=\"wp-block-list\">\n<li>To come up with credible <a href=\"https:\/\/www.sisinternational.com\/de\/abdeckung\/marktforschung-afrika\/marktforschung-in-namibia\/\" title=\"Marktforschung in Namibia\"  data-wpil-monitor-id=\"3404\">research data that will impact marketing<\/a> forecasts of business and other relevant sectors.<\/li>\n\n\n\n<li>Klassifizierung der Forschungsziele. Dadurch soll sichergestellt werden, dass die gesammelten Informationen f\u00fcr den Zweck, f\u00fcr den sie ben\u00f6tigt werden, korrekt bereitgestellt werden.<\/li>\n\n\n\n<li>Assessing the data to provide helpful information on the impact of the <a href=\"https:\/\/www.sisinternational.com\/de\/sachverstand\/branchen\/marktforschung-fur-dusentreibstoff\/\" title=\"Marktforschung f\u00fcr D\u00fcsentreibstoff\"  data-wpil-monitor-id=\"10212\">fuel transport market<\/a> on the environment.<\/li>\n\n\n\n<li>To come up with <a href=\"https:\/\/www.sisinternational.com\/de\/losungen\/strategieberatung\/szenarioplanung\/\" title=\"Szenarioplanung Strategieberatung\"  data-wpil-monitor-id=\"10204\">strategies and plans<\/a> to utilize the use of fuel transport for profitability.<\/li>\n\n\n\n<li>Come up with a market share analysis that can be used by business and industry leaders when creating <a href=\"https:\/\/www.sisinternational.com\/de\/losungen\/strategieberatung\/nachfrageprognose-marktforschung\/\" title=\"Demand Forecasting Market Consulting\"  data-wpil-monitor-id=\"10197\">Marketing<\/a> plans and forecasting marketing revenue.<\/li>\n<\/ul>\n\n\n\n<h2 class=\"wp-block-heading\">Wer profitiert von der Marktforschung zum Kraftstofftransport?<\/h2>\n\n\n\n<p>Da die Kraftstofftransportbranche w\u00e4chst, kann man auch eine Zunahme ihrer Nutzung und ihres Einflusses auf andere Unternehmen beobachten. Die folgende Liste zeigt, wer am meisten von der Marktforschung zum Kraftstofftransport profitiert:<\/p>\n\n\n\n<ul class=\"wp-block-list\">\n<li>Investoren aus der Kraftstofftransportbranche<\/li>\n\n\n\n<li>Experten f\u00fcr Marktforschung im Kraftstofftransport<\/li>\n\n\n\n<li>Bestehende und neue Unternehmen, die auf Transport angewiesen sind<\/li>\n\n\n\n<li>Hersteller von Transportkraftstoffen<\/li>\n\n\n\n<li>\u00d6l- und Gasproduktionsunternehmen<\/li>\n\n\n\n<li>Umwelt- und Wirtschaftsforschungsinstitute<\/li>\n\n\n\n<li><a href=\"https:\/\/www.sisinternational.com\/de\/sachverstand\/branchen\/energiemarktforschung\/\" title=\"Energiemarktforschung\"  data-wpil-monitor-id=\"10207\">Market drivers in both Energy<\/a> and Transportation sectors<\/li>\n<\/ul>\n\n\n\n<h2 class=\"wp-block-heading\">\u00dcber Fuel Transport Market Research<\/h2>\n\n\n\n<figure class=\"gb-block-image gb-block-image-fec97b15\"><img loading=\"lazy\" decoding=\"async\" width=\"1456\" height=\"816\" class=\"gb-image gb-image-fec97b15\" src=\"https:\/\/www.sisinternational.com\/wp-content\/uploads\/2025\/08\/Aiirline-jetfuel-airplane-8.jpg\" alt=\"SIS International Marktforschung &amp; Strategie\" title=\"Aiirline jetfuel airplane (8)\" srcset=\"https:\/\/www.sisinternational.com\/wp-content\/uploads\/2025\/08\/Aiirline-jetfuel-airplane-8.jpg 1456w, https:\/\/www.sisinternational.com\/wp-content\/uploads\/2025\/08\/Aiirline-jetfuel-airplane-8-300x168.jpg 300w, https:\/\/www.sisinternational.com\/wp-content\/uploads\/2025\/08\/Aiirline-jetfuel-airplane-8-1024x574.jpg 1024w, https:\/\/www.sisinternational.com\/wp-content\/uploads\/2025\/08\/Aiirline-jetfuel-airplane-8-768x430.jpg 768w, https:\/\/www.sisinternational.com\/wp-content\/uploads\/2025\/08\/Aiirline-jetfuel-airplane-8-18x10.jpg 18w\" sizes=\"auto, (max-width: 1456px) 100vw, 1456px\"><\/figure>\n\n\n\n<p><\/p>\n\n\n\n<p>Durch den Einsatz bew\u00e4hrter Methoden in der Marktforschung zum Kraftstofftransport zur Erfassung der erforderlichen Informationen und Daten erhalten Unternehmensleiter und andere Investoren der Branche die umfassenden Einblicke, die sie f\u00fcr fundierte Entscheidungen ben\u00f6tigen. Die Daten und Strategien der Kraftstofftransportbranche erm\u00f6glichen es ihnen au\u00dferdem, Wege und M\u00f6glichkeiten zu finden, um Pl\u00e4ne zu entwickeln, die sowohl wirtschaftlich rentabel als auch \u00f6kologisch nachhaltig sind.<\/p>","protected":false},"excerpt":{"rendered":"<p>Kraftstoffe sind Energiequellen, die zum Antrieb verschiedener Fahrzeuge ben\u00f6tigt werden. Die Marktforschung zu Kraftstoffen im Transportbereich liefert der Branche wertvolle Einblicke.<\/p>","protected":false},"author":1,"featured_media":63147,"parent":14514,"menu_order":171,"comment_status":"closed","ping_status":"closed","template":"","meta":{"footnotes":""},"class_list":["post-41468","page","type-page","status-publish","has-post-thumbnail"],"_links":{"self":[{"href":"https:\/\/www.sisinternational.com\/de\/wp-json\/wp\/v2\/pages\/41468","targetHints":{"allow":["GET"]}}],"collection":[{"href":"https:\/\/www.sisinternational.com\/de\/wp-json\/wp\/v2\/pages"}],"about":[{"href":"https:\/\/www.sisinternational.com\/de\/wp-json\/wp\/v2\/types\/page"}],"author":[{"embeddable":true,"href":"https:\/\/www.sisinternational.com\/de\/wp-json\/wp\/v2\/users\/1"}],"replies":[{"embeddable":true,"href":"https:\/\/www.sisinternational.com\/de\/wp-json\/wp\/v2\/comments?post=41468"}],"version-history":[{"count":7,"href":"https:\/\/www.sisinternational.com\/de\/wp-json\/wp\/v2\/pages\/41468\/revisions"}],"predecessor-version":[{"id":81686,"href":"https:\/\/www.sisinternational.com\/de\/wp-json\/wp\/v2\/pages\/41468\/revisions\/81686"}],"up":[{"embeddable":true,"href":"https:\/\/www.sisinternational.com\/de\/wp-json\/wp\/v2\/pages\/14514"}],"wp:featuredmedia":[{"embeddable":true,"href":"https:\/\/www.sisinternational.com\/de\/wp-json\/wp\/v2\/media\/63147"}],"wp:attachment":[{"href":"https:\/\/www.sisinternational.com\/de\/wp-json\/wp\/v2\/media?parent=41468"}],"curies":[{"name":"wp","href":"https:\/\/api.w.org\/{rel}","templated":true}]}}