{"id":41464,"date":"2023-02-12T01:45:44","date_gmt":"2023-02-12T01:45:44","guid":{"rendered":"https:\/\/www.sisinternational.com\/?page_id=41464"},"modified":"2025-10-20T22:59:09","modified_gmt":"2025-10-21T02:59:09","slug":"extreme-persona-forschung","status":"publish","type":"page","link":"https:\/\/www.sisinternational.com\/de\/sachverstand\/extreme-persona-forschung\/","title":{"rendered":"Extreme Persona-Forschung"},"content":{"rendered":"<h1 class=\"wp-block-heading\">Extreme Persona-Forschung<\/h1>\n\n\n\n<figure class=\"gb-block-image gb-block-image-05813592\"><img loading=\"lazy\" decoding=\"async\" width=\"1456\" height=\"816\" class=\"gb-image gb-image-05813592\" src=\"https:\/\/www.sisinternational.com\/wp-content\/uploads\/2025\/08\/CEO-woman-business-woman-8.jpg\" alt=\"SIS International Marktforschung &amp; Strategie\" title=\"CEO woman business woman (8)\" srcset=\"https:\/\/www.sisinternational.com\/wp-content\/uploads\/2025\/08\/CEO-woman-business-woman-8.jpg 1456w, https:\/\/www.sisinternational.com\/wp-content\/uploads\/2025\/08\/CEO-woman-business-woman-8-300x168.jpg 300w, https:\/\/www.sisinternational.com\/wp-content\/uploads\/2025\/08\/CEO-woman-business-woman-8-1024x574.jpg 1024w, https:\/\/www.sisinternational.com\/wp-content\/uploads\/2025\/08\/CEO-woman-business-woman-8-768x430.jpg 768w, https:\/\/www.sisinternational.com\/wp-content\/uploads\/2025\/08\/CEO-woman-business-woman-8-18x10.jpg 18w\" sizes=\"auto, (max-width: 1456px) 100vw, 1456px\"><\/figure>\n\n\n\n<p><\/p>\n\n\n\n<p>Personas sind ein Werkzeug, mit dem fiktive Charaktere geschaffen werden. Forscher erstellen sie auf der Grundlage gemeinsamer Merkmale \u00e4hnlicher Personen. Auf diese Weise bilden sie einen Archetyp.<\/p>\n\n\n\n<p>Extreme Personas sind Archetypen von Menschen mit einzigartigen Merkmalen. Ein weiterer wichtiger Punkt ist, dass sie spezielle oder seltene Gruppen darstellen. Wir k\u00f6nnen drei Gruppen extremer Personas identifizieren:<\/p>\n\n\n\n<ol class=\"wp-block-list\">\n<li>Die Multi-Minderheit: Diese Persona ist eine Figur, die mehreren Gruppen angeh\u00f6rt. Jede dieser Gruppen ist eine Minderheit in der Gesellschaft. Die klassischste ist eine schwarze Frau, die auch lesbisch und behindert ist.<\/li>\n\n\n\n<li>Der harte Lebensl\u00e4ngliche: Diese Person hat eine gewaltt\u00e4tige und schwere Vergangenheit, die sich auf ihre Bed\u00fcrfnisse und ihr Verhalten auswirkt. Ein Beispiel ist ein verwitweter Vater. Dieser Vater hat au\u00dferdem Krebs \u00fcberlebt und arbeitet nachts f\u00fcr den Mindestlohn.<\/li>\n\n\n\n<li>Die toxische Persona: Diese Persona zeigt sch\u00e4dliches Verhalten. Sie projizieren dieses Verhalten auf die Produkte, die sie verwenden. Die drei bekanntesten Typen sind:<\/li>\n<\/ol>\n\n\n\n<ul class=\"wp-block-list\">\n<li>Der Hasser: Diese Persona l\u00e4sst ihrem \u00c4rger \u00fcber ein Produkt freien Lauf. Eine Unterklasse kann der Troll sein, der Spa\u00df daran hat, andere Benutzer zu \u00e4rgern.<\/li>\n\n\n\n<li>Der Perverse: Diese Nutzer missbrauchen Produkte, um ihrer Lust Ausdruck zu verleihen. Ein Beispiel sind M\u00e4nner, die LinkedIn als Flirtplattform nutzen.<\/li>\n\n\n\n<li>The Idiot: This persona doesn\u2019t understand anything about what they are doing. <a href=\"https:\/\/www.sisinternational.com\/de\/losungen\/branding-und-kundenforschungslosungen\/usability-tests-benutzer-ux-forschung\/\" title=\"Benutzermarktforschung und Usability-Tests\"  data-wpil-monitor-id=\"8502\">Marketers must consider this user<\/a> to ensure the system is safe and there is no way to endanger them.<\/li>\n<\/ul>\n\n\n\n<h2 class=\"wp-block-heading\">Warum ist die Extreme Persona-Forschung wichtig?<\/h2>\n\n\n\n<p>Personas breathe <a href=\"https:\/\/www.sisinternational.com\/de\/sachverstand\/branchen\/marktforschung-im-bereich-biowissenschaften\/\" title=\"Marktforschung im Bereich Biowissenschaften\"  data-wpil-monitor-id=\"8507\">life<\/a> into the cold facts of your research. Combine the people for whom you seek to design into a coherent whole. Create persona profiles of typical or extreme users. It will help you understand patterns in your research. Another benefit of creating personas is that it will help you ask the right questions. It will also enable you to answer them in line with the users you\u2019re designing for.<\/p>\n\n\n\n<h2 class=\"wp-block-heading\">Warum Unternehmen eine intensive Persona-Forschung ben\u00f6tigen<\/h2>\n\n\n\n<figure class=\"gb-block-image gb-block-image-d0a40522\"><img loading=\"lazy\" decoding=\"async\" width=\"1456\" height=\"816\" class=\"gb-image gb-image-d0a40522\" src=\"https:\/\/www.sisinternational.com\/wp-content\/uploads\/2025\/08\/CEO-woman-business-woman-10.jpg\" alt=\"SIS International Marktforschung &amp; Strategie\" title=\"CEO woman business woman (10)\" srcset=\"https:\/\/www.sisinternational.com\/wp-content\/uploads\/2025\/08\/CEO-woman-business-woman-10.jpg 1456w, https:\/\/www.sisinternational.com\/wp-content\/uploads\/2025\/08\/CEO-woman-business-woman-10-300x168.jpg 300w, https:\/\/www.sisinternational.com\/wp-content\/uploads\/2025\/08\/CEO-woman-business-woman-10-1024x574.jpg 1024w, https:\/\/www.sisinternational.com\/wp-content\/uploads\/2025\/08\/CEO-woman-business-woman-10-768x430.jpg 768w, https:\/\/www.sisinternational.com\/wp-content\/uploads\/2025\/08\/CEO-woman-business-woman-10-18x10.jpg 18w\" sizes=\"auto, (max-width: 1456px) 100vw, 1456px\"><\/figure>\n\n\n\n<p><\/p>\n\n\n\n<p>Personas can be helpful when well crafted to represent specific user cases. Furthermore, referring to them can allow a business to innovate in a direction that will enable it to thrive. Are you looking to <a href=\"https:\/\/www.sisinternational.com\/de\/losungen\/geschmackstest\/produkttestdienste-in-new-york\/\" title=\"Produkttestdienste in New York\"  data-wpil-monitor-id=\"8501\">test a new product or service<\/a>? First, see how it connects with the extreme personas before trying to market it. Once you adjust the results to consider external factors, you can use them to spot markets like yours.<\/p>\n\n\n\n<h3 class=\"wp-block-heading\">Schl\u00fcsselfaktoren f\u00fcr den Erfolg<\/h3>\n\n\n\n<p>It\u2019s not cheap to create personas that <a href=\"https:\/\/www.sisinternational.com\/de\/b2b\/\" title=\"Cost-Effective and Actionable Insights to Drive Your Next Strategic Move\"  data-wpil-monitor-id=\"8506\">drive real insights<\/a> and empathy, nor is it easy. While the list of success factors is a long one, these five are an excellent place to start:<\/p>\n\n\n\n<ol class=\"wp-block-list\">\n<li><a href=\"https:\/\/www.sisinternational.com\/de\/how-to-conduct-effective-desk-research\/\" title=\"How to Conduct Effective Desk Research\"  data-wpil-monitor-id=\"8504\">Conduct in-depth research<\/a>. Tony Zambito conducted the State of Buyer Personas 2015 survey several years ago. In his comments, he noted that only 15 percent of respondents used <a href=\"https:\/\/www.sisinternational.com\/de\/losungen\/qualitative-quantitative-forschungslosungen\/qualitative-forschung-rekrutierung\/\" title=\"Qualitative Forschung Rekrutierung\"  data-wpil-monitor-id=\"8503\">Qualitative in-depth research<\/a> to build their personas. Without meaningful, rich, research-driven insights, your extreme personas risk being one-dimensional. As a matter of fact, they can even be misleading.<\/li>\n\n\n\n<li>Stellen Sie echte Menschen dar. Fassen Sie Ihre extremen Pers\u00f6nlichkeiten in die Beschreibungen \u201eechter\u201c Menschen zusammen. Stellen Sie sie auf lebendige Weise dar, die Ihr Publikum anspricht.<\/li>\n\n\n\n<li>Informieren und validieren Sie Ihre extremen Personas mit Transaktions- oder Segmentierungsdaten. Interviews und Fokusgruppen bestimmen den Gro\u00dfteil des Persona-Inhalts. Die M\u00f6glichkeit, Segmentierungs- oder Transaktionsdaten hinzuzuf\u00fcgen, ist jedoch von entscheidender Bedeutung. Dies kann dazu beitragen, Ihre extremen Personas weiter zu informieren oder zu validieren.<\/li>\n\n\n\n<li>Stellen Sie sicher, dass Sie Ihre extremen Personas verwenden. Sie m\u00fcssen Ihre extremen Personas in kritischen Schritten in den Prozess integrieren. Verwenden Sie sie dann, um die Entscheidungsfindung zu informieren, zu \u00fcberpr\u00fcfen und zu validieren.<\/li>\n\n\n\n<li>Nutzen Sie Ihre extremen Personas. Sie k\u00f6nnen eine einzige, gut gestaltete extreme Persona in Ihrem gesamten Unternehmen nutzen. Verwenden Sie diese Persona f\u00fcr mehrere Journey-Mapping-Initiativen.<\/li>\n<\/ol>\n\n\n\n<h2 class=\"wp-block-heading\">\u00dcber Extreme Persona Research<\/h2>\n\n\n\n<figure class=\"gb-block-image gb-block-image-7b3c49bb\"><img loading=\"lazy\" decoding=\"async\" width=\"1456\" height=\"816\" class=\"gb-image gb-image-7b3c49bb\" src=\"https:\/\/www.sisinternational.com\/wp-content\/uploads\/2025\/08\/CEO-woman-business-woman-9.jpg\" alt=\"SIS International Marktforschung &amp; Strategie\" title=\"CEO woman business woman (9)\" srcset=\"https:\/\/www.sisinternational.com\/wp-content\/uploads\/2025\/08\/CEO-woman-business-woman-9.jpg 1456w, https:\/\/www.sisinternational.com\/wp-content\/uploads\/2025\/08\/CEO-woman-business-woman-9-300x168.jpg 300w, https:\/\/www.sisinternational.com\/wp-content\/uploads\/2025\/08\/CEO-woman-business-woman-9-1024x574.jpg 1024w, https:\/\/www.sisinternational.com\/wp-content\/uploads\/2025\/08\/CEO-woman-business-woman-9-768x430.jpg 768w, https:\/\/www.sisinternational.com\/wp-content\/uploads\/2025\/08\/CEO-woman-business-woman-9-18x10.jpg 18w\" sizes=\"auto, (max-width: 1456px) 100vw, 1456px\"><\/figure>\n\n\n\n<p><\/p>\n\n\n\n<p>Extreme <a href=\"https:\/\/www.sisinternational.com\/de\/losungen\/qualitative-quantitative-forschungslosungen\/buyer-persona-marktforschung\/\" title=\"L\u00f6sungen und Methoden zur Buyer Persona-Marktforschung\"  data-wpil-monitor-id=\"8500\">personas greatly benefit UX Market Research<\/a>, but marketers must be careful. They should only design a <a href=\"https:\/\/www.sisinternational.com\/de\/losungen\/geschmackstest\/product-testing-services\/\" title=\"Product Testing Services\"  data-wpil-monitor-id=\"8505\">product or service<\/a> that covers some user archetypes. Looking at extreme personas during the research is crucial. It will give you an external view of the project. Moreover, this view will take you out of the box and expand your creative character. Yet, it would be best if you never lost focus on what you\u2019re creating, for what, and for whom.<\/p>","protected":false},"excerpt":{"rendered":"<p>Extreme Personas sind Archetypen von Menschen mit einzigartigen Merkmalen. Ein weiterer wichtiger Punkt ist, dass sie spezielle oder seltene Gruppen repr\u00e4sentieren.<\/p>","protected":false},"author":1,"featured_media":64922,"parent":14514,"menu_order":170,"comment_status":"closed","ping_status":"closed","template":"","meta":{"footnotes":""},"class_list":["post-41464","page","type-page","status-publish","has-post-thumbnail"],"_links":{"self":[{"href":"https:\/\/www.sisinternational.com\/de\/wp-json\/wp\/v2\/pages\/41464","targetHints":{"allow":["GET"]}}],"collection":[{"href":"https:\/\/www.sisinternational.com\/de\/wp-json\/wp\/v2\/pages"}],"about":[{"href":"https:\/\/www.sisinternational.com\/de\/wp-json\/wp\/v2\/types\/page"}],"author":[{"embeddable":true,"href":"https:\/\/www.sisinternational.com\/de\/wp-json\/wp\/v2\/users\/1"}],"replies":[{"embeddable":true,"href":"https:\/\/www.sisinternational.com\/de\/wp-json\/wp\/v2\/comments?post=41464"}],"version-history":[{"count":4,"href":"https:\/\/www.sisinternational.com\/de\/wp-json\/wp\/v2\/pages\/41464\/revisions"}],"predecessor-version":[{"id":81427,"href":"https:\/\/www.sisinternational.com\/de\/wp-json\/wp\/v2\/pages\/41464\/revisions\/81427"}],"up":[{"embeddable":true,"href":"https:\/\/www.sisinternational.com\/de\/wp-json\/wp\/v2\/pages\/14514"}],"wp:featuredmedia":[{"embeddable":true,"href":"https:\/\/www.sisinternational.com\/de\/wp-json\/wp\/v2\/media\/64922"}],"wp:attachment":[{"href":"https:\/\/www.sisinternational.com\/de\/wp-json\/wp\/v2\/media?parent=41464"}],"curies":[{"name":"wp","href":"https:\/\/api.w.org\/{rel}","templated":true}]}}