{"id":41446,"date":"2023-02-11T23:54:58","date_gmt":"2023-02-11T23:54:58","guid":{"rendered":"https:\/\/www.sisinternational.com\/?page_id=41446"},"modified":"2025-10-20T16:58:48","modified_gmt":"2025-10-20T20:58:48","slug":"diversity-marktforschung","status":"publish","type":"page","link":"https:\/\/www.sisinternational.com\/de\/sachverstand\/diversity-marktforschung\/","title":{"rendered":"Diversity-Marktforschung"},"content":{"rendered":"<h1 class=\"wp-block-heading\">Diversity-Marktforschung<\/h1>\n\n\n\n<figure class=\"gb-block-image gb-block-image-6aa32912\"><img loading=\"lazy\" decoding=\"async\" width=\"1456\" height=\"816\" class=\"gb-image gb-image-6aa32912\" src=\"https:\/\/www.sisinternational.com\/wp-content\/uploads\/2025\/08\/Inclusion-diversity-2.jpg\" alt=\"SIS International Marktforschung &amp; Strategie\" title=\"Inclusion diversity (2)\" srcset=\"https:\/\/www.sisinternational.com\/wp-content\/uploads\/2025\/08\/Inclusion-diversity-2.jpg 1456w, https:\/\/www.sisinternational.com\/wp-content\/uploads\/2025\/08\/Inclusion-diversity-2-300x168.jpg 300w, https:\/\/www.sisinternational.com\/wp-content\/uploads\/2025\/08\/Inclusion-diversity-2-1024x574.jpg 1024w, https:\/\/www.sisinternational.com\/wp-content\/uploads\/2025\/08\/Inclusion-diversity-2-768x430.jpg 768w, https:\/\/www.sisinternational.com\/wp-content\/uploads\/2025\/08\/Inclusion-diversity-2-18x10.jpg 18w\" sizes=\"auto, (max-width: 1456px) 100vw, 1456px\"><\/figure>\n\n\n\n<p><\/p>\n\n\n\n<h2 class=\"wp-block-heading\">Was ist Diversit\u00e4t?<\/h2>\n\n\n\n<p>Diversity is all about demographics. For example, it looks at gender, age, ethnic background, race, sexual preference, and religion. Overall, it ushers people from different backgrounds together. Why? Because your research should reflect diversity. Your business must chiefly serve customers across various income levels, social strata, and ethnic groups. Yet, many companies need to achieve diversity in <a href=\"https:\/\/www.sisinternational.com\/de\/sachverstand\/lebenslaufe\/lebenslauf-mit-berufserfahrung-in-der-chemie-und-energiebranche\/\" title=\"Chemie- und Energiemarktforschungsunternehmen\"  data-wpil-monitor-id=\"8494\">Marktforschung<\/a>. Here\u2019s why it\u2019s crucial.<\/p>\n\n\n\n<p>When it comes to market research, diversity isn\u2019t a buzzword or a means to get positive PR. In fact, it is how you unlock <a href=\"https:\/\/www.sisinternational.com\/de\/focus-groups-that-deliver-real-voices-real-insight-real-advantage\/\" title=\"Focus Groups That Deliver Real Voices, Real Insight, Real Advantage\"  data-wpil-monitor-id=\"8495\">real business insights<\/a>. It can also get you products that are more <a href=\"https:\/\/www.sisinternational.com\/de\/sachverstand\/branchen\/diversitat-gleichberechtigung-inklusion-marktforschung\/\" title=\"Marktforschung zu Diversit\u00e4t, Gerechtigkeit und Inklusion\"  data-wpil-monitor-id=\"8497\">inclusive via higher-quality research<\/a> and more precise conclusions. You\u2019ll certainly gain more practical and precise knowledge of what your consumers like. With enough diversity in your buyer cross section, you\u2019ll feel the pulse of the broader market.<\/p>\n\n\n\n<h2 class=\"wp-block-heading\">Warum ist Diversity-Marktforschung wichtig?<\/h2>\n\n\n\n<p>Everyone\u2019s voice is heard when diversity is a <a href=\"https:\/\/www.sisinternational.com\/de\/losungen\/qualitative-quantitative-forschungslosungen\/marktforschung-zu-menschlichen-faktoren\/\" title=\"Marktforschung zu menschlichen Faktoren\"  data-wpil-monitor-id=\"8492\">factor in your market research<\/a>. <a href=\"https:\/\/www.sisinternational.com\/de\/sachverstand\/branchen\/markenmarktforschung\/\" title=\"Markenmarktforschung\"  data-wpil-monitor-id=\"8496\">Brands can connect with their target markets<\/a> \u2013 regardless of who their buyers are or where they live. Including diversity in your market research is more critical than ever. Brands must reflect diversity, especially as our world becomes more connected yet more diverse. They must include it in their messages to connect with a broader audience.<\/p>\n\n\n\n<h2 class=\"wp-block-heading\">Wichtige Berufsbezeichnungen<\/h2>\n\n\n\n<figure class=\"gb-block-image gb-block-image-7a1e5d9f\"><img loading=\"lazy\" decoding=\"async\" width=\"1456\" height=\"816\" class=\"gb-image gb-image-7a1e5d9f\" src=\"https:\/\/www.sisinternational.com\/wp-content\/uploads\/2025\/08\/Inclusion-diversity-1.jpg\" alt=\"SIS International Marktforschung &amp; Strategie\" title=\"Inclusion diversity (1)\" srcset=\"https:\/\/www.sisinternational.com\/wp-content\/uploads\/2025\/08\/Inclusion-diversity-1.jpg 1456w, https:\/\/www.sisinternational.com\/wp-content\/uploads\/2025\/08\/Inclusion-diversity-1-300x168.jpg 300w, https:\/\/www.sisinternational.com\/wp-content\/uploads\/2025\/08\/Inclusion-diversity-1-1024x574.jpg 1024w, https:\/\/www.sisinternational.com\/wp-content\/uploads\/2025\/08\/Inclusion-diversity-1-768x430.jpg 768w, https:\/\/www.sisinternational.com\/wp-content\/uploads\/2025\/08\/Inclusion-diversity-1-18x10.jpg 18w\" sizes=\"auto, (max-width: 1456px) 100vw, 1456px\"><\/figure>\n\n\n\n<p><\/p>\n\n\n\n<p>Man kann sich auf verschiedene Stellen im Bereich Diversit\u00e4t, Gleichberechtigung und Inklusion (DEI) bewerben. Um es klarzustellen: Es handelt sich um ein neues Berufsfeld. Dar\u00fcber hinaus sind DEI-Jobs derzeit sehr gefragt und f\u00fcr die meisten Bewerber m\u00f6glicherweise schwer zu bekommen. Hier sind einige DEI-Berufsbezeichnungen:<\/p>\n\n\n\n<ul class=\"wp-block-list\">\n<li>Chief Diversity-Beauftragter\n<ul class=\"wp-block-list\">\n<li>Leitender DEI-Beauftragter<\/li>\n\n\n\n<li>Kulturbeauftragter<\/li>\n<\/ul>\n<\/li>\n\n\n\n<li>Vizepr\u00e4sident von DEI\n<ul class=\"wp-block-list\">\n<li>Vizepr\u00e4sident f\u00fcr Kultur<\/li>\n\n\n\n<li>Direktorin f\u00fcr Kultur<\/li>\n\n\n\n<li>Direktor f\u00fcr Lieferantenvielfalt<\/li>\n\n\n\n<li>DEI-Leiter<\/li>\n<\/ul>\n<\/li>\n\n\n\n<li>Diversity (oder Inklusions-)Manager\n<ul class=\"wp-block-list\">\n<li>DEI-Manager<\/li>\n\n\n\n<li>Diversity-Programmmanager<\/li>\n\n\n\n<li>Manager f\u00fcr Besch\u00e4ftigungsgerechtigkeit<\/li>\n\n\n\n<li>Kulturmanager<\/li>\n\n\n\n<li>Lieferantenvielfaltsmanager<\/li>\n<\/ul>\n<\/li>\n\n\n\n<li>Einzelne Mitwirkende\n<ul class=\"wp-block-list\">\n<li>Diversity-Koordinatorin<\/li>\n\n\n\n<li>Diversity Business Partner<\/li>\n\n\n\n<li>Diversity-Berater<\/li>\n\n\n\n<li>Diversity Trainer<\/li>\n\n\n\n<li>Inklusionsspezialistin<\/li>\n\n\n\n<li>Auditor f\u00fcr Gleichstellung und Vielfalt<\/li>\n\n\n\n<li>DEI-Analyst<\/li>\n<\/ul>\n<\/li>\n\n\n\n<li>Einstiegslevel\n<ul class=\"wp-block-list\">\n<li>Diversity-Assistentin<\/li>\n\n\n\n<li>DEI-Praktikant<\/li>\n\n\n\n<li>Assistentin f\u00fcr Diversity-Programm<\/li>\n\n\n\n<li>Praktikant f\u00fcr Diversity-Initiativen<\/li>\n<\/ul>\n<\/li>\n<\/ul>\n\n\n\n<h2 class=\"wp-block-heading\">Warum Unternehmen Marktforschung zur Diversit\u00e4t brauchen<\/h2>\n\n\n\n<p>When Diversity is part of your company\u2019s culture, you start to notice things. For example, it gives you insights that would have slipped by with a less inclusive strategy. You also gain access to abundant and more useful data. In addition, it helps you understand your target audience. It also helps you see the big picture and not just a small and limited view. For instance, should you concentrate on widening your research to cover a broader range of people? Because it will boost your results and give you the edge over those who <a href=\"https:\/\/www.sisinternational.com\/de\/losungen\/fokusgruppen-marktforschung\/\" title=\"Fokusgruppe Marktforschung\"  data-wpil-monitor-id=\"8498\">focus on the same markets<\/a>.<\/p>\n\n\n\n<h2 class=\"wp-block-heading\">Schl\u00fcsselfaktoren f\u00fcr den Erfolg<\/h2>\n\n\n\n<figure class=\"gb-block-image gb-block-image-852f344f\"><img loading=\"lazy\" decoding=\"async\" width=\"1456\" height=\"816\" class=\"gb-image gb-image-852f344f\" src=\"https:\/\/www.sisinternational.com\/wp-content\/uploads\/2025\/08\/Inclusion-diversity-4.jpg\" alt=\"SIS International Marktforschung &amp; Strategie\" title=\"Inclusion diversity (4)\" srcset=\"https:\/\/www.sisinternational.com\/wp-content\/uploads\/2025\/08\/Inclusion-diversity-4.jpg 1456w, https:\/\/www.sisinternational.com\/wp-content\/uploads\/2025\/08\/Inclusion-diversity-4-300x168.jpg 300w, https:\/\/www.sisinternational.com\/wp-content\/uploads\/2025\/08\/Inclusion-diversity-4-1024x574.jpg 1024w, https:\/\/www.sisinternational.com\/wp-content\/uploads\/2025\/08\/Inclusion-diversity-4-768x430.jpg 768w, https:\/\/www.sisinternational.com\/wp-content\/uploads\/2025\/08\/Inclusion-diversity-4-18x10.jpg 18w\" sizes=\"auto, (max-width: 1456px) 100vw, 1456px\"><\/figure>\n\n\n\n<p><\/p>\n\n\n\n<p>1. Engagierte F\u00fchrungskr\u00e4fte. Die Leute an der Spitze m\u00fcssen handeln und sprechen, um die Ansicht zu bekr\u00e4ftigen, dass DEI unerl\u00e4sslich ist, sonst k\u00f6nnten andere sich dagegen str\u00e4uben oder es vermeiden. Tats\u00e4chlich sind weitaus mehr Ver\u00e4nderungen m\u00f6glich, wenn sich die Leute an der Spitze der Agenda verschreiben.<\/p>\n\n\n\n<p>2. Ein gut durchdachter Ansatz. F\u00fchrungskr\u00e4fte m\u00fcssen DEI im selben Licht sehen wie \u201eChange Management\u201c und \u201eKulturwandel\u201c. Sie m\u00fcssen konsequent sein, denn es ist nicht nur eine \u201eInitiative\u201c.<\/p>\n\n\n\n<p>3. Messbarkeit. Ihre DEI-Bem\u00fchungen sollten sowohl quantitativ als auch qualitativ sein. Sie k\u00f6nnen Feedback erhalten, indem Sie Tools wie Engagement-Umfragen verwenden. Sie k\u00f6nnen auch regelm\u00e4\u00dfige Manager-\/Teammitglieder-Meetings durchf\u00fchren.<\/p>\n\n\n\n<p>4. Verantwortlichkeit. Machen Sie Ihre wichtigen Mitarbeiter f\u00fcr die Erreichung von DEI verantwortlich. Das gibt ihnen den Anreiz, die von Ihnen festgelegten Kennzahlen zu erreichen.<\/p>\n\n\n\n<h2 class=\"wp-block-heading\">\u00dcber Diversity Market Research<\/h2>\n\n\n\n<p>We take the time to understand the brands we work with at SIS International. In addition, we carry out targeted and bespoke recruitment campaigns. Thus, we source the best possible participants who deliver <a href=\"https:\/\/www.sisinternational.com\/de\/sachverstand\/branchen\/marktforschung-zu-naturlichen-ressourcen\/\" title=\"Marktforschung f\u00fcr nat\u00fcrliche Ressourcen\"  data-wpil-monitor-id=\"8499\">natural diversity in research<\/a>. We get to know the objectives of your study in detail. In other words, we\u2019ll get familiar with what you\u2019re trying to achieve, and why. Not to mention, we can find the best <a href=\"https:\/\/www.sisinternational.com\/de\/losungen\/schwerpunktgruppen\/nehmen-sie-an-fokusgruppen-teil\/\" title=\"Nehmen Sie an Fokusgruppen teil\"  data-wpil-monitor-id=\"8490\">participants for your Focus Groups<\/a> and other Market Research. Get peace of mind. Know that SIS is conducting your fieldwork to the highest possible standards.<\/p>","protected":false},"excerpt":{"rendered":"<p>Die Marktforschung zur Diversit\u00e4t liefert echte Gesch\u00e4ftseinblicke. Dabei werden Geschlecht, Alter, ethnische Herkunft, Rasse, sexuelle Orientierung und Religion ber\u00fccksichtigt.<\/p>","protected":false},"author":1,"featured_media":64809,"parent":14514,"menu_order":168,"comment_status":"closed","ping_status":"closed","template":"","meta":{"footnotes":""},"class_list":["post-41446","page","type-page","status-publish","has-post-thumbnail"],"_links":{"self":[{"href":"https:\/\/www.sisinternational.com\/de\/wp-json\/wp\/v2\/pages\/41446","targetHints":{"allow":["GET"]}}],"collection":[{"href":"https:\/\/www.sisinternational.com\/de\/wp-json\/wp\/v2\/pages"}],"about":[{"href":"https:\/\/www.sisinternational.com\/de\/wp-json\/wp\/v2\/types\/page"}],"author":[{"embeddable":true,"href":"https:\/\/www.sisinternational.com\/de\/wp-json\/wp\/v2\/users\/1"}],"replies":[{"embeddable":true,"href":"https:\/\/www.sisinternational.com\/de\/wp-json\/wp\/v2\/comments?post=41446"}],"version-history":[{"count":4,"href":"https:\/\/www.sisinternational.com\/de\/wp-json\/wp\/v2\/pages\/41446\/revisions"}],"predecessor-version":[{"id":81426,"href":"https:\/\/www.sisinternational.com\/de\/wp-json\/wp\/v2\/pages\/41446\/revisions\/81426"}],"up":[{"embeddable":true,"href":"https:\/\/www.sisinternational.com\/de\/wp-json\/wp\/v2\/pages\/14514"}],"wp:featuredmedia":[{"embeddable":true,"href":"https:\/\/www.sisinternational.com\/de\/wp-json\/wp\/v2\/media\/64809"}],"wp:attachment":[{"href":"https:\/\/www.sisinternational.com\/de\/wp-json\/wp\/v2\/media?parent=41446"}],"curies":[{"name":"wp","href":"https:\/\/api.w.org\/{rel}","templated":true}]}}