{"id":41443,"date":"2023-02-11T23:42:51","date_gmt":"2023-02-11T23:42:51","guid":{"rendered":"https:\/\/www.sisinternational.com\/?page_id=41443"},"modified":"2026-01-24T17:54:21","modified_gmt":"2026-01-24T22:54:21","slug":"digitale-persona-marktforschung","status":"publish","type":"page","link":"https:\/\/www.sisinternational.com\/de\/sachverstand\/digitale-persona-marktforschung\/","title":{"rendered":"Marktforschung f\u00fcr digitale Personen"},"content":{"rendered":"<h1 class=\"wp-block-heading\">Marktforschung f\u00fcr digitale Personen<\/h1>\n\n\n\n<figure class=\"gb-block-image gb-block-image-1598a2f9\"><img loading=\"lazy\" decoding=\"async\" width=\"1456\" height=\"816\" class=\"gb-image gb-image-1598a2f9\" src=\"https:\/\/www.sisinternational.com\/wp-content\/uploads\/2025\/10\/Fingerprint-4.jpg\" alt=\"SIS International Marktforschung &amp; Strategie\" title=\"Fingerprint (4)\" srcset=\"https:\/\/www.sisinternational.com\/wp-content\/uploads\/2025\/10\/Fingerprint-4.jpg 1456w, https:\/\/www.sisinternational.com\/wp-content\/uploads\/2025\/10\/Fingerprint-4-300x168.jpg 300w, https:\/\/www.sisinternational.com\/wp-content\/uploads\/2025\/10\/Fingerprint-4-1024x574.jpg 1024w, https:\/\/www.sisinternational.com\/wp-content\/uploads\/2025\/10\/Fingerprint-4-768x430.jpg 768w, https:\/\/www.sisinternational.com\/wp-content\/uploads\/2025\/10\/Fingerprint-4-18x10.jpg 18w\" sizes=\"auto, (max-width: 1456px) 100vw, 1456px\"><\/figure>\n\n\n\n<p><\/p>\n\n\n\n<h2 class=\"wp-block-heading\">Was ist eine digitale Persona?<\/h2>\n\n\n\n<p>Eine digitale Persona ist die digitale Version der pers\u00f6nlichen Daten einer Person. Manchmal erstellt der Benutzer sie. In anderen F\u00e4llen sammelt das Unternehmen sie ohne das Wissen des Benutzers. Benutzer erstellen beispielsweise eine digitale Persona mit einem Google Voice-Konto. Um die Sicherheit zu erh\u00f6hen, leitet dieses Konto Anrufe an ihre private Nummer weiter. Tats\u00e4chlich hat jede Person, die das Internet nutzt, eine digitale Persona, die von Dritten erstellt wurde. Diese Dritten leiten sie aus ihren Social-Media-Posts und ihrem Surfverlauf im Internet ab.<\/p>\n\n\n\n<p>You can portray your product, brand, or firm with a Digital Persona, used as though it were a person. It further reflects your outlook and style. Doing Surveys and Interviews and forming Focus Groups are some of the steps you\u2019ll need to take. These <a href=\"https:\/\/www.sisinternational.com\/de\/sachverstand\/branchen\/deep-learning-marktforschung\/\" title=\"Deep Learning Marktforschung\"  data-wpil-monitor-id=\"10324\">Market Research tools help you learn<\/a> about your current audience. Another merit of Digital Personas is that they show you how your users view your online presence. By the same token, these insights help ensure that your Digital Personas match your users. They should also reflect your company.<\/p>\n\n\n\n<h2 class=\"wp-block-heading\">Warum sind digitale Personas wichtig?<\/h2>\n\n\n\n<p>Durch die Erstellung von Personas k\u00f6nnen Sie das Beste aus Ihren digitalen Marketingkampagnen herausholen. Somit f\u00fchrt dieser Schritt zu h\u00f6heren Ums\u00e4tzen. Wie helfen Ihnen digitale Personas, dieses Ziel zu erreichen?<\/p>\n\n\n\n<ol class=\"wp-block-list\">\n<li>Digitale Personas helfen Ihnen, den richtigen Verkehr auf Ihre Website zu lenken<\/li>\n\n\n\n<li>Sie helfen Ihnen, Ihren Marketingfokus einzugrenzen<\/li>\n\n\n\n<li>Sie helfen Ihnen auch, in Ihrem digitalen Marketing konsistent zu sein<\/li>\n<\/ol>\n\n\n\n<p>Digital <a href=\"https:\/\/www.sisinternational.com\/de\/sachverstand\/branchen\/extreme-persona-forschung\/\" title=\"Extreme Persona-Forschung\"  data-wpil-monitor-id=\"3358\">Personas are crucial for UX Market Research<\/a>. They help content strategists, marketers, as well as product <a href=\"https:\/\/www.sisinternational.com\/de\/losungen\/erschliesung-neuer-kundensegmente\/\" title=\"Entwicklung neuer Kundensegmente\"  data-wpil-monitor-id=\"10329\">development teams to know their customers<\/a>. In that way, it makes it easier to segment them. Teams can create products and content tailored to the mindset of their audience. Setting up personas is the key. It all leads to encounters that put the customer first.<\/p>\n\n\n\n<h2 class=\"wp-block-heading\">Warum Unternehmen Marktforschung zu digitalen Personas ben\u00f6tigen<\/h2>\n\n\n\n<figure class=\"gb-block-image gb-block-image-bb5d6d1b\"><img loading=\"lazy\" decoding=\"async\" width=\"1456\" height=\"816\" class=\"gb-image gb-image-bb5d6d1b\" src=\"https:\/\/www.sisinternational.com\/wp-content\/uploads\/2025\/10\/Fingerprint-2.jpg\" alt=\"SIS International Marktforschung &amp; Strategie\" title=\"Fingerprint (2)\" srcset=\"https:\/\/www.sisinternational.com\/wp-content\/uploads\/2025\/10\/Fingerprint-2.jpg 1456w, https:\/\/www.sisinternational.com\/wp-content\/uploads\/2025\/10\/Fingerprint-2-300x168.jpg 300w, https:\/\/www.sisinternational.com\/wp-content\/uploads\/2025\/10\/Fingerprint-2-1024x574.jpg 1024w, https:\/\/www.sisinternational.com\/wp-content\/uploads\/2025\/10\/Fingerprint-2-768x430.jpg 768w, https:\/\/www.sisinternational.com\/wp-content\/uploads\/2025\/10\/Fingerprint-2-18x10.jpg 18w\" sizes=\"auto, (max-width: 1456px) 100vw, 1456px\"><\/figure>\n\n\n\n<p><\/p>\n\n\n\n<p><\/p>\n\n\n\n<h3 class=\"wp-block-heading\">Die Verwendung digitaler Personas f\u00fcr die Marktforschung bietet unter anderem folgende Vorteile:<\/h3>\n\n\n\n<ul class=\"wp-block-list\">\n<li>Verbesserte Zielgruppenansprache: Personas helfen Ihnen, Ihre Inhalte zu fokussieren und anzupassen. Sie erm\u00f6glichen es Ihnen, Personen zu erreichen, die mit gr\u00f6\u00dferer Wahrscheinlichkeit Interesse daran zeigen.<\/li>\n\n\n\n<li>Format: Social-Media-Beitr\u00e4ge, Videos und Artikel sind beliebte Formate f\u00fcr die Inhaltserstellung. Sie geh\u00f6ren auch zu den am h\u00e4ufigsten genutzten Formaten. Digitale Personas liefern Ihnen die Daten gepaart mit der Perspektive, die Sie brauchen. Zumindest erm\u00f6glichen sie es Ihnen, unparteiische Entscheidungen dar\u00fcber zu treffen, wie Sie Ihre Markenbotschaften gestalten.<\/li>\n\n\n\n<li>Insights: Personas give insights into the topics that interest your consumers. It shows you the subjects they like and the discussions they\u2019re having. The first step is to distribute tailored content. The best places are where your audience is already active. Then you can leverage their online behaviors. Furthermore, this tactic will have the best <a href=\"https:\/\/www.sisinternational.com\/de\/how-to-conduct-effective-quantitative-market-research\/\" title=\"How to Conduct Effective Quantitative Market Research\"  data-wpil-monitor-id=\"10330\">effect on your content marketing<\/a>.<\/li>\n<\/ul>\n\n\n\n<h2 class=\"wp-block-heading\">Schl\u00fcsselfaktoren f\u00fcr den Erfolg in der Marktforschung zu digitalen Personen<\/h2>\n\n\n\n<figure class=\"gb-block-image gb-block-image-da0f05b2\"><img loading=\"lazy\" decoding=\"async\" width=\"1456\" height=\"816\" class=\"gb-image gb-image-da0f05b2\" src=\"https:\/\/www.sisinternational.com\/wp-content\/uploads\/2025\/10\/Fingerprint-3.jpg\" alt=\"SIS International Marktforschung &amp; Strategie\" title=\"Fingerprint (3)\" srcset=\"https:\/\/www.sisinternational.com\/wp-content\/uploads\/2025\/10\/Fingerprint-3.jpg 1456w, https:\/\/www.sisinternational.com\/wp-content\/uploads\/2025\/10\/Fingerprint-3-300x168.jpg 300w, https:\/\/www.sisinternational.com\/wp-content\/uploads\/2025\/10\/Fingerprint-3-1024x574.jpg 1024w, https:\/\/www.sisinternational.com\/wp-content\/uploads\/2025\/10\/Fingerprint-3-768x430.jpg 768w, https:\/\/www.sisinternational.com\/wp-content\/uploads\/2025\/10\/Fingerprint-3-18x10.jpg 18w\" sizes=\"auto, (max-width: 1456px) 100vw, 1456px\"><\/figure>\n\n\n\n<p><\/p>\n\n\n\n<h3 class=\"wp-block-heading\">Die Erstellung einer digitalen Persona ist eine anspruchsvolle Wissenschaft. Sie erfordert eine Mischung aus quantitativer und qualitativer Forschung. Hier sind einige wichtige Erfolgsfaktoren:<\/h3>\n\n\n\n<ul class=\"wp-block-list\">\n<li><a href=\"https:\/\/www.sisinternational.com\/de\/abdeckung\/europa\/marktforschung-liverpool-grosbritannien\/\" title=\"Marktforschung in Liverpool | Fokusgruppen und Datenerfassung in Gro\u00dfbritannien\"  data-wpil-monitor-id=\"10325\">Focus on relentless data collection<\/a>. Your Digital Persona will only be as effective as the customer data you enter.<\/li>\n\n\n\n<li>Say no to the herd mindset. What may work for some <a href=\"https:\/\/www.sisinternational.com\/de\/digitaler-werbemarkt\/\" title=\"Marketing und Werbung im digitalen Zeitalter\"  data-wpil-monitor-id=\"1807\">brands<\/a> may not work for others when you create Digital Personas.<\/li>\n\n\n\n<li>Tauchen Sie tief in die Schmerzpunkte der Verbraucher ein. Das Endziel jeder digitalen Persona besteht darin, die dringendsten Probleme und Schmerzpunkte des Benutzers aufzuzeigen.<\/li>\n\n\n\n<li>Remember to <a href=\"https:\/\/www.sisinternational.com\/de\/losungen\/innovation\/verhaltensokonomie-in-der-marktforschung\/\" title=\"Verhaltens\u00f6konomie in der Marktforschung\"  data-wpil-monitor-id=\"10328\">research user behavior<\/a>. <a href=\"https:\/\/www.sisinternational.com\/de\/sachverstand\/branchen\/digitale-kundenerfahrung-cx-marktforschung\/\" title=\"Marktforschung zur digitalen Kundenerfahrung (CX)\"  data-wpil-monitor-id=\"10326\">Digital Personas help marketers understand their customer\u2019s<\/a> goals. It also tells them how they end up at the brand\u2019s doorstep. All this data becomes vital when trying to build a lifelike Digital Persona.<\/li>\n\n\n\n<li>Widerstehen Sie der Versuchung, klischeehafte Personas zu verwenden. Basieren Sie Ihre Persona stattdessen auf aufschlussreichen Benutzerdaten. Sie k\u00f6nnen diese Informationen aus pers\u00f6nlichen Interviews und Exit-Umfragen zusammentragen.<\/li>\n<\/ul>\n\n\n\n<h2 class=\"wp-block-heading\">\u00dcber Digital Persona Market Research<\/h2>\n\n\n\n<p>If you measure them in dollars and cents, customers do not have equal value. So, consider gauging each Digital Persona\u2019s <a href=\"https:\/\/www.sisinternational.com\/de\/losungen\/marktforschung-zum-customer-lifetime-value\/\" title=\"Customer Lifetime Value Marktforschung\"  data-wpil-monitor-id=\"10327\">lifetime economic value<\/a>. Also, creating Digital Personas is not a set-and-forget task. Moreover, audience behavior changes over time. Thus, personas should be dynamic \u2013 and you\u2019ll even need to retire them.<\/p>\n\n\n\n<p><a href=\"https:\/\/www.sisinternational.com\/de\/kontaktieren-sie-sis-international-market-research\/\" title=\"Kontaktiere uns\"  data-wpil-monitor-id=\"10323\">SIS International Forschung<\/a> can help you explore the world of Digital Personas. We\u2019ll show you how to make it the backbone of your UX Market Research. Contact us today!<\/p>","protected":false},"excerpt":{"rendered":"<p>Eine Digital Persona ist die digitale Version der pers\u00f6nlichen Daten einer Person. Mit einer Digital Persona k\u00f6nnen Sie Ihr Produkt, Ihre Marke oder Ihr Unternehmen darstellen.<\/p>","protected":false},"author":1,"featured_media":71827,"parent":14514,"menu_order":167,"comment_status":"closed","ping_status":"closed","template":"","meta":{"footnotes":""},"class_list":["post-41443","page","type-page","status-publish","has-post-thumbnail"],"_links":{"self":[{"href":"https:\/\/www.sisinternational.com\/de\/wp-json\/wp\/v2\/pages\/41443","targetHints":{"allow":["GET"]}}],"collection":[{"href":"https:\/\/www.sisinternational.com\/de\/wp-json\/wp\/v2\/pages"}],"about":[{"href":"https:\/\/www.sisinternational.com\/de\/wp-json\/wp\/v2\/types\/page"}],"author":[{"embeddable":true,"href":"https:\/\/www.sisinternational.com\/de\/wp-json\/wp\/v2\/users\/1"}],"replies":[{"embeddable":true,"href":"https:\/\/www.sisinternational.com\/de\/wp-json\/wp\/v2\/comments?post=41443"}],"version-history":[{"count":6,"href":"https:\/\/www.sisinternational.com\/de\/wp-json\/wp\/v2\/pages\/41443\/revisions"}],"predecessor-version":[{"id":81704,"href":"https:\/\/www.sisinternational.com\/de\/wp-json\/wp\/v2\/pages\/41443\/revisions\/81704"}],"up":[{"embeddable":true,"href":"https:\/\/www.sisinternational.com\/de\/wp-json\/wp\/v2\/pages\/14514"}],"wp:featuredmedia":[{"embeddable":true,"href":"https:\/\/www.sisinternational.com\/de\/wp-json\/wp\/v2\/media\/71827"}],"wp:attachment":[{"href":"https:\/\/www.sisinternational.com\/de\/wp-json\/wp\/v2\/media?parent=41443"}],"curies":[{"name":"wp","href":"https:\/\/api.w.org\/{rel}","templated":true}]}}