{"id":41440,"date":"2023-02-11T23:32:55","date_gmt":"2023-02-11T23:32:55","guid":{"rendered":"https:\/\/www.sisinternational.com\/?page_id=41440"},"modified":"2026-01-24T21:25:11","modified_gmt":"2026-01-25T02:25:11","slug":"datenerhebung-marktforschung","status":"publish","type":"page","link":"https:\/\/www.sisinternational.com\/de\/sachverstand\/datenerhebung-marktforschung\/","title":{"rendered":"Datenerhebung Marktforschung"},"content":{"rendered":"<h1 class=\"wp-block-heading p1\"><span class=\"s1\">Datenerhebung Marktforschung<\/span><\/h1>\n\n\n\n<figure class=\"gb-block-image gb-block-image-a3e8d8dd\"><img loading=\"lazy\" decoding=\"async\" width=\"1456\" height=\"816\" class=\"gb-image gb-image-a3e8d8dd\" src=\"https:\/\/www.sisinternational.com\/wp-content\/uploads\/2025\/08\/Data-40.jpg\" alt=\"SIS International Marktforschung &amp; Strategie\" title=\"Data (40)\" srcset=\"https:\/\/www.sisinternational.com\/wp-content\/uploads\/2025\/08\/Data-40.jpg 1456w, https:\/\/www.sisinternational.com\/wp-content\/uploads\/2025\/08\/Data-40-300x168.jpg 300w, https:\/\/www.sisinternational.com\/wp-content\/uploads\/2025\/08\/Data-40-1024x574.jpg 1024w, https:\/\/www.sisinternational.com\/wp-content\/uploads\/2025\/08\/Data-40-768x430.jpg 768w, https:\/\/www.sisinternational.com\/wp-content\/uploads\/2025\/08\/Data-40-18x10.jpg 18w\" sizes=\"auto, (max-width: 1456px) 100vw, 1456px\"><\/figure>\n\n\n\n<p><\/p>\n\n\n\n<h2 class=\"wp-block-heading p3\">Was ist Datenerfassung?<\/h2>\n\n\n\n<p class=\"p4\">Bei der Datenerfassung geht es darum, einen Vorrat an korrekten Fakten und Zahlen \u00fcber Ihr Unternehmen aufzubauen. Diese Informationen stammen aus verschiedenen Quellen, um Antworten auf Forschungsprobleme und Trends zu finden. Au\u00dferdem werden wahrscheinliche Ereignisse untersucht, um m\u00f6gliche Ergebnisse zu testen.<\/p>\n\n\n\n<p class=\"p4\">Daten sind Informationen in digitaler Form, zumindest wie sie in der IT definiert sind. Informationen sind Wissen, und Wissen ist Macht. Daher sind Daten Macht. Unsere Gesellschaft ist vor allem auf Daten angewiesen. Vor diesem Hintergrund ben\u00f6tigen wir die Datenerfassung, um fundierte Entscheidungen treffen zu k\u00f6nnen. Sie gew\u00e4hrleistet auch die Integrit\u00e4t der Forschung.<\/p>\n\n\n\n<p class=\"p4\">Given these points, companies must structure the Data Collection in such a way that they can test hypotheses. They must also be able to answer stated research questions and assess outcomes. Of course, accurate Data Collection is vital. The field of study doesn\u2019t matter. Nor does it matter whether you prefer Quantitative or Qualitative Market Research. Proper <a href=\"https:\/\/www.sisinternational.com\/de\/losungen\/ai-marktforschung-und-strategieberatung\/datenwissenschaft-ki-marktforschung\/\" title=\"Data Science KI-Marktforschung\"  data-wpil-monitor-id=\"2411\">Datensammlung<\/a> will help you maintain the integrity of your research.<\/p>\n\n\n\n<h2 class=\"wp-block-heading p3\">Warum ist die Datenerfassung wichtig?<\/h2>\n\n\n\n<p class=\"p4\">Durch Datenerfassung k\u00f6nnen Sie die Bed\u00fcrfnisse Ihrer Kunden besser verstehen und Ihre Dienstleistungen verbessern. Sie k\u00f6nnen sie nutzen, um Ihren Kundenstamm zu vergr\u00f6\u00dfern und zu halten und Ihre Strategie zu verfeinern. Sie k\u00f6nnen sie sogar als Zweitanbieterdaten gewinnbringend an andere Unternehmen verkaufen. So kann die Datenerfassung Ihrem Unternehmen von Nutzen sein:<\/p>\n\n\n\n<ul class=\"wp-block-list\">\n<li><span class=\"s3\">Neue Kunden gewinnen<\/span><\/li>\n\n\n\n<li><span class=\"s3\">Optimieren Sie Ihre Technik zur Neukundengewinnung<\/span><\/li>\n\n\n\n<li><span class=\"s3\">Verbraucherverhalten verstehen<\/span><\/li>\n\n\n\n<li><span class=\"s3\">Steigerung der Kundenbindung<\/span><\/li>\n\n\n\n<li><span class=\"s3\">L\u00f6sungen f\u00fcr Probleme finden<\/span><\/li>\n\n\n\n<li><span class=\"s3\">Fehler reduzieren<\/span><\/li>\n\n\n\n<li><span class=\"s3\">Verbesserung der Entscheidungsfindung<\/span><\/li>\n\n\n\n<li><span class=\"s3\">Die richtigen Antworten auf Forschungsfragen finden<\/span><\/li>\n\n\n\n<li><span class=\"s3\">Markttrends vorhersagen<\/span><\/li>\n\n\n\n<li><span class=\"s3\">Steigerung der Marketingbem\u00fchungen<\/span><\/li>\n\n\n\n<li><span class=\"s3\">Verbesserung der Gesch\u00e4ftsprozesse<\/span><\/li>\n\n\n\n<li><span class=\"s3\">Das Leben der Menschen verbessern<\/span><\/li>\n\n\n\n<li><span class=\"s3\">Proving and repeating <a href=\"https:\/\/www.sisinternational.com\/de\/abdeckung\/marktforschung-afrika\/marktforschung-in-namibia\/\" title=\"Marktforschung in Namibia\"  data-wpil-monitor-id=\"3417\">Marktgr\u00f6\u00dfenforschung<\/a> studies<\/span><\/li>\n\n\n\n<li><span class=\"s3\">Gehen Sie strategisch vor<\/span><\/li>\n\n\n\n<li><span class=\"s3\">Auf Ressourcen zugreifen<\/span><\/li>\n\n\n\n<li><span class=\"s3\">Den \u00dcberblick behalten\u00a0<\/span><\/li>\n\n\n\n<li><span class=\"s3\">Machen Sie das Beste aus Ihrem Geld<\/span><\/li>\n<\/ul>\n\n\n\n<h2 class=\"wp-block-heading p3\">Wichtige Berufsbezeichnungen<\/h2>\n\n\n\n<figure class=\"gb-block-image gb-block-image-04a1e4bc\"><img loading=\"lazy\" decoding=\"async\" width=\"1456\" height=\"816\" class=\"gb-image gb-image-04a1e4bc\" src=\"https:\/\/www.sisinternational.com\/wp-content\/uploads\/2025\/08\/Data-9.jpg\" alt=\"SIS International Marktforschung &amp; Strategie\" title=\"Data (9)\" srcset=\"https:\/\/www.sisinternational.com\/wp-content\/uploads\/2025\/08\/Data-9.jpg 1456w, https:\/\/www.sisinternational.com\/wp-content\/uploads\/2025\/08\/Data-9-300x168.jpg 300w, https:\/\/www.sisinternational.com\/wp-content\/uploads\/2025\/08\/Data-9-1024x574.jpg 1024w, https:\/\/www.sisinternational.com\/wp-content\/uploads\/2025\/08\/Data-9-768x430.jpg 768w, https:\/\/www.sisinternational.com\/wp-content\/uploads\/2025\/08\/Data-9-18x10.jpg 18w\" sizes=\"auto, (max-width: 1456px) 100vw, 1456px\"><\/figure>\n\n\n\n<p><\/p>\n\n\n\n<h3 class=\"wp-block-heading p4\">Die Datenerfassung geh\u00f6rt zum Bereich der Datenwissenschaft. Zu den wichtigsten Berufsbezeichnungen geh\u00f6ren:<\/h3>\n\n\n\n<ul class=\"wp-block-list\">\n<li>Daten Analyst<\/li>\n\n\n\n<li>Datenwissenschaftler<\/li>\n\n\n\n<li>Datenarchitekt<\/li>\n\n\n\n<li>Dateningenieur<\/li>\n\n\n\n<li>Daten-Geschichtenerz\u00e4hler<\/li>\n\n\n\n<li>Ingenieur f\u00fcr maschinelles Lernen<\/li>\n\n\n\n<li>Wissenschaftler f\u00fcr maschinelles Lernen<\/li>\n\n\n\n<li>Datenbankadministrator<\/li>\n<\/ul>\n\n\n\n<h2 class=\"wp-block-heading p3\">Warum Unternehmen Datenerfassung ben\u00f6tigen<\/h2>\n\n\n\n<p class=\"p4\">Unternehmen betreiben t\u00e4glich gro\u00dfe Mengen quantitativer Marktforschung. Sie betreiben auch qualitative Marktforschung. Anschlie\u00dfend speichern und analysieren sie diese Daten \u00fcber ihre Verbraucherbasis. Die Datenerfassung erm\u00f6glicht es ihnen, gezielte Anzeigen zu erstellen. Solche Anzeigen sind f\u00fcr den Verkauf ihrer Produkte und Dienstleistungen von entscheidender Bedeutung. Es gibt mehrere andere M\u00f6glichkeiten, wie Unternehmen die von ihnen gesammelten Verbraucherdaten verwenden. Sie k\u00f6nnen auch die Erkenntnisse nutzen, die sie aus diesen Daten gewinnen:<\/p>\n\n\n\n<p>1. F\u00fcr UX-Marktforschung. Verbraucherdaten bieten eine M\u00f6glichkeit, Kundenbed\u00fcrfnisse besser zu verstehen und das Engagement zu steigern.<\/p>\n\n\n\n<p>2. Um die Marketingstrategie zu verfeinern. Daten helfen Unternehmen, ihre Verbraucher zu verstehen. Sie k\u00f6nnen sehen, wie Verbraucher mit ihren Werbekampagnen interagieren und darauf reagieren. Auf diese Weise k\u00f6nnen sie diese Kampagnen entsprechend anpassen.<\/p>\n\n\n\n<p>3. Um mehr Daten zu sichern: Manche Unternehmen nutzen die Daten, die sie bereits haben, um noch mehr vertrauliche Informationen zu sammeln. Banken verwenden beispielsweise manchmal Spracherkennungsdaten, um Benutzern den Zugriff auf ihre Informationen zu erm\u00f6glichen. Spracherkennung kann sie auch vor Betrug sch\u00fctzen.<\/p>\n\n\n\n<h2 class=\"wp-block-heading p3\">Schl\u00fcsselfaktoren f\u00fcr den Erfolg<\/h2>\n\n\n\n<figure class=\"gb-block-image gb-block-image-1759d287\"><img loading=\"lazy\" decoding=\"async\" width=\"1456\" height=\"816\" class=\"gb-image gb-image-1759d287\" src=\"https:\/\/www.sisinternational.com\/wp-content\/uploads\/2025\/08\/Data-39.jpg\" alt=\"SIS International Marktforschung &amp; Strategie\" title=\"Data (39)\" srcset=\"https:\/\/www.sisinternational.com\/wp-content\/uploads\/2025\/08\/Data-39.jpg 1456w, https:\/\/www.sisinternational.com\/wp-content\/uploads\/2025\/08\/Data-39-300x168.jpg 300w, https:\/\/www.sisinternational.com\/wp-content\/uploads\/2025\/08\/Data-39-1024x574.jpg 1024w, https:\/\/www.sisinternational.com\/wp-content\/uploads\/2025\/08\/Data-39-768x430.jpg 768w, https:\/\/www.sisinternational.com\/wp-content\/uploads\/2025\/08\/Data-39-18x10.jpg 18w\" sizes=\"auto, (max-width: 1456px) 100vw, 1456px\"><\/figure>\n\n\n\n<p><\/p>\n\n\n\n<p class=\"p4\">In effect, choosing proper data sources is a key success factor in Data Collection. So is finding the correct analytical model. The other success factor is receiving good results. The company must then learn to use these success factors to ensure a positive end-user experience. In the same fashion, you must know how to apply the results of your Data Collection project. It\u2019s helpful in boosting your workflow. Even the most advanced and expensive system would be useless without this knowledge. <a href=\"https:\/\/www.sisinternational.com\/de\/sachverstand\/branchen\/trainingsdaten-marktforschung\/\" title=\"Marktforschung zu Trainingsdaten\"  data-wpil-monitor-id=\"3427\">Datensammlung<\/a> should also increase brand awareness or market impact. And, of course, it should secure the bottom line. It should also ensure a lasting positive customer experience. Consumers must be able to engage with the product or service your business delivers.<\/p>\n\n\n\n<h2 class=\"wp-block-heading p3\">\u00dcber Data Collection Market Research<\/h2>\n\n\n\n<p class=\"p4\">Die beste Datenerfassung basiert auf mehreren Tools und Kan\u00e4len, anstatt sich nur auf ein oder zwei zu konzentrieren. Es ist keine gute Idee, sich nur auf digitale Kan\u00e4le wie Online-Umfragen und soziale Medien zu konzentrieren. Wenn Sie das tun, werden Ihre Antworten m\u00f6glicherweise eher j\u00fcngere Menschen ansprechen. Fokusgruppen und pers\u00f6nliche Interviews helfen dabei, ein breiteres Spektrum an Altersgruppen anzusprechen. Sie spiegeln Ihren Markt und seine Ansichten genauer wider.<\/p>\n\n\n\n<p class=\"p6\">Bei SIS International Research k\u00f6nnen wir Ihnen dabei helfen, Ihre Datensammlung zu optimieren. Wir sind der Ausgangspunkt f\u00fcr effektive, fundierte Marktforschung. Kontaktieren Sie uns, um mehr dar\u00fcber zu erfahren, wie wir Ihnen dabei helfen k\u00f6nnen.<\/p>","protected":false},"excerpt":{"rendered":"<p>Durch Datenerfassung wird ein Vorrat an korrekten Fakten und Zahlen aufgebaut. SIS kann Ihnen mit Marktforschung zur Datenerfassung dabei helfen, Ihr Unternehmen zu optimieren.<\/p>","protected":false},"author":1,"featured_media":64378,"parent":14514,"menu_order":166,"comment_status":"closed","ping_status":"closed","template":"","meta":{"footnotes":""},"class_list":["post-41440","page","type-page","status-publish","has-post-thumbnail"],"_links":{"self":[{"href":"https:\/\/www.sisinternational.com\/de\/wp-json\/wp\/v2\/pages\/41440","targetHints":{"allow":["GET"]}}],"collection":[{"href":"https:\/\/www.sisinternational.com\/de\/wp-json\/wp\/v2\/pages"}],"about":[{"href":"https:\/\/www.sisinternational.com\/de\/wp-json\/wp\/v2\/types\/page"}],"author":[{"embeddable":true,"href":"https:\/\/www.sisinternational.com\/de\/wp-json\/wp\/v2\/users\/1"}],"replies":[{"embeddable":true,"href":"https:\/\/www.sisinternational.com\/de\/wp-json\/wp\/v2\/comments?post=41440"}],"version-history":[{"count":8,"href":"https:\/\/www.sisinternational.com\/de\/wp-json\/wp\/v2\/pages\/41440\/revisions"}],"predecessor-version":[{"id":77653,"href":"https:\/\/www.sisinternational.com\/de\/wp-json\/wp\/v2\/pages\/41440\/revisions\/77653"}],"up":[{"embeddable":true,"href":"https:\/\/www.sisinternational.com\/de\/wp-json\/wp\/v2\/pages\/14514"}],"wp:featuredmedia":[{"embeddable":true,"href":"https:\/\/www.sisinternational.com\/de\/wp-json\/wp\/v2\/media\/64378"}],"wp:attachment":[{"href":"https:\/\/www.sisinternational.com\/de\/wp-json\/wp\/v2\/media?parent=41440"}],"curies":[{"name":"wp","href":"https:\/\/api.w.org\/{rel}","templated":true}]}}