{"id":41429,"date":"2023-02-11T22:51:29","date_gmt":"2023-02-11T22:51:29","guid":{"rendered":"https:\/\/www.sisinternational.com\/?page_id=41429"},"modified":"2026-01-25T18:30:50","modified_gmt":"2026-01-25T23:30:50","slug":"bauxit-marktforschung","status":"publish","type":"page","link":"https:\/\/www.sisinternational.com\/de\/sachverstand\/bauxit-marktforschung\/","title":{"rendered":"Bauxit-Marktforschung"},"content":{"rendered":"<h1 class=\"wp-block-heading\">Bauxit-Marktforschung<\/h1>\n\n\n\n<figure class=\"gb-block-image gb-block-image-9131da4a\"><img loading=\"lazy\" decoding=\"async\" width=\"1456\" height=\"816\" class=\"gb-image gb-image-9131da4a\" src=\"https:\/\/www.sisinternational.com\/wp-content\/uploads\/2025\/08\/Bauxite-3.jpg\" alt=\"SIS International Marktforschung &amp; Strategie\" title=\"Bauxite (3)\" srcset=\"https:\/\/www.sisinternational.com\/wp-content\/uploads\/2025\/08\/Bauxite-3.jpg 1456w, https:\/\/www.sisinternational.com\/wp-content\/uploads\/2025\/08\/Bauxite-3-300x168.jpg 300w, https:\/\/www.sisinternational.com\/wp-content\/uploads\/2025\/08\/Bauxite-3-1024x574.jpg 1024w, https:\/\/www.sisinternational.com\/wp-content\/uploads\/2025\/08\/Bauxite-3-768x430.jpg 768w, https:\/\/www.sisinternational.com\/wp-content\/uploads\/2025\/08\/Bauxite-3-18x10.jpg 18w\" sizes=\"auto, (max-width: 1456px) 100vw, 1456px\"><\/figure>\n\n\n\n<p><\/p>\n\n\n\n<h2 class=\"wp-block-heading\">Die Marktaussichten f\u00fcr Bauxit<\/h2>\n\n\n\n<p>Bauxit ist ein wertvolles Material, das in vielen Alltagsaktivit\u00e4ten auf der ganzen Welt zum Einsatz kommt. Sein Nutzen liegt in seiner direkten Verbindung zur Aluminiumproduktion. Da Bauxit der wichtigste Rohstoff f\u00fcr die Aluminiumproduktion ist, sind die beiden eng miteinander verbunden. Ohne Bauxit gibt es kein Aluminium. Daher gehen die Marktaussichten f\u00fcr Bauxit Hand in Hand mit den Marktaussichten f\u00fcr Aluminium, und jede relevante Forschung muss dies ber\u00fccksichtigen.<\/p>\n\n\n\n<p>Aluminum is used to produce widely used goods such as refrigerators, air conditioners and kitchen and cooking utensils. At the same time, aluminum is a key material for the aerospace <a href=\"https:\/\/www.sisinternational.com\/de\/industry-forecast\/construction-industry-forecast\/\" title=\"Construction Industry Forecast\"  data-wpil-monitor-id=\"10431\">industry and construction<\/a> projects, as aircraft components and window frames are made of aluminum. So bauxite will always be in demand, as it&#8217;s a prerequisite for the existence and development of key components of the modern world.<\/p>\n\n\n\n<h2 class=\"wp-block-heading\">Der globale Bauxitmarkt<\/h2>\n\n\n\n<h3 class=\"wp-block-heading\">Bauxit ist ein Gestein mit einzigartigen Eigenschaften. Es kommt nur in wenigen L\u00e4ndern vor, was die Lieferm\u00f6glichkeiten begrenzt. Die wichtigsten Bauxit produzierenden L\u00e4nder sind:<\/h3>\n\n\n\n<ul class=\"wp-block-list\">\n<li>Australien<\/li>\n\n\n\n<li>Guinea<\/li>\n\n\n\n<li>China<\/li>\n\n\n\n<li>Brasilien<\/li>\n\n\n\n<li>Indonesien<\/li>\n\n\n\n<li>Indien<\/li>\n<\/ul>\n\n\n\n<p>Interessant ist, dass L\u00e4nder wie Jamaika und Vietnam \u00fcber gro\u00dfe Bauxitreserven verf\u00fcgen.<\/p>\n\n\n\n<h2 class=\"wp-block-heading\">Warum die Marktforschung zu Bauxit wichtig ist<\/h2>\n\n\n\n<figure class=\"gb-block-image gb-block-image-cb3a6913\"><img loading=\"lazy\" decoding=\"async\" width=\"1456\" height=\"816\" class=\"gb-image gb-image-cb3a6913\" src=\"https:\/\/www.sisinternational.com\/wp-content\/uploads\/2025\/08\/Bauxite-2.jpg\" alt=\"SIS International Marktforschung &amp; Strategie\" title=\"Bauxite (2)\" srcset=\"https:\/\/www.sisinternational.com\/wp-content\/uploads\/2025\/08\/Bauxite-2.jpg 1456w, https:\/\/www.sisinternational.com\/wp-content\/uploads\/2025\/08\/Bauxite-2-300x168.jpg 300w, https:\/\/www.sisinternational.com\/wp-content\/uploads\/2025\/08\/Bauxite-2-1024x574.jpg 1024w, https:\/\/www.sisinternational.com\/wp-content\/uploads\/2025\/08\/Bauxite-2-768x430.jpg 768w, https:\/\/www.sisinternational.com\/wp-content\/uploads\/2025\/08\/Bauxite-2-18x10.jpg 18w\" sizes=\"auto, (max-width: 1456px) 100vw, 1456px\"><\/figure>\n\n\n\n<p><\/p>\n\n\n\n<p>The last point is very important as part of the overall picture of the need for <a href=\"https:\/\/www.sisinternational.com\/de\/sachverstand\/branchen\/point-sale-marktforschung\/\" title=\"Point of Sale-Marktforschung\"  data-wpil-monitor-id=\"4923\">Bauxit-Marktforschung<\/a>. Predictive models suggest that bauxite reserves will be depleted in the early decades of the next century, as they are not infinite. While such forecasts are a long-term concern, there is another aspect that is more pressing: The environmental concerns associated with bauxite production. Its extraction harms local flora and fauna, resulting in environmental degradation.<\/p>\n\n\n\n<p>Infolgedessen muss die Bauxitmarktforschung sowohl kurzfristige als auch langfristige Herausforderungen ber\u00fccksichtigen. Andererseits ist die wirtschaftliche Bedeutung der Bauxitproduktion enorm. Faktoren wie Bergbau und Raffination, Besch\u00e4ftigung und Bildung sowie Nachhaltigkeitsfragen sind f\u00fcr das reibungslose Funktionieren wichtiger Komponenten der gegenw\u00e4rtigen und zuk\u00fcnftigen Welt von entscheidender Bedeutung. Bereiche wie Transport, Architektur und Materialwirtschaft sind von einer ausreichenden Versorgung mit Bauxit abh\u00e4ngig.<\/p>\n\n\n\n<h2 class=\"wp-block-heading\">Schl\u00fcsselberufe<\/h2>\n\n\n\n<h3 class=\"wp-block-heading\">Mit der Bauxitindustrie sind mehrere Schl\u00fcsselberufe verbunden:<\/h3>\n\n\n\n<ul class=\"wp-block-list\">\n<li>Projektleiter<\/li>\n\n\n\n<li>Bohrbetriebsleiter<\/li>\n\n\n\n<li>Minenbetreiber<\/li>\n\n\n\n<li>Laborspezialisten<\/li>\n\n\n\n<li><a href=\"https:\/\/www.sisinternational.com\/de\/losungen\/ai-marktforschung-und-strategieberatung\/personalwesen-talentmanagement-automatisierung-kunstliche-intelligenz-beratung\/\" title=\"Automatisierung des Personal- und Talentmanagements und KI-Beratung\"  data-wpil-monitor-id=\"10429\">Personalmanager<\/a><\/li>\n\n\n\n<li>Mitarbeiter des Rettungsdienstes<\/li>\n\n\n\n<li>Elektroingenieure<\/li>\n\n\n\n<li>Bergbauingenieure<\/li>\n\n\n\n<li>Wissenschaftler f\u00fcr Umweltvertr\u00e4glichkeit<\/li>\n<\/ul>\n\n\n\n<p>Another key aspect of the bauxite labor <a href=\"https:\/\/www.sisinternational.com\/de\/sachverstand\/branchen\/solvente-marktforschung\/\" title=\"L\u00f6sungsmittel-Marktforschung\"  data-wpil-monitor-id=\"3432\">market is the prominent role of Research<\/a> and Development (R &amp; D) due to the challenging nature of bauxite mining.<\/p>\n\n\n\n<h2 class=\"wp-block-heading\">Zuk\u00fcnftige Herausforderungen des Bauxitmarktes<\/h2>\n\n\n\n<p>Bauxite is a high-value material in today&#8217;s world. The future challenges of the industry as a whole are a priority for both the political establishment and the business community. With the bauxite industry generating billions of dollars in annual revenues, the motivation for all parties involved is extremely high. There are three main <a href=\"https:\/\/www.sisinternational.com\/de\/veroffentlichungen\/uberkritische-losungen-globale-energiezukunft\/\" title=\"Globale Energiemarktforschung: \u00dcberkritische L\u00f6sungen f\u00fcr unsere Energiezukunft\"  data-wpil-monitor-id=\"10432\">future challenges for the bauxite market<\/a>:<\/p>\n\n\n\n<ul class=\"wp-block-list\">\n<li>Sein Nachhaltigkeitsgrad<\/li>\n\n\n\n<li>Seine Auswirkungen auf die Umwelt<\/li>\n\n\n\n<li>Der Einsatz alternativer Materialien<\/li>\n<\/ul>\n\n\n\n<h2 class=\"wp-block-heading\">Die Nachhaltigkeit von Bauxit<\/h2>\n\n\n\n<p>Die Nachhaltigkeit der Bauxitproduktion ist von entscheidender Bedeutung. Da Aluminium ohne Bauxit nicht produziert werden kann, ist es zu einem der wichtigsten Mineralien des 20. Jahrhunderts geworden. Die \u00dcberlebensf\u00e4higkeit des Sektors im 21. Jahrhundert ist jedoch eine gro\u00dfe Herausforderung. Nicht nur, weil die Bauxitvorr\u00e4te, wie oben erw\u00e4hnt, unweigerlich zur Neige gehen werden, sondern auch aufgrund der derzeitigen globalen sozio\u00f6konomischen und politischen Instabilit\u00e4t. Der j\u00fcngste Putsch in Guinea, dem zweitgr\u00f6\u00dften Bauxitproduzenten der Welt, und die daraus resultierenden Fragen zur Zukunft des Bergbausektors des Landes sind ein eindrucksvolles Beispiel daf\u00fcr.<\/p>\n\n\n\n<h2 class=\"wp-block-heading\">Die Umweltauswirkungen von Bauxit<\/h2>\n\n\n\n<figure class=\"gb-block-image gb-block-image-71559b8d\"><img loading=\"lazy\" decoding=\"async\" width=\"1456\" height=\"816\" class=\"gb-image gb-image-71559b8d\" src=\"https:\/\/www.sisinternational.com\/wp-content\/uploads\/2025\/08\/Bauxite-1.jpg\" alt=\"SIS International Marktforschung &amp; Strategie\" title=\"Bauxite (1)\" srcset=\"https:\/\/www.sisinternational.com\/wp-content\/uploads\/2025\/08\/Bauxite-1.jpg 1456w, https:\/\/www.sisinternational.com\/wp-content\/uploads\/2025\/08\/Bauxite-1-300x168.jpg 300w, https:\/\/www.sisinternational.com\/wp-content\/uploads\/2025\/08\/Bauxite-1-1024x574.jpg 1024w, https:\/\/www.sisinternational.com\/wp-content\/uploads\/2025\/08\/Bauxite-1-768x430.jpg 768w, https:\/\/www.sisinternational.com\/wp-content\/uploads\/2025\/08\/Bauxite-1-18x10.jpg 18w\" sizes=\"auto, (max-width: 1456px) 100vw, 1456px\"><\/figure>\n\n\n\n<p><\/p>\n\n\n\n<p>Das Umweltproblem im Zusammenhang mit dem Bauxitabbau ist in der Tat ein zentrales Problem. Der Abbauprozess hinterl\u00e4sst einen enormen \u00f6kologischen Fu\u00dfabdruck. Er kann auch die Gesundheit und Lebensqualit\u00e4t der B\u00fcrger in den Bauxit produzierenden L\u00e4ndern beeintr\u00e4chtigen. Ein weiterer entscheidender Parameter ist, dass die meisten dieser L\u00e4nder zu den Entwicklungsl\u00e4ndern geh\u00f6ren. Diese Tatsache gibt logischerweise Anlass zur Sorge \u00fcber die unvorhersehbaren sozialen und wirtschaftlichen Auswirkungen, die sich aus m\u00f6glichen Unruhen in diesen L\u00e4ndern ergeben k\u00f6nnten.<\/p>\n\n\n\n<h2 class=\"wp-block-heading\">M\u00f6gliche Alternativen zu Aluminium<\/h2>\n\n\n\n<p>Obwohl das Risiko einer dramatischen Verknappung von Bauxit derzeit eher gering ist, ist die Diskussion \u00fcber den Einsatz alternativer Materialien zu Aluminium bereits er\u00f6ffnet. Da Aluminium im Bauxitgestein enthalten ist und ohne es nicht hergestellt werden kann, stellt sich die Frage, welche Alternativen es gibt. Glasfaser, Titan und Magnesium sind die Materialien, die derzeit in Betracht gezogen werden.<\/p>\n\n\n\n<p><a href=\"https:\/\/www.sisinternational.com\/de\/sis-stellt-plattform-fur-datenwissenschaft-und-quantitative-analyse-vor\/\" title=\"SIS stellt Plattform f\u00fcr Data Science und quantitative Analytik vor\"  data-wpil-monitor-id=\"10427\">SIS International offers Quantitative<\/a>, Qualitative, and Strategy Research. We provide data, tools, strategies, reports and insights for decision-making. We conduct interviews, surveys, <a href=\"https:\/\/www.sisinternational.com\/de\/losungen\/fokusgruppen-marktforschung\/\" title=\"Fokusgruppe Marktforschung\"  data-wpil-monitor-id=\"10428\">focus groups and many other Market Research<\/a> methods and approaches. Contact us for your <a href=\"https:\/\/www.sisinternational.com\/de\/sachverstand\/branchen\/marktforschung-zu-technologien-der-nachsten-generation\/\" title=\"Marktforschung zu Technologien der n\u00e4chsten Generation\"  data-wpil-monitor-id=\"10430\">next Market Research<\/a> Projekt.<\/p>\n\n\n\n<p><\/p>\n\n\n\n<p><\/p>","protected":false},"excerpt":{"rendered":"<p>Bauxit ist ein weltweit begrenztes und wertvolles Material. Es besteht ein gro\u00dfer Bedarf an Bauxit-Marktforschung.<\/p>","protected":false},"author":1,"featured_media":64744,"parent":14514,"menu_order":164,"comment_status":"closed","ping_status":"closed","template":"","meta":{"footnotes":""},"class_list":["post-41429","page","type-page","status-publish","has-post-thumbnail"],"_links":{"self":[{"href":"https:\/\/www.sisinternational.com\/de\/wp-json\/wp\/v2\/pages\/41429","targetHints":{"allow":["GET"]}}],"collection":[{"href":"https:\/\/www.sisinternational.com\/de\/wp-json\/wp\/v2\/pages"}],"about":[{"href":"https:\/\/www.sisinternational.com\/de\/wp-json\/wp\/v2\/types\/page"}],"author":[{"embeddable":true,"href":"https:\/\/www.sisinternational.com\/de\/wp-json\/wp\/v2\/users\/1"}],"replies":[{"embeddable":true,"href":"https:\/\/www.sisinternational.com\/de\/wp-json\/wp\/v2\/comments?post=41429"}],"version-history":[{"count":6,"href":"https:\/\/www.sisinternational.com\/de\/wp-json\/wp\/v2\/pages\/41429\/revisions"}],"predecessor-version":[{"id":81717,"href":"https:\/\/www.sisinternational.com\/de\/wp-json\/wp\/v2\/pages\/41429\/revisions\/81717"}],"up":[{"embeddable":true,"href":"https:\/\/www.sisinternational.com\/de\/wp-json\/wp\/v2\/pages\/14514"}],"wp:featuredmedia":[{"embeddable":true,"href":"https:\/\/www.sisinternational.com\/de\/wp-json\/wp\/v2\/media\/64744"}],"wp:attachment":[{"href":"https:\/\/www.sisinternational.com\/de\/wp-json\/wp\/v2\/media?parent=41429"}],"curies":[{"name":"wp","href":"https:\/\/api.w.org\/{rel}","templated":true}]}}